{"id":17130,"date":"2023-04-18T14:11:02","date_gmt":"2023-04-18T14:11:02","guid":{"rendered":"https:\/\/likeink.se\/produkt\/flash-scorpion-by-oliver-brechensbauer\/"},"modified":"2026-04-27T12:45:39","modified_gmt":"2026-04-27T12:45:39","slug":"flash-scorpion-by-oliver-brechensbauer","status":"publish","type":"product","link":"https:\/\/likeink.com\/fi\/siirtotatuoinnit\/flash-scorpion-by-oliver-brechensbauer\/","title":{"rendered":"Flash &#8220;Scorpion&#8221; by Oliver Brechensbauer at Zoi Tattoo"},"content":{"rendered":"","protected":false},"excerpt":{"rendered":"<p>Like Inkin valmiit arkit v\u00e4liaikaisilla tatuoinneilla ovat noin 20&#215;14 cm kokoisia ja sis\u00e4lt\u00e4v\u00e4t kuvassa n\u00e4kyv\u00e4t designit. Painamme ja l\u00e4het\u00e4mme arkkisi n\u00e4ill\u00e4 tyylikk\u00e4ill\u00e4 tatuoinneilla 24 tunnin sis\u00e4ll\u00e4 tilauksestasi. Tatuoinnit n\u00e4ytt\u00e4v\u00e4t hyv\u00e4lt\u00e4, ovat korkealaatuisia ja helppoja kiinnitt\u00e4\u00e4 ja pest\u00e4 pois. Like Ink noudattaa kaikkia EU:n kosmetiikkalakeja, joten voit tilata v\u00e4liaikaisia tatuointeja meilt\u00e4 turvallisin mielin.<\/p>\n<h2>Tilaa v\u00e4liaikaisia tatuointeja, joissa on old school -aiheita, suunnitellut tatuointitaiteilija Oliver Brechensbauer<\/h2>\n<p>T\u00e4m\u00e4 arkki on suunniteltu tatuointitaiteilija Oliver Brechensbauerin toimesta, joka on yst\u00e4v\u00e4llinen ja lahjakas tatuoija Malm\u00f6st\u00e4 Zoi Tattoo studiosta. Olemme todella iloisia voidessamme tarjota flash arkkeja t\u00e4lt\u00e4 huipputyylikk\u00e4\u00e4lt\u00e4 tatuointitaiteilijalta.<\/p>\n<p><strong>Ota yhteytt\u00e4 Oliveriin:<\/strong><\/p>\n<p><strong>Instagram:<\/strong><\/p>\n<p>@bbauer_tattooing<\/p>\n<p><strong>Studio:<\/strong><\/p>\n<p>Zoi Tattoo<\/p>\n<p><strong>Osoite:<\/strong><\/p>\n<p>Sora Nygatan 42, Malm\u00f6<\/p>\n","protected":false},"featured_media":16665,"template":"","meta":[],"product_brand":[],"product_cat":[520,507,51,501],"product_tag":[],"class_list":{"0":"post-17130","1":"product","2":"type-product","3":"status-publish","4":"has-post-thumbnail","6":"product_cat-elaimet-luonto","7":"product_cat-old-school-retro-fi","8":"product_cat-valmiit-arkit","9":"product_cat-yhteistyot-tatuoijien-kanssa","11":"first","12":"instock","13":"taxable","14":"shipping-taxable","15":"purchasable","16":"product-type-simple"},"yoast_head":"<!-- This site is optimized with the Yoast SEO Premium plugin v26.2 (Yoast SEO v27.5) - https:\/\/yoast.com\/product\/yoast-seo-premium-wordpress\/ -->\n<title>Skorpioni tatuointi flash Oliverilta Zoi Tattoo - Like ink<\/title>\n<meta name=\"description\" content=\"Skorpioni tatuointi Suunnittelu: Oliver Brechensbauer. Tilaa arkki oikeilla feikkitatuoinneilla! Helppok\u00e4ytt\u00f6inen ja nopea toimitus! - Like ink\" \/>\n<meta name=\"robots\" content=\"index, follow, max-snippet:-1, max-image-preview:large, max-video-preview:-1\" \/>\n<link rel=\"canonical\" href=\"https:\/\/likeink.com\/fi\/siirtotatuoinnit\/flash-scorpion-by-oliver-brechensbauer\/\" \/>\n<meta property=\"og:locale\" content=\"fi_FI\" \/>\n<meta property=\"og:type\" content=\"article\" \/>\n<meta property=\"og:title\" content=\"Flash &quot;Scorpion&quot; by Oliver Brechensbauer at Zoi Tattoo\" \/>\n<meta property=\"og:description\" content=\"Like Inkin valmiit arkit v\u00e4liaikaisilla tatuoinneilla ovat noin 20x14 cm kokoisia ja sis\u00e4lt\u00e4v\u00e4t kuvassa n\u00e4kyv\u00e4t designit. Painamme ja l\u00e4het\u00e4mme arkkisi n\u00e4ill\u00e4 tyylikk\u00e4ill\u00e4 tatuoinneilla 24 tunnin sis\u00e4ll\u00e4 tilauksestasi. Tatuoinnit n\u00e4ytt\u00e4v\u00e4t hyv\u00e4lt\u00e4, ovat korkealaatuisia ja helppoja kiinnitt\u00e4\u00e4 ja pest\u00e4 pois. Like Ink noudattaa kaikkia EU:n kosmetiikkalakeja, joten voit tilata v\u00e4liaikaisia tatuointeja meilt\u00e4 turvallisin mielin. Tilaa v\u00e4liaikaisia tatuointeja, joissa on old school -aiheita, suunnitellut tatuointitaiteilija Oliver Brechensbauer T\u00e4m\u00e4 arkki on suunniteltu tatuointitaiteilija Oliver Brechensbauerin toimesta, joka on yst\u00e4v\u00e4llinen ja lahjakas tatuoija Malm\u00f6st\u00e4 Zoi Tattoo studiosta. Olemme todella iloisia voidessamme tarjota flash arkkeja t\u00e4lt\u00e4 huipputyylikk\u00e4\u00e4lt\u00e4 tatuointitaiteilijalta.  Ota yhteytt\u00e4 Oliveriin:  Instagram:  @bbauer_tattooing  Studio:  Zoi Tattoo  Osoite:  Sora Nygatan 42, Malm\u00f6\" \/>\n<meta property=\"og:url\" content=\"https:\/\/likeink.com\/fi\/siirtotatuoinnit\/flash-scorpion-by-oliver-brechensbauer\/\" \/>\n<meta property=\"og:site_name\" content=\"Like ink\" \/>\n<meta property=\"article:publisher\" content=\"https:\/\/www.facebook.com\/LikeInkSe\" \/>\n<meta property=\"article:modified_time\" content=\"2026-04-27T12:45:39+00:00\" \/>\n<meta property=\"og:image\" content=\"https:\/\/likeink.com\/wp-content\/uploads\/2023\/04\/Oliver-Scorpion-FakeTattoos.jpg\" \/>\n\t<meta property=\"og:image:width\" content=\"1200\" \/>\n\t<meta property=\"og:image:height\" content=\"845\" \/>\n\t<meta property=\"og:image:type\" content=\"image\/jpeg\" \/>\n<meta name=\"twitter:card\" content=\"summary_large_image\" \/>\n<meta name=\"twitter:label1\" content=\"Arvioitu lukuaika\" \/>\n\t<meta name=\"twitter:data1\" content=\"1 minuutti\" \/>\n<!-- \/ Yoast SEO Premium plugin. -->","yoast_head_json":{"title":"Skorpioni tatuointi flash Oliverilta Zoi Tattoo - Like ink","description":"Skorpioni tatuointi Suunnittelu: Oliver Brechensbauer. Tilaa arkki oikeilla feikkitatuoinneilla! Helppok\u00e4ytt\u00f6inen ja nopea toimitus! - Like ink","robots":{"index":"index","follow":"follow","max-snippet":"max-snippet:-1","max-image-preview":"max-image-preview:large","max-video-preview":"max-video-preview:-1"},"canonical":"https:\/\/likeink.com\/fi\/siirtotatuoinnit\/flash-scorpion-by-oliver-brechensbauer\/","og_locale":"fi_FI","og_type":"article","og_title":"Flash \"Scorpion\" by Oliver Brechensbauer at Zoi Tattoo","og_description":"Like Inkin valmiit arkit v\u00e4liaikaisilla tatuoinneilla ovat noin 20x14 cm kokoisia ja sis\u00e4lt\u00e4v\u00e4t kuvassa n\u00e4kyv\u00e4t designit. Painamme ja l\u00e4het\u00e4mme arkkisi n\u00e4ill\u00e4 tyylikk\u00e4ill\u00e4 tatuoinneilla 24 tunnin sis\u00e4ll\u00e4 tilauksestasi. Tatuoinnit n\u00e4ytt\u00e4v\u00e4t hyv\u00e4lt\u00e4, ovat korkealaatuisia ja helppoja kiinnitt\u00e4\u00e4 ja pest\u00e4 pois. Like Ink noudattaa kaikkia EU:n kosmetiikkalakeja, joten voit tilata v\u00e4liaikaisia tatuointeja meilt\u00e4 turvallisin mielin. Tilaa v\u00e4liaikaisia tatuointeja, joissa on old school -aiheita, suunnitellut tatuointitaiteilija Oliver Brechensbauer T\u00e4m\u00e4 arkki on suunniteltu tatuointitaiteilija Oliver Brechensbauerin toimesta, joka on yst\u00e4v\u00e4llinen ja lahjakas tatuoija Malm\u00f6st\u00e4 Zoi Tattoo studiosta. Olemme todella iloisia voidessamme tarjota flash arkkeja t\u00e4lt\u00e4 huipputyylikk\u00e4\u00e4lt\u00e4 tatuointitaiteilijalta.  Ota yhteytt\u00e4 Oliveriin:  Instagram:  @bbauer_tattooing  Studio:  Zoi Tattoo  Osoite:  Sora Nygatan 42, Malm\u00f6","og_url":"https:\/\/likeink.com\/fi\/siirtotatuoinnit\/flash-scorpion-by-oliver-brechensbauer\/","og_site_name":"Like ink","article_publisher":"https:\/\/www.facebook.com\/LikeInkSe","article_modified_time":"2026-04-27T12:45:39+00:00","og_image":[{"width":1200,"height":845,"url":"https:\/\/likeink.com\/wp-content\/uploads\/2023\/04\/Oliver-Scorpion-FakeTattoos.jpg","type":"image\/jpeg"}],"twitter_card":"summary_large_image","twitter_misc":{"Arvioitu lukuaika":"1 minuutti"},"schema":{"@context":"https:\/\/schema.org","@graph":[{"@type":"WebPage","@id":"https:\/\/likeink.com\/fi\/siirtotatuoinnit\/flash-scorpion-by-oliver-brechensbauer\/","url":"https:\/\/likeink.com\/fi\/siirtotatuoinnit\/flash-scorpion-by-oliver-brechensbauer\/","name":"Skorpioni tatuointi flash Oliverilta Zoi Tattoo - Like ink","isPartOf":{"@id":"https:\/\/likeink.com\/fi\/#website"},"primaryImageOfPage":{"@id":"https:\/\/likeink.com\/fi\/siirtotatuoinnit\/flash-scorpion-by-oliver-brechensbauer\/#primaryimage"},"image":{"@id":"https:\/\/likeink.com\/fi\/siirtotatuoinnit\/flash-scorpion-by-oliver-brechensbauer\/#primaryimage"},"thumbnailUrl":"https:\/\/likeink.com\/wp-content\/uploads\/2023\/04\/Oliver-Scorpion-FakeTattoos.jpg","datePublished":"2023-04-18T14:11:02+00:00","dateModified":"2026-04-27T12:45:39+00:00","description":"Skorpioni tatuointi Suunnittelu: Oliver Brechensbauer. Tilaa arkki oikeilla feikkitatuoinneilla! Helppok\u00e4ytt\u00f6inen ja nopea toimitus! - Like ink","breadcrumb":{"@id":"https:\/\/likeink.com\/fi\/siirtotatuoinnit\/flash-scorpion-by-oliver-brechensbauer\/#breadcrumb"},"inLanguage":"fi","potentialAction":[{"@type":"ReadAction","target":["https:\/\/likeink.com\/fi\/siirtotatuoinnit\/flash-scorpion-by-oliver-brechensbauer\/"]}]},{"@type":"ImageObject","inLanguage":"fi","@id":"https:\/\/likeink.com\/fi\/siirtotatuoinnit\/flash-scorpion-by-oliver-brechensbauer\/#primaryimage","url":"https:\/\/likeink.com\/wp-content\/uploads\/2023\/04\/Oliver-Scorpion-FakeTattoos.jpg","contentUrl":"https:\/\/likeink.com\/wp-content\/uploads\/2023\/04\/Oliver-Scorpion-FakeTattoos.jpg","width":1200,"height":845,"caption":"Scorpion Tattoos - Zoi Tattoo - Like ink - Artist"},{"@type":"BreadcrumbList","@id":"https:\/\/likeink.com\/fi\/siirtotatuoinnit\/flash-scorpion-by-oliver-brechensbauer\/#breadcrumb","itemListElement":[{"@type":"ListItem","position":1,"name":"Hem","item":"https:\/\/likeink.com\/fi\/"},{"@type":"ListItem","position":2,"name":"Shop","item":"https:\/\/likeink.com\/fi\/shop\/"},{"@type":"ListItem","position":3,"name":"Flash &#8220;Scorpion&#8221; by Oliver Brechensbauer at Zoi Tattoo"}]},{"@type":"WebSite","@id":"https:\/\/likeink.com\/fi\/#website","url":"https:\/\/likeink.com\/fi\/","name":"Like ink","description":"Make your own custom design","potentialAction":[{"@type":"SearchAction","target":{"@type":"EntryPoint","urlTemplate":"https:\/\/likeink.com\/fi\/?s={search_term_string}"},"query-input":{"@type":"PropertyValueSpecification","valueRequired":true,"valueName":"search_term_string"}}],"inLanguage":"fi"}]}},"_links":{"self":[{"href":"https:\/\/likeink.com\/fi\/wp-json\/wp\/v2\/product\/17130","targetHints":{"allow":["GET"]}}],"collection":[{"href":"https:\/\/likeink.com\/fi\/wp-json\/wp\/v2\/product"}],"about":[{"href":"https:\/\/likeink.com\/fi\/wp-json\/wp\/v2\/types\/product"}],"wp:featuredmedia":[{"embeddable":true,"href":"https:\/\/likeink.com\/fi\/wp-json\/wp\/v2\/media\/16665"}],"wp:attachment":[{"href":"https:\/\/likeink.com\/fi\/wp-json\/wp\/v2\/media?parent=17130"}],"wp:term":[{"taxonomy":"product_brand","embeddable":true,"href":"https:\/\/likeink.com\/fi\/wp-json\/wp\/v2\/product_brand?post=17130"},{"taxonomy":"product_cat","embeddable":true,"href":"https:\/\/likeink.com\/fi\/wp-json\/wp\/v2\/product_cat?post=17130"},{"taxonomy":"product_tag","embeddable":true,"href":"https:\/\/likeink.com\/fi\/wp-json\/wp\/v2\/product_tag?post=17130"}],"curies":[{"name":"wp","href":"https:\/\/api.w.org\/{rel}","templated":true}]}}