{"id":17190,"date":"2021-03-01T13:27:07","date_gmt":"2021-03-01T13:27:07","guid":{"rendered":"https:\/\/likeink.se\/produkt\/flash-by-lotte-at-malort\/"},"modified":"2026-04-28T07:36:13","modified_gmt":"2026-04-28T07:36:13","slug":"flash-by-lotte-at-malort","status":"publish","type":"product","link":"https:\/\/likeink.com\/fi\/siirtotatuoinnit\/flash-by-lotte-at-malort\/","title":{"rendered":"Flash &#8220;Mermaid&#8221; by Lotte at Mal\u00f6rt"},"content":{"rendered":"","protected":false},"excerpt":{"rendered":"<p>Valmiit kertak\u00e4ytt\u00f6iset arkkimme v\u00e4liaikaisilla tatuoinneilla ovat noin 20\u00d715 cm kokoisia ja sis\u00e4lt\u00e4v\u00e4t kuvassa n\u00e4kyv\u00e4n designin. Tyytyv\u00e4isyytesi varmistamiseksi painamme ja l\u00e4het\u00e4mme arkin 24 tunnin kuluessa tilauksestasi. T\u00e4m\u00e4 arkki on suunniteltu lahjakkaan tatuointitaiteilijan Lotten toimesta Mal\u00f6rtissa Malm\u00f6ss\u00e4.<\/p>\n<h2>Mal\u00f6rt feikkitatuoinnit. Suunnittelija tatuointitaiteilija Lotte Mal\u00f6rtista.<\/h2>\n<p><strong>T\u00e4ss\u00e4 on Lotte:<\/strong><br \/>\nOlen tatuoija Norjasta. Aloitin oppipoikana vuonna 2009 ja olen ty\u00f6skennellyt Englannissa ja Tanskassa ennen kuin p\u00e4\u00e4dyin ihanaan Malm\u00f6\u00f6n, jossa olen osaomistajana kauniissa studiossa nimelt\u00e4 Mal\u00f6rt Tatuering.<br \/>\nRakastan piirt\u00e4mist\u00e4, maalaamista ja tatuoimista v\u00e4reill\u00e4 sek\u00e4 black and grey tyylill\u00e4. Toivon, ett\u00e4 pid\u00e4t n\u00e4ist\u00e4 kuvituksista.<\/p>\n<p><strong>Ota yhteytt\u00e4 Lotteen<\/strong><\/p>\n<p><strong>Instagram:<\/strong><br \/>\n@lottetattoo<\/p>\n<p><strong>Studio:<\/strong><br \/>\nMal\u00f6rt Tatuering @malortmalmo<\/p>\n<p><strong>Osoite:<\/strong><br \/>\nFriisgatan 10, 211 46 MALM\u00d6<\/p>\n<p><strong>Verkkosivut:<\/strong><br \/>\nwww.malortmalmo.se<\/p>\n","protected":false},"featured_media":60120,"template":"","meta":[],"product_brand":[],"product_cat":[51,501],"product_tag":[],"class_list":{"0":"post-17190","1":"product","2":"type-product","3":"status-publish","4":"has-post-thumbnail","6":"product_cat-valmiit-arkit","7":"product_cat-yhteistyot-tatuoijien-kanssa","9":"first","10":"instock","11":"taxable","12":"shipping-taxable","13":"purchasable","14":"product-type-simple"},"yoast_head":"<!-- This site is optimized with the Yoast SEO Premium plugin v27.5 (Yoast SEO v27.6) - https:\/\/yoast.com\/product\/yoast-seo-premium-wordpress\/ -->\n<title>Mal\u00f6rt: Osta v\u00e4liaikaisia tatuointeja | Suunnittelija tatuointitaiteilija- Like ink<\/title>\n<meta name=\"description\" content=\"Mal\u00f6rt: Osta v\u00e4liaikaisia tatuointeja, joiden suunnittelija on tatuointitaiteilija Mal\u00f6rt. Mal\u00f6rt suunnittelema. - Like ink\" \/>\n<meta name=\"robots\" content=\"index, follow, max-snippet:-1, max-image-preview:large, max-video-preview:-1\" \/>\n<link rel=\"canonical\" href=\"https:\/\/likeink.com\/fi\/siirtotatuoinnit\/flash-by-lotte-at-malort\/\" \/>\n<meta property=\"og:locale\" content=\"fi_FI\" \/>\n<meta property=\"og:type\" content=\"article\" \/>\n<meta property=\"og:title\" content=\"Flash &quot;Mermaid&quot; by Lotte at Mal\u00f6rt\" \/>\n<meta property=\"og:description\" content=\"Valmiit kertak\u00e4ytt\u00f6iset arkkimme v\u00e4liaikaisilla tatuoinneilla ovat noin 20\u00d715 cm kokoisia ja sis\u00e4lt\u00e4v\u00e4t kuvassa n\u00e4kyv\u00e4n designin. Tyytyv\u00e4isyytesi varmistamiseksi painamme ja l\u00e4het\u00e4mme arkin 24 tunnin kuluessa tilauksestasi. T\u00e4m\u00e4 arkki on suunniteltu lahjakkaan tatuointitaiteilijan Lotten toimesta Mal\u00f6rtissa Malm\u00f6ss\u00e4. Mal\u00f6rt feikkitatuoinnit. Suunnittelija tatuointitaiteilija Lotte Mal\u00f6rtista. T\u00e4ss\u00e4 on Lotte: Olen tatuoija Norjasta. Aloitin oppipoikana vuonna 2009 ja olen ty\u00f6skennellyt Englannissa ja Tanskassa ennen kuin p\u00e4\u00e4dyin ihanaan Malm\u00f6\u00f6n, jossa olen osaomistajana kauniissa studiossa nimelt\u00e4 Mal\u00f6rt Tatuering. Rakastan piirt\u00e4mist\u00e4, maalaamista ja tatuoimista v\u00e4reill\u00e4 sek\u00e4 black and grey tyylill\u00e4. Toivon, ett\u00e4 pid\u00e4t n\u00e4ist\u00e4 kuvituksista.  Ota yhteytt\u00e4 Lotteen  Instagram: @lottetattoo  Studio: Mal\u00f6rt Tatuering @malortmalmo  Osoite: Friisgatan 10, 211 46 MALM\u00d6  Verkkosivut: www.malortmalmo.se\" \/>\n<meta property=\"og:url\" content=\"https:\/\/likeink.com\/fi\/siirtotatuoinnit\/flash-by-lotte-at-malort\/\" \/>\n<meta property=\"og:site_name\" content=\"Like ink\" \/>\n<meta property=\"article:publisher\" content=\"https:\/\/www.facebook.com\/LikeInkSe\" \/>\n<meta property=\"article:modified_time\" content=\"2026-04-28T07:36:13+00:00\" \/>\n<meta property=\"og:image\" content=\"https:\/\/likeink.com\/wp-content\/uploads\/2026\/03\/Malort-Malmo-Tattoo-likeink.jpg\" \/>\n\t<meta property=\"og:image:width\" content=\"1800\" \/>\n\t<meta property=\"og:image:height\" content=\"1268\" \/>\n\t<meta property=\"og:image:type\" content=\"image\/jpeg\" \/>\n<meta name=\"twitter:card\" content=\"summary_large_image\" \/>\n<meta name=\"twitter:label1\" content=\"Arvioitu lukuaika\" \/>\n\t<meta name=\"twitter:data1\" content=\"1 minuutti\" \/>\n<!-- \/ Yoast SEO Premium plugin. -->","yoast_head_json":{"title":"Mal\u00f6rt: Osta v\u00e4liaikaisia tatuointeja | Suunnittelija tatuointitaiteilija- Like ink","description":"Mal\u00f6rt: Osta v\u00e4liaikaisia tatuointeja, joiden suunnittelija on tatuointitaiteilija Mal\u00f6rt. Mal\u00f6rt suunnittelema. - Like ink","robots":{"index":"index","follow":"follow","max-snippet":"max-snippet:-1","max-image-preview":"max-image-preview:large","max-video-preview":"max-video-preview:-1"},"canonical":"https:\/\/likeink.com\/fi\/siirtotatuoinnit\/flash-by-lotte-at-malort\/","og_locale":"fi_FI","og_type":"article","og_title":"Flash \"Mermaid\" by Lotte at Mal\u00f6rt","og_description":"Valmiit kertak\u00e4ytt\u00f6iset arkkimme v\u00e4liaikaisilla tatuoinneilla ovat noin 20\u00d715 cm kokoisia ja sis\u00e4lt\u00e4v\u00e4t kuvassa n\u00e4kyv\u00e4n designin. Tyytyv\u00e4isyytesi varmistamiseksi painamme ja l\u00e4het\u00e4mme arkin 24 tunnin kuluessa tilauksestasi. T\u00e4m\u00e4 arkki on suunniteltu lahjakkaan tatuointitaiteilijan Lotten toimesta Mal\u00f6rtissa Malm\u00f6ss\u00e4. Mal\u00f6rt feikkitatuoinnit. Suunnittelija tatuointitaiteilija Lotte Mal\u00f6rtista. T\u00e4ss\u00e4 on Lotte: Olen tatuoija Norjasta. Aloitin oppipoikana vuonna 2009 ja olen ty\u00f6skennellyt Englannissa ja Tanskassa ennen kuin p\u00e4\u00e4dyin ihanaan Malm\u00f6\u00f6n, jossa olen osaomistajana kauniissa studiossa nimelt\u00e4 Mal\u00f6rt Tatuering. Rakastan piirt\u00e4mist\u00e4, maalaamista ja tatuoimista v\u00e4reill\u00e4 sek\u00e4 black and grey tyylill\u00e4. Toivon, ett\u00e4 pid\u00e4t n\u00e4ist\u00e4 kuvituksista.  Ota yhteytt\u00e4 Lotteen  Instagram: @lottetattoo  Studio: Mal\u00f6rt Tatuering @malortmalmo  Osoite: Friisgatan 10, 211 46 MALM\u00d6  Verkkosivut: www.malortmalmo.se","og_url":"https:\/\/likeink.com\/fi\/siirtotatuoinnit\/flash-by-lotte-at-malort\/","og_site_name":"Like ink","article_publisher":"https:\/\/www.facebook.com\/LikeInkSe","article_modified_time":"2026-04-28T07:36:13+00:00","og_image":[{"width":1800,"height":1268,"url":"https:\/\/likeink.com\/wp-content\/uploads\/2026\/03\/Malort-Malmo-Tattoo-likeink.jpg","type":"image\/jpeg"}],"twitter_card":"summary_large_image","twitter_misc":{"Arvioitu lukuaika":"1 minuutti"},"schema":{"@context":"https:\/\/schema.org","@graph":[{"@type":"WebPage","@id":"https:\/\/likeink.com\/fi\/siirtotatuoinnit\/flash-by-lotte-at-malort\/","url":"https:\/\/likeink.com\/fi\/siirtotatuoinnit\/flash-by-lotte-at-malort\/","name":"Mal\u00f6rt: Osta v\u00e4liaikaisia tatuointeja | Suunnittelija tatuointitaiteilija- Like ink","isPartOf":{"@id":"https:\/\/likeink.com\/fi\/#website"},"primaryImageOfPage":{"@id":"https:\/\/likeink.com\/fi\/siirtotatuoinnit\/flash-by-lotte-at-malort\/#primaryimage"},"image":{"@id":"https:\/\/likeink.com\/fi\/siirtotatuoinnit\/flash-by-lotte-at-malort\/#primaryimage"},"thumbnailUrl":"https:\/\/likeink.com\/wp-content\/uploads\/2026\/03\/Malort-Malmo-Tattoo-likeink.jpg","datePublished":"2021-03-01T13:27:07+00:00","dateModified":"2026-04-28T07:36:13+00:00","description":"Mal\u00f6rt: Osta v\u00e4liaikaisia tatuointeja, joiden suunnittelija on tatuointitaiteilija Mal\u00f6rt. Mal\u00f6rt suunnittelema. - Like ink","breadcrumb":{"@id":"https:\/\/likeink.com\/fi\/siirtotatuoinnit\/flash-by-lotte-at-malort\/#breadcrumb"},"inLanguage":"fi","potentialAction":[{"@type":"ReadAction","target":["https:\/\/likeink.com\/fi\/siirtotatuoinnit\/flash-by-lotte-at-malort\/"]}]},{"@type":"ImageObject","inLanguage":"fi","@id":"https:\/\/likeink.com\/fi\/siirtotatuoinnit\/flash-by-lotte-at-malort\/#primaryimage","url":"https:\/\/likeink.com\/wp-content\/uploads\/2026\/03\/Malort-Malmo-Tattoo-likeink.jpg","contentUrl":"https:\/\/likeink.com\/wp-content\/uploads\/2026\/03\/Malort-Malmo-Tattoo-likeink.jpg","width":1800,"height":1268,"caption":"V\u00e4rik\u00e4s tatuointilomake, jossa on delfiinej\u00e4, k\u00e4\u00e4rmeit\u00e4, merenneitoja, kukkia, simpukankuoria, h\u00e4m\u00e4h\u00e4kkej\u00e4 ja koristeellinen maljakko, yl\u00e4keskell\u00e4 teksti \"MAL\u00d6RT TATUERING & UNDERORDERS KULTUR\"."},{"@type":"BreadcrumbList","@id":"https:\/\/likeink.com\/fi\/siirtotatuoinnit\/flash-by-lotte-at-malort\/#breadcrumb","itemListElement":[{"@type":"ListItem","position":1,"name":"Hem","item":"https:\/\/likeink.com\/fi\/"},{"@type":"ListItem","position":2,"name":"Shop","item":"https:\/\/likeink.com\/fi\/shop\/"},{"@type":"ListItem","position":3,"name":"Flash &#8220;Mermaid&#8221; by Lotte at Mal\u00f6rt"}]},{"@type":"WebSite","@id":"https:\/\/likeink.com\/fi\/#website","url":"https:\/\/likeink.com\/fi\/","name":"Like ink","description":"Make your own custom design","potentialAction":[{"@type":"SearchAction","target":{"@type":"EntryPoint","urlTemplate":"https:\/\/likeink.com\/fi\/?s={search_term_string}"},"query-input":{"@type":"PropertyValueSpecification","valueRequired":true,"valueName":"search_term_string"}}],"inLanguage":"fi"}]}},"_links":{"self":[{"href":"https:\/\/likeink.com\/fi\/wp-json\/wp\/v2\/product\/17190","targetHints":{"allow":["GET"]}}],"collection":[{"href":"https:\/\/likeink.com\/fi\/wp-json\/wp\/v2\/product"}],"about":[{"href":"https:\/\/likeink.com\/fi\/wp-json\/wp\/v2\/types\/product"}],"wp:featuredmedia":[{"embeddable":true,"href":"https:\/\/likeink.com\/fi\/wp-json\/wp\/v2\/media\/60120"}],"wp:attachment":[{"href":"https:\/\/likeink.com\/fi\/wp-json\/wp\/v2\/media?parent=17190"}],"wp:term":[{"taxonomy":"product_brand","embeddable":true,"href":"https:\/\/likeink.com\/fi\/wp-json\/wp\/v2\/product_brand?post=17190"},{"taxonomy":"product_cat","embeddable":true,"href":"https:\/\/likeink.com\/fi\/wp-json\/wp\/v2\/product_cat?post=17190"},{"taxonomy":"product_tag","embeddable":true,"href":"https:\/\/likeink.com\/fi\/wp-json\/wp\/v2\/product_tag?post=17190"}],"curies":[{"name":"wp","href":"https:\/\/api.w.org\/{rel}","templated":true}]}}