{"id":17517,"date":"2023-04-21T14:03:51","date_gmt":"2023-04-21T14:03:51","guid":{"rendered":"https:\/\/likeink.se\/gnuggis\/djurens-ratt-save-animals\/"},"modified":"2024-02-14T16:05:50","modified_gmt":"2024-02-14T16:05:50","slug":"djurens-ratt-save-animals","status":"publish","type":"product","link":"https:\/\/likeink.com\/fi\/siirtotatuoinnit\/djurens-ratt-save-animals\/","title":{"rendered":"Djurens R\u00e4tt Save Animals"},"content":{"rendered":"","protected":false},"excerpt":{"rendered":"<p>Hanki v\u00e4liaikainen tatuointi el\u00e4inten hyv\u00e4ksi meilt\u00e4 Like ink:st\u00e4 valmistetuilla feikkitatuoinneilla!<br \/>\nLike ink tulostaa tyylikk\u00e4it\u00e4, vegaanisia ja allergiatestattuja feikkitatuointeja, jotka on nyt merkitty Djurens R\u00e4ttin I&#8217;M VEGAN -tunnuksella.<\/p>\n<p>Juuri nyt meill\u00e4 on kampanja yhdess\u00e4 Djurens R\u00e4ttin kanssa! 30 % Like ink -verkkokaupan valmiiksi suunniteltujen Djurens R\u00e4tt -kategoriaan kuuluvien arkkejen tuotoista menee Djurens R\u00e4ttin ty\u00f6h\u00f6n parantamaan niiden Ruotsin el\u00e4inten oloja, joilla menee huonoimmin.<\/p>\n<h2>Tilaa feikkitatuointeja ja tue Djurens R\u00e4tti\u00e4<\/h2>\n<p>A5-arkki maksaa 11 euroa, ja mit\u00e4 enemm\u00e4n arkkia tilaat, sit\u00e4 suurempi alennus! Aloita ostokset nyt ja muista merkit\u00e4 kaikki feikkitatuointien kuvat @likeinkse-tunnisteella Instagra ja TikTok, lahjoitamme lis\u00e4ksi 1 euron jokaisesta tunnisteesta ja jaamme tietenkin my\u00f6s kuvasi.<\/p>\n<p>Arkin koko: A5<br \/>\nTatuoinnin koko: El\u00e4imet ovat 4-5 cm<\/p>\n","protected":false},"featured_media":17039,"template":"","meta":[],"product_brand":[],"product_cat":[291,51],"product_tag":[],"class_list":{"0":"post-17517","1":"product","2":"type-product","3":"status-publish","4":"has-post-thumbnail","6":"product_cat-hyvantekevaisyys","7":"product_cat-valmiit-arkit","9":"first","10":"instock","11":"taxable","12":"shipping-taxable","13":"purchasable","14":"product-type-simple"},"yoast_head":"<!-- This site is optimized with the Yoast SEO Premium plugin v26.2 (Yoast SEO v27.4) - https:\/\/yoast.com\/product\/yoast-seo-premium-wordpress\/ -->\n<title>Djurens R\u00e4tt &quot;Save Animals&quot; siirtotatuointeja I A5 - Like ink<\/title>\n<meta name=\"description\" content=\"30 % liikevaihdosta menee Djurens R\u00e4tt! Tilaa arkki tyylikk\u00e4it\u00e4, vegaanisia ja allergiayst\u00e4v\u00e4llisi\u00e4 siirtotatuointeja.- Like ink\" \/>\n<meta name=\"robots\" content=\"index, follow, max-snippet:-1, max-image-preview:large, max-video-preview:-1\" \/>\n<link rel=\"canonical\" href=\"https:\/\/likeink.com\/fi\/siirtotatuoinnit\/djurens-ratt-save-animals\/\" \/>\n<meta property=\"og:locale\" content=\"fi_FI\" \/>\n<meta property=\"og:type\" content=\"article\" \/>\n<meta property=\"og:title\" content=\"Djurens R\u00e4tt Save Animals\" \/>\n<meta property=\"og:description\" content=\"Hanki v\u00e4liaikainen tatuointi el\u00e4inten hyv\u00e4ksi meilt\u00e4 Like ink:st\u00e4 valmistetuilla feikkitatuoinneilla! Like ink tulostaa tyylikk\u00e4it\u00e4, vegaanisia ja allergiatestattuja feikkitatuointeja, jotka on nyt merkitty Djurens R\u00e4ttin I&#039;M VEGAN -tunnuksella.  Juuri nyt meill\u00e4 on kampanja yhdess\u00e4 Djurens R\u00e4ttin kanssa! 30 % Like ink -verkkokaupan valmiiksi suunniteltujen Djurens R\u00e4tt -kategoriaan kuuluvien arkkejen tuotoista menee Djurens R\u00e4ttin ty\u00f6h\u00f6n parantamaan niiden Ruotsin el\u00e4inten oloja, joilla menee huonoimmin.  Tilaa feikkitatuointeja ja tue Djurens R\u00e4tti\u00e4  A5-arkki maksaa 11 euroa, ja mit\u00e4 enemm\u00e4n arkkia tilaat, sit\u00e4 suurempi alennus! Aloita ostokset nyt ja muista merkit\u00e4 kaikki feikkitatuointien kuvat @likeinkse-tunnisteella Instagra ja TikTok, lahjoitamme lis\u00e4ksi 1 euron jokaisesta tunnisteesta ja jaamme tietenkin my\u00f6s kuvasi.  Arkin koko: A5 Tatuoinnin koko: El\u00e4imet ovat 4-5 cm\" \/>\n<meta property=\"og:url\" content=\"https:\/\/likeink.com\/fi\/siirtotatuoinnit\/djurens-ratt-save-animals\/\" \/>\n<meta property=\"og:site_name\" content=\"Like ink\" \/>\n<meta property=\"article:publisher\" content=\"https:\/\/www.facebook.com\/LikeInkSe\" \/>\n<meta property=\"article:modified_time\" content=\"2024-02-14T16:05:50+00:00\" \/>\n<meta property=\"og:image\" content=\"https:\/\/likeink.com\/wp-content\/uploads\/2023\/04\/IMVEGAN-Djurensratt-Tatueringar-Likeink.png\" \/>\n\t<meta property=\"og:image:width\" content=\"1920\" \/>\n\t<meta property=\"og:image:height\" content=\"1354\" \/>\n\t<meta property=\"og:image:type\" content=\"image\/png\" \/>\n<meta name=\"twitter:card\" content=\"summary_large_image\" \/>\n<script type=\"application\/ld+json\" class=\"yoast-schema-graph\">{\"@context\":\"https:\\\/\\\/schema.org\",\"@graph\":[{\"@type\":\"WebPage\",\"@id\":\"https:\\\/\\\/likeink.com\\\/fi\\\/siirtotatuoinnit\\\/djurens-ratt-save-animals\\\/\",\"url\":\"https:\\\/\\\/likeink.com\\\/fi\\\/siirtotatuoinnit\\\/djurens-ratt-save-animals\\\/\",\"name\":\"Djurens R\u00e4tt \\\"Save Animals\\\" siirtotatuointeja I A5 - Like ink\",\"isPartOf\":{\"@id\":\"https:\\\/\\\/likeink.com\\\/fi\\\/#website\"},\"primaryImageOfPage\":{\"@id\":\"https:\\\/\\\/likeink.com\\\/fi\\\/siirtotatuoinnit\\\/djurens-ratt-save-animals\\\/#primaryimage\"},\"image\":{\"@id\":\"https:\\\/\\\/likeink.com\\\/fi\\\/siirtotatuoinnit\\\/djurens-ratt-save-animals\\\/#primaryimage\"},\"thumbnailUrl\":\"https:\\\/\\\/likeink.com\\\/wp-content\\\/uploads\\\/2023\\\/04\\\/IMVEGAN-Djurensratt-Tatueringar-Likeink.png\",\"datePublished\":\"2023-04-21T14:03:51+00:00\",\"dateModified\":\"2024-02-14T16:05:50+00:00\",\"description\":\"30 % liikevaihdosta menee Djurens R\u00e4tt! Tilaa arkki tyylikk\u00e4it\u00e4, vegaanisia ja allergiayst\u00e4v\u00e4llisi\u00e4 siirtotatuointeja.- Like ink\",\"breadcrumb\":{\"@id\":\"https:\\\/\\\/likeink.com\\\/fi\\\/siirtotatuoinnit\\\/djurens-ratt-save-animals\\\/#breadcrumb\"},\"inLanguage\":\"fi\",\"potentialAction\":[{\"@type\":\"ReadAction\",\"target\":[\"https:\\\/\\\/likeink.com\\\/fi\\\/siirtotatuoinnit\\\/djurens-ratt-save-animals\\\/\"]}]},{\"@type\":\"ImageObject\",\"inLanguage\":\"fi\",\"@id\":\"https:\\\/\\\/likeink.com\\\/fi\\\/siirtotatuoinnit\\\/djurens-ratt-save-animals\\\/#primaryimage\",\"url\":\"https:\\\/\\\/likeink.com\\\/wp-content\\\/uploads\\\/2023\\\/04\\\/IMVEGAN-Djurensratt-Tatueringar-Likeink.png\",\"contentUrl\":\"https:\\\/\\\/likeink.com\\\/wp-content\\\/uploads\\\/2023\\\/04\\\/IMVEGAN-Djurensratt-Tatueringar-Likeink.png\",\"width\":1920,\"height\":1354,\"caption\":\"IM VEGAN kosmetiska gnuggistatueringar\"},{\"@type\":\"BreadcrumbList\",\"@id\":\"https:\\\/\\\/likeink.com\\\/fi\\\/siirtotatuoinnit\\\/djurens-ratt-save-animals\\\/#breadcrumb\",\"itemListElement\":[{\"@type\":\"ListItem\",\"position\":1,\"name\":\"Hem\",\"item\":\"https:\\\/\\\/likeink.com\\\/fi\\\/\"},{\"@type\":\"ListItem\",\"position\":2,\"name\":\"Shop\",\"item\":\"https:\\\/\\\/likeink.com\\\/fi\\\/shop\\\/\"},{\"@type\":\"ListItem\",\"position\":3,\"name\":\"Djurens R\u00e4tt Save Animals\"}]},{\"@type\":\"WebSite\",\"@id\":\"https:\\\/\\\/likeink.com\\\/fi\\\/#website\",\"url\":\"https:\\\/\\\/likeink.com\\\/fi\\\/\",\"name\":\"Like ink\",\"description\":\"Make your own custom design\",\"potentialAction\":[{\"@type\":\"SearchAction\",\"target\":{\"@type\":\"EntryPoint\",\"urlTemplate\":\"https:\\\/\\\/likeink.com\\\/fi\\\/?s={search_term_string}\"},\"query-input\":{\"@type\":\"PropertyValueSpecification\",\"valueRequired\":true,\"valueName\":\"search_term_string\"}}],\"inLanguage\":\"fi\"}]}<\/script>\n<!-- \/ Yoast SEO Premium plugin. -->","yoast_head_json":{"title":"Djurens R\u00e4tt \"Save Animals\" siirtotatuointeja I A5 - Like ink","description":"30 % liikevaihdosta menee Djurens R\u00e4tt! Tilaa arkki tyylikk\u00e4it\u00e4, vegaanisia ja allergiayst\u00e4v\u00e4llisi\u00e4 siirtotatuointeja.- Like ink","robots":{"index":"index","follow":"follow","max-snippet":"max-snippet:-1","max-image-preview":"max-image-preview:large","max-video-preview":"max-video-preview:-1"},"canonical":"https:\/\/likeink.com\/fi\/siirtotatuoinnit\/djurens-ratt-save-animals\/","og_locale":"fi_FI","og_type":"article","og_title":"Djurens R\u00e4tt Save Animals","og_description":"Hanki v\u00e4liaikainen tatuointi el\u00e4inten hyv\u00e4ksi meilt\u00e4 Like ink:st\u00e4 valmistetuilla feikkitatuoinneilla! Like ink tulostaa tyylikk\u00e4it\u00e4, vegaanisia ja allergiatestattuja feikkitatuointeja, jotka on nyt merkitty Djurens R\u00e4ttin I'M VEGAN -tunnuksella.  Juuri nyt meill\u00e4 on kampanja yhdess\u00e4 Djurens R\u00e4ttin kanssa! 30 % Like ink -verkkokaupan valmiiksi suunniteltujen Djurens R\u00e4tt -kategoriaan kuuluvien arkkejen tuotoista menee Djurens R\u00e4ttin ty\u00f6h\u00f6n parantamaan niiden Ruotsin el\u00e4inten oloja, joilla menee huonoimmin.  Tilaa feikkitatuointeja ja tue Djurens R\u00e4tti\u00e4  A5-arkki maksaa 11 euroa, ja mit\u00e4 enemm\u00e4n arkkia tilaat, sit\u00e4 suurempi alennus! Aloita ostokset nyt ja muista merkit\u00e4 kaikki feikkitatuointien kuvat @likeinkse-tunnisteella Instagra ja TikTok, lahjoitamme lis\u00e4ksi 1 euron jokaisesta tunnisteesta ja jaamme tietenkin my\u00f6s kuvasi.  Arkin koko: A5 Tatuoinnin koko: El\u00e4imet ovat 4-5 cm","og_url":"https:\/\/likeink.com\/fi\/siirtotatuoinnit\/djurens-ratt-save-animals\/","og_site_name":"Like ink","article_publisher":"https:\/\/www.facebook.com\/LikeInkSe","article_modified_time":"2024-02-14T16:05:50+00:00","og_image":[{"width":1920,"height":1354,"url":"https:\/\/likeink.com\/wp-content\/uploads\/2023\/04\/IMVEGAN-Djurensratt-Tatueringar-Likeink.png","type":"image\/png"}],"twitter_card":"summary_large_image","schema":{"@context":"https:\/\/schema.org","@graph":[{"@type":"WebPage","@id":"https:\/\/likeink.com\/fi\/siirtotatuoinnit\/djurens-ratt-save-animals\/","url":"https:\/\/likeink.com\/fi\/siirtotatuoinnit\/djurens-ratt-save-animals\/","name":"Djurens R\u00e4tt \"Save Animals\" siirtotatuointeja I A5 - Like ink","isPartOf":{"@id":"https:\/\/likeink.com\/fi\/#website"},"primaryImageOfPage":{"@id":"https:\/\/likeink.com\/fi\/siirtotatuoinnit\/djurens-ratt-save-animals\/#primaryimage"},"image":{"@id":"https:\/\/likeink.com\/fi\/siirtotatuoinnit\/djurens-ratt-save-animals\/#primaryimage"},"thumbnailUrl":"https:\/\/likeink.com\/wp-content\/uploads\/2023\/04\/IMVEGAN-Djurensratt-Tatueringar-Likeink.png","datePublished":"2023-04-21T14:03:51+00:00","dateModified":"2024-02-14T16:05:50+00:00","description":"30 % liikevaihdosta menee Djurens R\u00e4tt! Tilaa arkki tyylikk\u00e4it\u00e4, vegaanisia ja allergiayst\u00e4v\u00e4llisi\u00e4 siirtotatuointeja.- Like ink","breadcrumb":{"@id":"https:\/\/likeink.com\/fi\/siirtotatuoinnit\/djurens-ratt-save-animals\/#breadcrumb"},"inLanguage":"fi","potentialAction":[{"@type":"ReadAction","target":["https:\/\/likeink.com\/fi\/siirtotatuoinnit\/djurens-ratt-save-animals\/"]}]},{"@type":"ImageObject","inLanguage":"fi","@id":"https:\/\/likeink.com\/fi\/siirtotatuoinnit\/djurens-ratt-save-animals\/#primaryimage","url":"https:\/\/likeink.com\/wp-content\/uploads\/2023\/04\/IMVEGAN-Djurensratt-Tatueringar-Likeink.png","contentUrl":"https:\/\/likeink.com\/wp-content\/uploads\/2023\/04\/IMVEGAN-Djurensratt-Tatueringar-Likeink.png","width":1920,"height":1354,"caption":"IM VEGAN kosmetiska gnuggistatueringar"},{"@type":"BreadcrumbList","@id":"https:\/\/likeink.com\/fi\/siirtotatuoinnit\/djurens-ratt-save-animals\/#breadcrumb","itemListElement":[{"@type":"ListItem","position":1,"name":"Hem","item":"https:\/\/likeink.com\/fi\/"},{"@type":"ListItem","position":2,"name":"Shop","item":"https:\/\/likeink.com\/fi\/shop\/"},{"@type":"ListItem","position":3,"name":"Djurens R\u00e4tt Save Animals"}]},{"@type":"WebSite","@id":"https:\/\/likeink.com\/fi\/#website","url":"https:\/\/likeink.com\/fi\/","name":"Like ink","description":"Make your own custom design","potentialAction":[{"@type":"SearchAction","target":{"@type":"EntryPoint","urlTemplate":"https:\/\/likeink.com\/fi\/?s={search_term_string}"},"query-input":{"@type":"PropertyValueSpecification","valueRequired":true,"valueName":"search_term_string"}}],"inLanguage":"fi"}]}},"_links":{"self":[{"href":"https:\/\/likeink.com\/fi\/wp-json\/wp\/v2\/product\/17517","targetHints":{"allow":["GET"]}}],"collection":[{"href":"https:\/\/likeink.com\/fi\/wp-json\/wp\/v2\/product"}],"about":[{"href":"https:\/\/likeink.com\/fi\/wp-json\/wp\/v2\/types\/product"}],"wp:featuredmedia":[{"embeddable":true,"href":"https:\/\/likeink.com\/fi\/wp-json\/wp\/v2\/media\/17039"}],"wp:attachment":[{"href":"https:\/\/likeink.com\/fi\/wp-json\/wp\/v2\/media?parent=17517"}],"wp:term":[{"taxonomy":"product_brand","embeddable":true,"href":"https:\/\/likeink.com\/fi\/wp-json\/wp\/v2\/product_brand?post=17517"},{"taxonomy":"product_cat","embeddable":true,"href":"https:\/\/likeink.com\/fi\/wp-json\/wp\/v2\/product_cat?post=17517"},{"taxonomy":"product_tag","embeddable":true,"href":"https:\/\/likeink.com\/fi\/wp-json\/wp\/v2\/product_tag?post=17517"}],"curies":[{"name":"wp","href":"https:\/\/api.w.org\/{rel}","templated":true}]}}