{"id":17659,"date":"2023-05-02T13:06:06","date_gmt":"2023-05-02T13:06:06","guid":{"rendered":"https:\/\/likeink.se\/gnuggis\/old-school-karlekstatueringar-a5-ark\/"},"modified":"2026-03-17T12:32:48","modified_gmt":"2026-03-17T12:32:48","slug":"old-school-rakkaus-tatuoinnit","status":"publish","type":"product","link":"https:\/\/likeink.com\/fi\/siirtotatuoinnit\/old-school-rakkaus-tatuoinnit\/","title":{"rendered":"Old school rakkaus-tatuoinnit"},"content":{"rendered":"","protected":false},"excerpt":{"rendered":"<p>Valikoimamme feikkitatuointiarkit ovat 20X14 cm kokoisia, ja t\u00e4m\u00e4 arkki on t\u00e4ynn\u00e4 eriv\u00e4risi\u00e4 ja -kokoisia syd\u00e4mi\u00e4. Tulostamme ja l\u00e4het\u00e4mme tilauksesi 24 tunnin kuluessa!<\/p>\n<p>T\u00e4m\u00e4 arkki on t\u00e4ynn\u00e4 klassiseen tyyliin tehtyj\u00e4 rakkaustatuointeja, syd\u00e4mi\u00e4, bannereita yhdess\u00e4 kukkien, p\u00e4\u00e4skysen ja tietenkin kallojen kanssa. Feikkitatuoinnit ovat t\u00e4ydellisi\u00e4 h\u00e4ihin, polttareihin ja morsiustansseihin.<\/p>\n<h2>Tilaa kauniisti kuvitettu ja tyylik\u00e4s vanhan koulukunnan rakkaustatuointien arkki<\/h2>\n<p><strong>Mit\u00e4 syd\u00e4ntatuointi tarkoittaa? <\/strong><br \/>\nSyd\u00e4ntatuoinnin merkitys voi vaihdella sen mukaan, kuka sen omistaa ja miksi. Monille syd\u00e4n edustaa rakkautta, intohimoa ja romantiikkaa. Se voi my\u00f6s symboloida rakkautta henkil\u00f6\u00f6n, asiaan tai paikkaan. Toisille syd\u00e4ntatuointi voi olla rohkeuden ja voiman symboli tai merkki siit\u00e4, ett\u00e4 he ovat voittaneet jonkin esteen tai syd\u00e4nsurun. Yhteenvetona syd\u00e4ntatuoinnilla voi olla erilaisia merkityksi\u00e4 eri ihmisille, ja sit\u00e4 voidaan tulkita eri tavoin sen kontekstin ja k\u00e4yt\u00f6n mukaan. Mielest\u00e4mme syd\u00e4n symboloi rakkautta, ja vanhan koulukunnan tyyli tekee t\u00e4m\u00e4n feikkitatuoinnin tunteesta aidon!<\/p>\n<p>Kaikki tatuoinnit, jotka meilt\u00e4 Like ink -yrityksest\u00e4 saat, valmistetaan Ruotsissa ja ne ovat helppoja levitt\u00e4\u00e4 ja pest\u00e4 pois. Tatuoinnit n\u00e4ytt\u00e4v\u00e4t hyv\u00e4lt\u00e4, ovat vegaanisia ja allergiayst\u00e4v\u00e4llisi\u00e4.<\/p>\n<p>Arkin koko: A5<br \/>\nTatuointien m\u00e4\u00e4r\u00e4: 11<br \/>\nTatuointien koko: 4-7 cm<\/p>\n","protected":false},"featured_media":17647,"template":"","meta":[],"product_brand":[],"product_cat":[507,557,51],"product_tag":[],"class_list":{"0":"post-17659","1":"product","2":"type-product","3":"status-publish","4":"has-post-thumbnail","6":"product_cat-old-school-retro-fi","7":"product_cat-rakkaus-romantiikka","8":"product_cat-valmiit-arkit","10":"first","11":"instock","12":"taxable","13":"shipping-taxable","14":"purchasable","15":"product-type-simple"},"yoast_head":"<!-- This site is optimized with the Yoast SEO Premium plugin v26.2 (Yoast SEO v27.5) - https:\/\/yoast.com\/product\/yoast-seo-premium-wordpress\/ -->\n<title>Old school rakkaus-tatuoinnit - Like ink<\/title>\n<meta name=\"description\" content=\"Old school rakkaustatuoinnit A5-arkilla. T\u00e4ydelliset polttari- tai h\u00e4\u00e4tapahtumiin. V\u00e4liaikaiset tatuoinnit ovat rakkautta! - Like ink\" \/>\n<meta name=\"robots\" content=\"index, follow, max-snippet:-1, max-image-preview:large, max-video-preview:-1\" \/>\n<link rel=\"canonical\" href=\"https:\/\/likeink.com\/fi\/siirtotatuoinnit\/old-school-rakkaus-tatuoinnit\/\" \/>\n<meta property=\"og:locale\" content=\"fi_FI\" \/>\n<meta property=\"og:type\" content=\"article\" \/>\n<meta property=\"og:title\" content=\"Old school rakkaus-tatuoinnit\" \/>\n<meta property=\"og:description\" content=\"Valikoimamme feikkitatuointiarkit ovat 20X14 cm kokoisia, ja t\u00e4m\u00e4 arkki on t\u00e4ynn\u00e4 eriv\u00e4risi\u00e4 ja -kokoisia syd\u00e4mi\u00e4. Tulostamme ja l\u00e4het\u00e4mme tilauksesi 24 tunnin kuluessa!  T\u00e4m\u00e4 arkki on t\u00e4ynn\u00e4 klassiseen tyyliin tehtyj\u00e4 rakkaustatuointeja, syd\u00e4mi\u00e4, bannereita yhdess\u00e4 kukkien, p\u00e4\u00e4skysen ja tietenkin kallojen kanssa. Feikkitatuoinnit ovat t\u00e4ydellisi\u00e4 h\u00e4ihin, polttareihin ja morsiustansseihin.  Tilaa kauniisti kuvitettu ja tyylik\u00e4s vanhan koulukunnan rakkaustatuointien arkki  Mit\u00e4 syd\u00e4ntatuointi tarkoittaa?  Syd\u00e4ntatuoinnin merkitys voi vaihdella sen mukaan, kuka sen omistaa ja miksi. Monille syd\u00e4n edustaa rakkautta, intohimoa ja romantiikkaa. Se voi my\u00f6s symboloida rakkautta henkil\u00f6\u00f6n, asiaan tai paikkaan. Toisille syd\u00e4ntatuointi voi olla rohkeuden ja voiman symboli tai merkki siit\u00e4, ett\u00e4 he ovat voittaneet jonkin esteen tai syd\u00e4nsurun. Yhteenvetona syd\u00e4ntatuoinnilla voi olla erilaisia merkityksi\u00e4 eri ihmisille, ja sit\u00e4 voidaan tulkita eri tavoin sen kontekstin ja k\u00e4yt\u00f6n mukaan. Mielest\u00e4mme syd\u00e4n symboloi rakkautta, ja vanhan koulukunnan tyyli tekee t\u00e4m\u00e4n feikkitatuoinnin tunteesta aidon!  Kaikki tatuoinnit, jotka meilt\u00e4 Like ink -yrityksest\u00e4 saat, valmistetaan Ruotsissa ja ne ovat helppoja levitt\u00e4\u00e4 ja pest\u00e4 pois. Tatuoinnit n\u00e4ytt\u00e4v\u00e4t hyv\u00e4lt\u00e4, ovat vegaanisia ja allergiayst\u00e4v\u00e4llisi\u00e4.  Arkin koko: A5 Tatuointien m\u00e4\u00e4r\u00e4: 11 Tatuointien koko: 4-7 cm\" \/>\n<meta property=\"og:url\" content=\"https:\/\/likeink.com\/fi\/siirtotatuoinnit\/old-school-rakkaus-tatuoinnit\/\" \/>\n<meta property=\"og:site_name\" content=\"Like ink\" \/>\n<meta property=\"article:publisher\" content=\"https:\/\/www.facebook.com\/LikeInkSe\" \/>\n<meta property=\"article:modified_time\" content=\"2026-03-17T12:32:48+00:00\" \/>\n<meta property=\"og:image\" content=\"https:\/\/likeink.com\/wp-content\/uploads\/2023\/05\/Oldschool-love-tattoos-likeink.jpg\" \/>\n\t<meta property=\"og:image:width\" content=\"1200\" \/>\n\t<meta property=\"og:image:height\" content=\"845\" \/>\n\t<meta property=\"og:image:type\" content=\"image\/jpeg\" \/>\n<meta name=\"twitter:card\" content=\"summary_large_image\" \/>\n<!-- \/ Yoast SEO Premium plugin. -->","yoast_head_json":{"title":"Old school rakkaus-tatuoinnit - Like ink","description":"Old school rakkaustatuoinnit A5-arkilla. T\u00e4ydelliset polttari- tai h\u00e4\u00e4tapahtumiin. V\u00e4liaikaiset tatuoinnit ovat rakkautta! - Like ink","robots":{"index":"index","follow":"follow","max-snippet":"max-snippet:-1","max-image-preview":"max-image-preview:large","max-video-preview":"max-video-preview:-1"},"canonical":"https:\/\/likeink.com\/fi\/siirtotatuoinnit\/old-school-rakkaus-tatuoinnit\/","og_locale":"fi_FI","og_type":"article","og_title":"Old school rakkaus-tatuoinnit","og_description":"Valikoimamme feikkitatuointiarkit ovat 20X14 cm kokoisia, ja t\u00e4m\u00e4 arkki on t\u00e4ynn\u00e4 eriv\u00e4risi\u00e4 ja -kokoisia syd\u00e4mi\u00e4. Tulostamme ja l\u00e4het\u00e4mme tilauksesi 24 tunnin kuluessa!  T\u00e4m\u00e4 arkki on t\u00e4ynn\u00e4 klassiseen tyyliin tehtyj\u00e4 rakkaustatuointeja, syd\u00e4mi\u00e4, bannereita yhdess\u00e4 kukkien, p\u00e4\u00e4skysen ja tietenkin kallojen kanssa. Feikkitatuoinnit ovat t\u00e4ydellisi\u00e4 h\u00e4ihin, polttareihin ja morsiustansseihin.  Tilaa kauniisti kuvitettu ja tyylik\u00e4s vanhan koulukunnan rakkaustatuointien arkki  Mit\u00e4 syd\u00e4ntatuointi tarkoittaa?  Syd\u00e4ntatuoinnin merkitys voi vaihdella sen mukaan, kuka sen omistaa ja miksi. Monille syd\u00e4n edustaa rakkautta, intohimoa ja romantiikkaa. Se voi my\u00f6s symboloida rakkautta henkil\u00f6\u00f6n, asiaan tai paikkaan. Toisille syd\u00e4ntatuointi voi olla rohkeuden ja voiman symboli tai merkki siit\u00e4, ett\u00e4 he ovat voittaneet jonkin esteen tai syd\u00e4nsurun. Yhteenvetona syd\u00e4ntatuoinnilla voi olla erilaisia merkityksi\u00e4 eri ihmisille, ja sit\u00e4 voidaan tulkita eri tavoin sen kontekstin ja k\u00e4yt\u00f6n mukaan. Mielest\u00e4mme syd\u00e4n symboloi rakkautta, ja vanhan koulukunnan tyyli tekee t\u00e4m\u00e4n feikkitatuoinnin tunteesta aidon!  Kaikki tatuoinnit, jotka meilt\u00e4 Like ink -yrityksest\u00e4 saat, valmistetaan Ruotsissa ja ne ovat helppoja levitt\u00e4\u00e4 ja pest\u00e4 pois. Tatuoinnit n\u00e4ytt\u00e4v\u00e4t hyv\u00e4lt\u00e4, ovat vegaanisia ja allergiayst\u00e4v\u00e4llisi\u00e4.  Arkin koko: A5 Tatuointien m\u00e4\u00e4r\u00e4: 11 Tatuointien koko: 4-7 cm","og_url":"https:\/\/likeink.com\/fi\/siirtotatuoinnit\/old-school-rakkaus-tatuoinnit\/","og_site_name":"Like ink","article_publisher":"https:\/\/www.facebook.com\/LikeInkSe","article_modified_time":"2026-03-17T12:32:48+00:00","og_image":[{"width":1200,"height":845,"url":"https:\/\/likeink.com\/wp-content\/uploads\/2023\/05\/Oldschool-love-tattoos-likeink.jpg","type":"image\/jpeg"}],"twitter_card":"summary_large_image","schema":{"@context":"https:\/\/schema.org","@graph":[{"@type":"WebPage","@id":"https:\/\/likeink.com\/fi\/siirtotatuoinnit\/old-school-rakkaus-tatuoinnit\/","url":"https:\/\/likeink.com\/fi\/siirtotatuoinnit\/old-school-rakkaus-tatuoinnit\/","name":"Old school rakkaus-tatuoinnit - Like ink","isPartOf":{"@id":"https:\/\/likeink.com\/fi\/#website"},"primaryImageOfPage":{"@id":"https:\/\/likeink.com\/fi\/siirtotatuoinnit\/old-school-rakkaus-tatuoinnit\/#primaryimage"},"image":{"@id":"https:\/\/likeink.com\/fi\/siirtotatuoinnit\/old-school-rakkaus-tatuoinnit\/#primaryimage"},"thumbnailUrl":"https:\/\/likeink.com\/wp-content\/uploads\/2023\/05\/Oldschool-love-tattoos-likeink.jpg","datePublished":"2023-05-02T13:06:06+00:00","dateModified":"2026-03-17T12:32:48+00:00","description":"Old school rakkaustatuoinnit A5-arkilla. T\u00e4ydelliset polttari- tai h\u00e4\u00e4tapahtumiin. V\u00e4liaikaiset tatuoinnit ovat rakkautta! - Like ink","breadcrumb":{"@id":"https:\/\/likeink.com\/fi\/siirtotatuoinnit\/old-school-rakkaus-tatuoinnit\/#breadcrumb"},"inLanguage":"fi","potentialAction":[{"@type":"ReadAction","target":["https:\/\/likeink.com\/fi\/siirtotatuoinnit\/old-school-rakkaus-tatuoinnit\/"]}]},{"@type":"ImageObject","inLanguage":"fi","@id":"https:\/\/likeink.com\/fi\/siirtotatuoinnit\/old-school-rakkaus-tatuoinnit\/#primaryimage","url":"https:\/\/likeink.com\/wp-content\/uploads\/2023\/05\/Oldschool-love-tattoos-likeink.jpg","contentUrl":"https:\/\/likeink.com\/wp-content\/uploads\/2023\/05\/Oldschool-love-tattoos-likeink.jpg","width":1200,"height":845,"caption":"Siirtotatuoinnit rakkausaiheilla Old-School-tyyliin."},{"@type":"BreadcrumbList","@id":"https:\/\/likeink.com\/fi\/siirtotatuoinnit\/old-school-rakkaus-tatuoinnit\/#breadcrumb","itemListElement":[{"@type":"ListItem","position":1,"name":"Hem","item":"https:\/\/likeink.com\/fi\/"},{"@type":"ListItem","position":2,"name":"Shop","item":"https:\/\/likeink.com\/fi\/shop\/"},{"@type":"ListItem","position":3,"name":"Old school rakkaus-tatuoinnit"}]},{"@type":"WebSite","@id":"https:\/\/likeink.com\/fi\/#website","url":"https:\/\/likeink.com\/fi\/","name":"Like ink","description":"Make your own custom design","potentialAction":[{"@type":"SearchAction","target":{"@type":"EntryPoint","urlTemplate":"https:\/\/likeink.com\/fi\/?s={search_term_string}"},"query-input":{"@type":"PropertyValueSpecification","valueRequired":true,"valueName":"search_term_string"}}],"inLanguage":"fi"}]}},"_links":{"self":[{"href":"https:\/\/likeink.com\/fi\/wp-json\/wp\/v2\/product\/17659","targetHints":{"allow":["GET"]}}],"collection":[{"href":"https:\/\/likeink.com\/fi\/wp-json\/wp\/v2\/product"}],"about":[{"href":"https:\/\/likeink.com\/fi\/wp-json\/wp\/v2\/types\/product"}],"wp:featuredmedia":[{"embeddable":true,"href":"https:\/\/likeink.com\/fi\/wp-json\/wp\/v2\/media\/17647"}],"wp:attachment":[{"href":"https:\/\/likeink.com\/fi\/wp-json\/wp\/v2\/media?parent=17659"}],"wp:term":[{"taxonomy":"product_brand","embeddable":true,"href":"https:\/\/likeink.com\/fi\/wp-json\/wp\/v2\/product_brand?post=17659"},{"taxonomy":"product_cat","embeddable":true,"href":"https:\/\/likeink.com\/fi\/wp-json\/wp\/v2\/product_cat?post=17659"},{"taxonomy":"product_tag","embeddable":true,"href":"https:\/\/likeink.com\/fi\/wp-json\/wp\/v2\/product_tag?post=17659"}],"curies":[{"name":"wp","href":"https:\/\/api.w.org\/{rel}","templated":true}]}}