{"id":18060,"date":"2023-05-10T16:24:26","date_gmt":"2023-05-10T16:24:26","guid":{"rendered":"https:\/\/likeink.se\/gnuggis\/rockets-and-space-tattoos\/"},"modified":"2026-03-17T12:33:13","modified_gmt":"2026-03-17T12:33:13","slug":"rakettien-ja-avaruuden-tatuoinnit","status":"publish","type":"product","link":"https:\/\/likeink.com\/fi\/siirtotatuoinnit\/rakettien-ja-avaruuden-tatuoinnit\/","title":{"rendered":"Rakettien ja avaruuden tatuoinnit"},"content":{"rendered":"","protected":false},"excerpt":{"rendered":"<p>Anna lapsesi mielikuvituksen l\u00e4hte\u00e4 matkalle universumiin hienojen raketin ja avaruusteemalla varustettujen tatuointiemme avulla! T\u00e4m\u00e4 hieno kokoelma v\u00e4liaikaisia tatuointeja on t\u00e4ydellinen jaettavaksi vieraille lastenjuhlissa, juhlissa tai annettavaksi lahjaksi jollekin, joka on kiinnostunut avaruudesta.<\/p>\n<p>Jokainen arkki sis\u00e4lt\u00e4\u00e4 21 uniikisti suunniteltua avaruustatuointia, kaikki j\u00e4nnitt\u00e4v\u00e4ll\u00e4 avaruusteemalla. Lapsesi rakastaa koristella k\u00e4sivarsiaan ja jalkojaan kuvilla hienoista avaruusraketeista, hauskoista avaruusolioista ja lent\u00e4vist\u00e4 lautasista. Tatuointimme ovat helppoja levitt\u00e4\u00e4 ja poistaa, ja ne ovat turvallisia lasten iholle.<\/p>\n<h2>Tilaa fake-tatuoinnit raketti- ja avaruusteemalla<\/h2>\n<p>Arkin koko: A5<br \/>\nTatuointien m\u00e4\u00e4r\u00e4: 21<br \/>\nTatuointien koko: 2-4 cm<\/p>\n","protected":false},"featured_media":18054,"template":"","meta":[],"product_brand":[],"product_cat":[528,51],"product_tag":[],"class_list":{"0":"post-18060","1":"product","2":"type-product","3":"status-publish","4":"has-post-thumbnail","6":"product_cat-lasten-juhlat","7":"product_cat-valmiit-arkit","9":"first","10":"instock","11":"taxable","12":"shipping-taxable","13":"purchasable","14":"product-type-simple"},"yoast_head":"<!-- This site is optimized with the Yoast SEO Premium plugin v26.2 (Yoast SEO v27.5) - https:\/\/yoast.com\/product\/yoast-seo-premium-wordpress\/ -->\n<title>Rakettien ja avaruuden tatuoinnit A5 I Lasten feikkitatuoinnit<\/title>\n<meta name=\"description\" content=\"Rakettien ja avaruuden tatuoinnit. Rakettilaiva, avaruus ja avaruusolentojen feikkitatuoinnit lapsille, helppok\u00e4ytt\u00f6isi\u00e4 ja ihoyst\u00e4v\u00e4llisi\u00e4! Nopea toimitus! - Like ink\" \/>\n<meta name=\"robots\" content=\"index, follow, max-snippet:-1, max-image-preview:large, max-video-preview:-1\" \/>\n<link rel=\"canonical\" href=\"https:\/\/likeink.com\/fi\/siirtotatuoinnit\/rakettien-ja-avaruuden-tatuoinnit\/\" \/>\n<meta property=\"og:locale\" content=\"fi_FI\" \/>\n<meta property=\"og:type\" content=\"article\" \/>\n<meta property=\"og:title\" content=\"Rakettien ja avaruuden tatuoinnit\" \/>\n<meta property=\"og:description\" content=\"Anna lapsesi mielikuvituksen l\u00e4hte\u00e4 matkalle universumiin hienojen raketin ja avaruusteemalla varustettujen tatuointiemme avulla! T\u00e4m\u00e4 hieno kokoelma v\u00e4liaikaisia tatuointeja on t\u00e4ydellinen jaettavaksi vieraille lastenjuhlissa, juhlissa tai annettavaksi lahjaksi jollekin, joka on kiinnostunut avaruudesta.  Jokainen arkki sis\u00e4lt\u00e4\u00e4 21 uniikisti suunniteltua avaruustatuointia, kaikki j\u00e4nnitt\u00e4v\u00e4ll\u00e4 avaruusteemalla. Lapsesi rakastaa koristella k\u00e4sivarsiaan ja jalkojaan kuvilla hienoista avaruusraketeista, hauskoista avaruusolioista ja lent\u00e4vist\u00e4 lautasista. Tatuointimme ovat helppoja levitt\u00e4\u00e4 ja poistaa, ja ne ovat turvallisia lasten iholle.  Tilaa fake-tatuoinnit raketti- ja avaruusteemalla  Arkin koko: A5 Tatuointien m\u00e4\u00e4r\u00e4: 21 Tatuointien koko: 2-4 cm\" \/>\n<meta property=\"og:url\" content=\"https:\/\/likeink.com\/fi\/siirtotatuoinnit\/rakettien-ja-avaruuden-tatuoinnit\/\" \/>\n<meta property=\"og:site_name\" content=\"Like ink\" \/>\n<meta property=\"article:publisher\" content=\"https:\/\/www.facebook.com\/LikeInkSe\" \/>\n<meta property=\"article:modified_time\" content=\"2026-03-17T12:33:13+00:00\" \/>\n<meta property=\"og:image\" content=\"https:\/\/likeink.com\/wp-content\/uploads\/2023\/05\/Raketer-och-rymden-gnuggisar-likeink.jpg\" \/>\n\t<meta property=\"og:image:width\" content=\"1600\" \/>\n\t<meta property=\"og:image:height\" content=\"1127\" \/>\n\t<meta property=\"og:image:type\" content=\"image\/jpeg\" \/>\n<meta name=\"twitter:card\" content=\"summary_large_image\" \/>\n<!-- \/ Yoast SEO Premium plugin. -->","yoast_head_json":{"title":"Rakettien ja avaruuden tatuoinnit A5 I Lasten feikkitatuoinnit","description":"Rakettien ja avaruuden tatuoinnit. Rakettilaiva, avaruus ja avaruusolentojen feikkitatuoinnit lapsille, helppok\u00e4ytt\u00f6isi\u00e4 ja ihoyst\u00e4v\u00e4llisi\u00e4! Nopea toimitus! - Like ink","robots":{"index":"index","follow":"follow","max-snippet":"max-snippet:-1","max-image-preview":"max-image-preview:large","max-video-preview":"max-video-preview:-1"},"canonical":"https:\/\/likeink.com\/fi\/siirtotatuoinnit\/rakettien-ja-avaruuden-tatuoinnit\/","og_locale":"fi_FI","og_type":"article","og_title":"Rakettien ja avaruuden tatuoinnit","og_description":"Anna lapsesi mielikuvituksen l\u00e4hte\u00e4 matkalle universumiin hienojen raketin ja avaruusteemalla varustettujen tatuointiemme avulla! T\u00e4m\u00e4 hieno kokoelma v\u00e4liaikaisia tatuointeja on t\u00e4ydellinen jaettavaksi vieraille lastenjuhlissa, juhlissa tai annettavaksi lahjaksi jollekin, joka on kiinnostunut avaruudesta.  Jokainen arkki sis\u00e4lt\u00e4\u00e4 21 uniikisti suunniteltua avaruustatuointia, kaikki j\u00e4nnitt\u00e4v\u00e4ll\u00e4 avaruusteemalla. Lapsesi rakastaa koristella k\u00e4sivarsiaan ja jalkojaan kuvilla hienoista avaruusraketeista, hauskoista avaruusolioista ja lent\u00e4vist\u00e4 lautasista. Tatuointimme ovat helppoja levitt\u00e4\u00e4 ja poistaa, ja ne ovat turvallisia lasten iholle.  Tilaa fake-tatuoinnit raketti- ja avaruusteemalla  Arkin koko: A5 Tatuointien m\u00e4\u00e4r\u00e4: 21 Tatuointien koko: 2-4 cm","og_url":"https:\/\/likeink.com\/fi\/siirtotatuoinnit\/rakettien-ja-avaruuden-tatuoinnit\/","og_site_name":"Like ink","article_publisher":"https:\/\/www.facebook.com\/LikeInkSe","article_modified_time":"2026-03-17T12:33:13+00:00","og_image":[{"width":1600,"height":1127,"url":"https:\/\/likeink.com\/wp-content\/uploads\/2023\/05\/Raketer-och-rymden-gnuggisar-likeink.jpg","type":"image\/jpeg"}],"twitter_card":"summary_large_image","schema":{"@context":"https:\/\/schema.org","@graph":[{"@type":"WebPage","@id":"https:\/\/likeink.com\/fi\/siirtotatuoinnit\/rakettien-ja-avaruuden-tatuoinnit\/","url":"https:\/\/likeink.com\/fi\/siirtotatuoinnit\/rakettien-ja-avaruuden-tatuoinnit\/","name":"Rakettien ja avaruuden tatuoinnit A5 I Lasten feikkitatuoinnit","isPartOf":{"@id":"https:\/\/likeink.com\/fi\/#website"},"primaryImageOfPage":{"@id":"https:\/\/likeink.com\/fi\/siirtotatuoinnit\/rakettien-ja-avaruuden-tatuoinnit\/#primaryimage"},"image":{"@id":"https:\/\/likeink.com\/fi\/siirtotatuoinnit\/rakettien-ja-avaruuden-tatuoinnit\/#primaryimage"},"thumbnailUrl":"https:\/\/likeink.com\/wp-content\/uploads\/2023\/05\/Raketer-och-rymden-gnuggisar-likeink.jpg","datePublished":"2023-05-10T16:24:26+00:00","dateModified":"2026-03-17T12:33:13+00:00","description":"Rakettien ja avaruuden tatuoinnit. Rakettilaiva, avaruus ja avaruusolentojen feikkitatuoinnit lapsille, helppok\u00e4ytt\u00f6isi\u00e4 ja ihoyst\u00e4v\u00e4llisi\u00e4! Nopea toimitus! - Like ink","breadcrumb":{"@id":"https:\/\/likeink.com\/fi\/siirtotatuoinnit\/rakettien-ja-avaruuden-tatuoinnit\/#breadcrumb"},"inLanguage":"fi","potentialAction":[{"@type":"ReadAction","target":["https:\/\/likeink.com\/fi\/siirtotatuoinnit\/rakettien-ja-avaruuden-tatuoinnit\/"]}]},{"@type":"ImageObject","inLanguage":"fi","@id":"https:\/\/likeink.com\/fi\/siirtotatuoinnit\/rakettien-ja-avaruuden-tatuoinnit\/#primaryimage","url":"https:\/\/likeink.com\/wp-content\/uploads\/2023\/05\/Raketer-och-rymden-gnuggisar-likeink.jpg","contentUrl":"https:\/\/likeink.com\/wp-content\/uploads\/2023\/05\/Raketer-och-rymden-gnuggisar-likeink.jpg","width":1600,"height":1127,"caption":"Raketteja, avaruuden tatuointeja, juhla, avaruusoliot Like ink siirtotatuoinnit."},{"@type":"BreadcrumbList","@id":"https:\/\/likeink.com\/fi\/siirtotatuoinnit\/rakettien-ja-avaruuden-tatuoinnit\/#breadcrumb","itemListElement":[{"@type":"ListItem","position":1,"name":"Hem","item":"https:\/\/likeink.com\/fi\/"},{"@type":"ListItem","position":2,"name":"Shop","item":"https:\/\/likeink.com\/fi\/shop\/"},{"@type":"ListItem","position":3,"name":"Rakettien ja avaruuden tatuoinnit"}]},{"@type":"WebSite","@id":"https:\/\/likeink.com\/fi\/#website","url":"https:\/\/likeink.com\/fi\/","name":"Like ink","description":"Make your own custom design","potentialAction":[{"@type":"SearchAction","target":{"@type":"EntryPoint","urlTemplate":"https:\/\/likeink.com\/fi\/?s={search_term_string}"},"query-input":{"@type":"PropertyValueSpecification","valueRequired":true,"valueName":"search_term_string"}}],"inLanguage":"fi"}]}},"_links":{"self":[{"href":"https:\/\/likeink.com\/fi\/wp-json\/wp\/v2\/product\/18060","targetHints":{"allow":["GET"]}}],"collection":[{"href":"https:\/\/likeink.com\/fi\/wp-json\/wp\/v2\/product"}],"about":[{"href":"https:\/\/likeink.com\/fi\/wp-json\/wp\/v2\/types\/product"}],"wp:featuredmedia":[{"embeddable":true,"href":"https:\/\/likeink.com\/fi\/wp-json\/wp\/v2\/media\/18054"}],"wp:attachment":[{"href":"https:\/\/likeink.com\/fi\/wp-json\/wp\/v2\/media?parent=18060"}],"wp:term":[{"taxonomy":"product_brand","embeddable":true,"href":"https:\/\/likeink.com\/fi\/wp-json\/wp\/v2\/product_brand?post=18060"},{"taxonomy":"product_cat","embeddable":true,"href":"https:\/\/likeink.com\/fi\/wp-json\/wp\/v2\/product_cat?post=18060"},{"taxonomy":"product_tag","embeddable":true,"href":"https:\/\/likeink.com\/fi\/wp-json\/wp\/v2\/product_tag?post=18060"}],"curies":[{"name":"wp","href":"https:\/\/api.w.org\/{rel}","templated":true}]}}