{"id":18285,"date":"2023-05-23T15:26:44","date_gmt":"2023-05-23T15:26:44","guid":{"rendered":"https:\/\/likeink.se\/gnuggis\/viking-tatueringar-valhalla\/"},"modified":"2026-03-17T12:33:13","modified_gmt":"2026-03-17T12:33:13","slug":"viikinki-tatuoinnit-valhalla","status":"publish","type":"product","link":"https:\/\/likeink.com\/fi\/siirtotatuoinnit\/viikinki-tatuoinnit-valhalla\/","title":{"rendered":"Viikinki tatuoinnit &#8221;Valhalla&#8221;"},"content":{"rendered":"","protected":false},"excerpt":{"rendered":"<p>Tutki viikinkiaikaa korkealaatuisten feikkitatuointien avulla, joissa on viikinkien ja viikinkisymbolien motiiveja! A5-kokoisella arkilla on sekoitus viikingkitatuointeja eri kokoja ja malleja, mukaan lukien viikinkisymboleita, Thors vasara ja kuvitettu viikinki, jolla on kirves p\u00e4\u00e4ss\u00e4, yhdistettyn\u00e4 viikinkien k\u00e4ytt\u00e4miin klassisiin symboleihin. Jokainen tatuointi on huolellisesti suunniteltu antamaan sinulle aito viikinkityyli.<\/p>\n<p>V\u00e4liaikaiset tatuoinnimme ovat helppoja levitt\u00e4\u00e4 ja kest\u00e4vi\u00e4. Ne ovat my\u00f6s turvallisia iholle ja allergiatestattuja nykyisen lains\u00e4\u00e4d\u00e4nn\u00f6n mukaisesti. Olitpa sitten halukas n\u00e4ytt\u00e4m\u00e4\u00e4n rakkauttasi viikinkikulttuuriin tai vain pit\u00e4m\u00e4\u00e4n hauskaa viikinkiteemaisessa juhlassa, n\u00e4m\u00e4 tatuoinnit ovat t\u00e4ydellinen valinta.<br \/>\nTilaa viikinkitatuointimme t\u00e4n\u00e4\u00e4n ja luo itsellesi tai jollekulle muulle vaikuttava viikinkivaikutteinen ilme!<\/p>\n<h2>Tilaa viikinkitatuointi ja viikinkitatuoinnit meilt\u00e4, Like ink<\/h2>\n<p>Kaikki tatuoinnit valmistetaan Valhallassa ja l\u00e4het\u00e4mme tilauksesi 24 tunnin kuluessa.<\/p>\n<p>Arkin koko: A5<br \/>\nTatuointien m\u00e4\u00e4r\u00e4: 13<br \/>\nSuurin tatuointikoko: 7 cm<\/p>\n","protected":false},"featured_media":18253,"template":"","meta":[],"product_brand":[],"product_cat":[206,214,51],"product_tag":[],"class_list":{"0":"post-18285","1":"product","2":"type-product","3":"status-publish","4":"has-post-thumbnail","6":"product_cat-halloween-tatuoinnit","7":"product_cat-symboli-tatuointi","8":"product_cat-valmiit-arkit","10":"first","11":"instock","12":"taxable","13":"shipping-taxable","14":"purchasable","15":"product-type-simple"},"yoast_head":"<!-- This site is optimized with the Yoast SEO Premium plugin v26.2 (Yoast SEO v27.4) - https:\/\/yoast.com\/product\/yoast-seo-premium-wordpress\/ -->\n<title>Viikinki tatuoinnit viikinki-symbolien kanssa tilap\u00e4isin\u00e4 tatuointeina<\/title>\n<meta name=\"description\" content=\"Viikinki tatuoinnit tilap\u00e4isin\u00e4 tatuointeina! Kauniisti kuvitetut viikinki-symbolit. Nopea toimitus ja ilmainen toimitus! - Like ink\" \/>\n<meta name=\"robots\" content=\"index, follow, max-snippet:-1, max-image-preview:large, max-video-preview:-1\" \/>\n<link rel=\"canonical\" href=\"https:\/\/likeink.com\/fi\/siirtotatuoinnit\/viikinki-tatuoinnit-valhalla\/\" \/>\n<meta property=\"og:locale\" content=\"fi_FI\" \/>\n<meta property=\"og:type\" content=\"article\" \/>\n<meta property=\"og:title\" content=\"Viikinki tatuoinnit &quot;Valhalla&quot;\" \/>\n<meta property=\"og:description\" content=\"Tutki viikinkiaikaa korkealaatuisten feikkitatuointien avulla, joissa on viikinkien ja viikinkisymbolien motiiveja! A5-kokoisella arkilla on sekoitus viikingkitatuointeja eri kokoja ja malleja, mukaan lukien viikinkisymboleita, Thors vasara ja kuvitettu viikinki, jolla on kirves p\u00e4\u00e4ss\u00e4, yhdistettyn\u00e4 viikinkien k\u00e4ytt\u00e4miin klassisiin symboleihin. Jokainen tatuointi on huolellisesti suunniteltu antamaan sinulle aito viikinkityyli.  V\u00e4liaikaiset tatuoinnimme ovat helppoja levitt\u00e4\u00e4 ja kest\u00e4vi\u00e4. Ne ovat my\u00f6s turvallisia iholle ja allergiatestattuja nykyisen lains\u00e4\u00e4d\u00e4nn\u00f6n mukaisesti. Olitpa sitten halukas n\u00e4ytt\u00e4m\u00e4\u00e4n rakkauttasi viikinkikulttuuriin tai vain pit\u00e4m\u00e4\u00e4n hauskaa viikinkiteemaisessa juhlassa, n\u00e4m\u00e4 tatuoinnit ovat t\u00e4ydellinen valinta. Tilaa viikinkitatuointimme t\u00e4n\u00e4\u00e4n ja luo itsellesi tai jollekulle muulle vaikuttava viikinkivaikutteinen ilme!  Tilaa viikinkitatuointi ja viikinkitatuoinnit meilt\u00e4, Like ink  Kaikki tatuoinnit valmistetaan Valhallassa ja l\u00e4het\u00e4mme tilauksesi 24 tunnin kuluessa.  Arkin koko: A5 Tatuointien m\u00e4\u00e4r\u00e4: 13 Suurin tatuointikoko: 7 cm\" \/>\n<meta property=\"og:url\" content=\"https:\/\/likeink.com\/fi\/siirtotatuoinnit\/viikinki-tatuoinnit-valhalla\/\" \/>\n<meta property=\"og:site_name\" content=\"Like ink\" \/>\n<meta property=\"article:publisher\" content=\"https:\/\/www.facebook.com\/LikeInkSe\" \/>\n<meta property=\"article:modified_time\" content=\"2026-03-17T12:33:13+00:00\" \/>\n<meta property=\"og:image\" content=\"https:\/\/likeink.com\/wp-content\/uploads\/2023\/05\/Valhalla-viking-tatueringar-likeink.jpg\" \/>\n\t<meta property=\"og:image:width\" content=\"1200\" \/>\n\t<meta property=\"og:image:height\" content=\"845\" \/>\n\t<meta property=\"og:image:type\" content=\"image\/jpeg\" \/>\n<meta name=\"twitter:card\" content=\"summary_large_image\" \/>\n<script type=\"application\/ld+json\" class=\"yoast-schema-graph\">{\"@context\":\"https:\\\/\\\/schema.org\",\"@graph\":[{\"@type\":\"WebPage\",\"@id\":\"https:\\\/\\\/likeink.com\\\/fi\\\/siirtotatuoinnit\\\/viikinki-tatuoinnit-valhalla\\\/\",\"url\":\"https:\\\/\\\/likeink.com\\\/fi\\\/siirtotatuoinnit\\\/viikinki-tatuoinnit-valhalla\\\/\",\"name\":\"Viikinki tatuoinnit viikinki-symbolien kanssa tilap\u00e4isin\u00e4 tatuointeina\",\"isPartOf\":{\"@id\":\"https:\\\/\\\/likeink.com\\\/fi\\\/#website\"},\"primaryImageOfPage\":{\"@id\":\"https:\\\/\\\/likeink.com\\\/fi\\\/siirtotatuoinnit\\\/viikinki-tatuoinnit-valhalla\\\/#primaryimage\"},\"image\":{\"@id\":\"https:\\\/\\\/likeink.com\\\/fi\\\/siirtotatuoinnit\\\/viikinki-tatuoinnit-valhalla\\\/#primaryimage\"},\"thumbnailUrl\":\"https:\\\/\\\/likeink.com\\\/wp-content\\\/uploads\\\/2023\\\/05\\\/Valhalla-viking-tatueringar-likeink.jpg\",\"datePublished\":\"2023-05-23T15:26:44+00:00\",\"dateModified\":\"2026-03-17T12:33:13+00:00\",\"description\":\"Viikinki tatuoinnit tilap\u00e4isin\u00e4 tatuointeina! Kauniisti kuvitetut viikinki-symbolit. Nopea toimitus ja ilmainen toimitus! - Like ink\",\"breadcrumb\":{\"@id\":\"https:\\\/\\\/likeink.com\\\/fi\\\/siirtotatuoinnit\\\/viikinki-tatuoinnit-valhalla\\\/#breadcrumb\"},\"inLanguage\":\"fi\",\"potentialAction\":[{\"@type\":\"ReadAction\",\"target\":[\"https:\\\/\\\/likeink.com\\\/fi\\\/siirtotatuoinnit\\\/viikinki-tatuoinnit-valhalla\\\/\"]}]},{\"@type\":\"ImageObject\",\"inLanguage\":\"fi\",\"@id\":\"https:\\\/\\\/likeink.com\\\/fi\\\/siirtotatuoinnit\\\/viikinki-tatuoinnit-valhalla\\\/#primaryimage\",\"url\":\"https:\\\/\\\/likeink.com\\\/wp-content\\\/uploads\\\/2023\\\/05\\\/Valhalla-viking-tatueringar-likeink.jpg\",\"contentUrl\":\"https:\\\/\\\/likeink.com\\\/wp-content\\\/uploads\\\/2023\\\/05\\\/Valhalla-viking-tatueringar-likeink.jpg\",\"width\":1200,\"height\":845,\"caption\":\"Viikinkisymboli tatuointi t\u00e4ydellinen naamiaisiin.\"},{\"@type\":\"BreadcrumbList\",\"@id\":\"https:\\\/\\\/likeink.com\\\/fi\\\/siirtotatuoinnit\\\/viikinki-tatuoinnit-valhalla\\\/#breadcrumb\",\"itemListElement\":[{\"@type\":\"ListItem\",\"position\":1,\"name\":\"Hem\",\"item\":\"https:\\\/\\\/likeink.com\\\/fi\\\/\"},{\"@type\":\"ListItem\",\"position\":2,\"name\":\"Shop\",\"item\":\"https:\\\/\\\/likeink.com\\\/fi\\\/shop\\\/\"},{\"@type\":\"ListItem\",\"position\":3,\"name\":\"Viikinki tatuoinnit &#8220;Valhalla&#8221;\"}]},{\"@type\":\"WebSite\",\"@id\":\"https:\\\/\\\/likeink.com\\\/fi\\\/#website\",\"url\":\"https:\\\/\\\/likeink.com\\\/fi\\\/\",\"name\":\"Like ink\",\"description\":\"Make your own custom design\",\"potentialAction\":[{\"@type\":\"SearchAction\",\"target\":{\"@type\":\"EntryPoint\",\"urlTemplate\":\"https:\\\/\\\/likeink.com\\\/fi\\\/?s={search_term_string}\"},\"query-input\":{\"@type\":\"PropertyValueSpecification\",\"valueRequired\":true,\"valueName\":\"search_term_string\"}}],\"inLanguage\":\"fi\"}]}<\/script>\n<!-- \/ Yoast SEO Premium plugin. -->","yoast_head_json":{"title":"Viikinki tatuoinnit viikinki-symbolien kanssa tilap\u00e4isin\u00e4 tatuointeina","description":"Viikinki tatuoinnit tilap\u00e4isin\u00e4 tatuointeina! Kauniisti kuvitetut viikinki-symbolit. Nopea toimitus ja ilmainen toimitus! - Like ink","robots":{"index":"index","follow":"follow","max-snippet":"max-snippet:-1","max-image-preview":"max-image-preview:large","max-video-preview":"max-video-preview:-1"},"canonical":"https:\/\/likeink.com\/fi\/siirtotatuoinnit\/viikinki-tatuoinnit-valhalla\/","og_locale":"fi_FI","og_type":"article","og_title":"Viikinki tatuoinnit \"Valhalla\"","og_description":"Tutki viikinkiaikaa korkealaatuisten feikkitatuointien avulla, joissa on viikinkien ja viikinkisymbolien motiiveja! A5-kokoisella arkilla on sekoitus viikingkitatuointeja eri kokoja ja malleja, mukaan lukien viikinkisymboleita, Thors vasara ja kuvitettu viikinki, jolla on kirves p\u00e4\u00e4ss\u00e4, yhdistettyn\u00e4 viikinkien k\u00e4ytt\u00e4miin klassisiin symboleihin. Jokainen tatuointi on huolellisesti suunniteltu antamaan sinulle aito viikinkityyli.  V\u00e4liaikaiset tatuoinnimme ovat helppoja levitt\u00e4\u00e4 ja kest\u00e4vi\u00e4. Ne ovat my\u00f6s turvallisia iholle ja allergiatestattuja nykyisen lains\u00e4\u00e4d\u00e4nn\u00f6n mukaisesti. Olitpa sitten halukas n\u00e4ytt\u00e4m\u00e4\u00e4n rakkauttasi viikinkikulttuuriin tai vain pit\u00e4m\u00e4\u00e4n hauskaa viikinkiteemaisessa juhlassa, n\u00e4m\u00e4 tatuoinnit ovat t\u00e4ydellinen valinta. Tilaa viikinkitatuointimme t\u00e4n\u00e4\u00e4n ja luo itsellesi tai jollekulle muulle vaikuttava viikinkivaikutteinen ilme!  Tilaa viikinkitatuointi ja viikinkitatuoinnit meilt\u00e4, Like ink  Kaikki tatuoinnit valmistetaan Valhallassa ja l\u00e4het\u00e4mme tilauksesi 24 tunnin kuluessa.  Arkin koko: A5 Tatuointien m\u00e4\u00e4r\u00e4: 13 Suurin tatuointikoko: 7 cm","og_url":"https:\/\/likeink.com\/fi\/siirtotatuoinnit\/viikinki-tatuoinnit-valhalla\/","og_site_name":"Like ink","article_publisher":"https:\/\/www.facebook.com\/LikeInkSe","article_modified_time":"2026-03-17T12:33:13+00:00","og_image":[{"width":1200,"height":845,"url":"https:\/\/likeink.com\/wp-content\/uploads\/2023\/05\/Valhalla-viking-tatueringar-likeink.jpg","type":"image\/jpeg"}],"twitter_card":"summary_large_image","schema":{"@context":"https:\/\/schema.org","@graph":[{"@type":"WebPage","@id":"https:\/\/likeink.com\/fi\/siirtotatuoinnit\/viikinki-tatuoinnit-valhalla\/","url":"https:\/\/likeink.com\/fi\/siirtotatuoinnit\/viikinki-tatuoinnit-valhalla\/","name":"Viikinki tatuoinnit viikinki-symbolien kanssa tilap\u00e4isin\u00e4 tatuointeina","isPartOf":{"@id":"https:\/\/likeink.com\/fi\/#website"},"primaryImageOfPage":{"@id":"https:\/\/likeink.com\/fi\/siirtotatuoinnit\/viikinki-tatuoinnit-valhalla\/#primaryimage"},"image":{"@id":"https:\/\/likeink.com\/fi\/siirtotatuoinnit\/viikinki-tatuoinnit-valhalla\/#primaryimage"},"thumbnailUrl":"https:\/\/likeink.com\/wp-content\/uploads\/2023\/05\/Valhalla-viking-tatueringar-likeink.jpg","datePublished":"2023-05-23T15:26:44+00:00","dateModified":"2026-03-17T12:33:13+00:00","description":"Viikinki tatuoinnit tilap\u00e4isin\u00e4 tatuointeina! Kauniisti kuvitetut viikinki-symbolit. Nopea toimitus ja ilmainen toimitus! - Like ink","breadcrumb":{"@id":"https:\/\/likeink.com\/fi\/siirtotatuoinnit\/viikinki-tatuoinnit-valhalla\/#breadcrumb"},"inLanguage":"fi","potentialAction":[{"@type":"ReadAction","target":["https:\/\/likeink.com\/fi\/siirtotatuoinnit\/viikinki-tatuoinnit-valhalla\/"]}]},{"@type":"ImageObject","inLanguage":"fi","@id":"https:\/\/likeink.com\/fi\/siirtotatuoinnit\/viikinki-tatuoinnit-valhalla\/#primaryimage","url":"https:\/\/likeink.com\/wp-content\/uploads\/2023\/05\/Valhalla-viking-tatueringar-likeink.jpg","contentUrl":"https:\/\/likeink.com\/wp-content\/uploads\/2023\/05\/Valhalla-viking-tatueringar-likeink.jpg","width":1200,"height":845,"caption":"Viikinkisymboli tatuointi t\u00e4ydellinen naamiaisiin."},{"@type":"BreadcrumbList","@id":"https:\/\/likeink.com\/fi\/siirtotatuoinnit\/viikinki-tatuoinnit-valhalla\/#breadcrumb","itemListElement":[{"@type":"ListItem","position":1,"name":"Hem","item":"https:\/\/likeink.com\/fi\/"},{"@type":"ListItem","position":2,"name":"Shop","item":"https:\/\/likeink.com\/fi\/shop\/"},{"@type":"ListItem","position":3,"name":"Viikinki tatuoinnit &#8220;Valhalla&#8221;"}]},{"@type":"WebSite","@id":"https:\/\/likeink.com\/fi\/#website","url":"https:\/\/likeink.com\/fi\/","name":"Like ink","description":"Make your own custom design","potentialAction":[{"@type":"SearchAction","target":{"@type":"EntryPoint","urlTemplate":"https:\/\/likeink.com\/fi\/?s={search_term_string}"},"query-input":{"@type":"PropertyValueSpecification","valueRequired":true,"valueName":"search_term_string"}}],"inLanguage":"fi"}]}},"_links":{"self":[{"href":"https:\/\/likeink.com\/fi\/wp-json\/wp\/v2\/product\/18285","targetHints":{"allow":["GET"]}}],"collection":[{"href":"https:\/\/likeink.com\/fi\/wp-json\/wp\/v2\/product"}],"about":[{"href":"https:\/\/likeink.com\/fi\/wp-json\/wp\/v2\/types\/product"}],"wp:featuredmedia":[{"embeddable":true,"href":"https:\/\/likeink.com\/fi\/wp-json\/wp\/v2\/media\/18253"}],"wp:attachment":[{"href":"https:\/\/likeink.com\/fi\/wp-json\/wp\/v2\/media?parent=18285"}],"wp:term":[{"taxonomy":"product_brand","embeddable":true,"href":"https:\/\/likeink.com\/fi\/wp-json\/wp\/v2\/product_brand?post=18285"},{"taxonomy":"product_cat","embeddable":true,"href":"https:\/\/likeink.com\/fi\/wp-json\/wp\/v2\/product_cat?post=18285"},{"taxonomy":"product_tag","embeddable":true,"href":"https:\/\/likeink.com\/fi\/wp-json\/wp\/v2\/product_tag?post=18285"}],"curies":[{"name":"wp","href":"https:\/\/api.w.org\/{rel}","templated":true}]}}