{"id":18300,"date":"2023-05-23T15:49:15","date_gmt":"2023-05-23T15:49:15","guid":{"rendered":"https:\/\/likeink.se\/gnuggis\/keltiska-tatueringar\/"},"modified":"2026-03-17T12:33:13","modified_gmt":"2026-03-17T12:33:13","slug":"kelttiset-tatuoinnit","status":"publish","type":"product","link":"https:\/\/likeink.com\/fi\/siirtotatuoinnit\/kelttiset-tatuoinnit\/","title":{"rendered":"Kelttiset tatuoinnit"},"content":{"rendered":"","protected":false},"excerpt":{"rendered":"<p>Dies ist ein aufregendes Tattoo-Blatt mit Designs, die von keltischer und Wikingerkultur inspiriert sind &#8211; keltische Tattoos mit einem Wikinger-Thema, um es einfach auszudr\u00fccken! Diese Fake-Tattoos kombinieren die ikonischen Symbole und Muster aus der keltischen und Wikinger-Tradition und schaffen so ein einzigartiges und kraftvolles Design. Keltische Tattoos k\u00f6nnen f\u00fcr die einzelne Person, die sie tr\u00e4gt, verschiedene Bedeutungen und Symboliken haben, werden jedoch oft mit St\u00e4rke, Kreativit\u00e4t, Spiritualit\u00e4t und einer Verbindung zur Natur in Verbindung gebracht.<br \/>\nJedes Tattoo ist sorgf\u00e4ltig gestaltet, um Ihnen ein authentisches Gef\u00fchl f\u00fcr sowohl die keltische als auch die Wikinger-Tradition zu vermitteln.<\/p>\n<h2>Bestellen Sie keltische Tattoos von Like ink<\/h2>\n<p>Unsere Fake-Tattoos sind einfach aufzutragen und sehen gro\u00dfartig aus. Sie sind auch hautsicher und entsprechen allen kosmetischen Vorschriften.<br \/>\nBestellen Sie noch heute unsere keltischen Tattoos mit Wikinger-Thema und erleben Sie die faszinierende kulturelle Fusion, die diese Fake-Tattoos repr\u00e4sentieren!<br \/>\nAlle Tattoos werden von finnischen Wikingern hergestellt und wir versenden Ihre Bestellung innerhalb von 24 Stunden.<\/p>\n<p>Blattgr\u00f6\u00dfe: A5<br \/>\nAnzahl der Tattoos: 15<br \/>\nTattoo-Gr\u00f6\u00dfe: 2-7 cm<\/p>\n","protected":false},"featured_media":18267,"template":"","meta":[],"product_brand":[],"product_cat":[526,51],"product_tag":[],"class_list":{"0":"post-18300","1":"product","2":"type-product","3":"status-publish","4":"has-post-thumbnail","6":"product_cat-tribal-symbolit-riimut","7":"product_cat-valmiit-arkit","9":"first","10":"instock","11":"taxable","12":"shipping-taxable","13":"purchasable","14":"product-type-simple"},"yoast_head":"<!-- This site is optimized with the Yoast SEO Premium plugin v26.2 (Yoast SEO v27.5) - https:\/\/yoast.com\/product\/yoast-seo-premium-wordpress\/ -->\n<title>Kelttiset tatuoinnit A5-arkilla - v\u00e4\u00e4rennetyt tatuoinnit - Like ink<\/title>\n<meta name=\"description\" content=\"Kelttiset tatuoinnit viikinkiajalta! Tilaa laadukkaita kelttisi\u00e4 v\u00e4\u00e4rennettyj\u00e4 tatuointeja, nopea toimitus. - Like ink\" \/>\n<meta name=\"robots\" content=\"index, follow, max-snippet:-1, max-image-preview:large, max-video-preview:-1\" \/>\n<link rel=\"canonical\" href=\"https:\/\/likeink.com\/fi\/siirtotatuoinnit\/kelttiset-tatuoinnit\/\" \/>\n<meta property=\"og:locale\" content=\"fi_FI\" \/>\n<meta property=\"og:type\" content=\"article\" \/>\n<meta property=\"og:title\" content=\"Kelttiset tatuoinnit\" \/>\n<meta property=\"og:description\" content=\"Dies ist ein aufregendes Tattoo-Blatt mit Designs, die von keltischer und Wikingerkultur inspiriert sind - keltische Tattoos mit einem Wikinger-Thema, um es einfach auszudr\u00fccken! Diese Fake-Tattoos kombinieren die ikonischen Symbole und Muster aus der keltischen und Wikinger-Tradition und schaffen so ein einzigartiges und kraftvolles Design. Keltische Tattoos k\u00f6nnen f\u00fcr die einzelne Person, die sie tr\u00e4gt, verschiedene Bedeutungen und Symboliken haben, werden jedoch oft mit St\u00e4rke, Kreativit\u00e4t, Spiritualit\u00e4t und einer Verbindung zur Natur in Verbindung gebracht. Jedes Tattoo ist sorgf\u00e4ltig gestaltet, um Ihnen ein authentisches Gef\u00fchl f\u00fcr sowohl die keltische als auch die Wikinger-Tradition zu vermitteln.  Bestellen Sie keltische Tattoos von Like ink  Unsere Fake-Tattoos sind einfach aufzutragen und sehen gro\u00dfartig aus. Sie sind auch hautsicher und entsprechen allen kosmetischen Vorschriften. Bestellen Sie noch heute unsere keltischen Tattoos mit Wikinger-Thema und erleben Sie die faszinierende kulturelle Fusion, die diese Fake-Tattoos repr\u00e4sentieren! Alle Tattoos werden von finnischen Wikingern hergestellt und wir versenden Ihre Bestellung innerhalb von 24 Stunden.  Blattgr\u00f6\u00dfe: A5 Anzahl der Tattoos: 15 Tattoo-Gr\u00f6\u00dfe: 2-7 cm\" \/>\n<meta property=\"og:url\" content=\"https:\/\/likeink.com\/fi\/siirtotatuoinnit\/kelttiset-tatuoinnit\/\" \/>\n<meta property=\"og:site_name\" content=\"Like ink\" \/>\n<meta property=\"article:publisher\" content=\"https:\/\/www.facebook.com\/LikeInkSe\" \/>\n<meta property=\"article:modified_time\" content=\"2026-03-17T12:33:13+00:00\" \/>\n<meta property=\"og:image\" content=\"https:\/\/likeink.com\/wp-content\/uploads\/2023\/05\/Viking-Celtic-Tattoo-Set-Likeink.jpg\" \/>\n\t<meta property=\"og:image:width\" content=\"1400\" \/>\n\t<meta property=\"og:image:height\" content=\"986\" \/>\n\t<meta property=\"og:image:type\" content=\"image\/jpeg\" \/>\n<meta name=\"twitter:card\" content=\"summary_large_image\" \/>\n<!-- \/ Yoast SEO Premium plugin. -->","yoast_head_json":{"title":"Kelttiset tatuoinnit A5-arkilla - v\u00e4\u00e4rennetyt tatuoinnit - Like ink","description":"Kelttiset tatuoinnit viikinkiajalta! Tilaa laadukkaita kelttisi\u00e4 v\u00e4\u00e4rennettyj\u00e4 tatuointeja, nopea toimitus. - Like ink","robots":{"index":"index","follow":"follow","max-snippet":"max-snippet:-1","max-image-preview":"max-image-preview:large","max-video-preview":"max-video-preview:-1"},"canonical":"https:\/\/likeink.com\/fi\/siirtotatuoinnit\/kelttiset-tatuoinnit\/","og_locale":"fi_FI","og_type":"article","og_title":"Kelttiset tatuoinnit","og_description":"Dies ist ein aufregendes Tattoo-Blatt mit Designs, die von keltischer und Wikingerkultur inspiriert sind - keltische Tattoos mit einem Wikinger-Thema, um es einfach auszudr\u00fccken! Diese Fake-Tattoos kombinieren die ikonischen Symbole und Muster aus der keltischen und Wikinger-Tradition und schaffen so ein einzigartiges und kraftvolles Design. Keltische Tattoos k\u00f6nnen f\u00fcr die einzelne Person, die sie tr\u00e4gt, verschiedene Bedeutungen und Symboliken haben, werden jedoch oft mit St\u00e4rke, Kreativit\u00e4t, Spiritualit\u00e4t und einer Verbindung zur Natur in Verbindung gebracht. Jedes Tattoo ist sorgf\u00e4ltig gestaltet, um Ihnen ein authentisches Gef\u00fchl f\u00fcr sowohl die keltische als auch die Wikinger-Tradition zu vermitteln.  Bestellen Sie keltische Tattoos von Like ink  Unsere Fake-Tattoos sind einfach aufzutragen und sehen gro\u00dfartig aus. Sie sind auch hautsicher und entsprechen allen kosmetischen Vorschriften. Bestellen Sie noch heute unsere keltischen Tattoos mit Wikinger-Thema und erleben Sie die faszinierende kulturelle Fusion, die diese Fake-Tattoos repr\u00e4sentieren! Alle Tattoos werden von finnischen Wikingern hergestellt und wir versenden Ihre Bestellung innerhalb von 24 Stunden.  Blattgr\u00f6\u00dfe: A5 Anzahl der Tattoos: 15 Tattoo-Gr\u00f6\u00dfe: 2-7 cm","og_url":"https:\/\/likeink.com\/fi\/siirtotatuoinnit\/kelttiset-tatuoinnit\/","og_site_name":"Like ink","article_publisher":"https:\/\/www.facebook.com\/LikeInkSe","article_modified_time":"2026-03-17T12:33:13+00:00","og_image":[{"width":1400,"height":986,"url":"https:\/\/likeink.com\/wp-content\/uploads\/2023\/05\/Viking-Celtic-Tattoo-Set-Likeink.jpg","type":"image\/jpeg"}],"twitter_card":"summary_large_image","schema":{"@context":"https:\/\/schema.org","@graph":[{"@type":"WebPage","@id":"https:\/\/likeink.com\/fi\/siirtotatuoinnit\/kelttiset-tatuoinnit\/","url":"https:\/\/likeink.com\/fi\/siirtotatuoinnit\/kelttiset-tatuoinnit\/","name":"Kelttiset tatuoinnit A5-arkilla - v\u00e4\u00e4rennetyt tatuoinnit - Like ink","isPartOf":{"@id":"https:\/\/likeink.com\/fi\/#website"},"primaryImageOfPage":{"@id":"https:\/\/likeink.com\/fi\/siirtotatuoinnit\/kelttiset-tatuoinnit\/#primaryimage"},"image":{"@id":"https:\/\/likeink.com\/fi\/siirtotatuoinnit\/kelttiset-tatuoinnit\/#primaryimage"},"thumbnailUrl":"https:\/\/likeink.com\/wp-content\/uploads\/2023\/05\/Viking-Celtic-Tattoo-Set-Likeink.jpg","datePublished":"2023-05-23T15:49:15+00:00","dateModified":"2026-03-17T12:33:13+00:00","description":"Kelttiset tatuoinnit viikinkiajalta! Tilaa laadukkaita kelttisi\u00e4 v\u00e4\u00e4rennettyj\u00e4 tatuointeja, nopea toimitus. - Like ink","breadcrumb":{"@id":"https:\/\/likeink.com\/fi\/siirtotatuoinnit\/kelttiset-tatuoinnit\/#breadcrumb"},"inLanguage":"fi","potentialAction":[{"@type":"ReadAction","target":["https:\/\/likeink.com\/fi\/siirtotatuoinnit\/kelttiset-tatuoinnit\/"]}]},{"@type":"ImageObject","inLanguage":"fi","@id":"https:\/\/likeink.com\/fi\/siirtotatuoinnit\/kelttiset-tatuoinnit\/#primaryimage","url":"https:\/\/likeink.com\/wp-content\/uploads\/2023\/05\/Viking-Celtic-Tattoo-Set-Likeink.jpg","contentUrl":"https:\/\/likeink.com\/wp-content\/uploads\/2023\/05\/Viking-Celtic-Tattoo-Set-Likeink.jpg","width":1400,"height":986,"caption":"Kauniisti kuvitettuja kelttil\u00e4isi\u00e4 tatuointeja."},{"@type":"BreadcrumbList","@id":"https:\/\/likeink.com\/fi\/siirtotatuoinnit\/kelttiset-tatuoinnit\/#breadcrumb","itemListElement":[{"@type":"ListItem","position":1,"name":"Hem","item":"https:\/\/likeink.com\/fi\/"},{"@type":"ListItem","position":2,"name":"Shop","item":"https:\/\/likeink.com\/fi\/shop\/"},{"@type":"ListItem","position":3,"name":"Kelttiset tatuoinnit"}]},{"@type":"WebSite","@id":"https:\/\/likeink.com\/fi\/#website","url":"https:\/\/likeink.com\/fi\/","name":"Like ink","description":"Make your own custom design","potentialAction":[{"@type":"SearchAction","target":{"@type":"EntryPoint","urlTemplate":"https:\/\/likeink.com\/fi\/?s={search_term_string}"},"query-input":{"@type":"PropertyValueSpecification","valueRequired":true,"valueName":"search_term_string"}}],"inLanguage":"fi"}]}},"_links":{"self":[{"href":"https:\/\/likeink.com\/fi\/wp-json\/wp\/v2\/product\/18300","targetHints":{"allow":["GET"]}}],"collection":[{"href":"https:\/\/likeink.com\/fi\/wp-json\/wp\/v2\/product"}],"about":[{"href":"https:\/\/likeink.com\/fi\/wp-json\/wp\/v2\/types\/product"}],"wp:featuredmedia":[{"embeddable":true,"href":"https:\/\/likeink.com\/fi\/wp-json\/wp\/v2\/media\/18267"}],"wp:attachment":[{"href":"https:\/\/likeink.com\/fi\/wp-json\/wp\/v2\/media?parent=18300"}],"wp:term":[{"taxonomy":"product_brand","embeddable":true,"href":"https:\/\/likeink.com\/fi\/wp-json\/wp\/v2\/product_brand?post=18300"},{"taxonomy":"product_cat","embeddable":true,"href":"https:\/\/likeink.com\/fi\/wp-json\/wp\/v2\/product_cat?post=18300"},{"taxonomy":"product_tag","embeddable":true,"href":"https:\/\/likeink.com\/fi\/wp-json\/wp\/v2\/product_tag?post=18300"}],"curies":[{"name":"wp","href":"https:\/\/api.w.org\/{rel}","templated":true}]}}