{"id":18828,"date":"2023-06-14T17:30:29","date_gmt":"2023-06-14T17:30:29","guid":{"rendered":"https:\/\/likeink.se\/gnuggis\/satanism-tatueringar\/"},"modified":"2026-03-17T12:33:25","modified_gmt":"2026-03-17T12:33:25","slug":"satanismi-tatuoinnit","status":"publish","type":"product","link":"https:\/\/likeink.com\/fi\/siirtotatuoinnit\/satanismi-tatuoinnit\/","title":{"rendered":"Satanismi-tatuoinnit"},"content":{"rendered":"","protected":false},"excerpt":{"rendered":"<p>Tatuointiarkki &#8220;Satanismi-tatuoinnit&#8221; sis\u00e4lt\u00e4\u00e4 visuaalisesti kiehtovan valikoiman tilap\u00e4istatuointeja, jotka ovat kaikki saaneet inspiraationsa satanismin rikkaasta ja kiehtovasta symboliikasta.<\/p>\n<h2>Tilaa Satanismi-tatuointeja, joissa on symboleja kuten Pentagrammi ja Risti<\/h2>\n<p>Hallitsevasta pentagrammin l\u00e4sn\u00e4olosta voimakkaaseen vetovoimaan k\u00e4\u00e4nteisess\u00e4 ristiss\u00e4 n\u00e4m\u00e4 satanistiset tatuoinnit ilmaisevat vaihtoehtoisen tyylin, joka on sek\u00e4 silmiinpist\u00e4v\u00e4 ett\u00e4 keskustelua her\u00e4tt\u00e4v\u00e4. Levit\u00e4 ja poista n\u00e4m\u00e4 tilap\u00e4istatuoinnit helposti ilmaistaksesi henkil\u00f6kohtaista tyyli\u00e4si tai kun haluat her\u00e4tt\u00e4\u00e4 hieman ylim\u00e4\u00e4r\u00e4ist\u00e4 huomiota. Like Ink -yrityksen tilap\u00e4istatuoinnit antavat sinulle vapauden vaihtaa tyyli\u00e4si aina kun haluat. Kuka tiet\u00e4\u00e4, ehk\u00e4 haluat olla buddhalainen ensi viikolla?<br \/>\nTulostamme ja l\u00e4het\u00e4mme 24 tunnin sis\u00e4ll\u00e4!<\/p>\n<p><strong>Arkin koko: A5<\/strong><br \/>\n<strong>Tatuointien lukum\u00e4\u00e4r\u00e4: 18<\/strong><br \/>\n<strong>Suurimman pentagrammin koko: 60 mm<\/strong><\/p>\n","protected":false},"featured_media":18738,"template":"","meta":[],"product_brand":[],"product_cat":[526,51],"product_tag":[],"class_list":{"0":"post-18828","1":"product","2":"type-product","3":"status-publish","4":"has-post-thumbnail","6":"product_cat-tribal-symbolit-riimut","7":"product_cat-valmiit-arkit","9":"first","10":"instock","11":"taxable","12":"shipping-taxable","13":"purchasable","14":"product-type-simple"},"yoast_head":"<!-- This site is optimized with the Yoast SEO Premium plugin v26.2 (Yoast SEO v27.4) - https:\/\/yoast.com\/product\/yoast-seo-premium-wordpress\/ -->\n<title>Satanismi-tatuoinnit - Korkealaatuinen ja nopea toimitus - Like ink<\/title>\n<meta name=\"description\" content=\"Tilaa Satanismi-tatuoinnit pentagrammeilla, k\u00e4\u00e4nnetty risteill\u00e4 ja muilla suunnitelmilla!- Like ink\" \/>\n<meta name=\"robots\" content=\"index, follow, max-snippet:-1, max-image-preview:large, max-video-preview:-1\" \/>\n<link rel=\"canonical\" href=\"https:\/\/likeink.com\/fi\/siirtotatuoinnit\/satanismi-tatuoinnit\/\" \/>\n<meta property=\"og:locale\" content=\"fi_FI\" \/>\n<meta property=\"og:type\" content=\"article\" \/>\n<meta property=\"og:title\" content=\"Satanismi-tatuoinnit\" \/>\n<meta property=\"og:description\" content=\"Tatuointiarkki &quot;Satanismi-tatuoinnit&quot; sis\u00e4lt\u00e4\u00e4 visuaalisesti kiehtovan valikoiman tilap\u00e4istatuointeja, jotka ovat kaikki saaneet inspiraationsa satanismin rikkaasta ja kiehtovasta symboliikasta. Tilaa Satanismi-tatuointeja, joissa on symboleja kuten Pentagrammi ja Risti Hallitsevasta pentagrammin l\u00e4sn\u00e4olosta voimakkaaseen vetovoimaan k\u00e4\u00e4nteisess\u00e4 ristiss\u00e4 n\u00e4m\u00e4 satanistiset tatuoinnit ilmaisevat vaihtoehtoisen tyylin, joka on sek\u00e4 silmiinpist\u00e4v\u00e4 ett\u00e4 keskustelua her\u00e4tt\u00e4v\u00e4. Levit\u00e4 ja poista n\u00e4m\u00e4 tilap\u00e4istatuoinnit helposti ilmaistaksesi henkil\u00f6kohtaista tyyli\u00e4si tai kun haluat her\u00e4tt\u00e4\u00e4 hieman ylim\u00e4\u00e4r\u00e4ist\u00e4 huomiota. Like Ink -yrityksen tilap\u00e4istatuoinnit antavat sinulle vapauden vaihtaa tyyli\u00e4si aina kun haluat. Kuka tiet\u00e4\u00e4, ehk\u00e4 haluat olla buddhalainen ensi viikolla? Tulostamme ja l\u00e4het\u00e4mme 24 tunnin sis\u00e4ll\u00e4!  Arkin koko: A5 Tatuointien lukum\u00e4\u00e4r\u00e4: 18 Suurimman pentagrammin koko: 60 mm\" \/>\n<meta property=\"og:url\" content=\"https:\/\/likeink.com\/fi\/siirtotatuoinnit\/satanismi-tatuoinnit\/\" \/>\n<meta property=\"og:site_name\" content=\"Like ink\" \/>\n<meta property=\"article:publisher\" content=\"https:\/\/www.facebook.com\/LikeInkSe\" \/>\n<meta property=\"article:modified_time\" content=\"2026-03-17T12:33:25+00:00\" \/>\n<meta property=\"og:image\" content=\"https:\/\/likeink.com\/wp-content\/uploads\/2023\/06\/Satanism-tatueringar-likeink.jpg\" \/>\n\t<meta property=\"og:image:width\" content=\"1200\" \/>\n\t<meta property=\"og:image:height\" content=\"845\" \/>\n\t<meta property=\"og:image:type\" content=\"image\/jpeg\" \/>\n<meta name=\"twitter:card\" content=\"summary_large_image\" \/>\n<!-- \/ Yoast SEO Premium plugin. -->","yoast_head_json":{"title":"Satanismi-tatuoinnit - Korkealaatuinen ja nopea toimitus - Like ink","description":"Tilaa Satanismi-tatuoinnit pentagrammeilla, k\u00e4\u00e4nnetty risteill\u00e4 ja muilla suunnitelmilla!- Like ink","robots":{"index":"index","follow":"follow","max-snippet":"max-snippet:-1","max-image-preview":"max-image-preview:large","max-video-preview":"max-video-preview:-1"},"canonical":"https:\/\/likeink.com\/fi\/siirtotatuoinnit\/satanismi-tatuoinnit\/","og_locale":"fi_FI","og_type":"article","og_title":"Satanismi-tatuoinnit","og_description":"Tatuointiarkki \"Satanismi-tatuoinnit\" sis\u00e4lt\u00e4\u00e4 visuaalisesti kiehtovan valikoiman tilap\u00e4istatuointeja, jotka ovat kaikki saaneet inspiraationsa satanismin rikkaasta ja kiehtovasta symboliikasta. Tilaa Satanismi-tatuointeja, joissa on symboleja kuten Pentagrammi ja Risti Hallitsevasta pentagrammin l\u00e4sn\u00e4olosta voimakkaaseen vetovoimaan k\u00e4\u00e4nteisess\u00e4 ristiss\u00e4 n\u00e4m\u00e4 satanistiset tatuoinnit ilmaisevat vaihtoehtoisen tyylin, joka on sek\u00e4 silmiinpist\u00e4v\u00e4 ett\u00e4 keskustelua her\u00e4tt\u00e4v\u00e4. Levit\u00e4 ja poista n\u00e4m\u00e4 tilap\u00e4istatuoinnit helposti ilmaistaksesi henkil\u00f6kohtaista tyyli\u00e4si tai kun haluat her\u00e4tt\u00e4\u00e4 hieman ylim\u00e4\u00e4r\u00e4ist\u00e4 huomiota. Like Ink -yrityksen tilap\u00e4istatuoinnit antavat sinulle vapauden vaihtaa tyyli\u00e4si aina kun haluat. Kuka tiet\u00e4\u00e4, ehk\u00e4 haluat olla buddhalainen ensi viikolla? Tulostamme ja l\u00e4het\u00e4mme 24 tunnin sis\u00e4ll\u00e4!  Arkin koko: A5 Tatuointien lukum\u00e4\u00e4r\u00e4: 18 Suurimman pentagrammin koko: 60 mm","og_url":"https:\/\/likeink.com\/fi\/siirtotatuoinnit\/satanismi-tatuoinnit\/","og_site_name":"Like ink","article_publisher":"https:\/\/www.facebook.com\/LikeInkSe","article_modified_time":"2026-03-17T12:33:25+00:00","og_image":[{"width":1200,"height":845,"url":"https:\/\/likeink.com\/wp-content\/uploads\/2023\/06\/Satanism-tatueringar-likeink.jpg","type":"image\/jpeg"}],"twitter_card":"summary_large_image","schema":{"@context":"https:\/\/schema.org","@graph":[{"@type":"WebPage","@id":"https:\/\/likeink.com\/fi\/siirtotatuoinnit\/satanismi-tatuoinnit\/","url":"https:\/\/likeink.com\/fi\/siirtotatuoinnit\/satanismi-tatuoinnit\/","name":"Satanismi-tatuoinnit - Korkealaatuinen ja nopea toimitus - Like ink","isPartOf":{"@id":"https:\/\/likeink.com\/fi\/#website"},"primaryImageOfPage":{"@id":"https:\/\/likeink.com\/fi\/siirtotatuoinnit\/satanismi-tatuoinnit\/#primaryimage"},"image":{"@id":"https:\/\/likeink.com\/fi\/siirtotatuoinnit\/satanismi-tatuoinnit\/#primaryimage"},"thumbnailUrl":"https:\/\/likeink.com\/wp-content\/uploads\/2023\/06\/Satanism-tatueringar-likeink.jpg","datePublished":"2023-06-14T17:30:29+00:00","dateModified":"2026-03-17T12:33:25+00:00","description":"Tilaa Satanismi-tatuoinnit pentagrammeilla, k\u00e4\u00e4nnetty risteill\u00e4 ja muilla suunnitelmilla!- Like ink","breadcrumb":{"@id":"https:\/\/likeink.com\/fi\/siirtotatuoinnit\/satanismi-tatuoinnit\/#breadcrumb"},"inLanguage":"fi","potentialAction":[{"@type":"ReadAction","target":["https:\/\/likeink.com\/fi\/siirtotatuoinnit\/satanismi-tatuoinnit\/"]}]},{"@type":"ImageObject","inLanguage":"fi","@id":"https:\/\/likeink.com\/fi\/siirtotatuoinnit\/satanismi-tatuoinnit\/#primaryimage","url":"https:\/\/likeink.com\/wp-content\/uploads\/2023\/06\/Satanism-tatueringar-likeink.jpg","contentUrl":"https:\/\/likeink.com\/wp-content\/uploads\/2023\/06\/Satanism-tatueringar-likeink.jpg","width":1200,"height":845,"caption":"Saatanismi tatuoinnit, pentagrammi, k\u00e4\u00e4nnettyj\u00e4 ristej\u00e4 ja muita saatanallisia tatuointeja."},{"@type":"BreadcrumbList","@id":"https:\/\/likeink.com\/fi\/siirtotatuoinnit\/satanismi-tatuoinnit\/#breadcrumb","itemListElement":[{"@type":"ListItem","position":1,"name":"Hem","item":"https:\/\/likeink.com\/fi\/"},{"@type":"ListItem","position":2,"name":"Shop","item":"https:\/\/likeink.com\/fi\/shop\/"},{"@type":"ListItem","position":3,"name":"Satanismi-tatuoinnit"}]},{"@type":"WebSite","@id":"https:\/\/likeink.com\/fi\/#website","url":"https:\/\/likeink.com\/fi\/","name":"Like ink","description":"Make your own custom design","potentialAction":[{"@type":"SearchAction","target":{"@type":"EntryPoint","urlTemplate":"https:\/\/likeink.com\/fi\/?s={search_term_string}"},"query-input":{"@type":"PropertyValueSpecification","valueRequired":true,"valueName":"search_term_string"}}],"inLanguage":"fi"}]}},"_links":{"self":[{"href":"https:\/\/likeink.com\/fi\/wp-json\/wp\/v2\/product\/18828","targetHints":{"allow":["GET"]}}],"collection":[{"href":"https:\/\/likeink.com\/fi\/wp-json\/wp\/v2\/product"}],"about":[{"href":"https:\/\/likeink.com\/fi\/wp-json\/wp\/v2\/types\/product"}],"wp:featuredmedia":[{"embeddable":true,"href":"https:\/\/likeink.com\/fi\/wp-json\/wp\/v2\/media\/18738"}],"wp:attachment":[{"href":"https:\/\/likeink.com\/fi\/wp-json\/wp\/v2\/media?parent=18828"}],"wp:term":[{"taxonomy":"product_brand","embeddable":true,"href":"https:\/\/likeink.com\/fi\/wp-json\/wp\/v2\/product_brand?post=18828"},{"taxonomy":"product_cat","embeddable":true,"href":"https:\/\/likeink.com\/fi\/wp-json\/wp\/v2\/product_cat?post=18828"},{"taxonomy":"product_tag","embeddable":true,"href":"https:\/\/likeink.com\/fi\/wp-json\/wp\/v2\/product_tag?post=18828"}],"curies":[{"name":"wp","href":"https:\/\/api.w.org\/{rel}","templated":true}]}}