{"id":19096,"date":"2023-06-30T12:28:34","date_gmt":"2023-06-30T12:28:34","guid":{"rendered":"https:\/\/likeink.se\/gnuggis\/mohippa-temporara-tatueringar\/"},"modified":"2026-03-17T12:33:25","modified_gmt":"2026-03-17T12:33:25","slug":"bachelorette-tilapaistatuoinnit","status":"publish","type":"product","link":"https:\/\/likeink.com\/fi\/siirtotatuoinnit\/bachelorette-tilapaistatuoinnit\/","title":{"rendered":"Bachelorette-tilap\u00e4istatuoinnit"},"content":{"rendered":"","protected":false},"excerpt":{"rendered":"<p>Tatuointiarkki &#8220;Bachelorette-tilap\u00e4istatuoinnit&#8221; on suunniteltu tekem\u00e4\u00e4n polttareistasi hieman hauskempia, luomaan kauniita muistoja ja vahvistamaan ryhm\u00e4n yhteenkuuluvuutta!<\/p>\n<h2>Tilaa hauskoja ja kauniita tatuointeja polttareihin<\/h2>\n<p>Tilap\u00e4istatuointimme ovat hell\u00e4varaisia iholle ja niit\u00e4 on helppo levitt\u00e4\u00e4 ja pest\u00e4 pois. Painamme ja l\u00e4het\u00e4mme tatuoinnit 24 tunnin kuluessa, ja jos haluat tilata tilap\u00e4istatuointeja omalla suunnittelulla h\u00e4it\u00e4 varten, se on my\u00f6s eritt\u00e4in helppoa meid\u00e4n kauttamme, Like Ink!<\/p>\n<p><strong>Arkinkoko: A5<\/strong><br \/>\n<strong>Tatuointien m\u00e4\u00e4r\u00e4: 17<\/strong><br \/>\n<strong>Tatuoinnin koko: 4,5 cm<\/strong><\/p>\n","protected":false},"featured_media":19023,"template":"","meta":[],"product_brand":[],"product_cat":[557,51],"product_tag":[],"class_list":{"0":"post-19096","1":"product","2":"type-product","3":"status-publish","4":"has-post-thumbnail","6":"product_cat-rakkaus-romantiikka","7":"product_cat-valmiit-arkit","9":"first","10":"instock","11":"taxable","12":"shipping-taxable","13":"purchasable","14":"product-type-simple"},"yoast_head":"<!-- This site is optimized with the Yoast SEO Premium plugin v26.2 (Yoast SEO v27.5) - https:\/\/yoast.com\/product\/yoast-seo-premium-wordpress\/ -->\n<title>Bachelorette-tilap\u00e4istatuoinnit - Nopea toimitus - Like ink<\/title>\n<meta name=\"description\" content=\"Bachelorette-tilap\u00e4istatuoinnit! Tehosta polttareita ja luo kauniita muistoja tekaistuilla tatuoinneilla meilt\u00e4, Like Ink! - Like ink\" \/>\n<meta name=\"robots\" content=\"index, follow, max-snippet:-1, max-image-preview:large, max-video-preview:-1\" \/>\n<link rel=\"canonical\" href=\"https:\/\/likeink.com\/fi\/siirtotatuoinnit\/bachelorette-tilapaistatuoinnit\/\" \/>\n<meta property=\"og:locale\" content=\"fi_FI\" \/>\n<meta property=\"og:type\" content=\"article\" \/>\n<meta property=\"og:title\" content=\"Bachelorette-tilap\u00e4istatuoinnit\" \/>\n<meta property=\"og:description\" content=\"Tatuointiarkki &quot;Bachelorette-tilap\u00e4istatuoinnit&quot; on suunniteltu tekem\u00e4\u00e4n polttareistasi hieman hauskempia, luomaan kauniita muistoja ja vahvistamaan ryhm\u00e4n yhteenkuuluvuutta! Tilaa hauskoja ja kauniita tatuointeja polttareihin Tilap\u00e4istatuointimme ovat hell\u00e4varaisia iholle ja niit\u00e4 on helppo levitt\u00e4\u00e4 ja pest\u00e4 pois. Painamme ja l\u00e4het\u00e4mme tatuoinnit 24 tunnin kuluessa, ja jos haluat tilata tilap\u00e4istatuointeja omalla suunnittelulla h\u00e4it\u00e4 varten, se on my\u00f6s eritt\u00e4in helppoa meid\u00e4n kauttamme, Like Ink!  Arkinkoko: A5 Tatuointien m\u00e4\u00e4r\u00e4: 17 Tatuoinnin koko: 4,5 cm\" \/>\n<meta property=\"og:url\" content=\"https:\/\/likeink.com\/fi\/siirtotatuoinnit\/bachelorette-tilapaistatuoinnit\/\" \/>\n<meta property=\"og:site_name\" content=\"Like ink\" \/>\n<meta property=\"article:publisher\" content=\"https:\/\/www.facebook.com\/LikeInkSe\" \/>\n<meta property=\"article:modified_time\" content=\"2026-03-17T12:33:25+00:00\" \/>\n<meta property=\"og:image\" content=\"https:\/\/likeink.com\/wp-content\/uploads\/2023\/06\/Mohippa-likeink-tatueringar.jpg\" \/>\n\t<meta property=\"og:image:width\" content=\"2481\" \/>\n\t<meta property=\"og:image:height\" content=\"1749\" \/>\n\t<meta property=\"og:image:type\" content=\"image\/jpeg\" \/>\n<meta name=\"twitter:card\" content=\"summary_large_image\" \/>\n<!-- \/ Yoast SEO Premium plugin. -->","yoast_head_json":{"title":"Bachelorette-tilap\u00e4istatuoinnit - Nopea toimitus - Like ink","description":"Bachelorette-tilap\u00e4istatuoinnit! Tehosta polttareita ja luo kauniita muistoja tekaistuilla tatuoinneilla meilt\u00e4, Like Ink! - Like ink","robots":{"index":"index","follow":"follow","max-snippet":"max-snippet:-1","max-image-preview":"max-image-preview:large","max-video-preview":"max-video-preview:-1"},"canonical":"https:\/\/likeink.com\/fi\/siirtotatuoinnit\/bachelorette-tilapaistatuoinnit\/","og_locale":"fi_FI","og_type":"article","og_title":"Bachelorette-tilap\u00e4istatuoinnit","og_description":"Tatuointiarkki \"Bachelorette-tilap\u00e4istatuoinnit\" on suunniteltu tekem\u00e4\u00e4n polttareistasi hieman hauskempia, luomaan kauniita muistoja ja vahvistamaan ryhm\u00e4n yhteenkuuluvuutta! Tilaa hauskoja ja kauniita tatuointeja polttareihin Tilap\u00e4istatuointimme ovat hell\u00e4varaisia iholle ja niit\u00e4 on helppo levitt\u00e4\u00e4 ja pest\u00e4 pois. Painamme ja l\u00e4het\u00e4mme tatuoinnit 24 tunnin kuluessa, ja jos haluat tilata tilap\u00e4istatuointeja omalla suunnittelulla h\u00e4it\u00e4 varten, se on my\u00f6s eritt\u00e4in helppoa meid\u00e4n kauttamme, Like Ink!  Arkinkoko: A5 Tatuointien m\u00e4\u00e4r\u00e4: 17 Tatuoinnin koko: 4,5 cm","og_url":"https:\/\/likeink.com\/fi\/siirtotatuoinnit\/bachelorette-tilapaistatuoinnit\/","og_site_name":"Like ink","article_publisher":"https:\/\/www.facebook.com\/LikeInkSe","article_modified_time":"2026-03-17T12:33:25+00:00","og_image":[{"width":2481,"height":1749,"url":"https:\/\/likeink.com\/wp-content\/uploads\/2023\/06\/Mohippa-likeink-tatueringar.jpg","type":"image\/jpeg"}],"twitter_card":"summary_large_image","schema":{"@context":"https:\/\/schema.org","@graph":[{"@type":"WebPage","@id":"https:\/\/likeink.com\/fi\/siirtotatuoinnit\/bachelorette-tilapaistatuoinnit\/","url":"https:\/\/likeink.com\/fi\/siirtotatuoinnit\/bachelorette-tilapaistatuoinnit\/","name":"Bachelorette-tilap\u00e4istatuoinnit - Nopea toimitus - Like ink","isPartOf":{"@id":"https:\/\/likeink.com\/fi\/#website"},"primaryImageOfPage":{"@id":"https:\/\/likeink.com\/fi\/siirtotatuoinnit\/bachelorette-tilapaistatuoinnit\/#primaryimage"},"image":{"@id":"https:\/\/likeink.com\/fi\/siirtotatuoinnit\/bachelorette-tilapaistatuoinnit\/#primaryimage"},"thumbnailUrl":"https:\/\/likeink.com\/wp-content\/uploads\/2023\/06\/Mohippa-likeink-tatueringar.jpg","datePublished":"2023-06-30T12:28:34+00:00","dateModified":"2026-03-17T12:33:25+00:00","description":"Bachelorette-tilap\u00e4istatuoinnit! Tehosta polttareita ja luo kauniita muistoja tekaistuilla tatuoinneilla meilt\u00e4, Like Ink! - Like ink","breadcrumb":{"@id":"https:\/\/likeink.com\/fi\/siirtotatuoinnit\/bachelorette-tilapaistatuoinnit\/#breadcrumb"},"inLanguage":"fi","potentialAction":[{"@type":"ReadAction","target":["https:\/\/likeink.com\/fi\/siirtotatuoinnit\/bachelorette-tilapaistatuoinnit\/"]}]},{"@type":"ImageObject","inLanguage":"fi","@id":"https:\/\/likeink.com\/fi\/siirtotatuoinnit\/bachelorette-tilapaistatuoinnit\/#primaryimage","url":"https:\/\/likeink.com\/wp-content\/uploads\/2023\/06\/Mohippa-likeink-tatueringar.jpg","contentUrl":"https:\/\/likeink.com\/wp-content\/uploads\/2023\/06\/Mohippa-likeink-tatueringar.jpg","width":2481,"height":1749,"caption":"Tilaa siirtotatuoinnit polttareihin ja h\u00e4\u00e4juhlaan."},{"@type":"BreadcrumbList","@id":"https:\/\/likeink.com\/fi\/siirtotatuoinnit\/bachelorette-tilapaistatuoinnit\/#breadcrumb","itemListElement":[{"@type":"ListItem","position":1,"name":"Hem","item":"https:\/\/likeink.com\/fi\/"},{"@type":"ListItem","position":2,"name":"Shop","item":"https:\/\/likeink.com\/fi\/shop\/"},{"@type":"ListItem","position":3,"name":"Bachelorette-tilap\u00e4istatuoinnit"}]},{"@type":"WebSite","@id":"https:\/\/likeink.com\/fi\/#website","url":"https:\/\/likeink.com\/fi\/","name":"Like ink","description":"Make your own custom design","potentialAction":[{"@type":"SearchAction","target":{"@type":"EntryPoint","urlTemplate":"https:\/\/likeink.com\/fi\/?s={search_term_string}"},"query-input":{"@type":"PropertyValueSpecification","valueRequired":true,"valueName":"search_term_string"}}],"inLanguage":"fi"}]}},"_links":{"self":[{"href":"https:\/\/likeink.com\/fi\/wp-json\/wp\/v2\/product\/19096","targetHints":{"allow":["GET"]}}],"collection":[{"href":"https:\/\/likeink.com\/fi\/wp-json\/wp\/v2\/product"}],"about":[{"href":"https:\/\/likeink.com\/fi\/wp-json\/wp\/v2\/types\/product"}],"wp:featuredmedia":[{"embeddable":true,"href":"https:\/\/likeink.com\/fi\/wp-json\/wp\/v2\/media\/19023"}],"wp:attachment":[{"href":"https:\/\/likeink.com\/fi\/wp-json\/wp\/v2\/media?parent=19096"}],"wp:term":[{"taxonomy":"product_brand","embeddable":true,"href":"https:\/\/likeink.com\/fi\/wp-json\/wp\/v2\/product_brand?post=19096"},{"taxonomy":"product_cat","embeddable":true,"href":"https:\/\/likeink.com\/fi\/wp-json\/wp\/v2\/product_cat?post=19096"},{"taxonomy":"product_tag","embeddable":true,"href":"https:\/\/likeink.com\/fi\/wp-json\/wp\/v2\/product_tag?post=19096"}],"curies":[{"name":"wp","href":"https:\/\/api.w.org\/{rel}","templated":true}]}}