{"id":19112,"date":"2023-06-30T13:12:25","date_gmt":"2023-06-30T13:12:25","guid":{"rendered":"https:\/\/likeink.se\/gnuggis\/svensexa-fake-tatueringar\/"},"modified":"2026-03-17T12:33:25","modified_gmt":"2026-03-17T12:33:25","slug":"biletta-neptatuoinnit","status":"publish","type":"product","link":"https:\/\/likeink.com\/fi\/siirtotatuoinnit\/biletta-neptatuoinnit\/","title":{"rendered":"Bilett\u00e4 Neptatuoinnit"},"content":{"rendered":"","protected":false},"excerpt":{"rendered":"<p>Tatuointiarkki &#8221;Bilett\u00e4 neptatuoinnit&#8221; on suunniteltu tekem\u00e4\u00e4n bileist\u00e4 hieman hauskempia, luomaan hauskoja muistoja ja vahvistamaan ryhm\u00e4n yhteenkuuluvuutta!<\/p>\n<h2>Tilaa hauskoja ja siistej\u00e4 tatuointeja biletyst\u00e4 varten<\/h2>\n<p>V\u00e4liaikaiset tatuointimme ovat hell\u00e4varaisia iholle ja helppoja levitt\u00e4\u00e4 ja pest\u00e4 pois. Painamme ja l\u00e4het\u00e4mme tatuoinnit 24 tunnin kuluessa, ja jos haluat tilata tekaistuja tatuointeja omalla suunnittelulla h\u00e4it\u00e4 varten, sekin on eritt\u00e4in helppoa meid\u00e4n kauttamme, Like Ink!<\/p>\n<p><strong>Arkinkoko: A5<\/strong><br \/>\n<strong>Tatuointien m\u00e4\u00e4r\u00e4: 17<\/strong><br \/>\n<strong>Tatuoinnin koko: 4,5 cm<\/strong><\/p>\n","protected":false},"featured_media":19088,"template":"","meta":[],"product_brand":[],"product_cat":[217,213,51],"product_tag":[],"class_list":{"0":"post-19112","1":"product","2":"type-product","3":"status-publish","4":"has-post-thumbnail","6":"product_cat-loman-tatuointi","7":"product_cat-rakkaus-tatuointi-sydantatuointi","8":"product_cat-valmiit-arkit","10":"first","11":"instock","12":"taxable","13":"shipping-taxable","14":"purchasable","15":"product-type-simple"},"yoast_head":"<!-- This site is optimized with the Yoast SEO Premium plugin v26.2 (Yoast SEO v27.4) - https:\/\/yoast.com\/product\/yoast-seo-premium-wordpress\/ -->\n<title>Bilett\u00e4 Neptatuoinnit - Nopea toimitus - Like ink<\/title>\n<meta name=\"description\" content=\"Bilett\u00e4 Neptatuoinnit! Tehosta biletyst\u00e4 ja viet\u00e4 hauska ilta tekaistujen tatuointien parissa Like Ink! - Like ink\" \/>\n<meta name=\"robots\" content=\"index, follow, max-snippet:-1, max-image-preview:large, max-video-preview:-1\" \/>\n<link rel=\"canonical\" href=\"https:\/\/likeink.com\/fi\/siirtotatuoinnit\/biletta-neptatuoinnit\/\" \/>\n<meta property=\"og:locale\" content=\"fi_FI\" \/>\n<meta property=\"og:type\" content=\"article\" \/>\n<meta property=\"og:title\" content=\"Bilett\u00e4 Neptatuoinnit\" \/>\n<meta property=\"og:description\" content=\"Tatuointiarkki &quot;Bilett\u00e4 neptatuoinnit&quot; on suunniteltu tekem\u00e4\u00e4n bileist\u00e4 hieman hauskempia, luomaan hauskoja muistoja ja vahvistamaan ryhm\u00e4n yhteenkuuluvuutta! Tilaa hauskoja ja siistej\u00e4 tatuointeja biletyst\u00e4 varten V\u00e4liaikaiset tatuointimme ovat hell\u00e4varaisia iholle ja helppoja levitt\u00e4\u00e4 ja pest\u00e4 pois. Painamme ja l\u00e4het\u00e4mme tatuoinnit 24 tunnin kuluessa, ja jos haluat tilata tekaistuja tatuointeja omalla suunnittelulla h\u00e4it\u00e4 varten, sekin on eritt\u00e4in helppoa meid\u00e4n kauttamme, Like Ink!  Arkinkoko: A5 Tatuointien m\u00e4\u00e4r\u00e4: 17 Tatuoinnin koko: 4,5 cm\" \/>\n<meta property=\"og:url\" content=\"https:\/\/likeink.com\/fi\/siirtotatuoinnit\/biletta-neptatuoinnit\/\" \/>\n<meta property=\"og:site_name\" content=\"Like ink\" \/>\n<meta property=\"article:publisher\" content=\"https:\/\/www.facebook.com\/LikeInkSe\" \/>\n<meta property=\"article:modified_time\" content=\"2026-03-17T12:33:25+00:00\" \/>\n<meta property=\"og:image\" content=\"https:\/\/likeink.com\/wp-content\/uploads\/2023\/06\/Svensexa2-likeink-tatueringar.jpg\" \/>\n\t<meta property=\"og:image:width\" content=\"1400\" \/>\n\t<meta property=\"og:image:height\" content=\"986\" \/>\n\t<meta property=\"og:image:type\" content=\"image\/jpeg\" \/>\n<meta name=\"twitter:card\" content=\"summary_large_image\" \/>\n<script type=\"application\/ld+json\" class=\"yoast-schema-graph\">{\"@context\":\"https:\\\/\\\/schema.org\",\"@graph\":[{\"@type\":\"WebPage\",\"@id\":\"https:\\\/\\\/likeink.com\\\/fi\\\/siirtotatuoinnit\\\/biletta-neptatuoinnit\\\/\",\"url\":\"https:\\\/\\\/likeink.com\\\/fi\\\/siirtotatuoinnit\\\/biletta-neptatuoinnit\\\/\",\"name\":\"Bilett\u00e4 Neptatuoinnit - Nopea toimitus - Like ink\",\"isPartOf\":{\"@id\":\"https:\\\/\\\/likeink.com\\\/fi\\\/#website\"},\"primaryImageOfPage\":{\"@id\":\"https:\\\/\\\/likeink.com\\\/fi\\\/siirtotatuoinnit\\\/biletta-neptatuoinnit\\\/#primaryimage\"},\"image\":{\"@id\":\"https:\\\/\\\/likeink.com\\\/fi\\\/siirtotatuoinnit\\\/biletta-neptatuoinnit\\\/#primaryimage\"},\"thumbnailUrl\":\"https:\\\/\\\/likeink.com\\\/wp-content\\\/uploads\\\/2023\\\/06\\\/Svensexa2-likeink-tatueringar.jpg\",\"datePublished\":\"2023-06-30T13:12:25+00:00\",\"dateModified\":\"2026-03-17T12:33:25+00:00\",\"description\":\"Bilett\u00e4 Neptatuoinnit! Tehosta biletyst\u00e4 ja viet\u00e4 hauska ilta tekaistujen tatuointien parissa Like Ink! - Like ink\",\"breadcrumb\":{\"@id\":\"https:\\\/\\\/likeink.com\\\/fi\\\/siirtotatuoinnit\\\/biletta-neptatuoinnit\\\/#breadcrumb\"},\"inLanguage\":\"fi\",\"potentialAction\":[{\"@type\":\"ReadAction\",\"target\":[\"https:\\\/\\\/likeink.com\\\/fi\\\/siirtotatuoinnit\\\/biletta-neptatuoinnit\\\/\"]}]},{\"@type\":\"ImageObject\",\"inLanguage\":\"fi\",\"@id\":\"https:\\\/\\\/likeink.com\\\/fi\\\/siirtotatuoinnit\\\/biletta-neptatuoinnit\\\/#primaryimage\",\"url\":\"https:\\\/\\\/likeink.com\\\/wp-content\\\/uploads\\\/2023\\\/06\\\/Svensexa2-likeink-tatueringar.jpg\",\"contentUrl\":\"https:\\\/\\\/likeink.com\\\/wp-content\\\/uploads\\\/2023\\\/06\\\/Svensexa2-likeink-tatueringar.jpg\",\"width\":1400,\"height\":986,\"caption\":\"Osta siirtotatuoinnit polttareihin.\"},{\"@type\":\"BreadcrumbList\",\"@id\":\"https:\\\/\\\/likeink.com\\\/fi\\\/siirtotatuoinnit\\\/biletta-neptatuoinnit\\\/#breadcrumb\",\"itemListElement\":[{\"@type\":\"ListItem\",\"position\":1,\"name\":\"Hem\",\"item\":\"https:\\\/\\\/likeink.com\\\/fi\\\/\"},{\"@type\":\"ListItem\",\"position\":2,\"name\":\"Shop\",\"item\":\"https:\\\/\\\/likeink.com\\\/fi\\\/shop\\\/\"},{\"@type\":\"ListItem\",\"position\":3,\"name\":\"Bilett\u00e4 Neptatuoinnit\"}]},{\"@type\":\"WebSite\",\"@id\":\"https:\\\/\\\/likeink.com\\\/fi\\\/#website\",\"url\":\"https:\\\/\\\/likeink.com\\\/fi\\\/\",\"name\":\"Like ink\",\"description\":\"Make your own custom design\",\"potentialAction\":[{\"@type\":\"SearchAction\",\"target\":{\"@type\":\"EntryPoint\",\"urlTemplate\":\"https:\\\/\\\/likeink.com\\\/fi\\\/?s={search_term_string}\"},\"query-input\":{\"@type\":\"PropertyValueSpecification\",\"valueRequired\":true,\"valueName\":\"search_term_string\"}}],\"inLanguage\":\"fi\"}]}<\/script>\n<!-- \/ Yoast SEO Premium plugin. -->","yoast_head_json":{"title":"Bilett\u00e4 Neptatuoinnit - Nopea toimitus - Like ink","description":"Bilett\u00e4 Neptatuoinnit! Tehosta biletyst\u00e4 ja viet\u00e4 hauska ilta tekaistujen tatuointien parissa Like Ink! - Like ink","robots":{"index":"index","follow":"follow","max-snippet":"max-snippet:-1","max-image-preview":"max-image-preview:large","max-video-preview":"max-video-preview:-1"},"canonical":"https:\/\/likeink.com\/fi\/siirtotatuoinnit\/biletta-neptatuoinnit\/","og_locale":"fi_FI","og_type":"article","og_title":"Bilett\u00e4 Neptatuoinnit","og_description":"Tatuointiarkki \"Bilett\u00e4 neptatuoinnit\" on suunniteltu tekem\u00e4\u00e4n bileist\u00e4 hieman hauskempia, luomaan hauskoja muistoja ja vahvistamaan ryhm\u00e4n yhteenkuuluvuutta! Tilaa hauskoja ja siistej\u00e4 tatuointeja biletyst\u00e4 varten V\u00e4liaikaiset tatuointimme ovat hell\u00e4varaisia iholle ja helppoja levitt\u00e4\u00e4 ja pest\u00e4 pois. Painamme ja l\u00e4het\u00e4mme tatuoinnit 24 tunnin kuluessa, ja jos haluat tilata tekaistuja tatuointeja omalla suunnittelulla h\u00e4it\u00e4 varten, sekin on eritt\u00e4in helppoa meid\u00e4n kauttamme, Like Ink!  Arkinkoko: A5 Tatuointien m\u00e4\u00e4r\u00e4: 17 Tatuoinnin koko: 4,5 cm","og_url":"https:\/\/likeink.com\/fi\/siirtotatuoinnit\/biletta-neptatuoinnit\/","og_site_name":"Like ink","article_publisher":"https:\/\/www.facebook.com\/LikeInkSe","article_modified_time":"2026-03-17T12:33:25+00:00","og_image":[{"width":1400,"height":986,"url":"https:\/\/likeink.com\/wp-content\/uploads\/2023\/06\/Svensexa2-likeink-tatueringar.jpg","type":"image\/jpeg"}],"twitter_card":"summary_large_image","schema":{"@context":"https:\/\/schema.org","@graph":[{"@type":"WebPage","@id":"https:\/\/likeink.com\/fi\/siirtotatuoinnit\/biletta-neptatuoinnit\/","url":"https:\/\/likeink.com\/fi\/siirtotatuoinnit\/biletta-neptatuoinnit\/","name":"Bilett\u00e4 Neptatuoinnit - Nopea toimitus - Like ink","isPartOf":{"@id":"https:\/\/likeink.com\/fi\/#website"},"primaryImageOfPage":{"@id":"https:\/\/likeink.com\/fi\/siirtotatuoinnit\/biletta-neptatuoinnit\/#primaryimage"},"image":{"@id":"https:\/\/likeink.com\/fi\/siirtotatuoinnit\/biletta-neptatuoinnit\/#primaryimage"},"thumbnailUrl":"https:\/\/likeink.com\/wp-content\/uploads\/2023\/06\/Svensexa2-likeink-tatueringar.jpg","datePublished":"2023-06-30T13:12:25+00:00","dateModified":"2026-03-17T12:33:25+00:00","description":"Bilett\u00e4 Neptatuoinnit! Tehosta biletyst\u00e4 ja viet\u00e4 hauska ilta tekaistujen tatuointien parissa Like Ink! - Like ink","breadcrumb":{"@id":"https:\/\/likeink.com\/fi\/siirtotatuoinnit\/biletta-neptatuoinnit\/#breadcrumb"},"inLanguage":"fi","potentialAction":[{"@type":"ReadAction","target":["https:\/\/likeink.com\/fi\/siirtotatuoinnit\/biletta-neptatuoinnit\/"]}]},{"@type":"ImageObject","inLanguage":"fi","@id":"https:\/\/likeink.com\/fi\/siirtotatuoinnit\/biletta-neptatuoinnit\/#primaryimage","url":"https:\/\/likeink.com\/wp-content\/uploads\/2023\/06\/Svensexa2-likeink-tatueringar.jpg","contentUrl":"https:\/\/likeink.com\/wp-content\/uploads\/2023\/06\/Svensexa2-likeink-tatueringar.jpg","width":1400,"height":986,"caption":"Osta siirtotatuoinnit polttareihin."},{"@type":"BreadcrumbList","@id":"https:\/\/likeink.com\/fi\/siirtotatuoinnit\/biletta-neptatuoinnit\/#breadcrumb","itemListElement":[{"@type":"ListItem","position":1,"name":"Hem","item":"https:\/\/likeink.com\/fi\/"},{"@type":"ListItem","position":2,"name":"Shop","item":"https:\/\/likeink.com\/fi\/shop\/"},{"@type":"ListItem","position":3,"name":"Bilett\u00e4 Neptatuoinnit"}]},{"@type":"WebSite","@id":"https:\/\/likeink.com\/fi\/#website","url":"https:\/\/likeink.com\/fi\/","name":"Like ink","description":"Make your own custom design","potentialAction":[{"@type":"SearchAction","target":{"@type":"EntryPoint","urlTemplate":"https:\/\/likeink.com\/fi\/?s={search_term_string}"},"query-input":{"@type":"PropertyValueSpecification","valueRequired":true,"valueName":"search_term_string"}}],"inLanguage":"fi"}]}},"_links":{"self":[{"href":"https:\/\/likeink.com\/fi\/wp-json\/wp\/v2\/product\/19112","targetHints":{"allow":["GET"]}}],"collection":[{"href":"https:\/\/likeink.com\/fi\/wp-json\/wp\/v2\/product"}],"about":[{"href":"https:\/\/likeink.com\/fi\/wp-json\/wp\/v2\/types\/product"}],"wp:featuredmedia":[{"embeddable":true,"href":"https:\/\/likeink.com\/fi\/wp-json\/wp\/v2\/media\/19088"}],"wp:attachment":[{"href":"https:\/\/likeink.com\/fi\/wp-json\/wp\/v2\/media?parent=19112"}],"wp:term":[{"taxonomy":"product_brand","embeddable":true,"href":"https:\/\/likeink.com\/fi\/wp-json\/wp\/v2\/product_brand?post=19112"},{"taxonomy":"product_cat","embeddable":true,"href":"https:\/\/likeink.com\/fi\/wp-json\/wp\/v2\/product_cat?post=19112"},{"taxonomy":"product_tag","embeddable":true,"href":"https:\/\/likeink.com\/fi\/wp-json\/wp\/v2\/product_tag?post=19112"}],"curies":[{"name":"wp","href":"https:\/\/api.w.org\/{rel}","templated":true}]}}