{"id":19147,"date":"2023-06-30T19:48:18","date_gmt":"2023-06-30T19:48:19","guid":{"rendered":"https:\/\/likeink.se\/?post_type=product&#038;p=19147"},"modified":"2026-03-17T12:33:37","modified_gmt":"2026-03-17T12:33:37","slug":"jalkapallo-tatuoinnit-luuranko","status":"publish","type":"product","link":"https:\/\/likeink.com\/fi\/siirtotatuoinnit\/jalkapallo-tatuoinnit-luuranko\/","title":{"rendered":"Jalkapallo-tatuoinnit &#8221;luuranko&#8221;"},"content":{"rendered":"","protected":false},"excerpt":{"rendered":"<p>Like Ink V\u00e4\u00e4rennetyt tatuoinnit &#8211; T\u00e4ydellisi\u00e4 kaikille jalkapallofaneille!<br \/>\nFantastisilla v\u00e4\u00e4rennetyill\u00e4 tatuoinneillamme voit n\u00e4ytt\u00e4\u00e4 rakkautesi jalkapalloon. T\u00e4ss\u00e4 saat arkki t\u00e4ynn\u00e4 erilaisia kuvitettuja jalkapalloja, jotka sopivat jalkapalloharjoitteluun, kannustamiseen jalkapallo-ottelun katsomossa tai kun haluat lis\u00e4t\u00e4 hieman extraa kotona sohvalla. Tatuointimme ovat my\u00f6s suosittuja jaettavaksi juhlissa, tapahtumissa ja kokoontumisissa!<\/p>\n<h2>Tilaa kauniita luuranko jalkapallotatuointeja<\/h2>\n<p>Tatuoinnit ovat hell\u00e4varaisia iholle, korkealaatuisia ja helppoja levitt\u00e4\u00e4.<\/p>\n<p><strong>Arkin koko: A5<\/strong><br \/>\n<strong>Tatuointien m\u00e4\u00e4r\u00e4: 9<\/strong><br \/>\n<strong>Tatuoinnin koko: 3-12 cm<\/strong><\/p>\n","protected":false},"featured_media":18876,"template":"","meta":[],"product_brand":[],"product_cat":[219,51],"product_tag":[],"class_list":{"0":"post-19147","1":"product","2":"type-product","3":"status-publish","4":"has-post-thumbnail","6":"product_cat-muut-tatuoinnit","7":"product_cat-valmiit-arkit","9":"first","10":"instock","11":"taxable","12":"shipping-taxable","13":"purchasable","14":"product-type-simple"},"yoast_head":"<!-- This site is optimized with the Yoast SEO Premium plugin v26.2 (Yoast SEO v27.4) - https:\/\/yoast.com\/product\/yoast-seo-premium-wordpress\/ -->\n<title>Jalkapallo-tatuoinnit &quot;luuranko&quot; I Laadukkaita ja nopea toimitus!<\/title>\n<meta name=\"description\" content=\"Jalkapallo-tatuoinnit: Hauskaa jalkapallocheer-joukolle, mukavasti televisiosohvalla ja harjoitusten aikana! Nopea toimitus ja ilmainen toimitus!\" \/>\n<meta name=\"robots\" content=\"index, follow, max-snippet:-1, max-image-preview:large, max-video-preview:-1\" \/>\n<link rel=\"canonical\" href=\"https:\/\/likeink.com\/fi\/siirtotatuoinnit\/jalkapallo-tatuoinnit-luuranko\/\" \/>\n<meta property=\"og:locale\" content=\"fi_FI\" \/>\n<meta property=\"og:type\" content=\"article\" \/>\n<meta property=\"og:title\" content=\"Jalkapallo-tatuoinnit &quot;luuranko&quot;\" \/>\n<meta property=\"og:description\" content=\"Like Ink V\u00e4\u00e4rennetyt tatuoinnit - T\u00e4ydellisi\u00e4 kaikille jalkapallofaneille! Fantastisilla v\u00e4\u00e4rennetyill\u00e4 tatuoinneillamme voit n\u00e4ytt\u00e4\u00e4 rakkautesi jalkapalloon. T\u00e4ss\u00e4 saat arkki t\u00e4ynn\u00e4 erilaisia kuvitettuja jalkapalloja, jotka sopivat jalkapalloharjoitteluun, kannustamiseen jalkapallo-ottelun katsomossa tai kun haluat lis\u00e4t\u00e4 hieman extraa kotona sohvalla. Tatuointimme ovat my\u00f6s suosittuja jaettavaksi juhlissa, tapahtumissa ja kokoontumisissa! Tilaa kauniita luuranko jalkapallotatuointeja Tatuoinnit ovat hell\u00e4varaisia iholle, korkealaatuisia ja helppoja levitt\u00e4\u00e4.  Arkin koko: A5 Tatuointien m\u00e4\u00e4r\u00e4: 9 Tatuoinnin koko: 3-12 cm\" \/>\n<meta property=\"og:url\" content=\"https:\/\/likeink.com\/fi\/siirtotatuoinnit\/jalkapallo-tatuoinnit-luuranko\/\" \/>\n<meta property=\"og:site_name\" content=\"Like ink\" \/>\n<meta property=\"article:publisher\" content=\"https:\/\/www.facebook.com\/LikeInkSe\" \/>\n<meta property=\"article:modified_time\" content=\"2026-03-17T12:33:37+00:00\" \/>\n<meta property=\"og:image\" content=\"https:\/\/likeink.com\/wp-content\/uploads\/2023\/06\/Fotboll-skelett-fejktatueringar-likeink.jpg\" \/>\n\t<meta property=\"og:image:width\" content=\"1200\" \/>\n\t<meta property=\"og:image:height\" content=\"845\" \/>\n\t<meta property=\"og:image:type\" content=\"image\/jpeg\" \/>\n<meta name=\"twitter:card\" content=\"summary_large_image\" \/>\n<script type=\"application\/ld+json\" class=\"yoast-schema-graph\">{\"@context\":\"https:\\\/\\\/schema.org\",\"@graph\":[{\"@type\":\"WebPage\",\"@id\":\"https:\\\/\\\/likeink.com\\\/fi\\\/siirtotatuoinnit\\\/jalkapallo-tatuoinnit-luuranko\\\/\",\"url\":\"https:\\\/\\\/likeink.com\\\/fi\\\/siirtotatuoinnit\\\/jalkapallo-tatuoinnit-luuranko\\\/\",\"name\":\"Jalkapallo-tatuoinnit \\\"luuranko\\\" I Laadukkaita ja nopea toimitus!\",\"isPartOf\":{\"@id\":\"https:\\\/\\\/likeink.com\\\/fi\\\/#website\"},\"primaryImageOfPage\":{\"@id\":\"https:\\\/\\\/likeink.com\\\/fi\\\/siirtotatuoinnit\\\/jalkapallo-tatuoinnit-luuranko\\\/#primaryimage\"},\"image\":{\"@id\":\"https:\\\/\\\/likeink.com\\\/fi\\\/siirtotatuoinnit\\\/jalkapallo-tatuoinnit-luuranko\\\/#primaryimage\"},\"thumbnailUrl\":\"https:\\\/\\\/likeink.com\\\/wp-content\\\/uploads\\\/2023\\\/06\\\/Fotboll-skelett-fejktatueringar-likeink.jpg\",\"datePublished\":\"2023-06-30T19:48:19+00:00\",\"dateModified\":\"2026-03-17T12:33:37+00:00\",\"description\":\"Jalkapallo-tatuoinnit: Hauskaa jalkapallocheer-joukolle, mukavasti televisiosohvalla ja harjoitusten aikana! Nopea toimitus ja ilmainen toimitus!\",\"breadcrumb\":{\"@id\":\"https:\\\/\\\/likeink.com\\\/fi\\\/siirtotatuoinnit\\\/jalkapallo-tatuoinnit-luuranko\\\/#breadcrumb\"},\"inLanguage\":\"fi\",\"potentialAction\":[{\"@type\":\"ReadAction\",\"target\":[\"https:\\\/\\\/likeink.com\\\/fi\\\/siirtotatuoinnit\\\/jalkapallo-tatuoinnit-luuranko\\\/\"]}]},{\"@type\":\"ImageObject\",\"inLanguage\":\"fi\",\"@id\":\"https:\\\/\\\/likeink.com\\\/fi\\\/siirtotatuoinnit\\\/jalkapallo-tatuoinnit-luuranko\\\/#primaryimage\",\"url\":\"https:\\\/\\\/likeink.com\\\/wp-content\\\/uploads\\\/2023\\\/06\\\/Fotboll-skelett-fejktatueringar-likeink.jpg\",\"contentUrl\":\"https:\\\/\\\/likeink.com\\\/wp-content\\\/uploads\\\/2023\\\/06\\\/Fotboll-skelett-fejktatueringar-likeink.jpg\",\"width\":1200,\"height\":845,\"caption\":\"Luuranko- ja kallo-tatuoinnit jalkapalloaiheella. Tilaa Like ink -yritykselt\u00e4.\"},{\"@type\":\"BreadcrumbList\",\"@id\":\"https:\\\/\\\/likeink.com\\\/fi\\\/siirtotatuoinnit\\\/jalkapallo-tatuoinnit-luuranko\\\/#breadcrumb\",\"itemListElement\":[{\"@type\":\"ListItem\",\"position\":1,\"name\":\"Hem\",\"item\":\"https:\\\/\\\/likeink.com\\\/fi\\\/\"},{\"@type\":\"ListItem\",\"position\":2,\"name\":\"Shop\",\"item\":\"https:\\\/\\\/likeink.com\\\/fi\\\/shop\\\/\"},{\"@type\":\"ListItem\",\"position\":3,\"name\":\"Jalkapallo-tatuoinnit &#8220;luuranko&#8221;\"}]},{\"@type\":\"WebSite\",\"@id\":\"https:\\\/\\\/likeink.com\\\/fi\\\/#website\",\"url\":\"https:\\\/\\\/likeink.com\\\/fi\\\/\",\"name\":\"Like ink\",\"description\":\"Make your own custom design\",\"potentialAction\":[{\"@type\":\"SearchAction\",\"target\":{\"@type\":\"EntryPoint\",\"urlTemplate\":\"https:\\\/\\\/likeink.com\\\/fi\\\/?s={search_term_string}\"},\"query-input\":{\"@type\":\"PropertyValueSpecification\",\"valueRequired\":true,\"valueName\":\"search_term_string\"}}],\"inLanguage\":\"fi\"}]}<\/script>\n<!-- \/ Yoast SEO Premium plugin. -->","yoast_head_json":{"title":"Jalkapallo-tatuoinnit \"luuranko\" I Laadukkaita ja nopea toimitus!","description":"Jalkapallo-tatuoinnit: Hauskaa jalkapallocheer-joukolle, mukavasti televisiosohvalla ja harjoitusten aikana! Nopea toimitus ja ilmainen toimitus!","robots":{"index":"index","follow":"follow","max-snippet":"max-snippet:-1","max-image-preview":"max-image-preview:large","max-video-preview":"max-video-preview:-1"},"canonical":"https:\/\/likeink.com\/fi\/siirtotatuoinnit\/jalkapallo-tatuoinnit-luuranko\/","og_locale":"fi_FI","og_type":"article","og_title":"Jalkapallo-tatuoinnit \"luuranko\"","og_description":"Like Ink V\u00e4\u00e4rennetyt tatuoinnit - T\u00e4ydellisi\u00e4 kaikille jalkapallofaneille! Fantastisilla v\u00e4\u00e4rennetyill\u00e4 tatuoinneillamme voit n\u00e4ytt\u00e4\u00e4 rakkautesi jalkapalloon. T\u00e4ss\u00e4 saat arkki t\u00e4ynn\u00e4 erilaisia kuvitettuja jalkapalloja, jotka sopivat jalkapalloharjoitteluun, kannustamiseen jalkapallo-ottelun katsomossa tai kun haluat lis\u00e4t\u00e4 hieman extraa kotona sohvalla. Tatuointimme ovat my\u00f6s suosittuja jaettavaksi juhlissa, tapahtumissa ja kokoontumisissa! Tilaa kauniita luuranko jalkapallotatuointeja Tatuoinnit ovat hell\u00e4varaisia iholle, korkealaatuisia ja helppoja levitt\u00e4\u00e4.  Arkin koko: A5 Tatuointien m\u00e4\u00e4r\u00e4: 9 Tatuoinnin koko: 3-12 cm","og_url":"https:\/\/likeink.com\/fi\/siirtotatuoinnit\/jalkapallo-tatuoinnit-luuranko\/","og_site_name":"Like ink","article_publisher":"https:\/\/www.facebook.com\/LikeInkSe","article_modified_time":"2026-03-17T12:33:37+00:00","og_image":[{"width":1200,"height":845,"url":"https:\/\/likeink.com\/wp-content\/uploads\/2023\/06\/Fotboll-skelett-fejktatueringar-likeink.jpg","type":"image\/jpeg"}],"twitter_card":"summary_large_image","schema":{"@context":"https:\/\/schema.org","@graph":[{"@type":"WebPage","@id":"https:\/\/likeink.com\/fi\/siirtotatuoinnit\/jalkapallo-tatuoinnit-luuranko\/","url":"https:\/\/likeink.com\/fi\/siirtotatuoinnit\/jalkapallo-tatuoinnit-luuranko\/","name":"Jalkapallo-tatuoinnit \"luuranko\" I Laadukkaita ja nopea toimitus!","isPartOf":{"@id":"https:\/\/likeink.com\/fi\/#website"},"primaryImageOfPage":{"@id":"https:\/\/likeink.com\/fi\/siirtotatuoinnit\/jalkapallo-tatuoinnit-luuranko\/#primaryimage"},"image":{"@id":"https:\/\/likeink.com\/fi\/siirtotatuoinnit\/jalkapallo-tatuoinnit-luuranko\/#primaryimage"},"thumbnailUrl":"https:\/\/likeink.com\/wp-content\/uploads\/2023\/06\/Fotboll-skelett-fejktatueringar-likeink.jpg","datePublished":"2023-06-30T19:48:19+00:00","dateModified":"2026-03-17T12:33:37+00:00","description":"Jalkapallo-tatuoinnit: Hauskaa jalkapallocheer-joukolle, mukavasti televisiosohvalla ja harjoitusten aikana! Nopea toimitus ja ilmainen toimitus!","breadcrumb":{"@id":"https:\/\/likeink.com\/fi\/siirtotatuoinnit\/jalkapallo-tatuoinnit-luuranko\/#breadcrumb"},"inLanguage":"fi","potentialAction":[{"@type":"ReadAction","target":["https:\/\/likeink.com\/fi\/siirtotatuoinnit\/jalkapallo-tatuoinnit-luuranko\/"]}]},{"@type":"ImageObject","inLanguage":"fi","@id":"https:\/\/likeink.com\/fi\/siirtotatuoinnit\/jalkapallo-tatuoinnit-luuranko\/#primaryimage","url":"https:\/\/likeink.com\/wp-content\/uploads\/2023\/06\/Fotboll-skelett-fejktatueringar-likeink.jpg","contentUrl":"https:\/\/likeink.com\/wp-content\/uploads\/2023\/06\/Fotboll-skelett-fejktatueringar-likeink.jpg","width":1200,"height":845,"caption":"Luuranko- ja kallo-tatuoinnit jalkapalloaiheella. Tilaa Like ink -yritykselt\u00e4."},{"@type":"BreadcrumbList","@id":"https:\/\/likeink.com\/fi\/siirtotatuoinnit\/jalkapallo-tatuoinnit-luuranko\/#breadcrumb","itemListElement":[{"@type":"ListItem","position":1,"name":"Hem","item":"https:\/\/likeink.com\/fi\/"},{"@type":"ListItem","position":2,"name":"Shop","item":"https:\/\/likeink.com\/fi\/shop\/"},{"@type":"ListItem","position":3,"name":"Jalkapallo-tatuoinnit &#8220;luuranko&#8221;"}]},{"@type":"WebSite","@id":"https:\/\/likeink.com\/fi\/#website","url":"https:\/\/likeink.com\/fi\/","name":"Like ink","description":"Make your own custom design","potentialAction":[{"@type":"SearchAction","target":{"@type":"EntryPoint","urlTemplate":"https:\/\/likeink.com\/fi\/?s={search_term_string}"},"query-input":{"@type":"PropertyValueSpecification","valueRequired":true,"valueName":"search_term_string"}}],"inLanguage":"fi"}]}},"_links":{"self":[{"href":"https:\/\/likeink.com\/fi\/wp-json\/wp\/v2\/product\/19147","targetHints":{"allow":["GET"]}}],"collection":[{"href":"https:\/\/likeink.com\/fi\/wp-json\/wp\/v2\/product"}],"about":[{"href":"https:\/\/likeink.com\/fi\/wp-json\/wp\/v2\/types\/product"}],"wp:featuredmedia":[{"embeddable":true,"href":"https:\/\/likeink.com\/fi\/wp-json\/wp\/v2\/media\/18876"}],"wp:attachment":[{"href":"https:\/\/likeink.com\/fi\/wp-json\/wp\/v2\/media?parent=19147"}],"wp:term":[{"taxonomy":"product_brand","embeddable":true,"href":"https:\/\/likeink.com\/fi\/wp-json\/wp\/v2\/product_brand?post=19147"},{"taxonomy":"product_cat","embeddable":true,"href":"https:\/\/likeink.com\/fi\/wp-json\/wp\/v2\/product_cat?post=19147"},{"taxonomy":"product_tag","embeddable":true,"href":"https:\/\/likeink.com\/fi\/wp-json\/wp\/v2\/product_tag?post=19147"}],"curies":[{"name":"wp","href":"https:\/\/api.w.org\/{rel}","templated":true}]}}