{"id":21545,"date":"2023-09-17T07:02:25","date_gmt":"2023-09-17T07:02:25","guid":{"rendered":"https:\/\/likeink.se\/gnuggis\/barbie-och-ken-tatueringar\/"},"modified":"2026-03-17T12:33:49","modified_gmt":"2026-03-17T12:33:49","slug":"barbie-ja-ken-tatuoinnit","status":"publish","type":"product","link":"https:\/\/likeink.com\/fi\/siirtotatuoinnit\/barbie-ja-ken-tatuoinnit\/","title":{"rendered":"Barbie ja Ken Tatuoinnit"},"content":{"rendered":"","protected":false},"excerpt":{"rendered":"<p><strong>Barbie ja Ken Feikkitatuoinnit<\/strong><br \/>\nTervetuloa Barbie ja Kenin pinkkiin maailmaan n\u00e4iden hienojen feikkitatuointien avulla Like inkilt\u00e4. Muuta hyv\u00e4 pukeutuminen ja hauska juhla maagiseksi illaksi n\u00e4ill\u00e4 tatuoinneilla, jotka ovat t\u00e4ydellisi\u00e4 t\u00e4ydent\u00e4m\u00e4\u00e4n Barbie- tai Ken-asuasi.<br \/>\nTatuointiarkki sis\u00e4lt\u00e4\u00e4 feikkitatuointeja tunnetuilla sitaateilla, logoilla ja ikoneilla Barbie-maailmasta! Viivakoodin voit esimerkiksi laittaa niskaasi, jossa kaikilla oikeilla nukeilla on merkint\u00e4ns\u00e4.<\/p>\n<h2>Valitse tyylikk\u00e4it\u00e4 feikkitatuointeja Barbie ja Ken logoin, sitaatein ja Barbie-inspiroiduin motiivein.<\/h2>\n<p>Tatuoinnit ovat helppoja levitt\u00e4\u00e4, kest\u00e4vi\u00e4, allergiayst\u00e4v\u00e4llisi\u00e4 ja helposti pest\u00e4vi\u00e4 pois hauskan illan j\u00e4lkeen! Painamme ja l\u00e4het\u00e4mme Barbie ja Ken tatuointisi 24 tunnin sis\u00e4ll\u00e4.<\/p>\n<p><strong>Arkinkoko: A5<\/strong><br \/>\n<strong>Tatuointien m\u00e4\u00e4r\u00e4: 16<\/strong><br \/>\n<strong>Tatuoinnin koko: 2-8 cm<\/strong><\/p>\n","protected":false},"featured_media":21536,"template":"","meta":[],"product_brand":[],"product_cat":[206,218,51],"product_tag":[],"class_list":{"0":"post-21545","1":"product","2":"type-product","3":"status-publish","4":"has-post-thumbnail","6":"product_cat-halloween-tatuoinnit","7":"product_cat-hauskoja-tatuointeja","8":"product_cat-valmiit-arkit","10":"first","11":"instock","12":"taxable","13":"shipping-taxable","14":"purchasable","15":"product-type-simple"},"yoast_head":"<!-- This site is optimized with the Yoast SEO Premium plugin v26.2 (Yoast SEO v27.4) - https:\/\/yoast.com\/product\/yoast-seo-premium-wordpress\/ -->\n<title>Barbie ja Ken Tatuoinnit Barbie ja Ken Tatuoinnit A5 - Like ink<\/title>\n<meta name=\"description\" content=\"Barbie ja Ken Tatuoinnit: Barbie ja Ken feikkitatuoinnit naamiaisiin, maskeraadeihin ja juhliin! Tilaa Barbie ja Ken tatuointisi t\u00e4n\u00e4\u00e4n! - Like ink\" \/>\n<meta name=\"robots\" content=\"index, follow, max-snippet:-1, max-image-preview:large, max-video-preview:-1\" \/>\n<link rel=\"canonical\" href=\"https:\/\/likeink.com\/fi\/siirtotatuoinnit\/barbie-ja-ken-tatuoinnit\/\" \/>\n<meta property=\"og:locale\" content=\"fi_FI\" \/>\n<meta property=\"og:type\" content=\"article\" \/>\n<meta property=\"og:title\" content=\"Barbie ja Ken Tatuoinnit\" \/>\n<meta property=\"og:description\" content=\"Barbie ja Ken Feikkitatuoinnit Tervetuloa Barbie ja Kenin pinkkiin maailmaan n\u00e4iden hienojen feikkitatuointien avulla Like inkilt\u00e4. Muuta hyv\u00e4 pukeutuminen ja hauska juhla maagiseksi illaksi n\u00e4ill\u00e4 tatuoinneilla, jotka ovat t\u00e4ydellisi\u00e4 t\u00e4ydent\u00e4m\u00e4\u00e4n Barbie- tai Ken-asuasi. Tatuointiarkki sis\u00e4lt\u00e4\u00e4 feikkitatuointeja tunnetuilla sitaateilla, logoilla ja ikoneilla Barbie-maailmasta! Viivakoodin voit esimerkiksi laittaa niskaasi, jossa kaikilla oikeilla nukeilla on merkint\u00e4ns\u00e4. Valitse tyylikk\u00e4it\u00e4 feikkitatuointeja Barbie ja Ken logoin, sitaatein ja Barbie-inspiroiduin motiivein. Tatuoinnit ovat helppoja levitt\u00e4\u00e4, kest\u00e4vi\u00e4, allergiayst\u00e4v\u00e4llisi\u00e4 ja helposti pest\u00e4vi\u00e4 pois hauskan illan j\u00e4lkeen! Painamme ja l\u00e4het\u00e4mme Barbie ja Ken tatuointisi 24 tunnin sis\u00e4ll\u00e4.  Arkinkoko: A5 Tatuointien m\u00e4\u00e4r\u00e4: 16 Tatuoinnin koko: 2-8 cm\" \/>\n<meta property=\"og:url\" content=\"https:\/\/likeink.com\/fi\/siirtotatuoinnit\/barbie-ja-ken-tatuoinnit\/\" \/>\n<meta property=\"og:site_name\" content=\"Like ink\" \/>\n<meta property=\"article:publisher\" content=\"https:\/\/www.facebook.com\/LikeInkSe\" \/>\n<meta property=\"article:modified_time\" content=\"2026-03-17T12:33:49+00:00\" \/>\n<meta property=\"og:image\" content=\"https:\/\/likeink.com\/wp-content\/uploads\/2023\/09\/Barbie-and-Ken-Tattoos-Likeink.jpg\" \/>\n\t<meta property=\"og:image:width\" content=\"1500\" \/>\n\t<meta property=\"og:image:height\" content=\"1057\" \/>\n\t<meta property=\"og:image:type\" content=\"image\/jpeg\" \/>\n<meta name=\"twitter:card\" content=\"summary_large_image\" \/>\n<script type=\"application\/ld+json\" class=\"yoast-schema-graph\">{\"@context\":\"https:\\\/\\\/schema.org\",\"@graph\":[{\"@type\":\"WebPage\",\"@id\":\"https:\\\/\\\/likeink.com\\\/fi\\\/siirtotatuoinnit\\\/barbie-ja-ken-tatuoinnit\\\/\",\"url\":\"https:\\\/\\\/likeink.com\\\/fi\\\/siirtotatuoinnit\\\/barbie-ja-ken-tatuoinnit\\\/\",\"name\":\"Barbie ja Ken Tatuoinnit Barbie ja Ken Tatuoinnit A5 - Like ink\",\"isPartOf\":{\"@id\":\"https:\\\/\\\/likeink.com\\\/fi\\\/#website\"},\"primaryImageOfPage\":{\"@id\":\"https:\\\/\\\/likeink.com\\\/fi\\\/siirtotatuoinnit\\\/barbie-ja-ken-tatuoinnit\\\/#primaryimage\"},\"image\":{\"@id\":\"https:\\\/\\\/likeink.com\\\/fi\\\/siirtotatuoinnit\\\/barbie-ja-ken-tatuoinnit\\\/#primaryimage\"},\"thumbnailUrl\":\"https:\\\/\\\/likeink.com\\\/wp-content\\\/uploads\\\/2023\\\/09\\\/Barbie-and-Ken-Tattoos-Likeink.jpg\",\"datePublished\":\"2023-09-17T07:02:25+00:00\",\"dateModified\":\"2026-03-17T12:33:49+00:00\",\"description\":\"Barbie ja Ken Tatuoinnit: Barbie ja Ken feikkitatuoinnit naamiaisiin, maskeraadeihin ja juhliin! Tilaa Barbie ja Ken tatuointisi t\u00e4n\u00e4\u00e4n! - Like ink\",\"breadcrumb\":{\"@id\":\"https:\\\/\\\/likeink.com\\\/fi\\\/siirtotatuoinnit\\\/barbie-ja-ken-tatuoinnit\\\/#breadcrumb\"},\"inLanguage\":\"fi\",\"potentialAction\":[{\"@type\":\"ReadAction\",\"target\":[\"https:\\\/\\\/likeink.com\\\/fi\\\/siirtotatuoinnit\\\/barbie-ja-ken-tatuoinnit\\\/\"]}]},{\"@type\":\"ImageObject\",\"inLanguage\":\"fi\",\"@id\":\"https:\\\/\\\/likeink.com\\\/fi\\\/siirtotatuoinnit\\\/barbie-ja-ken-tatuoinnit\\\/#primaryimage\",\"url\":\"https:\\\/\\\/likeink.com\\\/wp-content\\\/uploads\\\/2023\\\/09\\\/Barbie-and-Ken-Tattoos-Likeink.jpg\",\"contentUrl\":\"https:\\\/\\\/likeink.com\\\/wp-content\\\/uploads\\\/2023\\\/09\\\/Barbie-and-Ken-Tattoos-Likeink.jpg\",\"width\":1500,\"height\":1057,\"caption\":\"Tatuoinnit Barbie-elokuvasta. Ken ja Barbie tatuoinnit. H\u00e4n on kaikki, h\u00e4n on vain Ken.\"},{\"@type\":\"BreadcrumbList\",\"@id\":\"https:\\\/\\\/likeink.com\\\/fi\\\/siirtotatuoinnit\\\/barbie-ja-ken-tatuoinnit\\\/#breadcrumb\",\"itemListElement\":[{\"@type\":\"ListItem\",\"position\":1,\"name\":\"Hem\",\"item\":\"https:\\\/\\\/likeink.com\\\/fi\\\/\"},{\"@type\":\"ListItem\",\"position\":2,\"name\":\"Shop\",\"item\":\"https:\\\/\\\/likeink.com\\\/fi\\\/shop\\\/\"},{\"@type\":\"ListItem\",\"position\":3,\"name\":\"Barbie ja Ken Tatuoinnit\"}]},{\"@type\":\"WebSite\",\"@id\":\"https:\\\/\\\/likeink.com\\\/fi\\\/#website\",\"url\":\"https:\\\/\\\/likeink.com\\\/fi\\\/\",\"name\":\"Like ink\",\"description\":\"Make your own custom design\",\"potentialAction\":[{\"@type\":\"SearchAction\",\"target\":{\"@type\":\"EntryPoint\",\"urlTemplate\":\"https:\\\/\\\/likeink.com\\\/fi\\\/?s={search_term_string}\"},\"query-input\":{\"@type\":\"PropertyValueSpecification\",\"valueRequired\":true,\"valueName\":\"search_term_string\"}}],\"inLanguage\":\"fi\"}]}<\/script>\n<!-- \/ Yoast SEO Premium plugin. -->","yoast_head_json":{"title":"Barbie ja Ken Tatuoinnit Barbie ja Ken Tatuoinnit A5 - Like ink","description":"Barbie ja Ken Tatuoinnit: Barbie ja Ken feikkitatuoinnit naamiaisiin, maskeraadeihin ja juhliin! Tilaa Barbie ja Ken tatuointisi t\u00e4n\u00e4\u00e4n! - Like ink","robots":{"index":"index","follow":"follow","max-snippet":"max-snippet:-1","max-image-preview":"max-image-preview:large","max-video-preview":"max-video-preview:-1"},"canonical":"https:\/\/likeink.com\/fi\/siirtotatuoinnit\/barbie-ja-ken-tatuoinnit\/","og_locale":"fi_FI","og_type":"article","og_title":"Barbie ja Ken Tatuoinnit","og_description":"Barbie ja Ken Feikkitatuoinnit Tervetuloa Barbie ja Kenin pinkkiin maailmaan n\u00e4iden hienojen feikkitatuointien avulla Like inkilt\u00e4. Muuta hyv\u00e4 pukeutuminen ja hauska juhla maagiseksi illaksi n\u00e4ill\u00e4 tatuoinneilla, jotka ovat t\u00e4ydellisi\u00e4 t\u00e4ydent\u00e4m\u00e4\u00e4n Barbie- tai Ken-asuasi. Tatuointiarkki sis\u00e4lt\u00e4\u00e4 feikkitatuointeja tunnetuilla sitaateilla, logoilla ja ikoneilla Barbie-maailmasta! Viivakoodin voit esimerkiksi laittaa niskaasi, jossa kaikilla oikeilla nukeilla on merkint\u00e4ns\u00e4. Valitse tyylikk\u00e4it\u00e4 feikkitatuointeja Barbie ja Ken logoin, sitaatein ja Barbie-inspiroiduin motiivein. Tatuoinnit ovat helppoja levitt\u00e4\u00e4, kest\u00e4vi\u00e4, allergiayst\u00e4v\u00e4llisi\u00e4 ja helposti pest\u00e4vi\u00e4 pois hauskan illan j\u00e4lkeen! Painamme ja l\u00e4het\u00e4mme Barbie ja Ken tatuointisi 24 tunnin sis\u00e4ll\u00e4.  Arkinkoko: A5 Tatuointien m\u00e4\u00e4r\u00e4: 16 Tatuoinnin koko: 2-8 cm","og_url":"https:\/\/likeink.com\/fi\/siirtotatuoinnit\/barbie-ja-ken-tatuoinnit\/","og_site_name":"Like ink","article_publisher":"https:\/\/www.facebook.com\/LikeInkSe","article_modified_time":"2026-03-17T12:33:49+00:00","og_image":[{"width":1500,"height":1057,"url":"https:\/\/likeink.com\/wp-content\/uploads\/2023\/09\/Barbie-and-Ken-Tattoos-Likeink.jpg","type":"image\/jpeg"}],"twitter_card":"summary_large_image","schema":{"@context":"https:\/\/schema.org","@graph":[{"@type":"WebPage","@id":"https:\/\/likeink.com\/fi\/siirtotatuoinnit\/barbie-ja-ken-tatuoinnit\/","url":"https:\/\/likeink.com\/fi\/siirtotatuoinnit\/barbie-ja-ken-tatuoinnit\/","name":"Barbie ja Ken Tatuoinnit Barbie ja Ken Tatuoinnit A5 - Like ink","isPartOf":{"@id":"https:\/\/likeink.com\/fi\/#website"},"primaryImageOfPage":{"@id":"https:\/\/likeink.com\/fi\/siirtotatuoinnit\/barbie-ja-ken-tatuoinnit\/#primaryimage"},"image":{"@id":"https:\/\/likeink.com\/fi\/siirtotatuoinnit\/barbie-ja-ken-tatuoinnit\/#primaryimage"},"thumbnailUrl":"https:\/\/likeink.com\/wp-content\/uploads\/2023\/09\/Barbie-and-Ken-Tattoos-Likeink.jpg","datePublished":"2023-09-17T07:02:25+00:00","dateModified":"2026-03-17T12:33:49+00:00","description":"Barbie ja Ken Tatuoinnit: Barbie ja Ken feikkitatuoinnit naamiaisiin, maskeraadeihin ja juhliin! Tilaa Barbie ja Ken tatuointisi t\u00e4n\u00e4\u00e4n! - Like ink","breadcrumb":{"@id":"https:\/\/likeink.com\/fi\/siirtotatuoinnit\/barbie-ja-ken-tatuoinnit\/#breadcrumb"},"inLanguage":"fi","potentialAction":[{"@type":"ReadAction","target":["https:\/\/likeink.com\/fi\/siirtotatuoinnit\/barbie-ja-ken-tatuoinnit\/"]}]},{"@type":"ImageObject","inLanguage":"fi","@id":"https:\/\/likeink.com\/fi\/siirtotatuoinnit\/barbie-ja-ken-tatuoinnit\/#primaryimage","url":"https:\/\/likeink.com\/wp-content\/uploads\/2023\/09\/Barbie-and-Ken-Tattoos-Likeink.jpg","contentUrl":"https:\/\/likeink.com\/wp-content\/uploads\/2023\/09\/Barbie-and-Ken-Tattoos-Likeink.jpg","width":1500,"height":1057,"caption":"Tatuoinnit Barbie-elokuvasta. Ken ja Barbie tatuoinnit. H\u00e4n on kaikki, h\u00e4n on vain Ken."},{"@type":"BreadcrumbList","@id":"https:\/\/likeink.com\/fi\/siirtotatuoinnit\/barbie-ja-ken-tatuoinnit\/#breadcrumb","itemListElement":[{"@type":"ListItem","position":1,"name":"Hem","item":"https:\/\/likeink.com\/fi\/"},{"@type":"ListItem","position":2,"name":"Shop","item":"https:\/\/likeink.com\/fi\/shop\/"},{"@type":"ListItem","position":3,"name":"Barbie ja Ken Tatuoinnit"}]},{"@type":"WebSite","@id":"https:\/\/likeink.com\/fi\/#website","url":"https:\/\/likeink.com\/fi\/","name":"Like ink","description":"Make your own custom design","potentialAction":[{"@type":"SearchAction","target":{"@type":"EntryPoint","urlTemplate":"https:\/\/likeink.com\/fi\/?s={search_term_string}"},"query-input":{"@type":"PropertyValueSpecification","valueRequired":true,"valueName":"search_term_string"}}],"inLanguage":"fi"}]}},"_links":{"self":[{"href":"https:\/\/likeink.com\/fi\/wp-json\/wp\/v2\/product\/21545","targetHints":{"allow":["GET"]}}],"collection":[{"href":"https:\/\/likeink.com\/fi\/wp-json\/wp\/v2\/product"}],"about":[{"href":"https:\/\/likeink.com\/fi\/wp-json\/wp\/v2\/types\/product"}],"wp:featuredmedia":[{"embeddable":true,"href":"https:\/\/likeink.com\/fi\/wp-json\/wp\/v2\/media\/21536"}],"wp:attachment":[{"href":"https:\/\/likeink.com\/fi\/wp-json\/wp\/v2\/media?parent=21545"}],"wp:term":[{"taxonomy":"product_brand","embeddable":true,"href":"https:\/\/likeink.com\/fi\/wp-json\/wp\/v2\/product_brand?post=21545"},{"taxonomy":"product_cat","embeddable":true,"href":"https:\/\/likeink.com\/fi\/wp-json\/wp\/v2\/product_cat?post=21545"},{"taxonomy":"product_tag","embeddable":true,"href":"https:\/\/likeink.com\/fi\/wp-json\/wp\/v2\/product_tag?post=21545"}],"curies":[{"name":"wp","href":"https:\/\/api.w.org\/{rel}","templated":true}]}}