{"id":22092,"date":"2023-10-06T13:50:58","date_gmt":"2023-10-06T13:50:59","guid":{"rendered":"https:\/\/likeink.se\/?post_type=product&#038;p=22092"},"modified":"2024-02-14T16:06:38","modified_gmt":"2024-02-14T16:06:38","slug":"oldschool-kukat","status":"publish","type":"product","link":"https:\/\/likeink.com\/fi\/siirtotatuoinnit\/oldschool-kukat\/","title":{"rendered":"Flash &#8221;Oldschool Kukat&#8221; by Matte Bokis"},"content":{"rendered":"","protected":false},"excerpt":{"rendered":"<p>Like Ink&#8217;s ready-to-use flash-sheets with fake tattoos are 195&#215;140 mm in size and filled with the design you see in the picture. We print and ship your sheet with these bad ass tattoos within 24 hours after you have ordered. The tattoos look good, are of high quality, and are easy to apply and wash off. Like Ink complies with all legislation for cosmetic products in the EU, so you can feel safe when ordering fake tattoos from us.<\/p>\n<h2>Tilaa arkki feikkitatuointeja Oldschool Kukat -muodossa lahjakkaalta taiteilijalta ja tatuointitaiteilijalta Matte Bokis.<\/h2>\n<p>This sheet is designed by the awesome tattoo artist &#8221;Matte Bokis&#8221;, an experienced and highly popular tattoo artist based in Stockholm, Sweden. Really fun to offer art from this super good grafitti and tattoo artist.<\/p>\n<p><strong>This is Matte Bokis: <\/strong>I&#8217;m an tattoo artist based in Stockholm. I&#8217;m truly excited to craft some flash designs for Like ink, the best fake tattoo company in Europe. My journey into the world of art started on the graffiti scene in the early 90s, and since 2006, I&#8217;ve been deeply involved in the tattooing community.<\/p>\n<p>My passion lies in the traditional art of tattooing, but I always add my unique twist to it. Creating and designing tattoos is a daily ritual for me, and every piece I produce is a reflection of my love for this art form.<\/p>\n<p>I hope you appreciate and enjoy my work as much as I loved creating it!<\/p>\n<p>Warm regards, Matte Bokis<\/p>\n<p><strong>Get in touch with Matte Bokis:<\/strong><br \/>\nYou can find me and all my tattoo works on social media<\/p>\n<p><strong>Instagram:<\/strong><\/p>\n<p>@mattebokis<\/p>\n<p><strong>Studio:<\/strong><\/p>\n<p>Studio Merentis<\/p>\n<p><strong>Adress:<\/strong><\/p>\n<p>Studio Merentis, Stockholm<\/p>\n","protected":false},"featured_media":21944,"template":"","meta":[],"product_brand":[],"product_cat":[51,204],"product_tag":[],"class_list":{"0":"post-22092","1":"product","2":"type-product","3":"status-publish","4":"has-post-thumbnail","6":"product_cat-valmiit-arkit","7":"product_cat-yhteistyota-tatuoijien-kanssa","9":"first","10":"instock","11":"taxable","12":"shipping-taxable","13":"purchasable","14":"product-type-simple"},"yoast_head":"<!-- This site is optimized with the Yoast SEO Premium plugin v26.2 (Yoast SEO v27.4) - https:\/\/yoast.com\/product\/yoast-seo-premium-wordpress\/ -->\n<title>Oldschool Kukat Matte Bokis | V\u00e4liaikaiset Tatuoinnit - Like ink<\/title>\n<meta name=\"description\" content=\"Oldschool Kukat feikkitatuointeina, suunnitellut tatuointitaiteilija Matte Bokis. Nopea toimitus, hyv\u00e4 laatu ja ilmainen toimitus! - Like ink\" \/>\n<meta name=\"robots\" content=\"index, follow, max-snippet:-1, max-image-preview:large, max-video-preview:-1\" \/>\n<link rel=\"canonical\" href=\"https:\/\/likeink.com\/fi\/siirtotatuoinnit\/oldschool-kukat\/\" \/>\n<meta property=\"og:locale\" content=\"fi_FI\" \/>\n<meta property=\"og:type\" content=\"article\" \/>\n<meta property=\"og:title\" content=\"Flash &quot;Oldschool Kukat&quot; by Matte Bokis\" \/>\n<meta property=\"og:description\" content=\"Like Ink&#039;s ready-to-use flash-sheets with fake tattoos are 195x140 mm in size and filled with the design you see in the picture. We print and ship your sheet with these bad ass tattoos within 24 hours after you have ordered. The tattoos look good, are of high quality, and are easy to apply and wash off. Like Ink complies with all legislation for cosmetic products in the EU, so you can feel safe when ordering fake tattoos from us. Tilaa arkki feikkitatuointeja Oldschool Kukat -muodossa lahjakkaalta taiteilijalta ja tatuointitaiteilijalta Matte Bokis. This sheet is designed by the awesome tattoo artist &quot;Matte Bokis&quot;, an experienced and highly popular tattoo artist based in Stockholm, Sweden. Really fun to offer art from this super good grafitti and tattoo artist.  This is Matte Bokis: I&#039;m an tattoo artist based in Stockholm. I&#039;m truly excited to craft some flash designs for Like ink, the best fake tattoo company in Europe. My journey into the world of art started on the graffiti scene in the early 90s, and since 2006, I&#039;ve been deeply involved in the tattooing community.  My passion lies in the traditional art of tattooing, but I always add my unique twist to it. Creating and designing tattoos is a daily ritual for me, and every piece I produce is a reflection of my love for this art form.  I hope you appreciate and enjoy my work as much as I loved creating it!  Warm regards, Matte Bokis  Get in touch with Matte Bokis: You can find me and all my tattoo works on social media  Instagram:  @mattebokis  Studio:  Studio Merentis  Adress:  Studio Merentis, Stockholm\" \/>\n<meta property=\"og:url\" content=\"https:\/\/likeink.com\/fi\/siirtotatuoinnit\/oldschool-kukat\/\" \/>\n<meta property=\"og:site_name\" content=\"Like ink\" \/>\n<meta property=\"article:publisher\" content=\"https:\/\/www.facebook.com\/LikeInkSe\" \/>\n<meta property=\"article:modified_time\" content=\"2024-02-14T16:06:38+00:00\" \/>\n<meta property=\"og:image\" content=\"https:\/\/likeink.com\/wp-content\/uploads\/2023\/10\/MatteBokis-Oldschool-flowers-web.jpg\" \/>\n\t<meta property=\"og:image:width\" content=\"1400\" \/>\n\t<meta property=\"og:image:height\" content=\"986\" \/>\n\t<meta property=\"og:image:type\" content=\"image\/jpeg\" \/>\n<meta name=\"twitter:card\" content=\"summary_large_image\" \/>\n<script type=\"application\/ld+json\" class=\"yoast-schema-graph\">{\"@context\":\"https:\\\/\\\/schema.org\",\"@graph\":[{\"@type\":\"WebPage\",\"@id\":\"https:\\\/\\\/likeink.com\\\/fi\\\/siirtotatuoinnit\\\/oldschool-kukat\\\/\",\"url\":\"https:\\\/\\\/likeink.com\\\/fi\\\/siirtotatuoinnit\\\/oldschool-kukat\\\/\",\"name\":\"Oldschool Kukat Matte Bokis | V\u00e4liaikaiset Tatuoinnit - Like ink\",\"isPartOf\":{\"@id\":\"https:\\\/\\\/likeink.com\\\/fi\\\/#website\"},\"primaryImageOfPage\":{\"@id\":\"https:\\\/\\\/likeink.com\\\/fi\\\/siirtotatuoinnit\\\/oldschool-kukat\\\/#primaryimage\"},\"image\":{\"@id\":\"https:\\\/\\\/likeink.com\\\/fi\\\/siirtotatuoinnit\\\/oldschool-kukat\\\/#primaryimage\"},\"thumbnailUrl\":\"https:\\\/\\\/likeink.com\\\/wp-content\\\/uploads\\\/2023\\\/10\\\/MatteBokis-Oldschool-flowers-web.jpg\",\"datePublished\":\"2023-10-06T13:50:59+00:00\",\"dateModified\":\"2024-02-14T16:06:38+00:00\",\"description\":\"Oldschool Kukat feikkitatuointeina, suunnitellut tatuointitaiteilija Matte Bokis. Nopea toimitus, hyv\u00e4 laatu ja ilmainen toimitus! - Like ink\",\"breadcrumb\":{\"@id\":\"https:\\\/\\\/likeink.com\\\/fi\\\/siirtotatuoinnit\\\/oldschool-kukat\\\/#breadcrumb\"},\"inLanguage\":\"fi\",\"potentialAction\":[{\"@type\":\"ReadAction\",\"target\":[\"https:\\\/\\\/likeink.com\\\/fi\\\/siirtotatuoinnit\\\/oldschool-kukat\\\/\"]}]},{\"@type\":\"ImageObject\",\"inLanguage\":\"fi\",\"@id\":\"https:\\\/\\\/likeink.com\\\/fi\\\/siirtotatuoinnit\\\/oldschool-kukat\\\/#primaryimage\",\"url\":\"https:\\\/\\\/likeink.com\\\/wp-content\\\/uploads\\\/2023\\\/10\\\/MatteBokis-Oldschool-flowers-web.jpg\",\"contentUrl\":\"https:\\\/\\\/likeink.com\\\/wp-content\\\/uploads\\\/2023\\\/10\\\/MatteBokis-Oldschool-flowers-web.jpg\",\"width\":1400,\"height\":986,\"caption\":\"Like inkin sarja v\u00e4liaikaisista tatuoinneista, joissa on klassisia Old School kukkamotiiveja ja erottuva itkev\u00e4 syd\u00e4n.\"},{\"@type\":\"BreadcrumbList\",\"@id\":\"https:\\\/\\\/likeink.com\\\/fi\\\/siirtotatuoinnit\\\/oldschool-kukat\\\/#breadcrumb\",\"itemListElement\":[{\"@type\":\"ListItem\",\"position\":1,\"name\":\"Hem\",\"item\":\"https:\\\/\\\/likeink.com\\\/fi\\\/\"},{\"@type\":\"ListItem\",\"position\":2,\"name\":\"Shop\",\"item\":\"https:\\\/\\\/likeink.com\\\/fi\\\/shop\\\/\"},{\"@type\":\"ListItem\",\"position\":3,\"name\":\"Flash &#8221;Oldschool Kukat&#8221; by Matte Bokis\"}]},{\"@type\":\"WebSite\",\"@id\":\"https:\\\/\\\/likeink.com\\\/fi\\\/#website\",\"url\":\"https:\\\/\\\/likeink.com\\\/fi\\\/\",\"name\":\"Like ink\",\"description\":\"Make your own custom design\",\"potentialAction\":[{\"@type\":\"SearchAction\",\"target\":{\"@type\":\"EntryPoint\",\"urlTemplate\":\"https:\\\/\\\/likeink.com\\\/fi\\\/?s={search_term_string}\"},\"query-input\":{\"@type\":\"PropertyValueSpecification\",\"valueRequired\":true,\"valueName\":\"search_term_string\"}}],\"inLanguage\":\"fi\"}]}<\/script>\n<!-- \/ Yoast SEO Premium plugin. -->","yoast_head_json":{"title":"Oldschool Kukat Matte Bokis | V\u00e4liaikaiset Tatuoinnit - Like ink","description":"Oldschool Kukat feikkitatuointeina, suunnitellut tatuointitaiteilija Matte Bokis. Nopea toimitus, hyv\u00e4 laatu ja ilmainen toimitus! - Like ink","robots":{"index":"index","follow":"follow","max-snippet":"max-snippet:-1","max-image-preview":"max-image-preview:large","max-video-preview":"max-video-preview:-1"},"canonical":"https:\/\/likeink.com\/fi\/siirtotatuoinnit\/oldschool-kukat\/","og_locale":"fi_FI","og_type":"article","og_title":"Flash \"Oldschool Kukat\" by Matte Bokis","og_description":"Like Ink's ready-to-use flash-sheets with fake tattoos are 195x140 mm in size and filled with the design you see in the picture. We print and ship your sheet with these bad ass tattoos within 24 hours after you have ordered. The tattoos look good, are of high quality, and are easy to apply and wash off. Like Ink complies with all legislation for cosmetic products in the EU, so you can feel safe when ordering fake tattoos from us. Tilaa arkki feikkitatuointeja Oldschool Kukat -muodossa lahjakkaalta taiteilijalta ja tatuointitaiteilijalta Matte Bokis. This sheet is designed by the awesome tattoo artist \"Matte Bokis\", an experienced and highly popular tattoo artist based in Stockholm, Sweden. Really fun to offer art from this super good grafitti and tattoo artist.  This is Matte Bokis: I'm an tattoo artist based in Stockholm. I'm truly excited to craft some flash designs for Like ink, the best fake tattoo company in Europe. My journey into the world of art started on the graffiti scene in the early 90s, and since 2006, I've been deeply involved in the tattooing community.  My passion lies in the traditional art of tattooing, but I always add my unique twist to it. Creating and designing tattoos is a daily ritual for me, and every piece I produce is a reflection of my love for this art form.  I hope you appreciate and enjoy my work as much as I loved creating it!  Warm regards, Matte Bokis  Get in touch with Matte Bokis: You can find me and all my tattoo works on social media  Instagram:  @mattebokis  Studio:  Studio Merentis  Adress:  Studio Merentis, Stockholm","og_url":"https:\/\/likeink.com\/fi\/siirtotatuoinnit\/oldschool-kukat\/","og_site_name":"Like ink","article_publisher":"https:\/\/www.facebook.com\/LikeInkSe","article_modified_time":"2024-02-14T16:06:38+00:00","og_image":[{"width":1400,"height":986,"url":"https:\/\/likeink.com\/wp-content\/uploads\/2023\/10\/MatteBokis-Oldschool-flowers-web.jpg","type":"image\/jpeg"}],"twitter_card":"summary_large_image","schema":{"@context":"https:\/\/schema.org","@graph":[{"@type":"WebPage","@id":"https:\/\/likeink.com\/fi\/siirtotatuoinnit\/oldschool-kukat\/","url":"https:\/\/likeink.com\/fi\/siirtotatuoinnit\/oldschool-kukat\/","name":"Oldschool Kukat Matte Bokis | V\u00e4liaikaiset Tatuoinnit - Like ink","isPartOf":{"@id":"https:\/\/likeink.com\/fi\/#website"},"primaryImageOfPage":{"@id":"https:\/\/likeink.com\/fi\/siirtotatuoinnit\/oldschool-kukat\/#primaryimage"},"image":{"@id":"https:\/\/likeink.com\/fi\/siirtotatuoinnit\/oldschool-kukat\/#primaryimage"},"thumbnailUrl":"https:\/\/likeink.com\/wp-content\/uploads\/2023\/10\/MatteBokis-Oldschool-flowers-web.jpg","datePublished":"2023-10-06T13:50:59+00:00","dateModified":"2024-02-14T16:06:38+00:00","description":"Oldschool Kukat feikkitatuointeina, suunnitellut tatuointitaiteilija Matte Bokis. Nopea toimitus, hyv\u00e4 laatu ja ilmainen toimitus! - Like ink","breadcrumb":{"@id":"https:\/\/likeink.com\/fi\/siirtotatuoinnit\/oldschool-kukat\/#breadcrumb"},"inLanguage":"fi","potentialAction":[{"@type":"ReadAction","target":["https:\/\/likeink.com\/fi\/siirtotatuoinnit\/oldschool-kukat\/"]}]},{"@type":"ImageObject","inLanguage":"fi","@id":"https:\/\/likeink.com\/fi\/siirtotatuoinnit\/oldschool-kukat\/#primaryimage","url":"https:\/\/likeink.com\/wp-content\/uploads\/2023\/10\/MatteBokis-Oldschool-flowers-web.jpg","contentUrl":"https:\/\/likeink.com\/wp-content\/uploads\/2023\/10\/MatteBokis-Oldschool-flowers-web.jpg","width":1400,"height":986,"caption":"Like inkin sarja v\u00e4liaikaisista tatuoinneista, joissa on klassisia Old School kukkamotiiveja ja erottuva itkev\u00e4 syd\u00e4n."},{"@type":"BreadcrumbList","@id":"https:\/\/likeink.com\/fi\/siirtotatuoinnit\/oldschool-kukat\/#breadcrumb","itemListElement":[{"@type":"ListItem","position":1,"name":"Hem","item":"https:\/\/likeink.com\/fi\/"},{"@type":"ListItem","position":2,"name":"Shop","item":"https:\/\/likeink.com\/fi\/shop\/"},{"@type":"ListItem","position":3,"name":"Flash &#8221;Oldschool Kukat&#8221; by Matte Bokis"}]},{"@type":"WebSite","@id":"https:\/\/likeink.com\/fi\/#website","url":"https:\/\/likeink.com\/fi\/","name":"Like ink","description":"Make your own custom design","potentialAction":[{"@type":"SearchAction","target":{"@type":"EntryPoint","urlTemplate":"https:\/\/likeink.com\/fi\/?s={search_term_string}"},"query-input":{"@type":"PropertyValueSpecification","valueRequired":true,"valueName":"search_term_string"}}],"inLanguage":"fi"}]}},"_links":{"self":[{"href":"https:\/\/likeink.com\/fi\/wp-json\/wp\/v2\/product\/22092","targetHints":{"allow":["GET"]}}],"collection":[{"href":"https:\/\/likeink.com\/fi\/wp-json\/wp\/v2\/product"}],"about":[{"href":"https:\/\/likeink.com\/fi\/wp-json\/wp\/v2\/types\/product"}],"wp:featuredmedia":[{"embeddable":true,"href":"https:\/\/likeink.com\/fi\/wp-json\/wp\/v2\/media\/21944"}],"wp:attachment":[{"href":"https:\/\/likeink.com\/fi\/wp-json\/wp\/v2\/media?parent=22092"}],"wp:term":[{"taxonomy":"product_brand","embeddable":true,"href":"https:\/\/likeink.com\/fi\/wp-json\/wp\/v2\/product_brand?post=22092"},{"taxonomy":"product_cat","embeddable":true,"href":"https:\/\/likeink.com\/fi\/wp-json\/wp\/v2\/product_cat?post=22092"},{"taxonomy":"product_tag","embeddable":true,"href":"https:\/\/likeink.com\/fi\/wp-json\/wp\/v2\/product_tag?post=22092"}],"curies":[{"name":"wp","href":"https:\/\/api.w.org\/{rel}","templated":true}]}}