{"id":22216,"date":"2023-10-10T13:14:52","date_gmt":"2023-10-10T13:14:52","guid":{"rendered":"https:\/\/likeink.se\/gnuggis\/blackout-tatuering\/"},"modified":"2026-03-17T12:33:49","modified_gmt":"2026-03-17T12:33:49","slug":"blackout-tattoo","status":"publish","type":"product","link":"https:\/\/likeink.com\/fi\/siirtotatuoinnit\/blackout-tattoo\/","title":{"rendered":"Blackout Tattoo"},"content":{"rendered":"","protected":false},"excerpt":{"rendered":"<p>Sukella syvimp\u00e4\u00e4n mustaan Like inks &#8220;Blackout Tattoo -arkilla&#8221;. T\u00e4m\u00e4 tuote on suunniteltu antamaan kaikille mahdollisuus omaksua nykyaikainen Blackout-tatuointitrendi ilman pysyv\u00e4\u00e4 sitoutumista. Like inks siirtotatuoinnit ovat dermatologisesti testattuja, mik\u00e4 takaa turvallisen ja hell\u00e4varaisen kokemuksen ihollesi. Lis\u00e4ksi tatuointimme ovat uskomattoman helppoja levitt\u00e4\u00e4, joten voit nopeasti esitell\u00e4 ja jopa pest\u00e4 pois uuden tyylin.<\/p>\n<h2>Like inksin versio Blackout-tatuoinnista, kirkkaan musta arkki, jonka koko pinta toimii siirtotatuointina. Leikkaa ja liit\u00e4 erilaisia malleja tai peit\u00e4 suurempi alue t\u00e4ll\u00e4 Blackout-tatuoinnilla.<\/h2>\n<p><strong>Blackout-tatuoinneista:<\/strong><br \/>\nBlackout on tatuointityyli, jossa koko kehon osa tatuoituu t\u00e4ysin mustaksi, olipa kyseess\u00e4 sitten musta k\u00e4sivarsi, musta jalka tai musta puolitatuointi. On yleist\u00e4, ett\u00e4 ihmiset valitsevat blackout-tatuoinnin sen sijaan, ett\u00e4 poistaisivat vanhemman tatuoinnin laserilla, mik\u00e4 on johtanut t\u00e4m\u00e4n nopeasti kasvavan tatuointisuuntauksen syntymiseen. Tatuointi voi olla t\u00e4ysin musta tai kuviollinen.<br \/>\nBlackout-tatuoinnit ovat viime vuosina nousseet voimakkaaksi taiteen muodoksi ja tyylilajiksi tatuointimaailmassa. Se edustaa enemm\u00e4n kuin vain laajaa mustaa merkki\u00e4 iholla; se on rohkea lausunto, sis\u00e4isten tuntemusten heijastus ja kunnianosoitus yksinkertaisuuden voimalle. Monet valitsevat Blackout-tatuoinnit peitt\u00e4m\u00e4\u00e4n vanhempia tatuointeja ja aloittamaan alusta, kun taas toiset n\u00e4kev\u00e4t sen meditatiivisena valintana, muistutuksena puhtaudesta, ykseydest\u00e4 ja rajattomuudesta.<br \/>\nLike inksin &#8220;BlackOut&#8221; A5-arkin avulla voit l\u00e4hesty\u00e4 t\u00e4t\u00e4 voimakasta taiteen muotoa omilla ehdoillasi. L\u00f6yd\u00e4 yksinkertaisuuden kauneus ja BlackOutin rohkea kontrasti ihollasi ilman pysyv\u00e4\u00e4 sitoumusta.<br \/>\nAjattelimme, ett\u00e4 olisi hieman hauskaa tuoda esiin t\u00e4ysin musta arkki, joka ensisilm\u00e4yksell\u00e4 saattaa n\u00e4ytt\u00e4\u00e4 tyls\u00e4lt\u00e4, mutta hieman mielikuvituksella ja saksilla on helppo luoda vaikuttavia malleja ja tribaaleja.<\/p>\n<p><strong>Koko: A5: 196X140mm.<\/strong><\/p>\n","protected":false},"featured_media":22206,"template":"","meta":[],"product_brand":[],"product_cat":[514,526,51],"product_tag":[],"class_list":{"0":"post-22216","1":"product","2":"type-product","3":"status-publish","4":"has-post-thumbnail","6":"product_cat-naamiaisasu-sesonki","7":"product_cat-tribal-symbolit-riimut","8":"product_cat-valmiit-arkit","10":"first","11":"instock","12":"taxable","13":"shipping-taxable","14":"purchasable","15":"product-type-simple"},"yoast_head":"<!-- This site is optimized with the Yoast SEO Premium plugin v27.5 (Yoast SEO v27.6) - https:\/\/yoast.com\/product\/yoast-seo-premium-wordpress\/ -->\n<title>Blackout Tattoo A5 I Suuri musta Blackout siirtotatuointi - Like ink<\/title>\n<meta name=\"description\" content=\"Blackout Tattoo, joka kest\u00e4\u00e4 jopa viikon. T\u00e4ysin musta A5-arkki, helppo levitt\u00e4\u00e4, jos haluat seurata Blackout-trendi\u00e4. - Like ink\" \/>\n<meta name=\"robots\" content=\"index, follow, max-snippet:-1, max-image-preview:large, max-video-preview:-1\" \/>\n<link rel=\"canonical\" href=\"https:\/\/likeink.com\/fi\/siirtotatuoinnit\/blackout-tattoo\/\" \/>\n<meta property=\"og:locale\" content=\"fi_FI\" \/>\n<meta property=\"og:type\" content=\"article\" \/>\n<meta property=\"og:title\" content=\"Blackout Tattoo\" \/>\n<meta property=\"og:description\" content=\"Sukella syvimp\u00e4\u00e4n mustaan Like inks &quot;Blackout Tattoo -arkilla&quot;. T\u00e4m\u00e4 tuote on suunniteltu antamaan kaikille mahdollisuus omaksua nykyaikainen Blackout-tatuointitrendi ilman pysyv\u00e4\u00e4 sitoutumista. Like inks siirtotatuoinnit ovat dermatologisesti testattuja, mik\u00e4 takaa turvallisen ja hell\u00e4varaisen kokemuksen ihollesi. Lis\u00e4ksi tatuointimme ovat uskomattoman helppoja levitt\u00e4\u00e4, joten voit nopeasti esitell\u00e4 ja jopa pest\u00e4 pois uuden tyylin. Like inksin versio Blackout-tatuoinnista, kirkkaan musta arkki, jonka koko pinta toimii siirtotatuointina. Leikkaa ja liit\u00e4 erilaisia malleja tai peit\u00e4 suurempi alue t\u00e4ll\u00e4 Blackout-tatuoinnilla. Blackout-tatuoinneista: Blackout on tatuointityyli, jossa koko kehon osa tatuoituu t\u00e4ysin mustaksi, olipa kyseess\u00e4 sitten musta k\u00e4sivarsi, musta jalka tai musta puolitatuointi. On yleist\u00e4, ett\u00e4 ihmiset valitsevat blackout-tatuoinnin sen sijaan, ett\u00e4 poistaisivat vanhemman tatuoinnin laserilla, mik\u00e4 on johtanut t\u00e4m\u00e4n nopeasti kasvavan tatuointisuuntauksen syntymiseen. Tatuointi voi olla t\u00e4ysin musta tai kuviollinen. Blackout-tatuoinnit ovat viime vuosina nousseet voimakkaaksi taiteen muodoksi ja tyylilajiksi tatuointimaailmassa. Se edustaa enemm\u00e4n kuin vain laajaa mustaa merkki\u00e4 iholla; se on rohkea lausunto, sis\u00e4isten tuntemusten heijastus ja kunnianosoitus yksinkertaisuuden voimalle. Monet valitsevat Blackout-tatuoinnit peitt\u00e4m\u00e4\u00e4n vanhempia tatuointeja ja aloittamaan alusta, kun taas toiset n\u00e4kev\u00e4t sen meditatiivisena valintana, muistutuksena puhtaudesta, ykseydest\u00e4 ja rajattomuudesta. Like inksin &quot;BlackOut&quot; A5-arkin avulla voit l\u00e4hesty\u00e4 t\u00e4t\u00e4 voimakasta taiteen muotoa omilla ehdoillasi. L\u00f6yd\u00e4 yksinkertaisuuden kauneus ja BlackOutin rohkea kontrasti ihollasi ilman pysyv\u00e4\u00e4 sitoumusta. Ajattelimme, ett\u00e4 olisi hieman hauskaa tuoda esiin t\u00e4ysin musta arkki, joka ensisilm\u00e4yksell\u00e4 saattaa n\u00e4ytt\u00e4\u00e4 tyls\u00e4lt\u00e4, mutta hieman mielikuvituksella ja saksilla on helppo luoda vaikuttavia malleja ja tribaaleja.  Koko: A5: 196X140mm.\" \/>\n<meta property=\"og:url\" content=\"https:\/\/likeink.com\/fi\/siirtotatuoinnit\/blackout-tattoo\/\" \/>\n<meta property=\"og:site_name\" content=\"Like ink\" \/>\n<meta property=\"article:publisher\" content=\"https:\/\/www.facebook.com\/LikeInkSe\" \/>\n<meta property=\"article:modified_time\" content=\"2026-03-17T12:33:49+00:00\" \/>\n<meta property=\"og:image\" content=\"https:\/\/likeink.com\/wp-content\/uploads\/2023\/10\/Blackout-Fake-Tattoo-Likeink.jpg\" \/>\n\t<meta property=\"og:image:width\" content=\"1000\" \/>\n\t<meta property=\"og:image:height\" content=\"704\" \/>\n\t<meta property=\"og:image:type\" content=\"image\/jpeg\" \/>\n<meta name=\"twitter:card\" content=\"summary_large_image\" \/>\n<!-- \/ Yoast SEO Premium plugin. -->","yoast_head_json":{"title":"Blackout Tattoo A5 I Suuri musta Blackout siirtotatuointi - Like ink","description":"Blackout Tattoo, joka kest\u00e4\u00e4 jopa viikon. T\u00e4ysin musta A5-arkki, helppo levitt\u00e4\u00e4, jos haluat seurata Blackout-trendi\u00e4. - Like ink","robots":{"index":"index","follow":"follow","max-snippet":"max-snippet:-1","max-image-preview":"max-image-preview:large","max-video-preview":"max-video-preview:-1"},"canonical":"https:\/\/likeink.com\/fi\/siirtotatuoinnit\/blackout-tattoo\/","og_locale":"fi_FI","og_type":"article","og_title":"Blackout Tattoo","og_description":"Sukella syvimp\u00e4\u00e4n mustaan Like inks \"Blackout Tattoo -arkilla\". T\u00e4m\u00e4 tuote on suunniteltu antamaan kaikille mahdollisuus omaksua nykyaikainen Blackout-tatuointitrendi ilman pysyv\u00e4\u00e4 sitoutumista. Like inks siirtotatuoinnit ovat dermatologisesti testattuja, mik\u00e4 takaa turvallisen ja hell\u00e4varaisen kokemuksen ihollesi. Lis\u00e4ksi tatuointimme ovat uskomattoman helppoja levitt\u00e4\u00e4, joten voit nopeasti esitell\u00e4 ja jopa pest\u00e4 pois uuden tyylin. Like inksin versio Blackout-tatuoinnista, kirkkaan musta arkki, jonka koko pinta toimii siirtotatuointina. Leikkaa ja liit\u00e4 erilaisia malleja tai peit\u00e4 suurempi alue t\u00e4ll\u00e4 Blackout-tatuoinnilla. Blackout-tatuoinneista: Blackout on tatuointityyli, jossa koko kehon osa tatuoituu t\u00e4ysin mustaksi, olipa kyseess\u00e4 sitten musta k\u00e4sivarsi, musta jalka tai musta puolitatuointi. On yleist\u00e4, ett\u00e4 ihmiset valitsevat blackout-tatuoinnin sen sijaan, ett\u00e4 poistaisivat vanhemman tatuoinnin laserilla, mik\u00e4 on johtanut t\u00e4m\u00e4n nopeasti kasvavan tatuointisuuntauksen syntymiseen. Tatuointi voi olla t\u00e4ysin musta tai kuviollinen. Blackout-tatuoinnit ovat viime vuosina nousseet voimakkaaksi taiteen muodoksi ja tyylilajiksi tatuointimaailmassa. Se edustaa enemm\u00e4n kuin vain laajaa mustaa merkki\u00e4 iholla; se on rohkea lausunto, sis\u00e4isten tuntemusten heijastus ja kunnianosoitus yksinkertaisuuden voimalle. Monet valitsevat Blackout-tatuoinnit peitt\u00e4m\u00e4\u00e4n vanhempia tatuointeja ja aloittamaan alusta, kun taas toiset n\u00e4kev\u00e4t sen meditatiivisena valintana, muistutuksena puhtaudesta, ykseydest\u00e4 ja rajattomuudesta. Like inksin \"BlackOut\" A5-arkin avulla voit l\u00e4hesty\u00e4 t\u00e4t\u00e4 voimakasta taiteen muotoa omilla ehdoillasi. L\u00f6yd\u00e4 yksinkertaisuuden kauneus ja BlackOutin rohkea kontrasti ihollasi ilman pysyv\u00e4\u00e4 sitoumusta. Ajattelimme, ett\u00e4 olisi hieman hauskaa tuoda esiin t\u00e4ysin musta arkki, joka ensisilm\u00e4yksell\u00e4 saattaa n\u00e4ytt\u00e4\u00e4 tyls\u00e4lt\u00e4, mutta hieman mielikuvituksella ja saksilla on helppo luoda vaikuttavia malleja ja tribaaleja.  Koko: A5: 196X140mm.","og_url":"https:\/\/likeink.com\/fi\/siirtotatuoinnit\/blackout-tattoo\/","og_site_name":"Like ink","article_publisher":"https:\/\/www.facebook.com\/LikeInkSe","article_modified_time":"2026-03-17T12:33:49+00:00","og_image":[{"width":1000,"height":704,"url":"https:\/\/likeink.com\/wp-content\/uploads\/2023\/10\/Blackout-Fake-Tattoo-Likeink.jpg","type":"image\/jpeg"}],"twitter_card":"summary_large_image","schema":{"@context":"https:\/\/schema.org","@graph":[{"@type":"WebPage","@id":"https:\/\/likeink.com\/fi\/siirtotatuoinnit\/blackout-tattoo\/","url":"https:\/\/likeink.com\/fi\/siirtotatuoinnit\/blackout-tattoo\/","name":"Blackout Tattoo A5 I Suuri musta Blackout siirtotatuointi - Like ink","isPartOf":{"@id":"https:\/\/likeink.com\/fi\/#website"},"primaryImageOfPage":{"@id":"https:\/\/likeink.com\/fi\/siirtotatuoinnit\/blackout-tattoo\/#primaryimage"},"image":{"@id":"https:\/\/likeink.com\/fi\/siirtotatuoinnit\/blackout-tattoo\/#primaryimage"},"thumbnailUrl":"https:\/\/likeink.com\/wp-content\/uploads\/2023\/10\/Blackout-Fake-Tattoo-Likeink.jpg","datePublished":"2023-10-10T13:14:52+00:00","dateModified":"2026-03-17T12:33:49+00:00","description":"Blackout Tattoo, joka kest\u00e4\u00e4 jopa viikon. T\u00e4ysin musta A5-arkki, helppo levitt\u00e4\u00e4, jos haluat seurata Blackout-trendi\u00e4. - Like ink","breadcrumb":{"@id":"https:\/\/likeink.com\/fi\/siirtotatuoinnit\/blackout-tattoo\/#breadcrumb"},"inLanguage":"fi","potentialAction":[{"@type":"ReadAction","target":["https:\/\/likeink.com\/fi\/siirtotatuoinnit\/blackout-tattoo\/"]}]},{"@type":"ImageObject","inLanguage":"fi","@id":"https:\/\/likeink.com\/fi\/siirtotatuoinnit\/blackout-tattoo\/#primaryimage","url":"https:\/\/likeink.com\/wp-content\/uploads\/2023\/10\/Blackout-Fake-Tattoo-Likeink.jpg","contentUrl":"https:\/\/likeink.com\/wp-content\/uploads\/2023\/10\/Blackout-Fake-Tattoo-Likeink.jpg","width":1000,"height":704,"caption":"\"BlackOut\" \u2013 Rohkea ja ainutlaatuinen feikkitatuointiarkki Like ink"},{"@type":"BreadcrumbList","@id":"https:\/\/likeink.com\/fi\/siirtotatuoinnit\/blackout-tattoo\/#breadcrumb","itemListElement":[{"@type":"ListItem","position":1,"name":"Hem","item":"https:\/\/likeink.com\/fi\/"},{"@type":"ListItem","position":2,"name":"Shop","item":"https:\/\/likeink.com\/fi\/shop\/"},{"@type":"ListItem","position":3,"name":"Blackout Tattoo"}]},{"@type":"WebSite","@id":"https:\/\/likeink.com\/fi\/#website","url":"https:\/\/likeink.com\/fi\/","name":"Like ink","description":"Make your own custom design","potentialAction":[{"@type":"SearchAction","target":{"@type":"EntryPoint","urlTemplate":"https:\/\/likeink.com\/fi\/?s={search_term_string}"},"query-input":{"@type":"PropertyValueSpecification","valueRequired":true,"valueName":"search_term_string"}}],"inLanguage":"fi"}]}},"_links":{"self":[{"href":"https:\/\/likeink.com\/fi\/wp-json\/wp\/v2\/product\/22216","targetHints":{"allow":["GET"]}}],"collection":[{"href":"https:\/\/likeink.com\/fi\/wp-json\/wp\/v2\/product"}],"about":[{"href":"https:\/\/likeink.com\/fi\/wp-json\/wp\/v2\/types\/product"}],"wp:featuredmedia":[{"embeddable":true,"href":"https:\/\/likeink.com\/fi\/wp-json\/wp\/v2\/media\/22206"}],"wp:attachment":[{"href":"https:\/\/likeink.com\/fi\/wp-json\/wp\/v2\/media?parent=22216"}],"wp:term":[{"taxonomy":"product_brand","embeddable":true,"href":"https:\/\/likeink.com\/fi\/wp-json\/wp\/v2\/product_brand?post=22216"},{"taxonomy":"product_cat","embeddable":true,"href":"https:\/\/likeink.com\/fi\/wp-json\/wp\/v2\/product_cat?post=22216"},{"taxonomy":"product_tag","embeddable":true,"href":"https:\/\/likeink.com\/fi\/wp-json\/wp\/v2\/product_tag?post=22216"}],"curies":[{"name":"wp","href":"https:\/\/api.w.org\/{rel}","templated":true}]}}