{"id":24195,"date":"2024-01-11T20:48:57","date_gmt":"2024-01-11T20:48:57","guid":{"rendered":"https:\/\/likeink.se\/?post_type=product&#038;p=24195"},"modified":"2024-02-14T16:06:52","modified_gmt":"2024-02-14T16:06:52","slug":"flash-unikko-kukka-tatuoinnit","status":"publish","type":"product","link":"https:\/\/likeink.com\/fi\/siirtotatuoinnit\/flash-unikko-kukka-tatuoinnit\/","title":{"rendered":"Flash &#8220;Unikko kukka tatuoinnit&#8221; by Malin Carper"},"content":{"rendered":"","protected":false},"excerpt":{"rendered":"<p>Like inkin valmiit arkki v\u00e4liaikaisia tatuointeja ovat noin 20\u00d714 cm kokoisia ja niiss\u00e4 on kuvassa n\u00e4kyv\u00e4 design. Tulostamme ja l\u00e4het\u00e4mme tatuointiarkkisi 24 tunnin sis\u00e4ll\u00e4 tilauksestasi.<\/p>\n<h2>Tilaa fake-tatuointeja abstraktissa vesiv\u00e4ri-tyyliss\u00e4, Unikko kukka tatuoinnit ja ruusu, jotka on suunnitellut tatuoija Malin Carper.<\/h2>\n<p>T\u00e4m\u00e4 arkki on suunnitellut lahjakas tatuointitaiteilija Malin Carper Bad Mood Tattoo -studiossa Helsingborgissa. On todella hauskaa tarjota Malinin tatuointitaidetta, joka on yksi siisteimmist\u00e4 tatuointitaiteilijoista, joita olemme n\u00e4hneet! Tilaa arkki siirtotatuointeja k\u00e4ytt\u00e4\u00e4ksesi h\u00e4nen taidettaan muutaman p\u00e4iv\u00e4n ajan, ja jos olet kiinnostunut oikeasta tatuoinnista, tarkista Malinin Instagram tai verkkosivusto.<\/p>\n<p><strong>T\u00e4m\u00e4 on Malin:<\/strong> Nimeni on Malin Carper, ja olen kotoisin Arbogasta. Nyky\u00e4\u00e4n ty\u00f6skentelen Bad Mood Tattoo -studiossa Helsingborgissa. Tykk\u00e4\u00e4n ty\u00f6skennell\u00e4 v\u00e4rirealismissa abstraktin vivahteella.<br \/>\nOlen ollut tatuointialalla vuodesta 2010, ja kaikkien n\u00e4iden vuosien aikana olen matkustanut paljon moniin j\u00e4nnitt\u00e4viin paikkoihin. Olen ty\u00f6skennellyt vieraana muiden taitavien tatuointitaiteilijoiden kanssa, tatuoinut tatuointimessuilla, tatuoinut muusikoita ja tavannut paljon hyvi\u00e4 yst\u00e4vi\u00e4! En olisi voinut toivoa mit\u00e4\u00e4n parempaa tatuointiammatilta! Toivon, ett\u00e4 pid\u00e4t pienist\u00e4 flasheistani, joista jotkut t\u00e4m\u00e4n arkin tatuoinneista olen tehnyt.<br \/>\nParhain terveisin,<\/p>\n<p>Malin<\/p>\n<p><strong>Arkin koko:<\/strong> A5<br \/>\n<strong>Tatuoinnin koko:<\/strong> 6-13 cm<\/p>\n<p><strong>Ota yhteytt\u00e4 Maliniin:<\/strong><\/p>\n<p><strong>Instagram:<\/strong><\/p>\n<p>@malincarper<\/p>\n<p><strong>Studio:<\/strong><\/p>\n<p>Bad Mood Tattoo<\/p>\n<p><strong>Osoite:<\/strong><\/p>\n<p>Nedre L\u00e5ngvinkelsgatan 17, 25220 Helsingborg<\/p>\n<p><strong>Verkkosivusto:<\/strong><\/p>\n<p>carperink.se<\/p>\n","protected":false},"featured_media":24139,"template":"","meta":[],"product_brand":[],"product_cat":[520,51,501],"product_tag":[],"class_list":{"0":"post-24195","1":"product","2":"type-product","3":"status-publish","4":"has-post-thumbnail","6":"product_cat-elaimet-luonto","7":"product_cat-valmiit-arkit","8":"product_cat-yhteistyot-tatuoijien-kanssa","10":"first","11":"instock","12":"taxable","13":"shipping-taxable","14":"purchasable","15":"product-type-simple"},"yoast_head":"<!-- This site is optimized with the Yoast SEO Premium plugin v26.2 (Yoast SEO v27.5) - https:\/\/yoast.com\/product\/yoast-seo-premium-wordpress\/ -->\n<title>Flash &quot;Unikko kukka tatuoinnit&quot; by Malin Carper - Like ink<\/title>\n<meta name=\"description\" content=\"Unikko kukka tatuoinnit fake-tatuointeina, suunnitellut Carper Ink. V\u00e4rikk\u00e4it\u00e4 unikko ja ruusu -suunnitelmia! Nopea toimitus ja ilmainen toimitus - Like ink\" \/>\n<meta name=\"robots\" content=\"index, follow, max-snippet:-1, max-image-preview:large, max-video-preview:-1\" \/>\n<link rel=\"canonical\" href=\"https:\/\/likeink.com\/fi\/siirtotatuoinnit\/flash-unikko-kukka-tatuoinnit\/\" \/>\n<meta property=\"og:locale\" content=\"fi_FI\" \/>\n<meta property=\"og:type\" content=\"article\" \/>\n<meta property=\"og:title\" content=\"Flash &quot;Unikko kukka tatuoinnit&quot; by Malin Carper\" \/>\n<meta property=\"og:description\" content=\"Like inkin valmiit arkki v\u00e4liaikaisia tatuointeja ovat noin 20\u00d714 cm kokoisia ja niiss\u00e4 on kuvassa n\u00e4kyv\u00e4 design. Tulostamme ja l\u00e4het\u00e4mme tatuointiarkkisi 24 tunnin sis\u00e4ll\u00e4 tilauksestasi. Tilaa fake-tatuointeja abstraktissa vesiv\u00e4ri-tyyliss\u00e4, Unikko kukka tatuoinnit ja ruusu, jotka on suunnitellut tatuoija Malin Carper. T\u00e4m\u00e4 arkki on suunnitellut lahjakas tatuointitaiteilija Malin Carper Bad Mood Tattoo -studiossa Helsingborgissa. On todella hauskaa tarjota Malinin tatuointitaidetta, joka on yksi siisteimmist\u00e4 tatuointitaiteilijoista, joita olemme n\u00e4hneet! Tilaa arkki siirtotatuointeja k\u00e4ytt\u00e4\u00e4ksesi h\u00e4nen taidettaan muutaman p\u00e4iv\u00e4n ajan, ja jos olet kiinnostunut oikeasta tatuoinnista, tarkista Malinin Instagram tai verkkosivusto.  T\u00e4m\u00e4 on Malin: Nimeni on Malin Carper, ja olen kotoisin Arbogasta. Nyky\u00e4\u00e4n ty\u00f6skentelen Bad Mood Tattoo -studiossa Helsingborgissa. Tykk\u00e4\u00e4n ty\u00f6skennell\u00e4 v\u00e4rirealismissa abstraktin vivahteella. Olen ollut tatuointialalla vuodesta 2010, ja kaikkien n\u00e4iden vuosien aikana olen matkustanut paljon moniin j\u00e4nnitt\u00e4viin paikkoihin. Olen ty\u00f6skennellyt vieraana muiden taitavien tatuointitaiteilijoiden kanssa, tatuoinut tatuointimessuilla, tatuoinut muusikoita ja tavannut paljon hyvi\u00e4 yst\u00e4vi\u00e4! En olisi voinut toivoa mit\u00e4\u00e4n parempaa tatuointiammatilta! Toivon, ett\u00e4 pid\u00e4t pienist\u00e4 flasheistani, joista jotkut t\u00e4m\u00e4n arkin tatuoinneista olen tehnyt. Parhain terveisin,  Malin  Arkin koko: A5 Tatuoinnin koko: 6-13 cm  Ota yhteytt\u00e4 Maliniin:  Instagram:  @malincarper  Studio:  Bad Mood Tattoo  Osoite:  Nedre L\u00e5ngvinkelsgatan 17, 25220 Helsingborg  Verkkosivusto:  carperink.se\" \/>\n<meta property=\"og:url\" content=\"https:\/\/likeink.com\/fi\/siirtotatuoinnit\/flash-unikko-kukka-tatuoinnit\/\" \/>\n<meta property=\"og:site_name\" content=\"Like ink\" \/>\n<meta property=\"article:publisher\" content=\"https:\/\/www.facebook.com\/LikeInkSe\" \/>\n<meta property=\"article:modified_time\" content=\"2024-02-14T16:06:52+00:00\" \/>\n<meta property=\"og:image\" content=\"https:\/\/likeink.com\/wp-content\/uploads\/2024\/01\/MalinCarper-Poppy-Flower-Tattoos-Likeink.jpg\" \/>\n\t<meta property=\"og:image:width\" content=\"1985\" \/>\n\t<meta property=\"og:image:height\" content=\"1400\" \/>\n\t<meta property=\"og:image:type\" content=\"image\/jpeg\" \/>\n<meta name=\"twitter:card\" content=\"summary_large_image\" \/>\n<meta name=\"twitter:label1\" content=\"Arvioitu lukuaika\" \/>\n\t<meta name=\"twitter:data1\" content=\"1 minuutti\" \/>\n<!-- \/ Yoast SEO Premium plugin. -->","yoast_head_json":{"title":"Flash \"Unikko kukka tatuoinnit\" by Malin Carper - Like ink","description":"Unikko kukka tatuoinnit fake-tatuointeina, suunnitellut Carper Ink. V\u00e4rikk\u00e4it\u00e4 unikko ja ruusu -suunnitelmia! Nopea toimitus ja ilmainen toimitus - Like ink","robots":{"index":"index","follow":"follow","max-snippet":"max-snippet:-1","max-image-preview":"max-image-preview:large","max-video-preview":"max-video-preview:-1"},"canonical":"https:\/\/likeink.com\/fi\/siirtotatuoinnit\/flash-unikko-kukka-tatuoinnit\/","og_locale":"fi_FI","og_type":"article","og_title":"Flash \"Unikko kukka tatuoinnit\" by Malin Carper","og_description":"Like inkin valmiit arkki v\u00e4liaikaisia tatuointeja ovat noin 20\u00d714 cm kokoisia ja niiss\u00e4 on kuvassa n\u00e4kyv\u00e4 design. Tulostamme ja l\u00e4het\u00e4mme tatuointiarkkisi 24 tunnin sis\u00e4ll\u00e4 tilauksestasi. Tilaa fake-tatuointeja abstraktissa vesiv\u00e4ri-tyyliss\u00e4, Unikko kukka tatuoinnit ja ruusu, jotka on suunnitellut tatuoija Malin Carper. T\u00e4m\u00e4 arkki on suunnitellut lahjakas tatuointitaiteilija Malin Carper Bad Mood Tattoo -studiossa Helsingborgissa. On todella hauskaa tarjota Malinin tatuointitaidetta, joka on yksi siisteimmist\u00e4 tatuointitaiteilijoista, joita olemme n\u00e4hneet! Tilaa arkki siirtotatuointeja k\u00e4ytt\u00e4\u00e4ksesi h\u00e4nen taidettaan muutaman p\u00e4iv\u00e4n ajan, ja jos olet kiinnostunut oikeasta tatuoinnista, tarkista Malinin Instagram tai verkkosivusto.  T\u00e4m\u00e4 on Malin: Nimeni on Malin Carper, ja olen kotoisin Arbogasta. Nyky\u00e4\u00e4n ty\u00f6skentelen Bad Mood Tattoo -studiossa Helsingborgissa. Tykk\u00e4\u00e4n ty\u00f6skennell\u00e4 v\u00e4rirealismissa abstraktin vivahteella. Olen ollut tatuointialalla vuodesta 2010, ja kaikkien n\u00e4iden vuosien aikana olen matkustanut paljon moniin j\u00e4nnitt\u00e4viin paikkoihin. Olen ty\u00f6skennellyt vieraana muiden taitavien tatuointitaiteilijoiden kanssa, tatuoinut tatuointimessuilla, tatuoinut muusikoita ja tavannut paljon hyvi\u00e4 yst\u00e4vi\u00e4! En olisi voinut toivoa mit\u00e4\u00e4n parempaa tatuointiammatilta! Toivon, ett\u00e4 pid\u00e4t pienist\u00e4 flasheistani, joista jotkut t\u00e4m\u00e4n arkin tatuoinneista olen tehnyt. Parhain terveisin,  Malin  Arkin koko: A5 Tatuoinnin koko: 6-13 cm  Ota yhteytt\u00e4 Maliniin:  Instagram:  @malincarper  Studio:  Bad Mood Tattoo  Osoite:  Nedre L\u00e5ngvinkelsgatan 17, 25220 Helsingborg  Verkkosivusto:  carperink.se","og_url":"https:\/\/likeink.com\/fi\/siirtotatuoinnit\/flash-unikko-kukka-tatuoinnit\/","og_site_name":"Like ink","article_publisher":"https:\/\/www.facebook.com\/LikeInkSe","article_modified_time":"2024-02-14T16:06:52+00:00","og_image":[{"width":1985,"height":1400,"url":"https:\/\/likeink.com\/wp-content\/uploads\/2024\/01\/MalinCarper-Poppy-Flower-Tattoos-Likeink.jpg","type":"image\/jpeg"}],"twitter_card":"summary_large_image","twitter_misc":{"Arvioitu lukuaika":"1 minuutti"},"schema":{"@context":"https:\/\/schema.org","@graph":[{"@type":"WebPage","@id":"https:\/\/likeink.com\/fi\/siirtotatuoinnit\/flash-unikko-kukka-tatuoinnit\/","url":"https:\/\/likeink.com\/fi\/siirtotatuoinnit\/flash-unikko-kukka-tatuoinnit\/","name":"Flash \"Unikko kukka tatuoinnit\" by Malin Carper - Like ink","isPartOf":{"@id":"https:\/\/likeink.com\/fi\/#website"},"primaryImageOfPage":{"@id":"https:\/\/likeink.com\/fi\/siirtotatuoinnit\/flash-unikko-kukka-tatuoinnit\/#primaryimage"},"image":{"@id":"https:\/\/likeink.com\/fi\/siirtotatuoinnit\/flash-unikko-kukka-tatuoinnit\/#primaryimage"},"thumbnailUrl":"https:\/\/likeink.com\/wp-content\/uploads\/2024\/01\/MalinCarper-Poppy-Flower-Tattoos-Likeink.jpg","datePublished":"2024-01-11T20:48:57+00:00","dateModified":"2024-02-14T16:06:52+00:00","description":"Unikko kukka tatuoinnit fake-tatuointeina, suunnitellut Carper Ink. V\u00e4rikk\u00e4it\u00e4 unikko ja ruusu -suunnitelmia! Nopea toimitus ja ilmainen toimitus - Like ink","breadcrumb":{"@id":"https:\/\/likeink.com\/fi\/siirtotatuoinnit\/flash-unikko-kukka-tatuoinnit\/#breadcrumb"},"inLanguage":"fi","potentialAction":[{"@type":"ReadAction","target":["https:\/\/likeink.com\/fi\/siirtotatuoinnit\/flash-unikko-kukka-tatuoinnit\/"]}]},{"@type":"ImageObject","inLanguage":"fi","@id":"https:\/\/likeink.com\/fi\/siirtotatuoinnit\/flash-unikko-kukka-tatuoinnit\/#primaryimage","url":"https:\/\/likeink.com\/wp-content\/uploads\/2024\/01\/MalinCarper-Poppy-Flower-Tattoos-Likeink.jpg","contentUrl":"https:\/\/likeink.com\/wp-content\/uploads\/2024\/01\/MalinCarper-Poppy-Flower-Tattoos-Likeink.jpg","width":1985,"height":1400,"caption":"Kokoelma abstrakteja kukkatatuointeja Like ink -yritykselt\u00e4 \u2013 Luotu Carper Inkin toimesta unikoilla ja eloisalla ruusulla"},{"@type":"BreadcrumbList","@id":"https:\/\/likeink.com\/fi\/siirtotatuoinnit\/flash-unikko-kukka-tatuoinnit\/#breadcrumb","itemListElement":[{"@type":"ListItem","position":1,"name":"Hem","item":"https:\/\/likeink.com\/fi\/"},{"@type":"ListItem","position":2,"name":"Shop","item":"https:\/\/likeink.com\/fi\/shop\/"},{"@type":"ListItem","position":3,"name":"Flash &#8221;Unikko kukka tatuoinnit&#8221; by Malin Carper"}]},{"@type":"WebSite","@id":"https:\/\/likeink.com\/fi\/#website","url":"https:\/\/likeink.com\/fi\/","name":"Like ink","description":"Make your own custom design","potentialAction":[{"@type":"SearchAction","target":{"@type":"EntryPoint","urlTemplate":"https:\/\/likeink.com\/fi\/?s={search_term_string}"},"query-input":{"@type":"PropertyValueSpecification","valueRequired":true,"valueName":"search_term_string"}}],"inLanguage":"fi"}]}},"_links":{"self":[{"href":"https:\/\/likeink.com\/fi\/wp-json\/wp\/v2\/product\/24195","targetHints":{"allow":["GET"]}}],"collection":[{"href":"https:\/\/likeink.com\/fi\/wp-json\/wp\/v2\/product"}],"about":[{"href":"https:\/\/likeink.com\/fi\/wp-json\/wp\/v2\/types\/product"}],"wp:featuredmedia":[{"embeddable":true,"href":"https:\/\/likeink.com\/fi\/wp-json\/wp\/v2\/media\/24139"}],"wp:attachment":[{"href":"https:\/\/likeink.com\/fi\/wp-json\/wp\/v2\/media?parent=24195"}],"wp:term":[{"taxonomy":"product_brand","embeddable":true,"href":"https:\/\/likeink.com\/fi\/wp-json\/wp\/v2\/product_brand?post=24195"},{"taxonomy":"product_cat","embeddable":true,"href":"https:\/\/likeink.com\/fi\/wp-json\/wp\/v2\/product_cat?post=24195"},{"taxonomy":"product_tag","embeddable":true,"href":"https:\/\/likeink.com\/fi\/wp-json\/wp\/v2\/product_tag?post=24195"}],"curies":[{"name":"wp","href":"https:\/\/api.w.org\/{rel}","templated":true}]}}