{"id":24231,"date":"2024-01-13T15:06:46","date_gmt":"2024-01-13T15:06:47","guid":{"rendered":"https:\/\/likeink.se\/?post_type=product&#038;p=24231"},"modified":"2024-02-14T16:06:52","modified_gmt":"2024-02-14T16:06:52","slug":"ballerina-tatuoinnit","status":"publish","type":"product","link":"https:\/\/likeink.com\/fi\/siirtotatuoinnit\/ballerina-tatuoinnit\/","title":{"rendered":"Ballerina Tatuoinnit Angie Artin toimesta"},"content":{"rendered":"","protected":false},"excerpt":{"rendered":"<p>Koe Angie Artin taiteellisen maailman kauneus eksklusiivisella A5-arkillamme, joka on t\u00e4ynn\u00e4 kaksitoista ballerina siirtotatuointia. T\u00e4m\u00e4 huolella valittu kokoelma kuvituksia esittelee el\u00e4vi\u00e4 ballerina-tatuointeja, jokainen on ainutlaatuinen taideteos, jonka on luonut lahjakas Angelina Morsi, Angie Art. T\u00e4ydellinen niille, jotka haluavat ilmaista luovuuttaan tai kokeilla v\u00e4liaikaista taideteosta ihollaan. Anna itsesi inspiroitua ja muuta ihosi liikkuvaksi galleriaksi n\u00e4iden huomiota her\u00e4tt\u00e4vien siirtotatuointien avulla Like inkilt\u00e4.<\/p>\n<h2>Tilaa siirtotatuointeja, jotka on taiteellisesti piirrettyj\u00e4 naisia, ja kanna taidetta ihollasi v\u00e4liaikaisen tatuointikankaan muodossa.<\/h2>\n<p><strong>Angelina:<\/strong> Intohimoinen taiteilija Tukholmasta.<br \/>\nH\u00e4n on aina ollut luova ja kasvanut luovassa perheess\u00e4, jossa v\u00e4ri\u00e4 ja muotoa on aina kannustettu.<br \/>\nOltuaan ensin kampaaja ja sitten monia vuosia rahoitussektorilla, Angelina l\u00f6ysi fantastisen tavan rentoutua iltaisin &#8211; maalaamalla.<br \/>\nH\u00e4n rakensi nopeasti suuren portfolion taidetta, ja pian sen j\u00e4lkeen h\u00e4n perusti yrityksen, julkaisi kolme kokoelmaa ja alkoi myyd\u00e4 laajemmin vuosina 2022 ja 2023.<br \/>\nNyt h\u00e4n el\u00e4\u00e4 unelmaansa, yh\u00e4 toisella jalallaan rahoitussektorilla ja toisella taiteen maailmassa.<br \/>\nNyky\u00e4\u00e4n h\u00e4n maalaa ja tuottaa kokoelmia tuotteista kuten tarjottimia, tyynyj\u00e4 ja lasinalusia, joita myyd\u00e4\u00e4n v\u00e4hitt\u00e4iskaupoissa ymp\u00e4ri maata, ja nyt viimein h\u00e4nen taiteensa on saatavilla siirtotatuointeina meilt\u00e4 Like inkiss\u00e4.<\/p>\n<p>H\u00e4nen taiteensa on abstraktia, v\u00e4rik\u00e4st\u00e4 ja usein esitt\u00e4\u00e4 alastomuutta keskittyen naisiin. Se on tulkintaa voimasta ja intohimosta, ja Angelinalle on t\u00e4rke\u00e4\u00e4 v\u00e4litt\u00e4\u00e4 iloa ja positiivisuutta taiteessaan.<br \/>\nUseimmat tunnistavat Angelinan taiteen syd\u00e4menmuotoisista huulista, jotka n\u00e4kyv\u00e4t monissa h\u00e4nen maalauksissaan.<br \/>\nAngelina saa usein inspiraationsa arkiymp\u00e4rist\u00f6st\u00e4 ja viime p\u00e4ivien vaikutelmista juuri siin\u00e4 hetkess\u00e4.<\/p>\n<p><strong>Yhteystiedot:<\/strong><br \/>\nLis\u00e4\u00e4 projekteja ja yhteisty\u00f6kumppanuuksia on suunnitteilla tuleville vuosille, joten liity mukaan Angelinan matkalle!<br \/>\n@angieart.se<\/p>\n<p><strong>Arkin koko:<\/strong> A5<br \/>\n<strong>Tatuointien koko:<\/strong> 4 cm<\/p>\n","protected":false},"featured_media":24160,"template":"","meta":[],"product_brand":[],"product_cat":[51,204],"product_tag":[],"class_list":{"0":"post-24231","1":"product","2":"type-product","3":"status-publish","4":"has-post-thumbnail","6":"product_cat-valmiit-arkit","7":"product_cat-yhteistyota-tatuoijien-kanssa","9":"first","10":"instock","11":"taxable","12":"shipping-taxable","13":"purchasable","14":"product-type-simple"},"yoast_head":"<!-- This site is optimized with the Yoast SEO Premium plugin v26.2 (Yoast SEO v27.4) - https:\/\/yoast.com\/product\/yoast-seo-premium-wordpress\/ -->\n<title>&quot;Ballerina Tatuoinnit Angie Artin toimesta - Like ink<\/title>\n<meta name=\"description\" content=\"Ballerina Tatuoinnit taiteilija Angelina Morsilta. Arkki, jossa on kaksitoista v\u00e4rikk\u00e4\u00e4n taustan eteen kuvitettua ballerinaa. Siirtotatuointeja - Like ink\" \/>\n<meta name=\"robots\" content=\"index, follow, max-snippet:-1, max-image-preview:large, max-video-preview:-1\" \/>\n<link rel=\"canonical\" href=\"https:\/\/likeink.com\/fi\/siirtotatuoinnit\/ballerina-tatuoinnit\/\" \/>\n<meta property=\"og:locale\" content=\"fi_FI\" \/>\n<meta property=\"og:type\" content=\"article\" \/>\n<meta property=\"og:title\" content=\"Ballerina Tatuoinnit Angie Artin toimesta\" \/>\n<meta property=\"og:description\" content=\"Koe Angie Artin taiteellisen maailman kauneus eksklusiivisella A5-arkillamme, joka on t\u00e4ynn\u00e4 kaksitoista ballerina siirtotatuointia. T\u00e4m\u00e4 huolella valittu kokoelma kuvituksia esittelee el\u00e4vi\u00e4 ballerina-tatuointeja, jokainen on ainutlaatuinen taideteos, jonka on luonut lahjakas Angelina Morsi, Angie Art. T\u00e4ydellinen niille, jotka haluavat ilmaista luovuuttaan tai kokeilla v\u00e4liaikaista taideteosta ihollaan. Anna itsesi inspiroitua ja muuta ihosi liikkuvaksi galleriaksi n\u00e4iden huomiota her\u00e4tt\u00e4vien siirtotatuointien avulla Like inkilt\u00e4. Tilaa siirtotatuointeja, jotka on taiteellisesti piirrettyj\u00e4 naisia, ja kanna taidetta ihollasi v\u00e4liaikaisen tatuointikankaan muodossa. Angelina: Intohimoinen taiteilija Tukholmasta. H\u00e4n on aina ollut luova ja kasvanut luovassa perheess\u00e4, jossa v\u00e4ri\u00e4 ja muotoa on aina kannustettu. Oltuaan ensin kampaaja ja sitten monia vuosia rahoitussektorilla, Angelina l\u00f6ysi fantastisen tavan rentoutua iltaisin - maalaamalla. H\u00e4n rakensi nopeasti suuren portfolion taidetta, ja pian sen j\u00e4lkeen h\u00e4n perusti yrityksen, julkaisi kolme kokoelmaa ja alkoi myyd\u00e4 laajemmin vuosina 2022 ja 2023. Nyt h\u00e4n el\u00e4\u00e4 unelmaansa, yh\u00e4 toisella jalallaan rahoitussektorilla ja toisella taiteen maailmassa. Nyky\u00e4\u00e4n h\u00e4n maalaa ja tuottaa kokoelmia tuotteista kuten tarjottimia, tyynyj\u00e4 ja lasinalusia, joita myyd\u00e4\u00e4n v\u00e4hitt\u00e4iskaupoissa ymp\u00e4ri maata, ja nyt viimein h\u00e4nen taiteensa on saatavilla siirtotatuointeina meilt\u00e4 Like inkiss\u00e4.  H\u00e4nen taiteensa on abstraktia, v\u00e4rik\u00e4st\u00e4 ja usein esitt\u00e4\u00e4 alastomuutta keskittyen naisiin. Se on tulkintaa voimasta ja intohimosta, ja Angelinalle on t\u00e4rke\u00e4\u00e4 v\u00e4litt\u00e4\u00e4 iloa ja positiivisuutta taiteessaan. Useimmat tunnistavat Angelinan taiteen syd\u00e4menmuotoisista huulista, jotka n\u00e4kyv\u00e4t monissa h\u00e4nen maalauksissaan. Angelina saa usein inspiraationsa arkiymp\u00e4rist\u00f6st\u00e4 ja viime p\u00e4ivien vaikutelmista juuri siin\u00e4 hetkess\u00e4.  Yhteystiedot: Lis\u00e4\u00e4 projekteja ja yhteisty\u00f6kumppanuuksia on suunnitteilla tuleville vuosille, joten liity mukaan Angelinan matkalle! @angieart.se  Arkin koko: A5 Tatuointien koko: 4 cm\" \/>\n<meta property=\"og:url\" content=\"https:\/\/likeink.com\/fi\/siirtotatuoinnit\/ballerina-tatuoinnit\/\" \/>\n<meta property=\"og:site_name\" content=\"Like ink\" \/>\n<meta property=\"article:publisher\" content=\"https:\/\/www.facebook.com\/LikeInkSe\" \/>\n<meta property=\"article:modified_time\" content=\"2024-02-14T16:06:52+00:00\" \/>\n<meta property=\"og:image\" content=\"https:\/\/likeink.com\/wp-content\/uploads\/2024\/01\/AngieArt-Ballerina-Likeink.jpg\" \/>\n\t<meta property=\"og:image:width\" content=\"2481\" \/>\n\t<meta property=\"og:image:height\" content=\"1749\" \/>\n\t<meta property=\"og:image:type\" content=\"image\/jpeg\" \/>\n<meta name=\"twitter:card\" content=\"summary_large_image\" \/>\n<meta name=\"twitter:label1\" content=\"Arvioitu lukuaika\" \/>\n\t<meta name=\"twitter:data1\" content=\"1 minuutti\" \/>\n<script type=\"application\/ld+json\" class=\"yoast-schema-graph\">{\"@context\":\"https:\\\/\\\/schema.org\",\"@graph\":[{\"@type\":\"WebPage\",\"@id\":\"https:\\\/\\\/likeink.com\\\/fi\\\/siirtotatuoinnit\\\/ballerina-tatuoinnit\\\/\",\"url\":\"https:\\\/\\\/likeink.com\\\/fi\\\/siirtotatuoinnit\\\/ballerina-tatuoinnit\\\/\",\"name\":\"\\\"Ballerina Tatuoinnit Angie Artin toimesta - Like ink\",\"isPartOf\":{\"@id\":\"https:\\\/\\\/likeink.com\\\/fi\\\/#website\"},\"primaryImageOfPage\":{\"@id\":\"https:\\\/\\\/likeink.com\\\/fi\\\/siirtotatuoinnit\\\/ballerina-tatuoinnit\\\/#primaryimage\"},\"image\":{\"@id\":\"https:\\\/\\\/likeink.com\\\/fi\\\/siirtotatuoinnit\\\/ballerina-tatuoinnit\\\/#primaryimage\"},\"thumbnailUrl\":\"https:\\\/\\\/likeink.com\\\/wp-content\\\/uploads\\\/2024\\\/01\\\/AngieArt-Ballerina-Likeink.jpg\",\"datePublished\":\"2024-01-13T15:06:47+00:00\",\"dateModified\":\"2024-02-14T16:06:52+00:00\",\"description\":\"Ballerina Tatuoinnit taiteilija Angelina Morsilta. Arkki, jossa on kaksitoista v\u00e4rikk\u00e4\u00e4n taustan eteen kuvitettua ballerinaa. Siirtotatuointeja - Like ink\",\"breadcrumb\":{\"@id\":\"https:\\\/\\\/likeink.com\\\/fi\\\/siirtotatuoinnit\\\/ballerina-tatuoinnit\\\/#breadcrumb\"},\"inLanguage\":\"fi\",\"potentialAction\":[{\"@type\":\"ReadAction\",\"target\":[\"https:\\\/\\\/likeink.com\\\/fi\\\/siirtotatuoinnit\\\/ballerina-tatuoinnit\\\/\"]}]},{\"@type\":\"ImageObject\",\"inLanguage\":\"fi\",\"@id\":\"https:\\\/\\\/likeink.com\\\/fi\\\/siirtotatuoinnit\\\/ballerina-tatuoinnit\\\/#primaryimage\",\"url\":\"https:\\\/\\\/likeink.com\\\/wp-content\\\/uploads\\\/2024\\\/01\\\/AngieArt-Ballerina-Likeink.jpg\",\"contentUrl\":\"https:\\\/\\\/likeink.com\\\/wp-content\\\/uploads\\\/2024\\\/01\\\/AngieArt-Ballerina-Likeink.jpg\",\"width\":2481,\"height\":1749,\"caption\":\"Kokoelma ballerina-aiheita feikkitatuoinneissa Like inkilt\u00e4 \u2013 Luonut Angie Art v\u00e4rikk\u00e4ill\u00e4 taustoilla.\"},{\"@type\":\"BreadcrumbList\",\"@id\":\"https:\\\/\\\/likeink.com\\\/fi\\\/siirtotatuoinnit\\\/ballerina-tatuoinnit\\\/#breadcrumb\",\"itemListElement\":[{\"@type\":\"ListItem\",\"position\":1,\"name\":\"Hem\",\"item\":\"https:\\\/\\\/likeink.com\\\/fi\\\/\"},{\"@type\":\"ListItem\",\"position\":2,\"name\":\"Shop\",\"item\":\"https:\\\/\\\/likeink.com\\\/fi\\\/shop\\\/\"},{\"@type\":\"ListItem\",\"position\":3,\"name\":\"Ballerina Tatuoinnit Angie Artin toimesta\"}]},{\"@type\":\"WebSite\",\"@id\":\"https:\\\/\\\/likeink.com\\\/fi\\\/#website\",\"url\":\"https:\\\/\\\/likeink.com\\\/fi\\\/\",\"name\":\"Like ink\",\"description\":\"Make your own custom design\",\"potentialAction\":[{\"@type\":\"SearchAction\",\"target\":{\"@type\":\"EntryPoint\",\"urlTemplate\":\"https:\\\/\\\/likeink.com\\\/fi\\\/?s={search_term_string}\"},\"query-input\":{\"@type\":\"PropertyValueSpecification\",\"valueRequired\":true,\"valueName\":\"search_term_string\"}}],\"inLanguage\":\"fi\"}]}<\/script>\n<!-- \/ Yoast SEO Premium plugin. -->","yoast_head_json":{"title":"\"Ballerina Tatuoinnit Angie Artin toimesta - Like ink","description":"Ballerina Tatuoinnit taiteilija Angelina Morsilta. Arkki, jossa on kaksitoista v\u00e4rikk\u00e4\u00e4n taustan eteen kuvitettua ballerinaa. Siirtotatuointeja - Like ink","robots":{"index":"index","follow":"follow","max-snippet":"max-snippet:-1","max-image-preview":"max-image-preview:large","max-video-preview":"max-video-preview:-1"},"canonical":"https:\/\/likeink.com\/fi\/siirtotatuoinnit\/ballerina-tatuoinnit\/","og_locale":"fi_FI","og_type":"article","og_title":"Ballerina Tatuoinnit Angie Artin toimesta","og_description":"Koe Angie Artin taiteellisen maailman kauneus eksklusiivisella A5-arkillamme, joka on t\u00e4ynn\u00e4 kaksitoista ballerina siirtotatuointia. T\u00e4m\u00e4 huolella valittu kokoelma kuvituksia esittelee el\u00e4vi\u00e4 ballerina-tatuointeja, jokainen on ainutlaatuinen taideteos, jonka on luonut lahjakas Angelina Morsi, Angie Art. T\u00e4ydellinen niille, jotka haluavat ilmaista luovuuttaan tai kokeilla v\u00e4liaikaista taideteosta ihollaan. Anna itsesi inspiroitua ja muuta ihosi liikkuvaksi galleriaksi n\u00e4iden huomiota her\u00e4tt\u00e4vien siirtotatuointien avulla Like inkilt\u00e4. Tilaa siirtotatuointeja, jotka on taiteellisesti piirrettyj\u00e4 naisia, ja kanna taidetta ihollasi v\u00e4liaikaisen tatuointikankaan muodossa. Angelina: Intohimoinen taiteilija Tukholmasta. H\u00e4n on aina ollut luova ja kasvanut luovassa perheess\u00e4, jossa v\u00e4ri\u00e4 ja muotoa on aina kannustettu. Oltuaan ensin kampaaja ja sitten monia vuosia rahoitussektorilla, Angelina l\u00f6ysi fantastisen tavan rentoutua iltaisin - maalaamalla. H\u00e4n rakensi nopeasti suuren portfolion taidetta, ja pian sen j\u00e4lkeen h\u00e4n perusti yrityksen, julkaisi kolme kokoelmaa ja alkoi myyd\u00e4 laajemmin vuosina 2022 ja 2023. Nyt h\u00e4n el\u00e4\u00e4 unelmaansa, yh\u00e4 toisella jalallaan rahoitussektorilla ja toisella taiteen maailmassa. Nyky\u00e4\u00e4n h\u00e4n maalaa ja tuottaa kokoelmia tuotteista kuten tarjottimia, tyynyj\u00e4 ja lasinalusia, joita myyd\u00e4\u00e4n v\u00e4hitt\u00e4iskaupoissa ymp\u00e4ri maata, ja nyt viimein h\u00e4nen taiteensa on saatavilla siirtotatuointeina meilt\u00e4 Like inkiss\u00e4.  H\u00e4nen taiteensa on abstraktia, v\u00e4rik\u00e4st\u00e4 ja usein esitt\u00e4\u00e4 alastomuutta keskittyen naisiin. Se on tulkintaa voimasta ja intohimosta, ja Angelinalle on t\u00e4rke\u00e4\u00e4 v\u00e4litt\u00e4\u00e4 iloa ja positiivisuutta taiteessaan. Useimmat tunnistavat Angelinan taiteen syd\u00e4menmuotoisista huulista, jotka n\u00e4kyv\u00e4t monissa h\u00e4nen maalauksissaan. Angelina saa usein inspiraationsa arkiymp\u00e4rist\u00f6st\u00e4 ja viime p\u00e4ivien vaikutelmista juuri siin\u00e4 hetkess\u00e4.  Yhteystiedot: Lis\u00e4\u00e4 projekteja ja yhteisty\u00f6kumppanuuksia on suunnitteilla tuleville vuosille, joten liity mukaan Angelinan matkalle! @angieart.se  Arkin koko: A5 Tatuointien koko: 4 cm","og_url":"https:\/\/likeink.com\/fi\/siirtotatuoinnit\/ballerina-tatuoinnit\/","og_site_name":"Like ink","article_publisher":"https:\/\/www.facebook.com\/LikeInkSe","article_modified_time":"2024-02-14T16:06:52+00:00","og_image":[{"width":2481,"height":1749,"url":"https:\/\/likeink.com\/wp-content\/uploads\/2024\/01\/AngieArt-Ballerina-Likeink.jpg","type":"image\/jpeg"}],"twitter_card":"summary_large_image","twitter_misc":{"Arvioitu lukuaika":"1 minuutti"},"schema":{"@context":"https:\/\/schema.org","@graph":[{"@type":"WebPage","@id":"https:\/\/likeink.com\/fi\/siirtotatuoinnit\/ballerina-tatuoinnit\/","url":"https:\/\/likeink.com\/fi\/siirtotatuoinnit\/ballerina-tatuoinnit\/","name":"\"Ballerina Tatuoinnit Angie Artin toimesta - Like ink","isPartOf":{"@id":"https:\/\/likeink.com\/fi\/#website"},"primaryImageOfPage":{"@id":"https:\/\/likeink.com\/fi\/siirtotatuoinnit\/ballerina-tatuoinnit\/#primaryimage"},"image":{"@id":"https:\/\/likeink.com\/fi\/siirtotatuoinnit\/ballerina-tatuoinnit\/#primaryimage"},"thumbnailUrl":"https:\/\/likeink.com\/wp-content\/uploads\/2024\/01\/AngieArt-Ballerina-Likeink.jpg","datePublished":"2024-01-13T15:06:47+00:00","dateModified":"2024-02-14T16:06:52+00:00","description":"Ballerina Tatuoinnit taiteilija Angelina Morsilta. Arkki, jossa on kaksitoista v\u00e4rikk\u00e4\u00e4n taustan eteen kuvitettua ballerinaa. Siirtotatuointeja - Like ink","breadcrumb":{"@id":"https:\/\/likeink.com\/fi\/siirtotatuoinnit\/ballerina-tatuoinnit\/#breadcrumb"},"inLanguage":"fi","potentialAction":[{"@type":"ReadAction","target":["https:\/\/likeink.com\/fi\/siirtotatuoinnit\/ballerina-tatuoinnit\/"]}]},{"@type":"ImageObject","inLanguage":"fi","@id":"https:\/\/likeink.com\/fi\/siirtotatuoinnit\/ballerina-tatuoinnit\/#primaryimage","url":"https:\/\/likeink.com\/wp-content\/uploads\/2024\/01\/AngieArt-Ballerina-Likeink.jpg","contentUrl":"https:\/\/likeink.com\/wp-content\/uploads\/2024\/01\/AngieArt-Ballerina-Likeink.jpg","width":2481,"height":1749,"caption":"Kokoelma ballerina-aiheita feikkitatuoinneissa Like inkilt\u00e4 \u2013 Luonut Angie Art v\u00e4rikk\u00e4ill\u00e4 taustoilla."},{"@type":"BreadcrumbList","@id":"https:\/\/likeink.com\/fi\/siirtotatuoinnit\/ballerina-tatuoinnit\/#breadcrumb","itemListElement":[{"@type":"ListItem","position":1,"name":"Hem","item":"https:\/\/likeink.com\/fi\/"},{"@type":"ListItem","position":2,"name":"Shop","item":"https:\/\/likeink.com\/fi\/shop\/"},{"@type":"ListItem","position":3,"name":"Ballerina Tatuoinnit Angie Artin toimesta"}]},{"@type":"WebSite","@id":"https:\/\/likeink.com\/fi\/#website","url":"https:\/\/likeink.com\/fi\/","name":"Like ink","description":"Make your own custom design","potentialAction":[{"@type":"SearchAction","target":{"@type":"EntryPoint","urlTemplate":"https:\/\/likeink.com\/fi\/?s={search_term_string}"},"query-input":{"@type":"PropertyValueSpecification","valueRequired":true,"valueName":"search_term_string"}}],"inLanguage":"fi"}]}},"_links":{"self":[{"href":"https:\/\/likeink.com\/fi\/wp-json\/wp\/v2\/product\/24231","targetHints":{"allow":["GET"]}}],"collection":[{"href":"https:\/\/likeink.com\/fi\/wp-json\/wp\/v2\/product"}],"about":[{"href":"https:\/\/likeink.com\/fi\/wp-json\/wp\/v2\/types\/product"}],"wp:featuredmedia":[{"embeddable":true,"href":"https:\/\/likeink.com\/fi\/wp-json\/wp\/v2\/media\/24160"}],"wp:attachment":[{"href":"https:\/\/likeink.com\/fi\/wp-json\/wp\/v2\/media?parent=24231"}],"wp:term":[{"taxonomy":"product_brand","embeddable":true,"href":"https:\/\/likeink.com\/fi\/wp-json\/wp\/v2\/product_brand?post=24231"},{"taxonomy":"product_cat","embeddable":true,"href":"https:\/\/likeink.com\/fi\/wp-json\/wp\/v2\/product_cat?post=24231"},{"taxonomy":"product_tag","embeddable":true,"href":"https:\/\/likeink.com\/fi\/wp-json\/wp\/v2\/product_tag?post=24231"}],"curies":[{"name":"wp","href":"https:\/\/api.w.org\/{rel}","templated":true}]}}