{"id":2427,"date":"2020-01-21T15:32:35","date_gmt":"2020-01-21T15:32:35","guid":{"rendered":"https:\/\/likeink.se\/produkt\/flash-4-by-helene-at-studio-black\/"},"modified":"2026-04-28T13:23:12","modified_gmt":"2026-04-28T13:23:12","slug":"flash-4-by-helene-at-studio-black","status":"publish","type":"product","link":"https:\/\/likeink.com\/fi\/siirtotatuoinnit\/flash-4-by-helene-at-studio-black\/","title":{"rendered":"Flash &#8220;leaf&#8221; by Hel\u00e9ne at Studio Bl\u00e4ck"},"content":{"rendered":"","protected":false},"excerpt":{"rendered":"<p>Valmiit arkkimme v\u00e4liaikaisilla tatuoinneilla ovat noin 20\u00d715 cm kokoisia ja sis\u00e4lt\u00e4v\u00e4t kuvassa n\u00e4kyv\u00e4n designin. Painamme ja l\u00e4het\u00e4mme arkkisi v\u00e4liaikaisilla tatuoinneilla 24 tunnin kuluessa tilauksestasi.<\/p>\n<h2>V\u00e4liaikaiset tatuoinnit Flash &#8220;Leaf&#8221; tekij\u00e4n\u00e4 Hel\u00e9ne<\/h2>\n<p>T\u00e4m\u00e4 arkki on suunniteltu lahjakkaan tatuoijan Hel\u00e9nen toimesta Studio Bl\u00e4ckista V\u00e4rmlandista.<\/p>\n<p><strong>T\u00e4m\u00e4 on Hel\u00e9ne:<\/strong><br \/>\nTatuoija Ruotsista, joka RAKASTAA tatuointeja ja tatuointien tekemist\u00e4. Prosessi, jossa asiakkaideni ideat muuttuvat tatuoinneiksi, on inspiroivin tapa luoda taidetta. Siksi teen tatuointeja kaikissa tyyleiss\u00e4, old schoolista paksuilla linjoilla fotorealismiin. Sen mukaan, mik\u00e4 sopii asiakkaani visioon, persoonallisuuteen ja tyyliin.<\/p>\n<p>Pieniss\u00e4 tatuoinneissa pid\u00e4n yksinkertaisista kuvioista, joissa on kaunis flow. Klassisia ohuita linjoja ja ehk\u00e4 pieni ripaus v\u00e4ri\u00e4. El\u00e4m\u00e4n kauneus l\u00f6ytyy pienist\u00e4 yksityiskohdista, aivan kuten tatuoinneissa.<\/p>\n<p>Toivon, ett\u00e4 pid\u00e4t n\u00e4ist\u00e4 kuvioarkeista. T\u00e4g\u00e4\u00e4 mielell\u00e4\u00e4n Like Ink ja minut, kun julkaiset kuvia n\u00e4ist\u00e4 v\u00e4liaikaisista tatuoinneista sosiaalisessa mediassa. Toivottavasti n\u00e4hd\u00e4\u00e4n Studio Bl\u00e4ckissa V\u00e4rmlandin taianomaisissa metsiss\u00e4.<\/p>\n<p><strong>Jos haluat ottaa yhteytt\u00e4 Hel\u00e9neen:<\/strong><\/p>\n<p><strong>Instagram:<\/strong><br \/>\nhelene_studioblack<\/p>\n<p><strong>Facebook:<\/strong><br \/>\nFacebook.com\/studioblack.forshaga<\/p>\n<p><strong>Studio:<\/strong><br \/>\nStudio Bl\u00e4ck<\/p>\n<p><strong>Osoite:<\/strong><br \/>\nStorgatan 33, 667 30 FORSHAGA<\/p>\n<p><strong>Verkkosivut:<\/strong><br \/>\nstudioblack.se<\/p>\n","protected":false},"featured_media":60109,"template":"","meta":[],"product_brand":[],"product_cat":[520,51,501],"product_tag":[],"class_list":{"0":"post-2427","1":"product","2":"type-product","3":"status-publish","4":"has-post-thumbnail","6":"product_cat-elaimet-luonto","7":"product_cat-valmiit-arkit","8":"product_cat-yhteistyot-tatuoijien-kanssa","10":"first","11":"instock","12":"taxable","13":"shipping-taxable","14":"purchasable","15":"product-type-simple"},"yoast_head":"<!-- This site is optimized with the Yoast SEO Premium plugin v26.2 (Yoast SEO v27.5) - https:\/\/yoast.com\/product\/yoast-seo-premium-wordpress\/ -->\n<title>Tyylik\u00e4s lehtitatuointien flash-arkki tatuointitaiteilija Helenelt\u00e4 - Like ink<\/title>\n<meta name=\"description\" content=\"Kaunis lehtitatuoinnin suunnittelu tatuointitaiteilija toimesta. Tatuoinnit ovat helppok\u00e4ytt\u00f6isi\u00e4 ja n\u00e4ytt\u00e4v\u00e4t realistisilta. Maailmanlaajuinen toimitus!\" \/>\n<meta name=\"robots\" content=\"index, follow, max-snippet:-1, max-image-preview:large, max-video-preview:-1\" \/>\n<link rel=\"canonical\" href=\"https:\/\/likeink.com\/fi\/siirtotatuoinnit\/flash-4-by-helene-at-studio-black\/\" \/>\n<meta property=\"og:locale\" content=\"fi_FI\" \/>\n<meta property=\"og:type\" content=\"article\" \/>\n<meta property=\"og:title\" content=\"Flash &quot;leaf&quot; by Hel\u00e9ne at Studio Bl\u00e4ck\" \/>\n<meta property=\"og:description\" content=\"Valmiit arkkimme v\u00e4liaikaisilla tatuoinneilla ovat noin 20\u00d715 cm kokoisia ja sis\u00e4lt\u00e4v\u00e4t kuvassa n\u00e4kyv\u00e4n designin. Painamme ja l\u00e4het\u00e4mme arkkisi v\u00e4liaikaisilla tatuoinneilla 24 tunnin kuluessa tilauksestasi. V\u00e4liaikaiset tatuoinnit Flash &quot;Leaf&quot; tekij\u00e4n\u00e4 Hel\u00e9ne T\u00e4m\u00e4 arkki on suunniteltu lahjakkaan tatuoijan Hel\u00e9nen toimesta Studio Bl\u00e4ckista V\u00e4rmlandista.  T\u00e4m\u00e4 on Hel\u00e9ne: Tatuoija Ruotsista, joka RAKASTAA tatuointeja ja tatuointien tekemist\u00e4. Prosessi, jossa asiakkaideni ideat muuttuvat tatuoinneiksi, on inspiroivin tapa luoda taidetta. Siksi teen tatuointeja kaikissa tyyleiss\u00e4, old schoolista paksuilla linjoilla fotorealismiin. Sen mukaan, mik\u00e4 sopii asiakkaani visioon, persoonallisuuteen ja tyyliin.  Pieniss\u00e4 tatuoinneissa pid\u00e4n yksinkertaisista kuvioista, joissa on kaunis flow. Klassisia ohuita linjoja ja ehk\u00e4 pieni ripaus v\u00e4ri\u00e4. El\u00e4m\u00e4n kauneus l\u00f6ytyy pienist\u00e4 yksityiskohdista, aivan kuten tatuoinneissa.  Toivon, ett\u00e4 pid\u00e4t n\u00e4ist\u00e4 kuvioarkeista. T\u00e4g\u00e4\u00e4 mielell\u00e4\u00e4n Like Ink ja minut, kun julkaiset kuvia n\u00e4ist\u00e4 v\u00e4liaikaisista tatuoinneista sosiaalisessa mediassa. Toivottavasti n\u00e4hd\u00e4\u00e4n Studio Bl\u00e4ckissa V\u00e4rmlandin taianomaisissa metsiss\u00e4.  Jos haluat ottaa yhteytt\u00e4 Hel\u00e9neen:  Instagram: helene_studioblack  Facebook: Facebook.com\/studioblack.forshaga  Studio: Studio Bl\u00e4ck  Osoite: Storgatan 33, 667 30 FORSHAGA  Verkkosivut: studioblack.se\" \/>\n<meta property=\"og:url\" content=\"https:\/\/likeink.com\/fi\/siirtotatuoinnit\/flash-4-by-helene-at-studio-black\/\" \/>\n<meta property=\"og:site_name\" content=\"Like ink\" \/>\n<meta property=\"article:publisher\" content=\"https:\/\/www.facebook.com\/LikeInkSe\" \/>\n<meta property=\"article:modified_time\" content=\"2026-04-28T13:23:12+00:00\" \/>\n<meta property=\"og:image\" content=\"https:\/\/likeink.com\/wp-content\/uploads\/2026\/03\/Illustrationer-tatuerare-kvist-likeink.jpg\" \/>\n\t<meta property=\"og:image:width\" content=\"1800\" \/>\n\t<meta property=\"og:image:height\" content=\"1268\" \/>\n\t<meta property=\"og:image:type\" content=\"image\/jpeg\" \/>\n<meta name=\"twitter:card\" content=\"summary_large_image\" \/>\n<meta name=\"twitter:label1\" content=\"Arvioitu lukuaika\" \/>\n\t<meta name=\"twitter:data1\" content=\"1 minuutti\" \/>\n<!-- \/ Yoast SEO Premium plugin. -->","yoast_head_json":{"title":"Tyylik\u00e4s lehtitatuointien flash-arkki tatuointitaiteilija Helenelt\u00e4 - Like ink","description":"Kaunis lehtitatuoinnin suunnittelu tatuointitaiteilija toimesta. Tatuoinnit ovat helppok\u00e4ytt\u00f6isi\u00e4 ja n\u00e4ytt\u00e4v\u00e4t realistisilta. Maailmanlaajuinen toimitus!","robots":{"index":"index","follow":"follow","max-snippet":"max-snippet:-1","max-image-preview":"max-image-preview:large","max-video-preview":"max-video-preview:-1"},"canonical":"https:\/\/likeink.com\/fi\/siirtotatuoinnit\/flash-4-by-helene-at-studio-black\/","og_locale":"fi_FI","og_type":"article","og_title":"Flash \"leaf\" by Hel\u00e9ne at Studio Bl\u00e4ck","og_description":"Valmiit arkkimme v\u00e4liaikaisilla tatuoinneilla ovat noin 20\u00d715 cm kokoisia ja sis\u00e4lt\u00e4v\u00e4t kuvassa n\u00e4kyv\u00e4n designin. Painamme ja l\u00e4het\u00e4mme arkkisi v\u00e4liaikaisilla tatuoinneilla 24 tunnin kuluessa tilauksestasi. V\u00e4liaikaiset tatuoinnit Flash \"Leaf\" tekij\u00e4n\u00e4 Hel\u00e9ne T\u00e4m\u00e4 arkki on suunniteltu lahjakkaan tatuoijan Hel\u00e9nen toimesta Studio Bl\u00e4ckista V\u00e4rmlandista.  T\u00e4m\u00e4 on Hel\u00e9ne: Tatuoija Ruotsista, joka RAKASTAA tatuointeja ja tatuointien tekemist\u00e4. Prosessi, jossa asiakkaideni ideat muuttuvat tatuoinneiksi, on inspiroivin tapa luoda taidetta. Siksi teen tatuointeja kaikissa tyyleiss\u00e4, old schoolista paksuilla linjoilla fotorealismiin. Sen mukaan, mik\u00e4 sopii asiakkaani visioon, persoonallisuuteen ja tyyliin.  Pieniss\u00e4 tatuoinneissa pid\u00e4n yksinkertaisista kuvioista, joissa on kaunis flow. Klassisia ohuita linjoja ja ehk\u00e4 pieni ripaus v\u00e4ri\u00e4. El\u00e4m\u00e4n kauneus l\u00f6ytyy pienist\u00e4 yksityiskohdista, aivan kuten tatuoinneissa.  Toivon, ett\u00e4 pid\u00e4t n\u00e4ist\u00e4 kuvioarkeista. T\u00e4g\u00e4\u00e4 mielell\u00e4\u00e4n Like Ink ja minut, kun julkaiset kuvia n\u00e4ist\u00e4 v\u00e4liaikaisista tatuoinneista sosiaalisessa mediassa. Toivottavasti n\u00e4hd\u00e4\u00e4n Studio Bl\u00e4ckissa V\u00e4rmlandin taianomaisissa metsiss\u00e4.  Jos haluat ottaa yhteytt\u00e4 Hel\u00e9neen:  Instagram: helene_studioblack  Facebook: Facebook.com\/studioblack.forshaga  Studio: Studio Bl\u00e4ck  Osoite: Storgatan 33, 667 30 FORSHAGA  Verkkosivut: studioblack.se","og_url":"https:\/\/likeink.com\/fi\/siirtotatuoinnit\/flash-4-by-helene-at-studio-black\/","og_site_name":"Like ink","article_publisher":"https:\/\/www.facebook.com\/LikeInkSe","article_modified_time":"2026-04-28T13:23:12+00:00","og_image":[{"width":1800,"height":1268,"url":"https:\/\/likeink.com\/wp-content\/uploads\/2026\/03\/Illustrationer-tatuerare-kvist-likeink.jpg","type":"image\/jpeg"}],"twitter_card":"summary_large_image","twitter_misc":{"Arvioitu lukuaika":"1 minuutti"},"schema":{"@context":"https:\/\/schema.org","@graph":[{"@type":"WebPage","@id":"https:\/\/likeink.com\/fi\/siirtotatuoinnit\/flash-4-by-helene-at-studio-black\/","url":"https:\/\/likeink.com\/fi\/siirtotatuoinnit\/flash-4-by-helene-at-studio-black\/","name":"Tyylik\u00e4s lehtitatuointien flash-arkki tatuointitaiteilija Helenelt\u00e4 - Like ink","isPartOf":{"@id":"https:\/\/likeink.com\/fi\/#website"},"primaryImageOfPage":{"@id":"https:\/\/likeink.com\/fi\/siirtotatuoinnit\/flash-4-by-helene-at-studio-black\/#primaryimage"},"image":{"@id":"https:\/\/likeink.com\/fi\/siirtotatuoinnit\/flash-4-by-helene-at-studio-black\/#primaryimage"},"thumbnailUrl":"https:\/\/likeink.com\/wp-content\/uploads\/2026\/03\/Illustrationer-tatuerare-kvist-likeink.jpg","datePublished":"2020-01-21T15:32:35+00:00","dateModified":"2026-04-28T13:23:12+00:00","description":"Kaunis lehtitatuoinnin suunnittelu tatuointitaiteilija toimesta. Tatuoinnit ovat helppok\u00e4ytt\u00f6isi\u00e4 ja n\u00e4ytt\u00e4v\u00e4t realistisilta. Maailmanlaajuinen toimitus!","breadcrumb":{"@id":"https:\/\/likeink.com\/fi\/siirtotatuoinnit\/flash-4-by-helene-at-studio-black\/#breadcrumb"},"inLanguage":"fi","potentialAction":[{"@type":"ReadAction","target":["https:\/\/likeink.com\/fi\/siirtotatuoinnit\/flash-4-by-helene-at-studio-black\/"]}]},{"@type":"ImageObject","inLanguage":"fi","@id":"https:\/\/likeink.com\/fi\/siirtotatuoinnit\/flash-4-by-helene-at-studio-black\/#primaryimage","url":"https:\/\/likeink.com\/wp-content\/uploads\/2026\/03\/Illustrationer-tatuerare-kvist-likeink.jpg","contentUrl":"https:\/\/likeink.com\/wp-content\/uploads\/2026\/03\/Illustrationer-tatuerare-kvist-likeink.jpg","width":1800,"height":1268,"caption":"Kokoelma k\u00e4sin piirrettyj\u00e4 kuvituksia, joissa on lintuja, kirjekuoria, lehti\u00e4, kukkia, teekuppi ja paperivene, joista osa on koristeltu vaaleanpunaisilla, sinisill\u00e4 ja vihreill\u00e4 vesiv\u00e4reill\u00e4."},{"@type":"BreadcrumbList","@id":"https:\/\/likeink.com\/fi\/siirtotatuoinnit\/flash-4-by-helene-at-studio-black\/#breadcrumb","itemListElement":[{"@type":"ListItem","position":1,"name":"Hem","item":"https:\/\/likeink.com\/fi\/"},{"@type":"ListItem","position":2,"name":"Shop","item":"https:\/\/likeink.com\/fi\/shop\/"},{"@type":"ListItem","position":3,"name":"Flash &#8220;leaf&#8221; by Hel\u00e9ne at Studio Bl\u00e4ck"}]},{"@type":"WebSite","@id":"https:\/\/likeink.com\/fi\/#website","url":"https:\/\/likeink.com\/fi\/","name":"Like ink","description":"Make your own custom design","potentialAction":[{"@type":"SearchAction","target":{"@type":"EntryPoint","urlTemplate":"https:\/\/likeink.com\/fi\/?s={search_term_string}"},"query-input":{"@type":"PropertyValueSpecification","valueRequired":true,"valueName":"search_term_string"}}],"inLanguage":"fi"}]}},"_links":{"self":[{"href":"https:\/\/likeink.com\/fi\/wp-json\/wp\/v2\/product\/2427","targetHints":{"allow":["GET"]}}],"collection":[{"href":"https:\/\/likeink.com\/fi\/wp-json\/wp\/v2\/product"}],"about":[{"href":"https:\/\/likeink.com\/fi\/wp-json\/wp\/v2\/types\/product"}],"wp:featuredmedia":[{"embeddable":true,"href":"https:\/\/likeink.com\/fi\/wp-json\/wp\/v2\/media\/60109"}],"wp:attachment":[{"href":"https:\/\/likeink.com\/fi\/wp-json\/wp\/v2\/media?parent=2427"}],"wp:term":[{"taxonomy":"product_brand","embeddable":true,"href":"https:\/\/likeink.com\/fi\/wp-json\/wp\/v2\/product_brand?post=2427"},{"taxonomy":"product_cat","embeddable":true,"href":"https:\/\/likeink.com\/fi\/wp-json\/wp\/v2\/product_cat?post=2427"},{"taxonomy":"product_tag","embeddable":true,"href":"https:\/\/likeink.com\/fi\/wp-json\/wp\/v2\/product_tag?post=2427"}],"curies":[{"name":"wp","href":"https:\/\/api.w.org\/{rel}","templated":true}]}}