{"id":25425,"date":"2024-03-06T12:45:11","date_gmt":"2024-03-06T12:45:11","guid":{"rendered":"https:\/\/likeink.se\/gnuggis\/tramp-stamp-tatueringar\/"},"modified":"2026-03-17T12:34:02","modified_gmt":"2026-03-17T12:34:02","slug":"tramp-stamp-tatuoinnit","status":"publish","type":"product","link":"https:\/\/likeink.com\/fi\/siirtotatuoinnit\/tramp-stamp-tatuoinnit\/","title":{"rendered":"Tramp Stamp -tatuoinnit"},"content":{"rendered":"","protected":false},"excerpt":{"rendered":"<p>Tramp Stamp -tatuoinnit, jotka olivat ikonisia 90-luvulla ja 2000-luvun alussa, ovat tehneet tyylikk\u00e4\u00e4n paluun ja tulleet j\u00e4lleen suosituiksi kaikenik\u00e4isten keskuudessa ymp\u00e4ri maailmaa.<\/p>\n<h2>Tilaa Tramp Stamp -tatuoinnit, l\u00e4het\u00e4mme v\u00e4liaikaiset tatuointisi 24 tunnin kuluessa.<\/h2>\n<p>Like Ink -v\u00e4liaikaistatuointien kokoelma tarjoaa sinulle viiden huolellisesti valitun suunnittelun arkin, joka juhlistaa t\u00e4t\u00e4 uudelleen her\u00e4tetty\u00e4 trendi\u00e4. Kokoelma sis\u00e4lt\u00e4\u00e4:<br \/>\n&#8211; Klassinen Tribal: Ajaton muotoilu, joka heijastaa voimaa ja mystiikkaa.<br \/>\n&#8211; Mandala Tribal: Lumoava yhdistelm\u00e4 mandalaa ja tribaalia, t\u00e4ydellinen niille, jotka etsiv\u00e4t tatuointia syvemm\u00e4ll\u00e4 merkityksell\u00e4 (tietenkin alaselk\u00e4\u00e4n).<br \/>\n&#8211; Suuret Siivet: Vaikuttavat ja yksityiskohtaiset siivet, jotka antavat vapauden ja tyylikkyyden tunteen.<br \/>\n&#8211; Pieni Perhonen: Hienostunut ja kaunis muotoilu, joka lis\u00e4\u00e4 naisellista kosketusta.<br \/>\nLike Inkin v\u00e4liaikaistatuoinnit on valmistettu korkealaatuisesta materiaalista, joka takaa pitk\u00e4kestoisen ja realistisen ilmeen. Tatuoinnit ovat helppoja levitt\u00e4\u00e4, vedenkest\u00e4vi\u00e4 ja pysyv\u00e4t useita p\u00e4ivi\u00e4.<\/p>\n<p><strong>Mik\u00e4 on Tramp Stamp -tatuointi?<\/strong><br \/>\nTramp Stamp on ep\u00e4virallinen nimitys alasel\u00e4n tatuoinnille. T\u00e4m\u00e4n tyyppinen tatuointi tuli erityisen suosituksi 1990-luvulla ja 2000-luvun alussa ja on viime aikoina kokenut suosion uudelleenher\u00e4\u00e4misen. Tramp Stamp -tatuoinnit voivat sis\u00e4lt\u00e4\u00e4 erilaisia kuvioita, tribaalikuvioista mandaloihin ja symboleihin; t\u00e4rke\u00e4\u00e4 on sijoittelu. Tramp Stamp sijoitetaan alaselk\u00e4\u00e4n, sel\u00e4n notkoon. Tatuointeja n\u00e4htiin usein juorulehtien sivuilla 2000-luvun alussa, usein kuvissa yhdess\u00e4 matalalla istuvien farkkujen tai toppejen kanssa naisjulkkiksilla.<br \/>\nOlitpa sitten kokeilemassa Tramp Stamp -tatuointia ennen sen pysyv\u00e4ksi tekemist\u00e4 tai haluat vain vaihtaa tyyli\u00e4si p\u00e4iv\u00e4ksi, Like Ink tarjoaa t\u00e4ydellisen tavan tutkia luovuuttasi. Koristele ihosi yksinkertaisesti klassisella Tramp Stamp -tatuoinnilla.<\/p>\n<p><strong>Arkin koko:<\/strong> A5<br \/>\n<strong>Tatuointien m\u00e4\u00e4r\u00e4:<\/strong> 5<br \/>\n<strong>Tatuointien koko:<\/strong> 6-19 cm<\/p>\n","protected":false},"featured_media":25403,"template":"","meta":[],"product_brand":[],"product_cat":[526,51],"product_tag":[],"class_list":{"0":"post-25425","1":"product","2":"type-product","3":"status-publish","4":"has-post-thumbnail","6":"product_cat-tribal-symbolit-riimut","7":"product_cat-valmiit-arkit","9":"first","10":"instock","11":"taxable","12":"shipping-taxable","13":"purchasable","14":"product-type-simple"},"yoast_head":"<!-- This site is optimized with the Yoast SEO Premium plugin v26.2 (Yoast SEO v27.5) - https:\/\/yoast.com\/product\/yoast-seo-premium-wordpress\/ -->\n<title>Tramp Stamp -tatuoinnit - Like ink<\/title>\n<meta name=\"description\" content=\"Tramp Stamp -tatuoinnit, jotka kest\u00e4v\u00e4t jopa viikon. Klassiset tribaalit, siivet ja mandalamotifit, jotka sopivat t\u00e4ydellisesti alaselk\u00e4\u00e4n. - Like ink\" \/>\n<meta name=\"robots\" content=\"index, follow, max-snippet:-1, max-image-preview:large, max-video-preview:-1\" \/>\n<link rel=\"canonical\" href=\"https:\/\/likeink.com\/fi\/siirtotatuoinnit\/tramp-stamp-tatuoinnit\/\" \/>\n<meta property=\"og:locale\" content=\"fi_FI\" \/>\n<meta property=\"og:type\" content=\"article\" \/>\n<meta property=\"og:title\" content=\"Tramp Stamp -tatuoinnit\" \/>\n<meta property=\"og:description\" content=\"Tramp Stamp -tatuoinnit, jotka olivat ikonisia 90-luvulla ja 2000-luvun alussa, ovat tehneet tyylikk\u00e4\u00e4n paluun ja tulleet j\u00e4lleen suosituiksi kaikenik\u00e4isten keskuudessa ymp\u00e4ri maailmaa. Tilaa Tramp Stamp -tatuoinnit, l\u00e4het\u00e4mme v\u00e4liaikaiset tatuointisi 24 tunnin kuluessa. Like Ink -v\u00e4liaikaistatuointien kokoelma tarjoaa sinulle viiden huolellisesti valitun suunnittelun arkin, joka juhlistaa t\u00e4t\u00e4 uudelleen her\u00e4tetty\u00e4 trendi\u00e4. Kokoelma sis\u00e4lt\u00e4\u00e4: - Klassinen Tribal: Ajaton muotoilu, joka heijastaa voimaa ja mystiikkaa. - Mandala Tribal: Lumoava yhdistelm\u00e4 mandalaa ja tribaalia, t\u00e4ydellinen niille, jotka etsiv\u00e4t tatuointia syvemm\u00e4ll\u00e4 merkityksell\u00e4 (tietenkin alaselk\u00e4\u00e4n). - Suuret Siivet: Vaikuttavat ja yksityiskohtaiset siivet, jotka antavat vapauden ja tyylikkyyden tunteen. - Pieni Perhonen: Hienostunut ja kaunis muotoilu, joka lis\u00e4\u00e4 naisellista kosketusta. Like Inkin v\u00e4liaikaistatuoinnit on valmistettu korkealaatuisesta materiaalista, joka takaa pitk\u00e4kestoisen ja realistisen ilmeen. Tatuoinnit ovat helppoja levitt\u00e4\u00e4, vedenkest\u00e4vi\u00e4 ja pysyv\u00e4t useita p\u00e4ivi\u00e4.  Mik\u00e4 on Tramp Stamp -tatuointi? Tramp Stamp on ep\u00e4virallinen nimitys alasel\u00e4n tatuoinnille. T\u00e4m\u00e4n tyyppinen tatuointi tuli erityisen suosituksi 1990-luvulla ja 2000-luvun alussa ja on viime aikoina kokenut suosion uudelleenher\u00e4\u00e4misen. Tramp Stamp -tatuoinnit voivat sis\u00e4lt\u00e4\u00e4 erilaisia kuvioita, tribaalikuvioista mandaloihin ja symboleihin; t\u00e4rke\u00e4\u00e4 on sijoittelu. Tramp Stamp sijoitetaan alaselk\u00e4\u00e4n, sel\u00e4n notkoon. Tatuointeja n\u00e4htiin usein juorulehtien sivuilla 2000-luvun alussa, usein kuvissa yhdess\u00e4 matalalla istuvien farkkujen tai toppejen kanssa naisjulkkiksilla. Olitpa sitten kokeilemassa Tramp Stamp -tatuointia ennen sen pysyv\u00e4ksi tekemist\u00e4 tai haluat vain vaihtaa tyyli\u00e4si p\u00e4iv\u00e4ksi, Like Ink tarjoaa t\u00e4ydellisen tavan tutkia luovuuttasi. Koristele ihosi yksinkertaisesti klassisella Tramp Stamp -tatuoinnilla.  Arkin koko: A5 Tatuointien m\u00e4\u00e4r\u00e4: 5 Tatuointien koko: 6-19 cm\" \/>\n<meta property=\"og:url\" content=\"https:\/\/likeink.com\/fi\/siirtotatuoinnit\/tramp-stamp-tatuoinnit\/\" \/>\n<meta property=\"og:site_name\" content=\"Like ink\" \/>\n<meta property=\"article:publisher\" content=\"https:\/\/www.facebook.com\/LikeInkSe\" \/>\n<meta property=\"article:modified_time\" content=\"2026-03-17T12:34:02+00:00\" \/>\n<meta property=\"og:image\" content=\"https:\/\/likeink.com\/wp-content\/uploads\/2024\/03\/TrampStampTattoos-Likeink.jpg\" \/>\n\t<meta property=\"og:image:width\" content=\"1985\" \/>\n\t<meta property=\"og:image:height\" content=\"1400\" \/>\n\t<meta property=\"og:image:type\" content=\"image\/jpeg\" \/>\n<meta name=\"twitter:card\" content=\"summary_large_image\" \/>\n<meta name=\"twitter:label1\" content=\"Arvioitu lukuaika\" \/>\n\t<meta name=\"twitter:data1\" content=\"1 minuutti\" \/>\n<!-- \/ Yoast SEO Premium plugin. -->","yoast_head_json":{"title":"Tramp Stamp -tatuoinnit - Like ink","description":"Tramp Stamp -tatuoinnit, jotka kest\u00e4v\u00e4t jopa viikon. Klassiset tribaalit, siivet ja mandalamotifit, jotka sopivat t\u00e4ydellisesti alaselk\u00e4\u00e4n. - Like ink","robots":{"index":"index","follow":"follow","max-snippet":"max-snippet:-1","max-image-preview":"max-image-preview:large","max-video-preview":"max-video-preview:-1"},"canonical":"https:\/\/likeink.com\/fi\/siirtotatuoinnit\/tramp-stamp-tatuoinnit\/","og_locale":"fi_FI","og_type":"article","og_title":"Tramp Stamp -tatuoinnit","og_description":"Tramp Stamp -tatuoinnit, jotka olivat ikonisia 90-luvulla ja 2000-luvun alussa, ovat tehneet tyylikk\u00e4\u00e4n paluun ja tulleet j\u00e4lleen suosituiksi kaikenik\u00e4isten keskuudessa ymp\u00e4ri maailmaa. Tilaa Tramp Stamp -tatuoinnit, l\u00e4het\u00e4mme v\u00e4liaikaiset tatuointisi 24 tunnin kuluessa. Like Ink -v\u00e4liaikaistatuointien kokoelma tarjoaa sinulle viiden huolellisesti valitun suunnittelun arkin, joka juhlistaa t\u00e4t\u00e4 uudelleen her\u00e4tetty\u00e4 trendi\u00e4. Kokoelma sis\u00e4lt\u00e4\u00e4: - Klassinen Tribal: Ajaton muotoilu, joka heijastaa voimaa ja mystiikkaa. - Mandala Tribal: Lumoava yhdistelm\u00e4 mandalaa ja tribaalia, t\u00e4ydellinen niille, jotka etsiv\u00e4t tatuointia syvemm\u00e4ll\u00e4 merkityksell\u00e4 (tietenkin alaselk\u00e4\u00e4n). - Suuret Siivet: Vaikuttavat ja yksityiskohtaiset siivet, jotka antavat vapauden ja tyylikkyyden tunteen. - Pieni Perhonen: Hienostunut ja kaunis muotoilu, joka lis\u00e4\u00e4 naisellista kosketusta. Like Inkin v\u00e4liaikaistatuoinnit on valmistettu korkealaatuisesta materiaalista, joka takaa pitk\u00e4kestoisen ja realistisen ilmeen. Tatuoinnit ovat helppoja levitt\u00e4\u00e4, vedenkest\u00e4vi\u00e4 ja pysyv\u00e4t useita p\u00e4ivi\u00e4.  Mik\u00e4 on Tramp Stamp -tatuointi? Tramp Stamp on ep\u00e4virallinen nimitys alasel\u00e4n tatuoinnille. T\u00e4m\u00e4n tyyppinen tatuointi tuli erityisen suosituksi 1990-luvulla ja 2000-luvun alussa ja on viime aikoina kokenut suosion uudelleenher\u00e4\u00e4misen. Tramp Stamp -tatuoinnit voivat sis\u00e4lt\u00e4\u00e4 erilaisia kuvioita, tribaalikuvioista mandaloihin ja symboleihin; t\u00e4rke\u00e4\u00e4 on sijoittelu. Tramp Stamp sijoitetaan alaselk\u00e4\u00e4n, sel\u00e4n notkoon. Tatuointeja n\u00e4htiin usein juorulehtien sivuilla 2000-luvun alussa, usein kuvissa yhdess\u00e4 matalalla istuvien farkkujen tai toppejen kanssa naisjulkkiksilla. Olitpa sitten kokeilemassa Tramp Stamp -tatuointia ennen sen pysyv\u00e4ksi tekemist\u00e4 tai haluat vain vaihtaa tyyli\u00e4si p\u00e4iv\u00e4ksi, Like Ink tarjoaa t\u00e4ydellisen tavan tutkia luovuuttasi. Koristele ihosi yksinkertaisesti klassisella Tramp Stamp -tatuoinnilla.  Arkin koko: A5 Tatuointien m\u00e4\u00e4r\u00e4: 5 Tatuointien koko: 6-19 cm","og_url":"https:\/\/likeink.com\/fi\/siirtotatuoinnit\/tramp-stamp-tatuoinnit\/","og_site_name":"Like ink","article_publisher":"https:\/\/www.facebook.com\/LikeInkSe","article_modified_time":"2026-03-17T12:34:02+00:00","og_image":[{"width":1985,"height":1400,"url":"https:\/\/likeink.com\/wp-content\/uploads\/2024\/03\/TrampStampTattoos-Likeink.jpg","type":"image\/jpeg"}],"twitter_card":"summary_large_image","twitter_misc":{"Arvioitu lukuaika":"1 minuutti"},"schema":{"@context":"https:\/\/schema.org","@graph":[{"@type":"WebPage","@id":"https:\/\/likeink.com\/fi\/siirtotatuoinnit\/tramp-stamp-tatuoinnit\/","url":"https:\/\/likeink.com\/fi\/siirtotatuoinnit\/tramp-stamp-tatuoinnit\/","name":"Tramp Stamp -tatuoinnit - Like ink","isPartOf":{"@id":"https:\/\/likeink.com\/fi\/#website"},"primaryImageOfPage":{"@id":"https:\/\/likeink.com\/fi\/siirtotatuoinnit\/tramp-stamp-tatuoinnit\/#primaryimage"},"image":{"@id":"https:\/\/likeink.com\/fi\/siirtotatuoinnit\/tramp-stamp-tatuoinnit\/#primaryimage"},"thumbnailUrl":"https:\/\/likeink.com\/wp-content\/uploads\/2024\/03\/TrampStampTattoos-Likeink.jpg","datePublished":"2024-03-06T12:45:11+00:00","dateModified":"2026-03-17T12:34:02+00:00","description":"Tramp Stamp -tatuoinnit, jotka kest\u00e4v\u00e4t jopa viikon. Klassiset tribaalit, siivet ja mandalamotifit, jotka sopivat t\u00e4ydellisesti alaselk\u00e4\u00e4n. - Like ink","breadcrumb":{"@id":"https:\/\/likeink.com\/fi\/siirtotatuoinnit\/tramp-stamp-tatuoinnit\/#breadcrumb"},"inLanguage":"fi","potentialAction":[{"@type":"ReadAction","target":["https:\/\/likeink.com\/fi\/siirtotatuoinnit\/tramp-stamp-tatuoinnit\/"]}]},{"@type":"ImageObject","inLanguage":"fi","@id":"https:\/\/likeink.com\/fi\/siirtotatuoinnit\/tramp-stamp-tatuoinnit\/#primaryimage","url":"https:\/\/likeink.com\/wp-content\/uploads\/2024\/03\/TrampStampTattoos-Likeink.jpg","contentUrl":"https:\/\/likeink.com\/wp-content\/uploads\/2024\/03\/TrampStampTattoos-Likeink.jpg","width":1985,"height":1400,"caption":"Mustat Siirtotatuoinnit Alaselk\u00e4\u00e4n: Valikoima Motiiveja Sis\u00e4lt\u00e4en Tribal, Siivet, Perhosen ja Tribal Mandalan"},{"@type":"BreadcrumbList","@id":"https:\/\/likeink.com\/fi\/siirtotatuoinnit\/tramp-stamp-tatuoinnit\/#breadcrumb","itemListElement":[{"@type":"ListItem","position":1,"name":"Hem","item":"https:\/\/likeink.com\/fi\/"},{"@type":"ListItem","position":2,"name":"Shop","item":"https:\/\/likeink.com\/fi\/shop\/"},{"@type":"ListItem","position":3,"name":"Tramp Stamp -tatuoinnit"}]},{"@type":"WebSite","@id":"https:\/\/likeink.com\/fi\/#website","url":"https:\/\/likeink.com\/fi\/","name":"Like ink","description":"Make your own custom design","potentialAction":[{"@type":"SearchAction","target":{"@type":"EntryPoint","urlTemplate":"https:\/\/likeink.com\/fi\/?s={search_term_string}"},"query-input":{"@type":"PropertyValueSpecification","valueRequired":true,"valueName":"search_term_string"}}],"inLanguage":"fi"}]}},"_links":{"self":[{"href":"https:\/\/likeink.com\/fi\/wp-json\/wp\/v2\/product\/25425","targetHints":{"allow":["GET"]}}],"collection":[{"href":"https:\/\/likeink.com\/fi\/wp-json\/wp\/v2\/product"}],"about":[{"href":"https:\/\/likeink.com\/fi\/wp-json\/wp\/v2\/types\/product"}],"wp:featuredmedia":[{"embeddable":true,"href":"https:\/\/likeink.com\/fi\/wp-json\/wp\/v2\/media\/25403"}],"wp:attachment":[{"href":"https:\/\/likeink.com\/fi\/wp-json\/wp\/v2\/media?parent=25425"}],"wp:term":[{"taxonomy":"product_brand","embeddable":true,"href":"https:\/\/likeink.com\/fi\/wp-json\/wp\/v2\/product_brand?post=25425"},{"taxonomy":"product_cat","embeddable":true,"href":"https:\/\/likeink.com\/fi\/wp-json\/wp\/v2\/product_cat?post=25425"},{"taxonomy":"product_tag","embeddable":true,"href":"https:\/\/likeink.com\/fi\/wp-json\/wp\/v2\/product_tag?post=25425"}],"curies":[{"name":"wp","href":"https:\/\/api.w.org\/{rel}","templated":true}]}}