{"id":25483,"date":"2024-03-08T15:19:18","date_gmt":"2024-03-08T15:19:18","guid":{"rendered":"https:\/\/likeink.se\/gnuggis\/dahlia-tatueringar\/"},"modified":"2026-03-17T12:34:02","modified_gmt":"2026-03-17T12:34:02","slug":"dahlia-tatuointia","status":"publish","type":"product","link":"https:\/\/likeink.com\/fi\/siirtotatuoinnit\/dahlia-tatuointia\/","title":{"rendered":"Dahlia-tatuointia"},"content":{"rendered":"","protected":false},"excerpt":{"rendered":"<p>Dahlia-tatuoinnit ovat v\u00e4liaikaisia tatuointeja, jotka ovat helppoja laittaa paikoilleen ja kest\u00e4v\u00e4t hyvin. Dahlia tatuointina symboloi monia syv\u00e4llisi\u00e4 merkityksi\u00e4 ja tunteita. Dahlia-kukat ovat tunnettuja kauneudestaan ja ainutlaatuisesta ulkon\u00e4\u00f6st\u00e4\u00e4n.<\/p>\n<h2>Osta laadukkaita Dahlia-tatuointeja ja saat ne nopeasti toimitettuna.<\/h2>\n<p>T\u00e4ss\u00e4 ovat joitakin yleisimpi\u00e4 merkityksi\u00e4, jotka liitet\u00e4\u00e4n Dahlia-tatuointeihin:<br \/>\n1. Voima ja Sisukkuus: Dahlia kasvaa ja kukkii haastavista olosuhteista huolimatta, mik\u00e4 tekee siit\u00e4 symbolin vaikeuksien voittamiselle ja vahvuuden n\u00e4ytt\u00e4miselle haastavina aikoina.<br \/>\n2. Ainutlaatuisuus ja Yksil\u00f6llisyys: Monine muunnelmineen ja v\u00e4riyhdistelmineen dahlia edustaa ainutlaatuisuutta ja kannustaa omaksumaan oman yksil\u00f6llisyyden.<br \/>\n3. Muutos ja Muodonmuutos: Dahlian kukinta-aika merkitsee siirtymist\u00e4 kes\u00e4st\u00e4 syksyyn, mik\u00e4 tekee siit\u00e4 muutoksen ja henkil\u00f6kohtaisen kasvun symbolin.<br \/>\n4. Sitoutuminen ja Ikuinen Rakkaus: Viktorian aikana dahlioita k\u00e4ytettiin ilmaisemaan ikuista sidett\u00e4 ja sitoutumista johonkuhun, mik\u00e4 tekee niist\u00e4 pitk\u00e4aikaisen rakkauden ja sitoutumisen symbolin.<br \/>\n5. Eleganssi ja Sis\u00e4inen Voima: Dahlia edustaa my\u00f6s hienostuneisuutta ja eleganssia, yhdess\u00e4 sis\u00e4isen voiman kanssa, joka kumpuaa itsetunnosta ja kyvyst\u00e4 erottua joukosta.<br \/>\nDahlia-tatuointi voi siis kantaa useita merkitystasoja riippuen kantajan henkil\u00f6kohtaisista kokemuksista ja niist\u00e4 kukkien erityispiirteist\u00e4, joihin he tuntevat vetoa.<\/p>\n<p><strong>Arkin koko:<\/strong> A5<br \/>\n<strong>Tatuointien m\u00e4\u00e4r\u00e4:<\/strong> 6<br \/>\n<strong>Tatuointien koko:<\/strong> 6 cm<\/p>\n","protected":false},"featured_media":25475,"template":"","meta":[],"product_brand":[],"product_cat":[209,51],"product_tag":[],"class_list":{"0":"post-25483","1":"product","2":"type-product","3":"status-publish","4":"has-post-thumbnail","6":"product_cat-elainten-ja-luonnon-tatuoinnit-kukkatatuointi","7":"product_cat-valmiit-arkit","9":"first","10":"instock","11":"taxable","12":"shipping-taxable","13":"purchasable","14":"product-type-simple"},"yoast_head":"<!-- This site is optimized with the Yoast SEO Premium plugin v26.2 (Yoast SEO v27.4) - https:\/\/yoast.com\/product\/yoast-seo-premium-wordpress\/ -->\n<title>Dahlia-tatuointia - Like ink<\/title>\n<meta name=\"description\" content=\"Kuusi v\u00e4liaikaista Dahlia-tatuointia kauniissa v\u00e4reiss\u00e4. Kest\u00e4v\u00e4t ja kauniit Dahlia-tatuoinnit, jotka l\u00e4hetet\u00e4\u00e4n 24 tunnin kuluessa. - Like ink\" \/>\n<meta name=\"robots\" content=\"index, follow, max-snippet:-1, max-image-preview:large, max-video-preview:-1\" \/>\n<link rel=\"canonical\" href=\"https:\/\/likeink.com\/fi\/siirtotatuoinnit\/dahlia-tatuointia\/\" \/>\n<meta property=\"og:locale\" content=\"fi_FI\" \/>\n<meta property=\"og:type\" content=\"article\" \/>\n<meta property=\"og:title\" content=\"Dahlia-tatuointia\" \/>\n<meta property=\"og:description\" content=\"Dahlia-tatuoinnit ovat v\u00e4liaikaisia tatuointeja, jotka ovat helppoja laittaa paikoilleen ja kest\u00e4v\u00e4t hyvin. Dahlia tatuointina symboloi monia syv\u00e4llisi\u00e4 merkityksi\u00e4 ja tunteita. Dahlia-kukat ovat tunnettuja kauneudestaan ja ainutlaatuisesta ulkon\u00e4\u00f6st\u00e4\u00e4n. Osta laadukkaita Dahlia-tatuointeja ja saat ne nopeasti toimitettuna. T\u00e4ss\u00e4 ovat joitakin yleisimpi\u00e4 merkityksi\u00e4, jotka liitet\u00e4\u00e4n Dahlia-tatuointeihin: 1. Voima ja Sisukkuus: Dahlia kasvaa ja kukkii haastavista olosuhteista huolimatta, mik\u00e4 tekee siit\u00e4 symbolin vaikeuksien voittamiselle ja vahvuuden n\u00e4ytt\u00e4miselle haastavina aikoina. 2. Ainutlaatuisuus ja Yksil\u00f6llisyys: Monine muunnelmineen ja v\u00e4riyhdistelmineen dahlia edustaa ainutlaatuisuutta ja kannustaa omaksumaan oman yksil\u00f6llisyyden. 3. Muutos ja Muodonmuutos: Dahlian kukinta-aika merkitsee siirtymist\u00e4 kes\u00e4st\u00e4 syksyyn, mik\u00e4 tekee siit\u00e4 muutoksen ja henkil\u00f6kohtaisen kasvun symbolin. 4. Sitoutuminen ja Ikuinen Rakkaus: Viktorian aikana dahlioita k\u00e4ytettiin ilmaisemaan ikuista sidett\u00e4 ja sitoutumista johonkuhun, mik\u00e4 tekee niist\u00e4 pitk\u00e4aikaisen rakkauden ja sitoutumisen symbolin. 5. Eleganssi ja Sis\u00e4inen Voima: Dahlia edustaa my\u00f6s hienostuneisuutta ja eleganssia, yhdess\u00e4 sis\u00e4isen voiman kanssa, joka kumpuaa itsetunnosta ja kyvyst\u00e4 erottua joukosta. Dahlia-tatuointi voi siis kantaa useita merkitystasoja riippuen kantajan henkil\u00f6kohtaisista kokemuksista ja niist\u00e4 kukkien erityispiirteist\u00e4, joihin he tuntevat vetoa.  Arkin koko: A5 Tatuointien m\u00e4\u00e4r\u00e4: 6 Tatuointien koko: 6 cm\" \/>\n<meta property=\"og:url\" content=\"https:\/\/likeink.com\/fi\/siirtotatuoinnit\/dahlia-tatuointia\/\" \/>\n<meta property=\"og:site_name\" content=\"Like ink\" \/>\n<meta property=\"article:publisher\" content=\"https:\/\/www.facebook.com\/LikeInkSe\" \/>\n<meta property=\"article:modified_time\" content=\"2026-03-17T12:34:02+00:00\" \/>\n<meta property=\"og:image\" content=\"https:\/\/likeink.com\/wp-content\/uploads\/2024\/03\/Dahlia-tatueringar-Likeink-1.jpg\" \/>\n\t<meta property=\"og:image:width\" content=\"1985\" \/>\n\t<meta property=\"og:image:height\" content=\"1400\" \/>\n\t<meta property=\"og:image:type\" content=\"image\/jpeg\" \/>\n<meta name=\"twitter:card\" content=\"summary_large_image\" \/>\n<meta name=\"twitter:label1\" content=\"Arvioitu lukuaika\" \/>\n\t<meta name=\"twitter:data1\" content=\"1 minuutti\" \/>\n<script type=\"application\/ld+json\" class=\"yoast-schema-graph\">{\"@context\":\"https:\\\/\\\/schema.org\",\"@graph\":[{\"@type\":\"WebPage\",\"@id\":\"https:\\\/\\\/likeink.com\\\/fi\\\/siirtotatuoinnit\\\/dahlia-tatuointia\\\/\",\"url\":\"https:\\\/\\\/likeink.com\\\/fi\\\/siirtotatuoinnit\\\/dahlia-tatuointia\\\/\",\"name\":\"Dahlia-tatuointia - Like ink\",\"isPartOf\":{\"@id\":\"https:\\\/\\\/likeink.com\\\/fi\\\/#website\"},\"primaryImageOfPage\":{\"@id\":\"https:\\\/\\\/likeink.com\\\/fi\\\/siirtotatuoinnit\\\/dahlia-tatuointia\\\/#primaryimage\"},\"image\":{\"@id\":\"https:\\\/\\\/likeink.com\\\/fi\\\/siirtotatuoinnit\\\/dahlia-tatuointia\\\/#primaryimage\"},\"thumbnailUrl\":\"https:\\\/\\\/likeink.com\\\/wp-content\\\/uploads\\\/2024\\\/03\\\/Dahlia-tatueringar-Likeink-1.jpg\",\"datePublished\":\"2024-03-08T15:19:18+00:00\",\"dateModified\":\"2026-03-17T12:34:02+00:00\",\"description\":\"Kuusi v\u00e4liaikaista Dahlia-tatuointia kauniissa v\u00e4reiss\u00e4. Kest\u00e4v\u00e4t ja kauniit Dahlia-tatuoinnit, jotka l\u00e4hetet\u00e4\u00e4n 24 tunnin kuluessa. - Like ink\",\"breadcrumb\":{\"@id\":\"https:\\\/\\\/likeink.com\\\/fi\\\/siirtotatuoinnit\\\/dahlia-tatuointia\\\/#breadcrumb\"},\"inLanguage\":\"fi\",\"potentialAction\":[{\"@type\":\"ReadAction\",\"target\":[\"https:\\\/\\\/likeink.com\\\/fi\\\/siirtotatuoinnit\\\/dahlia-tatuointia\\\/\"]}]},{\"@type\":\"ImageObject\",\"inLanguage\":\"fi\",\"@id\":\"https:\\\/\\\/likeink.com\\\/fi\\\/siirtotatuoinnit\\\/dahlia-tatuointia\\\/#primaryimage\",\"url\":\"https:\\\/\\\/likeink.com\\\/wp-content\\\/uploads\\\/2024\\\/03\\\/Dahlia-tatueringar-Likeink-1.jpg\",\"contentUrl\":\"https:\\\/\\\/likeink.com\\\/wp-content\\\/uploads\\\/2024\\\/03\\\/Dahlia-tatueringar-Likeink-1.jpg\",\"width\":1985,\"height\":1400,\"caption\":\"Daalia-tatuoinnit.\"},{\"@type\":\"BreadcrumbList\",\"@id\":\"https:\\\/\\\/likeink.com\\\/fi\\\/siirtotatuoinnit\\\/dahlia-tatuointia\\\/#breadcrumb\",\"itemListElement\":[{\"@type\":\"ListItem\",\"position\":1,\"name\":\"Hem\",\"item\":\"https:\\\/\\\/likeink.com\\\/fi\\\/\"},{\"@type\":\"ListItem\",\"position\":2,\"name\":\"Shop\",\"item\":\"https:\\\/\\\/likeink.com\\\/fi\\\/shop\\\/\"},{\"@type\":\"ListItem\",\"position\":3,\"name\":\"Dahlia-tatuointia\"}]},{\"@type\":\"WebSite\",\"@id\":\"https:\\\/\\\/likeink.com\\\/fi\\\/#website\",\"url\":\"https:\\\/\\\/likeink.com\\\/fi\\\/\",\"name\":\"Like ink\",\"description\":\"Make your own custom design\",\"potentialAction\":[{\"@type\":\"SearchAction\",\"target\":{\"@type\":\"EntryPoint\",\"urlTemplate\":\"https:\\\/\\\/likeink.com\\\/fi\\\/?s={search_term_string}\"},\"query-input\":{\"@type\":\"PropertyValueSpecification\",\"valueRequired\":true,\"valueName\":\"search_term_string\"}}],\"inLanguage\":\"fi\"}]}<\/script>\n<!-- \/ Yoast SEO Premium plugin. -->","yoast_head_json":{"title":"Dahlia-tatuointia - Like ink","description":"Kuusi v\u00e4liaikaista Dahlia-tatuointia kauniissa v\u00e4reiss\u00e4. Kest\u00e4v\u00e4t ja kauniit Dahlia-tatuoinnit, jotka l\u00e4hetet\u00e4\u00e4n 24 tunnin kuluessa. - Like ink","robots":{"index":"index","follow":"follow","max-snippet":"max-snippet:-1","max-image-preview":"max-image-preview:large","max-video-preview":"max-video-preview:-1"},"canonical":"https:\/\/likeink.com\/fi\/siirtotatuoinnit\/dahlia-tatuointia\/","og_locale":"fi_FI","og_type":"article","og_title":"Dahlia-tatuointia","og_description":"Dahlia-tatuoinnit ovat v\u00e4liaikaisia tatuointeja, jotka ovat helppoja laittaa paikoilleen ja kest\u00e4v\u00e4t hyvin. Dahlia tatuointina symboloi monia syv\u00e4llisi\u00e4 merkityksi\u00e4 ja tunteita. Dahlia-kukat ovat tunnettuja kauneudestaan ja ainutlaatuisesta ulkon\u00e4\u00f6st\u00e4\u00e4n. Osta laadukkaita Dahlia-tatuointeja ja saat ne nopeasti toimitettuna. T\u00e4ss\u00e4 ovat joitakin yleisimpi\u00e4 merkityksi\u00e4, jotka liitet\u00e4\u00e4n Dahlia-tatuointeihin: 1. Voima ja Sisukkuus: Dahlia kasvaa ja kukkii haastavista olosuhteista huolimatta, mik\u00e4 tekee siit\u00e4 symbolin vaikeuksien voittamiselle ja vahvuuden n\u00e4ytt\u00e4miselle haastavina aikoina. 2. Ainutlaatuisuus ja Yksil\u00f6llisyys: Monine muunnelmineen ja v\u00e4riyhdistelmineen dahlia edustaa ainutlaatuisuutta ja kannustaa omaksumaan oman yksil\u00f6llisyyden. 3. Muutos ja Muodonmuutos: Dahlian kukinta-aika merkitsee siirtymist\u00e4 kes\u00e4st\u00e4 syksyyn, mik\u00e4 tekee siit\u00e4 muutoksen ja henkil\u00f6kohtaisen kasvun symbolin. 4. Sitoutuminen ja Ikuinen Rakkaus: Viktorian aikana dahlioita k\u00e4ytettiin ilmaisemaan ikuista sidett\u00e4 ja sitoutumista johonkuhun, mik\u00e4 tekee niist\u00e4 pitk\u00e4aikaisen rakkauden ja sitoutumisen symbolin. 5. Eleganssi ja Sis\u00e4inen Voima: Dahlia edustaa my\u00f6s hienostuneisuutta ja eleganssia, yhdess\u00e4 sis\u00e4isen voiman kanssa, joka kumpuaa itsetunnosta ja kyvyst\u00e4 erottua joukosta. Dahlia-tatuointi voi siis kantaa useita merkitystasoja riippuen kantajan henkil\u00f6kohtaisista kokemuksista ja niist\u00e4 kukkien erityispiirteist\u00e4, joihin he tuntevat vetoa.  Arkin koko: A5 Tatuointien m\u00e4\u00e4r\u00e4: 6 Tatuointien koko: 6 cm","og_url":"https:\/\/likeink.com\/fi\/siirtotatuoinnit\/dahlia-tatuointia\/","og_site_name":"Like ink","article_publisher":"https:\/\/www.facebook.com\/LikeInkSe","article_modified_time":"2026-03-17T12:34:02+00:00","og_image":[{"width":1985,"height":1400,"url":"https:\/\/likeink.com\/wp-content\/uploads\/2024\/03\/Dahlia-tatueringar-Likeink-1.jpg","type":"image\/jpeg"}],"twitter_card":"summary_large_image","twitter_misc":{"Arvioitu lukuaika":"1 minuutti"},"schema":{"@context":"https:\/\/schema.org","@graph":[{"@type":"WebPage","@id":"https:\/\/likeink.com\/fi\/siirtotatuoinnit\/dahlia-tatuointia\/","url":"https:\/\/likeink.com\/fi\/siirtotatuoinnit\/dahlia-tatuointia\/","name":"Dahlia-tatuointia - Like ink","isPartOf":{"@id":"https:\/\/likeink.com\/fi\/#website"},"primaryImageOfPage":{"@id":"https:\/\/likeink.com\/fi\/siirtotatuoinnit\/dahlia-tatuointia\/#primaryimage"},"image":{"@id":"https:\/\/likeink.com\/fi\/siirtotatuoinnit\/dahlia-tatuointia\/#primaryimage"},"thumbnailUrl":"https:\/\/likeink.com\/wp-content\/uploads\/2024\/03\/Dahlia-tatueringar-Likeink-1.jpg","datePublished":"2024-03-08T15:19:18+00:00","dateModified":"2026-03-17T12:34:02+00:00","description":"Kuusi v\u00e4liaikaista Dahlia-tatuointia kauniissa v\u00e4reiss\u00e4. Kest\u00e4v\u00e4t ja kauniit Dahlia-tatuoinnit, jotka l\u00e4hetet\u00e4\u00e4n 24 tunnin kuluessa. - Like ink","breadcrumb":{"@id":"https:\/\/likeink.com\/fi\/siirtotatuoinnit\/dahlia-tatuointia\/#breadcrumb"},"inLanguage":"fi","potentialAction":[{"@type":"ReadAction","target":["https:\/\/likeink.com\/fi\/siirtotatuoinnit\/dahlia-tatuointia\/"]}]},{"@type":"ImageObject","inLanguage":"fi","@id":"https:\/\/likeink.com\/fi\/siirtotatuoinnit\/dahlia-tatuointia\/#primaryimage","url":"https:\/\/likeink.com\/wp-content\/uploads\/2024\/03\/Dahlia-tatueringar-Likeink-1.jpg","contentUrl":"https:\/\/likeink.com\/wp-content\/uploads\/2024\/03\/Dahlia-tatueringar-Likeink-1.jpg","width":1985,"height":1400,"caption":"Daalia-tatuoinnit."},{"@type":"BreadcrumbList","@id":"https:\/\/likeink.com\/fi\/siirtotatuoinnit\/dahlia-tatuointia\/#breadcrumb","itemListElement":[{"@type":"ListItem","position":1,"name":"Hem","item":"https:\/\/likeink.com\/fi\/"},{"@type":"ListItem","position":2,"name":"Shop","item":"https:\/\/likeink.com\/fi\/shop\/"},{"@type":"ListItem","position":3,"name":"Dahlia-tatuointia"}]},{"@type":"WebSite","@id":"https:\/\/likeink.com\/fi\/#website","url":"https:\/\/likeink.com\/fi\/","name":"Like ink","description":"Make your own custom design","potentialAction":[{"@type":"SearchAction","target":{"@type":"EntryPoint","urlTemplate":"https:\/\/likeink.com\/fi\/?s={search_term_string}"},"query-input":{"@type":"PropertyValueSpecification","valueRequired":true,"valueName":"search_term_string"}}],"inLanguage":"fi"}]}},"_links":{"self":[{"href":"https:\/\/likeink.com\/fi\/wp-json\/wp\/v2\/product\/25483","targetHints":{"allow":["GET"]}}],"collection":[{"href":"https:\/\/likeink.com\/fi\/wp-json\/wp\/v2\/product"}],"about":[{"href":"https:\/\/likeink.com\/fi\/wp-json\/wp\/v2\/types\/product"}],"wp:featuredmedia":[{"embeddable":true,"href":"https:\/\/likeink.com\/fi\/wp-json\/wp\/v2\/media\/25475"}],"wp:attachment":[{"href":"https:\/\/likeink.com\/fi\/wp-json\/wp\/v2\/media?parent=25483"}],"wp:term":[{"taxonomy":"product_brand","embeddable":true,"href":"https:\/\/likeink.com\/fi\/wp-json\/wp\/v2\/product_brand?post=25483"},{"taxonomy":"product_cat","embeddable":true,"href":"https:\/\/likeink.com\/fi\/wp-json\/wp\/v2\/product_cat?post=25483"},{"taxonomy":"product_tag","embeddable":true,"href":"https:\/\/likeink.com\/fi\/wp-json\/wp\/v2\/product_tag?post=25483"}],"curies":[{"name":"wp","href":"https:\/\/api.w.org\/{rel}","templated":true}]}}