{"id":26473,"date":"2024-04-17T19:41:13","date_gmt":"2024-04-17T19:41:13","guid":{"rendered":"https:\/\/likeink.se\/gnuggis\/ruotsin-lippu-tatuoinnit-a5\/"},"modified":"2026-03-17T12:34:02","modified_gmt":"2026-03-17T12:34:02","slug":"ruotsin-lippu-tatuoinnit-a5","status":"publish","type":"product","link":"https:\/\/likeink.com\/fi\/siirtotatuoinnit\/ruotsin-lippu-tatuoinnit-a5\/","title":{"rendered":"Ruotsin lippu tatuoinnit"},"content":{"rendered":"<p>Ruotsin lippu tatuoinnit arkeilla sekaisin kokoisina.<\/p>\n","protected":false},"excerpt":{"rendered":"<p>Ruotsin lippu tatuoinnit arkeilla eri kokoisina. Ruotsin lipun tatuointi sopii erinomaisesti valmistujaisiin, kansainv\u00e4lisiin otteluihin, olympialaisiin, maailmanmestaruuskisoihin, Euroopan mestaruuskisoihin, kansallisp\u00e4iv\u00e4\u00e4n ja muihin tilaisuuksiin, kun haluat koristella kehosi ja kasvosi sinikeltaisella tatuoinnilla.<\/p>\n<h2>Osta Ruotsin lippuja v\u00e4liaikaisina tatuointeina.<\/h2>\n<p>Itse design on luotu meill\u00e4 Like inkiss\u00e4, aitona tatuointityylin\u00e4 selkeill\u00e4 \u00e4\u00e4riviivoilla ja kauniilla keltaisella ja sinisell\u00e4 v\u00e4rill\u00e4.<\/p>\n<p>Like inkin tatuoinnit soveltuvat sek\u00e4 aikuisille ett\u00e4 lapsille. V\u00e4liaikaiset tatuointimme ovat helppoja levitt\u00e4\u00e4, pest\u00e4 pois ja ovat hell\u00e4varaisia iholle. Painamme omassa painotalossamme Malm\u00f6ss\u00e4 ja l\u00e4het\u00e4mme tilauksesi p\u00e4iv\u00e4n kuluessa.<\/p>\n<p>Arkki koko: A5<br \/>\nRuotsin lippu tatuointien m\u00e4\u00e4r\u00e4: 15<br \/>\nTatuointien koot: 60, 45, 35 ja 30 mm<\/p>\n","protected":false},"featured_media":26342,"template":"","meta":[],"product_brand":[],"product_cat":[217,51],"product_tag":[],"class_list":{"0":"post-26473","1":"product","2":"type-product","3":"status-publish","4":"has-post-thumbnail","6":"product_cat-loman-tatuointi","7":"product_cat-valmiit-arkit","9":"first","10":"instock","11":"taxable","12":"shipping-taxable","13":"purchasable","14":"product-type-simple"},"yoast_head":"<!-- This site is optimized with the Yoast SEO Premium plugin v26.2 (Yoast SEO v27.4) - https:\/\/yoast.com\/product\/yoast-seo-premium-wordpress\/ -->\n<title>Ruotsin lippu tatuoinnit - Like ink<\/title>\n<meta name=\"description\" content=\"Ruotsin lippu v\u00e4liaikaistatuoinnit, t\u00e4ydelliset kansainv\u00e4lisiin otteluihin, valmistujaisjuhliin, Ruotsin kansallisp\u00e4iv\u00e4\u00e4n ja muihin tilaisuuksiin, kun haluat n\u00e4ytt\u00e4\u00e4 Ruotsin lippua.\" \/>\n<meta name=\"robots\" content=\"index, follow, max-snippet:-1, max-image-preview:large, max-video-preview:-1\" \/>\n<link rel=\"canonical\" href=\"https:\/\/likeink.com\/fi\/siirtotatuoinnit\/ruotsin-lippu-tatuoinnit-a5\/\" \/>\n<meta property=\"og:locale\" content=\"fi_FI\" \/>\n<meta property=\"og:type\" content=\"article\" \/>\n<meta property=\"og:title\" content=\"Ruotsin lippu tatuoinnit\" \/>\n<meta property=\"og:description\" content=\"Ruotsin lippu tatuoinnit arkeilla eri kokoisina. Ruotsin lipun tatuointi sopii erinomaisesti valmistujaisiin, kansainv\u00e4lisiin otteluihin, olympialaisiin, maailmanmestaruuskisoihin, Euroopan mestaruuskisoihin, kansallisp\u00e4iv\u00e4\u00e4n ja muihin tilaisuuksiin, kun haluat koristella kehosi ja kasvosi sinikeltaisella tatuoinnilla.  Osta Ruotsin lippuja v\u00e4liaikaisina tatuointeina.  Itse design on luotu meill\u00e4 Like inkiss\u00e4, aitona tatuointityylin\u00e4 selkeill\u00e4 \u00e4\u00e4riviivoilla ja kauniilla keltaisella ja sinisell\u00e4 v\u00e4rill\u00e4.  Like inkin tatuoinnit soveltuvat sek\u00e4 aikuisille ett\u00e4 lapsille. V\u00e4liaikaiset tatuointimme ovat helppoja levitt\u00e4\u00e4, pest\u00e4 pois ja ovat hell\u00e4varaisia iholle. Painamme omassa painotalossamme Malm\u00f6ss\u00e4 ja l\u00e4het\u00e4mme tilauksesi p\u00e4iv\u00e4n kuluessa.  Arkki koko: A5 Ruotsin lippu tatuointien m\u00e4\u00e4r\u00e4: 15 Tatuointien koot: 60, 45, 35 ja 30 mm\" \/>\n<meta property=\"og:url\" content=\"https:\/\/likeink.com\/fi\/siirtotatuoinnit\/ruotsin-lippu-tatuoinnit-a5\/\" \/>\n<meta property=\"og:site_name\" content=\"Like ink\" \/>\n<meta property=\"article:publisher\" content=\"https:\/\/www.facebook.com\/LikeInkSe\" \/>\n<meta property=\"article:modified_time\" content=\"2026-03-17T12:34:02+00:00\" \/>\n<meta property=\"og:image\" content=\"https:\/\/likeink.com\/wp-content\/uploads\/2024\/04\/Sverigeflaggor-temporaratatueringar-likeink.jpg\" \/>\n\t<meta property=\"og:image:width\" content=\"1600\" \/>\n\t<meta property=\"og:image:height\" content=\"1127\" \/>\n\t<meta property=\"og:image:type\" content=\"image\/jpeg\" \/>\n<meta name=\"twitter:card\" content=\"summary_large_image\" \/>\n<meta name=\"twitter:label1\" content=\"Arvioitu lukuaika\" \/>\n\t<meta name=\"twitter:data1\" content=\"1 minuutti\" \/>\n<script type=\"application\/ld+json\" class=\"yoast-schema-graph\">{\"@context\":\"https:\\\/\\\/schema.org\",\"@graph\":[{\"@type\":\"WebPage\",\"@id\":\"https:\\\/\\\/likeink.com\\\/fi\\\/siirtotatuoinnit\\\/ruotsin-lippu-tatuoinnit-a5\\\/\",\"url\":\"https:\\\/\\\/likeink.com\\\/fi\\\/siirtotatuoinnit\\\/ruotsin-lippu-tatuoinnit-a5\\\/\",\"name\":\"Ruotsin lippu tatuoinnit - Like ink\",\"isPartOf\":{\"@id\":\"https:\\\/\\\/likeink.com\\\/fi\\\/#website\"},\"primaryImageOfPage\":{\"@id\":\"https:\\\/\\\/likeink.com\\\/fi\\\/siirtotatuoinnit\\\/ruotsin-lippu-tatuoinnit-a5\\\/#primaryimage\"},\"image\":{\"@id\":\"https:\\\/\\\/likeink.com\\\/fi\\\/siirtotatuoinnit\\\/ruotsin-lippu-tatuoinnit-a5\\\/#primaryimage\"},\"thumbnailUrl\":\"https:\\\/\\\/likeink.com\\\/wp-content\\\/uploads\\\/2024\\\/04\\\/Sverigeflaggor-temporaratatueringar-likeink.jpg\",\"datePublished\":\"2024-04-17T19:41:13+00:00\",\"dateModified\":\"2026-03-17T12:34:02+00:00\",\"description\":\"Ruotsin lippu v\u00e4liaikaistatuoinnit, t\u00e4ydelliset kansainv\u00e4lisiin otteluihin, valmistujaisjuhliin, Ruotsin kansallisp\u00e4iv\u00e4\u00e4n ja muihin tilaisuuksiin, kun haluat n\u00e4ytt\u00e4\u00e4 Ruotsin lippua.\",\"breadcrumb\":{\"@id\":\"https:\\\/\\\/likeink.com\\\/fi\\\/siirtotatuoinnit\\\/ruotsin-lippu-tatuoinnit-a5\\\/#breadcrumb\"},\"inLanguage\":\"fi\",\"potentialAction\":[{\"@type\":\"ReadAction\",\"target\":[\"https:\\\/\\\/likeink.com\\\/fi\\\/siirtotatuoinnit\\\/ruotsin-lippu-tatuoinnit-a5\\\/\"]}]},{\"@type\":\"ImageObject\",\"inLanguage\":\"fi\",\"@id\":\"https:\\\/\\\/likeink.com\\\/fi\\\/siirtotatuoinnit\\\/ruotsin-lippu-tatuoinnit-a5\\\/#primaryimage\",\"url\":\"https:\\\/\\\/likeink.com\\\/wp-content\\\/uploads\\\/2024\\\/04\\\/Sverigeflaggor-temporaratatueringar-likeink.jpg\",\"contentUrl\":\"https:\\\/\\\/likeink.com\\\/wp-content\\\/uploads\\\/2024\\\/04\\\/Sverigeflaggor-temporaratatueringar-likeink.jpg\",\"width\":1600,\"height\":1127,\"caption\":\"Ruotsin liput arkeilla v\u00e4liaikaisina tatuointeina.\"},{\"@type\":\"BreadcrumbList\",\"@id\":\"https:\\\/\\\/likeink.com\\\/fi\\\/siirtotatuoinnit\\\/ruotsin-lippu-tatuoinnit-a5\\\/#breadcrumb\",\"itemListElement\":[{\"@type\":\"ListItem\",\"position\":1,\"name\":\"Hem\",\"item\":\"https:\\\/\\\/likeink.com\\\/fi\\\/\"},{\"@type\":\"ListItem\",\"position\":2,\"name\":\"Shop\",\"item\":\"https:\\\/\\\/likeink.com\\\/fi\\\/shop\\\/\"},{\"@type\":\"ListItem\",\"position\":3,\"name\":\"Ruotsin lippu tatuoinnit\"}]},{\"@type\":\"WebSite\",\"@id\":\"https:\\\/\\\/likeink.com\\\/fi\\\/#website\",\"url\":\"https:\\\/\\\/likeink.com\\\/fi\\\/\",\"name\":\"Like ink\",\"description\":\"Make your own custom design\",\"potentialAction\":[{\"@type\":\"SearchAction\",\"target\":{\"@type\":\"EntryPoint\",\"urlTemplate\":\"https:\\\/\\\/likeink.com\\\/fi\\\/?s={search_term_string}\"},\"query-input\":{\"@type\":\"PropertyValueSpecification\",\"valueRequired\":true,\"valueName\":\"search_term_string\"}}],\"inLanguage\":\"fi\"}]}<\/script>\n<!-- \/ Yoast SEO Premium plugin. -->","yoast_head_json":{"title":"Ruotsin lippu tatuoinnit - Like ink","description":"Ruotsin lippu v\u00e4liaikaistatuoinnit, t\u00e4ydelliset kansainv\u00e4lisiin otteluihin, valmistujaisjuhliin, Ruotsin kansallisp\u00e4iv\u00e4\u00e4n ja muihin tilaisuuksiin, kun haluat n\u00e4ytt\u00e4\u00e4 Ruotsin lippua.","robots":{"index":"index","follow":"follow","max-snippet":"max-snippet:-1","max-image-preview":"max-image-preview:large","max-video-preview":"max-video-preview:-1"},"canonical":"https:\/\/likeink.com\/fi\/siirtotatuoinnit\/ruotsin-lippu-tatuoinnit-a5\/","og_locale":"fi_FI","og_type":"article","og_title":"Ruotsin lippu tatuoinnit","og_description":"Ruotsin lippu tatuoinnit arkeilla eri kokoisina. Ruotsin lipun tatuointi sopii erinomaisesti valmistujaisiin, kansainv\u00e4lisiin otteluihin, olympialaisiin, maailmanmestaruuskisoihin, Euroopan mestaruuskisoihin, kansallisp\u00e4iv\u00e4\u00e4n ja muihin tilaisuuksiin, kun haluat koristella kehosi ja kasvosi sinikeltaisella tatuoinnilla.  Osta Ruotsin lippuja v\u00e4liaikaisina tatuointeina.  Itse design on luotu meill\u00e4 Like inkiss\u00e4, aitona tatuointityylin\u00e4 selkeill\u00e4 \u00e4\u00e4riviivoilla ja kauniilla keltaisella ja sinisell\u00e4 v\u00e4rill\u00e4.  Like inkin tatuoinnit soveltuvat sek\u00e4 aikuisille ett\u00e4 lapsille. V\u00e4liaikaiset tatuointimme ovat helppoja levitt\u00e4\u00e4, pest\u00e4 pois ja ovat hell\u00e4varaisia iholle. Painamme omassa painotalossamme Malm\u00f6ss\u00e4 ja l\u00e4het\u00e4mme tilauksesi p\u00e4iv\u00e4n kuluessa.  Arkki koko: A5 Ruotsin lippu tatuointien m\u00e4\u00e4r\u00e4: 15 Tatuointien koot: 60, 45, 35 ja 30 mm","og_url":"https:\/\/likeink.com\/fi\/siirtotatuoinnit\/ruotsin-lippu-tatuoinnit-a5\/","og_site_name":"Like ink","article_publisher":"https:\/\/www.facebook.com\/LikeInkSe","article_modified_time":"2026-03-17T12:34:02+00:00","og_image":[{"width":1600,"height":1127,"url":"https:\/\/likeink.com\/wp-content\/uploads\/2024\/04\/Sverigeflaggor-temporaratatueringar-likeink.jpg","type":"image\/jpeg"}],"twitter_card":"summary_large_image","twitter_misc":{"Arvioitu lukuaika":"1 minuutti"},"schema":{"@context":"https:\/\/schema.org","@graph":[{"@type":"WebPage","@id":"https:\/\/likeink.com\/fi\/siirtotatuoinnit\/ruotsin-lippu-tatuoinnit-a5\/","url":"https:\/\/likeink.com\/fi\/siirtotatuoinnit\/ruotsin-lippu-tatuoinnit-a5\/","name":"Ruotsin lippu tatuoinnit - Like ink","isPartOf":{"@id":"https:\/\/likeink.com\/fi\/#website"},"primaryImageOfPage":{"@id":"https:\/\/likeink.com\/fi\/siirtotatuoinnit\/ruotsin-lippu-tatuoinnit-a5\/#primaryimage"},"image":{"@id":"https:\/\/likeink.com\/fi\/siirtotatuoinnit\/ruotsin-lippu-tatuoinnit-a5\/#primaryimage"},"thumbnailUrl":"https:\/\/likeink.com\/wp-content\/uploads\/2024\/04\/Sverigeflaggor-temporaratatueringar-likeink.jpg","datePublished":"2024-04-17T19:41:13+00:00","dateModified":"2026-03-17T12:34:02+00:00","description":"Ruotsin lippu v\u00e4liaikaistatuoinnit, t\u00e4ydelliset kansainv\u00e4lisiin otteluihin, valmistujaisjuhliin, Ruotsin kansallisp\u00e4iv\u00e4\u00e4n ja muihin tilaisuuksiin, kun haluat n\u00e4ytt\u00e4\u00e4 Ruotsin lippua.","breadcrumb":{"@id":"https:\/\/likeink.com\/fi\/siirtotatuoinnit\/ruotsin-lippu-tatuoinnit-a5\/#breadcrumb"},"inLanguage":"fi","potentialAction":[{"@type":"ReadAction","target":["https:\/\/likeink.com\/fi\/siirtotatuoinnit\/ruotsin-lippu-tatuoinnit-a5\/"]}]},{"@type":"ImageObject","inLanguage":"fi","@id":"https:\/\/likeink.com\/fi\/siirtotatuoinnit\/ruotsin-lippu-tatuoinnit-a5\/#primaryimage","url":"https:\/\/likeink.com\/wp-content\/uploads\/2024\/04\/Sverigeflaggor-temporaratatueringar-likeink.jpg","contentUrl":"https:\/\/likeink.com\/wp-content\/uploads\/2024\/04\/Sverigeflaggor-temporaratatueringar-likeink.jpg","width":1600,"height":1127,"caption":"Ruotsin liput arkeilla v\u00e4liaikaisina tatuointeina."},{"@type":"BreadcrumbList","@id":"https:\/\/likeink.com\/fi\/siirtotatuoinnit\/ruotsin-lippu-tatuoinnit-a5\/#breadcrumb","itemListElement":[{"@type":"ListItem","position":1,"name":"Hem","item":"https:\/\/likeink.com\/fi\/"},{"@type":"ListItem","position":2,"name":"Shop","item":"https:\/\/likeink.com\/fi\/shop\/"},{"@type":"ListItem","position":3,"name":"Ruotsin lippu tatuoinnit"}]},{"@type":"WebSite","@id":"https:\/\/likeink.com\/fi\/#website","url":"https:\/\/likeink.com\/fi\/","name":"Like ink","description":"Make your own custom design","potentialAction":[{"@type":"SearchAction","target":{"@type":"EntryPoint","urlTemplate":"https:\/\/likeink.com\/fi\/?s={search_term_string}"},"query-input":{"@type":"PropertyValueSpecification","valueRequired":true,"valueName":"search_term_string"}}],"inLanguage":"fi"}]}},"_links":{"self":[{"href":"https:\/\/likeink.com\/fi\/wp-json\/wp\/v2\/product\/26473","targetHints":{"allow":["GET"]}}],"collection":[{"href":"https:\/\/likeink.com\/fi\/wp-json\/wp\/v2\/product"}],"about":[{"href":"https:\/\/likeink.com\/fi\/wp-json\/wp\/v2\/types\/product"}],"wp:featuredmedia":[{"embeddable":true,"href":"https:\/\/likeink.com\/fi\/wp-json\/wp\/v2\/media\/26342"}],"wp:attachment":[{"href":"https:\/\/likeink.com\/fi\/wp-json\/wp\/v2\/media?parent=26473"}],"wp:term":[{"taxonomy":"product_brand","embeddable":true,"href":"https:\/\/likeink.com\/fi\/wp-json\/wp\/v2\/product_brand?post=26473"},{"taxonomy":"product_cat","embeddable":true,"href":"https:\/\/likeink.com\/fi\/wp-json\/wp\/v2\/product_cat?post=26473"},{"taxonomy":"product_tag","embeddable":true,"href":"https:\/\/likeink.com\/fi\/wp-json\/wp\/v2\/product_tag?post=26473"}],"curies":[{"name":"wp","href":"https:\/\/api.w.org\/{rel}","templated":true}]}}