{"id":28255,"date":"2024-06-02T09:55:12","date_gmt":"2024-06-02T09:55:12","guid":{"rendered":"https:\/\/likeink.se\/gnuggis\/glittertatueringar-party-time-a6\/"},"modified":"2026-03-17T12:34:29","modified_gmt":"2026-03-17T12:34:29","slug":"glittertatuoinnit","status":"publish","type":"product","link":"https:\/\/likeink.com\/fi\/siirtotatuoinnit\/glittertatuoinnit\/","title":{"rendered":"Glittertatuoinnit  &#8221;Party Time&#8221;"},"content":{"rendered":"","protected":false},"excerpt":{"rendered":"<p>Glittertatuoinnit &#8221;Party Time&#8221; A6:<br \/>\nMuuta jokainen juhla taianomaiseksi kokemukseksi Like inksin kimaltelevilla ponitatuoinneilla! N\u00e4m\u00e4 v\u00e4liaikaiset tatuoinnit ovat hell\u00e4varaisia iholle ja helppoja levitt\u00e4\u00e4, mik\u00e4 tekee niist\u00e4 t\u00e4ydellisi\u00e4 lapsille. Jokainen tatuointi esitt\u00e4\u00e4 vieh\u00e4tt\u00e4vi\u00e4 poneja, jotka on koristeltu kimaltelevalla glitterill\u00e4, ja ne takaavat juhlan loistamisen ja paljon naurua ja hymyj\u00e4.<\/p>\n<h2>Osta v\u00e4liaikaisia glittertatuointeja juhliin.<\/h2>\n<p>T\u00e4ydellisi\u00e4 lastenjuhliin tai hauskanpitoon, n\u00e4m\u00e4 glittertatuoinnit ovat varmasti hitti pienten keskuudessa.<\/p>\n<p><strong>Arkin koko:<\/strong> A6<br \/>\n<strong>Glittertatuointien m\u00e4\u00e4r\u00e4:<\/strong> 11<br \/>\n<strong>Tatuointien koot:<\/strong> 20-45mm<\/p>\n","protected":false},"featured_media":28007,"template":"","meta":[],"product_brand":[],"product_cat":[208,51],"product_tag":[],"class_list":{"0":"post-28255","1":"product","2":"type-product","3":"status-publish","4":"has-post-thumbnail","6":"product_cat-lasten-tatuoinnit","7":"product_cat-valmiit-arkit","9":"first","10":"instock","11":"taxable","12":"shipping-taxable","13":"purchasable","14":"product-type-simple"},"yoast_head":"<!-- This site is optimized with the Yoast SEO Premium plugin v26.2 (Yoast SEO v27.4) - https:\/\/yoast.com\/product\/yoast-seo-premium-wordpress\/ -->\n<title>Glittertatuoinnit &quot;Party Time&quot; - Like ink<\/title>\n<meta name=\"description\" content=\"Glittertatuoinnit juhliin ja kekkereihinKimaltavat v\u00e4liaikaiset tatuoinnit koossa 20-45 mm. Nopea toimitus ja hyv\u00e4 laatu. - Like ink\" \/>\n<meta name=\"robots\" content=\"index, follow, max-snippet:-1, max-image-preview:large, max-video-preview:-1\" \/>\n<link rel=\"canonical\" href=\"https:\/\/likeink.com\/fi\/siirtotatuoinnit\/glittertatuoinnit\/\" \/>\n<meta property=\"og:locale\" content=\"fi_FI\" \/>\n<meta property=\"og:type\" content=\"article\" \/>\n<meta property=\"og:title\" content=\"Glittertatuoinnit &quot;Party Time&quot;\" \/>\n<meta property=\"og:description\" content=\"Glittertatuoinnit &quot;Party Time&quot; A6: Muuta jokainen juhla taianomaiseksi kokemukseksi Like inksin kimaltelevilla ponitatuoinneilla! N\u00e4m\u00e4 v\u00e4liaikaiset tatuoinnit ovat hell\u00e4varaisia iholle ja helppoja levitt\u00e4\u00e4, mik\u00e4 tekee niist\u00e4 t\u00e4ydellisi\u00e4 lapsille. Jokainen tatuointi esitt\u00e4\u00e4 vieh\u00e4tt\u00e4vi\u00e4 poneja, jotka on koristeltu kimaltelevalla glitterill\u00e4, ja ne takaavat juhlan loistamisen ja paljon naurua ja hymyj\u00e4. Osta v\u00e4liaikaisia glittertatuointeja juhliin. T\u00e4ydellisi\u00e4 lastenjuhliin tai hauskanpitoon, n\u00e4m\u00e4 glittertatuoinnit ovat varmasti hitti pienten keskuudessa.  Arkin koko: A6 Glittertatuointien m\u00e4\u00e4r\u00e4: 11 Tatuointien koot: 20-45mm\" \/>\n<meta property=\"og:url\" content=\"https:\/\/likeink.com\/fi\/siirtotatuoinnit\/glittertatuoinnit\/\" \/>\n<meta property=\"og:site_name\" content=\"Like ink\" \/>\n<meta property=\"article:publisher\" content=\"https:\/\/www.facebook.com\/LikeInkSe\" \/>\n<meta property=\"article:modified_time\" content=\"2026-03-17T12:34:29+00:00\" \/>\n<meta property=\"og:image\" content=\"https:\/\/likeink.com\/wp-content\/uploads\/2024\/05\/GlitterTattooHS-005.png\" \/>\n\t<meta property=\"og:image:width\" content=\"1475\" \/>\n\t<meta property=\"og:image:height\" content=\"1057\" \/>\n\t<meta property=\"og:image:type\" content=\"image\/png\" \/>\n<meta name=\"twitter:card\" content=\"summary_large_image\" \/>\n<meta name=\"twitter:label1\" content=\"Arvioitu lukuaika\" \/>\n\t<meta name=\"twitter:data1\" content=\"1 minuutti\" \/>\n<script type=\"application\/ld+json\" class=\"yoast-schema-graph\">{\"@context\":\"https:\\\/\\\/schema.org\",\"@graph\":[{\"@type\":\"WebPage\",\"@id\":\"https:\\\/\\\/likeink.com\\\/fi\\\/siirtotatuoinnit\\\/glittertatuoinnit\\\/\",\"url\":\"https:\\\/\\\/likeink.com\\\/fi\\\/siirtotatuoinnit\\\/glittertatuoinnit\\\/\",\"name\":\"Glittertatuoinnit \\\"Party Time\\\" - Like ink\",\"isPartOf\":{\"@id\":\"https:\\\/\\\/likeink.com\\\/fi\\\/#website\"},\"primaryImageOfPage\":{\"@id\":\"https:\\\/\\\/likeink.com\\\/fi\\\/siirtotatuoinnit\\\/glittertatuoinnit\\\/#primaryimage\"},\"image\":{\"@id\":\"https:\\\/\\\/likeink.com\\\/fi\\\/siirtotatuoinnit\\\/glittertatuoinnit\\\/#primaryimage\"},\"thumbnailUrl\":\"https:\\\/\\\/likeink.com\\\/wp-content\\\/uploads\\\/2024\\\/05\\\/GlitterTattooHS-005.png\",\"datePublished\":\"2024-06-02T09:55:12+00:00\",\"dateModified\":\"2026-03-17T12:34:29+00:00\",\"description\":\"Glittertatuoinnit juhliin ja kekkereihinKimaltavat v\u00e4liaikaiset tatuoinnit koossa 20-45 mm. Nopea toimitus ja hyv\u00e4 laatu. - Like ink\",\"breadcrumb\":{\"@id\":\"https:\\\/\\\/likeink.com\\\/fi\\\/siirtotatuoinnit\\\/glittertatuoinnit\\\/#breadcrumb\"},\"inLanguage\":\"fi\",\"potentialAction\":[{\"@type\":\"ReadAction\",\"target\":[\"https:\\\/\\\/likeink.com\\\/fi\\\/siirtotatuoinnit\\\/glittertatuoinnit\\\/\"]}]},{\"@type\":\"ImageObject\",\"inLanguage\":\"fi\",\"@id\":\"https:\\\/\\\/likeink.com\\\/fi\\\/siirtotatuoinnit\\\/glittertatuoinnit\\\/#primaryimage\",\"url\":\"https:\\\/\\\/likeink.com\\\/wp-content\\\/uploads\\\/2024\\\/05\\\/GlitterTattooHS-005.png\",\"contentUrl\":\"https:\\\/\\\/likeink.com\\\/wp-content\\\/uploads\\\/2024\\\/05\\\/GlitterTattooHS-005.png\",\"width\":1475,\"height\":1057,\"caption\":\"Kimalletatuoinnit. Kimalletatuoinnit lapsille.\"},{\"@type\":\"BreadcrumbList\",\"@id\":\"https:\\\/\\\/likeink.com\\\/fi\\\/siirtotatuoinnit\\\/glittertatuoinnit\\\/#breadcrumb\",\"itemListElement\":[{\"@type\":\"ListItem\",\"position\":1,\"name\":\"Hem\",\"item\":\"https:\\\/\\\/likeink.com\\\/fi\\\/\"},{\"@type\":\"ListItem\",\"position\":2,\"name\":\"Shop\",\"item\":\"https:\\\/\\\/likeink.com\\\/fi\\\/shop\\\/\"},{\"@type\":\"ListItem\",\"position\":3,\"name\":\"Glittertatuoinnit &#8220;Party Time&#8221;\"}]},{\"@type\":\"WebSite\",\"@id\":\"https:\\\/\\\/likeink.com\\\/fi\\\/#website\",\"url\":\"https:\\\/\\\/likeink.com\\\/fi\\\/\",\"name\":\"Like ink\",\"description\":\"Make your own custom design\",\"potentialAction\":[{\"@type\":\"SearchAction\",\"target\":{\"@type\":\"EntryPoint\",\"urlTemplate\":\"https:\\\/\\\/likeink.com\\\/fi\\\/?s={search_term_string}\"},\"query-input\":{\"@type\":\"PropertyValueSpecification\",\"valueRequired\":true,\"valueName\":\"search_term_string\"}}],\"inLanguage\":\"fi\"}]}<\/script>\n<!-- \/ Yoast SEO Premium plugin. -->","yoast_head_json":{"title":"Glittertatuoinnit \"Party Time\" - Like ink","description":"Glittertatuoinnit juhliin ja kekkereihinKimaltavat v\u00e4liaikaiset tatuoinnit koossa 20-45 mm. Nopea toimitus ja hyv\u00e4 laatu. - Like ink","robots":{"index":"index","follow":"follow","max-snippet":"max-snippet:-1","max-image-preview":"max-image-preview:large","max-video-preview":"max-video-preview:-1"},"canonical":"https:\/\/likeink.com\/fi\/siirtotatuoinnit\/glittertatuoinnit\/","og_locale":"fi_FI","og_type":"article","og_title":"Glittertatuoinnit \"Party Time\"","og_description":"Glittertatuoinnit \"Party Time\" A6: Muuta jokainen juhla taianomaiseksi kokemukseksi Like inksin kimaltelevilla ponitatuoinneilla! N\u00e4m\u00e4 v\u00e4liaikaiset tatuoinnit ovat hell\u00e4varaisia iholle ja helppoja levitt\u00e4\u00e4, mik\u00e4 tekee niist\u00e4 t\u00e4ydellisi\u00e4 lapsille. Jokainen tatuointi esitt\u00e4\u00e4 vieh\u00e4tt\u00e4vi\u00e4 poneja, jotka on koristeltu kimaltelevalla glitterill\u00e4, ja ne takaavat juhlan loistamisen ja paljon naurua ja hymyj\u00e4. Osta v\u00e4liaikaisia glittertatuointeja juhliin. T\u00e4ydellisi\u00e4 lastenjuhliin tai hauskanpitoon, n\u00e4m\u00e4 glittertatuoinnit ovat varmasti hitti pienten keskuudessa.  Arkin koko: A6 Glittertatuointien m\u00e4\u00e4r\u00e4: 11 Tatuointien koot: 20-45mm","og_url":"https:\/\/likeink.com\/fi\/siirtotatuoinnit\/glittertatuoinnit\/","og_site_name":"Like ink","article_publisher":"https:\/\/www.facebook.com\/LikeInkSe","article_modified_time":"2026-03-17T12:34:29+00:00","og_image":[{"width":1475,"height":1057,"url":"https:\/\/likeink.com\/wp-content\/uploads\/2024\/05\/GlitterTattooHS-005.png","type":"image\/png"}],"twitter_card":"summary_large_image","twitter_misc":{"Arvioitu lukuaika":"1 minuutti"},"schema":{"@context":"https:\/\/schema.org","@graph":[{"@type":"WebPage","@id":"https:\/\/likeink.com\/fi\/siirtotatuoinnit\/glittertatuoinnit\/","url":"https:\/\/likeink.com\/fi\/siirtotatuoinnit\/glittertatuoinnit\/","name":"Glittertatuoinnit \"Party Time\" - Like ink","isPartOf":{"@id":"https:\/\/likeink.com\/fi\/#website"},"primaryImageOfPage":{"@id":"https:\/\/likeink.com\/fi\/siirtotatuoinnit\/glittertatuoinnit\/#primaryimage"},"image":{"@id":"https:\/\/likeink.com\/fi\/siirtotatuoinnit\/glittertatuoinnit\/#primaryimage"},"thumbnailUrl":"https:\/\/likeink.com\/wp-content\/uploads\/2024\/05\/GlitterTattooHS-005.png","datePublished":"2024-06-02T09:55:12+00:00","dateModified":"2026-03-17T12:34:29+00:00","description":"Glittertatuoinnit juhliin ja kekkereihinKimaltavat v\u00e4liaikaiset tatuoinnit koossa 20-45 mm. Nopea toimitus ja hyv\u00e4 laatu. - Like ink","breadcrumb":{"@id":"https:\/\/likeink.com\/fi\/siirtotatuoinnit\/glittertatuoinnit\/#breadcrumb"},"inLanguage":"fi","potentialAction":[{"@type":"ReadAction","target":["https:\/\/likeink.com\/fi\/siirtotatuoinnit\/glittertatuoinnit\/"]}]},{"@type":"ImageObject","inLanguage":"fi","@id":"https:\/\/likeink.com\/fi\/siirtotatuoinnit\/glittertatuoinnit\/#primaryimage","url":"https:\/\/likeink.com\/wp-content\/uploads\/2024\/05\/GlitterTattooHS-005.png","contentUrl":"https:\/\/likeink.com\/wp-content\/uploads\/2024\/05\/GlitterTattooHS-005.png","width":1475,"height":1057,"caption":"Kimalletatuoinnit. Kimalletatuoinnit lapsille."},{"@type":"BreadcrumbList","@id":"https:\/\/likeink.com\/fi\/siirtotatuoinnit\/glittertatuoinnit\/#breadcrumb","itemListElement":[{"@type":"ListItem","position":1,"name":"Hem","item":"https:\/\/likeink.com\/fi\/"},{"@type":"ListItem","position":2,"name":"Shop","item":"https:\/\/likeink.com\/fi\/shop\/"},{"@type":"ListItem","position":3,"name":"Glittertatuoinnit &#8220;Party Time&#8221;"}]},{"@type":"WebSite","@id":"https:\/\/likeink.com\/fi\/#website","url":"https:\/\/likeink.com\/fi\/","name":"Like ink","description":"Make your own custom design","potentialAction":[{"@type":"SearchAction","target":{"@type":"EntryPoint","urlTemplate":"https:\/\/likeink.com\/fi\/?s={search_term_string}"},"query-input":{"@type":"PropertyValueSpecification","valueRequired":true,"valueName":"search_term_string"}}],"inLanguage":"fi"}]}},"_links":{"self":[{"href":"https:\/\/likeink.com\/fi\/wp-json\/wp\/v2\/product\/28255","targetHints":{"allow":["GET"]}}],"collection":[{"href":"https:\/\/likeink.com\/fi\/wp-json\/wp\/v2\/product"}],"about":[{"href":"https:\/\/likeink.com\/fi\/wp-json\/wp\/v2\/types\/product"}],"wp:featuredmedia":[{"embeddable":true,"href":"https:\/\/likeink.com\/fi\/wp-json\/wp\/v2\/media\/28007"}],"wp:attachment":[{"href":"https:\/\/likeink.com\/fi\/wp-json\/wp\/v2\/media?parent=28255"}],"wp:term":[{"taxonomy":"product_brand","embeddable":true,"href":"https:\/\/likeink.com\/fi\/wp-json\/wp\/v2\/product_brand?post=28255"},{"taxonomy":"product_cat","embeddable":true,"href":"https:\/\/likeink.com\/fi\/wp-json\/wp\/v2\/product_cat?post=28255"},{"taxonomy":"product_tag","embeddable":true,"href":"https:\/\/likeink.com\/fi\/wp-json\/wp\/v2\/product_tag?post=28255"}],"curies":[{"name":"wp","href":"https:\/\/api.w.org\/{rel}","templated":true}]}}