{"id":28317,"date":"2024-06-03T13:40:10","date_gmt":"2024-06-03T13:40:10","guid":{"rendered":"https:\/\/likeink.se\/gnuggis\/vita-temporara-tatueringar-dromfangare\/"},"modified":"2026-03-17T12:34:42","modified_gmt":"2026-03-17T12:34:42","slug":"valkoiset-valiaikaiset-tatuoinnit-unisieppari","status":"publish","type":"product","link":"https:\/\/likeink.com\/fi\/siirtotatuoinnit\/valkoiset-valiaikaiset-tatuoinnit-unisieppari\/","title":{"rendered":"Valkoiset V\u00e4liaikaiset Tatuoinnit Unisieppari"},"content":{"rendered":"","protected":false},"excerpt":{"rendered":"<p>Valkoiset V\u00e4liaikaiset Tatuoinnit &#8221;Unisieppari&#8221;. Valkoiset tatuoinnit erottuvat ja kiinnitt\u00e4v\u00e4t huomion. Todella siisti\u00e4, jos saamme sanoa niin itse. Tatuoinnit levitet\u00e4\u00e4n vedell\u00e4 ja ne on helppo pest\u00e4 pois. Kaikki Like Inkin tatuoinnit ovat allergiayst\u00e4v\u00e4llisi\u00e4 ja laadukkaita!<\/p>\n<h2>Osta valkoiset v\u00e4liaikaiset tatuoinnit unisiepparilla.<\/h2>\n<p><strong>Arkin koko:<\/strong> A5<br \/>\n<strong>Valkoisten tatuointien m\u00e4\u00e4r\u00e4:<\/strong> 10<br \/>\n<strong>Tatuointien koko:<\/strong> 30-120mm<\/p>\n","protected":false},"featured_media":28056,"template":"","meta":[],"product_brand":[],"product_cat":[207,216,214,51],"product_tag":[],"class_list":{"0":"post-28317","1":"product","2":"type-product","3":"status-publish","4":"has-post-thumbnail","6":"product_cat-heimojen-tatuointi","7":"product_cat-jooga-tatuointi","8":"product_cat-symboli-tatuointi","9":"product_cat-valmiit-arkit","11":"first","12":"instock","13":"taxable","14":"shipping-taxable","15":"purchasable","16":"product-type-simple"},"yoast_head":"<!-- This site is optimized with the Yoast SEO Premium plugin v26.2 (Yoast SEO v27.4) - https:\/\/yoast.com\/product\/yoast-seo-premium-wordpress\/ -->\n<title>Valkoiset V\u00e4liaikaiset Tatuoinnit Unisieppari - Like ink<\/title>\n<meta name=\"description\" content=\"Valkoiset V\u00e4liaikaiset Tatuoinnit, joissa on muun muassa Unisieppari. Valkoiset tatuoinnit erottuvat ja antavat ainutlaatuisen ilmeen ihonv\u00e4rist\u00e4 riippumatta\" \/>\n<meta name=\"robots\" content=\"index, follow, max-snippet:-1, max-image-preview:large, max-video-preview:-1\" \/>\n<link rel=\"canonical\" href=\"https:\/\/likeink.com\/fi\/siirtotatuoinnit\/valkoiset-valiaikaiset-tatuoinnit-unisieppari\/\" \/>\n<meta property=\"og:locale\" content=\"fi_FI\" \/>\n<meta property=\"og:type\" content=\"article\" \/>\n<meta property=\"og:title\" content=\"Valkoiset V\u00e4liaikaiset Tatuoinnit Unisieppari\" \/>\n<meta property=\"og:description\" content=\"Valkoiset V\u00e4liaikaiset Tatuoinnit &quot;Unisieppari&quot;. Valkoiset tatuoinnit erottuvat ja kiinnitt\u00e4v\u00e4t huomion. Todella siisti\u00e4, jos saamme sanoa niin itse. Tatuoinnit levitet\u00e4\u00e4n vedell\u00e4 ja ne on helppo pest\u00e4 pois. Kaikki Like Inkin tatuoinnit ovat allergiayst\u00e4v\u00e4llisi\u00e4 ja laadukkaita! Osta valkoiset v\u00e4liaikaiset tatuoinnit unisiepparilla. Arkin koko: A5 Valkoisten tatuointien m\u00e4\u00e4r\u00e4: 10 Tatuointien koko: 30-120mm\" \/>\n<meta property=\"og:url\" content=\"https:\/\/likeink.com\/fi\/siirtotatuoinnit\/valkoiset-valiaikaiset-tatuoinnit-unisieppari\/\" \/>\n<meta property=\"og:site_name\" content=\"Like ink\" \/>\n<meta property=\"article:publisher\" content=\"https:\/\/www.facebook.com\/LikeInkSe\" \/>\n<meta property=\"article:modified_time\" content=\"2026-03-17T12:34:42+00:00\" \/>\n<meta property=\"og:image\" content=\"https:\/\/likeink.com\/wp-content\/uploads\/2024\/05\/Tattoo-white-YHB-white-003.jpg\" \/>\n\t<meta property=\"og:image:width\" content=\"1556\" \/>\n\t<meta property=\"og:image:height\" content=\"1090\" \/>\n\t<meta property=\"og:image:type\" content=\"image\/jpeg\" \/>\n<meta name=\"twitter:card\" content=\"summary_large_image\" \/>\n<meta name=\"twitter:label1\" content=\"Arvioitu lukuaika\" \/>\n\t<meta name=\"twitter:data1\" content=\"1 minuutti\" \/>\n<script type=\"application\/ld+json\" class=\"yoast-schema-graph\">{\"@context\":\"https:\\\/\\\/schema.org\",\"@graph\":[{\"@type\":\"WebPage\",\"@id\":\"https:\\\/\\\/likeink.com\\\/fi\\\/siirtotatuoinnit\\\/valkoiset-valiaikaiset-tatuoinnit-unisieppari\\\/\",\"url\":\"https:\\\/\\\/likeink.com\\\/fi\\\/siirtotatuoinnit\\\/valkoiset-valiaikaiset-tatuoinnit-unisieppari\\\/\",\"name\":\"Valkoiset V\u00e4liaikaiset Tatuoinnit Unisieppari - Like ink\",\"isPartOf\":{\"@id\":\"https:\\\/\\\/likeink.com\\\/fi\\\/#website\"},\"primaryImageOfPage\":{\"@id\":\"https:\\\/\\\/likeink.com\\\/fi\\\/siirtotatuoinnit\\\/valkoiset-valiaikaiset-tatuoinnit-unisieppari\\\/#primaryimage\"},\"image\":{\"@id\":\"https:\\\/\\\/likeink.com\\\/fi\\\/siirtotatuoinnit\\\/valkoiset-valiaikaiset-tatuoinnit-unisieppari\\\/#primaryimage\"},\"thumbnailUrl\":\"https:\\\/\\\/likeink.com\\\/wp-content\\\/uploads\\\/2024\\\/05\\\/Tattoo-white-YHB-white-003.jpg\",\"datePublished\":\"2024-06-03T13:40:10+00:00\",\"dateModified\":\"2026-03-17T12:34:42+00:00\",\"description\":\"Valkoiset V\u00e4liaikaiset Tatuoinnit, joissa on muun muassa Unisieppari. Valkoiset tatuoinnit erottuvat ja antavat ainutlaatuisen ilmeen ihonv\u00e4rist\u00e4 riippumatta\",\"breadcrumb\":{\"@id\":\"https:\\\/\\\/likeink.com\\\/fi\\\/siirtotatuoinnit\\\/valkoiset-valiaikaiset-tatuoinnit-unisieppari\\\/#breadcrumb\"},\"inLanguage\":\"fi\",\"potentialAction\":[{\"@type\":\"ReadAction\",\"target\":[\"https:\\\/\\\/likeink.com\\\/fi\\\/siirtotatuoinnit\\\/valkoiset-valiaikaiset-tatuoinnit-unisieppari\\\/\"]}]},{\"@type\":\"ImageObject\",\"inLanguage\":\"fi\",\"@id\":\"https:\\\/\\\/likeink.com\\\/fi\\\/siirtotatuoinnit\\\/valkoiset-valiaikaiset-tatuoinnit-unisieppari\\\/#primaryimage\",\"url\":\"https:\\\/\\\/likeink.com\\\/wp-content\\\/uploads\\\/2024\\\/05\\\/Tattoo-white-YHB-white-003.jpg\",\"contentUrl\":\"https:\\\/\\\/likeink.com\\\/wp-content\\\/uploads\\\/2024\\\/05\\\/Tattoo-white-YHB-white-003.jpg\",\"width\":1556,\"height\":1090,\"caption\":\"Valkoiset siirtokuvatatuoinnit.\"},{\"@type\":\"BreadcrumbList\",\"@id\":\"https:\\\/\\\/likeink.com\\\/fi\\\/siirtotatuoinnit\\\/valkoiset-valiaikaiset-tatuoinnit-unisieppari\\\/#breadcrumb\",\"itemListElement\":[{\"@type\":\"ListItem\",\"position\":1,\"name\":\"Hem\",\"item\":\"https:\\\/\\\/likeink.com\\\/fi\\\/\"},{\"@type\":\"ListItem\",\"position\":2,\"name\":\"Shop\",\"item\":\"https:\\\/\\\/likeink.com\\\/fi\\\/shop\\\/\"},{\"@type\":\"ListItem\",\"position\":3,\"name\":\"Valkoiset V\u00e4liaikaiset Tatuoinnit Unisieppari\"}]},{\"@type\":\"WebSite\",\"@id\":\"https:\\\/\\\/likeink.com\\\/fi\\\/#website\",\"url\":\"https:\\\/\\\/likeink.com\\\/fi\\\/\",\"name\":\"Like ink\",\"description\":\"Make your own custom design\",\"potentialAction\":[{\"@type\":\"SearchAction\",\"target\":{\"@type\":\"EntryPoint\",\"urlTemplate\":\"https:\\\/\\\/likeink.com\\\/fi\\\/?s={search_term_string}\"},\"query-input\":{\"@type\":\"PropertyValueSpecification\",\"valueRequired\":true,\"valueName\":\"search_term_string\"}}],\"inLanguage\":\"fi\"}]}<\/script>\n<!-- \/ Yoast SEO Premium plugin. -->","yoast_head_json":{"title":"Valkoiset V\u00e4liaikaiset Tatuoinnit Unisieppari - Like ink","description":"Valkoiset V\u00e4liaikaiset Tatuoinnit, joissa on muun muassa Unisieppari. Valkoiset tatuoinnit erottuvat ja antavat ainutlaatuisen ilmeen ihonv\u00e4rist\u00e4 riippumatta","robots":{"index":"index","follow":"follow","max-snippet":"max-snippet:-1","max-image-preview":"max-image-preview:large","max-video-preview":"max-video-preview:-1"},"canonical":"https:\/\/likeink.com\/fi\/siirtotatuoinnit\/valkoiset-valiaikaiset-tatuoinnit-unisieppari\/","og_locale":"fi_FI","og_type":"article","og_title":"Valkoiset V\u00e4liaikaiset Tatuoinnit Unisieppari","og_description":"Valkoiset V\u00e4liaikaiset Tatuoinnit \"Unisieppari\". Valkoiset tatuoinnit erottuvat ja kiinnitt\u00e4v\u00e4t huomion. Todella siisti\u00e4, jos saamme sanoa niin itse. Tatuoinnit levitet\u00e4\u00e4n vedell\u00e4 ja ne on helppo pest\u00e4 pois. Kaikki Like Inkin tatuoinnit ovat allergiayst\u00e4v\u00e4llisi\u00e4 ja laadukkaita! Osta valkoiset v\u00e4liaikaiset tatuoinnit unisiepparilla. Arkin koko: A5 Valkoisten tatuointien m\u00e4\u00e4r\u00e4: 10 Tatuointien koko: 30-120mm","og_url":"https:\/\/likeink.com\/fi\/siirtotatuoinnit\/valkoiset-valiaikaiset-tatuoinnit-unisieppari\/","og_site_name":"Like ink","article_publisher":"https:\/\/www.facebook.com\/LikeInkSe","article_modified_time":"2026-03-17T12:34:42+00:00","og_image":[{"width":1556,"height":1090,"url":"https:\/\/likeink.com\/wp-content\/uploads\/2024\/05\/Tattoo-white-YHB-white-003.jpg","type":"image\/jpeg"}],"twitter_card":"summary_large_image","twitter_misc":{"Arvioitu lukuaika":"1 minuutti"},"schema":{"@context":"https:\/\/schema.org","@graph":[{"@type":"WebPage","@id":"https:\/\/likeink.com\/fi\/siirtotatuoinnit\/valkoiset-valiaikaiset-tatuoinnit-unisieppari\/","url":"https:\/\/likeink.com\/fi\/siirtotatuoinnit\/valkoiset-valiaikaiset-tatuoinnit-unisieppari\/","name":"Valkoiset V\u00e4liaikaiset Tatuoinnit Unisieppari - Like ink","isPartOf":{"@id":"https:\/\/likeink.com\/fi\/#website"},"primaryImageOfPage":{"@id":"https:\/\/likeink.com\/fi\/siirtotatuoinnit\/valkoiset-valiaikaiset-tatuoinnit-unisieppari\/#primaryimage"},"image":{"@id":"https:\/\/likeink.com\/fi\/siirtotatuoinnit\/valkoiset-valiaikaiset-tatuoinnit-unisieppari\/#primaryimage"},"thumbnailUrl":"https:\/\/likeink.com\/wp-content\/uploads\/2024\/05\/Tattoo-white-YHB-white-003.jpg","datePublished":"2024-06-03T13:40:10+00:00","dateModified":"2026-03-17T12:34:42+00:00","description":"Valkoiset V\u00e4liaikaiset Tatuoinnit, joissa on muun muassa Unisieppari. Valkoiset tatuoinnit erottuvat ja antavat ainutlaatuisen ilmeen ihonv\u00e4rist\u00e4 riippumatta","breadcrumb":{"@id":"https:\/\/likeink.com\/fi\/siirtotatuoinnit\/valkoiset-valiaikaiset-tatuoinnit-unisieppari\/#breadcrumb"},"inLanguage":"fi","potentialAction":[{"@type":"ReadAction","target":["https:\/\/likeink.com\/fi\/siirtotatuoinnit\/valkoiset-valiaikaiset-tatuoinnit-unisieppari\/"]}]},{"@type":"ImageObject","inLanguage":"fi","@id":"https:\/\/likeink.com\/fi\/siirtotatuoinnit\/valkoiset-valiaikaiset-tatuoinnit-unisieppari\/#primaryimage","url":"https:\/\/likeink.com\/wp-content\/uploads\/2024\/05\/Tattoo-white-YHB-white-003.jpg","contentUrl":"https:\/\/likeink.com\/wp-content\/uploads\/2024\/05\/Tattoo-white-YHB-white-003.jpg","width":1556,"height":1090,"caption":"Valkoiset siirtokuvatatuoinnit."},{"@type":"BreadcrumbList","@id":"https:\/\/likeink.com\/fi\/siirtotatuoinnit\/valkoiset-valiaikaiset-tatuoinnit-unisieppari\/#breadcrumb","itemListElement":[{"@type":"ListItem","position":1,"name":"Hem","item":"https:\/\/likeink.com\/fi\/"},{"@type":"ListItem","position":2,"name":"Shop","item":"https:\/\/likeink.com\/fi\/shop\/"},{"@type":"ListItem","position":3,"name":"Valkoiset V\u00e4liaikaiset Tatuoinnit Unisieppari"}]},{"@type":"WebSite","@id":"https:\/\/likeink.com\/fi\/#website","url":"https:\/\/likeink.com\/fi\/","name":"Like ink","description":"Make your own custom design","potentialAction":[{"@type":"SearchAction","target":{"@type":"EntryPoint","urlTemplate":"https:\/\/likeink.com\/fi\/?s={search_term_string}"},"query-input":{"@type":"PropertyValueSpecification","valueRequired":true,"valueName":"search_term_string"}}],"inLanguage":"fi"}]}},"_links":{"self":[{"href":"https:\/\/likeink.com\/fi\/wp-json\/wp\/v2\/product\/28317","targetHints":{"allow":["GET"]}}],"collection":[{"href":"https:\/\/likeink.com\/fi\/wp-json\/wp\/v2\/product"}],"about":[{"href":"https:\/\/likeink.com\/fi\/wp-json\/wp\/v2\/types\/product"}],"wp:featuredmedia":[{"embeddable":true,"href":"https:\/\/likeink.com\/fi\/wp-json\/wp\/v2\/media\/28056"}],"wp:attachment":[{"href":"https:\/\/likeink.com\/fi\/wp-json\/wp\/v2\/media?parent=28317"}],"wp:term":[{"taxonomy":"product_brand","embeddable":true,"href":"https:\/\/likeink.com\/fi\/wp-json\/wp\/v2\/product_brand?post=28317"},{"taxonomy":"product_cat","embeddable":true,"href":"https:\/\/likeink.com\/fi\/wp-json\/wp\/v2\/product_cat?post=28317"},{"taxonomy":"product_tag","embeddable":true,"href":"https:\/\/likeink.com\/fi\/wp-json\/wp\/v2\/product_tag?post=28317"}],"curies":[{"name":"wp","href":"https:\/\/api.w.org\/{rel}","templated":true}]}}