{"id":28467,"date":"2024-06-04T15:14:24","date_gmt":"2024-06-04T15:14:24","guid":{"rendered":"https:\/\/likeink.se\/gnuggis\/vita-fake-tatueringar-uggla\/"},"modified":"2026-03-17T12:34:42","modified_gmt":"2026-03-17T12:34:42","slug":"valkoiset-feikki-tatuoinnit-pollo","status":"publish","type":"product","link":"https:\/\/likeink.com\/fi\/siirtotatuoinnit\/valkoiset-feikki-tatuoinnit-pollo\/","title":{"rendered":"Valkoiset Feikki Tatuoinnit P\u00f6ll\u00f6"},"content":{"rendered":"","protected":false},"excerpt":{"rendered":"<p>Valkoiset Feikki Tatuoinnit: Koe valkoiset feikki tatuointimme, joissa on upea p\u00f6ll\u00f6, h\u00f6yheni\u00e4 ja kauniita kuvioita. N\u00e4iss\u00e4 tatuoinneissa on hienot, ohuet linjat, jotka luovat hienovaraisen mutta huomiota her\u00e4tt\u00e4v\u00e4n ilmeen, joka sopii kaikille ihons\u00e4vyille. Tatuointimme on helppo kiinnitt\u00e4\u00e4 vedell\u00e4 ja ne on helppo pest\u00e4 pois. Lis\u00e4ksi ne ovat turvallisia ja allergiayst\u00e4v\u00e4llisi\u00e4, mik\u00e4 tekee niist\u00e4 sopivia sek\u00e4 aikuisille ett\u00e4 lapsille. Anna tyylillesi ainutlaatuinen s\u00e4v\u00e4ys korkealaatuisilla valkoisilla feikki tatuoinneillamme!<\/p>\n<h2>Osta valkoiset feikki tatuoinnit yksityiskohtaisilla ja ainutlaatuisilla kuvioilla.<\/h2>\n<p><strong>Arkin koko:<\/strong> A5<br \/>\n<strong>Tatuointien m\u00e4\u00e4r\u00e4:<\/strong> 13<br \/>\n<strong>Tatuointien koot:<\/strong> 30-190mm<\/p>\n","protected":false},"featured_media":28063,"template":"","meta":[],"product_brand":[],"product_cat":[209,216,219,51],"product_tag":[],"class_list":{"0":"post-28467","1":"product","2":"type-product","3":"status-publish","4":"has-post-thumbnail","6":"product_cat-elainten-ja-luonnon-tatuoinnit-kukkatatuointi","7":"product_cat-jooga-tatuointi","8":"product_cat-muut-tatuoinnit","9":"product_cat-valmiit-arkit","11":"first","12":"instock","13":"taxable","14":"shipping-taxable","15":"purchasable","16":"product-type-simple"},"yoast_head":"<!-- This site is optimized with the Yoast SEO Premium plugin v26.2 (Yoast SEO v27.4) - https:\/\/yoast.com\/product\/yoast-seo-premium-wordpress\/ -->\n<title>Valkoiset Feikki Tatuoinnit P\u00f6ll\u00f6 - Like ink<\/title>\n<meta name=\"description\" content=\"Valkoiset feikki tatuoinnit tyylikk\u00e4ill\u00e4, yksityiskohtaisilla kuvioilla. Valkoiset tatuoinnit erottuvat ja n\u00e4ytt\u00e4v\u00e4t aidoilta. Nopea toimitus! - Like ink\" \/>\n<meta name=\"robots\" content=\"index, follow, max-snippet:-1, max-image-preview:large, max-video-preview:-1\" \/>\n<link rel=\"canonical\" href=\"https:\/\/likeink.com\/fi\/siirtotatuoinnit\/valkoiset-feikki-tatuoinnit-pollo\/\" \/>\n<meta property=\"og:locale\" content=\"fi_FI\" \/>\n<meta property=\"og:type\" content=\"article\" \/>\n<meta property=\"og:title\" content=\"Valkoiset Feikki Tatuoinnit P\u00f6ll\u00f6\" \/>\n<meta property=\"og:description\" content=\"Valkoiset Feikki Tatuoinnit: Koe valkoiset feikki tatuointimme, joissa on upea p\u00f6ll\u00f6, h\u00f6yheni\u00e4 ja kauniita kuvioita. N\u00e4iss\u00e4 tatuoinneissa on hienot, ohuet linjat, jotka luovat hienovaraisen mutta huomiota her\u00e4tt\u00e4v\u00e4n ilmeen, joka sopii kaikille ihons\u00e4vyille. Tatuointimme on helppo kiinnitt\u00e4\u00e4 vedell\u00e4 ja ne on helppo pest\u00e4 pois. Lis\u00e4ksi ne ovat turvallisia ja allergiayst\u00e4v\u00e4llisi\u00e4, mik\u00e4 tekee niist\u00e4 sopivia sek\u00e4 aikuisille ett\u00e4 lapsille. Anna tyylillesi ainutlaatuinen s\u00e4v\u00e4ys korkealaatuisilla valkoisilla feikki tatuoinneillamme! Osta valkoiset feikki tatuoinnit yksityiskohtaisilla ja ainutlaatuisilla kuvioilla. Arkin koko: A5 Tatuointien m\u00e4\u00e4r\u00e4: 13 Tatuointien koot: 30-190mm\" \/>\n<meta property=\"og:url\" content=\"https:\/\/likeink.com\/fi\/siirtotatuoinnit\/valkoiset-feikki-tatuoinnit-pollo\/\" \/>\n<meta property=\"og:site_name\" content=\"Like ink\" \/>\n<meta property=\"article:publisher\" content=\"https:\/\/www.facebook.com\/LikeInkSe\" \/>\n<meta property=\"article:modified_time\" content=\"2026-03-17T12:34:42+00:00\" \/>\n<meta property=\"og:image\" content=\"https:\/\/likeink.com\/wp-content\/uploads\/2024\/05\/Vita-tatueringar-YHB-white-005-e1716899000253.jpg\" \/>\n\t<meta property=\"og:image:width\" content=\"1552\" \/>\n\t<meta property=\"og:image:height\" content=\"1088\" \/>\n\t<meta property=\"og:image:type\" content=\"image\/jpeg\" \/>\n<meta name=\"twitter:card\" content=\"summary_large_image\" \/>\n<meta name=\"twitter:label1\" content=\"Arvioitu lukuaika\" \/>\n\t<meta name=\"twitter:data1\" content=\"1 minuutti\" \/>\n<script type=\"application\/ld+json\" class=\"yoast-schema-graph\">{\"@context\":\"https:\\\/\\\/schema.org\",\"@graph\":[{\"@type\":\"WebPage\",\"@id\":\"https:\\\/\\\/likeink.com\\\/fi\\\/siirtotatuoinnit\\\/valkoiset-feikki-tatuoinnit-pollo\\\/\",\"url\":\"https:\\\/\\\/likeink.com\\\/fi\\\/siirtotatuoinnit\\\/valkoiset-feikki-tatuoinnit-pollo\\\/\",\"name\":\"Valkoiset Feikki Tatuoinnit P\u00f6ll\u00f6 - Like ink\",\"isPartOf\":{\"@id\":\"https:\\\/\\\/likeink.com\\\/fi\\\/#website\"},\"primaryImageOfPage\":{\"@id\":\"https:\\\/\\\/likeink.com\\\/fi\\\/siirtotatuoinnit\\\/valkoiset-feikki-tatuoinnit-pollo\\\/#primaryimage\"},\"image\":{\"@id\":\"https:\\\/\\\/likeink.com\\\/fi\\\/siirtotatuoinnit\\\/valkoiset-feikki-tatuoinnit-pollo\\\/#primaryimage\"},\"thumbnailUrl\":\"https:\\\/\\\/likeink.com\\\/wp-content\\\/uploads\\\/2024\\\/05\\\/Vita-tatueringar-YHB-white-005-e1716899000253.jpg\",\"datePublished\":\"2024-06-04T15:14:24+00:00\",\"dateModified\":\"2026-03-17T12:34:42+00:00\",\"description\":\"Valkoiset feikki tatuoinnit tyylikk\u00e4ill\u00e4, yksityiskohtaisilla kuvioilla. Valkoiset tatuoinnit erottuvat ja n\u00e4ytt\u00e4v\u00e4t aidoilta. Nopea toimitus! - Like ink\",\"breadcrumb\":{\"@id\":\"https:\\\/\\\/likeink.com\\\/fi\\\/siirtotatuoinnit\\\/valkoiset-feikki-tatuoinnit-pollo\\\/#breadcrumb\"},\"inLanguage\":\"fi\",\"potentialAction\":[{\"@type\":\"ReadAction\",\"target\":[\"https:\\\/\\\/likeink.com\\\/fi\\\/siirtotatuoinnit\\\/valkoiset-feikki-tatuoinnit-pollo\\\/\"]}]},{\"@type\":\"ImageObject\",\"inLanguage\":\"fi\",\"@id\":\"https:\\\/\\\/likeink.com\\\/fi\\\/siirtotatuoinnit\\\/valkoiset-feikki-tatuoinnit-pollo\\\/#primaryimage\",\"url\":\"https:\\\/\\\/likeink.com\\\/wp-content\\\/uploads\\\/2024\\\/05\\\/Vita-tatueringar-YHB-white-005-e1716899000253.jpg\",\"contentUrl\":\"https:\\\/\\\/likeink.com\\\/wp-content\\\/uploads\\\/2024\\\/05\\\/Vita-tatueringar-YHB-white-005-e1716899000253.jpg\",\"width\":1552,\"height\":1088,\"caption\":\"Valkoiset feikki tatuoinnit.\"},{\"@type\":\"BreadcrumbList\",\"@id\":\"https:\\\/\\\/likeink.com\\\/fi\\\/siirtotatuoinnit\\\/valkoiset-feikki-tatuoinnit-pollo\\\/#breadcrumb\",\"itemListElement\":[{\"@type\":\"ListItem\",\"position\":1,\"name\":\"Hem\",\"item\":\"https:\\\/\\\/likeink.com\\\/fi\\\/\"},{\"@type\":\"ListItem\",\"position\":2,\"name\":\"Shop\",\"item\":\"https:\\\/\\\/likeink.com\\\/fi\\\/shop\\\/\"},{\"@type\":\"ListItem\",\"position\":3,\"name\":\"Valkoiset Feikki Tatuoinnit P\u00f6ll\u00f6\"}]},{\"@type\":\"WebSite\",\"@id\":\"https:\\\/\\\/likeink.com\\\/fi\\\/#website\",\"url\":\"https:\\\/\\\/likeink.com\\\/fi\\\/\",\"name\":\"Like ink\",\"description\":\"Make your own custom design\",\"potentialAction\":[{\"@type\":\"SearchAction\",\"target\":{\"@type\":\"EntryPoint\",\"urlTemplate\":\"https:\\\/\\\/likeink.com\\\/fi\\\/?s={search_term_string}\"},\"query-input\":{\"@type\":\"PropertyValueSpecification\",\"valueRequired\":true,\"valueName\":\"search_term_string\"}}],\"inLanguage\":\"fi\"}]}<\/script>\n<!-- \/ Yoast SEO Premium plugin. -->","yoast_head_json":{"title":"Valkoiset Feikki Tatuoinnit P\u00f6ll\u00f6 - Like ink","description":"Valkoiset feikki tatuoinnit tyylikk\u00e4ill\u00e4, yksityiskohtaisilla kuvioilla. Valkoiset tatuoinnit erottuvat ja n\u00e4ytt\u00e4v\u00e4t aidoilta. Nopea toimitus! - Like ink","robots":{"index":"index","follow":"follow","max-snippet":"max-snippet:-1","max-image-preview":"max-image-preview:large","max-video-preview":"max-video-preview:-1"},"canonical":"https:\/\/likeink.com\/fi\/siirtotatuoinnit\/valkoiset-feikki-tatuoinnit-pollo\/","og_locale":"fi_FI","og_type":"article","og_title":"Valkoiset Feikki Tatuoinnit P\u00f6ll\u00f6","og_description":"Valkoiset Feikki Tatuoinnit: Koe valkoiset feikki tatuointimme, joissa on upea p\u00f6ll\u00f6, h\u00f6yheni\u00e4 ja kauniita kuvioita. N\u00e4iss\u00e4 tatuoinneissa on hienot, ohuet linjat, jotka luovat hienovaraisen mutta huomiota her\u00e4tt\u00e4v\u00e4n ilmeen, joka sopii kaikille ihons\u00e4vyille. Tatuointimme on helppo kiinnitt\u00e4\u00e4 vedell\u00e4 ja ne on helppo pest\u00e4 pois. Lis\u00e4ksi ne ovat turvallisia ja allergiayst\u00e4v\u00e4llisi\u00e4, mik\u00e4 tekee niist\u00e4 sopivia sek\u00e4 aikuisille ett\u00e4 lapsille. Anna tyylillesi ainutlaatuinen s\u00e4v\u00e4ys korkealaatuisilla valkoisilla feikki tatuoinneillamme! Osta valkoiset feikki tatuoinnit yksityiskohtaisilla ja ainutlaatuisilla kuvioilla. Arkin koko: A5 Tatuointien m\u00e4\u00e4r\u00e4: 13 Tatuointien koot: 30-190mm","og_url":"https:\/\/likeink.com\/fi\/siirtotatuoinnit\/valkoiset-feikki-tatuoinnit-pollo\/","og_site_name":"Like ink","article_publisher":"https:\/\/www.facebook.com\/LikeInkSe","article_modified_time":"2026-03-17T12:34:42+00:00","og_image":[{"width":1552,"height":1088,"url":"https:\/\/likeink.com\/wp-content\/uploads\/2024\/05\/Vita-tatueringar-YHB-white-005-e1716899000253.jpg","type":"image\/jpeg"}],"twitter_card":"summary_large_image","twitter_misc":{"Arvioitu lukuaika":"1 minuutti"},"schema":{"@context":"https:\/\/schema.org","@graph":[{"@type":"WebPage","@id":"https:\/\/likeink.com\/fi\/siirtotatuoinnit\/valkoiset-feikki-tatuoinnit-pollo\/","url":"https:\/\/likeink.com\/fi\/siirtotatuoinnit\/valkoiset-feikki-tatuoinnit-pollo\/","name":"Valkoiset Feikki Tatuoinnit P\u00f6ll\u00f6 - Like ink","isPartOf":{"@id":"https:\/\/likeink.com\/fi\/#website"},"primaryImageOfPage":{"@id":"https:\/\/likeink.com\/fi\/siirtotatuoinnit\/valkoiset-feikki-tatuoinnit-pollo\/#primaryimage"},"image":{"@id":"https:\/\/likeink.com\/fi\/siirtotatuoinnit\/valkoiset-feikki-tatuoinnit-pollo\/#primaryimage"},"thumbnailUrl":"https:\/\/likeink.com\/wp-content\/uploads\/2024\/05\/Vita-tatueringar-YHB-white-005-e1716899000253.jpg","datePublished":"2024-06-04T15:14:24+00:00","dateModified":"2026-03-17T12:34:42+00:00","description":"Valkoiset feikki tatuoinnit tyylikk\u00e4ill\u00e4, yksityiskohtaisilla kuvioilla. Valkoiset tatuoinnit erottuvat ja n\u00e4ytt\u00e4v\u00e4t aidoilta. Nopea toimitus! - Like ink","breadcrumb":{"@id":"https:\/\/likeink.com\/fi\/siirtotatuoinnit\/valkoiset-feikki-tatuoinnit-pollo\/#breadcrumb"},"inLanguage":"fi","potentialAction":[{"@type":"ReadAction","target":["https:\/\/likeink.com\/fi\/siirtotatuoinnit\/valkoiset-feikki-tatuoinnit-pollo\/"]}]},{"@type":"ImageObject","inLanguage":"fi","@id":"https:\/\/likeink.com\/fi\/siirtotatuoinnit\/valkoiset-feikki-tatuoinnit-pollo\/#primaryimage","url":"https:\/\/likeink.com\/wp-content\/uploads\/2024\/05\/Vita-tatueringar-YHB-white-005-e1716899000253.jpg","contentUrl":"https:\/\/likeink.com\/wp-content\/uploads\/2024\/05\/Vita-tatueringar-YHB-white-005-e1716899000253.jpg","width":1552,"height":1088,"caption":"Valkoiset feikki tatuoinnit."},{"@type":"BreadcrumbList","@id":"https:\/\/likeink.com\/fi\/siirtotatuoinnit\/valkoiset-feikki-tatuoinnit-pollo\/#breadcrumb","itemListElement":[{"@type":"ListItem","position":1,"name":"Hem","item":"https:\/\/likeink.com\/fi\/"},{"@type":"ListItem","position":2,"name":"Shop","item":"https:\/\/likeink.com\/fi\/shop\/"},{"@type":"ListItem","position":3,"name":"Valkoiset Feikki Tatuoinnit P\u00f6ll\u00f6"}]},{"@type":"WebSite","@id":"https:\/\/likeink.com\/fi\/#website","url":"https:\/\/likeink.com\/fi\/","name":"Like ink","description":"Make your own custom design","potentialAction":[{"@type":"SearchAction","target":{"@type":"EntryPoint","urlTemplate":"https:\/\/likeink.com\/fi\/?s={search_term_string}"},"query-input":{"@type":"PropertyValueSpecification","valueRequired":true,"valueName":"search_term_string"}}],"inLanguage":"fi"}]}},"_links":{"self":[{"href":"https:\/\/likeink.com\/fi\/wp-json\/wp\/v2\/product\/28467","targetHints":{"allow":["GET"]}}],"collection":[{"href":"https:\/\/likeink.com\/fi\/wp-json\/wp\/v2\/product"}],"about":[{"href":"https:\/\/likeink.com\/fi\/wp-json\/wp\/v2\/types\/product"}],"wp:featuredmedia":[{"embeddable":true,"href":"https:\/\/likeink.com\/fi\/wp-json\/wp\/v2\/media\/28063"}],"wp:attachment":[{"href":"https:\/\/likeink.com\/fi\/wp-json\/wp\/v2\/media?parent=28467"}],"wp:term":[{"taxonomy":"product_brand","embeddable":true,"href":"https:\/\/likeink.com\/fi\/wp-json\/wp\/v2\/product_brand?post=28467"},{"taxonomy":"product_cat","embeddable":true,"href":"https:\/\/likeink.com\/fi\/wp-json\/wp\/v2\/product_cat?post=28467"},{"taxonomy":"product_tag","embeddable":true,"href":"https:\/\/likeink.com\/fi\/wp-json\/wp\/v2\/product_tag?post=28467"}],"curies":[{"name":"wp","href":"https:\/\/api.w.org\/{rel}","templated":true}]}}