{"id":28801,"date":"2024-06-08T12:37:20","date_gmt":"2024-06-08T12:37:21","guid":{"rendered":"https:\/\/likeink.se\/?post_type=product&#038;p=28801"},"modified":"2026-03-17T12:35:14","modified_gmt":"2026-03-17T12:35:14","slug":"kultafolio-valiaikaiset-tatuoinnit","status":"publish","type":"product","link":"https:\/\/likeink.com\/fi\/siirtotatuoinnit\/kultafolio-valiaikaiset-tatuoinnit\/","title":{"rendered":"Kultafolio V\u00e4liaikaiset Tatuoinnit"},"content":{"rendered":"","protected":false},"excerpt":{"rendered":"<p>Tutustu Like Inkin eksklusiivisiin Kultafolio V\u00e4liaikaisiin Tatuointeihin mustana, hopeana ja kultaisena, jotka tunnetaan my\u00f6s v\u00e4liaikaisina tatuointeina ja metallisina tatuointeina. N\u00e4m\u00e4 korkealaatuiset tatuoinnit antavat ylellisen ja kiilt\u00e4v\u00e4n lopputuloksen, joka varmasti kiinnitt\u00e4\u00e4 huomion. Tyylikk\u00e4it\u00e4 malleja, kuten rannekoruja, ketjuja, h\u00f6yheni\u00e4, ananaksia ja lehtitatuointeja.<\/p>\n<h2>Osta laadukkaita Kultafolio Tatuointeja Like Inkilt\u00e4.<\/h2>\n<p>Tatuointimme ovat allergiayst\u00e4v\u00e4llisi\u00e4 ja turvallisia kaikille ihotyypeille. Ne ovat helppoja kiinnitt\u00e4\u00e4 vedell\u00e4 ja kest\u00e4v\u00e4t useita p\u00e4ivi\u00e4, mik\u00e4 tekee niist\u00e4 t\u00e4ydellisi\u00e4 juhliin, festivaaleille, rantap\u00e4iviin tai vain hauskaksi lis\u00e4varusteeksi arkip\u00e4iv\u00e4n tyyliisi.<br \/>\nKulta- ja hopeafoliotatuointimme ovat korkealaatuisia, allergiayst\u00e4v\u00e4llisi\u00e4, helppoja kiinnitt\u00e4\u00e4 ja kest\u00e4v\u00e4t useita p\u00e4ivi\u00e4.<\/p>\n<p>Anna tyylillesi s\u00e4ihkyv\u00e4 p\u00e4ivitys v\u00e4liaikaisilla metallisilla tatuoinneillamme!<\/p>\n<p><strong>Arkin koko:<\/strong> A6<br \/>\n<strong>Suurin rusetti-tatuointi:<\/strong> 1-20 cm<\/p>\n","protected":false},"featured_media":28021,"template":"","meta":[],"product_brand":[],"product_cat":[219,51],"product_tag":[],"class_list":{"0":"post-28801","1":"product","2":"type-product","3":"status-publish","4":"has-post-thumbnail","6":"product_cat-muut-tatuoinnit","7":"product_cat-valmiit-arkit","9":"first","10":"instock","11":"taxable","12":"shipping-taxable","13":"purchasable","14":"product-type-simple"},"yoast_head":"<!-- This site is optimized with the Yoast SEO Premium plugin v26.2 (Yoast SEO v27.4) - https:\/\/yoast.com\/product\/yoast-seo-premium-wordpress\/ -->\n<title>Kultafolio V\u00e4liaikaiset Tatuoinnit - Like ink<\/title>\n<meta name=\"description\" content=\"Kultafolio V\u00e4liaikaiset Tatuoinnit kullassa, hopeassa ja mustassa A6-arkeilla. Tilaa tyylikk\u00e4it\u00e4 tatuointeja kulta- ja hopeamateriaalista t\u00e4n\u00e4\u00e4n. - Like ink\" \/>\n<meta name=\"robots\" content=\"index, follow, max-snippet:-1, max-image-preview:large, max-video-preview:-1\" \/>\n<link rel=\"canonical\" href=\"https:\/\/likeink.com\/fi\/siirtotatuoinnit\/kultafolio-valiaikaiset-tatuoinnit\/\" \/>\n<meta property=\"og:locale\" content=\"fi_FI\" \/>\n<meta property=\"og:type\" content=\"article\" \/>\n<meta property=\"og:title\" content=\"Kultafolio V\u00e4liaikaiset Tatuoinnit\" \/>\n<meta property=\"og:description\" content=\"Tutustu Like Inkin eksklusiivisiin Kultafolio V\u00e4liaikaisiin Tatuointeihin mustana, hopeana ja kultaisena, jotka tunnetaan my\u00f6s v\u00e4liaikaisina tatuointeina ja metallisina tatuointeina. N\u00e4m\u00e4 korkealaatuiset tatuoinnit antavat ylellisen ja kiilt\u00e4v\u00e4n lopputuloksen, joka varmasti kiinnitt\u00e4\u00e4 huomion. Tyylikk\u00e4it\u00e4 malleja, kuten rannekoruja, ketjuja, h\u00f6yheni\u00e4, ananaksia ja lehtitatuointeja. Osta laadukkaita Kultafolio Tatuointeja Like Inkilt\u00e4. Tatuointimme ovat allergiayst\u00e4v\u00e4llisi\u00e4 ja turvallisia kaikille ihotyypeille. Ne ovat helppoja kiinnitt\u00e4\u00e4 vedell\u00e4 ja kest\u00e4v\u00e4t useita p\u00e4ivi\u00e4, mik\u00e4 tekee niist\u00e4 t\u00e4ydellisi\u00e4 juhliin, festivaaleille, rantap\u00e4iviin tai vain hauskaksi lis\u00e4varusteeksi arkip\u00e4iv\u00e4n tyyliisi. Kulta- ja hopeafoliotatuointimme ovat korkealaatuisia, allergiayst\u00e4v\u00e4llisi\u00e4, helppoja kiinnitt\u00e4\u00e4 ja kest\u00e4v\u00e4t useita p\u00e4ivi\u00e4.  Anna tyylillesi s\u00e4ihkyv\u00e4 p\u00e4ivitys v\u00e4liaikaisilla metallisilla tatuoinneillamme!  Arkin koko: A6 Suurin rusetti-tatuointi: 1-20 cm\" \/>\n<meta property=\"og:url\" content=\"https:\/\/likeink.com\/fi\/siirtotatuoinnit\/kultafolio-valiaikaiset-tatuoinnit\/\" \/>\n<meta property=\"og:site_name\" content=\"Like ink\" \/>\n<meta property=\"article:publisher\" content=\"https:\/\/www.facebook.com\/LikeInkSe\" \/>\n<meta property=\"article:modified_time\" content=\"2026-03-17T12:35:14+00:00\" \/>\n<meta property=\"og:image\" content=\"https:\/\/likeink.com\/wp-content\/uploads\/2024\/05\/GoldTattoo-MT-008.jpg\" \/>\n\t<meta property=\"og:image:width\" content=\"726\" \/>\n\t<meta property=\"og:image:height\" content=\"353\" \/>\n\t<meta property=\"og:image:type\" content=\"image\/jpeg\" \/>\n<meta name=\"twitter:card\" content=\"summary_large_image\" \/>\n<meta name=\"twitter:label1\" content=\"Arvioitu lukuaika\" \/>\n\t<meta name=\"twitter:data1\" content=\"1 minuutti\" \/>\n<script type=\"application\/ld+json\" class=\"yoast-schema-graph\">{\"@context\":\"https:\\\/\\\/schema.org\",\"@graph\":[{\"@type\":\"WebPage\",\"@id\":\"https:\\\/\\\/likeink.com\\\/fi\\\/siirtotatuoinnit\\\/kultafolio-valiaikaiset-tatuoinnit\\\/\",\"url\":\"https:\\\/\\\/likeink.com\\\/fi\\\/siirtotatuoinnit\\\/kultafolio-valiaikaiset-tatuoinnit\\\/\",\"name\":\"Kultafolio V\u00e4liaikaiset Tatuoinnit - Like ink\",\"isPartOf\":{\"@id\":\"https:\\\/\\\/likeink.com\\\/fi\\\/#website\"},\"primaryImageOfPage\":{\"@id\":\"https:\\\/\\\/likeink.com\\\/fi\\\/siirtotatuoinnit\\\/kultafolio-valiaikaiset-tatuoinnit\\\/#primaryimage\"},\"image\":{\"@id\":\"https:\\\/\\\/likeink.com\\\/fi\\\/siirtotatuoinnit\\\/kultafolio-valiaikaiset-tatuoinnit\\\/#primaryimage\"},\"thumbnailUrl\":\"https:\\\/\\\/likeink.com\\\/wp-content\\\/uploads\\\/2024\\\/05\\\/GoldTattoo-MT-008.jpg\",\"datePublished\":\"2024-06-08T12:37:21+00:00\",\"dateModified\":\"2026-03-17T12:35:14+00:00\",\"description\":\"Kultafolio V\u00e4liaikaiset Tatuoinnit kullassa, hopeassa ja mustassa A6-arkeilla. Tilaa tyylikk\u00e4it\u00e4 tatuointeja kulta- ja hopeamateriaalista t\u00e4n\u00e4\u00e4n. - Like ink\",\"breadcrumb\":{\"@id\":\"https:\\\/\\\/likeink.com\\\/fi\\\/siirtotatuoinnit\\\/kultafolio-valiaikaiset-tatuoinnit\\\/#breadcrumb\"},\"inLanguage\":\"fi\",\"potentialAction\":[{\"@type\":\"ReadAction\",\"target\":[\"https:\\\/\\\/likeink.com\\\/fi\\\/siirtotatuoinnit\\\/kultafolio-valiaikaiset-tatuoinnit\\\/\"]}]},{\"@type\":\"ImageObject\",\"inLanguage\":\"fi\",\"@id\":\"https:\\\/\\\/likeink.com\\\/fi\\\/siirtotatuoinnit\\\/kultafolio-valiaikaiset-tatuoinnit\\\/#primaryimage\",\"url\":\"https:\\\/\\\/likeink.com\\\/wp-content\\\/uploads\\\/2024\\\/05\\\/GoldTattoo-MT-008.jpg\",\"contentUrl\":\"https:\\\/\\\/likeink.com\\\/wp-content\\\/uploads\\\/2024\\\/05\\\/GoldTattoo-MT-008.jpg\",\"width\":726,\"height\":353,\"caption\":\"Feikkitatuoinnit kullan ja hopean v\u00e4riss\u00e4.\"},{\"@type\":\"BreadcrumbList\",\"@id\":\"https:\\\/\\\/likeink.com\\\/fi\\\/siirtotatuoinnit\\\/kultafolio-valiaikaiset-tatuoinnit\\\/#breadcrumb\",\"itemListElement\":[{\"@type\":\"ListItem\",\"position\":1,\"name\":\"Hem\",\"item\":\"https:\\\/\\\/likeink.com\\\/fi\\\/\"},{\"@type\":\"ListItem\",\"position\":2,\"name\":\"Shop\",\"item\":\"https:\\\/\\\/likeink.com\\\/fi\\\/shop\\\/\"},{\"@type\":\"ListItem\",\"position\":3,\"name\":\"Kultafolio V\u00e4liaikaiset Tatuoinnit\"}]},{\"@type\":\"WebSite\",\"@id\":\"https:\\\/\\\/likeink.com\\\/fi\\\/#website\",\"url\":\"https:\\\/\\\/likeink.com\\\/fi\\\/\",\"name\":\"Like ink\",\"description\":\"Make your own custom design\",\"potentialAction\":[{\"@type\":\"SearchAction\",\"target\":{\"@type\":\"EntryPoint\",\"urlTemplate\":\"https:\\\/\\\/likeink.com\\\/fi\\\/?s={search_term_string}\"},\"query-input\":{\"@type\":\"PropertyValueSpecification\",\"valueRequired\":true,\"valueName\":\"search_term_string\"}}],\"inLanguage\":\"fi\"}]}<\/script>\n<!-- \/ Yoast SEO Premium plugin. -->","yoast_head_json":{"title":"Kultafolio V\u00e4liaikaiset Tatuoinnit - Like ink","description":"Kultafolio V\u00e4liaikaiset Tatuoinnit kullassa, hopeassa ja mustassa A6-arkeilla. Tilaa tyylikk\u00e4it\u00e4 tatuointeja kulta- ja hopeamateriaalista t\u00e4n\u00e4\u00e4n. - Like ink","robots":{"index":"index","follow":"follow","max-snippet":"max-snippet:-1","max-image-preview":"max-image-preview:large","max-video-preview":"max-video-preview:-1"},"canonical":"https:\/\/likeink.com\/fi\/siirtotatuoinnit\/kultafolio-valiaikaiset-tatuoinnit\/","og_locale":"fi_FI","og_type":"article","og_title":"Kultafolio V\u00e4liaikaiset Tatuoinnit","og_description":"Tutustu Like Inkin eksklusiivisiin Kultafolio V\u00e4liaikaisiin Tatuointeihin mustana, hopeana ja kultaisena, jotka tunnetaan my\u00f6s v\u00e4liaikaisina tatuointeina ja metallisina tatuointeina. N\u00e4m\u00e4 korkealaatuiset tatuoinnit antavat ylellisen ja kiilt\u00e4v\u00e4n lopputuloksen, joka varmasti kiinnitt\u00e4\u00e4 huomion. Tyylikk\u00e4it\u00e4 malleja, kuten rannekoruja, ketjuja, h\u00f6yheni\u00e4, ananaksia ja lehtitatuointeja. Osta laadukkaita Kultafolio Tatuointeja Like Inkilt\u00e4. Tatuointimme ovat allergiayst\u00e4v\u00e4llisi\u00e4 ja turvallisia kaikille ihotyypeille. Ne ovat helppoja kiinnitt\u00e4\u00e4 vedell\u00e4 ja kest\u00e4v\u00e4t useita p\u00e4ivi\u00e4, mik\u00e4 tekee niist\u00e4 t\u00e4ydellisi\u00e4 juhliin, festivaaleille, rantap\u00e4iviin tai vain hauskaksi lis\u00e4varusteeksi arkip\u00e4iv\u00e4n tyyliisi. Kulta- ja hopeafoliotatuointimme ovat korkealaatuisia, allergiayst\u00e4v\u00e4llisi\u00e4, helppoja kiinnitt\u00e4\u00e4 ja kest\u00e4v\u00e4t useita p\u00e4ivi\u00e4.  Anna tyylillesi s\u00e4ihkyv\u00e4 p\u00e4ivitys v\u00e4liaikaisilla metallisilla tatuoinneillamme!  Arkin koko: A6 Suurin rusetti-tatuointi: 1-20 cm","og_url":"https:\/\/likeink.com\/fi\/siirtotatuoinnit\/kultafolio-valiaikaiset-tatuoinnit\/","og_site_name":"Like ink","article_publisher":"https:\/\/www.facebook.com\/LikeInkSe","article_modified_time":"2026-03-17T12:35:14+00:00","og_image":[{"width":726,"height":353,"url":"https:\/\/likeink.com\/wp-content\/uploads\/2024\/05\/GoldTattoo-MT-008.jpg","type":"image\/jpeg"}],"twitter_card":"summary_large_image","twitter_misc":{"Arvioitu lukuaika":"1 minuutti"},"schema":{"@context":"https:\/\/schema.org","@graph":[{"@type":"WebPage","@id":"https:\/\/likeink.com\/fi\/siirtotatuoinnit\/kultafolio-valiaikaiset-tatuoinnit\/","url":"https:\/\/likeink.com\/fi\/siirtotatuoinnit\/kultafolio-valiaikaiset-tatuoinnit\/","name":"Kultafolio V\u00e4liaikaiset Tatuoinnit - Like ink","isPartOf":{"@id":"https:\/\/likeink.com\/fi\/#website"},"primaryImageOfPage":{"@id":"https:\/\/likeink.com\/fi\/siirtotatuoinnit\/kultafolio-valiaikaiset-tatuoinnit\/#primaryimage"},"image":{"@id":"https:\/\/likeink.com\/fi\/siirtotatuoinnit\/kultafolio-valiaikaiset-tatuoinnit\/#primaryimage"},"thumbnailUrl":"https:\/\/likeink.com\/wp-content\/uploads\/2024\/05\/GoldTattoo-MT-008.jpg","datePublished":"2024-06-08T12:37:21+00:00","dateModified":"2026-03-17T12:35:14+00:00","description":"Kultafolio V\u00e4liaikaiset Tatuoinnit kullassa, hopeassa ja mustassa A6-arkeilla. Tilaa tyylikk\u00e4it\u00e4 tatuointeja kulta- ja hopeamateriaalista t\u00e4n\u00e4\u00e4n. - Like ink","breadcrumb":{"@id":"https:\/\/likeink.com\/fi\/siirtotatuoinnit\/kultafolio-valiaikaiset-tatuoinnit\/#breadcrumb"},"inLanguage":"fi","potentialAction":[{"@type":"ReadAction","target":["https:\/\/likeink.com\/fi\/siirtotatuoinnit\/kultafolio-valiaikaiset-tatuoinnit\/"]}]},{"@type":"ImageObject","inLanguage":"fi","@id":"https:\/\/likeink.com\/fi\/siirtotatuoinnit\/kultafolio-valiaikaiset-tatuoinnit\/#primaryimage","url":"https:\/\/likeink.com\/wp-content\/uploads\/2024\/05\/GoldTattoo-MT-008.jpg","contentUrl":"https:\/\/likeink.com\/wp-content\/uploads\/2024\/05\/GoldTattoo-MT-008.jpg","width":726,"height":353,"caption":"Feikkitatuoinnit kullan ja hopean v\u00e4riss\u00e4."},{"@type":"BreadcrumbList","@id":"https:\/\/likeink.com\/fi\/siirtotatuoinnit\/kultafolio-valiaikaiset-tatuoinnit\/#breadcrumb","itemListElement":[{"@type":"ListItem","position":1,"name":"Hem","item":"https:\/\/likeink.com\/fi\/"},{"@type":"ListItem","position":2,"name":"Shop","item":"https:\/\/likeink.com\/fi\/shop\/"},{"@type":"ListItem","position":3,"name":"Kultafolio V\u00e4liaikaiset Tatuoinnit"}]},{"@type":"WebSite","@id":"https:\/\/likeink.com\/fi\/#website","url":"https:\/\/likeink.com\/fi\/","name":"Like ink","description":"Make your own custom design","potentialAction":[{"@type":"SearchAction","target":{"@type":"EntryPoint","urlTemplate":"https:\/\/likeink.com\/fi\/?s={search_term_string}"},"query-input":{"@type":"PropertyValueSpecification","valueRequired":true,"valueName":"search_term_string"}}],"inLanguage":"fi"}]}},"_links":{"self":[{"href":"https:\/\/likeink.com\/fi\/wp-json\/wp\/v2\/product\/28801","targetHints":{"allow":["GET"]}}],"collection":[{"href":"https:\/\/likeink.com\/fi\/wp-json\/wp\/v2\/product"}],"about":[{"href":"https:\/\/likeink.com\/fi\/wp-json\/wp\/v2\/types\/product"}],"wp:featuredmedia":[{"embeddable":true,"href":"https:\/\/likeink.com\/fi\/wp-json\/wp\/v2\/media\/28021"}],"wp:attachment":[{"href":"https:\/\/likeink.com\/fi\/wp-json\/wp\/v2\/media?parent=28801"}],"wp:term":[{"taxonomy":"product_brand","embeddable":true,"href":"https:\/\/likeink.com\/fi\/wp-json\/wp\/v2\/product_brand?post=28801"},{"taxonomy":"product_cat","embeddable":true,"href":"https:\/\/likeink.com\/fi\/wp-json\/wp\/v2\/product_cat?post=28801"},{"taxonomy":"product_tag","embeddable":true,"href":"https:\/\/likeink.com\/fi\/wp-json\/wp\/v2\/product_tag?post=28801"}],"curies":[{"name":"wp","href":"https:\/\/api.w.org\/{rel}","templated":true}]}}