{"id":32429,"date":"2024-09-23T16:18:55","date_gmt":"2024-09-23T16:18:55","guid":{"rendered":"https:\/\/likeink.se\/gnuggis\/mel-c-tatueringar-a5\/"},"modified":"2026-03-17T12:35:14","modified_gmt":"2026-03-17T12:35:14","slug":"mel-c-tatuoinnit","status":"publish","type":"product","link":"https:\/\/likeink.com\/fi\/siirtotatuoinnit\/mel-c-tatuoinnit\/","title":{"rendered":"Mel C Tatuoinnit"},"content":{"rendered":"","protected":false},"excerpt":{"rendered":"<p>Melanie C, tunnetaan my\u00f6s nimell\u00e4 Sporty Spice Spice Girlsist\u00e4, on saanut useita tatuointeja, jotka heijastavat h\u00e4nen persoonallisuuttaan ja el\u00e4m\u00e4nmatkaansa. H\u00e4nen tunnetuimpiin tatuointeihinsa kuuluu risti k\u00e4dess\u00e4\u00e4n, heimokulttuurista inspiroitu rannekoru ja kiinalaiset merkit kehossa.<\/p>\n<h2>Hanki tatuointeja, jotka ovat inspiroituneet Spice Girls -t\u00e4hti Mel C:n oikeista tatuoinneista.<\/h2>\n<p> Tatuointimme ovat hypoallergeenisia ja turvallisia kaikille ihotyypeille. Ne on helppo kiinnitt\u00e4\u00e4 vedell\u00e4 ja ne kest\u00e4v\u00e4t useita p\u00e4ivi\u00e4, mik\u00e4 tekee niist\u00e4 t\u00e4ydellisi\u00e4 juhliin, festivaaleille ja naamiaisiin.<\/p>\n<p><strong>Arkkikoko:<\/strong> A5<br \/>\n<strong>Rannekkeen koko:<\/strong> 19 cm<\/p>\n","protected":false},"featured_media":32417,"template":"","meta":[],"product_brand":[],"product_cat":[206,218,51],"product_tag":[],"class_list":{"0":"post-32429","1":"product","2":"type-product","3":"status-publish","4":"has-post-thumbnail","6":"product_cat-halloween-tatuoinnit","7":"product_cat-hauskoja-tatuointeja","8":"product_cat-valmiit-arkit","10":"first","11":"instock","12":"taxable","13":"shipping-taxable","14":"purchasable","15":"product-type-simple"},"yoast_head":"<!-- This site is optimized with the Yoast SEO Premium plugin v26.2 (Yoast SEO v27.4) - https:\/\/yoast.com\/product\/yoast-seo-premium-wordpress\/ -->\n<title>Mel C Tatuoinnit A5 - Like ink<\/title>\n<meta name=\"description\" content=\"Mel C -tatuoinnit korkealaatuisina, t\u00e4ydelliset Spice Girls -t\u00e4hti Melanie Casuun. Nopea toimitus. - Like ink\" \/>\n<meta name=\"robots\" content=\"index, follow, max-snippet:-1, max-image-preview:large, max-video-preview:-1\" \/>\n<link rel=\"canonical\" href=\"https:\/\/likeink.com\/fi\/siirtotatuoinnit\/mel-c-tatuoinnit\/\" \/>\n<meta property=\"og:locale\" content=\"fi_FI\" \/>\n<meta property=\"og:type\" content=\"article\" \/>\n<meta property=\"og:title\" content=\"Mel C Tatuoinnit\" \/>\n<meta property=\"og:description\" content=\"Melanie C, tunnetaan my\u00f6s nimell\u00e4 Sporty Spice Spice Girlsist\u00e4, on saanut useita tatuointeja, jotka heijastavat h\u00e4nen persoonallisuuttaan ja el\u00e4m\u00e4nmatkaansa. H\u00e4nen tunnetuimpiin tatuointeihinsa kuuluu risti k\u00e4dess\u00e4\u00e4n, heimokulttuurista inspiroitu rannekoru ja kiinalaiset merkit kehossa.  Hanki tatuointeja, jotka ovat inspiroituneet Spice Girls -t\u00e4hti Mel C:n oikeista tatuoinneista. Tatuointimme ovat hypoallergeenisia ja turvallisia kaikille ihotyypeille. Ne on helppo kiinnitt\u00e4\u00e4 vedell\u00e4 ja ne kest\u00e4v\u00e4t useita p\u00e4ivi\u00e4, mik\u00e4 tekee niist\u00e4 t\u00e4ydellisi\u00e4 juhliin, festivaaleille ja naamiaisiin.  Arkkikoko: A5 Rannekkeen koko: 19 cm\" \/>\n<meta property=\"og:url\" content=\"https:\/\/likeink.com\/fi\/siirtotatuoinnit\/mel-c-tatuoinnit\/\" \/>\n<meta property=\"og:site_name\" content=\"Like ink\" \/>\n<meta property=\"article:publisher\" content=\"https:\/\/www.facebook.com\/LikeInkSe\" \/>\n<meta property=\"article:modified_time\" content=\"2026-03-17T12:35:14+00:00\" \/>\n<meta property=\"og:image\" content=\"https:\/\/likeink.com\/wp-content\/uploads\/2024\/09\/MelC-fakeTattoos-Likeink.jpg\" \/>\n\t<meta property=\"og:image:width\" content=\"1400\" \/>\n\t<meta property=\"og:image:height\" content=\"986\" \/>\n\t<meta property=\"og:image:type\" content=\"image\/jpeg\" \/>\n<meta name=\"twitter:card\" content=\"summary_large_image\" \/>\n<meta name=\"twitter:label1\" content=\"Arvioitu lukuaika\" \/>\n\t<meta name=\"twitter:data1\" content=\"1 minuutti\" \/>\n<script type=\"application\/ld+json\" class=\"yoast-schema-graph\">{\"@context\":\"https:\\\/\\\/schema.org\",\"@graph\":[{\"@type\":\"WebPage\",\"@id\":\"https:\\\/\\\/likeink.com\\\/fi\\\/siirtotatuoinnit\\\/mel-c-tatuoinnit\\\/\",\"url\":\"https:\\\/\\\/likeink.com\\\/fi\\\/siirtotatuoinnit\\\/mel-c-tatuoinnit\\\/\",\"name\":\"Mel C Tatuoinnit A5 - Like ink\",\"isPartOf\":{\"@id\":\"https:\\\/\\\/likeink.com\\\/fi\\\/#website\"},\"primaryImageOfPage\":{\"@id\":\"https:\\\/\\\/likeink.com\\\/fi\\\/siirtotatuoinnit\\\/mel-c-tatuoinnit\\\/#primaryimage\"},\"image\":{\"@id\":\"https:\\\/\\\/likeink.com\\\/fi\\\/siirtotatuoinnit\\\/mel-c-tatuoinnit\\\/#primaryimage\"},\"thumbnailUrl\":\"https:\\\/\\\/likeink.com\\\/wp-content\\\/uploads\\\/2024\\\/09\\\/MelC-fakeTattoos-Likeink.jpg\",\"datePublished\":\"2024-09-23T16:18:55+00:00\",\"dateModified\":\"2026-03-17T12:35:14+00:00\",\"description\":\"Mel C -tatuoinnit korkealaatuisina, t\u00e4ydelliset Spice Girls -t\u00e4hti Melanie Casuun. Nopea toimitus. - Like ink\",\"breadcrumb\":{\"@id\":\"https:\\\/\\\/likeink.com\\\/fi\\\/siirtotatuoinnit\\\/mel-c-tatuoinnit\\\/#breadcrumb\"},\"inLanguage\":\"fi\",\"potentialAction\":[{\"@type\":\"ReadAction\",\"target\":[\"https:\\\/\\\/likeink.com\\\/fi\\\/siirtotatuoinnit\\\/mel-c-tatuoinnit\\\/\"]}]},{\"@type\":\"ImageObject\",\"inLanguage\":\"fi\",\"@id\":\"https:\\\/\\\/likeink.com\\\/fi\\\/siirtotatuoinnit\\\/mel-c-tatuoinnit\\\/#primaryimage\",\"url\":\"https:\\\/\\\/likeink.com\\\/wp-content\\\/uploads\\\/2024\\\/09\\\/MelC-fakeTattoos-Likeink.jpg\",\"contentUrl\":\"https:\\\/\\\/likeink.com\\\/wp-content\\\/uploads\\\/2024\\\/09\\\/MelC-fakeTattoos-Likeink.jpg\",\"width\":1400,\"height\":986,\"caption\":\"Mel C Temporary Tattoo Set\"},{\"@type\":\"BreadcrumbList\",\"@id\":\"https:\\\/\\\/likeink.com\\\/fi\\\/siirtotatuoinnit\\\/mel-c-tatuoinnit\\\/#breadcrumb\",\"itemListElement\":[{\"@type\":\"ListItem\",\"position\":1,\"name\":\"Hem\",\"item\":\"https:\\\/\\\/likeink.com\\\/fi\\\/\"},{\"@type\":\"ListItem\",\"position\":2,\"name\":\"Shop\",\"item\":\"https:\\\/\\\/likeink.com\\\/fi\\\/shop\\\/\"},{\"@type\":\"ListItem\",\"position\":3,\"name\":\"Mel C Tatuoinnit\"}]},{\"@type\":\"WebSite\",\"@id\":\"https:\\\/\\\/likeink.com\\\/fi\\\/#website\",\"url\":\"https:\\\/\\\/likeink.com\\\/fi\\\/\",\"name\":\"Like ink\",\"description\":\"Make your own custom design\",\"potentialAction\":[{\"@type\":\"SearchAction\",\"target\":{\"@type\":\"EntryPoint\",\"urlTemplate\":\"https:\\\/\\\/likeink.com\\\/fi\\\/?s={search_term_string}\"},\"query-input\":{\"@type\":\"PropertyValueSpecification\",\"valueRequired\":true,\"valueName\":\"search_term_string\"}}],\"inLanguage\":\"fi\"}]}<\/script>\n<!-- \/ Yoast SEO Premium plugin. -->","yoast_head_json":{"title":"Mel C Tatuoinnit A5 - Like ink","description":"Mel C -tatuoinnit korkealaatuisina, t\u00e4ydelliset Spice Girls -t\u00e4hti Melanie Casuun. Nopea toimitus. - Like ink","robots":{"index":"index","follow":"follow","max-snippet":"max-snippet:-1","max-image-preview":"max-image-preview:large","max-video-preview":"max-video-preview:-1"},"canonical":"https:\/\/likeink.com\/fi\/siirtotatuoinnit\/mel-c-tatuoinnit\/","og_locale":"fi_FI","og_type":"article","og_title":"Mel C Tatuoinnit","og_description":"Melanie C, tunnetaan my\u00f6s nimell\u00e4 Sporty Spice Spice Girlsist\u00e4, on saanut useita tatuointeja, jotka heijastavat h\u00e4nen persoonallisuuttaan ja el\u00e4m\u00e4nmatkaansa. H\u00e4nen tunnetuimpiin tatuointeihinsa kuuluu risti k\u00e4dess\u00e4\u00e4n, heimokulttuurista inspiroitu rannekoru ja kiinalaiset merkit kehossa.  Hanki tatuointeja, jotka ovat inspiroituneet Spice Girls -t\u00e4hti Mel C:n oikeista tatuoinneista. Tatuointimme ovat hypoallergeenisia ja turvallisia kaikille ihotyypeille. Ne on helppo kiinnitt\u00e4\u00e4 vedell\u00e4 ja ne kest\u00e4v\u00e4t useita p\u00e4ivi\u00e4, mik\u00e4 tekee niist\u00e4 t\u00e4ydellisi\u00e4 juhliin, festivaaleille ja naamiaisiin.  Arkkikoko: A5 Rannekkeen koko: 19 cm","og_url":"https:\/\/likeink.com\/fi\/siirtotatuoinnit\/mel-c-tatuoinnit\/","og_site_name":"Like ink","article_publisher":"https:\/\/www.facebook.com\/LikeInkSe","article_modified_time":"2026-03-17T12:35:14+00:00","og_image":[{"width":1400,"height":986,"url":"https:\/\/likeink.com\/wp-content\/uploads\/2024\/09\/MelC-fakeTattoos-Likeink.jpg","type":"image\/jpeg"}],"twitter_card":"summary_large_image","twitter_misc":{"Arvioitu lukuaika":"1 minuutti"},"schema":{"@context":"https:\/\/schema.org","@graph":[{"@type":"WebPage","@id":"https:\/\/likeink.com\/fi\/siirtotatuoinnit\/mel-c-tatuoinnit\/","url":"https:\/\/likeink.com\/fi\/siirtotatuoinnit\/mel-c-tatuoinnit\/","name":"Mel C Tatuoinnit A5 - Like ink","isPartOf":{"@id":"https:\/\/likeink.com\/fi\/#website"},"primaryImageOfPage":{"@id":"https:\/\/likeink.com\/fi\/siirtotatuoinnit\/mel-c-tatuoinnit\/#primaryimage"},"image":{"@id":"https:\/\/likeink.com\/fi\/siirtotatuoinnit\/mel-c-tatuoinnit\/#primaryimage"},"thumbnailUrl":"https:\/\/likeink.com\/wp-content\/uploads\/2024\/09\/MelC-fakeTattoos-Likeink.jpg","datePublished":"2024-09-23T16:18:55+00:00","dateModified":"2026-03-17T12:35:14+00:00","description":"Mel C -tatuoinnit korkealaatuisina, t\u00e4ydelliset Spice Girls -t\u00e4hti Melanie Casuun. Nopea toimitus. - Like ink","breadcrumb":{"@id":"https:\/\/likeink.com\/fi\/siirtotatuoinnit\/mel-c-tatuoinnit\/#breadcrumb"},"inLanguage":"fi","potentialAction":[{"@type":"ReadAction","target":["https:\/\/likeink.com\/fi\/siirtotatuoinnit\/mel-c-tatuoinnit\/"]}]},{"@type":"ImageObject","inLanguage":"fi","@id":"https:\/\/likeink.com\/fi\/siirtotatuoinnit\/mel-c-tatuoinnit\/#primaryimage","url":"https:\/\/likeink.com\/wp-content\/uploads\/2024\/09\/MelC-fakeTattoos-Likeink.jpg","contentUrl":"https:\/\/likeink.com\/wp-content\/uploads\/2024\/09\/MelC-fakeTattoos-Likeink.jpg","width":1400,"height":986,"caption":"Mel C Temporary Tattoo Set"},{"@type":"BreadcrumbList","@id":"https:\/\/likeink.com\/fi\/siirtotatuoinnit\/mel-c-tatuoinnit\/#breadcrumb","itemListElement":[{"@type":"ListItem","position":1,"name":"Hem","item":"https:\/\/likeink.com\/fi\/"},{"@type":"ListItem","position":2,"name":"Shop","item":"https:\/\/likeink.com\/fi\/shop\/"},{"@type":"ListItem","position":3,"name":"Mel C Tatuoinnit"}]},{"@type":"WebSite","@id":"https:\/\/likeink.com\/fi\/#website","url":"https:\/\/likeink.com\/fi\/","name":"Like ink","description":"Make your own custom design","potentialAction":[{"@type":"SearchAction","target":{"@type":"EntryPoint","urlTemplate":"https:\/\/likeink.com\/fi\/?s={search_term_string}"},"query-input":{"@type":"PropertyValueSpecification","valueRequired":true,"valueName":"search_term_string"}}],"inLanguage":"fi"}]}},"_links":{"self":[{"href":"https:\/\/likeink.com\/fi\/wp-json\/wp\/v2\/product\/32429","targetHints":{"allow":["GET"]}}],"collection":[{"href":"https:\/\/likeink.com\/fi\/wp-json\/wp\/v2\/product"}],"about":[{"href":"https:\/\/likeink.com\/fi\/wp-json\/wp\/v2\/types\/product"}],"wp:featuredmedia":[{"embeddable":true,"href":"https:\/\/likeink.com\/fi\/wp-json\/wp\/v2\/media\/32417"}],"wp:attachment":[{"href":"https:\/\/likeink.com\/fi\/wp-json\/wp\/v2\/media?parent=32429"}],"wp:term":[{"taxonomy":"product_brand","embeddable":true,"href":"https:\/\/likeink.com\/fi\/wp-json\/wp\/v2\/product_brand?post=32429"},{"taxonomy":"product_cat","embeddable":true,"href":"https:\/\/likeink.com\/fi\/wp-json\/wp\/v2\/product_cat?post=32429"},{"taxonomy":"product_tag","embeddable":true,"href":"https:\/\/likeink.com\/fi\/wp-json\/wp\/v2\/product_tag?post=32429"}],"curies":[{"name":"wp","href":"https:\/\/api.w.org\/{rel}","templated":true}]}}