{"id":32571,"date":"2024-09-26T12:50:43","date_gmt":"2024-09-26T12:50:45","guid":{"rendered":"https:\/\/likeink.se\/?post_type=product&#038;p=32571"},"modified":"2026-03-17T12:35:25","modified_gmt":"2026-03-17T12:35:25","slug":"doll-face-cracks-siirtotatuoinnit-a5","status":"publish","type":"product","link":"https:\/\/likeink.com\/fi\/siirtotatuoinnit\/doll-face-cracks-siirtotatuoinnit-a5\/","title":{"rendered":"Doll Face Cracks Siirtotatuoinnit"},"content":{"rendered":"","protected":false},"excerpt":{"rendered":"<p>Siirtotatuointeja, joissa on halkeamia, silm\u00e4ripsi\u00e4 ja tikkej\u00e4, tarkoitettu k\u00e4ytett\u00e4v\u00e4ksi vartalolla ja kasvoilla. N\u00e4m\u00e4 siirtotatuoinnit luovat karmivan vaikutelman erilaisiin asuihin ja tilaisuuksiin.<br \/>\nArkki sis\u00e4lt\u00e4\u00e4 12 erilaista realistista kuvioita ja on t\u00e4ydellinen lis\u00e4 pelottavaan halloween-asuun. Valmistettu korkealaatuisesta, myrkytt\u00f6m\u00e4st\u00e4 musteesta ja materiaaleista, joten tatuoinnit ovat turvallisia ja helppoja kiinnitt\u00e4\u00e4.<\/p>\n<h2>Osta siirtotatuointeja, joissa on pelottavia halkeamia, silm\u00e4ripsi\u00e4 ja tikkej\u00e4, ja kiinnit\u00e4 ne kasvoille tai muille kehon osille<\/h2>\n<p>Tatuointimme ovat hypoallergeenisia ja turvallisia kaikille ihotyypeille. Ne on helppo kiinnitt\u00e4\u00e4 vedell\u00e4, ja ne kest\u00e4v\u00e4t useita p\u00e4ivi\u00e4, mik\u00e4 tekee niist\u00e4 t\u00e4ydellisi\u00e4 juhliin, festivaaleille ja naamiaisiin.<\/p>\n<p><strong>Arkikoko:<\/strong> A5<\/p>\n<p><strong>Tatuointien koko:<\/strong> Pienin noin 5 cm ja suurin noin 8 cm.<\/p>\n","protected":false},"featured_media":32563,"template":"","meta":[],"product_brand":[],"product_cat":[206,51],"product_tag":[],"class_list":{"0":"post-32571","1":"product","2":"type-product","3":"status-publish","4":"has-post-thumbnail","6":"product_cat-halloween-tatuoinnit","7":"product_cat-valmiit-arkit","9":"first","10":"instock","11":"taxable","12":"shipping-taxable","13":"purchasable","14":"product-type-simple"},"yoast_head":"<!-- This site is optimized with the Yoast SEO Premium plugin v26.2 (Yoast SEO v27.4) - https:\/\/yoast.com\/product\/yoast-seo-premium-wordpress\/ -->\n<title>Doll Face Cracks Siirtotatuoinnit - Like ink<\/title>\n<meta name=\"description\" content=\"Doll Face Cracks Siirtotatuoinnit. Siirtotatuointeja naamiaisasuihin ja halloween-pukeutumiseen. Hyv\u00e4 laatu ja nopea toimitus. - Like ink\" \/>\n<meta name=\"robots\" content=\"index, follow, max-snippet:-1, max-image-preview:large, max-video-preview:-1\" \/>\n<link rel=\"canonical\" href=\"https:\/\/likeink.com\/fi\/siirtotatuoinnit\/doll-face-cracks-siirtotatuoinnit-a5\/\" \/>\n<meta property=\"og:locale\" content=\"fi_FI\" \/>\n<meta property=\"og:type\" content=\"article\" \/>\n<meta property=\"og:title\" content=\"Doll Face Cracks Siirtotatuoinnit\" \/>\n<meta property=\"og:description\" content=\"Siirtotatuointeja, joissa on halkeamia, silm\u00e4ripsi\u00e4 ja tikkej\u00e4, tarkoitettu k\u00e4ytett\u00e4v\u00e4ksi vartalolla ja kasvoilla. N\u00e4m\u00e4 siirtotatuoinnit luovat karmivan vaikutelman erilaisiin asuihin ja tilaisuuksiin. Arkki sis\u00e4lt\u00e4\u00e4 12 erilaista realistista kuvioita ja on t\u00e4ydellinen lis\u00e4 pelottavaan halloween-asuun. Valmistettu korkealaatuisesta, myrkytt\u00f6m\u00e4st\u00e4 musteesta ja materiaaleista, joten tatuoinnit ovat turvallisia ja helppoja kiinnitt\u00e4\u00e4. Osta siirtotatuointeja, joissa on pelottavia halkeamia, silm\u00e4ripsi\u00e4 ja tikkej\u00e4, ja kiinnit\u00e4 ne kasvoille tai muille kehon osille Tatuointimme ovat hypoallergeenisia ja turvallisia kaikille ihotyypeille. Ne on helppo kiinnitt\u00e4\u00e4 vedell\u00e4, ja ne kest\u00e4v\u00e4t useita p\u00e4ivi\u00e4, mik\u00e4 tekee niist\u00e4 t\u00e4ydellisi\u00e4 juhliin, festivaaleille ja naamiaisiin.  Arkikoko: A5  Tatuointien koko: Pienin noin 5 cm ja suurin noin 8 cm.\" \/>\n<meta property=\"og:url\" content=\"https:\/\/likeink.com\/fi\/siirtotatuoinnit\/doll-face-cracks-siirtotatuoinnit-a5\/\" \/>\n<meta property=\"og:site_name\" content=\"Like ink\" \/>\n<meta property=\"article:publisher\" content=\"https:\/\/www.facebook.com\/LikeInkSe\" \/>\n<meta property=\"article:modified_time\" content=\"2026-03-17T12:35:25+00:00\" \/>\n<meta property=\"og:image\" content=\"https:\/\/likeink.com\/wp-content\/uploads\/2024\/09\/1006_Dollface_cracks_web.png\" \/>\n\t<meta property=\"og:image:width\" content=\"1400\" \/>\n\t<meta property=\"og:image:height\" content=\"987\" \/>\n\t<meta property=\"og:image:type\" content=\"image\/png\" \/>\n<meta name=\"twitter:card\" content=\"summary_large_image\" \/>\n<meta name=\"twitter:label1\" content=\"Arvioitu lukuaika\" \/>\n\t<meta name=\"twitter:data1\" content=\"1 minuutti\" \/>\n<script type=\"application\/ld+json\" class=\"yoast-schema-graph\">{\"@context\":\"https:\\\/\\\/schema.org\",\"@graph\":[{\"@type\":\"WebPage\",\"@id\":\"https:\\\/\\\/likeink.com\\\/fi\\\/siirtotatuoinnit\\\/doll-face-cracks-siirtotatuoinnit-a5\\\/\",\"url\":\"https:\\\/\\\/likeink.com\\\/fi\\\/siirtotatuoinnit\\\/doll-face-cracks-siirtotatuoinnit-a5\\\/\",\"name\":\"Doll Face Cracks Siirtotatuoinnit - Like ink\",\"isPartOf\":{\"@id\":\"https:\\\/\\\/likeink.com\\\/fi\\\/#website\"},\"primaryImageOfPage\":{\"@id\":\"https:\\\/\\\/likeink.com\\\/fi\\\/siirtotatuoinnit\\\/doll-face-cracks-siirtotatuoinnit-a5\\\/#primaryimage\"},\"image\":{\"@id\":\"https:\\\/\\\/likeink.com\\\/fi\\\/siirtotatuoinnit\\\/doll-face-cracks-siirtotatuoinnit-a5\\\/#primaryimage\"},\"thumbnailUrl\":\"https:\\\/\\\/likeink.com\\\/wp-content\\\/uploads\\\/2024\\\/09\\\/1006_Dollface_cracks_web.png\",\"datePublished\":\"2024-09-26T12:50:45+00:00\",\"dateModified\":\"2026-03-17T12:35:25+00:00\",\"description\":\"Doll Face Cracks Siirtotatuoinnit. Siirtotatuointeja naamiaisasuihin ja halloween-pukeutumiseen. Hyv\u00e4 laatu ja nopea toimitus. - Like ink\",\"breadcrumb\":{\"@id\":\"https:\\\/\\\/likeink.com\\\/fi\\\/siirtotatuoinnit\\\/doll-face-cracks-siirtotatuoinnit-a5\\\/#breadcrumb\"},\"inLanguage\":\"fi\",\"potentialAction\":[{\"@type\":\"ReadAction\",\"target\":[\"https:\\\/\\\/likeink.com\\\/fi\\\/siirtotatuoinnit\\\/doll-face-cracks-siirtotatuoinnit-a5\\\/\"]}]},{\"@type\":\"ImageObject\",\"inLanguage\":\"fi\",\"@id\":\"https:\\\/\\\/likeink.com\\\/fi\\\/siirtotatuoinnit\\\/doll-face-cracks-siirtotatuoinnit-a5\\\/#primaryimage\",\"url\":\"https:\\\/\\\/likeink.com\\\/wp-content\\\/uploads\\\/2024\\\/09\\\/1006_Dollface_cracks_web.png\",\"contentUrl\":\"https:\\\/\\\/likeink.com\\\/wp-content\\\/uploads\\\/2024\\\/09\\\/1006_Dollface_cracks_web.png\",\"width\":1400,\"height\":987,\"caption\":\"Siirtotatuointiarkki, jossa on s\u00e4r\u00f6ytynytt\u00e4 lasia, halkeamia, rohkeita tekoripsi\u00e4 ja ompeleita.\"},{\"@type\":\"BreadcrumbList\",\"@id\":\"https:\\\/\\\/likeink.com\\\/fi\\\/siirtotatuoinnit\\\/doll-face-cracks-siirtotatuoinnit-a5\\\/#breadcrumb\",\"itemListElement\":[{\"@type\":\"ListItem\",\"position\":1,\"name\":\"Hem\",\"item\":\"https:\\\/\\\/likeink.com\\\/fi\\\/\"},{\"@type\":\"ListItem\",\"position\":2,\"name\":\"Shop\",\"item\":\"https:\\\/\\\/likeink.com\\\/fi\\\/shop\\\/\"},{\"@type\":\"ListItem\",\"position\":3,\"name\":\"Doll Face Cracks Siirtotatuoinnit\"}]},{\"@type\":\"WebSite\",\"@id\":\"https:\\\/\\\/likeink.com\\\/fi\\\/#website\",\"url\":\"https:\\\/\\\/likeink.com\\\/fi\\\/\",\"name\":\"Like ink\",\"description\":\"Make your own custom design\",\"potentialAction\":[{\"@type\":\"SearchAction\",\"target\":{\"@type\":\"EntryPoint\",\"urlTemplate\":\"https:\\\/\\\/likeink.com\\\/fi\\\/?s={search_term_string}\"},\"query-input\":{\"@type\":\"PropertyValueSpecification\",\"valueRequired\":true,\"valueName\":\"search_term_string\"}}],\"inLanguage\":\"fi\"}]}<\/script>\n<!-- \/ Yoast SEO Premium plugin. -->","yoast_head_json":{"title":"Doll Face Cracks Siirtotatuoinnit - Like ink","description":"Doll Face Cracks Siirtotatuoinnit. Siirtotatuointeja naamiaisasuihin ja halloween-pukeutumiseen. Hyv\u00e4 laatu ja nopea toimitus. - Like ink","robots":{"index":"index","follow":"follow","max-snippet":"max-snippet:-1","max-image-preview":"max-image-preview:large","max-video-preview":"max-video-preview:-1"},"canonical":"https:\/\/likeink.com\/fi\/siirtotatuoinnit\/doll-face-cracks-siirtotatuoinnit-a5\/","og_locale":"fi_FI","og_type":"article","og_title":"Doll Face Cracks Siirtotatuoinnit","og_description":"Siirtotatuointeja, joissa on halkeamia, silm\u00e4ripsi\u00e4 ja tikkej\u00e4, tarkoitettu k\u00e4ytett\u00e4v\u00e4ksi vartalolla ja kasvoilla. N\u00e4m\u00e4 siirtotatuoinnit luovat karmivan vaikutelman erilaisiin asuihin ja tilaisuuksiin. Arkki sis\u00e4lt\u00e4\u00e4 12 erilaista realistista kuvioita ja on t\u00e4ydellinen lis\u00e4 pelottavaan halloween-asuun. Valmistettu korkealaatuisesta, myrkytt\u00f6m\u00e4st\u00e4 musteesta ja materiaaleista, joten tatuoinnit ovat turvallisia ja helppoja kiinnitt\u00e4\u00e4. Osta siirtotatuointeja, joissa on pelottavia halkeamia, silm\u00e4ripsi\u00e4 ja tikkej\u00e4, ja kiinnit\u00e4 ne kasvoille tai muille kehon osille Tatuointimme ovat hypoallergeenisia ja turvallisia kaikille ihotyypeille. Ne on helppo kiinnitt\u00e4\u00e4 vedell\u00e4, ja ne kest\u00e4v\u00e4t useita p\u00e4ivi\u00e4, mik\u00e4 tekee niist\u00e4 t\u00e4ydellisi\u00e4 juhliin, festivaaleille ja naamiaisiin.  Arkikoko: A5  Tatuointien koko: Pienin noin 5 cm ja suurin noin 8 cm.","og_url":"https:\/\/likeink.com\/fi\/siirtotatuoinnit\/doll-face-cracks-siirtotatuoinnit-a5\/","og_site_name":"Like ink","article_publisher":"https:\/\/www.facebook.com\/LikeInkSe","article_modified_time":"2026-03-17T12:35:25+00:00","og_image":[{"width":1400,"height":987,"url":"https:\/\/likeink.com\/wp-content\/uploads\/2024\/09\/1006_Dollface_cracks_web.png","type":"image\/png"}],"twitter_card":"summary_large_image","twitter_misc":{"Arvioitu lukuaika":"1 minuutti"},"schema":{"@context":"https:\/\/schema.org","@graph":[{"@type":"WebPage","@id":"https:\/\/likeink.com\/fi\/siirtotatuoinnit\/doll-face-cracks-siirtotatuoinnit-a5\/","url":"https:\/\/likeink.com\/fi\/siirtotatuoinnit\/doll-face-cracks-siirtotatuoinnit-a5\/","name":"Doll Face Cracks Siirtotatuoinnit - Like ink","isPartOf":{"@id":"https:\/\/likeink.com\/fi\/#website"},"primaryImageOfPage":{"@id":"https:\/\/likeink.com\/fi\/siirtotatuoinnit\/doll-face-cracks-siirtotatuoinnit-a5\/#primaryimage"},"image":{"@id":"https:\/\/likeink.com\/fi\/siirtotatuoinnit\/doll-face-cracks-siirtotatuoinnit-a5\/#primaryimage"},"thumbnailUrl":"https:\/\/likeink.com\/wp-content\/uploads\/2024\/09\/1006_Dollface_cracks_web.png","datePublished":"2024-09-26T12:50:45+00:00","dateModified":"2026-03-17T12:35:25+00:00","description":"Doll Face Cracks Siirtotatuoinnit. Siirtotatuointeja naamiaisasuihin ja halloween-pukeutumiseen. Hyv\u00e4 laatu ja nopea toimitus. - Like ink","breadcrumb":{"@id":"https:\/\/likeink.com\/fi\/siirtotatuoinnit\/doll-face-cracks-siirtotatuoinnit-a5\/#breadcrumb"},"inLanguage":"fi","potentialAction":[{"@type":"ReadAction","target":["https:\/\/likeink.com\/fi\/siirtotatuoinnit\/doll-face-cracks-siirtotatuoinnit-a5\/"]}]},{"@type":"ImageObject","inLanguage":"fi","@id":"https:\/\/likeink.com\/fi\/siirtotatuoinnit\/doll-face-cracks-siirtotatuoinnit-a5\/#primaryimage","url":"https:\/\/likeink.com\/wp-content\/uploads\/2024\/09\/1006_Dollface_cracks_web.png","contentUrl":"https:\/\/likeink.com\/wp-content\/uploads\/2024\/09\/1006_Dollface_cracks_web.png","width":1400,"height":987,"caption":"Siirtotatuointiarkki, jossa on s\u00e4r\u00f6ytynytt\u00e4 lasia, halkeamia, rohkeita tekoripsi\u00e4 ja ompeleita."},{"@type":"BreadcrumbList","@id":"https:\/\/likeink.com\/fi\/siirtotatuoinnit\/doll-face-cracks-siirtotatuoinnit-a5\/#breadcrumb","itemListElement":[{"@type":"ListItem","position":1,"name":"Hem","item":"https:\/\/likeink.com\/fi\/"},{"@type":"ListItem","position":2,"name":"Shop","item":"https:\/\/likeink.com\/fi\/shop\/"},{"@type":"ListItem","position":3,"name":"Doll Face Cracks Siirtotatuoinnit"}]},{"@type":"WebSite","@id":"https:\/\/likeink.com\/fi\/#website","url":"https:\/\/likeink.com\/fi\/","name":"Like ink","description":"Make your own custom design","potentialAction":[{"@type":"SearchAction","target":{"@type":"EntryPoint","urlTemplate":"https:\/\/likeink.com\/fi\/?s={search_term_string}"},"query-input":{"@type":"PropertyValueSpecification","valueRequired":true,"valueName":"search_term_string"}}],"inLanguage":"fi"}]}},"_links":{"self":[{"href":"https:\/\/likeink.com\/fi\/wp-json\/wp\/v2\/product\/32571","targetHints":{"allow":["GET"]}}],"collection":[{"href":"https:\/\/likeink.com\/fi\/wp-json\/wp\/v2\/product"}],"about":[{"href":"https:\/\/likeink.com\/fi\/wp-json\/wp\/v2\/types\/product"}],"wp:featuredmedia":[{"embeddable":true,"href":"https:\/\/likeink.com\/fi\/wp-json\/wp\/v2\/media\/32563"}],"wp:attachment":[{"href":"https:\/\/likeink.com\/fi\/wp-json\/wp\/v2\/media?parent=32571"}],"wp:term":[{"taxonomy":"product_brand","embeddable":true,"href":"https:\/\/likeink.com\/fi\/wp-json\/wp\/v2\/product_brand?post=32571"},{"taxonomy":"product_cat","embeddable":true,"href":"https:\/\/likeink.com\/fi\/wp-json\/wp\/v2\/product_cat?post=32571"},{"taxonomy":"product_tag","embeddable":true,"href":"https:\/\/likeink.com\/fi\/wp-json\/wp\/v2\/product_tag?post=32571"}],"curies":[{"name":"wp","href":"https:\/\/api.w.org\/{rel}","templated":true}]}}