{"id":32698,"date":"2024-09-27T12:52:03","date_gmt":"2024-09-27T12:52:04","guid":{"rendered":"https:\/\/likeink.se\/?post_type=product&#038;p=32698"},"modified":"2026-03-17T12:35:52","modified_gmt":"2026-03-17T12:35:52","slug":"prison-siirtotatuoinnit-a5","status":"publish","type":"product","link":"https:\/\/likeink.com\/fi\/siirtotatuoinnit\/prison-siirtotatuoinnit-a5\/","title":{"rendered":"Prison Siirtotatuoinnit"},"content":{"rendered":"","protected":false},"excerpt":{"rendered":"<p>Siirtotatuointiarkki, jossa on vankila-aiheisia kuvioita. Mukana yksityiskohtainen p\u00e4\u00e4kallo ristittyine luineen, suuri ruusu lehtineen, h\u00e4m\u00e4h\u00e4kki verkossa ja piikkilankakuvioita. Goottilaista tyyli\u00e4 olevat tekstit knogetatuoinneille sanoilla &#8221;LOVE &#8211; HATE&#8221; ja &#8221;WILD &#8211; FREE.&#8221; Lis\u00e4elementtein\u00e4 pullo, jossa lukee &#8221;XXX&#8221;, ja hajallaan olevia t\u00e4htikuvioita, jotka luovat kovan ja kapinallisen estetiikan. T\u00e4ydellinen rohkeita ja s\u00e4rmikk\u00e4it\u00e4 tatuointimalleja etsiville, erityisesti knogetatuointeihin inspiroituneille.<br \/>\nValmistettu korkealaatuisesta, myrkytt\u00f6m\u00e4st\u00e4 musteesta ja materiaaleista, tatuoinnit ovat turvallisia ja helppoja kiinnitt\u00e4\u00e4.<\/p>\n<h2>Osta vankilatyylisi\u00e4 siirtotatuointeja kasvoille tai muille kehonosille<\/h2>\n<p>Tatuointimme ovat hypoallergeenisia ja turvallisia kaikille ihotyypeille. Ne on helppo kiinnitt\u00e4\u00e4 vedell\u00e4 ja ne kest\u00e4v\u00e4t useita p\u00e4ivi\u00e4, mik\u00e4 tekee niist\u00e4 t\u00e4ydellisi\u00e4 juhliin, festivaaleille ja naamiaisjuhliin.<\/p>\n<p><strong>Arkin koko:<\/strong> A5<br \/>\n<strong>Tatuointien koko:<\/strong> noin 2-20 cm leveit\u00e4<\/p>\n","protected":false},"featured_media":32689,"template":"","meta":[],"product_brand":[],"product_cat":[206,210,51],"product_tag":[],"class_list":{"0":"post-32698","1":"product","2":"type-product","3":"status-publish","4":"has-post-thumbnail","6":"product_cat-halloween-tatuoinnit","7":"product_cat-kallo-tatuointi","8":"product_cat-valmiit-arkit","10":"first","11":"instock","12":"taxable","13":"shipping-taxable","14":"purchasable","15":"product-type-simple"},"yoast_head":"<!-- This site is optimized with the Yoast SEO Premium plugin v26.2 (Yoast SEO v27.4) - https:\/\/yoast.com\/product\/yoast-seo-premium-wordpress\/ -->\n<title>Prison Siirtotatuoinnit - Like ink<\/title>\n<meta name=\"description\" content=\"Siirtotatuoinnit, joissa on vankilasta inspiroituneita malleja, kuten p\u00e4\u00e4kallo, piikkilanka, h\u00e4m\u00e4h\u00e4kki ja rystysteksti..- Hyv\u00e4 laatu ja nopea toimitus!\" \/>\n<meta name=\"robots\" content=\"index, follow, max-snippet:-1, max-image-preview:large, max-video-preview:-1\" \/>\n<link rel=\"canonical\" href=\"https:\/\/likeink.com\/fi\/siirtotatuoinnit\/prison-siirtotatuoinnit-a5\/\" \/>\n<meta property=\"og:locale\" content=\"fi_FI\" \/>\n<meta property=\"og:type\" content=\"article\" \/>\n<meta property=\"og:title\" content=\"Prison Siirtotatuoinnit\" \/>\n<meta property=\"og:description\" content=\"Siirtotatuointiarkki, jossa on vankila-aiheisia kuvioita. Mukana yksityiskohtainen p\u00e4\u00e4kallo ristittyine luineen, suuri ruusu lehtineen, h\u00e4m\u00e4h\u00e4kki verkossa ja piikkilankakuvioita. Goottilaista tyyli\u00e4 olevat tekstit knogetatuoinneille sanoilla &quot;LOVE - HATE&quot; ja &quot;WILD - FREE.&quot; Lis\u00e4elementtein\u00e4 pullo, jossa lukee &quot;XXX&quot;, ja hajallaan olevia t\u00e4htikuvioita, jotka luovat kovan ja kapinallisen estetiikan. T\u00e4ydellinen rohkeita ja s\u00e4rmikk\u00e4it\u00e4 tatuointimalleja etsiville, erityisesti knogetatuointeihin inspiroituneille. Valmistettu korkealaatuisesta, myrkytt\u00f6m\u00e4st\u00e4 musteesta ja materiaaleista, tatuoinnit ovat turvallisia ja helppoja kiinnitt\u00e4\u00e4. Osta vankilatyylisi\u00e4 siirtotatuointeja kasvoille tai muille kehonosille Tatuointimme ovat hypoallergeenisia ja turvallisia kaikille ihotyypeille. Ne on helppo kiinnitt\u00e4\u00e4 vedell\u00e4 ja ne kest\u00e4v\u00e4t useita p\u00e4ivi\u00e4, mik\u00e4 tekee niist\u00e4 t\u00e4ydellisi\u00e4 juhliin, festivaaleille ja naamiaisjuhliin.  Arkin koko: A5 Tatuointien koko: noin 2-20 cm leveit\u00e4\" \/>\n<meta property=\"og:url\" content=\"https:\/\/likeink.com\/fi\/siirtotatuoinnit\/prison-siirtotatuoinnit-a5\/\" \/>\n<meta property=\"og:site_name\" content=\"Like ink\" \/>\n<meta property=\"article:publisher\" content=\"https:\/\/www.facebook.com\/LikeInkSe\" \/>\n<meta property=\"article:modified_time\" content=\"2026-03-17T12:35:52+00:00\" \/>\n<meta property=\"og:image\" content=\"https:\/\/likeink.com\/wp-content\/uploads\/2024\/09\/1009_prison_tattoos_likeink_web.png\" \/>\n\t<meta property=\"og:image:width\" content=\"1400\" \/>\n\t<meta property=\"og:image:height\" content=\"987\" \/>\n\t<meta property=\"og:image:type\" content=\"image\/png\" \/>\n<meta name=\"twitter:card\" content=\"summary_large_image\" \/>\n<meta name=\"twitter:label1\" content=\"Arvioitu lukuaika\" \/>\n\t<meta name=\"twitter:data1\" content=\"1 minuutti\" \/>\n<script type=\"application\/ld+json\" class=\"yoast-schema-graph\">{\"@context\":\"https:\\\/\\\/schema.org\",\"@graph\":[{\"@type\":\"WebPage\",\"@id\":\"https:\\\/\\\/likeink.com\\\/fi\\\/siirtotatuoinnit\\\/prison-siirtotatuoinnit-a5\\\/\",\"url\":\"https:\\\/\\\/likeink.com\\\/fi\\\/siirtotatuoinnit\\\/prison-siirtotatuoinnit-a5\\\/\",\"name\":\"Prison Siirtotatuoinnit - Like ink\",\"isPartOf\":{\"@id\":\"https:\\\/\\\/likeink.com\\\/fi\\\/#website\"},\"primaryImageOfPage\":{\"@id\":\"https:\\\/\\\/likeink.com\\\/fi\\\/siirtotatuoinnit\\\/prison-siirtotatuoinnit-a5\\\/#primaryimage\"},\"image\":{\"@id\":\"https:\\\/\\\/likeink.com\\\/fi\\\/siirtotatuoinnit\\\/prison-siirtotatuoinnit-a5\\\/#primaryimage\"},\"thumbnailUrl\":\"https:\\\/\\\/likeink.com\\\/wp-content\\\/uploads\\\/2024\\\/09\\\/1009_prison_tattoos_likeink_web.png\",\"datePublished\":\"2024-09-27T12:52:04+00:00\",\"dateModified\":\"2026-03-17T12:35:52+00:00\",\"description\":\"Siirtotatuoinnit, joissa on vankilasta inspiroituneita malleja, kuten p\u00e4\u00e4kallo, piikkilanka, h\u00e4m\u00e4h\u00e4kki ja rystysteksti..- Hyv\u00e4 laatu ja nopea toimitus!\",\"breadcrumb\":{\"@id\":\"https:\\\/\\\/likeink.com\\\/fi\\\/siirtotatuoinnit\\\/prison-siirtotatuoinnit-a5\\\/#breadcrumb\"},\"inLanguage\":\"fi\",\"potentialAction\":[{\"@type\":\"ReadAction\",\"target\":[\"https:\\\/\\\/likeink.com\\\/fi\\\/siirtotatuoinnit\\\/prison-siirtotatuoinnit-a5\\\/\"]}]},{\"@type\":\"ImageObject\",\"inLanguage\":\"fi\",\"@id\":\"https:\\\/\\\/likeink.com\\\/fi\\\/siirtotatuoinnit\\\/prison-siirtotatuoinnit-a5\\\/#primaryimage\",\"url\":\"https:\\\/\\\/likeink.com\\\/wp-content\\\/uploads\\\/2024\\\/09\\\/1009_prison_tattoos_likeink_web.png\",\"contentUrl\":\"https:\\\/\\\/likeink.com\\\/wp-content\\\/uploads\\\/2024\\\/09\\\/1009_prison_tattoos_likeink_web.png\",\"width\":1400,\"height\":987,\"caption\":\"Vankilateemaiset siirtotatuoinnit, joissa on p\u00e4\u00e4kallo, ruusu, h\u00e4m\u00e4h\u00e4kki verkossa, piikkilankaa, pullo ja nyrkkitatuointitekstit \\\"LOVE,\\\" \\\"HATE,\\\" \\\"WILD,\\\" ja \\\"FREE.\\\"\"},{\"@type\":\"BreadcrumbList\",\"@id\":\"https:\\\/\\\/likeink.com\\\/fi\\\/siirtotatuoinnit\\\/prison-siirtotatuoinnit-a5\\\/#breadcrumb\",\"itemListElement\":[{\"@type\":\"ListItem\",\"position\":1,\"name\":\"Hem\",\"item\":\"https:\\\/\\\/likeink.com\\\/fi\\\/\"},{\"@type\":\"ListItem\",\"position\":2,\"name\":\"Shop\",\"item\":\"https:\\\/\\\/likeink.com\\\/fi\\\/shop\\\/\"},{\"@type\":\"ListItem\",\"position\":3,\"name\":\"Prison Siirtotatuoinnit\"}]},{\"@type\":\"WebSite\",\"@id\":\"https:\\\/\\\/likeink.com\\\/fi\\\/#website\",\"url\":\"https:\\\/\\\/likeink.com\\\/fi\\\/\",\"name\":\"Like ink\",\"description\":\"Make your own custom design\",\"potentialAction\":[{\"@type\":\"SearchAction\",\"target\":{\"@type\":\"EntryPoint\",\"urlTemplate\":\"https:\\\/\\\/likeink.com\\\/fi\\\/?s={search_term_string}\"},\"query-input\":{\"@type\":\"PropertyValueSpecification\",\"valueRequired\":true,\"valueName\":\"search_term_string\"}}],\"inLanguage\":\"fi\"}]}<\/script>\n<!-- \/ Yoast SEO Premium plugin. -->","yoast_head_json":{"title":"Prison Siirtotatuoinnit - Like ink","description":"Siirtotatuoinnit, joissa on vankilasta inspiroituneita malleja, kuten p\u00e4\u00e4kallo, piikkilanka, h\u00e4m\u00e4h\u00e4kki ja rystysteksti..- Hyv\u00e4 laatu ja nopea toimitus!","robots":{"index":"index","follow":"follow","max-snippet":"max-snippet:-1","max-image-preview":"max-image-preview:large","max-video-preview":"max-video-preview:-1"},"canonical":"https:\/\/likeink.com\/fi\/siirtotatuoinnit\/prison-siirtotatuoinnit-a5\/","og_locale":"fi_FI","og_type":"article","og_title":"Prison Siirtotatuoinnit","og_description":"Siirtotatuointiarkki, jossa on vankila-aiheisia kuvioita. Mukana yksityiskohtainen p\u00e4\u00e4kallo ristittyine luineen, suuri ruusu lehtineen, h\u00e4m\u00e4h\u00e4kki verkossa ja piikkilankakuvioita. Goottilaista tyyli\u00e4 olevat tekstit knogetatuoinneille sanoilla \"LOVE - HATE\" ja \"WILD - FREE.\" Lis\u00e4elementtein\u00e4 pullo, jossa lukee \"XXX\", ja hajallaan olevia t\u00e4htikuvioita, jotka luovat kovan ja kapinallisen estetiikan. T\u00e4ydellinen rohkeita ja s\u00e4rmikk\u00e4it\u00e4 tatuointimalleja etsiville, erityisesti knogetatuointeihin inspiroituneille. Valmistettu korkealaatuisesta, myrkytt\u00f6m\u00e4st\u00e4 musteesta ja materiaaleista, tatuoinnit ovat turvallisia ja helppoja kiinnitt\u00e4\u00e4. Osta vankilatyylisi\u00e4 siirtotatuointeja kasvoille tai muille kehonosille Tatuointimme ovat hypoallergeenisia ja turvallisia kaikille ihotyypeille. Ne on helppo kiinnitt\u00e4\u00e4 vedell\u00e4 ja ne kest\u00e4v\u00e4t useita p\u00e4ivi\u00e4, mik\u00e4 tekee niist\u00e4 t\u00e4ydellisi\u00e4 juhliin, festivaaleille ja naamiaisjuhliin.  Arkin koko: A5 Tatuointien koko: noin 2-20 cm leveit\u00e4","og_url":"https:\/\/likeink.com\/fi\/siirtotatuoinnit\/prison-siirtotatuoinnit-a5\/","og_site_name":"Like ink","article_publisher":"https:\/\/www.facebook.com\/LikeInkSe","article_modified_time":"2026-03-17T12:35:52+00:00","og_image":[{"width":1400,"height":987,"url":"https:\/\/likeink.com\/wp-content\/uploads\/2024\/09\/1009_prison_tattoos_likeink_web.png","type":"image\/png"}],"twitter_card":"summary_large_image","twitter_misc":{"Arvioitu lukuaika":"1 minuutti"},"schema":{"@context":"https:\/\/schema.org","@graph":[{"@type":"WebPage","@id":"https:\/\/likeink.com\/fi\/siirtotatuoinnit\/prison-siirtotatuoinnit-a5\/","url":"https:\/\/likeink.com\/fi\/siirtotatuoinnit\/prison-siirtotatuoinnit-a5\/","name":"Prison Siirtotatuoinnit - Like ink","isPartOf":{"@id":"https:\/\/likeink.com\/fi\/#website"},"primaryImageOfPage":{"@id":"https:\/\/likeink.com\/fi\/siirtotatuoinnit\/prison-siirtotatuoinnit-a5\/#primaryimage"},"image":{"@id":"https:\/\/likeink.com\/fi\/siirtotatuoinnit\/prison-siirtotatuoinnit-a5\/#primaryimage"},"thumbnailUrl":"https:\/\/likeink.com\/wp-content\/uploads\/2024\/09\/1009_prison_tattoos_likeink_web.png","datePublished":"2024-09-27T12:52:04+00:00","dateModified":"2026-03-17T12:35:52+00:00","description":"Siirtotatuoinnit, joissa on vankilasta inspiroituneita malleja, kuten p\u00e4\u00e4kallo, piikkilanka, h\u00e4m\u00e4h\u00e4kki ja rystysteksti..- Hyv\u00e4 laatu ja nopea toimitus!","breadcrumb":{"@id":"https:\/\/likeink.com\/fi\/siirtotatuoinnit\/prison-siirtotatuoinnit-a5\/#breadcrumb"},"inLanguage":"fi","potentialAction":[{"@type":"ReadAction","target":["https:\/\/likeink.com\/fi\/siirtotatuoinnit\/prison-siirtotatuoinnit-a5\/"]}]},{"@type":"ImageObject","inLanguage":"fi","@id":"https:\/\/likeink.com\/fi\/siirtotatuoinnit\/prison-siirtotatuoinnit-a5\/#primaryimage","url":"https:\/\/likeink.com\/wp-content\/uploads\/2024\/09\/1009_prison_tattoos_likeink_web.png","contentUrl":"https:\/\/likeink.com\/wp-content\/uploads\/2024\/09\/1009_prison_tattoos_likeink_web.png","width":1400,"height":987,"caption":"Vankilateemaiset siirtotatuoinnit, joissa on p\u00e4\u00e4kallo, ruusu, h\u00e4m\u00e4h\u00e4kki verkossa, piikkilankaa, pullo ja nyrkkitatuointitekstit \"LOVE,\" \"HATE,\" \"WILD,\" ja \"FREE.\""},{"@type":"BreadcrumbList","@id":"https:\/\/likeink.com\/fi\/siirtotatuoinnit\/prison-siirtotatuoinnit-a5\/#breadcrumb","itemListElement":[{"@type":"ListItem","position":1,"name":"Hem","item":"https:\/\/likeink.com\/fi\/"},{"@type":"ListItem","position":2,"name":"Shop","item":"https:\/\/likeink.com\/fi\/shop\/"},{"@type":"ListItem","position":3,"name":"Prison Siirtotatuoinnit"}]},{"@type":"WebSite","@id":"https:\/\/likeink.com\/fi\/#website","url":"https:\/\/likeink.com\/fi\/","name":"Like ink","description":"Make your own custom design","potentialAction":[{"@type":"SearchAction","target":{"@type":"EntryPoint","urlTemplate":"https:\/\/likeink.com\/fi\/?s={search_term_string}"},"query-input":{"@type":"PropertyValueSpecification","valueRequired":true,"valueName":"search_term_string"}}],"inLanguage":"fi"}]}},"_links":{"self":[{"href":"https:\/\/likeink.com\/fi\/wp-json\/wp\/v2\/product\/32698","targetHints":{"allow":["GET"]}}],"collection":[{"href":"https:\/\/likeink.com\/fi\/wp-json\/wp\/v2\/product"}],"about":[{"href":"https:\/\/likeink.com\/fi\/wp-json\/wp\/v2\/types\/product"}],"wp:featuredmedia":[{"embeddable":true,"href":"https:\/\/likeink.com\/fi\/wp-json\/wp\/v2\/media\/32689"}],"wp:attachment":[{"href":"https:\/\/likeink.com\/fi\/wp-json\/wp\/v2\/media?parent=32698"}],"wp:term":[{"taxonomy":"product_brand","embeddable":true,"href":"https:\/\/likeink.com\/fi\/wp-json\/wp\/v2\/product_brand?post=32698"},{"taxonomy":"product_cat","embeddable":true,"href":"https:\/\/likeink.com\/fi\/wp-json\/wp\/v2\/product_cat?post=32698"},{"taxonomy":"product_tag","embeddable":true,"href":"https:\/\/likeink.com\/fi\/wp-json\/wp\/v2\/product_tag?post=32698"}],"curies":[{"name":"wp","href":"https:\/\/api.w.org\/{rel}","templated":true}]}}