{"id":32715,"date":"2024-09-27T13:52:31","date_gmt":"2024-09-27T13:52:33","guid":{"rendered":"https:\/\/likeink.se\/?post_type=product&#038;p=32715"},"modified":"2026-03-17T12:36:05","modified_gmt":"2026-03-17T12:36:05","slug":"olivia-rodrigo-sour-siirtotatuoinnit-a5","status":"publish","type":"product","link":"https:\/\/likeink.com\/fi\/siirtotatuoinnit\/olivia-rodrigo-sour-siirtotatuoinnit-a5\/","title":{"rendered":"Olivia Rodrigo SOUR Siirtotatuoinnit"},"content":{"rendered":"","protected":false},"excerpt":{"rendered":"<p>T\u00e4m\u00e4 siirtotatuointiarkki esittelee v\u00e4rikk\u00e4it\u00e4 ja hauskoja kuvioita Olivia Rodrigon &#8220;Sour&#8221;-albumista inspiroituneena. Tatuointeihin kuuluu isoja ja pieni\u00e4 perhosia violeteissa ja pinkeiss\u00e4 s\u00e4vyiss\u00e4, hymi\u00f6it\u00e4 eri ilmeill\u00e4, syd\u00e4mi\u00e4, t\u00e4hti\u00e4 ja py\u00f6reit\u00e4 kivi\u00e4 eri v\u00e4reiss\u00e4. Sana &#8220;SOUR&#8221; n\u00e4kyy mustana, ja sit\u00e4 ymp\u00e4r\u00f6i leikkis\u00e4 sekoitus iloisia muotoja \u2013 t\u00e4ydellinen faneille tai kenelle tahansa, joka haluaa lis\u00e4t\u00e4 luovan ja hieman unenomaisen kosketuksen tyyliins\u00e4.<\/p>\n<p>Valmistettu korkealaatuisesta, myrkytt\u00f6m\u00e4st\u00e4 musteesta ja materiaalista, tatuoinnit ovat turvallisia ja helppoja kiinnitt\u00e4\u00e4.<\/p>\n<h2>Osta Olivia Rodrigo SOUR -siirtotatuointeja kasvoille tai muille kehon osille<\/h2>\n<p>Tatuointimme ovat hypoallergeenisia ja sopivat kaikille ihotyypeille. Ne on helppo kiinnitt\u00e4\u00e4 veden avulla ja kest\u00e4v\u00e4t useita p\u00e4ivi\u00e4, joten ne ovat t\u00e4ydellisi\u00e4 juhliin, festareille ja naamiaisiin.<\/p>\n<p><strong>Arkinkoko:<\/strong> A5<br \/>\n<strong>Tatuointien koko:<\/strong> noin 0,5-3 cm leveit\u00e4<\/p>\n","protected":false},"featured_media":32707,"template":"","meta":[],"product_brand":[],"product_cat":[528,514,557,51],"product_tag":[],"class_list":{"0":"post-32715","1":"product","2":"type-product","3":"status-publish","4":"has-post-thumbnail","6":"product_cat-lasten-juhlat","7":"product_cat-naamiaisasu-sesonki","8":"product_cat-rakkaus-romantiikka","9":"product_cat-valmiit-arkit","11":"first","12":"instock","13":"taxable","14":"shipping-taxable","15":"purchasable","16":"product-type-simple"},"yoast_head":"<!-- This site is optimized with the Yoast SEO Premium plugin v26.2 (Yoast SEO v27.5) - https:\/\/yoast.com\/product\/yoast-seo-premium-wordpress\/ -->\n<title>Olivia Rodrigo SOUR Siirtotatuoinnit - Like ink<\/title>\n<meta name=\"description\" content=\"V\u00e4rikk\u00e4\u00e4t siirtotatuoinnit perhosilla, hymi\u00f6ill\u00e4, syd\u00e4mill\u00e4 ja t\u00e4hdill\u00e4, inspiroituna Olivia Rodrigo albumin &quot;Sour&quot; tarroista.- Hyv\u00e4 laatu ja nopea toimitus!\" \/>\n<meta name=\"robots\" content=\"index, follow, max-snippet:-1, max-image-preview:large, max-video-preview:-1\" \/>\n<link rel=\"canonical\" href=\"https:\/\/likeink.com\/fi\/siirtotatuoinnit\/olivia-rodrigo-sour-siirtotatuoinnit-a5\/\" \/>\n<meta property=\"og:locale\" content=\"fi_FI\" \/>\n<meta property=\"og:type\" content=\"article\" \/>\n<meta property=\"og:title\" content=\"Olivia Rodrigo SOUR Siirtotatuoinnit\" \/>\n<meta property=\"og:description\" content=\"T\u00e4m\u00e4 siirtotatuointiarkki esittelee v\u00e4rikk\u00e4it\u00e4 ja hauskoja kuvioita Olivia Rodrigon &quot;Sour&quot;-albumista inspiroituneena. Tatuointeihin kuuluu isoja ja pieni\u00e4 perhosia violeteissa ja pinkeiss\u00e4 s\u00e4vyiss\u00e4, hymi\u00f6it\u00e4 eri ilmeill\u00e4, syd\u00e4mi\u00e4, t\u00e4hti\u00e4 ja py\u00f6reit\u00e4 kivi\u00e4 eri v\u00e4reiss\u00e4. Sana &quot;SOUR&quot; n\u00e4kyy mustana, ja sit\u00e4 ymp\u00e4r\u00f6i leikkis\u00e4 sekoitus iloisia muotoja \u2013 t\u00e4ydellinen faneille tai kenelle tahansa, joka haluaa lis\u00e4t\u00e4 luovan ja hieman unenomaisen kosketuksen tyyliins\u00e4.  Valmistettu korkealaatuisesta, myrkytt\u00f6m\u00e4st\u00e4 musteesta ja materiaalista, tatuoinnit ovat turvallisia ja helppoja kiinnitt\u00e4\u00e4. Osta Olivia Rodrigo SOUR -siirtotatuointeja kasvoille tai muille kehon osille Tatuointimme ovat hypoallergeenisia ja sopivat kaikille ihotyypeille. Ne on helppo kiinnitt\u00e4\u00e4 veden avulla ja kest\u00e4v\u00e4t useita p\u00e4ivi\u00e4, joten ne ovat t\u00e4ydellisi\u00e4 juhliin, festareille ja naamiaisiin.  Arkinkoko: A5 Tatuointien koko: noin 0,5-3 cm leveit\u00e4\" \/>\n<meta property=\"og:url\" content=\"https:\/\/likeink.com\/fi\/siirtotatuoinnit\/olivia-rodrigo-sour-siirtotatuoinnit-a5\/\" \/>\n<meta property=\"og:site_name\" content=\"Like ink\" \/>\n<meta property=\"article:publisher\" content=\"https:\/\/www.facebook.com\/LikeInkSe\" \/>\n<meta property=\"article:modified_time\" content=\"2026-03-17T12:36:05+00:00\" \/>\n<meta property=\"og:image\" content=\"https:\/\/likeink.com\/wp-content\/uploads\/2024\/09\/1001-Sour_likeink_web.png\" \/>\n\t<meta property=\"og:image:width\" content=\"1400\" \/>\n\t<meta property=\"og:image:height\" content=\"987\" \/>\n\t<meta property=\"og:image:type\" content=\"image\/png\" \/>\n<meta name=\"twitter:card\" content=\"summary_large_image\" \/>\n<meta name=\"twitter:label1\" content=\"Arvioitu lukuaika\" \/>\n\t<meta name=\"twitter:data1\" content=\"1 minuutti\" \/>\n<!-- \/ Yoast SEO Premium plugin. -->","yoast_head_json":{"title":"Olivia Rodrigo SOUR Siirtotatuoinnit - Like ink","description":"V\u00e4rikk\u00e4\u00e4t siirtotatuoinnit perhosilla, hymi\u00f6ill\u00e4, syd\u00e4mill\u00e4 ja t\u00e4hdill\u00e4, inspiroituna Olivia Rodrigo albumin \"Sour\" tarroista.- Hyv\u00e4 laatu ja nopea toimitus!","robots":{"index":"index","follow":"follow","max-snippet":"max-snippet:-1","max-image-preview":"max-image-preview:large","max-video-preview":"max-video-preview:-1"},"canonical":"https:\/\/likeink.com\/fi\/siirtotatuoinnit\/olivia-rodrigo-sour-siirtotatuoinnit-a5\/","og_locale":"fi_FI","og_type":"article","og_title":"Olivia Rodrigo SOUR Siirtotatuoinnit","og_description":"T\u00e4m\u00e4 siirtotatuointiarkki esittelee v\u00e4rikk\u00e4it\u00e4 ja hauskoja kuvioita Olivia Rodrigon \"Sour\"-albumista inspiroituneena. Tatuointeihin kuuluu isoja ja pieni\u00e4 perhosia violeteissa ja pinkeiss\u00e4 s\u00e4vyiss\u00e4, hymi\u00f6it\u00e4 eri ilmeill\u00e4, syd\u00e4mi\u00e4, t\u00e4hti\u00e4 ja py\u00f6reit\u00e4 kivi\u00e4 eri v\u00e4reiss\u00e4. Sana \"SOUR\" n\u00e4kyy mustana, ja sit\u00e4 ymp\u00e4r\u00f6i leikkis\u00e4 sekoitus iloisia muotoja \u2013 t\u00e4ydellinen faneille tai kenelle tahansa, joka haluaa lis\u00e4t\u00e4 luovan ja hieman unenomaisen kosketuksen tyyliins\u00e4.  Valmistettu korkealaatuisesta, myrkytt\u00f6m\u00e4st\u00e4 musteesta ja materiaalista, tatuoinnit ovat turvallisia ja helppoja kiinnitt\u00e4\u00e4. Osta Olivia Rodrigo SOUR -siirtotatuointeja kasvoille tai muille kehon osille Tatuointimme ovat hypoallergeenisia ja sopivat kaikille ihotyypeille. Ne on helppo kiinnitt\u00e4\u00e4 veden avulla ja kest\u00e4v\u00e4t useita p\u00e4ivi\u00e4, joten ne ovat t\u00e4ydellisi\u00e4 juhliin, festareille ja naamiaisiin.  Arkinkoko: A5 Tatuointien koko: noin 0,5-3 cm leveit\u00e4","og_url":"https:\/\/likeink.com\/fi\/siirtotatuoinnit\/olivia-rodrigo-sour-siirtotatuoinnit-a5\/","og_site_name":"Like ink","article_publisher":"https:\/\/www.facebook.com\/LikeInkSe","article_modified_time":"2026-03-17T12:36:05+00:00","og_image":[{"width":1400,"height":987,"url":"https:\/\/likeink.com\/wp-content\/uploads\/2024\/09\/1001-Sour_likeink_web.png","type":"image\/png"}],"twitter_card":"summary_large_image","twitter_misc":{"Arvioitu lukuaika":"1 minuutti"},"schema":{"@context":"https:\/\/schema.org","@graph":[{"@type":"WebPage","@id":"https:\/\/likeink.com\/fi\/siirtotatuoinnit\/olivia-rodrigo-sour-siirtotatuoinnit-a5\/","url":"https:\/\/likeink.com\/fi\/siirtotatuoinnit\/olivia-rodrigo-sour-siirtotatuoinnit-a5\/","name":"Olivia Rodrigo SOUR Siirtotatuoinnit - Like ink","isPartOf":{"@id":"https:\/\/likeink.com\/fi\/#website"},"primaryImageOfPage":{"@id":"https:\/\/likeink.com\/fi\/siirtotatuoinnit\/olivia-rodrigo-sour-siirtotatuoinnit-a5\/#primaryimage"},"image":{"@id":"https:\/\/likeink.com\/fi\/siirtotatuoinnit\/olivia-rodrigo-sour-siirtotatuoinnit-a5\/#primaryimage"},"thumbnailUrl":"https:\/\/likeink.com\/wp-content\/uploads\/2024\/09\/1001-Sour_likeink_web.png","datePublished":"2024-09-27T13:52:33+00:00","dateModified":"2026-03-17T12:36:05+00:00","description":"V\u00e4rikk\u00e4\u00e4t siirtotatuoinnit perhosilla, hymi\u00f6ill\u00e4, syd\u00e4mill\u00e4 ja t\u00e4hdill\u00e4, inspiroituna Olivia Rodrigo albumin \"Sour\" tarroista.- Hyv\u00e4 laatu ja nopea toimitus!","breadcrumb":{"@id":"https:\/\/likeink.com\/fi\/siirtotatuoinnit\/olivia-rodrigo-sour-siirtotatuoinnit-a5\/#breadcrumb"},"inLanguage":"fi","potentialAction":[{"@type":"ReadAction","target":["https:\/\/likeink.com\/fi\/siirtotatuoinnit\/olivia-rodrigo-sour-siirtotatuoinnit-a5\/"]}]},{"@type":"ImageObject","inLanguage":"fi","@id":"https:\/\/likeink.com\/fi\/siirtotatuoinnit\/olivia-rodrigo-sour-siirtotatuoinnit-a5\/#primaryimage","url":"https:\/\/likeink.com\/wp-content\/uploads\/2024\/09\/1001-Sour_likeink_web.png","contentUrl":"https:\/\/likeink.com\/wp-content\/uploads\/2024\/09\/1001-Sour_likeink_web.png","width":1400,"height":987,"caption":"Kirkkaat ja leikkis\u00e4t \"Sour\"-siirtotatuoinnit perhosilla, hymi\u00f6ill\u00e4 ja v\u00e4rikk\u00e4ill\u00e4 kuvioilla, inspiroituna Olivia Rodrigon albumitaiteesta."},{"@type":"BreadcrumbList","@id":"https:\/\/likeink.com\/fi\/siirtotatuoinnit\/olivia-rodrigo-sour-siirtotatuoinnit-a5\/#breadcrumb","itemListElement":[{"@type":"ListItem","position":1,"name":"Hem","item":"https:\/\/likeink.com\/fi\/"},{"@type":"ListItem","position":2,"name":"Shop","item":"https:\/\/likeink.com\/fi\/shop\/"},{"@type":"ListItem","position":3,"name":"Olivia Rodrigo SOUR Siirtotatuoinnit"}]},{"@type":"WebSite","@id":"https:\/\/likeink.com\/fi\/#website","url":"https:\/\/likeink.com\/fi\/","name":"Like ink","description":"Make your own custom design","potentialAction":[{"@type":"SearchAction","target":{"@type":"EntryPoint","urlTemplate":"https:\/\/likeink.com\/fi\/?s={search_term_string}"},"query-input":{"@type":"PropertyValueSpecification","valueRequired":true,"valueName":"search_term_string"}}],"inLanguage":"fi"}]}},"_links":{"self":[{"href":"https:\/\/likeink.com\/fi\/wp-json\/wp\/v2\/product\/32715","targetHints":{"allow":["GET"]}}],"collection":[{"href":"https:\/\/likeink.com\/fi\/wp-json\/wp\/v2\/product"}],"about":[{"href":"https:\/\/likeink.com\/fi\/wp-json\/wp\/v2\/types\/product"}],"wp:featuredmedia":[{"embeddable":true,"href":"https:\/\/likeink.com\/fi\/wp-json\/wp\/v2\/media\/32707"}],"wp:attachment":[{"href":"https:\/\/likeink.com\/fi\/wp-json\/wp\/v2\/media?parent=32715"}],"wp:term":[{"taxonomy":"product_brand","embeddable":true,"href":"https:\/\/likeink.com\/fi\/wp-json\/wp\/v2\/product_brand?post=32715"},{"taxonomy":"product_cat","embeddable":true,"href":"https:\/\/likeink.com\/fi\/wp-json\/wp\/v2\/product_cat?post=32715"},{"taxonomy":"product_tag","embeddable":true,"href":"https:\/\/likeink.com\/fi\/wp-json\/wp\/v2\/product_tag?post=32715"}],"curies":[{"name":"wp","href":"https:\/\/api.w.org\/{rel}","templated":true}]}}