{"id":34564,"date":"2024-12-09T18:22:15","date_gmt":"2024-12-09T18:22:16","guid":{"rendered":"https:\/\/likeink.se\/?post_type=product&#038;p=34564"},"modified":"2024-12-09T18:31:50","modified_gmt":"2024-12-09T18:31:50","slug":"freckle-tattoos-kultatahdet","status":"publish","type":"product","link":"https:\/\/likeink.com\/fi\/siirtotatuoinnit\/freckle-tattoos-kultatahdet\/","title":{"rendered":"Freckle Tattoos Kultat\u00e4hdet"},"content":{"rendered":"","protected":false},"excerpt":{"rendered":"<p><strong>Like Ink Freckle Tattoos Kultat\u00e4hdet \u2013 Kimaltavat T\u00e4hdet ja Pisteet Kullanv\u00e4risin\u00e4<\/strong><\/p>\n<p>Lis\u00e4\u00e4 maaginen kosketus tyyliisi Like Ink Metallic Freckle Tattoos -tatuoinneilla \u2013 pienet kultat\u00e4hdet ja pisteet, jotka asettuvat kauniisti nen\u00e4n yli ja silmien alle. T\u00e4ydelliset illanviettoon, festivaaleille tai uudenvuodenaattoon, kun haluat loistaa hieman enemm\u00e4n!<\/p>\n<p>Freckle Stripes -tatuointimme on suunniteltu pysym\u00e4\u00e4n paikoillaan ja luomaan luonnollinen, tyylik\u00e4s ilme. \u00c4lykk\u00e4\u00e4n suunnittelun ansiosta liima tarttuu vain itse tatuointiin \u2013 ei tarpeettomia muovikalvoja ymp\u00e4rill\u00e4. N\u00e4m\u00e4 korkealaatuiset pisamatatuoinnit yhdist\u00e4v\u00e4t hienovaraisen vieh\u00e4tyksen ja n\u00e4ytt\u00e4v\u00e4n tyylin.<\/p>\n<p>Like Ink Freckle Tattoos on my\u00f6s hypoallergeeninen ja hell\u00e4varainen iholle, joten se sopii jopa herk\u00e4lle iholle. Helppo laittaa ja poistaa \u2013 luo unelmatyylisi vain muutamassa minuutissa!<\/p>\n<p>\u2728 Luo taikaa Like Ink Freckle Tattoos -tatuoinneilla \u2013 kimalteleva yksityiskohta, joka tekee eron! \u2728<\/p>\n<p><strong>Koko:<\/strong> 15 x 4 cm<\/p>\n","protected":false},"featured_media":52979,"template":"","meta":[],"product_brand":[],"product_cat":[217,219,51],"product_tag":[],"class_list":{"0":"post-34564","1":"product","2":"type-product","3":"status-publish","4":"has-post-thumbnail","6":"product_cat-loman-tatuointi","7":"product_cat-muut-tatuoinnit","8":"product_cat-valmiit-arkit","10":"first","11":"instock","12":"taxable","13":"shipping-taxable","14":"purchasable","15":"product-type-simple"},"yoast_head":"<!-- This site is optimized with the Yoast SEO Premium plugin v26.2 (Yoast SEO v27.4) - https:\/\/yoast.com\/product\/yoast-seo-premium-wordpress\/ -->\n<title>Freckle Tattoos Kultat\u00e4hdet - Like ink<\/title>\n<meta name=\"description\" content=\"Tatuoi kimaltelevia t\u00e4hti\u00e4 pisamien tapaan nen\u00e4n yli ja silmien alle. Tyylik\u00e4st\u00e4, yksinkertaista ja t\u00e4ydellinen tapa tuoda s\u00e4ihkett\u00e4 juhliin!- Like ink\" \/>\n<meta name=\"robots\" content=\"index, follow, max-snippet:-1, max-image-preview:large, max-video-preview:-1\" \/>\n<link rel=\"canonical\" href=\"https:\/\/likeink.com\/fi\/siirtotatuoinnit\/freckle-tattoos-kultatahdet\/\" \/>\n<meta property=\"og:locale\" content=\"fi_FI\" \/>\n<meta property=\"og:type\" content=\"article\" \/>\n<meta property=\"og:title\" content=\"Freckle Tattoos Kultat\u00e4hdet\" \/>\n<meta property=\"og:description\" content=\"Like Ink Freckle Tattoos Kultat\u00e4hdet \u2013 Kimaltavat T\u00e4hdet ja Pisteet Kullanv\u00e4risin\u00e4  Lis\u00e4\u00e4 maaginen kosketus tyyliisi Like Ink Metallic Freckle Tattoos -tatuoinneilla \u2013 pienet kultat\u00e4hdet ja pisteet, jotka asettuvat kauniisti nen\u00e4n yli ja silmien alle. T\u00e4ydelliset illanviettoon, festivaaleille tai uudenvuodenaattoon, kun haluat loistaa hieman enemm\u00e4n!  Freckle Stripes -tatuointimme on suunniteltu pysym\u00e4\u00e4n paikoillaan ja luomaan luonnollinen, tyylik\u00e4s ilme. \u00c4lykk\u00e4\u00e4n suunnittelun ansiosta liima tarttuu vain itse tatuointiin \u2013 ei tarpeettomia muovikalvoja ymp\u00e4rill\u00e4. N\u00e4m\u00e4 korkealaatuiset pisamatatuoinnit yhdist\u00e4v\u00e4t hienovaraisen vieh\u00e4tyksen ja n\u00e4ytt\u00e4v\u00e4n tyylin.  Like Ink Freckle Tattoos on my\u00f6s hypoallergeeninen ja hell\u00e4varainen iholle, joten se sopii jopa herk\u00e4lle iholle. Helppo laittaa ja poistaa \u2013 luo unelmatyylisi vain muutamassa minuutissa!  \u2728 Luo taikaa Like Ink Freckle Tattoos -tatuoinneilla \u2013 kimalteleva yksityiskohta, joka tekee eron! \u2728  Koko: 15 x 4 cm\" \/>\n<meta property=\"og:url\" content=\"https:\/\/likeink.com\/fi\/siirtotatuoinnit\/freckle-tattoos-kultatahdet\/\" \/>\n<meta property=\"og:site_name\" content=\"Like ink\" \/>\n<meta property=\"article:publisher\" content=\"https:\/\/www.facebook.com\/LikeInkSe\" \/>\n<meta property=\"article:modified_time\" content=\"2024-12-09T18:31:50+00:00\" \/>\n<meta property=\"og:image\" content=\"https:\/\/likeink.com\/wp-content\/uploads\/2025\/11\/Freckle-Star-Tattoos-Likeink-683x1024.png\" \/>\n\t<meta property=\"og:image:width\" content=\"683\" \/>\n\t<meta property=\"og:image:height\" content=\"1024\" \/>\n\t<meta property=\"og:image:type\" content=\"image\/png\" \/>\n<meta name=\"twitter:card\" content=\"summary_large_image\" \/>\n<meta name=\"twitter:label1\" content=\"Arvioitu lukuaika\" \/>\n\t<meta name=\"twitter:data1\" content=\"1 minuutti\" \/>\n<script type=\"application\/ld+json\" class=\"yoast-schema-graph\">{\"@context\":\"https:\\\/\\\/schema.org\",\"@graph\":[{\"@type\":\"WebPage\",\"@id\":\"https:\\\/\\\/likeink.com\\\/fi\\\/siirtotatuoinnit\\\/freckle-tattoos-kultatahdet\\\/\",\"url\":\"https:\\\/\\\/likeink.com\\\/fi\\\/siirtotatuoinnit\\\/freckle-tattoos-kultatahdet\\\/\",\"name\":\"Freckle Tattoos Kultat\u00e4hdet - Like ink\",\"isPartOf\":{\"@id\":\"https:\\\/\\\/likeink.com\\\/fi\\\/#website\"},\"primaryImageOfPage\":{\"@id\":\"https:\\\/\\\/likeink.com\\\/fi\\\/siirtotatuoinnit\\\/freckle-tattoos-kultatahdet\\\/#primaryimage\"},\"image\":{\"@id\":\"https:\\\/\\\/likeink.com\\\/fi\\\/siirtotatuoinnit\\\/freckle-tattoos-kultatahdet\\\/#primaryimage\"},\"thumbnailUrl\":\"https:\\\/\\\/likeink.com\\\/wp-content\\\/uploads\\\/2025\\\/11\\\/Freckle-Star-Tattoos-Likeink.png\",\"datePublished\":\"2024-12-09T18:22:16+00:00\",\"dateModified\":\"2024-12-09T18:31:50+00:00\",\"description\":\"Tatuoi kimaltelevia t\u00e4hti\u00e4 pisamien tapaan nen\u00e4n yli ja silmien alle. Tyylik\u00e4st\u00e4, yksinkertaista ja t\u00e4ydellinen tapa tuoda s\u00e4ihkett\u00e4 juhliin!- Like ink\",\"breadcrumb\":{\"@id\":\"https:\\\/\\\/likeink.com\\\/fi\\\/siirtotatuoinnit\\\/freckle-tattoos-kultatahdet\\\/#breadcrumb\"},\"inLanguage\":\"fi\",\"potentialAction\":[{\"@type\":\"ReadAction\",\"target\":[\"https:\\\/\\\/likeink.com\\\/fi\\\/siirtotatuoinnit\\\/freckle-tattoos-kultatahdet\\\/\"]}]},{\"@type\":\"ImageObject\",\"inLanguage\":\"fi\",\"@id\":\"https:\\\/\\\/likeink.com\\\/fi\\\/siirtotatuoinnit\\\/freckle-tattoos-kultatahdet\\\/#primaryimage\",\"url\":\"https:\\\/\\\/likeink.com\\\/wp-content\\\/uploads\\\/2025\\\/11\\\/Freckle-Star-Tattoos-Likeink.png\",\"contentUrl\":\"https:\\\/\\\/likeink.com\\\/wp-content\\\/uploads\\\/2025\\\/11\\\/Freckle-Star-Tattoos-Likeink.png\",\"width\":1024,\"height\":1536,\"caption\":\"En ung person med ljus hy, gr\u00f6na \u00f6gon och l\u00e5ngt brunt h\u00e5r tittar rakt in i kameran. Sm\u00e5 klisterm\u00e4rken med guldstj\u00e4rnor pryder kinderna och n\u00e4san och sm\u00e4lter samman med fr\u00e4knarna p\u00e5 den ljusa huden.\"},{\"@type\":\"BreadcrumbList\",\"@id\":\"https:\\\/\\\/likeink.com\\\/fi\\\/siirtotatuoinnit\\\/freckle-tattoos-kultatahdet\\\/#breadcrumb\",\"itemListElement\":[{\"@type\":\"ListItem\",\"position\":1,\"name\":\"Hem\",\"item\":\"https:\\\/\\\/likeink.com\\\/fi\\\/\"},{\"@type\":\"ListItem\",\"position\":2,\"name\":\"Shop\",\"item\":\"https:\\\/\\\/likeink.com\\\/fi\\\/shop\\\/\"},{\"@type\":\"ListItem\",\"position\":3,\"name\":\"Freckle Tattoos Kultat\u00e4hdet\"}]},{\"@type\":\"WebSite\",\"@id\":\"https:\\\/\\\/likeink.com\\\/fi\\\/#website\",\"url\":\"https:\\\/\\\/likeink.com\\\/fi\\\/\",\"name\":\"Like ink\",\"description\":\"Make your own custom design\",\"potentialAction\":[{\"@type\":\"SearchAction\",\"target\":{\"@type\":\"EntryPoint\",\"urlTemplate\":\"https:\\\/\\\/likeink.com\\\/fi\\\/?s={search_term_string}\"},\"query-input\":{\"@type\":\"PropertyValueSpecification\",\"valueRequired\":true,\"valueName\":\"search_term_string\"}}],\"inLanguage\":\"fi\"}]}<\/script>\n<!-- \/ Yoast SEO Premium plugin. -->","yoast_head_json":{"title":"Freckle Tattoos Kultat\u00e4hdet - Like ink","description":"Tatuoi kimaltelevia t\u00e4hti\u00e4 pisamien tapaan nen\u00e4n yli ja silmien alle. Tyylik\u00e4st\u00e4, yksinkertaista ja t\u00e4ydellinen tapa tuoda s\u00e4ihkett\u00e4 juhliin!- Like ink","robots":{"index":"index","follow":"follow","max-snippet":"max-snippet:-1","max-image-preview":"max-image-preview:large","max-video-preview":"max-video-preview:-1"},"canonical":"https:\/\/likeink.com\/fi\/siirtotatuoinnit\/freckle-tattoos-kultatahdet\/","og_locale":"fi_FI","og_type":"article","og_title":"Freckle Tattoos Kultat\u00e4hdet","og_description":"Like Ink Freckle Tattoos Kultat\u00e4hdet \u2013 Kimaltavat T\u00e4hdet ja Pisteet Kullanv\u00e4risin\u00e4  Lis\u00e4\u00e4 maaginen kosketus tyyliisi Like Ink Metallic Freckle Tattoos -tatuoinneilla \u2013 pienet kultat\u00e4hdet ja pisteet, jotka asettuvat kauniisti nen\u00e4n yli ja silmien alle. T\u00e4ydelliset illanviettoon, festivaaleille tai uudenvuodenaattoon, kun haluat loistaa hieman enemm\u00e4n!  Freckle Stripes -tatuointimme on suunniteltu pysym\u00e4\u00e4n paikoillaan ja luomaan luonnollinen, tyylik\u00e4s ilme. \u00c4lykk\u00e4\u00e4n suunnittelun ansiosta liima tarttuu vain itse tatuointiin \u2013 ei tarpeettomia muovikalvoja ymp\u00e4rill\u00e4. N\u00e4m\u00e4 korkealaatuiset pisamatatuoinnit yhdist\u00e4v\u00e4t hienovaraisen vieh\u00e4tyksen ja n\u00e4ytt\u00e4v\u00e4n tyylin.  Like Ink Freckle Tattoos on my\u00f6s hypoallergeeninen ja hell\u00e4varainen iholle, joten se sopii jopa herk\u00e4lle iholle. Helppo laittaa ja poistaa \u2013 luo unelmatyylisi vain muutamassa minuutissa!  \u2728 Luo taikaa Like Ink Freckle Tattoos -tatuoinneilla \u2013 kimalteleva yksityiskohta, joka tekee eron! \u2728  Koko: 15 x 4 cm","og_url":"https:\/\/likeink.com\/fi\/siirtotatuoinnit\/freckle-tattoos-kultatahdet\/","og_site_name":"Like ink","article_publisher":"https:\/\/www.facebook.com\/LikeInkSe","article_modified_time":"2024-12-09T18:31:50+00:00","og_image":[{"width":683,"height":1024,"url":"https:\/\/likeink.com\/wp-content\/uploads\/2025\/11\/Freckle-Star-Tattoos-Likeink-683x1024.png","type":"image\/png"}],"twitter_card":"summary_large_image","twitter_misc":{"Arvioitu lukuaika":"1 minuutti"},"schema":{"@context":"https:\/\/schema.org","@graph":[{"@type":"WebPage","@id":"https:\/\/likeink.com\/fi\/siirtotatuoinnit\/freckle-tattoos-kultatahdet\/","url":"https:\/\/likeink.com\/fi\/siirtotatuoinnit\/freckle-tattoos-kultatahdet\/","name":"Freckle Tattoos Kultat\u00e4hdet - Like ink","isPartOf":{"@id":"https:\/\/likeink.com\/fi\/#website"},"primaryImageOfPage":{"@id":"https:\/\/likeink.com\/fi\/siirtotatuoinnit\/freckle-tattoos-kultatahdet\/#primaryimage"},"image":{"@id":"https:\/\/likeink.com\/fi\/siirtotatuoinnit\/freckle-tattoos-kultatahdet\/#primaryimage"},"thumbnailUrl":"https:\/\/likeink.com\/wp-content\/uploads\/2025\/11\/Freckle-Star-Tattoos-Likeink.png","datePublished":"2024-12-09T18:22:16+00:00","dateModified":"2024-12-09T18:31:50+00:00","description":"Tatuoi kimaltelevia t\u00e4hti\u00e4 pisamien tapaan nen\u00e4n yli ja silmien alle. Tyylik\u00e4st\u00e4, yksinkertaista ja t\u00e4ydellinen tapa tuoda s\u00e4ihkett\u00e4 juhliin!- Like ink","breadcrumb":{"@id":"https:\/\/likeink.com\/fi\/siirtotatuoinnit\/freckle-tattoos-kultatahdet\/#breadcrumb"},"inLanguage":"fi","potentialAction":[{"@type":"ReadAction","target":["https:\/\/likeink.com\/fi\/siirtotatuoinnit\/freckle-tattoos-kultatahdet\/"]}]},{"@type":"ImageObject","inLanguage":"fi","@id":"https:\/\/likeink.com\/fi\/siirtotatuoinnit\/freckle-tattoos-kultatahdet\/#primaryimage","url":"https:\/\/likeink.com\/wp-content\/uploads\/2025\/11\/Freckle-Star-Tattoos-Likeink.png","contentUrl":"https:\/\/likeink.com\/wp-content\/uploads\/2025\/11\/Freckle-Star-Tattoos-Likeink.png","width":1024,"height":1536,"caption":"En ung person med ljus hy, gr\u00f6na \u00f6gon och l\u00e5ngt brunt h\u00e5r tittar rakt in i kameran. Sm\u00e5 klisterm\u00e4rken med guldstj\u00e4rnor pryder kinderna och n\u00e4san och sm\u00e4lter samman med fr\u00e4knarna p\u00e5 den ljusa huden."},{"@type":"BreadcrumbList","@id":"https:\/\/likeink.com\/fi\/siirtotatuoinnit\/freckle-tattoos-kultatahdet\/#breadcrumb","itemListElement":[{"@type":"ListItem","position":1,"name":"Hem","item":"https:\/\/likeink.com\/fi\/"},{"@type":"ListItem","position":2,"name":"Shop","item":"https:\/\/likeink.com\/fi\/shop\/"},{"@type":"ListItem","position":3,"name":"Freckle Tattoos Kultat\u00e4hdet"}]},{"@type":"WebSite","@id":"https:\/\/likeink.com\/fi\/#website","url":"https:\/\/likeink.com\/fi\/","name":"Like ink","description":"Make your own custom design","potentialAction":[{"@type":"SearchAction","target":{"@type":"EntryPoint","urlTemplate":"https:\/\/likeink.com\/fi\/?s={search_term_string}"},"query-input":{"@type":"PropertyValueSpecification","valueRequired":true,"valueName":"search_term_string"}}],"inLanguage":"fi"}]}},"_links":{"self":[{"href":"https:\/\/likeink.com\/fi\/wp-json\/wp\/v2\/product\/34564","targetHints":{"allow":["GET"]}}],"collection":[{"href":"https:\/\/likeink.com\/fi\/wp-json\/wp\/v2\/product"}],"about":[{"href":"https:\/\/likeink.com\/fi\/wp-json\/wp\/v2\/types\/product"}],"wp:featuredmedia":[{"embeddable":true,"href":"https:\/\/likeink.com\/fi\/wp-json\/wp\/v2\/media\/52979"}],"wp:attachment":[{"href":"https:\/\/likeink.com\/fi\/wp-json\/wp\/v2\/media?parent=34564"}],"wp:term":[{"taxonomy":"product_brand","embeddable":true,"href":"https:\/\/likeink.com\/fi\/wp-json\/wp\/v2\/product_brand?post=34564"},{"taxonomy":"product_cat","embeddable":true,"href":"https:\/\/likeink.com\/fi\/wp-json\/wp\/v2\/product_cat?post=34564"},{"taxonomy":"product_tag","embeddable":true,"href":"https:\/\/likeink.com\/fi\/wp-json\/wp\/v2\/product_tag?post=34564"}],"curies":[{"name":"wp","href":"https:\/\/api.w.org\/{rel}","templated":true}]}}