{"id":34592,"date":"2024-12-10T13:01:11","date_gmt":"2024-12-10T13:01:11","guid":{"rendered":"https:\/\/likeink.se\/gnuggis\/like-inks-nyarskollektion-a4\/"},"modified":"2024-12-10T13:09:14","modified_gmt":"2024-12-10T13:09:14","slug":"like-inksin-uudenvuoden-kokoelma-a4","status":"publish","type":"product","link":"https:\/\/likeink.com\/fi\/siirtotatuoinnit\/like-inksin-uudenvuoden-kokoelma-a4\/","title":{"rendered":"Like Inksin Uudenvuoden Kokoelma A4"},"content":{"rendered":"","protected":false},"excerpt":{"rendered":"<p>Viet\u00e4 uutta vuotta Like Inksin Uudenvuoden Kokoelman kanssa! \u2728<\/p>\n<h2>Tilaa Like Inksin uudenvuoden siirtotatuoinnit ja maksimoi juhlatunnelma uudenvuoden juhlissa<\/h2>\n<p>Anna juhliin hauska lis\u00e4mauste siirtotatuoinneillamme \u2013 koko A4 t\u00e4ynn\u00e4 hauskoja, tyylikk\u00e4it\u00e4 ja juhlatunnelmaa huokuvia kuvioita, jotka ovat t\u00e4ydellinen lis\u00e4 uudenvuoden juhlaan. N\u00e4ist\u00e4 l\u00f6yd\u00e4t kaiken tarvittavan tunnelman nostattamiseen ja vieraidesi naurattamiseen \u2013 ja he saavat n\u00e4ytt\u00e4\u00e4 luovimman ja parhaimman puolensa. Tatuoinnit on helppo kiinnitt\u00e4\u00e4, hauska k\u00e4ytt\u00e4\u00e4 ja ne on helppo poistaa juhlan p\u00e4\u00e4tytty\u00e4. T\u00e4ydellinen uudenvuoden juhliin!<\/p>\n<p><strong>Arkin koko:<\/strong> A4<br \/>\n<strong>Tatuointien koko:<\/strong> 30-50 mm<\/p>\n","protected":false},"featured_media":34584,"template":"","meta":[],"product_brand":[],"product_cat":[514,51],"product_tag":[],"class_list":{"0":"post-34592","1":"product","2":"type-product","3":"status-publish","4":"has-post-thumbnail","6":"product_cat-naamiaisasu-sesonki","7":"product_cat-valmiit-arkit","9":"first","10":"instock","11":"taxable","12":"shipping-taxable","13":"purchasable","14":"product-type-simple"},"yoast_head":"<!-- This site is optimized with the Yoast SEO Premium plugin v26.2 (Yoast SEO v27.5) - https:\/\/yoast.com\/product\/yoast-seo-premium-wordpress\/ -->\n<title>Like Inksin Uudenvuoden Kokoelma A4 - Like ink<\/title>\n<meta name=\"description\" content=\"Siirtotatuoinnit, jotka kohottavat juhlatunnelmaa ja saavat vieraat viihtym\u00e4\u00e4n. - Like ink\" \/>\n<meta name=\"robots\" content=\"index, follow, max-snippet:-1, max-image-preview:large, max-video-preview:-1\" \/>\n<link rel=\"canonical\" href=\"https:\/\/likeink.com\/fi\/siirtotatuoinnit\/like-inksin-uudenvuoden-kokoelma-a4\/\" \/>\n<meta property=\"og:locale\" content=\"fi_FI\" \/>\n<meta property=\"og:type\" content=\"article\" \/>\n<meta property=\"og:title\" content=\"Like Inksin Uudenvuoden Kokoelma A4\" \/>\n<meta property=\"og:description\" content=\"Viet\u00e4 uutta vuotta Like Inksin Uudenvuoden Kokoelman kanssa! \u2728 Tilaa Like Inksin uudenvuoden siirtotatuoinnit ja maksimoi juhlatunnelma uudenvuoden juhlissa Anna juhliin hauska lis\u00e4mauste siirtotatuoinneillamme \u2013 koko A4 t\u00e4ynn\u00e4 hauskoja, tyylikk\u00e4it\u00e4 ja juhlatunnelmaa huokuvia kuvioita, jotka ovat t\u00e4ydellinen lis\u00e4 uudenvuoden juhlaan. N\u00e4ist\u00e4 l\u00f6yd\u00e4t kaiken tarvittavan tunnelman nostattamiseen ja vieraidesi naurattamiseen \u2013 ja he saavat n\u00e4ytt\u00e4\u00e4 luovimman ja parhaimman puolensa. Tatuoinnit on helppo kiinnitt\u00e4\u00e4, hauska k\u00e4ytt\u00e4\u00e4 ja ne on helppo poistaa juhlan p\u00e4\u00e4tytty\u00e4. T\u00e4ydellinen uudenvuoden juhliin!  Arkin koko: A4 Tatuointien koko: 30-50 mm\" \/>\n<meta property=\"og:url\" content=\"https:\/\/likeink.com\/fi\/siirtotatuoinnit\/like-inksin-uudenvuoden-kokoelma-a4\/\" \/>\n<meta property=\"og:site_name\" content=\"Like ink\" \/>\n<meta property=\"article:publisher\" content=\"https:\/\/www.facebook.com\/LikeInkSe\" \/>\n<meta property=\"article:modified_time\" content=\"2024-12-10T13:09:14+00:00\" \/>\n<meta property=\"og:image\" content=\"https:\/\/likeink.com\/wp-content\/uploads\/2024\/12\/LikeinkNewYearCollection.png\" \/>\n\t<meta property=\"og:image:width\" content=\"1500\" \/>\n\t<meta property=\"og:image:height\" content=\"1060\" \/>\n\t<meta property=\"og:image:type\" content=\"image\/png\" \/>\n<meta name=\"twitter:card\" content=\"summary_large_image\" \/>\n<meta name=\"twitter:label1\" content=\"Arvioitu lukuaika\" \/>\n\t<meta name=\"twitter:data1\" content=\"1 minuutti\" \/>\n<!-- \/ Yoast SEO Premium plugin. -->","yoast_head_json":{"title":"Like Inksin Uudenvuoden Kokoelma A4 - Like ink","description":"Siirtotatuoinnit, jotka kohottavat juhlatunnelmaa ja saavat vieraat viihtym\u00e4\u00e4n. - Like ink","robots":{"index":"index","follow":"follow","max-snippet":"max-snippet:-1","max-image-preview":"max-image-preview:large","max-video-preview":"max-video-preview:-1"},"canonical":"https:\/\/likeink.com\/fi\/siirtotatuoinnit\/like-inksin-uudenvuoden-kokoelma-a4\/","og_locale":"fi_FI","og_type":"article","og_title":"Like Inksin Uudenvuoden Kokoelma A4","og_description":"Viet\u00e4 uutta vuotta Like Inksin Uudenvuoden Kokoelman kanssa! \u2728 Tilaa Like Inksin uudenvuoden siirtotatuoinnit ja maksimoi juhlatunnelma uudenvuoden juhlissa Anna juhliin hauska lis\u00e4mauste siirtotatuoinneillamme \u2013 koko A4 t\u00e4ynn\u00e4 hauskoja, tyylikk\u00e4it\u00e4 ja juhlatunnelmaa huokuvia kuvioita, jotka ovat t\u00e4ydellinen lis\u00e4 uudenvuoden juhlaan. N\u00e4ist\u00e4 l\u00f6yd\u00e4t kaiken tarvittavan tunnelman nostattamiseen ja vieraidesi naurattamiseen \u2013 ja he saavat n\u00e4ytt\u00e4\u00e4 luovimman ja parhaimman puolensa. Tatuoinnit on helppo kiinnitt\u00e4\u00e4, hauska k\u00e4ytt\u00e4\u00e4 ja ne on helppo poistaa juhlan p\u00e4\u00e4tytty\u00e4. T\u00e4ydellinen uudenvuoden juhliin!  Arkin koko: A4 Tatuointien koko: 30-50 mm","og_url":"https:\/\/likeink.com\/fi\/siirtotatuoinnit\/like-inksin-uudenvuoden-kokoelma-a4\/","og_site_name":"Like ink","article_publisher":"https:\/\/www.facebook.com\/LikeInkSe","article_modified_time":"2024-12-10T13:09:14+00:00","og_image":[{"width":1500,"height":1060,"url":"https:\/\/likeink.com\/wp-content\/uploads\/2024\/12\/LikeinkNewYearCollection.png","type":"image\/png"}],"twitter_card":"summary_large_image","twitter_misc":{"Arvioitu lukuaika":"1 minuutti"},"schema":{"@context":"https:\/\/schema.org","@graph":[{"@type":"WebPage","@id":"https:\/\/likeink.com\/fi\/siirtotatuoinnit\/like-inksin-uudenvuoden-kokoelma-a4\/","url":"https:\/\/likeink.com\/fi\/siirtotatuoinnit\/like-inksin-uudenvuoden-kokoelma-a4\/","name":"Like Inksin Uudenvuoden Kokoelma A4 - Like ink","isPartOf":{"@id":"https:\/\/likeink.com\/fi\/#website"},"primaryImageOfPage":{"@id":"https:\/\/likeink.com\/fi\/siirtotatuoinnit\/like-inksin-uudenvuoden-kokoelma-a4\/#primaryimage"},"image":{"@id":"https:\/\/likeink.com\/fi\/siirtotatuoinnit\/like-inksin-uudenvuoden-kokoelma-a4\/#primaryimage"},"thumbnailUrl":"https:\/\/likeink.com\/wp-content\/uploads\/2024\/12\/LikeinkNewYearCollection.png","datePublished":"2024-12-10T13:01:11+00:00","dateModified":"2024-12-10T13:09:14+00:00","description":"Siirtotatuoinnit, jotka kohottavat juhlatunnelmaa ja saavat vieraat viihtym\u00e4\u00e4n. - Like ink","breadcrumb":{"@id":"https:\/\/likeink.com\/fi\/siirtotatuoinnit\/like-inksin-uudenvuoden-kokoelma-a4\/#breadcrumb"},"inLanguage":"fi","potentialAction":[{"@type":"ReadAction","target":["https:\/\/likeink.com\/fi\/siirtotatuoinnit\/like-inksin-uudenvuoden-kokoelma-a4\/"]}]},{"@type":"ImageObject","inLanguage":"fi","@id":"https:\/\/likeink.com\/fi\/siirtotatuoinnit\/like-inksin-uudenvuoden-kokoelma-a4\/#primaryimage","url":"https:\/\/likeink.com\/wp-content\/uploads\/2024\/12\/LikeinkNewYearCollection.png","contentUrl":"https:\/\/likeink.com\/wp-content\/uploads\/2024\/12\/LikeinkNewYearCollection.png","width":1500,"height":1060,"caption":"\"Siirtotatuointeja uudenvuoden teemalla, joissa on eloisia kuvituksia ja iskulauseita, kuten 'Hello 2025', 'Let 2025 Begin' ja juhlakuoseja, kuten samppanjalaseja, juhlahattuja ja hauskoja hahmoja.\""},{"@type":"BreadcrumbList","@id":"https:\/\/likeink.com\/fi\/siirtotatuoinnit\/like-inksin-uudenvuoden-kokoelma-a4\/#breadcrumb","itemListElement":[{"@type":"ListItem","position":1,"name":"Hem","item":"https:\/\/likeink.com\/fi\/"},{"@type":"ListItem","position":2,"name":"Shop","item":"https:\/\/likeink.com\/fi\/shop\/"},{"@type":"ListItem","position":3,"name":"Like Inksin Uudenvuoden Kokoelma A4"}]},{"@type":"WebSite","@id":"https:\/\/likeink.com\/fi\/#website","url":"https:\/\/likeink.com\/fi\/","name":"Like ink","description":"Make your own custom design","potentialAction":[{"@type":"SearchAction","target":{"@type":"EntryPoint","urlTemplate":"https:\/\/likeink.com\/fi\/?s={search_term_string}"},"query-input":{"@type":"PropertyValueSpecification","valueRequired":true,"valueName":"search_term_string"}}],"inLanguage":"fi"}]}},"_links":{"self":[{"href":"https:\/\/likeink.com\/fi\/wp-json\/wp\/v2\/product\/34592","targetHints":{"allow":["GET"]}}],"collection":[{"href":"https:\/\/likeink.com\/fi\/wp-json\/wp\/v2\/product"}],"about":[{"href":"https:\/\/likeink.com\/fi\/wp-json\/wp\/v2\/types\/product"}],"wp:featuredmedia":[{"embeddable":true,"href":"https:\/\/likeink.com\/fi\/wp-json\/wp\/v2\/media\/34584"}],"wp:attachment":[{"href":"https:\/\/likeink.com\/fi\/wp-json\/wp\/v2\/media?parent=34592"}],"wp:term":[{"taxonomy":"product_brand","embeddable":true,"href":"https:\/\/likeink.com\/fi\/wp-json\/wp\/v2\/product_brand?post=34592"},{"taxonomy":"product_cat","embeddable":true,"href":"https:\/\/likeink.com\/fi\/wp-json\/wp\/v2\/product_cat?post=34592"},{"taxonomy":"product_tag","embeddable":true,"href":"https:\/\/likeink.com\/fi\/wp-json\/wp\/v2\/product_tag?post=34592"}],"curies":[{"name":"wp","href":"https:\/\/api.w.org\/{rel}","templated":true}]}}