{"id":34616,"date":"2024-12-10T13:49:39","date_gmt":"2024-12-10T13:49:40","guid":{"rendered":"https:\/\/likeink.se\/?post_type=product&#038;p=34616"},"modified":"2024-12-10T13:53:54","modified_gmt":"2024-12-10T13:53:54","slug":"freckle-tattoos-golden-rain","status":"publish","type":"product","link":"https:\/\/likeink.com\/fi\/siirtotatuoinnit\/freckle-tattoos-golden-rain\/","title":{"rendered":"Freckle Tattoos Golden Rain"},"content":{"rendered":"","protected":false},"excerpt":{"rendered":"<p><strong>Like Ink Freckle Tattoos Golden Rain \u2013 Kimaltelevat klusterit, joissa on pieni\u00e4 pisteit\u00e4 ja pisaroita kullassa.<\/strong><\/p>\n<p>Anna ulkon\u00e4\u00f6llesi maaginen kosketus Like Inkin Metallic Freckle -siirtotatuoinneilla \u2013 kimaltavia pieni\u00e4 pisteit\u00e4 ja pisaroita kullassa, jotka asetetaan nen\u00e4n p\u00e4\u00e4lle ja silmien alle. T\u00e4ydellinen iltamenoon, festivaaleille tai uudenvuodenaattoon, kun haluat loistaa hieman enemm\u00e4n!<\/p>\n<h2>Osta laadukkaat pisamatatuoinnit<\/h2>\n<p>Pisamatatuointimme on suunniteltu pysym\u00e4\u00e4n paikoillaan pitk\u00e4\u00e4n ja tarjoamaan luonnollisen, tyylikk\u00e4\u00e4n ilmeen. \u00c4lykk\u00e4\u00e4n suunnittelun ansiosta liima kiinnittyy vain itse tatuointiin \u2013 ei ylim\u00e4\u00e4r\u00e4ist\u00e4 muovikalvoa ymp\u00e4rill\u00e4, joka h\u00e4iritsisi kokonaisvaikutelmaa. Tyylikk\u00e4\u00e4t pisamatatuoinnit, joissa on korkea laatu.<\/p>\n<p>Lis\u00e4ksi Like Ink Freckle Tattoos ovat allergiayst\u00e4v\u00e4llisi\u00e4 ja hell\u00e4varaisia iholle, mik\u00e4 tekee niist\u00e4 turvallisia my\u00f6s herk\u00e4lle iholle. Helppo kiinnitt\u00e4\u00e4 ja helppo poistaa \u2013 luo unelmiesi look muutamassa minuutissa.<\/p>\n<p>\u2728 Luo taikaa Like Ink Freckle Tattoos -tatuoinneilla \u2013 kimalteleva yksityiskohta, joka tekee kaiken eron! \u2728<\/p>\n<p><strong>Koko:<\/strong> 15&#215;4 cm<\/p>\n","protected":false},"featured_media":59489,"template":"","meta":[],"product_brand":[],"product_cat":[217,51],"product_tag":[],"class_list":{"0":"post-34616","1":"product","2":"type-product","3":"status-publish","4":"has-post-thumbnail","6":"product_cat-loman-tatuointi","7":"product_cat-valmiit-arkit","9":"first","10":"instock","11":"taxable","12":"shipping-taxable","13":"purchasable","14":"product-type-simple"},"yoast_head":"<!-- This site is optimized with the Yoast SEO Premium plugin v26.2 (Yoast SEO v27.4) - https:\/\/yoast.com\/product\/yoast-seo-premium-wordpress\/ -->\n<title>Freckle Tattoos Golden Rain - Like ink<\/title>\n<meta name=\"description\" content=\"Siirtotatuointiklusterit, joissa on kimaltavia kultapisaroita, jotka asetetaan nen\u00e4n p\u00e4\u00e4lle ja silmien alle. - Like ink\" \/>\n<meta name=\"robots\" content=\"index, follow, max-snippet:-1, max-image-preview:large, max-video-preview:-1\" \/>\n<link rel=\"canonical\" href=\"https:\/\/likeink.com\/fi\/siirtotatuoinnit\/freckle-tattoos-golden-rain\/\" \/>\n<meta property=\"og:locale\" content=\"fi_FI\" \/>\n<meta property=\"og:type\" content=\"article\" \/>\n<meta property=\"og:title\" content=\"Freckle Tattoos Golden Rain\" \/>\n<meta property=\"og:description\" content=\"Like Ink Freckle Tattoos Golden Rain \u2013 Kimaltelevat klusterit, joissa on pieni\u00e4 pisteit\u00e4 ja pisaroita kullassa.  Anna ulkon\u00e4\u00f6llesi maaginen kosketus Like Inkin Metallic Freckle -siirtotatuoinneilla \u2013 kimaltavia pieni\u00e4 pisteit\u00e4 ja pisaroita kullassa, jotka asetetaan nen\u00e4n p\u00e4\u00e4lle ja silmien alle. T\u00e4ydellinen iltamenoon, festivaaleille tai uudenvuodenaattoon, kun haluat loistaa hieman enemm\u00e4n!  Osta laadukkaat pisamatatuoinnit Pisamatatuointimme on suunniteltu pysym\u00e4\u00e4n paikoillaan pitk\u00e4\u00e4n ja tarjoamaan luonnollisen, tyylikk\u00e4\u00e4n ilmeen. \u00c4lykk\u00e4\u00e4n suunnittelun ansiosta liima kiinnittyy vain itse tatuointiin \u2013 ei ylim\u00e4\u00e4r\u00e4ist\u00e4 muovikalvoa ymp\u00e4rill\u00e4, joka h\u00e4iritsisi kokonaisvaikutelmaa. Tyylikk\u00e4\u00e4t pisamatatuoinnit, joissa on korkea laatu.  Lis\u00e4ksi Like Ink Freckle Tattoos ovat allergiayst\u00e4v\u00e4llisi\u00e4 ja hell\u00e4varaisia iholle, mik\u00e4 tekee niist\u00e4 turvallisia my\u00f6s herk\u00e4lle iholle. Helppo kiinnitt\u00e4\u00e4 ja helppo poistaa \u2013 luo unelmiesi look muutamassa minuutissa.  \u2728 Luo taikaa Like Ink Freckle Tattoos -tatuoinneilla \u2013 kimalteleva yksityiskohta, joka tekee kaiken eron! \u2728  Koko: 15x4 cm\" \/>\n<meta property=\"og:url\" content=\"https:\/\/likeink.com\/fi\/siirtotatuoinnit\/freckle-tattoos-golden-rain\/\" \/>\n<meta property=\"og:site_name\" content=\"Like ink\" \/>\n<meta property=\"article:publisher\" content=\"https:\/\/www.facebook.com\/LikeInkSe\" \/>\n<meta property=\"article:modified_time\" content=\"2024-12-10T13:53:54+00:00\" \/>\n<meta property=\"og:image\" content=\"https:\/\/likeink.com\/wp-content\/uploads\/2025\/11\/GoldFreckles-goldrain-Likeink-Tattoos-819x1024.png\" \/>\n\t<meta property=\"og:image:width\" content=\"819\" \/>\n\t<meta property=\"og:image:height\" content=\"1024\" \/>\n\t<meta property=\"og:image:type\" content=\"image\/png\" \/>\n<meta name=\"twitter:card\" content=\"summary_large_image\" \/>\n<meta name=\"twitter:label1\" content=\"Arvioitu lukuaika\" \/>\n\t<meta name=\"twitter:data1\" content=\"1 minuutti\" \/>\n<script type=\"application\/ld+json\" class=\"yoast-schema-graph\">{\"@context\":\"https:\\\/\\\/schema.org\",\"@graph\":[{\"@type\":\"WebPage\",\"@id\":\"https:\\\/\\\/likeink.com\\\/fi\\\/siirtotatuoinnit\\\/freckle-tattoos-golden-rain\\\/\",\"url\":\"https:\\\/\\\/likeink.com\\\/fi\\\/siirtotatuoinnit\\\/freckle-tattoos-golden-rain\\\/\",\"name\":\"Freckle Tattoos Golden Rain - Like ink\",\"isPartOf\":{\"@id\":\"https:\\\/\\\/likeink.com\\\/fi\\\/#website\"},\"primaryImageOfPage\":{\"@id\":\"https:\\\/\\\/likeink.com\\\/fi\\\/siirtotatuoinnit\\\/freckle-tattoos-golden-rain\\\/#primaryimage\"},\"image\":{\"@id\":\"https:\\\/\\\/likeink.com\\\/fi\\\/siirtotatuoinnit\\\/freckle-tattoos-golden-rain\\\/#primaryimage\"},\"thumbnailUrl\":\"https:\\\/\\\/likeink.com\\\/wp-content\\\/uploads\\\/2024\\\/12\\\/GoldFreckles-goldrain-Likeink-Tattoos_1.jpg\",\"datePublished\":\"2024-12-10T13:49:40+00:00\",\"dateModified\":\"2024-12-10T13:53:54+00:00\",\"description\":\"Siirtotatuointiklusterit, joissa on kimaltavia kultapisaroita, jotka asetetaan nen\u00e4n p\u00e4\u00e4lle ja silmien alle. - Like ink\",\"breadcrumb\":{\"@id\":\"https:\\\/\\\/likeink.com\\\/fi\\\/siirtotatuoinnit\\\/freckle-tattoos-golden-rain\\\/#breadcrumb\"},\"inLanguage\":\"fi\",\"potentialAction\":[{\"@type\":\"ReadAction\",\"target\":[\"https:\\\/\\\/likeink.com\\\/fi\\\/siirtotatuoinnit\\\/freckle-tattoos-golden-rain\\\/\"]}]},{\"@type\":\"ImageObject\",\"inLanguage\":\"fi\",\"@id\":\"https:\\\/\\\/likeink.com\\\/fi\\\/siirtotatuoinnit\\\/freckle-tattoos-golden-rain\\\/#primaryimage\",\"url\":\"https:\\\/\\\/likeink.com\\\/wp-content\\\/uploads\\\/2024\\\/12\\\/GoldFreckles-goldrain-Likeink-Tattoos_1.jpg\",\"contentUrl\":\"https:\\\/\\\/likeink.com\\\/wp-content\\\/uploads\\\/2024\\\/12\\\/GoldFreckles-goldrain-Likeink-Tattoos_1.jpg\",\"width\":1720,\"height\":1520,\"caption\":\"L\u00e4hikuva henkil\u00f6st\u00e4, jolla on vihre\u00e4t silm\u00e4t ja luonnolliset kulmakarvat ja joka hymyilee pehme\u00e4sti. Pisamatatuoinnit Kultainen sade on taiteellisesti ripoteltu heid\u00e4n poskilleen ja nen\u00e4lleen, ja lempe\u00e4 valaistus korostaa heid\u00e4n luonnollisia piirteit\u00e4\u00e4n.\"},{\"@type\":\"BreadcrumbList\",\"@id\":\"https:\\\/\\\/likeink.com\\\/fi\\\/siirtotatuoinnit\\\/freckle-tattoos-golden-rain\\\/#breadcrumb\",\"itemListElement\":[{\"@type\":\"ListItem\",\"position\":1,\"name\":\"Hem\",\"item\":\"https:\\\/\\\/likeink.com\\\/fi\\\/\"},{\"@type\":\"ListItem\",\"position\":2,\"name\":\"Shop\",\"item\":\"https:\\\/\\\/likeink.com\\\/fi\\\/shop\\\/\"},{\"@type\":\"ListItem\",\"position\":3,\"name\":\"Freckle Tattoos Golden Rain\"}]},{\"@type\":\"WebSite\",\"@id\":\"https:\\\/\\\/likeink.com\\\/fi\\\/#website\",\"url\":\"https:\\\/\\\/likeink.com\\\/fi\\\/\",\"name\":\"Like ink\",\"description\":\"Make your own custom design\",\"potentialAction\":[{\"@type\":\"SearchAction\",\"target\":{\"@type\":\"EntryPoint\",\"urlTemplate\":\"https:\\\/\\\/likeink.com\\\/fi\\\/?s={search_term_string}\"},\"query-input\":{\"@type\":\"PropertyValueSpecification\",\"valueRequired\":true,\"valueName\":\"search_term_string\"}}],\"inLanguage\":\"fi\"}]}<\/script>\n<!-- \/ Yoast SEO Premium plugin. -->","yoast_head_json":{"title":"Freckle Tattoos Golden Rain - Like ink","description":"Siirtotatuointiklusterit, joissa on kimaltavia kultapisaroita, jotka asetetaan nen\u00e4n p\u00e4\u00e4lle ja silmien alle. - Like ink","robots":{"index":"index","follow":"follow","max-snippet":"max-snippet:-1","max-image-preview":"max-image-preview:large","max-video-preview":"max-video-preview:-1"},"canonical":"https:\/\/likeink.com\/fi\/siirtotatuoinnit\/freckle-tattoos-golden-rain\/","og_locale":"fi_FI","og_type":"article","og_title":"Freckle Tattoos Golden Rain","og_description":"Like Ink Freckle Tattoos Golden Rain \u2013 Kimaltelevat klusterit, joissa on pieni\u00e4 pisteit\u00e4 ja pisaroita kullassa.  Anna ulkon\u00e4\u00f6llesi maaginen kosketus Like Inkin Metallic Freckle -siirtotatuoinneilla \u2013 kimaltavia pieni\u00e4 pisteit\u00e4 ja pisaroita kullassa, jotka asetetaan nen\u00e4n p\u00e4\u00e4lle ja silmien alle. T\u00e4ydellinen iltamenoon, festivaaleille tai uudenvuodenaattoon, kun haluat loistaa hieman enemm\u00e4n!  Osta laadukkaat pisamatatuoinnit Pisamatatuointimme on suunniteltu pysym\u00e4\u00e4n paikoillaan pitk\u00e4\u00e4n ja tarjoamaan luonnollisen, tyylikk\u00e4\u00e4n ilmeen. \u00c4lykk\u00e4\u00e4n suunnittelun ansiosta liima kiinnittyy vain itse tatuointiin \u2013 ei ylim\u00e4\u00e4r\u00e4ist\u00e4 muovikalvoa ymp\u00e4rill\u00e4, joka h\u00e4iritsisi kokonaisvaikutelmaa. Tyylikk\u00e4\u00e4t pisamatatuoinnit, joissa on korkea laatu.  Lis\u00e4ksi Like Ink Freckle Tattoos ovat allergiayst\u00e4v\u00e4llisi\u00e4 ja hell\u00e4varaisia iholle, mik\u00e4 tekee niist\u00e4 turvallisia my\u00f6s herk\u00e4lle iholle. Helppo kiinnitt\u00e4\u00e4 ja helppo poistaa \u2013 luo unelmiesi look muutamassa minuutissa.  \u2728 Luo taikaa Like Ink Freckle Tattoos -tatuoinneilla \u2013 kimalteleva yksityiskohta, joka tekee kaiken eron! \u2728  Koko: 15x4 cm","og_url":"https:\/\/likeink.com\/fi\/siirtotatuoinnit\/freckle-tattoos-golden-rain\/","og_site_name":"Like ink","article_publisher":"https:\/\/www.facebook.com\/LikeInkSe","article_modified_time":"2024-12-10T13:53:54+00:00","og_image":[{"width":819,"height":1024,"url":"https:\/\/likeink.com\/wp-content\/uploads\/2025\/11\/GoldFreckles-goldrain-Likeink-Tattoos-819x1024.png","type":"image\/png"}],"twitter_card":"summary_large_image","twitter_misc":{"Arvioitu lukuaika":"1 minuutti"},"schema":{"@context":"https:\/\/schema.org","@graph":[{"@type":"WebPage","@id":"https:\/\/likeink.com\/fi\/siirtotatuoinnit\/freckle-tattoos-golden-rain\/","url":"https:\/\/likeink.com\/fi\/siirtotatuoinnit\/freckle-tattoos-golden-rain\/","name":"Freckle Tattoos Golden Rain - Like ink","isPartOf":{"@id":"https:\/\/likeink.com\/fi\/#website"},"primaryImageOfPage":{"@id":"https:\/\/likeink.com\/fi\/siirtotatuoinnit\/freckle-tattoos-golden-rain\/#primaryimage"},"image":{"@id":"https:\/\/likeink.com\/fi\/siirtotatuoinnit\/freckle-tattoos-golden-rain\/#primaryimage"},"thumbnailUrl":"https:\/\/likeink.com\/wp-content\/uploads\/2024\/12\/GoldFreckles-goldrain-Likeink-Tattoos_1.jpg","datePublished":"2024-12-10T13:49:40+00:00","dateModified":"2024-12-10T13:53:54+00:00","description":"Siirtotatuointiklusterit, joissa on kimaltavia kultapisaroita, jotka asetetaan nen\u00e4n p\u00e4\u00e4lle ja silmien alle. - Like ink","breadcrumb":{"@id":"https:\/\/likeink.com\/fi\/siirtotatuoinnit\/freckle-tattoos-golden-rain\/#breadcrumb"},"inLanguage":"fi","potentialAction":[{"@type":"ReadAction","target":["https:\/\/likeink.com\/fi\/siirtotatuoinnit\/freckle-tattoos-golden-rain\/"]}]},{"@type":"ImageObject","inLanguage":"fi","@id":"https:\/\/likeink.com\/fi\/siirtotatuoinnit\/freckle-tattoos-golden-rain\/#primaryimage","url":"https:\/\/likeink.com\/wp-content\/uploads\/2024\/12\/GoldFreckles-goldrain-Likeink-Tattoos_1.jpg","contentUrl":"https:\/\/likeink.com\/wp-content\/uploads\/2024\/12\/GoldFreckles-goldrain-Likeink-Tattoos_1.jpg","width":1720,"height":1520,"caption":"L\u00e4hikuva henkil\u00f6st\u00e4, jolla on vihre\u00e4t silm\u00e4t ja luonnolliset kulmakarvat ja joka hymyilee pehme\u00e4sti. Pisamatatuoinnit Kultainen sade on taiteellisesti ripoteltu heid\u00e4n poskilleen ja nen\u00e4lleen, ja lempe\u00e4 valaistus korostaa heid\u00e4n luonnollisia piirteit\u00e4\u00e4n."},{"@type":"BreadcrumbList","@id":"https:\/\/likeink.com\/fi\/siirtotatuoinnit\/freckle-tattoos-golden-rain\/#breadcrumb","itemListElement":[{"@type":"ListItem","position":1,"name":"Hem","item":"https:\/\/likeink.com\/fi\/"},{"@type":"ListItem","position":2,"name":"Shop","item":"https:\/\/likeink.com\/fi\/shop\/"},{"@type":"ListItem","position":3,"name":"Freckle Tattoos Golden Rain"}]},{"@type":"WebSite","@id":"https:\/\/likeink.com\/fi\/#website","url":"https:\/\/likeink.com\/fi\/","name":"Like ink","description":"Make your own custom design","potentialAction":[{"@type":"SearchAction","target":{"@type":"EntryPoint","urlTemplate":"https:\/\/likeink.com\/fi\/?s={search_term_string}"},"query-input":{"@type":"PropertyValueSpecification","valueRequired":true,"valueName":"search_term_string"}}],"inLanguage":"fi"}]}},"_links":{"self":[{"href":"https:\/\/likeink.com\/fi\/wp-json\/wp\/v2\/product\/34616","targetHints":{"allow":["GET"]}}],"collection":[{"href":"https:\/\/likeink.com\/fi\/wp-json\/wp\/v2\/product"}],"about":[{"href":"https:\/\/likeink.com\/fi\/wp-json\/wp\/v2\/types\/product"}],"wp:featuredmedia":[{"embeddable":true,"href":"https:\/\/likeink.com\/fi\/wp-json\/wp\/v2\/media\/59489"}],"wp:attachment":[{"href":"https:\/\/likeink.com\/fi\/wp-json\/wp\/v2\/media?parent=34616"}],"wp:term":[{"taxonomy":"product_brand","embeddable":true,"href":"https:\/\/likeink.com\/fi\/wp-json\/wp\/v2\/product_brand?post=34616"},{"taxonomy":"product_cat","embeddable":true,"href":"https:\/\/likeink.com\/fi\/wp-json\/wp\/v2\/product_cat?post=34616"},{"taxonomy":"product_tag","embeddable":true,"href":"https:\/\/likeink.com\/fi\/wp-json\/wp\/v2\/product_tag?post=34616"}],"curies":[{"name":"wp","href":"https:\/\/api.w.org\/{rel}","templated":true}]}}