{"id":35373,"date":"2025-02-11T13:03:02","date_gmt":"2025-02-11T13:03:02","guid":{"rendered":"https:\/\/likeink.se\/gnuggis\/vitt-tatueringark-a4\/"},"modified":"2025-02-11T13:07:47","modified_gmt":"2025-02-11T13:07:47","slug":"valkoinen-siirtotatuointiarkki","status":"publish","type":"product","link":"https:\/\/likeink.com\/fi\/siirtotatuoinnit\/valkoinen-siirtotatuointiarkki\/","title":{"rendered":"Valkoinen siirtotatuointiarkki A4"},"content":{"rendered":"","protected":false},"excerpt":{"rendered":"<p>Valkoinen siirtotatuointiarkki \u2013 Vapauta luovuutesi tyylikk\u00e4\u00e4ll\u00e4 valkoisella A4-arkillamme. Koko pinta toimii siirtotatuointina! Leikkaa tai muotoile omat kuviot ja luo ainutlaatuisia designeja, jotka taatusti her\u00e4tt\u00e4v\u00e4t huomiota. T\u00e4ydellinen h\u00e4ihin, juhliin, festivaaleille tai hienovaraiseen mutta n\u00e4ytt\u00e4v\u00e4\u00e4n tyyliin.<\/p>\n<h2>Luo omia valkoisia siirtotatuointeja leikkaamalla haluamiasi kuvioita<\/h2>\n<p>Ihoyst\u00e4v\u00e4llisi\u00e4 ja helppok\u00e4ytt\u00f6isi\u00e4 \u2013 levit\u00e4 nopeasti veden avulla ja poista, kun haluat vaihtaa tyyli\u00e4. Luo kaikkea pienist\u00e4 yksityiskohdista suuriin kuvioihin, t\u00e4ysin oman mielikuvituksesi mukaan.<\/p>\n<p>Koko: A4<\/p>\n","protected":false},"featured_media":35341,"template":"","meta":[],"product_brand":[],"product_cat":[219,51],"product_tag":[],"class_list":{"0":"post-35373","1":"product","2":"type-product","3":"status-publish","4":"has-post-thumbnail","6":"product_cat-muut-tatuoinnit","7":"product_cat-valmiit-arkit","9":"first","10":"instock","11":"taxable","12":"shipping-taxable","13":"purchasable","14":"product-type-simple"},"yoast_head":"<!-- This site is optimized with the Yoast SEO Premium plugin v26.2 (Yoast SEO v27.4) - https:\/\/yoast.com\/product\/yoast-seo-premium-wordpress\/ -->\n<title>Valkoinen siirtotatuointiarkki Luo ainutlaatuisia siirtotatuointeja valkoisella<\/title>\n<meta name=\"description\" content=\"Suunnittele omat valkoiset tatuointisi A4-arkillamme. Ihoyst\u00e4v\u00e4lliset ja v\u00e4liaikaiset siirtotatuoinnit, helppo levitt\u00e4\u00e4 ja poistaa. - Like ink\" \/>\n<meta name=\"robots\" content=\"index, follow, max-snippet:-1, max-image-preview:large, max-video-preview:-1\" \/>\n<link rel=\"canonical\" href=\"https:\/\/likeink.com\/fi\/siirtotatuoinnit\/valkoinen-siirtotatuointiarkki\/\" \/>\n<meta property=\"og:locale\" content=\"fi_FI\" \/>\n<meta property=\"og:type\" content=\"article\" \/>\n<meta property=\"og:title\" content=\"Valkoinen siirtotatuointiarkki A4\" \/>\n<meta property=\"og:description\" content=\"Valkoinen siirtotatuointiarkki \u2013 Vapauta luovuutesi tyylikk\u00e4\u00e4ll\u00e4 valkoisella A4-arkillamme. Koko pinta toimii siirtotatuointina! Leikkaa tai muotoile omat kuviot ja luo ainutlaatuisia designeja, jotka taatusti her\u00e4tt\u00e4v\u00e4t huomiota. T\u00e4ydellinen h\u00e4ihin, juhliin, festivaaleille tai hienovaraiseen mutta n\u00e4ytt\u00e4v\u00e4\u00e4n tyyliin.  Luo omia valkoisia siirtotatuointeja leikkaamalla haluamiasi kuvioita  Ihoyst\u00e4v\u00e4llisi\u00e4 ja helppok\u00e4ytt\u00f6isi\u00e4 \u2013 levit\u00e4 nopeasti veden avulla ja poista, kun haluat vaihtaa tyyli\u00e4. Luo kaikkea pienist\u00e4 yksityiskohdista suuriin kuvioihin, t\u00e4ysin oman mielikuvituksesi mukaan.  Koko: A4\" \/>\n<meta property=\"og:url\" content=\"https:\/\/likeink.com\/fi\/siirtotatuoinnit\/valkoinen-siirtotatuointiarkki\/\" \/>\n<meta property=\"og:site_name\" content=\"Like ink\" \/>\n<meta property=\"article:publisher\" content=\"https:\/\/www.facebook.com\/LikeInkSe\" \/>\n<meta property=\"article:modified_time\" content=\"2025-02-11T13:07:47+00:00\" \/>\n<meta property=\"og:image\" content=\"https:\/\/likeink.com\/wp-content\/uploads\/2025\/02\/Allwhitetemporarytattoo-paper-likeink.jpg\" \/>\n\t<meta property=\"og:image:width\" content=\"2481\" \/>\n\t<meta property=\"og:image:height\" content=\"1749\" \/>\n\t<meta property=\"og:image:type\" content=\"image\/jpeg\" \/>\n<meta name=\"twitter:card\" content=\"summary_large_image\" \/>\n<script type=\"application\/ld+json\" class=\"yoast-schema-graph\">{\"@context\":\"https:\\\/\\\/schema.org\",\"@graph\":[{\"@type\":\"WebPage\",\"@id\":\"https:\\\/\\\/likeink.com\\\/fi\\\/siirtotatuoinnit\\\/valkoinen-siirtotatuointiarkki\\\/\",\"url\":\"https:\\\/\\\/likeink.com\\\/fi\\\/siirtotatuoinnit\\\/valkoinen-siirtotatuointiarkki\\\/\",\"name\":\"Valkoinen siirtotatuointiarkki Luo ainutlaatuisia siirtotatuointeja valkoisella\",\"isPartOf\":{\"@id\":\"https:\\\/\\\/likeink.com\\\/fi\\\/#website\"},\"primaryImageOfPage\":{\"@id\":\"https:\\\/\\\/likeink.com\\\/fi\\\/siirtotatuoinnit\\\/valkoinen-siirtotatuointiarkki\\\/#primaryimage\"},\"image\":{\"@id\":\"https:\\\/\\\/likeink.com\\\/fi\\\/siirtotatuoinnit\\\/valkoinen-siirtotatuointiarkki\\\/#primaryimage\"},\"thumbnailUrl\":\"https:\\\/\\\/likeink.com\\\/wp-content\\\/uploads\\\/2025\\\/02\\\/Allwhitetemporarytattoo-paper-likeink.jpg\",\"datePublished\":\"2025-02-11T13:03:02+00:00\",\"dateModified\":\"2025-02-11T13:07:47+00:00\",\"description\":\"Suunnittele omat valkoiset tatuointisi A4-arkillamme. Ihoyst\u00e4v\u00e4lliset ja v\u00e4liaikaiset siirtotatuoinnit, helppo levitt\u00e4\u00e4 ja poistaa. - Like ink\",\"breadcrumb\":{\"@id\":\"https:\\\/\\\/likeink.com\\\/fi\\\/siirtotatuoinnit\\\/valkoinen-siirtotatuointiarkki\\\/#breadcrumb\"},\"inLanguage\":\"fi\",\"potentialAction\":[{\"@type\":\"ReadAction\",\"target\":[\"https:\\\/\\\/likeink.com\\\/fi\\\/siirtotatuoinnit\\\/valkoinen-siirtotatuointiarkki\\\/\"]}]},{\"@type\":\"ImageObject\",\"inLanguage\":\"fi\",\"@id\":\"https:\\\/\\\/likeink.com\\\/fi\\\/siirtotatuoinnit\\\/valkoinen-siirtotatuointiarkki\\\/#primaryimage\",\"url\":\"https:\\\/\\\/likeink.com\\\/wp-content\\\/uploads\\\/2025\\\/02\\\/Allwhitetemporarytattoo-paper-likeink.jpg\",\"contentUrl\":\"https:\\\/\\\/likeink.com\\\/wp-content\\\/uploads\\\/2025\\\/02\\\/Allwhitetemporarytattoo-paper-likeink.jpg\",\"width\":2481,\"height\":1749,\"caption\":\"White Temporary Tattoo Paper\"},{\"@type\":\"BreadcrumbList\",\"@id\":\"https:\\\/\\\/likeink.com\\\/fi\\\/siirtotatuoinnit\\\/valkoinen-siirtotatuointiarkki\\\/#breadcrumb\",\"itemListElement\":[{\"@type\":\"ListItem\",\"position\":1,\"name\":\"Hem\",\"item\":\"https:\\\/\\\/likeink.com\\\/fi\\\/\"},{\"@type\":\"ListItem\",\"position\":2,\"name\":\"Shop\",\"item\":\"https:\\\/\\\/likeink.com\\\/fi\\\/shop\\\/\"},{\"@type\":\"ListItem\",\"position\":3,\"name\":\"Valkoinen siirtotatuointiarkki A4\"}]},{\"@type\":\"WebSite\",\"@id\":\"https:\\\/\\\/likeink.com\\\/fi\\\/#website\",\"url\":\"https:\\\/\\\/likeink.com\\\/fi\\\/\",\"name\":\"Like ink\",\"description\":\"Make your own custom design\",\"potentialAction\":[{\"@type\":\"SearchAction\",\"target\":{\"@type\":\"EntryPoint\",\"urlTemplate\":\"https:\\\/\\\/likeink.com\\\/fi\\\/?s={search_term_string}\"},\"query-input\":{\"@type\":\"PropertyValueSpecification\",\"valueRequired\":true,\"valueName\":\"search_term_string\"}}],\"inLanguage\":\"fi\"}]}<\/script>\n<!-- \/ Yoast SEO Premium plugin. -->","yoast_head_json":{"title":"Valkoinen siirtotatuointiarkki Luo ainutlaatuisia siirtotatuointeja valkoisella","description":"Suunnittele omat valkoiset tatuointisi A4-arkillamme. Ihoyst\u00e4v\u00e4lliset ja v\u00e4liaikaiset siirtotatuoinnit, helppo levitt\u00e4\u00e4 ja poistaa. - Like ink","robots":{"index":"index","follow":"follow","max-snippet":"max-snippet:-1","max-image-preview":"max-image-preview:large","max-video-preview":"max-video-preview:-1"},"canonical":"https:\/\/likeink.com\/fi\/siirtotatuoinnit\/valkoinen-siirtotatuointiarkki\/","og_locale":"fi_FI","og_type":"article","og_title":"Valkoinen siirtotatuointiarkki A4","og_description":"Valkoinen siirtotatuointiarkki \u2013 Vapauta luovuutesi tyylikk\u00e4\u00e4ll\u00e4 valkoisella A4-arkillamme. Koko pinta toimii siirtotatuointina! Leikkaa tai muotoile omat kuviot ja luo ainutlaatuisia designeja, jotka taatusti her\u00e4tt\u00e4v\u00e4t huomiota. T\u00e4ydellinen h\u00e4ihin, juhliin, festivaaleille tai hienovaraiseen mutta n\u00e4ytt\u00e4v\u00e4\u00e4n tyyliin.  Luo omia valkoisia siirtotatuointeja leikkaamalla haluamiasi kuvioita  Ihoyst\u00e4v\u00e4llisi\u00e4 ja helppok\u00e4ytt\u00f6isi\u00e4 \u2013 levit\u00e4 nopeasti veden avulla ja poista, kun haluat vaihtaa tyyli\u00e4. Luo kaikkea pienist\u00e4 yksityiskohdista suuriin kuvioihin, t\u00e4ysin oman mielikuvituksesi mukaan.  Koko: A4","og_url":"https:\/\/likeink.com\/fi\/siirtotatuoinnit\/valkoinen-siirtotatuointiarkki\/","og_site_name":"Like ink","article_publisher":"https:\/\/www.facebook.com\/LikeInkSe","article_modified_time":"2025-02-11T13:07:47+00:00","og_image":[{"width":2481,"height":1749,"url":"https:\/\/likeink.com\/wp-content\/uploads\/2025\/02\/Allwhitetemporarytattoo-paper-likeink.jpg","type":"image\/jpeg"}],"twitter_card":"summary_large_image","schema":{"@context":"https:\/\/schema.org","@graph":[{"@type":"WebPage","@id":"https:\/\/likeink.com\/fi\/siirtotatuoinnit\/valkoinen-siirtotatuointiarkki\/","url":"https:\/\/likeink.com\/fi\/siirtotatuoinnit\/valkoinen-siirtotatuointiarkki\/","name":"Valkoinen siirtotatuointiarkki Luo ainutlaatuisia siirtotatuointeja valkoisella","isPartOf":{"@id":"https:\/\/likeink.com\/fi\/#website"},"primaryImageOfPage":{"@id":"https:\/\/likeink.com\/fi\/siirtotatuoinnit\/valkoinen-siirtotatuointiarkki\/#primaryimage"},"image":{"@id":"https:\/\/likeink.com\/fi\/siirtotatuoinnit\/valkoinen-siirtotatuointiarkki\/#primaryimage"},"thumbnailUrl":"https:\/\/likeink.com\/wp-content\/uploads\/2025\/02\/Allwhitetemporarytattoo-paper-likeink.jpg","datePublished":"2025-02-11T13:03:02+00:00","dateModified":"2025-02-11T13:07:47+00:00","description":"Suunnittele omat valkoiset tatuointisi A4-arkillamme. Ihoyst\u00e4v\u00e4lliset ja v\u00e4liaikaiset siirtotatuoinnit, helppo levitt\u00e4\u00e4 ja poistaa. - Like ink","breadcrumb":{"@id":"https:\/\/likeink.com\/fi\/siirtotatuoinnit\/valkoinen-siirtotatuointiarkki\/#breadcrumb"},"inLanguage":"fi","potentialAction":[{"@type":"ReadAction","target":["https:\/\/likeink.com\/fi\/siirtotatuoinnit\/valkoinen-siirtotatuointiarkki\/"]}]},{"@type":"ImageObject","inLanguage":"fi","@id":"https:\/\/likeink.com\/fi\/siirtotatuoinnit\/valkoinen-siirtotatuointiarkki\/#primaryimage","url":"https:\/\/likeink.com\/wp-content\/uploads\/2025\/02\/Allwhitetemporarytattoo-paper-likeink.jpg","contentUrl":"https:\/\/likeink.com\/wp-content\/uploads\/2025\/02\/Allwhitetemporarytattoo-paper-likeink.jpg","width":2481,"height":1749,"caption":"White Temporary Tattoo Paper"},{"@type":"BreadcrumbList","@id":"https:\/\/likeink.com\/fi\/siirtotatuoinnit\/valkoinen-siirtotatuointiarkki\/#breadcrumb","itemListElement":[{"@type":"ListItem","position":1,"name":"Hem","item":"https:\/\/likeink.com\/fi\/"},{"@type":"ListItem","position":2,"name":"Shop","item":"https:\/\/likeink.com\/fi\/shop\/"},{"@type":"ListItem","position":3,"name":"Valkoinen siirtotatuointiarkki A4"}]},{"@type":"WebSite","@id":"https:\/\/likeink.com\/fi\/#website","url":"https:\/\/likeink.com\/fi\/","name":"Like ink","description":"Make your own custom design","potentialAction":[{"@type":"SearchAction","target":{"@type":"EntryPoint","urlTemplate":"https:\/\/likeink.com\/fi\/?s={search_term_string}"},"query-input":{"@type":"PropertyValueSpecification","valueRequired":true,"valueName":"search_term_string"}}],"inLanguage":"fi"}]}},"_links":{"self":[{"href":"https:\/\/likeink.com\/fi\/wp-json\/wp\/v2\/product\/35373","targetHints":{"allow":["GET"]}}],"collection":[{"href":"https:\/\/likeink.com\/fi\/wp-json\/wp\/v2\/product"}],"about":[{"href":"https:\/\/likeink.com\/fi\/wp-json\/wp\/v2\/types\/product"}],"wp:featuredmedia":[{"embeddable":true,"href":"https:\/\/likeink.com\/fi\/wp-json\/wp\/v2\/media\/35341"}],"wp:attachment":[{"href":"https:\/\/likeink.com\/fi\/wp-json\/wp\/v2\/media?parent=35373"}],"wp:term":[{"taxonomy":"product_brand","embeddable":true,"href":"https:\/\/likeink.com\/fi\/wp-json\/wp\/v2\/product_brand?post=35373"},{"taxonomy":"product_cat","embeddable":true,"href":"https:\/\/likeink.com\/fi\/wp-json\/wp\/v2\/product_cat?post=35373"},{"taxonomy":"product_tag","embeddable":true,"href":"https:\/\/likeink.com\/fi\/wp-json\/wp\/v2\/product_tag?post=35373"}],"curies":[{"name":"wp","href":"https:\/\/api.w.org\/{rel}","templated":true}]}}