{"id":36138,"date":"2025-03-25T13:33:52","date_gmt":"2025-03-25T13:33:52","guid":{"rendered":"https:\/\/likeink.se\/gnuggis\/ironiska-citat-tatueringar-the-ironic-company-a5\/"},"modified":"2026-03-17T12:36:17","modified_gmt":"2026-03-17T12:36:17","slug":"ironiset-lainausmerkki-siirtotatuoinnit","status":"publish","type":"product","link":"https:\/\/likeink.com\/fi\/siirtotatuoinnit\/ironiset-lainausmerkki-siirtotatuoinnit\/","title":{"rendered":"Ironiset lainausmerkki Siirtotatuoinnit  \u201dThe Ironic Company\u201d"},"content":{"rendered":"","protected":false},"excerpt":{"rendered":"<p>A5-kokoinen arkki t\u00e4ynn\u00e4 ironisia lainauksia sis\u00e4lt\u00e4vi\u00e4 Siirtotatuointeja, suunniteltu ter\u00e4v\u00e4n tiimin toimesta The Ironic Companyn takaa. T\u00e4ydellinen juhliin, festareille tai tuomaan arkeen hieman sarkasmia.<\/p>\n<h2>Osta hauskoja lainaus Siirtotatuointeja \u2013 helppo laittaa ja pest\u00e4 pois<\/h2>\n<p>\u2714 Nopea toimitus<br \/>\n\u2714 Allergiayst\u00e4v\u00e4llisi\u00e4 ja hell\u00e4varaisia iholle<br \/>\n\u2714 Helppo laittaa \u2013 aseta, kostuta, valmis!<br \/>\n\u2714 Helppo pest\u00e4 pois<\/p>\n<p>N\u00e4yt\u00e4 maailmalle huumorisi \u2013 ilman elinik\u00e4ist\u00e4 sitoutumista!<\/p>\n<p>Arkin koko: A5<br \/>\nTatuointien m\u00e4\u00e4r\u00e4: 12<br \/>\nTatuointien koko: 30\u201365 mm<\/p>\n","protected":false},"featured_media":36026,"template":"","meta":[],"product_brand":[],"product_cat":[218,51],"product_tag":[],"class_list":{"0":"post-36138","1":"product","2":"type-product","3":"status-publish","4":"has-post-thumbnail","6":"product_cat-hauskoja-tatuointeja","7":"product_cat-valmiit-arkit","9":"first","10":"instock","11":"taxable","12":"shipping-taxable","13":"purchasable","14":"product-type-simple"},"yoast_head":"<!-- This site is optimized with the Yoast SEO Premium plugin v26.2 (Yoast SEO v27.4) - https:\/\/yoast.com\/product\/yoast-seo-premium-wordpress\/ -->\n<title>Ironiset lainausmerkki Siirtotatuoinnit - Like ink<\/title>\n<meta name=\"description\" content=\"Ironisia lainausmerkki Siirtotatuointeja, suunniteltu &quot;The Ironic Companyn&quot; toimesta. Nopea toimitus, allergiayst\u00e4v\u00e4llisi\u00e4 Siirtotatuointeja ja nopea toimitus!\" \/>\n<meta name=\"robots\" content=\"index, follow, max-snippet:-1, max-image-preview:large, max-video-preview:-1\" \/>\n<link rel=\"canonical\" href=\"https:\/\/likeink.com\/fi\/siirtotatuoinnit\/ironiset-lainausmerkki-siirtotatuoinnit\/\" \/>\n<meta property=\"og:locale\" content=\"fi_FI\" \/>\n<meta property=\"og:type\" content=\"article\" \/>\n<meta property=\"og:title\" content=\"Ironiset lainausmerkki Siirtotatuoinnit \u201dThe Ironic Company\u201d\" \/>\n<meta property=\"og:description\" content=\"A5-kokoinen arkki t\u00e4ynn\u00e4 ironisia lainauksia sis\u00e4lt\u00e4vi\u00e4 Siirtotatuointeja, suunniteltu ter\u00e4v\u00e4n tiimin toimesta The Ironic Companyn takaa. T\u00e4ydellinen juhliin, festareille tai tuomaan arkeen hieman sarkasmia.  Osta hauskoja lainaus Siirtotatuointeja \u2013 helppo laittaa ja pest\u00e4 pois \u2714 Nopea toimitus \u2714 Allergiayst\u00e4v\u00e4llisi\u00e4 ja hell\u00e4varaisia iholle \u2714 Helppo laittaa \u2013 aseta, kostuta, valmis! \u2714 Helppo pest\u00e4 pois  N\u00e4yt\u00e4 maailmalle huumorisi \u2013 ilman elinik\u00e4ist\u00e4 sitoutumista!  Arkin koko: A5 Tatuointien m\u00e4\u00e4r\u00e4: 12 Tatuointien koko: 30\u201365 mm\" \/>\n<meta property=\"og:url\" content=\"https:\/\/likeink.com\/fi\/siirtotatuoinnit\/ironiset-lainausmerkki-siirtotatuoinnit\/\" \/>\n<meta property=\"og:site_name\" content=\"Like ink\" \/>\n<meta property=\"article:publisher\" content=\"https:\/\/www.facebook.com\/LikeInkSe\" \/>\n<meta property=\"article:modified_time\" content=\"2026-03-17T12:36:17+00:00\" \/>\n<meta property=\"og:image\" content=\"https:\/\/likeink.com\/wp-content\/uploads\/2025\/03\/StayWeirdTattoos-Likeink-1.jpg\" \/>\n\t<meta property=\"og:image:width\" content=\"1400\" \/>\n\t<meta property=\"og:image:height\" content=\"986\" \/>\n\t<meta property=\"og:image:type\" content=\"image\/jpeg\" \/>\n<meta name=\"twitter:card\" content=\"summary_large_image\" \/>\n<meta name=\"twitter:label1\" content=\"Arvioitu lukuaika\" \/>\n\t<meta name=\"twitter:data1\" content=\"1 minuutti\" \/>\n<script type=\"application\/ld+json\" class=\"yoast-schema-graph\">{\"@context\":\"https:\\\/\\\/schema.org\",\"@graph\":[{\"@type\":\"WebPage\",\"@id\":\"https:\\\/\\\/likeink.com\\\/fi\\\/siirtotatuoinnit\\\/ironiset-lainausmerkki-siirtotatuoinnit\\\/\",\"url\":\"https:\\\/\\\/likeink.com\\\/fi\\\/siirtotatuoinnit\\\/ironiset-lainausmerkki-siirtotatuoinnit\\\/\",\"name\":\"Ironiset lainausmerkki Siirtotatuoinnit - Like ink\",\"isPartOf\":{\"@id\":\"https:\\\/\\\/likeink.com\\\/fi\\\/#website\"},\"primaryImageOfPage\":{\"@id\":\"https:\\\/\\\/likeink.com\\\/fi\\\/siirtotatuoinnit\\\/ironiset-lainausmerkki-siirtotatuoinnit\\\/#primaryimage\"},\"image\":{\"@id\":\"https:\\\/\\\/likeink.com\\\/fi\\\/siirtotatuoinnit\\\/ironiset-lainausmerkki-siirtotatuoinnit\\\/#primaryimage\"},\"thumbnailUrl\":\"https:\\\/\\\/likeink.com\\\/wp-content\\\/uploads\\\/2025\\\/03\\\/StayWeirdTattoos-Likeink-1.jpg\",\"datePublished\":\"2025-03-25T13:33:52+00:00\",\"dateModified\":\"2026-03-17T12:36:17+00:00\",\"description\":\"Ironisia lainausmerkki Siirtotatuointeja, suunniteltu \\\"The Ironic Companyn\\\" toimesta. Nopea toimitus, allergiayst\u00e4v\u00e4llisi\u00e4 Siirtotatuointeja ja nopea toimitus!\",\"breadcrumb\":{\"@id\":\"https:\\\/\\\/likeink.com\\\/fi\\\/siirtotatuoinnit\\\/ironiset-lainausmerkki-siirtotatuoinnit\\\/#breadcrumb\"},\"inLanguage\":\"fi\",\"potentialAction\":[{\"@type\":\"ReadAction\",\"target\":[\"https:\\\/\\\/likeink.com\\\/fi\\\/siirtotatuoinnit\\\/ironiset-lainausmerkki-siirtotatuoinnit\\\/\"]}]},{\"@type\":\"ImageObject\",\"inLanguage\":\"fi\",\"@id\":\"https:\\\/\\\/likeink.com\\\/fi\\\/siirtotatuoinnit\\\/ironiset-lainausmerkki-siirtotatuoinnit\\\/#primaryimage\",\"url\":\"https:\\\/\\\/likeink.com\\\/wp-content\\\/uploads\\\/2025\\\/03\\\/StayWeirdTattoos-Likeink-1.jpg\",\"contentUrl\":\"https:\\\/\\\/likeink.com\\\/wp-content\\\/uploads\\\/2025\\\/03\\\/StayWeirdTattoos-Likeink-1.jpg\",\"width\":1400,\"height\":986,\"caption\":\"Siirtotatuoinnit hauskoilla ja omaper\u00e4isill\u00e4 lainauksilla, kahviteemalla ja positiivisilla affirmaatioilla.\"},{\"@type\":\"BreadcrumbList\",\"@id\":\"https:\\\/\\\/likeink.com\\\/fi\\\/siirtotatuoinnit\\\/ironiset-lainausmerkki-siirtotatuoinnit\\\/#breadcrumb\",\"itemListElement\":[{\"@type\":\"ListItem\",\"position\":1,\"name\":\"Hem\",\"item\":\"https:\\\/\\\/likeink.com\\\/fi\\\/\"},{\"@type\":\"ListItem\",\"position\":2,\"name\":\"Shop\",\"item\":\"https:\\\/\\\/likeink.com\\\/fi\\\/shop\\\/\"},{\"@type\":\"ListItem\",\"position\":3,\"name\":\"Ironiset lainausmerkki Siirtotatuoinnit \u201dThe Ironic Company\u201d\"}]},{\"@type\":\"WebSite\",\"@id\":\"https:\\\/\\\/likeink.com\\\/fi\\\/#website\",\"url\":\"https:\\\/\\\/likeink.com\\\/fi\\\/\",\"name\":\"Like ink\",\"description\":\"Make your own custom design\",\"potentialAction\":[{\"@type\":\"SearchAction\",\"target\":{\"@type\":\"EntryPoint\",\"urlTemplate\":\"https:\\\/\\\/likeink.com\\\/fi\\\/?s={search_term_string}\"},\"query-input\":{\"@type\":\"PropertyValueSpecification\",\"valueRequired\":true,\"valueName\":\"search_term_string\"}}],\"inLanguage\":\"fi\"}]}<\/script>\n<!-- \/ Yoast SEO Premium plugin. -->","yoast_head_json":{"title":"Ironiset lainausmerkki Siirtotatuoinnit - Like ink","description":"Ironisia lainausmerkki Siirtotatuointeja, suunniteltu \"The Ironic Companyn\" toimesta. Nopea toimitus, allergiayst\u00e4v\u00e4llisi\u00e4 Siirtotatuointeja ja nopea toimitus!","robots":{"index":"index","follow":"follow","max-snippet":"max-snippet:-1","max-image-preview":"max-image-preview:large","max-video-preview":"max-video-preview:-1"},"canonical":"https:\/\/likeink.com\/fi\/siirtotatuoinnit\/ironiset-lainausmerkki-siirtotatuoinnit\/","og_locale":"fi_FI","og_type":"article","og_title":"Ironiset lainausmerkki Siirtotatuoinnit \u201dThe Ironic Company\u201d","og_description":"A5-kokoinen arkki t\u00e4ynn\u00e4 ironisia lainauksia sis\u00e4lt\u00e4vi\u00e4 Siirtotatuointeja, suunniteltu ter\u00e4v\u00e4n tiimin toimesta The Ironic Companyn takaa. T\u00e4ydellinen juhliin, festareille tai tuomaan arkeen hieman sarkasmia.  Osta hauskoja lainaus Siirtotatuointeja \u2013 helppo laittaa ja pest\u00e4 pois \u2714 Nopea toimitus \u2714 Allergiayst\u00e4v\u00e4llisi\u00e4 ja hell\u00e4varaisia iholle \u2714 Helppo laittaa \u2013 aseta, kostuta, valmis! \u2714 Helppo pest\u00e4 pois  N\u00e4yt\u00e4 maailmalle huumorisi \u2013 ilman elinik\u00e4ist\u00e4 sitoutumista!  Arkin koko: A5 Tatuointien m\u00e4\u00e4r\u00e4: 12 Tatuointien koko: 30\u201365 mm","og_url":"https:\/\/likeink.com\/fi\/siirtotatuoinnit\/ironiset-lainausmerkki-siirtotatuoinnit\/","og_site_name":"Like ink","article_publisher":"https:\/\/www.facebook.com\/LikeInkSe","article_modified_time":"2026-03-17T12:36:17+00:00","og_image":[{"width":1400,"height":986,"url":"https:\/\/likeink.com\/wp-content\/uploads\/2025\/03\/StayWeirdTattoos-Likeink-1.jpg","type":"image\/jpeg"}],"twitter_card":"summary_large_image","twitter_misc":{"Arvioitu lukuaika":"1 minuutti"},"schema":{"@context":"https:\/\/schema.org","@graph":[{"@type":"WebPage","@id":"https:\/\/likeink.com\/fi\/siirtotatuoinnit\/ironiset-lainausmerkki-siirtotatuoinnit\/","url":"https:\/\/likeink.com\/fi\/siirtotatuoinnit\/ironiset-lainausmerkki-siirtotatuoinnit\/","name":"Ironiset lainausmerkki Siirtotatuoinnit - Like ink","isPartOf":{"@id":"https:\/\/likeink.com\/fi\/#website"},"primaryImageOfPage":{"@id":"https:\/\/likeink.com\/fi\/siirtotatuoinnit\/ironiset-lainausmerkki-siirtotatuoinnit\/#primaryimage"},"image":{"@id":"https:\/\/likeink.com\/fi\/siirtotatuoinnit\/ironiset-lainausmerkki-siirtotatuoinnit\/#primaryimage"},"thumbnailUrl":"https:\/\/likeink.com\/wp-content\/uploads\/2025\/03\/StayWeirdTattoos-Likeink-1.jpg","datePublished":"2025-03-25T13:33:52+00:00","dateModified":"2026-03-17T12:36:17+00:00","description":"Ironisia lainausmerkki Siirtotatuointeja, suunniteltu \"The Ironic Companyn\" toimesta. Nopea toimitus, allergiayst\u00e4v\u00e4llisi\u00e4 Siirtotatuointeja ja nopea toimitus!","breadcrumb":{"@id":"https:\/\/likeink.com\/fi\/siirtotatuoinnit\/ironiset-lainausmerkki-siirtotatuoinnit\/#breadcrumb"},"inLanguage":"fi","potentialAction":[{"@type":"ReadAction","target":["https:\/\/likeink.com\/fi\/siirtotatuoinnit\/ironiset-lainausmerkki-siirtotatuoinnit\/"]}]},{"@type":"ImageObject","inLanguage":"fi","@id":"https:\/\/likeink.com\/fi\/siirtotatuoinnit\/ironiset-lainausmerkki-siirtotatuoinnit\/#primaryimage","url":"https:\/\/likeink.com\/wp-content\/uploads\/2025\/03\/StayWeirdTattoos-Likeink-1.jpg","contentUrl":"https:\/\/likeink.com\/wp-content\/uploads\/2025\/03\/StayWeirdTattoos-Likeink-1.jpg","width":1400,"height":986,"caption":"Siirtotatuoinnit hauskoilla ja omaper\u00e4isill\u00e4 lainauksilla, kahviteemalla ja positiivisilla affirmaatioilla."},{"@type":"BreadcrumbList","@id":"https:\/\/likeink.com\/fi\/siirtotatuoinnit\/ironiset-lainausmerkki-siirtotatuoinnit\/#breadcrumb","itemListElement":[{"@type":"ListItem","position":1,"name":"Hem","item":"https:\/\/likeink.com\/fi\/"},{"@type":"ListItem","position":2,"name":"Shop","item":"https:\/\/likeink.com\/fi\/shop\/"},{"@type":"ListItem","position":3,"name":"Ironiset lainausmerkki Siirtotatuoinnit \u201dThe Ironic Company\u201d"}]},{"@type":"WebSite","@id":"https:\/\/likeink.com\/fi\/#website","url":"https:\/\/likeink.com\/fi\/","name":"Like ink","description":"Make your own custom design","potentialAction":[{"@type":"SearchAction","target":{"@type":"EntryPoint","urlTemplate":"https:\/\/likeink.com\/fi\/?s={search_term_string}"},"query-input":{"@type":"PropertyValueSpecification","valueRequired":true,"valueName":"search_term_string"}}],"inLanguage":"fi"}]}},"_links":{"self":[{"href":"https:\/\/likeink.com\/fi\/wp-json\/wp\/v2\/product\/36138","targetHints":{"allow":["GET"]}}],"collection":[{"href":"https:\/\/likeink.com\/fi\/wp-json\/wp\/v2\/product"}],"about":[{"href":"https:\/\/likeink.com\/fi\/wp-json\/wp\/v2\/types\/product"}],"wp:featuredmedia":[{"embeddable":true,"href":"https:\/\/likeink.com\/fi\/wp-json\/wp\/v2\/media\/36026"}],"wp:attachment":[{"href":"https:\/\/likeink.com\/fi\/wp-json\/wp\/v2\/media?parent=36138"}],"wp:term":[{"taxonomy":"product_brand","embeddable":true,"href":"https:\/\/likeink.com\/fi\/wp-json\/wp\/v2\/product_brand?post=36138"},{"taxonomy":"product_cat","embeddable":true,"href":"https:\/\/likeink.com\/fi\/wp-json\/wp\/v2\/product_cat?post=36138"},{"taxonomy":"product_tag","embeddable":true,"href":"https:\/\/likeink.com\/fi\/wp-json\/wp\/v2\/product_tag?post=36138"}],"curies":[{"name":"wp","href":"https:\/\/api.w.org\/{rel}","templated":true}]}}