{"id":4404,"date":"2020-12-07T21:42:44","date_gmt":"2020-12-07T21:42:44","guid":{"rendered":"https:\/\/likeink.se\/produkt\/flash-3-by-blackmagicjake-at-wimans-tattoo\/"},"modified":"2026-04-28T11:23:48","modified_gmt":"2026-04-28T11:23:48","slug":"lets-dance-wimans-tattoo","status":"publish","type":"product","link":"https:\/\/likeink.com\/fi\/siirtotatuoinnit\/lets-dance-wimans-tattoo\/","title":{"rendered":"Flash &#8220;Lets Dance&#8221; by Wimans Tattoo"},"content":{"rendered":"","protected":false},"excerpt":{"rendered":"<p>Valmiit arkkimme fake tatuoinneilla ovat noin 20\u00d715 cm kokoisia ja sis\u00e4lt\u00e4v\u00e4t kuvassa n\u00e4kyv\u00e4n designin. Painamme ja l\u00e4het\u00e4mme arkkisi v\u00e4liaikaisilla tatuoinneilla 24 tunnin kuluessa tilauksestasi. T\u00e4m\u00e4 arkki fake tatuoinneilla on suunniteltu mahtavan tatuoijan Jacob Wimanin toimesta Wimans Tattoo -studiossa Karlshamnissa. On todella hienoa voida tarjota Jaken taidetta, ja h\u00e4n on my\u00f6s tatuoinut minut oikeasti.<\/p>\n<h2>V\u00e4liaikaiset tatuoinnit Flash &#8220;Lets Dance&#8221; @blackmagicjaken suunnittelemana<\/h2>\n<p><strong>This is Jake:<\/strong><br \/>\nOlen toisen sukupolven tatuoija ja olen py\u00f6ritt\u00e4nyt omaa yrityst\u00e4ni vuodesta 2010. Olen kasvanut tatuointiliikkeen ymp\u00e4rist\u00f6ss\u00e4. Muutin hiljattain Malm\u00f6st\u00e4, jossa ty\u00f6skentelin viimeiset viisi vuotta. Nyt palaan kotikaupunkiini Karlshamniin perustamaan uuden tatuointistudion.<\/p>\n<p>Vuosien varrella olen matkustanut ymp\u00e4ri maailmaa osallistumassa tapahtumiin ja tekem\u00e4ss\u00e4 guest spot -t\u00f6it\u00e4. Olen voittanut muutamia tatuointikilpailuja, n\u00e4hnyt kauniita paikkoja, juonut v\u00e4lill\u00e4 hieman liikaa viini\u00e4, nauttinut hyv\u00e4st\u00e4 ruoasta ja ennen kaikkea saanut tavata upeita ihmisi\u00e4 alalta.<\/p>\n<p>Toivon, ett\u00e4 pid\u00e4t t\u00f6ist\u00e4ni. N\u00e4m\u00e4 ovat valikoima luonnoksia, jotka ovat vuosien varrella muuttuneet tatuoinneiksi, joita olen tehnyt ihmisille.<\/p>\n<p>Rakkaudella<br \/>\nJacob Wiman<\/p>\n<p><strong>Ota yhteytt\u00e4 Jakeen:<\/strong><\/p>\n<p><strong>Instagram:<\/strong><br \/>\n@blackmagicjake<\/p>\n<p><strong>Studio:<\/strong><br \/>\nWimans Tattoo<\/p>\n<p><strong>Osoite:<\/strong><br \/>\nNorra Fogdelyckegatan 33, 374 38 Karlshamn<\/p>\n<p><strong>Verkkosivut:<\/strong><br \/>\nwww.wimanstattoo.com<\/p>\n","protected":false},"featured_media":60163,"template":"","meta":[],"product_brand":[],"product_cat":[520,51,501],"product_tag":[],"class_list":{"0":"post-4404","1":"product","2":"type-product","3":"status-publish","4":"has-post-thumbnail","6":"product_cat-elaimet-luonto","7":"product_cat-valmiit-arkit","8":"product_cat-yhteistyot-tatuoijien-kanssa","10":"first","11":"instock","12":"taxable","13":"shipping-taxable","14":"purchasable","15":"product-type-simple"},"yoast_head":"<!-- This site is optimized with the Yoast SEO Premium plugin v27.5 (Yoast SEO v27.6) - https:\/\/yoast.com\/product\/yoast-seo-premium-wordpress\/ -->\n<title>Lets Dance by Wimans Tattoo - Like ink<\/title>\n<meta name=\"description\" content=\"Lets Dance -feikkiritarrat tatuointitaiteilija Wimans Tattoolta. Nopea toimitus ja aito tatuointituntuma! Real Fake Tattoos - Like ink\" \/>\n<meta name=\"robots\" content=\"index, follow, max-snippet:-1, max-image-preview:large, max-video-preview:-1\" \/>\n<link rel=\"canonical\" href=\"https:\/\/likeink.com\/fi\/siirtotatuoinnit\/lets-dance-wimans-tattoo\/\" \/>\n<meta property=\"og:locale\" content=\"fi_FI\" \/>\n<meta property=\"og:type\" content=\"article\" \/>\n<meta property=\"og:title\" content=\"Flash &quot;Lets Dance&quot; by Wimans Tattoo\" \/>\n<meta property=\"og:description\" content=\"Valmiit arkkimme fake tatuoinneilla ovat noin 20\u00d715 cm kokoisia ja sis\u00e4lt\u00e4v\u00e4t kuvassa n\u00e4kyv\u00e4n designin. Painamme ja l\u00e4het\u00e4mme arkkisi v\u00e4liaikaisilla tatuoinneilla 24 tunnin kuluessa tilauksestasi. T\u00e4m\u00e4 arkki fake tatuoinneilla on suunniteltu mahtavan tatuoijan Jacob Wimanin toimesta Wimans Tattoo -studiossa Karlshamnissa. On todella hienoa voida tarjota Jaken taidetta, ja h\u00e4n on my\u00f6s tatuoinut minut oikeasti. V\u00e4liaikaiset tatuoinnit Flash &quot;Lets Dance&quot; @blackmagicjaken suunnittelemana This is Jake: Olen toisen sukupolven tatuoija ja olen py\u00f6ritt\u00e4nyt omaa yrityst\u00e4ni vuodesta 2010. Olen kasvanut tatuointiliikkeen ymp\u00e4rist\u00f6ss\u00e4. Muutin hiljattain Malm\u00f6st\u00e4, jossa ty\u00f6skentelin viimeiset viisi vuotta. Nyt palaan kotikaupunkiini Karlshamniin perustamaan uuden tatuointistudion.  Vuosien varrella olen matkustanut ymp\u00e4ri maailmaa osallistumassa tapahtumiin ja tekem\u00e4ss\u00e4 guest spot -t\u00f6it\u00e4. Olen voittanut muutamia tatuointikilpailuja, n\u00e4hnyt kauniita paikkoja, juonut v\u00e4lill\u00e4 hieman liikaa viini\u00e4, nauttinut hyv\u00e4st\u00e4 ruoasta ja ennen kaikkea saanut tavata upeita ihmisi\u00e4 alalta.  Toivon, ett\u00e4 pid\u00e4t t\u00f6ist\u00e4ni. N\u00e4m\u00e4 ovat valikoima luonnoksia, jotka ovat vuosien varrella muuttuneet tatuoinneiksi, joita olen tehnyt ihmisille.  Rakkaudella Jacob Wiman  Ota yhteytt\u00e4 Jakeen:  Instagram: @blackmagicjake  Studio: Wimans Tattoo  Osoite: Norra Fogdelyckegatan 33, 374 38 Karlshamn  Verkkosivut: www.wimanstattoo.com\" \/>\n<meta property=\"og:url\" content=\"https:\/\/likeink.com\/fi\/siirtotatuoinnit\/lets-dance-wimans-tattoo\/\" \/>\n<meta property=\"og:site_name\" content=\"Like ink\" \/>\n<meta property=\"article:publisher\" content=\"https:\/\/www.facebook.com\/LikeInkSe\" \/>\n<meta property=\"article:modified_time\" content=\"2026-04-28T11:23:48+00:00\" \/>\n<meta property=\"og:image\" content=\"https:\/\/likeink.com\/wp-content\/uploads\/2026\/03\/JacobWiman-Svala-flash-likeink.jpg\" \/>\n\t<meta property=\"og:image:width\" content=\"2481\" \/>\n\t<meta property=\"og:image:height\" content=\"1749\" \/>\n\t<meta property=\"og:image:type\" content=\"image\/jpeg\" \/>\n<meta name=\"twitter:card\" content=\"summary_large_image\" \/>\n<meta name=\"twitter:label1\" content=\"Arvioitu lukuaika\" \/>\n\t<meta name=\"twitter:data1\" content=\"1 minuutti\" \/>\n<!-- \/ Yoast SEO Premium plugin. -->","yoast_head_json":{"title":"Lets Dance by Wimans Tattoo - Like ink","description":"Lets Dance -feikkiritarrat tatuointitaiteilija Wimans Tattoolta. Nopea toimitus ja aito tatuointituntuma! Real Fake Tattoos - Like ink","robots":{"index":"index","follow":"follow","max-snippet":"max-snippet:-1","max-image-preview":"max-image-preview:large","max-video-preview":"max-video-preview:-1"},"canonical":"https:\/\/likeink.com\/fi\/siirtotatuoinnit\/lets-dance-wimans-tattoo\/","og_locale":"fi_FI","og_type":"article","og_title":"Flash \"Lets Dance\" by Wimans Tattoo","og_description":"Valmiit arkkimme fake tatuoinneilla ovat noin 20\u00d715 cm kokoisia ja sis\u00e4lt\u00e4v\u00e4t kuvassa n\u00e4kyv\u00e4n designin. Painamme ja l\u00e4het\u00e4mme arkkisi v\u00e4liaikaisilla tatuoinneilla 24 tunnin kuluessa tilauksestasi. T\u00e4m\u00e4 arkki fake tatuoinneilla on suunniteltu mahtavan tatuoijan Jacob Wimanin toimesta Wimans Tattoo -studiossa Karlshamnissa. On todella hienoa voida tarjota Jaken taidetta, ja h\u00e4n on my\u00f6s tatuoinut minut oikeasti. V\u00e4liaikaiset tatuoinnit Flash \"Lets Dance\" @blackmagicjaken suunnittelemana This is Jake: Olen toisen sukupolven tatuoija ja olen py\u00f6ritt\u00e4nyt omaa yrityst\u00e4ni vuodesta 2010. Olen kasvanut tatuointiliikkeen ymp\u00e4rist\u00f6ss\u00e4. Muutin hiljattain Malm\u00f6st\u00e4, jossa ty\u00f6skentelin viimeiset viisi vuotta. Nyt palaan kotikaupunkiini Karlshamniin perustamaan uuden tatuointistudion.  Vuosien varrella olen matkustanut ymp\u00e4ri maailmaa osallistumassa tapahtumiin ja tekem\u00e4ss\u00e4 guest spot -t\u00f6it\u00e4. Olen voittanut muutamia tatuointikilpailuja, n\u00e4hnyt kauniita paikkoja, juonut v\u00e4lill\u00e4 hieman liikaa viini\u00e4, nauttinut hyv\u00e4st\u00e4 ruoasta ja ennen kaikkea saanut tavata upeita ihmisi\u00e4 alalta.  Toivon, ett\u00e4 pid\u00e4t t\u00f6ist\u00e4ni. N\u00e4m\u00e4 ovat valikoima luonnoksia, jotka ovat vuosien varrella muuttuneet tatuoinneiksi, joita olen tehnyt ihmisille.  Rakkaudella Jacob Wiman  Ota yhteytt\u00e4 Jakeen:  Instagram: @blackmagicjake  Studio: Wimans Tattoo  Osoite: Norra Fogdelyckegatan 33, 374 38 Karlshamn  Verkkosivut: www.wimanstattoo.com","og_url":"https:\/\/likeink.com\/fi\/siirtotatuoinnit\/lets-dance-wimans-tattoo\/","og_site_name":"Like ink","article_publisher":"https:\/\/www.facebook.com\/LikeInkSe","article_modified_time":"2026-04-28T11:23:48+00:00","og_image":[{"width":2481,"height":1749,"url":"https:\/\/likeink.com\/wp-content\/uploads\/2026\/03\/JacobWiman-Svala-flash-likeink.jpg","type":"image\/jpeg"}],"twitter_card":"summary_large_image","twitter_misc":{"Arvioitu lukuaika":"1 minuutti"},"schema":{"@context":"https:\/\/schema.org","@graph":[{"@type":"WebPage","@id":"https:\/\/likeink.com\/fi\/siirtotatuoinnit\/lets-dance-wimans-tattoo\/","url":"https:\/\/likeink.com\/fi\/siirtotatuoinnit\/lets-dance-wimans-tattoo\/","name":"Lets Dance by Wimans Tattoo - Like ink","isPartOf":{"@id":"https:\/\/likeink.com\/fi\/#website"},"primaryImageOfPage":{"@id":"https:\/\/likeink.com\/fi\/siirtotatuoinnit\/lets-dance-wimans-tattoo\/#primaryimage"},"image":{"@id":"https:\/\/likeink.com\/fi\/siirtotatuoinnit\/lets-dance-wimans-tattoo\/#primaryimage"},"thumbnailUrl":"https:\/\/likeink.com\/wp-content\/uploads\/2026\/03\/JacobWiman-Svala-flash-likeink.jpg","datePublished":"2020-12-07T21:42:44+00:00","dateModified":"2026-04-28T11:23:48+00:00","description":"Lets Dance -feikkiritarrat tatuointitaiteilija Wimans Tattoolta. Nopea toimitus ja aito tatuointituntuma! Real Fake Tattoos - Like ink","breadcrumb":{"@id":"https:\/\/likeink.com\/fi\/siirtotatuoinnit\/lets-dance-wimans-tattoo\/#breadcrumb"},"inLanguage":"fi","potentialAction":[{"@type":"ReadAction","target":["https:\/\/likeink.com\/fi\/siirtotatuoinnit\/lets-dance-wimans-tattoo\/"]}]},{"@type":"ImageObject","inLanguage":"fi","@id":"https:\/\/likeink.com\/fi\/siirtotatuoinnit\/lets-dance-wimans-tattoo\/#primaryimage","url":"https:\/\/likeink.com\/wp-content\/uploads\/2026\/03\/JacobWiman-Svala-flash-likeink.jpg","contentUrl":"https:\/\/likeink.com\/wp-content\/uploads\/2026\/03\/JacobWiman-Svala-flash-likeink.jpg","width":2481,"height":1749,"caption":"Kollaasi v\u00e4rikk\u00e4ist\u00e4 tatuointityylisist\u00e4 kuvituksista, kuten linnuista, hyppiv\u00e4st\u00e4 ketusta, kotkasta, karjuvasta karhusta, kahdesta tyylitellyst\u00e4 naisesta, joissa on kukka- ja k\u00f6ynn\u00f6stietoja, arkusta ja sudenp\u00e4ist\u00e4, joissa on rohkeita \u00e4\u00e4riviivoja ja elinvoimaisia korostuksia."},{"@type":"BreadcrumbList","@id":"https:\/\/likeink.com\/fi\/siirtotatuoinnit\/lets-dance-wimans-tattoo\/#breadcrumb","itemListElement":[{"@type":"ListItem","position":1,"name":"Hem","item":"https:\/\/likeink.com\/fi\/"},{"@type":"ListItem","position":2,"name":"Shop","item":"https:\/\/likeink.com\/fi\/shop\/"},{"@type":"ListItem","position":3,"name":"Flash &#8220;Lets Dance&#8221; by Wimans Tattoo"}]},{"@type":"WebSite","@id":"https:\/\/likeink.com\/fi\/#website","url":"https:\/\/likeink.com\/fi\/","name":"Like ink","description":"Make your own custom design","potentialAction":[{"@type":"SearchAction","target":{"@type":"EntryPoint","urlTemplate":"https:\/\/likeink.com\/fi\/?s={search_term_string}"},"query-input":{"@type":"PropertyValueSpecification","valueRequired":true,"valueName":"search_term_string"}}],"inLanguage":"fi"}]}},"_links":{"self":[{"href":"https:\/\/likeink.com\/fi\/wp-json\/wp\/v2\/product\/4404","targetHints":{"allow":["GET"]}}],"collection":[{"href":"https:\/\/likeink.com\/fi\/wp-json\/wp\/v2\/product"}],"about":[{"href":"https:\/\/likeink.com\/fi\/wp-json\/wp\/v2\/types\/product"}],"wp:featuredmedia":[{"embeddable":true,"href":"https:\/\/likeink.com\/fi\/wp-json\/wp\/v2\/media\/60163"}],"wp:attachment":[{"href":"https:\/\/likeink.com\/fi\/wp-json\/wp\/v2\/media?parent=4404"}],"wp:term":[{"taxonomy":"product_brand","embeddable":true,"href":"https:\/\/likeink.com\/fi\/wp-json\/wp\/v2\/product_brand?post=4404"},{"taxonomy":"product_cat","embeddable":true,"href":"https:\/\/likeink.com\/fi\/wp-json\/wp\/v2\/product_cat?post=4404"},{"taxonomy":"product_tag","embeddable":true,"href":"https:\/\/likeink.com\/fi\/wp-json\/wp\/v2\/product_tag?post=4404"}],"curies":[{"name":"wp","href":"https:\/\/api.w.org\/{rel}","templated":true}]}}