{"id":4620,"date":"2021-02-09T14:39:29","date_gmt":"2021-02-09T14:39:29","guid":{"rendered":"https:\/\/likeink.se\/produkt\/pridetatueringar\/"},"modified":"2021-02-09T14:39:29","modified_gmt":"2021-02-09T14:39:29","slug":"pridetatueringar","status":"publish","type":"product","link":"https:\/\/likeink.com\/fi\/temporary-tattoo\/pridetatueringar\/","title":{"rendered":"Pride tattoos"},"content":{"rendered":"","protected":false},"excerpt":{"rendered":"<p>Vores f\u00e6rdige ark med engangstatoveringer m\u00e5ler ca. 20 x 15 cm og er udfyldt med det design, du ser p\u00e5 billedet. M\u00e5ske kan du lide det, du ser, eller m\u00e5ske vil du kvalitetssikre standarden, inden du placerer en st\u00f8rre ordre med dit eget design. Uanset hvad du v\u00e6lger, trykker vi og sender dit ark med engangstatoveringer inden for 24 timer efter bestilling.<\/p>\n","protected":false},"featured_media":0,"template":"","meta":[],"product_brand":[],"product_cat":[16],"product_tag":[],"class_list":{"0":"post-4620","1":"product","2":"type-product","3":"status-publish","5":"product_cat-okategoriserad","7":"first","8":"instock","9":"taxable","10":"shipping-taxable","11":"product-type-simple"},"yoast_head":"<!-- This site is optimized with the Yoast SEO Premium plugin v26.2 (Yoast SEO v27.4) - https:\/\/yoast.com\/product\/yoast-seo-premium-wordpress\/ -->\n<title>Pride tattoos | Like Ink<\/title>\n<meta name=\"description\" content=\"Pride tattoos. Skin-safe temporary tattoos. Fast 24h delivery &amp; free shipping over \u20ac25. From Sweden. Made in Sweden. Ships within 24h. Vegan &amp; skin-safe.\" \/>\n<meta name=\"robots\" content=\"index, follow, max-snippet:-1, max-image-preview:large, max-video-preview:-1\" \/>\n<link rel=\"canonical\" href=\"https:\/\/likeink.com\/fi\/temporary-tattoo\/pridetatueringar\/\" \/>\n<meta property=\"og:locale\" content=\"fi_FI\" \/>\n<meta property=\"og:type\" content=\"article\" \/>\n<meta property=\"og:title\" content=\"Pride tattoos\" \/>\n<meta property=\"og:description\" content=\"Vores f\u00e6rdige ark med engangstatoveringer m\u00e5ler ca. 20 x 15 cm og er udfyldt med det design, du ser p\u00e5 billedet. M\u00e5ske kan du lide det, du ser, eller m\u00e5ske vil du kvalitetssikre standarden, inden du placerer en st\u00f8rre ordre med dit eget design. Uanset hvad du v\u00e6lger, trykker vi og sender dit ark med engangstatoveringer inden for 24 timer efter bestilling.\" \/>\n<meta property=\"og:url\" content=\"https:\/\/likeink.com\/temporary-tattoo\/pridetatueringar\/\" \/>\n<meta property=\"og:site_name\" content=\"Like ink\" \/>\n<meta property=\"article:publisher\" content=\"https:\/\/www.facebook.com\/LikeInkSe\" \/>\n<meta name=\"twitter:card\" content=\"summary_large_image\" \/>\n<script type=\"application\/ld+json\" class=\"yoast-schema-graph\">{\"@context\":\"https:\\\/\\\/schema.org\",\"@graph\":[{\"@type\":\"WebPage\",\"@id\":\"https:\\\/\\\/likeink.com\\\/fi\\\/temporary-tattoo\\\/pridetatueringar\\\/\",\"url\":\"https:\\\/\\\/likeink.com\\\/temporary-tattoo\\\/pridetatueringar\\\/\",\"name\":\"Pride tattoos | Like Ink\",\"isPartOf\":{\"@id\":\"https:\\\/\\\/likeink.com\\\/fi\\\/#website\"},\"datePublished\":\"2021-02-09T14:39:29+00:00\",\"description\":\"Pride tattoos. Skin-safe temporary tattoos. Fast 24h delivery & free shipping over \u20ac25. From Sweden. Made in Sweden. Ships within 24h. Vegan & skin-safe.\",\"breadcrumb\":{\"@id\":\"https:\\\/\\\/likeink.com\\\/temporary-tattoo\\\/pridetatueringar\\\/#breadcrumb\"},\"inLanguage\":\"fi\",\"potentialAction\":[{\"@type\":\"ReadAction\",\"target\":[\"https:\\\/\\\/likeink.com\\\/temporary-tattoo\\\/pridetatueringar\\\/\"]}]},{\"@type\":\"BreadcrumbList\",\"@id\":\"https:\\\/\\\/likeink.com\\\/temporary-tattoo\\\/pridetatueringar\\\/#breadcrumb\",\"itemListElement\":[{\"@type\":\"ListItem\",\"position\":1,\"name\":\"Hem\",\"item\":\"https:\\\/\\\/likeink.com\\\/fi\\\/\"},{\"@type\":\"ListItem\",\"position\":2,\"name\":\"Shop\",\"item\":\"https:\\\/\\\/likeink.com\\\/fi\\\/shop\\\/\"},{\"@type\":\"ListItem\",\"position\":3,\"name\":\"Pride tattoos\"}]},{\"@type\":\"WebSite\",\"@id\":\"https:\\\/\\\/likeink.com\\\/fi\\\/#website\",\"url\":\"https:\\\/\\\/likeink.com\\\/fi\\\/\",\"name\":\"Like ink\",\"description\":\"Make your own custom design\",\"potentialAction\":[{\"@type\":\"SearchAction\",\"target\":{\"@type\":\"EntryPoint\",\"urlTemplate\":\"https:\\\/\\\/likeink.com\\\/fi\\\/?s={search_term_string}\"},\"query-input\":{\"@type\":\"PropertyValueSpecification\",\"valueRequired\":true,\"valueName\":\"search_term_string\"}}],\"inLanguage\":\"fi\"}]}<\/script>\n<!-- \/ Yoast SEO Premium plugin. -->","yoast_head_json":{"title":"Pride tattoos | Like Ink","description":"Pride tattoos. Skin-safe temporary tattoos. Fast 24h delivery & free shipping over \u20ac25. From Sweden. Made in Sweden. Ships within 24h. Vegan & skin-safe.","robots":{"index":"index","follow":"follow","max-snippet":"max-snippet:-1","max-image-preview":"max-image-preview:large","max-video-preview":"max-video-preview:-1"},"canonical":"https:\/\/likeink.com\/fi\/temporary-tattoo\/pridetatueringar\/","og_locale":"fi_FI","og_type":"article","og_title":"Pride tattoos","og_description":"Vores f\u00e6rdige ark med engangstatoveringer m\u00e5ler ca. 20 x 15 cm og er udfyldt med det design, du ser p\u00e5 billedet. M\u00e5ske kan du lide det, du ser, eller m\u00e5ske vil du kvalitetssikre standarden, inden du placerer en st\u00f8rre ordre med dit eget design. Uanset hvad du v\u00e6lger, trykker vi og sender dit ark med engangstatoveringer inden for 24 timer efter bestilling.","og_url":"https:\/\/likeink.com\/temporary-tattoo\/pridetatueringar\/","og_site_name":"Like ink","article_publisher":"https:\/\/www.facebook.com\/LikeInkSe","twitter_card":"summary_large_image","schema":{"@context":"https:\/\/schema.org","@graph":[{"@type":"WebPage","@id":"https:\/\/likeink.com\/fi\/temporary-tattoo\/pridetatueringar\/","url":"https:\/\/likeink.com\/temporary-tattoo\/pridetatueringar\/","name":"Pride tattoos | Like Ink","isPartOf":{"@id":"https:\/\/likeink.com\/fi\/#website"},"datePublished":"2021-02-09T14:39:29+00:00","description":"Pride tattoos. Skin-safe temporary tattoos. Fast 24h delivery & free shipping over \u20ac25. From Sweden. Made in Sweden. Ships within 24h. Vegan & skin-safe.","breadcrumb":{"@id":"https:\/\/likeink.com\/temporary-tattoo\/pridetatueringar\/#breadcrumb"},"inLanguage":"fi","potentialAction":[{"@type":"ReadAction","target":["https:\/\/likeink.com\/temporary-tattoo\/pridetatueringar\/"]}]},{"@type":"BreadcrumbList","@id":"https:\/\/likeink.com\/temporary-tattoo\/pridetatueringar\/#breadcrumb","itemListElement":[{"@type":"ListItem","position":1,"name":"Hem","item":"https:\/\/likeink.com\/fi\/"},{"@type":"ListItem","position":2,"name":"Shop","item":"https:\/\/likeink.com\/fi\/shop\/"},{"@type":"ListItem","position":3,"name":"Pride tattoos"}]},{"@type":"WebSite","@id":"https:\/\/likeink.com\/fi\/#website","url":"https:\/\/likeink.com\/fi\/","name":"Like ink","description":"Make your own custom design","potentialAction":[{"@type":"SearchAction","target":{"@type":"EntryPoint","urlTemplate":"https:\/\/likeink.com\/fi\/?s={search_term_string}"},"query-input":{"@type":"PropertyValueSpecification","valueRequired":true,"valueName":"search_term_string"}}],"inLanguage":"fi"}]}},"_links":{"self":[{"href":"https:\/\/likeink.com\/fi\/wp-json\/wp\/v2\/product\/4620","targetHints":{"allow":["GET"]}}],"collection":[{"href":"https:\/\/likeink.com\/fi\/wp-json\/wp\/v2\/product"}],"about":[{"href":"https:\/\/likeink.com\/fi\/wp-json\/wp\/v2\/types\/product"}],"wp:attachment":[{"href":"https:\/\/likeink.com\/fi\/wp-json\/wp\/v2\/media?parent=4620"}],"wp:term":[{"taxonomy":"product_brand","embeddable":true,"href":"https:\/\/likeink.com\/fi\/wp-json\/wp\/v2\/product_brand?post=4620"},{"taxonomy":"product_cat","embeddable":true,"href":"https:\/\/likeink.com\/fi\/wp-json\/wp\/v2\/product_cat?post=4620"},{"taxonomy":"product_tag","embeddable":true,"href":"https:\/\/likeink.com\/fi\/wp-json\/wp\/v2\/product_tag?post=4620"}],"curies":[{"name":"wp","href":"https:\/\/api.w.org\/{rel}","templated":true}]}}