{"id":48139,"date":"2025-06-26T13:34:50","date_gmt":"2025-06-26T13:34:50","guid":{"rendered":"https:\/\/likeink.com\/gnuggis\/temporary-tattoo-sheet-classic-like-ink-style-a6\/"},"modified":"2026-03-17T12:36:29","modified_gmt":"2026-03-17T12:36:29","slug":"kokoinen-siirtotatuointilehti-classic-ink-style","status":"publish","type":"product","link":"https:\/\/likeink.com\/fi\/siirtotatuoinnit\/kokoinen-siirtotatuointilehti-classic-ink-style\/","title":{"rendered":"Kokoinen Siirtotatuointilehti \u2013 Classic Ink Style"},"content":{"rendered":"","protected":false},"excerpt":{"rendered":"<p><strong data-start=\"1331\" data-end=\"1401\">A6-kokoinen Siirtotatuointilehti \u2013 Classic Ink Style.<\/strong><\/p>\n<p><br data-start=\"1401\" data-end=\"1404\" \/>Lis\u00e4\u00e4 asennetta tyyliisi A6-kokoisella arkilla, jossa on 14 ainutlaatuista kuviota \u2013 ankkurit, syd\u00e4met, t\u00e4hdet, p\u00e4\u00e4kallot, vihre\u00e4 kissa ja paljon muuta. Helppo kiinnitt\u00e4\u00e4, hauska k\u00e4ytt\u00e4\u00e4 \u2013 sopii juhliin, tapahtumiin tai arkiseen itseilmaisuun ilman pysyv\u00e4\u00e4 mustetta.<\/p>\n<p><br data-start=\"1670\" data-end=\"1673\" \/><strong data-start=\"1673\" data-end=\"1682\">Koko:<\/strong> A6<\/p>\n<p><strong data-start=\"1686\" data-end=\"1708\">Tatuointien m\u00e4\u00e4r\u00e4:<\/strong> 14<\/p>\n","protected":false},"featured_media":48130,"template":"","meta":[],"product_brand":[],"product_cat":[219,51],"product_tag":[],"class_list":{"0":"post-48139","1":"product","2":"type-product","3":"status-publish","4":"has-post-thumbnail","6":"product_cat-muut-tatuoinnit","7":"product_cat-valmiit-arkit","9":"first","10":"instock","11":"taxable","12":"shipping-taxable","13":"purchasable","14":"product-type-simple"},"yoast_head":"<!-- This site is optimized with the Yoast SEO Premium plugin v26.2 (Yoast SEO v27.4) - https:\/\/yoast.com\/product\/yoast-seo-premium-wordpress\/ -->\n<title>Kokoinen Siirtotatuointilehti | 14 V\u00e4liaikaista Tattooa - Like ink<\/title>\n<meta name=\"description\" content=\"Tilaa tyylik\u00e4s A6-lehti, jossa 14 klassista v\u00e4liaikaista tatuointia \u2013 p\u00e4\u00e4kallo, ankkuri, syd\u00e4n, t\u00e4hti\u00e4 &amp; muuta. T\u00e4ydellinen festareille, bileisiin ja arkeen!\" \/>\n<meta name=\"robots\" content=\"index, follow, max-snippet:-1, max-image-preview:large, max-video-preview:-1\" \/>\n<link rel=\"canonical\" href=\"https:\/\/likeink.com\/fi\/siirtotatuoinnit\/kokoinen-siirtotatuointilehti-classic-ink-style\/\" \/>\n<meta property=\"og:locale\" content=\"fi_FI\" \/>\n<meta property=\"og:type\" content=\"article\" \/>\n<meta property=\"og:title\" content=\"Kokoinen Siirtotatuointilehti \u2013 Classic Ink Style\" \/>\n<meta property=\"og:description\" content=\"A6-kokoinen Siirtotatuointilehti \u2013 Classic Ink Style.  Lis\u00e4\u00e4 asennetta tyyliisi A6-kokoisella arkilla, jossa on 14 ainutlaatuista kuviota \u2013 ankkurit, syd\u00e4met, t\u00e4hdet, p\u00e4\u00e4kallot, vihre\u00e4 kissa ja paljon muuta. Helppo kiinnitt\u00e4\u00e4, hauska k\u00e4ytt\u00e4\u00e4 \u2013 sopii juhliin, tapahtumiin tai arkiseen itseilmaisuun ilman pysyv\u00e4\u00e4 mustetta.  Koko: A6  Tatuointien m\u00e4\u00e4r\u00e4: 14\" \/>\n<meta property=\"og:url\" content=\"https:\/\/likeink.com\/fi\/siirtotatuoinnit\/kokoinen-siirtotatuointilehti-classic-ink-style\/\" \/>\n<meta property=\"og:site_name\" content=\"Like ink\" \/>\n<meta property=\"article:publisher\" content=\"https:\/\/www.facebook.com\/LikeInkSe\" \/>\n<meta property=\"article:modified_time\" content=\"2026-03-17T12:36:29+00:00\" \/>\n<meta property=\"og:image\" content=\"https:\/\/likeink.com\/wp-content\/uploads\/2025\/06\/Likeink-ark-testark-temporaratatueringar.jpg\" \/>\n\t<meta property=\"og:image:width\" content=\"1600\" \/>\n\t<meta property=\"og:image:height\" content=\"1127\" \/>\n\t<meta property=\"og:image:type\" content=\"image\/jpeg\" \/>\n<meta name=\"twitter:card\" content=\"summary_large_image\" \/>\n<meta name=\"twitter:label1\" content=\"Arvioitu lukuaika\" \/>\n\t<meta name=\"twitter:data1\" content=\"1 minuutti\" \/>\n<script type=\"application\/ld+json\" class=\"yoast-schema-graph\">{\"@context\":\"https:\\\/\\\/schema.org\",\"@graph\":[{\"@type\":\"WebPage\",\"@id\":\"https:\\\/\\\/likeink.com\\\/fi\\\/siirtotatuoinnit\\\/kokoinen-siirtotatuointilehti-classic-ink-style\\\/\",\"url\":\"https:\\\/\\\/likeink.com\\\/fi\\\/siirtotatuoinnit\\\/kokoinen-siirtotatuointilehti-classic-ink-style\\\/\",\"name\":\"Kokoinen Siirtotatuointilehti | 14 V\u00e4liaikaista Tattooa - Like ink\",\"isPartOf\":{\"@id\":\"https:\\\/\\\/likeink.com\\\/fi\\\/#website\"},\"primaryImageOfPage\":{\"@id\":\"https:\\\/\\\/likeink.com\\\/fi\\\/siirtotatuoinnit\\\/kokoinen-siirtotatuointilehti-classic-ink-style\\\/#primaryimage\"},\"image\":{\"@id\":\"https:\\\/\\\/likeink.com\\\/fi\\\/siirtotatuoinnit\\\/kokoinen-siirtotatuointilehti-classic-ink-style\\\/#primaryimage\"},\"thumbnailUrl\":\"https:\\\/\\\/likeink.com\\\/wp-content\\\/uploads\\\/2025\\\/06\\\/Likeink-ark-testark-temporaratatueringar.jpg\",\"datePublished\":\"2025-06-26T13:34:50+00:00\",\"dateModified\":\"2026-03-17T12:36:29+00:00\",\"description\":\"Tilaa tyylik\u00e4s A6-lehti, jossa 14 klassista v\u00e4liaikaista tatuointia \u2013 p\u00e4\u00e4kallo, ankkuri, syd\u00e4n, t\u00e4hti\u00e4 & muuta. T\u00e4ydellinen festareille, bileisiin ja arkeen!\",\"breadcrumb\":{\"@id\":\"https:\\\/\\\/likeink.com\\\/fi\\\/siirtotatuoinnit\\\/kokoinen-siirtotatuointilehti-classic-ink-style\\\/#breadcrumb\"},\"inLanguage\":\"fi\",\"potentialAction\":[{\"@type\":\"ReadAction\",\"target\":[\"https:\\\/\\\/likeink.com\\\/fi\\\/siirtotatuoinnit\\\/kokoinen-siirtotatuointilehti-classic-ink-style\\\/\"]}]},{\"@type\":\"ImageObject\",\"inLanguage\":\"fi\",\"@id\":\"https:\\\/\\\/likeink.com\\\/fi\\\/siirtotatuoinnit\\\/kokoinen-siirtotatuointilehti-classic-ink-style\\\/#primaryimage\",\"url\":\"https:\\\/\\\/likeink.com\\\/wp-content\\\/uploads\\\/2025\\\/06\\\/Likeink-ark-testark-temporaratatueringar.jpg\",\"contentUrl\":\"https:\\\/\\\/likeink.com\\\/wp-content\\\/uploads\\\/2025\\\/06\\\/Likeink-ark-testark-temporaratatueringar.jpg\",\"width\":1600,\"height\":1127,\"caption\":\"Monipuolinen siirtotatuoinnit-arkki, jossa on ankkureita, syd\u00e4mi\u00e4, p\u00e4\u00e4kallo, kissa, t\u00e4hti\u00e4 ja tekstej\u00e4 kuten \u201cLOVE FOR ALL\u201d ja \u201cPERMANENT.\"},{\"@type\":\"BreadcrumbList\",\"@id\":\"https:\\\/\\\/likeink.com\\\/fi\\\/siirtotatuoinnit\\\/kokoinen-siirtotatuointilehti-classic-ink-style\\\/#breadcrumb\",\"itemListElement\":[{\"@type\":\"ListItem\",\"position\":1,\"name\":\"Hem\",\"item\":\"https:\\\/\\\/likeink.com\\\/fi\\\/\"},{\"@type\":\"ListItem\",\"position\":2,\"name\":\"Shop\",\"item\":\"https:\\\/\\\/likeink.com\\\/fi\\\/shop\\\/\"},{\"@type\":\"ListItem\",\"position\":3,\"name\":\"Kokoinen Siirtotatuointilehti \u2013 Classic Ink Style\"}]},{\"@type\":\"WebSite\",\"@id\":\"https:\\\/\\\/likeink.com\\\/fi\\\/#website\",\"url\":\"https:\\\/\\\/likeink.com\\\/fi\\\/\",\"name\":\"Like ink\",\"description\":\"Make your own custom design\",\"potentialAction\":[{\"@type\":\"SearchAction\",\"target\":{\"@type\":\"EntryPoint\",\"urlTemplate\":\"https:\\\/\\\/likeink.com\\\/fi\\\/?s={search_term_string}\"},\"query-input\":{\"@type\":\"PropertyValueSpecification\",\"valueRequired\":true,\"valueName\":\"search_term_string\"}}],\"inLanguage\":\"fi\"}]}<\/script>\n<!-- \/ Yoast SEO Premium plugin. -->","yoast_head_json":{"title":"Kokoinen Siirtotatuointilehti | 14 V\u00e4liaikaista Tattooa - Like ink","description":"Tilaa tyylik\u00e4s A6-lehti, jossa 14 klassista v\u00e4liaikaista tatuointia \u2013 p\u00e4\u00e4kallo, ankkuri, syd\u00e4n, t\u00e4hti\u00e4 & muuta. T\u00e4ydellinen festareille, bileisiin ja arkeen!","robots":{"index":"index","follow":"follow","max-snippet":"max-snippet:-1","max-image-preview":"max-image-preview:large","max-video-preview":"max-video-preview:-1"},"canonical":"https:\/\/likeink.com\/fi\/siirtotatuoinnit\/kokoinen-siirtotatuointilehti-classic-ink-style\/","og_locale":"fi_FI","og_type":"article","og_title":"Kokoinen Siirtotatuointilehti \u2013 Classic Ink Style","og_description":"A6-kokoinen Siirtotatuointilehti \u2013 Classic Ink Style.  Lis\u00e4\u00e4 asennetta tyyliisi A6-kokoisella arkilla, jossa on 14 ainutlaatuista kuviota \u2013 ankkurit, syd\u00e4met, t\u00e4hdet, p\u00e4\u00e4kallot, vihre\u00e4 kissa ja paljon muuta. Helppo kiinnitt\u00e4\u00e4, hauska k\u00e4ytt\u00e4\u00e4 \u2013 sopii juhliin, tapahtumiin tai arkiseen itseilmaisuun ilman pysyv\u00e4\u00e4 mustetta.  Koko: A6  Tatuointien m\u00e4\u00e4r\u00e4: 14","og_url":"https:\/\/likeink.com\/fi\/siirtotatuoinnit\/kokoinen-siirtotatuointilehti-classic-ink-style\/","og_site_name":"Like ink","article_publisher":"https:\/\/www.facebook.com\/LikeInkSe","article_modified_time":"2026-03-17T12:36:29+00:00","og_image":[{"width":1600,"height":1127,"url":"https:\/\/likeink.com\/wp-content\/uploads\/2025\/06\/Likeink-ark-testark-temporaratatueringar.jpg","type":"image\/jpeg"}],"twitter_card":"summary_large_image","twitter_misc":{"Arvioitu lukuaika":"1 minuutti"},"schema":{"@context":"https:\/\/schema.org","@graph":[{"@type":"WebPage","@id":"https:\/\/likeink.com\/fi\/siirtotatuoinnit\/kokoinen-siirtotatuointilehti-classic-ink-style\/","url":"https:\/\/likeink.com\/fi\/siirtotatuoinnit\/kokoinen-siirtotatuointilehti-classic-ink-style\/","name":"Kokoinen Siirtotatuointilehti | 14 V\u00e4liaikaista Tattooa - Like ink","isPartOf":{"@id":"https:\/\/likeink.com\/fi\/#website"},"primaryImageOfPage":{"@id":"https:\/\/likeink.com\/fi\/siirtotatuoinnit\/kokoinen-siirtotatuointilehti-classic-ink-style\/#primaryimage"},"image":{"@id":"https:\/\/likeink.com\/fi\/siirtotatuoinnit\/kokoinen-siirtotatuointilehti-classic-ink-style\/#primaryimage"},"thumbnailUrl":"https:\/\/likeink.com\/wp-content\/uploads\/2025\/06\/Likeink-ark-testark-temporaratatueringar.jpg","datePublished":"2025-06-26T13:34:50+00:00","dateModified":"2026-03-17T12:36:29+00:00","description":"Tilaa tyylik\u00e4s A6-lehti, jossa 14 klassista v\u00e4liaikaista tatuointia \u2013 p\u00e4\u00e4kallo, ankkuri, syd\u00e4n, t\u00e4hti\u00e4 & muuta. T\u00e4ydellinen festareille, bileisiin ja arkeen!","breadcrumb":{"@id":"https:\/\/likeink.com\/fi\/siirtotatuoinnit\/kokoinen-siirtotatuointilehti-classic-ink-style\/#breadcrumb"},"inLanguage":"fi","potentialAction":[{"@type":"ReadAction","target":["https:\/\/likeink.com\/fi\/siirtotatuoinnit\/kokoinen-siirtotatuointilehti-classic-ink-style\/"]}]},{"@type":"ImageObject","inLanguage":"fi","@id":"https:\/\/likeink.com\/fi\/siirtotatuoinnit\/kokoinen-siirtotatuointilehti-classic-ink-style\/#primaryimage","url":"https:\/\/likeink.com\/wp-content\/uploads\/2025\/06\/Likeink-ark-testark-temporaratatueringar.jpg","contentUrl":"https:\/\/likeink.com\/wp-content\/uploads\/2025\/06\/Likeink-ark-testark-temporaratatueringar.jpg","width":1600,"height":1127,"caption":"Monipuolinen siirtotatuoinnit-arkki, jossa on ankkureita, syd\u00e4mi\u00e4, p\u00e4\u00e4kallo, kissa, t\u00e4hti\u00e4 ja tekstej\u00e4 kuten \u201cLOVE FOR ALL\u201d ja \u201cPERMANENT."},{"@type":"BreadcrumbList","@id":"https:\/\/likeink.com\/fi\/siirtotatuoinnit\/kokoinen-siirtotatuointilehti-classic-ink-style\/#breadcrumb","itemListElement":[{"@type":"ListItem","position":1,"name":"Hem","item":"https:\/\/likeink.com\/fi\/"},{"@type":"ListItem","position":2,"name":"Shop","item":"https:\/\/likeink.com\/fi\/shop\/"},{"@type":"ListItem","position":3,"name":"Kokoinen Siirtotatuointilehti \u2013 Classic Ink Style"}]},{"@type":"WebSite","@id":"https:\/\/likeink.com\/fi\/#website","url":"https:\/\/likeink.com\/fi\/","name":"Like ink","description":"Make your own custom design","potentialAction":[{"@type":"SearchAction","target":{"@type":"EntryPoint","urlTemplate":"https:\/\/likeink.com\/fi\/?s={search_term_string}"},"query-input":{"@type":"PropertyValueSpecification","valueRequired":true,"valueName":"search_term_string"}}],"inLanguage":"fi"}]}},"_links":{"self":[{"href":"https:\/\/likeink.com\/fi\/wp-json\/wp\/v2\/product\/48139","targetHints":{"allow":["GET"]}}],"collection":[{"href":"https:\/\/likeink.com\/fi\/wp-json\/wp\/v2\/product"}],"about":[{"href":"https:\/\/likeink.com\/fi\/wp-json\/wp\/v2\/types\/product"}],"wp:featuredmedia":[{"embeddable":true,"href":"https:\/\/likeink.com\/fi\/wp-json\/wp\/v2\/media\/48130"}],"wp:attachment":[{"href":"https:\/\/likeink.com\/fi\/wp-json\/wp\/v2\/media?parent=48139"}],"wp:term":[{"taxonomy":"product_brand","embeddable":true,"href":"https:\/\/likeink.com\/fi\/wp-json\/wp\/v2\/product_brand?post=48139"},{"taxonomy":"product_cat","embeddable":true,"href":"https:\/\/likeink.com\/fi\/wp-json\/wp\/v2\/product_cat?post=48139"},{"taxonomy":"product_tag","embeddable":true,"href":"https:\/\/likeink.com\/fi\/wp-json\/wp\/v2\/product_tag?post=48139"}],"curies":[{"name":"wp","href":"https:\/\/api.w.org\/{rel}","templated":true}]}}