{"id":4940,"date":"2021-03-18T13:24:53","date_gmt":"2021-03-18T13:24:53","guid":{"rendered":"https:\/\/likeink.se\/produkt\/flash-2-by-annica-at-akkas-tattoo\/"},"modified":"2026-04-28T08:49:25","modified_gmt":"2026-04-28T08:49:25","slug":"flash-skulls-akkas-tattoo","status":"publish","type":"product","link":"https:\/\/likeink.com\/fi\/siirtotatuoinnit\/flash-skulls-akkas-tattoo\/","title":{"rendered":"Flash &#8220;Skulls&#8221; by Studio by Akka"},"content":{"rendered":"","protected":false},"excerpt":{"rendered":"<p>Valmiit arkkimme v\u00e4liaikaisilla tatuoinneilla ovat noin 20\u00d715 cm kokoisia ja sis\u00e4lt\u00e4v\u00e4t kuvassa n\u00e4kyv\u00e4n designin. Painamme ja l\u00e4het\u00e4mme arkkisi 24 tunnin kuluessa tilauksestasi.<\/p>\n<p>T\u00e4m\u00e4 arkki on suunniteltu Annican toimesta, joka py\u00f6ritt\u00e4\u00e4 Akkas Tattoo -studiota. Todella hienoja tatuointimalleja, eik\u00f6?<\/p>\n<h2>V\u00e4liaikaiset tatuoinnit Flash &#8220;Skulls&#8221; Annicalta<\/h2>\n<p><strong>T\u00e4ss\u00e4 on Annica:<\/strong><br \/>\nOlen aina rakastanut piirt\u00e4mist\u00e4 ja k\u00e4sill\u00e4 tekemist\u00e4. Unelma tatuoijaksi tulemisesta kasvoi vuosi vuodelta, ja er\u00e4\u00e4n\u00e4 p\u00e4iv\u00e4n\u00e4 avasin vihdoin oman studioni Akkas Tattoo. Olen t\u00e4ysin itseoppinut ja tehnyt paljon t\u00f6it\u00e4 p\u00e4\u00e4st\u00e4kseni t\u00e4h\u00e4n pisteeseen. Nyt olen ty\u00f6skennellyt tatuoijana kahdeksan vuotta ja rakastan ty\u00f6t\u00e4ni.<\/p>\n<p>Osallistun usein tatuointimessuille, ja vuonna 2018 voitin ensimm\u00e4isen palkintoni. Vuonna 2019 sain my\u00f6s sponsoroinnin IQ Tattoocarelta ja Supply Division Denmarkilta.<\/p>\n<p>Pid\u00e4n ty\u00f6skentelyst\u00e4 useissa eri tyyleiss\u00e4, kuten avantgarde, trash polka ja akvarelli. En halua rajoittaa itse\u00e4ni yhteen tyyliin, joten tatuoin kaikissa tyyleiss\u00e4.<\/p>\n<p>Jos haluat ottaa yhteytt\u00e4 Annicaan:<\/p>\n<p><strong>Instagram<\/strong><br \/>\nakkas_tattoo<\/p>\n<p><strong>Facebook:<\/strong><br \/>\nAkkas Tattoo<\/p>\n<p><strong>Studio:<\/strong><br \/>\nAkkas Tattoo<\/p>\n<p><strong>Osoite:<\/strong><br \/>\nS\u00f6dra J\u00e4rnv\u00e4gsgatan 27 i Vinsl\u00f6v<\/p>\n<p>Verkkosivut: https:\/\/studiobyakka.se<\/p>\n","protected":false},"featured_media":4923,"template":"","meta":[],"product_brand":[],"product_cat":[51,501],"product_tag":[],"class_list":{"0":"post-4940","1":"product","2":"type-product","3":"status-publish","4":"has-post-thumbnail","6":"product_cat-valmiit-arkit","7":"product_cat-yhteistyot-tatuoijien-kanssa","9":"first","10":"instock","11":"taxable","12":"shipping-taxable","13":"purchasable","14":"product-type-simple"},"yoast_head":"<!-- This site is optimized with the Yoast SEO Premium plugin v26.2 (Yoast SEO v27.5) - https:\/\/yoast.com\/product\/yoast-seo-premium-wordpress\/ -->\n<title>A5-arkki tekaistuilla tatuointisuunnitelmilla Akkas Tattoolta - Like ink<\/title>\n<meta name=\"description\" content=\"Tilaa t\u00e4m\u00e4 arkki tekaistuilla tatuointisuunnitelmilla, jotka on tehnyt Annica Akkas Tattoossa Ruotsissa. Ilmainen toimitus kaikkialle maailmaan! - Like ink\" \/>\n<meta name=\"robots\" content=\"index, follow, max-snippet:-1, max-image-preview:large, max-video-preview:-1\" \/>\n<link rel=\"canonical\" href=\"https:\/\/likeink.com\/fi\/siirtotatuoinnit\/flash-skulls-akkas-tattoo\/\" \/>\n<meta property=\"og:locale\" content=\"fi_FI\" \/>\n<meta property=\"og:type\" content=\"article\" \/>\n<meta property=\"og:title\" content=\"Flash &quot;Skulls&quot; by Studio by Akka\" \/>\n<meta property=\"og:description\" content=\"Valmiit arkkimme v\u00e4liaikaisilla tatuoinneilla ovat noin 20\u00d715 cm kokoisia ja sis\u00e4lt\u00e4v\u00e4t kuvassa n\u00e4kyv\u00e4n designin. Painamme ja l\u00e4het\u00e4mme arkkisi 24 tunnin kuluessa tilauksestasi.  T\u00e4m\u00e4 arkki on suunniteltu Annican toimesta, joka py\u00f6ritt\u00e4\u00e4 Akkas Tattoo -studiota. Todella hienoja tatuointimalleja, eik\u00f6? V\u00e4liaikaiset tatuoinnit Flash &quot;Skulls&quot; Annicalta T\u00e4ss\u00e4 on Annica: Olen aina rakastanut piirt\u00e4mist\u00e4 ja k\u00e4sill\u00e4 tekemist\u00e4. Unelma tatuoijaksi tulemisesta kasvoi vuosi vuodelta, ja er\u00e4\u00e4n\u00e4 p\u00e4iv\u00e4n\u00e4 avasin vihdoin oman studioni Akkas Tattoo. Olen t\u00e4ysin itseoppinut ja tehnyt paljon t\u00f6it\u00e4 p\u00e4\u00e4st\u00e4kseni t\u00e4h\u00e4n pisteeseen. Nyt olen ty\u00f6skennellyt tatuoijana kahdeksan vuotta ja rakastan ty\u00f6t\u00e4ni.  Osallistun usein tatuointimessuille, ja vuonna 2018 voitin ensimm\u00e4isen palkintoni. Vuonna 2019 sain my\u00f6s sponsoroinnin IQ Tattoocarelta ja Supply Division Denmarkilta.  Pid\u00e4n ty\u00f6skentelyst\u00e4 useissa eri tyyleiss\u00e4, kuten avantgarde, trash polka ja akvarelli. En halua rajoittaa itse\u00e4ni yhteen tyyliin, joten tatuoin kaikissa tyyleiss\u00e4.  Jos haluat ottaa yhteytt\u00e4 Annicaan:  Instagram akkas_tattoo  Facebook: Akkas Tattoo  Studio: Akkas Tattoo  Osoite: S\u00f6dra J\u00e4rnv\u00e4gsgatan 27 i Vinsl\u00f6v  Verkkosivut: https:\/\/studiobyakka.se\" \/>\n<meta property=\"og:url\" content=\"https:\/\/likeink.com\/fi\/siirtotatuoinnit\/flash-skulls-akkas-tattoo\/\" \/>\n<meta property=\"og:site_name\" content=\"Like ink\" \/>\n<meta property=\"article:publisher\" content=\"https:\/\/www.facebook.com\/LikeInkSe\" \/>\n<meta property=\"article:modified_time\" content=\"2026-04-28T08:49:25+00:00\" \/>\n<meta property=\"og:image\" content=\"https:\/\/likeink.com\/wp-content\/uploads\/2021\/03\/Akka2.jpeg\" \/>\n\t<meta property=\"og:image:width\" content=\"1668\" \/>\n\t<meta property=\"og:image:height\" content=\"1179\" \/>\n\t<meta property=\"og:image:type\" content=\"image\/jpeg\" \/>\n<meta name=\"twitter:card\" content=\"summary_large_image\" \/>\n<meta name=\"twitter:label1\" content=\"Arvioitu lukuaika\" \/>\n\t<meta name=\"twitter:data1\" content=\"1 minuutti\" \/>\n<!-- \/ Yoast SEO Premium plugin. -->","yoast_head_json":{"title":"A5-arkki tekaistuilla tatuointisuunnitelmilla Akkas Tattoolta - Like ink","description":"Tilaa t\u00e4m\u00e4 arkki tekaistuilla tatuointisuunnitelmilla, jotka on tehnyt Annica Akkas Tattoossa Ruotsissa. Ilmainen toimitus kaikkialle maailmaan! - Like ink","robots":{"index":"index","follow":"follow","max-snippet":"max-snippet:-1","max-image-preview":"max-image-preview:large","max-video-preview":"max-video-preview:-1"},"canonical":"https:\/\/likeink.com\/fi\/siirtotatuoinnit\/flash-skulls-akkas-tattoo\/","og_locale":"fi_FI","og_type":"article","og_title":"Flash \"Skulls\" by Studio by Akka","og_description":"Valmiit arkkimme v\u00e4liaikaisilla tatuoinneilla ovat noin 20\u00d715 cm kokoisia ja sis\u00e4lt\u00e4v\u00e4t kuvassa n\u00e4kyv\u00e4n designin. Painamme ja l\u00e4het\u00e4mme arkkisi 24 tunnin kuluessa tilauksestasi.  T\u00e4m\u00e4 arkki on suunniteltu Annican toimesta, joka py\u00f6ritt\u00e4\u00e4 Akkas Tattoo -studiota. Todella hienoja tatuointimalleja, eik\u00f6? V\u00e4liaikaiset tatuoinnit Flash \"Skulls\" Annicalta T\u00e4ss\u00e4 on Annica: Olen aina rakastanut piirt\u00e4mist\u00e4 ja k\u00e4sill\u00e4 tekemist\u00e4. Unelma tatuoijaksi tulemisesta kasvoi vuosi vuodelta, ja er\u00e4\u00e4n\u00e4 p\u00e4iv\u00e4n\u00e4 avasin vihdoin oman studioni Akkas Tattoo. Olen t\u00e4ysin itseoppinut ja tehnyt paljon t\u00f6it\u00e4 p\u00e4\u00e4st\u00e4kseni t\u00e4h\u00e4n pisteeseen. Nyt olen ty\u00f6skennellyt tatuoijana kahdeksan vuotta ja rakastan ty\u00f6t\u00e4ni.  Osallistun usein tatuointimessuille, ja vuonna 2018 voitin ensimm\u00e4isen palkintoni. Vuonna 2019 sain my\u00f6s sponsoroinnin IQ Tattoocarelta ja Supply Division Denmarkilta.  Pid\u00e4n ty\u00f6skentelyst\u00e4 useissa eri tyyleiss\u00e4, kuten avantgarde, trash polka ja akvarelli. En halua rajoittaa itse\u00e4ni yhteen tyyliin, joten tatuoin kaikissa tyyleiss\u00e4.  Jos haluat ottaa yhteytt\u00e4 Annicaan:  Instagram akkas_tattoo  Facebook: Akkas Tattoo  Studio: Akkas Tattoo  Osoite: S\u00f6dra J\u00e4rnv\u00e4gsgatan 27 i Vinsl\u00f6v  Verkkosivut: https:\/\/studiobyakka.se","og_url":"https:\/\/likeink.com\/fi\/siirtotatuoinnit\/flash-skulls-akkas-tattoo\/","og_site_name":"Like ink","article_publisher":"https:\/\/www.facebook.com\/LikeInkSe","article_modified_time":"2026-04-28T08:49:25+00:00","og_image":[{"width":1668,"height":1179,"url":"https:\/\/likeink.com\/wp-content\/uploads\/2021\/03\/Akka2.jpeg","type":"image\/jpeg"}],"twitter_card":"summary_large_image","twitter_misc":{"Arvioitu lukuaika":"1 minuutti"},"schema":{"@context":"https:\/\/schema.org","@graph":[{"@type":"WebPage","@id":"https:\/\/likeink.com\/fi\/siirtotatuoinnit\/flash-skulls-akkas-tattoo\/","url":"https:\/\/likeink.com\/fi\/siirtotatuoinnit\/flash-skulls-akkas-tattoo\/","name":"A5-arkki tekaistuilla tatuointisuunnitelmilla Akkas Tattoolta - Like ink","isPartOf":{"@id":"https:\/\/likeink.com\/fi\/#website"},"primaryImageOfPage":{"@id":"https:\/\/likeink.com\/fi\/siirtotatuoinnit\/flash-skulls-akkas-tattoo\/#primaryimage"},"image":{"@id":"https:\/\/likeink.com\/fi\/siirtotatuoinnit\/flash-skulls-akkas-tattoo\/#primaryimage"},"thumbnailUrl":"https:\/\/likeink.com\/wp-content\/uploads\/2021\/03\/Akka2.jpeg","datePublished":"2021-03-18T13:24:53+00:00","dateModified":"2026-04-28T08:49:25+00:00","description":"Tilaa t\u00e4m\u00e4 arkki tekaistuilla tatuointisuunnitelmilla, jotka on tehnyt Annica Akkas Tattoossa Ruotsissa. Ilmainen toimitus kaikkialle maailmaan! - Like ink","breadcrumb":{"@id":"https:\/\/likeink.com\/fi\/siirtotatuoinnit\/flash-skulls-akkas-tattoo\/#breadcrumb"},"inLanguage":"fi","potentialAction":[{"@type":"ReadAction","target":["https:\/\/likeink.com\/fi\/siirtotatuoinnit\/flash-skulls-akkas-tattoo\/"]}]},{"@type":"ImageObject","inLanguage":"fi","@id":"https:\/\/likeink.com\/fi\/siirtotatuoinnit\/flash-skulls-akkas-tattoo\/#primaryimage","url":"https:\/\/likeink.com\/wp-content\/uploads\/2021\/03\/Akka2.jpeg","contentUrl":"https:\/\/likeink.com\/wp-content\/uploads\/2021\/03\/Akka2.jpeg","width":1668,"height":1179,"caption":"Osta SIIRTOTATUOINTIa, jotka on suunnitellut Akkas Tattoo."},{"@type":"BreadcrumbList","@id":"https:\/\/likeink.com\/fi\/siirtotatuoinnit\/flash-skulls-akkas-tattoo\/#breadcrumb","itemListElement":[{"@type":"ListItem","position":1,"name":"Hem","item":"https:\/\/likeink.com\/fi\/"},{"@type":"ListItem","position":2,"name":"Shop","item":"https:\/\/likeink.com\/fi\/shop\/"},{"@type":"ListItem","position":3,"name":"Flash &#8220;Skulls&#8221; by Studio by Akka"}]},{"@type":"WebSite","@id":"https:\/\/likeink.com\/fi\/#website","url":"https:\/\/likeink.com\/fi\/","name":"Like ink","description":"Make your own custom design","potentialAction":[{"@type":"SearchAction","target":{"@type":"EntryPoint","urlTemplate":"https:\/\/likeink.com\/fi\/?s={search_term_string}"},"query-input":{"@type":"PropertyValueSpecification","valueRequired":true,"valueName":"search_term_string"}}],"inLanguage":"fi"}]}},"_links":{"self":[{"href":"https:\/\/likeink.com\/fi\/wp-json\/wp\/v2\/product\/4940","targetHints":{"allow":["GET"]}}],"collection":[{"href":"https:\/\/likeink.com\/fi\/wp-json\/wp\/v2\/product"}],"about":[{"href":"https:\/\/likeink.com\/fi\/wp-json\/wp\/v2\/types\/product"}],"wp:featuredmedia":[{"embeddable":true,"href":"https:\/\/likeink.com\/fi\/wp-json\/wp\/v2\/media\/4923"}],"wp:attachment":[{"href":"https:\/\/likeink.com\/fi\/wp-json\/wp\/v2\/media?parent=4940"}],"wp:term":[{"taxonomy":"product_brand","embeddable":true,"href":"https:\/\/likeink.com\/fi\/wp-json\/wp\/v2\/product_brand?post=4940"},{"taxonomy":"product_cat","embeddable":true,"href":"https:\/\/likeink.com\/fi\/wp-json\/wp\/v2\/product_cat?post=4940"},{"taxonomy":"product_tag","embeddable":true,"href":"https:\/\/likeink.com\/fi\/wp-json\/wp\/v2\/product_tag?post=4940"}],"curies":[{"name":"wp","href":"https:\/\/api.w.org\/{rel}","templated":true}]}}