{"id":50648,"date":"2025-08-29T13:11:35","date_gmt":"2025-08-29T13:11:35","guid":{"rendered":"https:\/\/likeink.com\/gnuggis\/lafufu-black-gray-tattoos\/"},"modified":"2026-03-17T12:36:29","modified_gmt":"2026-03-17T12:36:29","slug":"lafufu-mustavalkoiset-siirtotatuoinnit-a5","status":"publish","type":"product","link":"https:\/\/likeink.com\/fi\/siirtotatuoinnit\/lafufu-mustavalkoiset-siirtotatuoinnit-a5\/","title":{"rendered":"Lafufu Mustavalkoiset Siirtotatuoinnit"},"content":{"rendered":"","protected":false},"excerpt":{"rendered":"<p>Lafufu Siirtotatuoinnit perustuvat rakastettuun viraaliseen hahmoon Labubu. Jokainen A5-arkki sis\u00e4lt\u00e4\u00e4 ilmeikk\u00e4it\u00e4, mustavalkoisia Lafufu Siirtotatuointeja \u2013 t\u00e4ydellisi\u00e4 tuomaan ripauksen leikkisyytt\u00e4 ja suloista hirvi\u00f6energiaa arkeesi. Haluatko pienen kaverin tai hienovaraisen monsterityylin? N\u00e4m\u00e4 kuviot sopivat siihen loistavasti.<\/p>\n<h2>Tilaa omat Lafufu Siirtotatuoinnit nyt.<\/h2>\n<p> Like Ink -tatuoinnit on helppo kiinnitt\u00e4\u00e4 ja ne s\u00e4ilyv\u00e4t hyvin useita p\u00e4ivi\u00e4 \u2013 t\u00e4ydellisi\u00e4 festareille, tapahtumiin tai oman persoonallisuuden esiin tuomiseen. <\/p>\n<p><strong>Arkin koko:<\/strong> A5<br \/>\n<strong>Tatuointien m\u00e4\u00e4r\u00e4:<\/strong> 11<br \/>\n<strong>Tatuoinnin koko:<\/strong> noin 3\u20135 cm<\/p>\n","protected":false},"featured_media":50561,"template":"","meta":[],"product_brand":[],"product_cat":[528,51],"product_tag":[],"class_list":{"0":"post-50648","1":"product","2":"type-product","3":"status-publish","4":"has-post-thumbnail","6":"product_cat-lasten-juhlat","7":"product_cat-valmiit-arkit","9":"first","10":"instock","11":"taxable","12":"shipping-taxable","13":"purchasable","14":"product-type-simple"},"yoast_head":"<!-- This site is optimized with the Yoast SEO Premium plugin v26.2 (Yoast SEO v27.5) - https:\/\/yoast.com\/product\/yoast-seo-premium-wordpress\/ -->\n<title>Lafufu Mustavalkoiset Siirtotatuoinnit A5 - Like ink<\/title>\n<meta name=\"description\" content=\"Tutustu Lafufu Mustavalkoiset Siirtotatuoinnit A5 -arkkiin \u2013 tyylik\u00e4s kokoelma 11 uniikkia, mustavalkoista siirtotatuointia, jotka on inspiroitu Labubusta. Helppo kiinnitt\u00e4\u00e4, kest\u00e4v\u00e4t pitk\u00e4\u00e4n ja valmistettu ylpe\u00e4sti Ruotsissa.\" \/>\n<meta name=\"robots\" content=\"index, follow, max-snippet:-1, max-image-preview:large, max-video-preview:-1\" \/>\n<link rel=\"canonical\" href=\"https:\/\/likeink.com\/fi\/siirtotatuoinnit\/lafufu-mustavalkoiset-siirtotatuoinnit-a5\/\" \/>\n<meta property=\"og:locale\" content=\"fi_FI\" \/>\n<meta property=\"og:type\" content=\"article\" \/>\n<meta property=\"og:title\" content=\"Lafufu Mustavalkoiset Siirtotatuoinnit\" \/>\n<meta property=\"og:description\" content=\"Lafufu Siirtotatuoinnit perustuvat rakastettuun viraaliseen hahmoon Labubu. Jokainen A5-arkki sis\u00e4lt\u00e4\u00e4 ilmeikk\u00e4it\u00e4, mustavalkoisia Lafufu Siirtotatuointeja \u2013 t\u00e4ydellisi\u00e4 tuomaan ripauksen leikkisyytt\u00e4 ja suloista hirvi\u00f6energiaa arkeesi. Haluatko pienen kaverin tai hienovaraisen monsterityylin? N\u00e4m\u00e4 kuviot sopivat siihen loistavasti.  Tilaa omat Lafufu Siirtotatuoinnit nyt. Like Ink -tatuoinnit on helppo kiinnitt\u00e4\u00e4 ja ne s\u00e4ilyv\u00e4t hyvin useita p\u00e4ivi\u00e4 \u2013 t\u00e4ydellisi\u00e4 festareille, tapahtumiin tai oman persoonallisuuden esiin tuomiseen.   Arkin koko: A5  Tatuointien m\u00e4\u00e4r\u00e4: 11  Tatuoinnin koko: noin 3\u20135 cm\" \/>\n<meta property=\"og:url\" content=\"https:\/\/likeink.com\/fi\/siirtotatuoinnit\/lafufu-mustavalkoiset-siirtotatuoinnit-a5\/\" \/>\n<meta property=\"og:site_name\" content=\"Like ink\" \/>\n<meta property=\"article:publisher\" content=\"https:\/\/www.facebook.com\/LikeInkSe\" \/>\n<meta property=\"article:modified_time\" content=\"2026-03-17T12:36:29+00:00\" \/>\n<meta property=\"og:image\" content=\"https:\/\/likeink.com\/wp-content\/uploads\/2025\/08\/Lafufu-tattoos-likeink.jpg\" \/>\n\t<meta property=\"og:image:width\" content=\"1985\" \/>\n\t<meta property=\"og:image:height\" content=\"1400\" \/>\n\t<meta property=\"og:image:type\" content=\"image\/jpeg\" \/>\n<meta name=\"twitter:card\" content=\"summary_large_image\" \/>\n<meta name=\"twitter:label1\" content=\"Arvioitu lukuaika\" \/>\n\t<meta name=\"twitter:data1\" content=\"1 minuutti\" \/>\n<!-- \/ Yoast SEO Premium plugin. -->","yoast_head_json":{"title":"Lafufu Mustavalkoiset Siirtotatuoinnit A5 - Like ink","description":"Tutustu Lafufu Mustavalkoiset Siirtotatuoinnit A5 -arkkiin \u2013 tyylik\u00e4s kokoelma 11 uniikkia, mustavalkoista siirtotatuointia, jotka on inspiroitu Labubusta. Helppo kiinnitt\u00e4\u00e4, kest\u00e4v\u00e4t pitk\u00e4\u00e4n ja valmistettu ylpe\u00e4sti Ruotsissa.","robots":{"index":"index","follow":"follow","max-snippet":"max-snippet:-1","max-image-preview":"max-image-preview:large","max-video-preview":"max-video-preview:-1"},"canonical":"https:\/\/likeink.com\/fi\/siirtotatuoinnit\/lafufu-mustavalkoiset-siirtotatuoinnit-a5\/","og_locale":"fi_FI","og_type":"article","og_title":"Lafufu Mustavalkoiset Siirtotatuoinnit","og_description":"Lafufu Siirtotatuoinnit perustuvat rakastettuun viraaliseen hahmoon Labubu. Jokainen A5-arkki sis\u00e4lt\u00e4\u00e4 ilmeikk\u00e4it\u00e4, mustavalkoisia Lafufu Siirtotatuointeja \u2013 t\u00e4ydellisi\u00e4 tuomaan ripauksen leikkisyytt\u00e4 ja suloista hirvi\u00f6energiaa arkeesi. Haluatko pienen kaverin tai hienovaraisen monsterityylin? N\u00e4m\u00e4 kuviot sopivat siihen loistavasti.  Tilaa omat Lafufu Siirtotatuoinnit nyt. Like Ink -tatuoinnit on helppo kiinnitt\u00e4\u00e4 ja ne s\u00e4ilyv\u00e4t hyvin useita p\u00e4ivi\u00e4 \u2013 t\u00e4ydellisi\u00e4 festareille, tapahtumiin tai oman persoonallisuuden esiin tuomiseen.   Arkin koko: A5  Tatuointien m\u00e4\u00e4r\u00e4: 11  Tatuoinnin koko: noin 3\u20135 cm","og_url":"https:\/\/likeink.com\/fi\/siirtotatuoinnit\/lafufu-mustavalkoiset-siirtotatuoinnit-a5\/","og_site_name":"Like ink","article_publisher":"https:\/\/www.facebook.com\/LikeInkSe","article_modified_time":"2026-03-17T12:36:29+00:00","og_image":[{"width":1985,"height":1400,"url":"https:\/\/likeink.com\/wp-content\/uploads\/2025\/08\/Lafufu-tattoos-likeink.jpg","type":"image\/jpeg"}],"twitter_card":"summary_large_image","twitter_misc":{"Arvioitu lukuaika":"1 minuutti"},"schema":{"@context":"https:\/\/schema.org","@graph":[{"@type":"WebPage","@id":"https:\/\/likeink.com\/fi\/siirtotatuoinnit\/lafufu-mustavalkoiset-siirtotatuoinnit-a5\/","url":"https:\/\/likeink.com\/fi\/siirtotatuoinnit\/lafufu-mustavalkoiset-siirtotatuoinnit-a5\/","name":"Lafufu Mustavalkoiset Siirtotatuoinnit A5 - Like ink","isPartOf":{"@id":"https:\/\/likeink.com\/fi\/#website"},"primaryImageOfPage":{"@id":"https:\/\/likeink.com\/fi\/siirtotatuoinnit\/lafufu-mustavalkoiset-siirtotatuoinnit-a5\/#primaryimage"},"image":{"@id":"https:\/\/likeink.com\/fi\/siirtotatuoinnit\/lafufu-mustavalkoiset-siirtotatuoinnit-a5\/#primaryimage"},"thumbnailUrl":"https:\/\/likeink.com\/wp-content\/uploads\/2025\/08\/Lafufu-tattoos-likeink.jpg","datePublished":"2025-08-29T13:11:35+00:00","dateModified":"2026-03-17T12:36:29+00:00","description":"Tutustu Lafufu Mustavalkoiset Siirtotatuoinnit A5 -arkkiin \u2013 tyylik\u00e4s kokoelma 11 uniikkia, mustavalkoista siirtotatuointia, jotka on inspiroitu Labubusta. Helppo kiinnitt\u00e4\u00e4, kest\u00e4v\u00e4t pitk\u00e4\u00e4n ja valmistettu ylpe\u00e4sti Ruotsissa.","breadcrumb":{"@id":"https:\/\/likeink.com\/fi\/siirtotatuoinnit\/lafufu-mustavalkoiset-siirtotatuoinnit-a5\/#breadcrumb"},"inLanguage":"fi","potentialAction":[{"@type":"ReadAction","target":["https:\/\/likeink.com\/fi\/siirtotatuoinnit\/lafufu-mustavalkoiset-siirtotatuoinnit-a5\/"]}]},{"@type":"ImageObject","inLanguage":"fi","@id":"https:\/\/likeink.com\/fi\/siirtotatuoinnit\/lafufu-mustavalkoiset-siirtotatuoinnit-a5\/#primaryimage","url":"https:\/\/likeink.com\/wp-content\/uploads\/2025\/08\/Lafufu-tattoos-likeink.jpg","contentUrl":"https:\/\/likeink.com\/wp-content\/uploads\/2025\/08\/Lafufu-tattoos-likeink.jpg","width":1985,"height":1400,"caption":"Lafufu-siirtotatuointiarkki mustavalkoisista p\u00f6rr\u00f6isist\u00e4 hirvi\u00f6hahmoista eri tunnetiloissa ja toiminnoissa."},{"@type":"BreadcrumbList","@id":"https:\/\/likeink.com\/fi\/siirtotatuoinnit\/lafufu-mustavalkoiset-siirtotatuoinnit-a5\/#breadcrumb","itemListElement":[{"@type":"ListItem","position":1,"name":"Hem","item":"https:\/\/likeink.com\/fi\/"},{"@type":"ListItem","position":2,"name":"Shop","item":"https:\/\/likeink.com\/fi\/shop\/"},{"@type":"ListItem","position":3,"name":"Lafufu Mustavalkoiset Siirtotatuoinnit"}]},{"@type":"WebSite","@id":"https:\/\/likeink.com\/fi\/#website","url":"https:\/\/likeink.com\/fi\/","name":"Like ink","description":"Make your own custom design","potentialAction":[{"@type":"SearchAction","target":{"@type":"EntryPoint","urlTemplate":"https:\/\/likeink.com\/fi\/?s={search_term_string}"},"query-input":{"@type":"PropertyValueSpecification","valueRequired":true,"valueName":"search_term_string"}}],"inLanguage":"fi"}]}},"_links":{"self":[{"href":"https:\/\/likeink.com\/fi\/wp-json\/wp\/v2\/product\/50648","targetHints":{"allow":["GET"]}}],"collection":[{"href":"https:\/\/likeink.com\/fi\/wp-json\/wp\/v2\/product"}],"about":[{"href":"https:\/\/likeink.com\/fi\/wp-json\/wp\/v2\/types\/product"}],"wp:featuredmedia":[{"embeddable":true,"href":"https:\/\/likeink.com\/fi\/wp-json\/wp\/v2\/media\/50561"}],"wp:attachment":[{"href":"https:\/\/likeink.com\/fi\/wp-json\/wp\/v2\/media?parent=50648"}],"wp:term":[{"taxonomy":"product_brand","embeddable":true,"href":"https:\/\/likeink.com\/fi\/wp-json\/wp\/v2\/product_brand?post=50648"},{"taxonomy":"product_cat","embeddable":true,"href":"https:\/\/likeink.com\/fi\/wp-json\/wp\/v2\/product_cat?post=50648"},{"taxonomy":"product_tag","embeddable":true,"href":"https:\/\/likeink.com\/fi\/wp-json\/wp\/v2\/product_tag?post=50648"}],"curies":[{"name":"wp","href":"https:\/\/api.w.org\/{rel}","templated":true}]}}