{"id":52941,"date":"2025-11-26T14:52:21","date_gmt":"2025-11-26T14:52:21","guid":{"rendered":"https:\/\/likeink.com\/gnuggis\/freckle-tattoos-silver-moon\/"},"modified":"2025-11-26T14:57:09","modified_gmt":"2025-11-26T14:57:09","slug":"siirtotatuointi-kuu-hopeiset-pisamat","status":"publish","type":"product","link":"https:\/\/likeink.com\/fi\/siirtotatuoinnit\/siirtotatuointi-kuu-hopeiset-pisamat\/","title":{"rendered":"Siirtotatuointi: Kuu &#038; Hopeiset Pisamat"},"content":{"rendered":"","protected":false},"excerpt":{"rendered":"<p><strong>Like Ink Siirtotatuointi Moon \u2013 Kimaltavia hopeisia klustereita, joissa on pieni\u00e4 pisteit\u00e4, t\u00e4hti\u00e4, oksia ja kuu.<\/strong><\/p>\n<p>Luo taianomainen ilme Like Ink Metallic Siirtotatuoinneilla \u2013 kimaltelevat hopeiset siirtotatuoinnit, jotka asetetaan nen\u00e4n p\u00e4\u00e4lle ja silmien alle. T\u00e4ydellinen iltaa varten, festareille tai uudenvuodenaattoon, kun haluat s\u00e4dehti\u00e4 v\u00e4h\u00e4n enemm\u00e4n!<\/p>\n<h2>Osta hopeiset pisamasiirtotatuoinnit laadukkaana<\/h2>\n<p>Freckle Siirtotatuointimme on suunniteltu pysym\u00e4\u00e4n paikallaan pitk\u00e4\u00e4n ja antamaan luonnollinen, tyylik\u00e4s ilme. \u00c4lykk\u00e4\u00e4n suunnittelun ansiosta liima tarttuu vain itse tatuointiin \u2013 ei ylim\u00e4\u00e4r\u00e4ist\u00e4 muovikalvoa, joka h\u00e4iritsee kokonaisuutta. Supertyylikk\u00e4\u00e4t pisamasiirtotatuoinnit huippulaadulla.<\/p>\n<p>Lis\u00e4ksi Like Ink Siirtotatuoinnit ovat allergiayst\u00e4v\u00e4llisi\u00e4 ja hell\u00e4varaisia iholle, joten ne sopivat my\u00f6s herk\u00e4lle iholle. Helppo kiinnitt\u00e4\u00e4 ja poistaa \u2013 luo unelmailmeesi muutamassa minuutissa.<\/p>\n<p>\u2728 Luo taikaa Like Ink Siirtotatuoinneilla \u2013 kimalteleva yksityiskohta, joka tekee kaiken eron! \u2728<\/p>\n<p><strong>Koko:<\/strong> 15X4 cm<\/p>\n","protected":false},"featured_media":52957,"template":"","meta":[],"product_brand":[],"product_cat":[217,51],"product_tag":[],"class_list":{"0":"post-52941","1":"product","2":"type-product","3":"status-publish","4":"has-post-thumbnail","6":"product_cat-loman-tatuointi","7":"product_cat-valmiit-arkit","9":"first","10":"instock","11":"taxable","12":"shipping-taxable","13":"purchasable","14":"product-type-simple"},"yoast_head":"<!-- This site is optimized with the Yoast SEO Premium plugin v26.2 (Yoast SEO v27.4) - https:\/\/yoast.com\/product\/yoast-seo-premium-wordpress\/ -->\n<title>Siirtotatuointi: Kuu &amp; Hopeiset Pisamat - Like ink<\/title>\n<meta name=\"description\" content=\"Freckle Tattoos Silverm\u00e5ne: Siirtotatuointi-klustereita, joissa on kimaltavia t\u00e4hti\u00e4, pisteit\u00e4, oksia ja kuu \u2013 sijoitettuna nen\u00e4n p\u00e4\u00e4lle ja silmien alle.\" \/>\n<meta name=\"robots\" content=\"index, follow, max-snippet:-1, max-image-preview:large, max-video-preview:-1\" \/>\n<link rel=\"canonical\" href=\"https:\/\/likeink.com\/fi\/siirtotatuoinnit\/siirtotatuointi-kuu-hopeiset-pisamat\/\" \/>\n<meta property=\"og:locale\" content=\"fi_FI\" \/>\n<meta property=\"og:type\" content=\"article\" \/>\n<meta property=\"og:title\" content=\"Siirtotatuointi: Kuu &amp; Hopeiset Pisamat\" \/>\n<meta property=\"og:description\" content=\"Like Ink Siirtotatuointi Moon \u2013 Kimaltavia hopeisia klustereita, joissa on pieni\u00e4 pisteit\u00e4, t\u00e4hti\u00e4, oksia ja kuu.  Luo taianomainen ilme Like Ink Metallic Siirtotatuoinneilla \u2013 kimaltelevat hopeiset siirtotatuoinnit, jotka asetetaan nen\u00e4n p\u00e4\u00e4lle ja silmien alle. T\u00e4ydellinen iltaa varten, festareille tai uudenvuodenaattoon, kun haluat s\u00e4dehti\u00e4 v\u00e4h\u00e4n enemm\u00e4n!  Osta hopeiset pisamasiirtotatuoinnit laadukkaana Freckle Siirtotatuointimme on suunniteltu pysym\u00e4\u00e4n paikallaan pitk\u00e4\u00e4n ja antamaan luonnollinen, tyylik\u00e4s ilme. \u00c4lykk\u00e4\u00e4n suunnittelun ansiosta liima tarttuu vain itse tatuointiin \u2013 ei ylim\u00e4\u00e4r\u00e4ist\u00e4 muovikalvoa, joka h\u00e4iritsee kokonaisuutta. Supertyylikk\u00e4\u00e4t pisamasiirtotatuoinnit huippulaadulla.  Lis\u00e4ksi Like Ink Siirtotatuoinnit ovat allergiayst\u00e4v\u00e4llisi\u00e4 ja hell\u00e4varaisia iholle, joten ne sopivat my\u00f6s herk\u00e4lle iholle. Helppo kiinnitt\u00e4\u00e4 ja poistaa \u2013 luo unelmailmeesi muutamassa minuutissa.  \u2728 Luo taikaa Like Ink Siirtotatuoinneilla \u2013 kimalteleva yksityiskohta, joka tekee kaiken eron! \u2728  Koko: 15X4 cm\" \/>\n<meta property=\"og:url\" content=\"https:\/\/likeink.com\/fi\/siirtotatuoinnit\/siirtotatuointi-kuu-hopeiset-pisamat\/\" \/>\n<meta property=\"og:site_name\" content=\"Like ink\" \/>\n<meta property=\"article:publisher\" content=\"https:\/\/www.facebook.com\/LikeInkSe\" \/>\n<meta property=\"article:modified_time\" content=\"2025-11-26T14:57:09+00:00\" \/>\n<meta property=\"og:image\" content=\"https:\/\/likeink.com\/wp-content\/uploads\/2025\/11\/FreckleMoonTattoo-silver-Likeink.png\" \/>\n\t<meta property=\"og:image:width\" content=\"1772\" \/>\n\t<meta property=\"og:image:height\" content=\"1772\" \/>\n\t<meta property=\"og:image:type\" content=\"image\/png\" \/>\n<meta name=\"twitter:card\" content=\"summary_large_image\" \/>\n<meta name=\"twitter:label1\" content=\"Arvioitu lukuaika\" \/>\n\t<meta name=\"twitter:data1\" content=\"1 minuutti\" \/>\n<script type=\"application\/ld+json\" class=\"yoast-schema-graph\">{\"@context\":\"https:\\\/\\\/schema.org\",\"@graph\":[{\"@type\":\"WebPage\",\"@id\":\"https:\\\/\\\/likeink.com\\\/fi\\\/siirtotatuoinnit\\\/siirtotatuointi-kuu-hopeiset-pisamat\\\/\",\"url\":\"https:\\\/\\\/likeink.com\\\/fi\\\/siirtotatuoinnit\\\/siirtotatuointi-kuu-hopeiset-pisamat\\\/\",\"name\":\"Siirtotatuointi: Kuu & Hopeiset Pisamat - Like ink\",\"isPartOf\":{\"@id\":\"https:\\\/\\\/likeink.com\\\/fi\\\/#website\"},\"primaryImageOfPage\":{\"@id\":\"https:\\\/\\\/likeink.com\\\/fi\\\/siirtotatuoinnit\\\/siirtotatuointi-kuu-hopeiset-pisamat\\\/#primaryimage\"},\"image\":{\"@id\":\"https:\\\/\\\/likeink.com\\\/fi\\\/siirtotatuoinnit\\\/siirtotatuointi-kuu-hopeiset-pisamat\\\/#primaryimage\"},\"thumbnailUrl\":\"https:\\\/\\\/likeink.com\\\/wp-content\\\/uploads\\\/2025\\\/11\\\/FreckleMoonTattoo-silver-Likeink.png\",\"datePublished\":\"2025-11-26T14:52:21+00:00\",\"dateModified\":\"2025-11-26T14:57:09+00:00\",\"description\":\"Freckle Tattoos Silverm\u00e5ne: Siirtotatuointi-klustereita, joissa on kimaltavia t\u00e4hti\u00e4, pisteit\u00e4, oksia ja kuu \u2013 sijoitettuna nen\u00e4n p\u00e4\u00e4lle ja silmien alle.\",\"breadcrumb\":{\"@id\":\"https:\\\/\\\/likeink.com\\\/fi\\\/siirtotatuoinnit\\\/siirtotatuointi-kuu-hopeiset-pisamat\\\/#breadcrumb\"},\"inLanguage\":\"fi\",\"potentialAction\":[{\"@type\":\"ReadAction\",\"target\":[\"https:\\\/\\\/likeink.com\\\/fi\\\/siirtotatuoinnit\\\/siirtotatuointi-kuu-hopeiset-pisamat\\\/\"]}]},{\"@type\":\"ImageObject\",\"inLanguage\":\"fi\",\"@id\":\"https:\\\/\\\/likeink.com\\\/fi\\\/siirtotatuoinnit\\\/siirtotatuointi-kuu-hopeiset-pisamat\\\/#primaryimage\",\"url\":\"https:\\\/\\\/likeink.com\\\/wp-content\\\/uploads\\\/2025\\\/11\\\/FreckleMoonTattoo-silver-Likeink.png\",\"contentUrl\":\"https:\\\/\\\/likeink.com\\\/wp-content\\\/uploads\\\/2025\\\/11\\\/FreckleMoonTattoo-silver-Likeink.png\",\"width\":1772,\"height\":1772,\"caption\":\"SIlver Freckle Tattoos Moon and Stars\"},{\"@type\":\"BreadcrumbList\",\"@id\":\"https:\\\/\\\/likeink.com\\\/fi\\\/siirtotatuoinnit\\\/siirtotatuointi-kuu-hopeiset-pisamat\\\/#breadcrumb\",\"itemListElement\":[{\"@type\":\"ListItem\",\"position\":1,\"name\":\"Hem\",\"item\":\"https:\\\/\\\/likeink.com\\\/fi\\\/\"},{\"@type\":\"ListItem\",\"position\":2,\"name\":\"Shop\",\"item\":\"https:\\\/\\\/likeink.com\\\/fi\\\/shop\\\/\"},{\"@type\":\"ListItem\",\"position\":3,\"name\":\"Siirtotatuointi: Kuu &#038; Hopeiset Pisamat\"}]},{\"@type\":\"WebSite\",\"@id\":\"https:\\\/\\\/likeink.com\\\/fi\\\/#website\",\"url\":\"https:\\\/\\\/likeink.com\\\/fi\\\/\",\"name\":\"Like ink\",\"description\":\"Make your own custom design\",\"potentialAction\":[{\"@type\":\"SearchAction\",\"target\":{\"@type\":\"EntryPoint\",\"urlTemplate\":\"https:\\\/\\\/likeink.com\\\/fi\\\/?s={search_term_string}\"},\"query-input\":{\"@type\":\"PropertyValueSpecification\",\"valueRequired\":true,\"valueName\":\"search_term_string\"}}],\"inLanguage\":\"fi\"}]}<\/script>\n<!-- \/ Yoast SEO Premium plugin. -->","yoast_head_json":{"title":"Siirtotatuointi: Kuu & Hopeiset Pisamat - Like ink","description":"Freckle Tattoos Silverm\u00e5ne: Siirtotatuointi-klustereita, joissa on kimaltavia t\u00e4hti\u00e4, pisteit\u00e4, oksia ja kuu \u2013 sijoitettuna nen\u00e4n p\u00e4\u00e4lle ja silmien alle.","robots":{"index":"index","follow":"follow","max-snippet":"max-snippet:-1","max-image-preview":"max-image-preview:large","max-video-preview":"max-video-preview:-1"},"canonical":"https:\/\/likeink.com\/fi\/siirtotatuoinnit\/siirtotatuointi-kuu-hopeiset-pisamat\/","og_locale":"fi_FI","og_type":"article","og_title":"Siirtotatuointi: Kuu & Hopeiset Pisamat","og_description":"Like Ink Siirtotatuointi Moon \u2013 Kimaltavia hopeisia klustereita, joissa on pieni\u00e4 pisteit\u00e4, t\u00e4hti\u00e4, oksia ja kuu.  Luo taianomainen ilme Like Ink Metallic Siirtotatuoinneilla \u2013 kimaltelevat hopeiset siirtotatuoinnit, jotka asetetaan nen\u00e4n p\u00e4\u00e4lle ja silmien alle. T\u00e4ydellinen iltaa varten, festareille tai uudenvuodenaattoon, kun haluat s\u00e4dehti\u00e4 v\u00e4h\u00e4n enemm\u00e4n!  Osta hopeiset pisamasiirtotatuoinnit laadukkaana Freckle Siirtotatuointimme on suunniteltu pysym\u00e4\u00e4n paikallaan pitk\u00e4\u00e4n ja antamaan luonnollinen, tyylik\u00e4s ilme. \u00c4lykk\u00e4\u00e4n suunnittelun ansiosta liima tarttuu vain itse tatuointiin \u2013 ei ylim\u00e4\u00e4r\u00e4ist\u00e4 muovikalvoa, joka h\u00e4iritsee kokonaisuutta. Supertyylikk\u00e4\u00e4t pisamasiirtotatuoinnit huippulaadulla.  Lis\u00e4ksi Like Ink Siirtotatuoinnit ovat allergiayst\u00e4v\u00e4llisi\u00e4 ja hell\u00e4varaisia iholle, joten ne sopivat my\u00f6s herk\u00e4lle iholle. Helppo kiinnitt\u00e4\u00e4 ja poistaa \u2013 luo unelmailmeesi muutamassa minuutissa.  \u2728 Luo taikaa Like Ink Siirtotatuoinneilla \u2013 kimalteleva yksityiskohta, joka tekee kaiken eron! \u2728  Koko: 15X4 cm","og_url":"https:\/\/likeink.com\/fi\/siirtotatuoinnit\/siirtotatuointi-kuu-hopeiset-pisamat\/","og_site_name":"Like ink","article_publisher":"https:\/\/www.facebook.com\/LikeInkSe","article_modified_time":"2025-11-26T14:57:09+00:00","og_image":[{"width":1772,"height":1772,"url":"https:\/\/likeink.com\/wp-content\/uploads\/2025\/11\/FreckleMoonTattoo-silver-Likeink.png","type":"image\/png"}],"twitter_card":"summary_large_image","twitter_misc":{"Arvioitu lukuaika":"1 minuutti"},"schema":{"@context":"https:\/\/schema.org","@graph":[{"@type":"WebPage","@id":"https:\/\/likeink.com\/fi\/siirtotatuoinnit\/siirtotatuointi-kuu-hopeiset-pisamat\/","url":"https:\/\/likeink.com\/fi\/siirtotatuoinnit\/siirtotatuointi-kuu-hopeiset-pisamat\/","name":"Siirtotatuointi: Kuu & Hopeiset Pisamat - Like ink","isPartOf":{"@id":"https:\/\/likeink.com\/fi\/#website"},"primaryImageOfPage":{"@id":"https:\/\/likeink.com\/fi\/siirtotatuoinnit\/siirtotatuointi-kuu-hopeiset-pisamat\/#primaryimage"},"image":{"@id":"https:\/\/likeink.com\/fi\/siirtotatuoinnit\/siirtotatuointi-kuu-hopeiset-pisamat\/#primaryimage"},"thumbnailUrl":"https:\/\/likeink.com\/wp-content\/uploads\/2025\/11\/FreckleMoonTattoo-silver-Likeink.png","datePublished":"2025-11-26T14:52:21+00:00","dateModified":"2025-11-26T14:57:09+00:00","description":"Freckle Tattoos Silverm\u00e5ne: Siirtotatuointi-klustereita, joissa on kimaltavia t\u00e4hti\u00e4, pisteit\u00e4, oksia ja kuu \u2013 sijoitettuna nen\u00e4n p\u00e4\u00e4lle ja silmien alle.","breadcrumb":{"@id":"https:\/\/likeink.com\/fi\/siirtotatuoinnit\/siirtotatuointi-kuu-hopeiset-pisamat\/#breadcrumb"},"inLanguage":"fi","potentialAction":[{"@type":"ReadAction","target":["https:\/\/likeink.com\/fi\/siirtotatuoinnit\/siirtotatuointi-kuu-hopeiset-pisamat\/"]}]},{"@type":"ImageObject","inLanguage":"fi","@id":"https:\/\/likeink.com\/fi\/siirtotatuoinnit\/siirtotatuointi-kuu-hopeiset-pisamat\/#primaryimage","url":"https:\/\/likeink.com\/wp-content\/uploads\/2025\/11\/FreckleMoonTattoo-silver-Likeink.png","contentUrl":"https:\/\/likeink.com\/wp-content\/uploads\/2025\/11\/FreckleMoonTattoo-silver-Likeink.png","width":1772,"height":1772,"caption":"SIlver Freckle Tattoos Moon and Stars"},{"@type":"BreadcrumbList","@id":"https:\/\/likeink.com\/fi\/siirtotatuoinnit\/siirtotatuointi-kuu-hopeiset-pisamat\/#breadcrumb","itemListElement":[{"@type":"ListItem","position":1,"name":"Hem","item":"https:\/\/likeink.com\/fi\/"},{"@type":"ListItem","position":2,"name":"Shop","item":"https:\/\/likeink.com\/fi\/shop\/"},{"@type":"ListItem","position":3,"name":"Siirtotatuointi: Kuu &#038; Hopeiset Pisamat"}]},{"@type":"WebSite","@id":"https:\/\/likeink.com\/fi\/#website","url":"https:\/\/likeink.com\/fi\/","name":"Like ink","description":"Make your own custom design","potentialAction":[{"@type":"SearchAction","target":{"@type":"EntryPoint","urlTemplate":"https:\/\/likeink.com\/fi\/?s={search_term_string}"},"query-input":{"@type":"PropertyValueSpecification","valueRequired":true,"valueName":"search_term_string"}}],"inLanguage":"fi"}]}},"_links":{"self":[{"href":"https:\/\/likeink.com\/fi\/wp-json\/wp\/v2\/product\/52941","targetHints":{"allow":["GET"]}}],"collection":[{"href":"https:\/\/likeink.com\/fi\/wp-json\/wp\/v2\/product"}],"about":[{"href":"https:\/\/likeink.com\/fi\/wp-json\/wp\/v2\/types\/product"}],"wp:featuredmedia":[{"embeddable":true,"href":"https:\/\/likeink.com\/fi\/wp-json\/wp\/v2\/media\/52957"}],"wp:attachment":[{"href":"https:\/\/likeink.com\/fi\/wp-json\/wp\/v2\/media?parent=52941"}],"wp:term":[{"taxonomy":"product_brand","embeddable":true,"href":"https:\/\/likeink.com\/fi\/wp-json\/wp\/v2\/product_brand?post=52941"},{"taxonomy":"product_cat","embeddable":true,"href":"https:\/\/likeink.com\/fi\/wp-json\/wp\/v2\/product_cat?post=52941"},{"taxonomy":"product_tag","embeddable":true,"href":"https:\/\/likeink.com\/fi\/wp-json\/wp\/v2\/product_tag?post=52941"}],"curies":[{"name":"wp","href":"https:\/\/api.w.org\/{rel}","templated":true}]}}