{"id":53088,"date":"2025-11-30T10:28:55","date_gmt":"2025-11-30T10:28:55","guid":{"rendered":"https:\/\/likeink.com\/gnuggis\/gold-star-face-tattoos\/"},"modified":"2025-11-30T10:34:19","modified_gmt":"2025-11-30T10:34:19","slug":"gold-star-face-tattoos","status":"publish","type":"product","link":"https:\/\/likeink.com\/fi\/siirtotatuoinnit\/gold-star-face-tattoos\/","title":{"rendered":"Gold Star Face Tattoos"},"content":{"rendered":"","protected":false},"excerpt":{"rendered":"<p><strong>Gold Star Face Tattoos \u2013 Kimaltavia kultat\u00e4hti\u00e4 eri kokoisina.<\/strong><\/p>\n<p>Anna ulkon\u00e4\u00f6llesi taianomainen s\u00e4v\u00e4ys Like Ink Metallic -kultat\u00e4htien avulla \u2013 kultaiset Siirtotatuoinnit, jotka on suunniteltu otsalle, kaulalle, poskille ja silmien ymp\u00e4rille. T\u00e4ydellinen iltaan, festareille tai uudenvuodenaattoon, kun haluat s\u00e4dehti\u00e4 hieman enemm\u00e4n! Klustereiden v\u00e4liin on tehty valmiit leikkauskohdat, joten voit helposti rep\u00e4ist\u00e4 juuri haluamasi osan.<\/p>\n<h2>Osta korkealaatuisia kultat\u00e4htisiirtotatuointeja!<\/h2>\n<p>Gold Star -Siirtotatuoinnit on suunniteltu kest\u00e4m\u00e4\u00e4n pitk\u00e4\u00e4n ja n\u00e4ytt\u00e4m\u00e4\u00e4n luonnollisilta ja tyylikk\u00e4ilt\u00e4. Fiksun rakenteen ansiosta liima tarttuu vain itse kuvioon \u2013 ei h\u00e4iritsev\u00e4\u00e4 muovikalvoa reunoilla. Todella tyylikk\u00e4it\u00e4 siirtotatuointi-pisamia huippulaadulla.<\/p>\n<p>Lis\u00e4ksi Like Inkin Siirtotatuoinnit ovat allergiayst\u00e4v\u00e4llisi\u00e4 ja hell\u00e4varaisia iholle, joten niit\u00e4 voi k\u00e4ytt\u00e4\u00e4 my\u00f6s herkk\u00e4ihoiset turvallisesti. Helppo laittaa ja vaivaton poistaa \u2013 luo unelmalook muutamassa minuutissa.<\/p>\n<p>\u2728 Luo taikaa Like Inkin tatuoinneilla \u2013 s\u00e4ken\u00f6iv\u00e4 yksityiskohta, joka tekee koko eron! \u2728<\/p>\n<p><strong>Koko:<\/strong> 15X4 cm<\/p>\n","protected":false},"featured_media":59499,"template":"","meta":[],"product_brand":[],"product_cat":[217,51],"product_tag":[],"class_list":{"0":"post-53088","1":"product","2":"type-product","3":"status-publish","4":"has-post-thumbnail","6":"product_cat-loman-tatuointi","7":"product_cat-valmiit-arkit","9":"first","10":"instock","11":"taxable","12":"shipping-taxable","13":"purchasable","14":"product-type-simple"},"yoast_head":"<!-- This site is optimized with the Yoast SEO Premium plugin v26.2 (Yoast SEO v27.4) - https:\/\/yoast.com\/product\/yoast-seo-premium-wordpress\/ -->\n<title>Gold Star Face Tattoos - Like ink<\/title>\n<meta name=\"description\" content=\"TatTatuointiklustereita, joissa on kimaltavia kultat\u00e4hti\u00e4 eri tyyleiss\u00e4 \u2013 ne voidaan asettaa nen\u00e4n p\u00e4\u00e4lle ja silmien alle. - Like ink\" \/>\n<meta name=\"robots\" content=\"index, follow, max-snippet:-1, max-image-preview:large, max-video-preview:-1\" \/>\n<link rel=\"canonical\" href=\"https:\/\/likeink.com\/fi\/siirtotatuoinnit\/gold-star-face-tattoos\/\" \/>\n<meta property=\"og:locale\" content=\"fi_FI\" \/>\n<meta property=\"og:type\" content=\"article\" \/>\n<meta property=\"og:title\" content=\"Gold Star Face Tattoos\" \/>\n<meta property=\"og:description\" content=\"Gold Star Face Tattoos \u2013 Kimaltavia kultat\u00e4hti\u00e4 eri kokoisina.  Anna ulkon\u00e4\u00f6llesi taianomainen s\u00e4v\u00e4ys Like Ink Metallic -kultat\u00e4htien avulla \u2013 kultaiset Siirtotatuoinnit, jotka on suunniteltu otsalle, kaulalle, poskille ja silmien ymp\u00e4rille. T\u00e4ydellinen iltaan, festareille tai uudenvuodenaattoon, kun haluat s\u00e4dehti\u00e4 hieman enemm\u00e4n! Klustereiden v\u00e4liin on tehty valmiit leikkauskohdat, joten voit helposti rep\u00e4ist\u00e4 juuri haluamasi osan. Osta korkealaatuisia kultat\u00e4htisiirtotatuointeja! Gold Star -Siirtotatuoinnit on suunniteltu kest\u00e4m\u00e4\u00e4n pitk\u00e4\u00e4n ja n\u00e4ytt\u00e4m\u00e4\u00e4n luonnollisilta ja tyylikk\u00e4ilt\u00e4. Fiksun rakenteen ansiosta liima tarttuu vain itse kuvioon \u2013 ei h\u00e4iritsev\u00e4\u00e4 muovikalvoa reunoilla. Todella tyylikk\u00e4it\u00e4 siirtotatuointi-pisamia huippulaadulla.  Lis\u00e4ksi Like Inkin Siirtotatuoinnit ovat allergiayst\u00e4v\u00e4llisi\u00e4 ja hell\u00e4varaisia iholle, joten niit\u00e4 voi k\u00e4ytt\u00e4\u00e4 my\u00f6s herkk\u00e4ihoiset turvallisesti. Helppo laittaa ja vaivaton poistaa \u2013 luo unelmalook muutamassa minuutissa.  \u2728 Luo taikaa Like Inkin tatuoinneilla \u2013 s\u00e4ken\u00f6iv\u00e4 yksityiskohta, joka tekee koko eron! \u2728  Koko: 15X4 cm\" \/>\n<meta property=\"og:url\" content=\"https:\/\/likeink.com\/fi\/siirtotatuoinnit\/gold-star-face-tattoos\/\" \/>\n<meta property=\"og:site_name\" content=\"Like ink\" \/>\n<meta property=\"article:publisher\" content=\"https:\/\/www.facebook.com\/LikeInkSe\" \/>\n<meta property=\"article:modified_time\" content=\"2025-11-30T10:34:19+00:00\" \/>\n<meta property=\"og:image\" content=\"https:\/\/likeink.com\/wp-content\/uploads\/2025\/11\/GOLD-HEAVEN-FRECKLES-TEMPORARYTATTOOS-683x1024.png\" \/>\n\t<meta property=\"og:image:width\" content=\"683\" \/>\n\t<meta property=\"og:image:height\" content=\"1024\" \/>\n\t<meta property=\"og:image:type\" content=\"image\/png\" \/>\n<meta name=\"twitter:card\" content=\"summary_large_image\" \/>\n<meta name=\"twitter:label1\" content=\"Arvioitu lukuaika\" \/>\n\t<meta name=\"twitter:data1\" content=\"1 minuutti\" \/>\n<script type=\"application\/ld+json\" class=\"yoast-schema-graph\">{\"@context\":\"https:\\\/\\\/schema.org\",\"@graph\":[{\"@type\":\"WebPage\",\"@id\":\"https:\\\/\\\/likeink.com\\\/fi\\\/siirtotatuoinnit\\\/gold-star-face-tattoos\\\/\",\"url\":\"https:\\\/\\\/likeink.com\\\/fi\\\/siirtotatuoinnit\\\/gold-star-face-tattoos\\\/\",\"name\":\"Gold Star Face Tattoos - Like ink\",\"isPartOf\":{\"@id\":\"https:\\\/\\\/likeink.com\\\/fi\\\/#website\"},\"primaryImageOfPage\":{\"@id\":\"https:\\\/\\\/likeink.com\\\/fi\\\/siirtotatuoinnit\\\/gold-star-face-tattoos\\\/#primaryimage\"},\"image\":{\"@id\":\"https:\\\/\\\/likeink.com\\\/fi\\\/siirtotatuoinnit\\\/gold-star-face-tattoos\\\/#primaryimage\"},\"thumbnailUrl\":\"https:\\\/\\\/likeink.com\\\/wp-content\\\/uploads\\\/2025\\\/11\\\/GOLD-HEAVEN-FRECKLES-TEMPORARYTATTOOS_1.jpg\",\"datePublished\":\"2025-11-30T10:28:55+00:00\",\"dateModified\":\"2025-11-30T10:34:19+00:00\",\"description\":\"TatTatuointiklustereita, joissa on kimaltavia kultat\u00e4hti\u00e4 eri tyyleiss\u00e4 \u2013 ne voidaan asettaa nen\u00e4n p\u00e4\u00e4lle ja silmien alle. - Like ink\",\"breadcrumb\":{\"@id\":\"https:\\\/\\\/likeink.com\\\/fi\\\/siirtotatuoinnit\\\/gold-star-face-tattoos\\\/#breadcrumb\"},\"inLanguage\":\"fi\",\"potentialAction\":[{\"@type\":\"ReadAction\",\"target\":[\"https:\\\/\\\/likeink.com\\\/fi\\\/siirtotatuoinnit\\\/gold-star-face-tattoos\\\/\"]}]},{\"@type\":\"ImageObject\",\"inLanguage\":\"fi\",\"@id\":\"https:\\\/\\\/likeink.com\\\/fi\\\/siirtotatuoinnit\\\/gold-star-face-tattoos\\\/#primaryimage\",\"url\":\"https:\\\/\\\/likeink.com\\\/wp-content\\\/uploads\\\/2025\\\/11\\\/GOLD-HEAVEN-FRECKLES-TEMPORARYTATTOOS_1.jpg\",\"contentUrl\":\"https:\\\/\\\/likeink.com\\\/wp-content\\\/uploads\\\/2025\\\/11\\\/GOLD-HEAVEN-FRECKLES-TEMPORARYTATTOOS_1.jpg\",\"width\":1720,\"height\":1520,\"caption\":\"Hymyilev\u00e4 nuori nainen, jolla on pitk\u00e4t tummat hiukset ja huulil\u00e4vistys, poseeraa tavallista taustaa vasten ja kantaa Gold Star Face -tatuointeja ja viivatarroja kasvoillaan ja kaulassaan.\"},{\"@type\":\"BreadcrumbList\",\"@id\":\"https:\\\/\\\/likeink.com\\\/fi\\\/siirtotatuoinnit\\\/gold-star-face-tattoos\\\/#breadcrumb\",\"itemListElement\":[{\"@type\":\"ListItem\",\"position\":1,\"name\":\"Hem\",\"item\":\"https:\\\/\\\/likeink.com\\\/fi\\\/\"},{\"@type\":\"ListItem\",\"position\":2,\"name\":\"Shop\",\"item\":\"https:\\\/\\\/likeink.com\\\/fi\\\/shop\\\/\"},{\"@type\":\"ListItem\",\"position\":3,\"name\":\"Gold Star Face Tattoos\"}]},{\"@type\":\"WebSite\",\"@id\":\"https:\\\/\\\/likeink.com\\\/fi\\\/#website\",\"url\":\"https:\\\/\\\/likeink.com\\\/fi\\\/\",\"name\":\"Like ink\",\"description\":\"Make your own custom design\",\"potentialAction\":[{\"@type\":\"SearchAction\",\"target\":{\"@type\":\"EntryPoint\",\"urlTemplate\":\"https:\\\/\\\/likeink.com\\\/fi\\\/?s={search_term_string}\"},\"query-input\":{\"@type\":\"PropertyValueSpecification\",\"valueRequired\":true,\"valueName\":\"search_term_string\"}}],\"inLanguage\":\"fi\"}]}<\/script>\n<!-- \/ Yoast SEO Premium plugin. -->","yoast_head_json":{"title":"Gold Star Face Tattoos - Like ink","description":"TatTatuointiklustereita, joissa on kimaltavia kultat\u00e4hti\u00e4 eri tyyleiss\u00e4 \u2013 ne voidaan asettaa nen\u00e4n p\u00e4\u00e4lle ja silmien alle. - Like ink","robots":{"index":"index","follow":"follow","max-snippet":"max-snippet:-1","max-image-preview":"max-image-preview:large","max-video-preview":"max-video-preview:-1"},"canonical":"https:\/\/likeink.com\/fi\/siirtotatuoinnit\/gold-star-face-tattoos\/","og_locale":"fi_FI","og_type":"article","og_title":"Gold Star Face Tattoos","og_description":"Gold Star Face Tattoos \u2013 Kimaltavia kultat\u00e4hti\u00e4 eri kokoisina.  Anna ulkon\u00e4\u00f6llesi taianomainen s\u00e4v\u00e4ys Like Ink Metallic -kultat\u00e4htien avulla \u2013 kultaiset Siirtotatuoinnit, jotka on suunniteltu otsalle, kaulalle, poskille ja silmien ymp\u00e4rille. T\u00e4ydellinen iltaan, festareille tai uudenvuodenaattoon, kun haluat s\u00e4dehti\u00e4 hieman enemm\u00e4n! Klustereiden v\u00e4liin on tehty valmiit leikkauskohdat, joten voit helposti rep\u00e4ist\u00e4 juuri haluamasi osan. Osta korkealaatuisia kultat\u00e4htisiirtotatuointeja! Gold Star -Siirtotatuoinnit on suunniteltu kest\u00e4m\u00e4\u00e4n pitk\u00e4\u00e4n ja n\u00e4ytt\u00e4m\u00e4\u00e4n luonnollisilta ja tyylikk\u00e4ilt\u00e4. Fiksun rakenteen ansiosta liima tarttuu vain itse kuvioon \u2013 ei h\u00e4iritsev\u00e4\u00e4 muovikalvoa reunoilla. Todella tyylikk\u00e4it\u00e4 siirtotatuointi-pisamia huippulaadulla.  Lis\u00e4ksi Like Inkin Siirtotatuoinnit ovat allergiayst\u00e4v\u00e4llisi\u00e4 ja hell\u00e4varaisia iholle, joten niit\u00e4 voi k\u00e4ytt\u00e4\u00e4 my\u00f6s herkk\u00e4ihoiset turvallisesti. Helppo laittaa ja vaivaton poistaa \u2013 luo unelmalook muutamassa minuutissa.  \u2728 Luo taikaa Like Inkin tatuoinneilla \u2013 s\u00e4ken\u00f6iv\u00e4 yksityiskohta, joka tekee koko eron! \u2728  Koko: 15X4 cm","og_url":"https:\/\/likeink.com\/fi\/siirtotatuoinnit\/gold-star-face-tattoos\/","og_site_name":"Like ink","article_publisher":"https:\/\/www.facebook.com\/LikeInkSe","article_modified_time":"2025-11-30T10:34:19+00:00","og_image":[{"width":683,"height":1024,"url":"https:\/\/likeink.com\/wp-content\/uploads\/2025\/11\/GOLD-HEAVEN-FRECKLES-TEMPORARYTATTOOS-683x1024.png","type":"image\/png"}],"twitter_card":"summary_large_image","twitter_misc":{"Arvioitu lukuaika":"1 minuutti"},"schema":{"@context":"https:\/\/schema.org","@graph":[{"@type":"WebPage","@id":"https:\/\/likeink.com\/fi\/siirtotatuoinnit\/gold-star-face-tattoos\/","url":"https:\/\/likeink.com\/fi\/siirtotatuoinnit\/gold-star-face-tattoos\/","name":"Gold Star Face Tattoos - Like ink","isPartOf":{"@id":"https:\/\/likeink.com\/fi\/#website"},"primaryImageOfPage":{"@id":"https:\/\/likeink.com\/fi\/siirtotatuoinnit\/gold-star-face-tattoos\/#primaryimage"},"image":{"@id":"https:\/\/likeink.com\/fi\/siirtotatuoinnit\/gold-star-face-tattoos\/#primaryimage"},"thumbnailUrl":"https:\/\/likeink.com\/wp-content\/uploads\/2025\/11\/GOLD-HEAVEN-FRECKLES-TEMPORARYTATTOOS_1.jpg","datePublished":"2025-11-30T10:28:55+00:00","dateModified":"2025-11-30T10:34:19+00:00","description":"TatTatuointiklustereita, joissa on kimaltavia kultat\u00e4hti\u00e4 eri tyyleiss\u00e4 \u2013 ne voidaan asettaa nen\u00e4n p\u00e4\u00e4lle ja silmien alle. - Like ink","breadcrumb":{"@id":"https:\/\/likeink.com\/fi\/siirtotatuoinnit\/gold-star-face-tattoos\/#breadcrumb"},"inLanguage":"fi","potentialAction":[{"@type":"ReadAction","target":["https:\/\/likeink.com\/fi\/siirtotatuoinnit\/gold-star-face-tattoos\/"]}]},{"@type":"ImageObject","inLanguage":"fi","@id":"https:\/\/likeink.com\/fi\/siirtotatuoinnit\/gold-star-face-tattoos\/#primaryimage","url":"https:\/\/likeink.com\/wp-content\/uploads\/2025\/11\/GOLD-HEAVEN-FRECKLES-TEMPORARYTATTOOS_1.jpg","contentUrl":"https:\/\/likeink.com\/wp-content\/uploads\/2025\/11\/GOLD-HEAVEN-FRECKLES-TEMPORARYTATTOOS_1.jpg","width":1720,"height":1520,"caption":"Hymyilev\u00e4 nuori nainen, jolla on pitk\u00e4t tummat hiukset ja huulil\u00e4vistys, poseeraa tavallista taustaa vasten ja kantaa Gold Star Face -tatuointeja ja viivatarroja kasvoillaan ja kaulassaan."},{"@type":"BreadcrumbList","@id":"https:\/\/likeink.com\/fi\/siirtotatuoinnit\/gold-star-face-tattoos\/#breadcrumb","itemListElement":[{"@type":"ListItem","position":1,"name":"Hem","item":"https:\/\/likeink.com\/fi\/"},{"@type":"ListItem","position":2,"name":"Shop","item":"https:\/\/likeink.com\/fi\/shop\/"},{"@type":"ListItem","position":3,"name":"Gold Star Face Tattoos"}]},{"@type":"WebSite","@id":"https:\/\/likeink.com\/fi\/#website","url":"https:\/\/likeink.com\/fi\/","name":"Like ink","description":"Make your own custom design","potentialAction":[{"@type":"SearchAction","target":{"@type":"EntryPoint","urlTemplate":"https:\/\/likeink.com\/fi\/?s={search_term_string}"},"query-input":{"@type":"PropertyValueSpecification","valueRequired":true,"valueName":"search_term_string"}}],"inLanguage":"fi"}]}},"_links":{"self":[{"href":"https:\/\/likeink.com\/fi\/wp-json\/wp\/v2\/product\/53088","targetHints":{"allow":["GET"]}}],"collection":[{"href":"https:\/\/likeink.com\/fi\/wp-json\/wp\/v2\/product"}],"about":[{"href":"https:\/\/likeink.com\/fi\/wp-json\/wp\/v2\/types\/product"}],"wp:featuredmedia":[{"embeddable":true,"href":"https:\/\/likeink.com\/fi\/wp-json\/wp\/v2\/media\/59499"}],"wp:attachment":[{"href":"https:\/\/likeink.com\/fi\/wp-json\/wp\/v2\/media?parent=53088"}],"wp:term":[{"taxonomy":"product_brand","embeddable":true,"href":"https:\/\/likeink.com\/fi\/wp-json\/wp\/v2\/product_brand?post=53088"},{"taxonomy":"product_cat","embeddable":true,"href":"https:\/\/likeink.com\/fi\/wp-json\/wp\/v2\/product_cat?post=53088"},{"taxonomy":"product_tag","embeddable":true,"href":"https:\/\/likeink.com\/fi\/wp-json\/wp\/v2\/product_tag?post=53088"}],"curies":[{"name":"wp","href":"https:\/\/api.w.org\/{rel}","templated":true}]}}