{"id":58637,"date":"2026-01-26T15:08:36","date_gmt":"2026-02-09T12:43:36","guid":{"rendered":"https:\/\/likeink.com\/gnuggisar\/tatuointityyliset-kynsitarrat-musta-ja-punainen\/"},"modified":"2026-02-25T09:44:33","modified_gmt":"2026-02-25T09:44:33","slug":"tatuointityyliset-kynsitarrat-musta-ja-punainen","status":"publish","type":"product","link":"https:\/\/likeink.com\/fi\/siirtotatuoinnit\/tatuointityyliset-kynsitarrat-musta-ja-punainen\/","title":{"rendered":"Tatuointityyli Nail stickers \u2013 Musta ja punainen"},"content":{"rendered":"","protected":false},"excerpt":{"rendered":"<p>Like Ink<br \/>\nNail tattoos<br \/>\n\u2013 Tatuointityyliset Nail stickers<\/p>\n<h2>Tilaa Nail stickers <\/h2>\n<p>,<\/p>\n<h2>jotka ovat saaneet inspiraationsa klassisesta tatuointitaiteesta!<\/h2>\n<p>Luo rohkea, ilmeik\u00e4s manikyyri Like Ink<br \/>\nTatuointityyliset Nail stickers<br \/>\n. Perinteisest\u00e4 tatuointitaiteesta inspiraationsa saaneet Nail stickers<br \/>\nsis\u00e4lt\u00e4v\u00e4t yksityiskohtaisia mustia ja punaisia kuvioita, kuten kalloja, arkkuaiheita, perhosia ja silmi\u00e4.<\/p>\n<p>Edgy-tyyleihin, vaihtoehtoisen muodin yst\u00e4ville ja statement-lookeihin sopivat tatuointityyliset Nail stickers<br \/>\nlis\u00e4\u00e4v\u00e4t kynsiisi asennetta ja persoonallisuutta ilman pysyv\u00e4n tatuoinnin sitoutumista. Kontrastirikkaat v\u00e4rit ja ikoniset motiivit erottuvat kauniisti sek\u00e4 luonnollisilla ett\u00e4 lakatuilla kynsill\u00e4.<\/p>\n<p>Helppoja kiinnitt\u00e4\u00e4 ja mukavia k\u00e4ytt\u00e4\u00e4, ne pysyv\u00e4t paikoillaan useita p\u00e4ivi\u00e4 ilman tahraantumista tai irtoamista. Ei kuivumisaikaa, ei sotkua eik\u00e4 salonkik\u00e4yntej\u00e4 \u2013 vain v\u00e4litt\u00f6m\u00e4t tatuointien innoittamat Nail art<br \/>\n.<\/p>\n<p><strong>Kuinka kiinnitt\u00e4\u00e4 Nail stickers <\/strong><br \/>\nPuhdista ja kuivaa kynsi<\/p>\n<p>Valitse tarra arkista ja nosta se varovasti pinseteill\u00e4<\/p>\n<p>Aseta kuvio kynsille ja paina kevyesti<\/p>\n<p>Levit\u00e4 p\u00e4\u00e4llyslakka kest\u00e4vyyden lis\u00e4\u00e4miseksi<\/p>\n<p>Valmis!<\/p>\n<p>Tuotetiedot<\/p>\n<p><strong>Arkin koko:<\/strong><br \/>\n7 \u00d7 10 <strong>cm<br \/>\nNail stickers -tarrojen m\u00e4\u00e4r\u00e4:<\/strong><br \/>\nnoin 40\u201350 kpl<br \/>\n<strong>V\u00e4rit:<\/strong><br \/>\nmusta ja <strong>punainen<br \/>\nMotiivit:<\/strong><br \/>\nkalloja, arkku, perhonen, silm\u00e4t<\/p>\n<p><strong>PS:<\/strong><br \/>\nOsta 6 arkkia ja maksa 5:st\u00e4 alennuskoodilla<strong> INKNAILS <\/strong><br \/>\n\ud83d\udda4<\/p>\n","protected":false},"featured_media":59292,"template":"","meta":[],"product_brand":[],"product_cat":[468],"product_tag":[],"class_list":{"0":"post-58637","1":"product","2":"type-product","3":"status-publish","4":"has-post-thumbnail","6":"product_cat-nailstickers-fi","8":"first","9":"instock","10":"taxable","11":"shipping-taxable","12":"purchasable","13":"product-type-simple"},"yoast_head":"<!-- This site is optimized with the Yoast SEO Premium plugin v26.2 (Yoast SEO v27.4) - https:\/\/yoast.com\/product\/yoast-seo-premium-wordpress\/ -->\n<title>Tatuointityyli Nail stickers Musta ja punainen | Like Ink<\/title>\n<meta name=\"description\" content=\"Like Ink in musta ja punainen tatuointityylinen Nail stickers. Sis\u00e4lt\u00e4\u00e4 p\u00e4\u00e4kallo-, arkku-, perhonen- ja silm\u00e4kuvioita. Helppo levitt\u00e4\u00e4 ja pitk\u00e4kestoinen. - Like ink\" \/>\n<meta name=\"robots\" content=\"index, follow, max-snippet:-1, max-image-preview:large, max-video-preview:-1\" \/>\n<link rel=\"canonical\" href=\"https:\/\/likeink.com\/fi\/siirtotatuoinnit\/tatuointityyliset-kynsitarrat-musta-ja-punainen\/\" \/>\n<meta property=\"og:locale\" content=\"fi_FI\" \/>\n<meta property=\"og:type\" content=\"article\" \/>\n<meta property=\"og:title\" content=\"Tatuointityyli Nail stickers \u2013 Musta ja punainen\" \/>\n<meta property=\"og:description\" content=\"Like Ink Nail tattoos \u2013 Tatuointityyliset Nail stickers Tilaa Nail stickers , jotka ovat saaneet inspiraationsa klassisesta tatuointitaiteesta! Luo rohkea, ilmeik\u00e4s manikyyri Like Ink Tatuointityyliset Nail stickers . Perinteisest\u00e4 tatuointitaiteesta inspiraationsa saaneet Nail stickers sis\u00e4lt\u00e4v\u00e4t yksityiskohtaisia mustia ja punaisia kuvioita, kuten kalloja, arkkuaiheita, perhosia ja silmi\u00e4. Edgy-tyyleihin, vaihtoehtoisen muodin yst\u00e4ville ja statement-lookeihin sopivat tatuointityyliset Nail stickers lis\u00e4\u00e4v\u00e4t kynsiisi asennetta ja persoonallisuutta ilman pysyv\u00e4n tatuoinnin sitoutumista. Kontrastirikkaat v\u00e4rit ja ikoniset motiivit erottuvat kauniisti sek\u00e4 luonnollisilla ett\u00e4 lakatuilla kynsill\u00e4. Helppoja kiinnitt\u00e4\u00e4 ja mukavia k\u00e4ytt\u00e4\u00e4, ne pysyv\u00e4t paikoillaan useita p\u00e4ivi\u00e4 ilman tahraantumista tai irtoamista. Ei kuivumisaikaa, ei sotkua eik\u00e4 salonkik\u00e4yntej\u00e4 \u2013 vain v\u00e4litt\u00f6m\u00e4t tatuointien innoittamat Nail art . Kuinka kiinnitt\u00e4\u00e4 Nail stickers Puhdista ja kuivaa kynsi Valitse tarra arkista ja nosta se varovasti pinseteill\u00e4 Aseta kuvio kynsille ja paina kevyesti Levit\u00e4 p\u00e4\u00e4llyslakka kest\u00e4vyyden lis\u00e4\u00e4miseksi Valmis! Tuotetiedot Arkin koko: 7 \u00d7 10 cm Nail stickers -tarrojen m\u00e4\u00e4r\u00e4: noin 40\u201350 kpl V\u00e4rit: musta ja punainen Motiivit: kalloja, arkku, perhonen, silm\u00e4t PS: Osta 6 arkkia ja maksa 5:st\u00e4 alennuskoodilla INKNAILS \ud83d\udda4\" \/>\n<meta property=\"og:url\" content=\"https:\/\/likeink.com\/fi\/siirtotatuoinnit\/tatuointityyliset-kynsitarrat-musta-ja-punainen\/\" \/>\n<meta property=\"og:site_name\" content=\"Like ink\" \/>\n<meta property=\"article:publisher\" content=\"https:\/\/www.facebook.com\/LikeInkSe\" \/>\n<meta property=\"article:modified_time\" content=\"2026-02-25T09:44:33+00:00\" \/>\n<meta property=\"og:image\" content=\"https:\/\/likeink.com\/wp-content\/uploads\/2026\/02\/nail-stickers-design-coffin-likeink.png\" \/>\n\t<meta property=\"og:image:width\" content=\"1024\" \/>\n\t<meta property=\"og:image:height\" content=\"1024\" \/>\n\t<meta property=\"og:image:type\" content=\"image\/png\" \/>\n<meta name=\"twitter:card\" content=\"summary_large_image\" \/>\n<script type=\"application\/ld+json\" class=\"yoast-schema-graph\">{\"@context\":\"https:\\\/\\\/schema.org\",\"@graph\":[{\"@type\":\"WebPage\",\"@id\":\"https:\\\/\\\/likeink.com\\\/fi\\\/siirtotatuoinnit\\\/tatuointityyliset-kynsitarrat-musta-ja-punainen\\\/\",\"url\":\"https:\\\/\\\/likeink.com\\\/fi\\\/siirtotatuoinnit\\\/tatuointityyliset-kynsitarrat-musta-ja-punainen\\\/\",\"name\":\"Tatuointityyli Nail stickers Musta ja punainen | Like Ink\",\"isPartOf\":{\"@id\":\"https:\\\/\\\/likeink.com\\\/fi\\\/#website\"},\"primaryImageOfPage\":{\"@id\":\"https:\\\/\\\/likeink.com\\\/fi\\\/siirtotatuoinnit\\\/tatuointityyliset-kynsitarrat-musta-ja-punainen\\\/#primaryimage\"},\"image\":{\"@id\":\"https:\\\/\\\/likeink.com\\\/fi\\\/siirtotatuoinnit\\\/tatuointityyliset-kynsitarrat-musta-ja-punainen\\\/#primaryimage\"},\"thumbnailUrl\":\"https:\\\/\\\/likeink.com\\\/wp-content\\\/uploads\\\/2026\\\/02\\\/nail-stickers-design-coffin-likeink.png\",\"datePublished\":\"2026-02-09T12:43:36+00:00\",\"dateModified\":\"2026-02-25T09:44:33+00:00\",\"description\":\"Like Ink in musta ja punainen tatuointityylinen Nail stickers. Sis\u00e4lt\u00e4\u00e4 p\u00e4\u00e4kallo-, arkku-, perhonen- ja silm\u00e4kuvioita. Helppo levitt\u00e4\u00e4 ja pitk\u00e4kestoinen. - Like ink\",\"breadcrumb\":{\"@id\":\"https:\\\/\\\/likeink.com\\\/fi\\\/siirtotatuoinnit\\\/tatuointityyliset-kynsitarrat-musta-ja-punainen\\\/#breadcrumb\"},\"inLanguage\":\"fi\",\"potentialAction\":[{\"@type\":\"ReadAction\",\"target\":[\"https:\\\/\\\/likeink.com\\\/fi\\\/siirtotatuoinnit\\\/tatuointityyliset-kynsitarrat-musta-ja-punainen\\\/\"]}]},{\"@type\":\"ImageObject\",\"inLanguage\":\"fi\",\"@id\":\"https:\\\/\\\/likeink.com\\\/fi\\\/siirtotatuoinnit\\\/tatuointityyliset-kynsitarrat-musta-ja-punainen\\\/#primaryimage\",\"url\":\"https:\\\/\\\/likeink.com\\\/wp-content\\\/uploads\\\/2026\\\/02\\\/nail-stickers-design-coffin-likeink.png\",\"contentUrl\":\"https:\\\/\\\/likeink.com\\\/wp-content\\\/uploads\\\/2026\\\/02\\\/nail-stickers-design-coffin-likeink.png\",\"width\":1024,\"height\":1024,\"caption\":\"L\u00e4hikuva nelj\u00e4st\u00e4 minimalistisella taiteella maalatusta kynsist\u00e4: kahdessa kynsiss\u00e4 on mustat arkkumallit, joissa on valkoisia ristej\u00e4, ja kahdessa muussa on punaisia ja mustia perhosmalleja neutraalilla pohjalla.\"},{\"@type\":\"BreadcrumbList\",\"@id\":\"https:\\\/\\\/likeink.com\\\/fi\\\/siirtotatuoinnit\\\/tatuointityyliset-kynsitarrat-musta-ja-punainen\\\/#breadcrumb\",\"itemListElement\":[{\"@type\":\"ListItem\",\"position\":1,\"name\":\"Hem\",\"item\":\"https:\\\/\\\/likeink.com\\\/fi\\\/\"},{\"@type\":\"ListItem\",\"position\":2,\"name\":\"Shop\",\"item\":\"https:\\\/\\\/likeink.com\\\/fi\\\/shop\\\/\"},{\"@type\":\"ListItem\",\"position\":3,\"name\":\"Tatuointityyli Nail stickers \u2013 Musta ja punainen\"}]},{\"@type\":\"WebSite\",\"@id\":\"https:\\\/\\\/likeink.com\\\/fi\\\/#website\",\"url\":\"https:\\\/\\\/likeink.com\\\/fi\\\/\",\"name\":\"Like ink\",\"description\":\"Make your own custom design\",\"potentialAction\":[{\"@type\":\"SearchAction\",\"target\":{\"@type\":\"EntryPoint\",\"urlTemplate\":\"https:\\\/\\\/likeink.com\\\/fi\\\/?s={search_term_string}\"},\"query-input\":{\"@type\":\"PropertyValueSpecification\",\"valueRequired\":true,\"valueName\":\"search_term_string\"}}],\"inLanguage\":\"fi\"}]}<\/script>\n<!-- \/ Yoast SEO Premium plugin. -->","yoast_head_json":{"title":"Tatuointityyli Nail stickers Musta ja punainen | Like Ink","description":"Like Ink in musta ja punainen tatuointityylinen Nail stickers. Sis\u00e4lt\u00e4\u00e4 p\u00e4\u00e4kallo-, arkku-, perhonen- ja silm\u00e4kuvioita. Helppo levitt\u00e4\u00e4 ja pitk\u00e4kestoinen. - Like ink","robots":{"index":"index","follow":"follow","max-snippet":"max-snippet:-1","max-image-preview":"max-image-preview:large","max-video-preview":"max-video-preview:-1"},"canonical":"https:\/\/likeink.com\/fi\/siirtotatuoinnit\/tatuointityyliset-kynsitarrat-musta-ja-punainen\/","og_locale":"fi_FI","og_type":"article","og_title":"Tatuointityyli Nail stickers \u2013 Musta ja punainen","og_description":"Like Ink Nail tattoos \u2013 Tatuointityyliset Nail stickers Tilaa Nail stickers , jotka ovat saaneet inspiraationsa klassisesta tatuointitaiteesta! Luo rohkea, ilmeik\u00e4s manikyyri Like Ink Tatuointityyliset Nail stickers . Perinteisest\u00e4 tatuointitaiteesta inspiraationsa saaneet Nail stickers sis\u00e4lt\u00e4v\u00e4t yksityiskohtaisia mustia ja punaisia kuvioita, kuten kalloja, arkkuaiheita, perhosia ja silmi\u00e4. Edgy-tyyleihin, vaihtoehtoisen muodin yst\u00e4ville ja statement-lookeihin sopivat tatuointityyliset Nail stickers lis\u00e4\u00e4v\u00e4t kynsiisi asennetta ja persoonallisuutta ilman pysyv\u00e4n tatuoinnin sitoutumista. Kontrastirikkaat v\u00e4rit ja ikoniset motiivit erottuvat kauniisti sek\u00e4 luonnollisilla ett\u00e4 lakatuilla kynsill\u00e4. Helppoja kiinnitt\u00e4\u00e4 ja mukavia k\u00e4ytt\u00e4\u00e4, ne pysyv\u00e4t paikoillaan useita p\u00e4ivi\u00e4 ilman tahraantumista tai irtoamista. Ei kuivumisaikaa, ei sotkua eik\u00e4 salonkik\u00e4yntej\u00e4 \u2013 vain v\u00e4litt\u00f6m\u00e4t tatuointien innoittamat Nail art . Kuinka kiinnitt\u00e4\u00e4 Nail stickers Puhdista ja kuivaa kynsi Valitse tarra arkista ja nosta se varovasti pinseteill\u00e4 Aseta kuvio kynsille ja paina kevyesti Levit\u00e4 p\u00e4\u00e4llyslakka kest\u00e4vyyden lis\u00e4\u00e4miseksi Valmis! Tuotetiedot Arkin koko: 7 \u00d7 10 cm Nail stickers -tarrojen m\u00e4\u00e4r\u00e4: noin 40\u201350 kpl V\u00e4rit: musta ja punainen Motiivit: kalloja, arkku, perhonen, silm\u00e4t PS: Osta 6 arkkia ja maksa 5:st\u00e4 alennuskoodilla INKNAILS \ud83d\udda4","og_url":"https:\/\/likeink.com\/fi\/siirtotatuoinnit\/tatuointityyliset-kynsitarrat-musta-ja-punainen\/","og_site_name":"Like ink","article_publisher":"https:\/\/www.facebook.com\/LikeInkSe","article_modified_time":"2026-02-25T09:44:33+00:00","og_image":[{"width":1024,"height":1024,"url":"https:\/\/likeink.com\/wp-content\/uploads\/2026\/02\/nail-stickers-design-coffin-likeink.png","type":"image\/png"}],"twitter_card":"summary_large_image","schema":{"@context":"https:\/\/schema.org","@graph":[{"@type":"WebPage","@id":"https:\/\/likeink.com\/fi\/siirtotatuoinnit\/tatuointityyliset-kynsitarrat-musta-ja-punainen\/","url":"https:\/\/likeink.com\/fi\/siirtotatuoinnit\/tatuointityyliset-kynsitarrat-musta-ja-punainen\/","name":"Tatuointityyli Nail stickers Musta ja punainen | Like Ink","isPartOf":{"@id":"https:\/\/likeink.com\/fi\/#website"},"primaryImageOfPage":{"@id":"https:\/\/likeink.com\/fi\/siirtotatuoinnit\/tatuointityyliset-kynsitarrat-musta-ja-punainen\/#primaryimage"},"image":{"@id":"https:\/\/likeink.com\/fi\/siirtotatuoinnit\/tatuointityyliset-kynsitarrat-musta-ja-punainen\/#primaryimage"},"thumbnailUrl":"https:\/\/likeink.com\/wp-content\/uploads\/2026\/02\/nail-stickers-design-coffin-likeink.png","datePublished":"2026-02-09T12:43:36+00:00","dateModified":"2026-02-25T09:44:33+00:00","description":"Like Ink in musta ja punainen tatuointityylinen Nail stickers. Sis\u00e4lt\u00e4\u00e4 p\u00e4\u00e4kallo-, arkku-, perhonen- ja silm\u00e4kuvioita. Helppo levitt\u00e4\u00e4 ja pitk\u00e4kestoinen. - Like ink","breadcrumb":{"@id":"https:\/\/likeink.com\/fi\/siirtotatuoinnit\/tatuointityyliset-kynsitarrat-musta-ja-punainen\/#breadcrumb"},"inLanguage":"fi","potentialAction":[{"@type":"ReadAction","target":["https:\/\/likeink.com\/fi\/siirtotatuoinnit\/tatuointityyliset-kynsitarrat-musta-ja-punainen\/"]}]},{"@type":"ImageObject","inLanguage":"fi","@id":"https:\/\/likeink.com\/fi\/siirtotatuoinnit\/tatuointityyliset-kynsitarrat-musta-ja-punainen\/#primaryimage","url":"https:\/\/likeink.com\/wp-content\/uploads\/2026\/02\/nail-stickers-design-coffin-likeink.png","contentUrl":"https:\/\/likeink.com\/wp-content\/uploads\/2026\/02\/nail-stickers-design-coffin-likeink.png","width":1024,"height":1024,"caption":"L\u00e4hikuva nelj\u00e4st\u00e4 minimalistisella taiteella maalatusta kynsist\u00e4: kahdessa kynsiss\u00e4 on mustat arkkumallit, joissa on valkoisia ristej\u00e4, ja kahdessa muussa on punaisia ja mustia perhosmalleja neutraalilla pohjalla."},{"@type":"BreadcrumbList","@id":"https:\/\/likeink.com\/fi\/siirtotatuoinnit\/tatuointityyliset-kynsitarrat-musta-ja-punainen\/#breadcrumb","itemListElement":[{"@type":"ListItem","position":1,"name":"Hem","item":"https:\/\/likeink.com\/fi\/"},{"@type":"ListItem","position":2,"name":"Shop","item":"https:\/\/likeink.com\/fi\/shop\/"},{"@type":"ListItem","position":3,"name":"Tatuointityyli Nail stickers \u2013 Musta ja punainen"}]},{"@type":"WebSite","@id":"https:\/\/likeink.com\/fi\/#website","url":"https:\/\/likeink.com\/fi\/","name":"Like ink","description":"Make your own custom design","potentialAction":[{"@type":"SearchAction","target":{"@type":"EntryPoint","urlTemplate":"https:\/\/likeink.com\/fi\/?s={search_term_string}"},"query-input":{"@type":"PropertyValueSpecification","valueRequired":true,"valueName":"search_term_string"}}],"inLanguage":"fi"}]}},"_links":{"self":[{"href":"https:\/\/likeink.com\/fi\/wp-json\/wp\/v2\/product\/58637","targetHints":{"allow":["GET"]}}],"collection":[{"href":"https:\/\/likeink.com\/fi\/wp-json\/wp\/v2\/product"}],"about":[{"href":"https:\/\/likeink.com\/fi\/wp-json\/wp\/v2\/types\/product"}],"wp:featuredmedia":[{"embeddable":true,"href":"https:\/\/likeink.com\/fi\/wp-json\/wp\/v2\/media\/59292"}],"wp:attachment":[{"href":"https:\/\/likeink.com\/fi\/wp-json\/wp\/v2\/media?parent=58637"}],"wp:term":[{"taxonomy":"product_brand","embeddable":true,"href":"https:\/\/likeink.com\/fi\/wp-json\/wp\/v2\/product_brand?post=58637"},{"taxonomy":"product_cat","embeddable":true,"href":"https:\/\/likeink.com\/fi\/wp-json\/wp\/v2\/product_cat?post=58637"},{"taxonomy":"product_tag","embeddable":true,"href":"https:\/\/likeink.com\/fi\/wp-json\/wp\/v2\/product_tag?post=58637"}],"curies":[{"name":"wp","href":"https:\/\/api.w.org\/{rel}","templated":true}]}}