{"id":58638,"date":"2026-01-26T15:00:09","date_gmt":"2026-02-09T12:43:37","guid":{"rendered":"https:\/\/likeink.com\/gnuggisar\/kynsitarrat-kultaiset-ja-valkoiset-v-viivat\/"},"modified":"2026-02-25T09:44:34","modified_gmt":"2026-02-25T09:44:34","slug":"kynsitarrat-kultaiset-ja-valkoiset-v-viivat","status":"publish","type":"product","link":"https:\/\/likeink.com\/fi\/siirtotatuoinnit\/kynsitarrat-kultaiset-ja-valkoiset-v-viivat\/","title":{"rendered":"Nail stickers Kultaiset ja valkoiset V-viivat"},"content":{"rendered":"","protected":false},"excerpt":{"rendered":"<p>Like Ink<br \/>\nNail tattoos<br \/>\n\u2013 Kulta- ja hopeav\u00e4riset V-muotoiset kynsien<\/p>\n<h2>koristeet<\/h2>\n<p>(Nail stickers<\/p>\n<h2>) Tilaa tyylikk\u00e4\u00e4t kulta- ja hopeav\u00e4riset V-muotoiset kynsien koristeet (Nail stickers)!<\/h2>\n<p>Luo tyylik\u00e4s, moderni manikyyri Like Ink<br \/>\nNail stickers<br \/>\n\u2013 Gold &#038; Silver V Lines -tuotteilla. Erityisesti pidemmille kynsille suunnitellut Nail stickers<br \/>\n-tuotteet sis\u00e4lt\u00e4v\u00e4t hienostuneita V-muotoisia kuvioita kultaisena ja hopeisena, yhdistettyn\u00e4 ohuisiin kultaisiin viivoihin, jotka luovat ylellisen, pitk\u00e4nomaisen ilmeen.<\/p>\n<p>Minimalisteille, muotia rakastaville ja n\u00e4ytt\u00e4v\u00e4\u00e4n manikyyriin sopivat Nail stickers<br \/>\n-tuotteet lis\u00e4\u00e4v\u00e4t puhtaan mutta silmiinpist\u00e4v\u00e4n viimeistelyn sek\u00e4 luonnollisille ett\u00e4 lakatuille kynsille. Pitk\u00e4nomaiset muodot ovat ihanteellisia korostamaan kynsien pituutta ja luomaan ammattimaisen, korkealaatuisen Nail art<br \/>\n-efektin kotona.<\/p>\n<p>Helppoja kiinnitt\u00e4\u00e4 ja mukavia k\u00e4ytt\u00e4\u00e4, ne pysyv\u00e4t paikoillaan useita p\u00e4ivi\u00e4 ilman, ett\u00e4 ne irtoavat tai tahriintuvat. Ei kuivumisaikaa, ei sotkua eik\u00e4 salonkik\u00e4ynti\u00e4.<\/p>\n<p><strong> Nail stickers -kynsitarrojen kiinnitt\u00e4minen<\/strong><br \/>\nPuhdista ja kuivaa kynsi.<\/p>\n<p>Valitse tarra arkista ja nosta se varovasti pinseteill\u00e4.<\/p>\n<p>Aseta kuvio kynsille ja paina varovasti keskelt\u00e4 ulosp\u00e4in.<\/p>\n<p>Levit\u00e4 p\u00e4\u00e4llyslakka, jotta tarra pysyy paremmin paikoillaan ja kiilt\u00e4\u00e4.<\/p>\n<p>Valmis!<\/p>\n<p><strong>Tuotetiedot<\/strong><\/p>\n<p><strong>Arkin koko:<\/strong><br \/>\n7 \u00d7 10 <strong>cm<br \/>\nNail stickers -tarrojen m\u00e4\u00e4r\u00e4:<\/strong><br \/>\nnoin 21 kpl<br \/>\n<strong>Kuvio:<\/strong><br \/>\nV-muotoiset kuviot kultaisella ja valkoisella, kultaiset viivayksityiskohdat<br \/>\n<strong>Suositellaan:<\/strong><br \/>\nPitemmille kynsille (tarrat ovat 15\u201325 mm)<\/p>\n<p><strong>PS:<\/strong><br \/>\nOsta 6 arkkia ja maksa 5:st\u00e4 alennuskoodilla<strong> INKNAILS <\/strong><br \/>\n\u2728<\/p>\n","protected":false},"featured_media":59122,"template":"","meta":[],"product_brand":[],"product_cat":[468],"product_tag":[],"class_list":{"0":"post-58638","1":"product","2":"type-product","3":"status-publish","4":"has-post-thumbnail","6":"product_cat-nailstickers-fi","8":"first","9":"instock","10":"taxable","11":"shipping-taxable","12":"purchasable","13":"product-type-simple"},"yoast_head":"<!-- This site is optimized with the Yoast SEO Premium plugin v26.2 (Yoast SEO v27.5) - https:\/\/yoast.com\/product\/yoast-seo-premium-wordpress\/ -->\n<title>Nail stickers Kultaiset ja valkoiset V-viivat | Like Ink<\/title>\n<meta name=\"description\" content=\"Korosta pitk\u00e4t kynnet kultaisilla ja valkoisilla V-muotoisilla Nail stickers -kynsilakoilla osoitteesta Like Ink. Elegantit viivakuvioinnit, helppo levitt\u00e4\u00e4 ja t\u00e4ydelliset modernille Nail art. - Like ink\" \/>\n<meta name=\"robots\" content=\"index, follow, max-snippet:-1, max-image-preview:large, max-video-preview:-1\" \/>\n<link rel=\"canonical\" href=\"https:\/\/likeink.com\/fi\/siirtotatuoinnit\/kynsitarrat-kultaiset-ja-valkoiset-v-viivat\/\" \/>\n<meta property=\"og:locale\" content=\"fi_FI\" \/>\n<meta property=\"og:type\" content=\"article\" \/>\n<meta property=\"og:title\" content=\"Nail stickers Kultaiset ja valkoiset V-viivat\" \/>\n<meta property=\"og:description\" content=\"Like Ink Nail tattoos \u2013 Kulta- ja hopeav\u00e4riset V-muotoiset kynsien koristeet (Nail stickers ) Tilaa tyylikk\u00e4\u00e4t kulta- ja hopeav\u00e4riset V-muotoiset kynsien koristeet (Nail stickers)! Luo tyylik\u00e4s, moderni manikyyri Like Ink Nail stickers \u2013 Gold &amp; Silver V Lines -tuotteilla. Erityisesti pidemmille kynsille suunnitellut Nail stickers -tuotteet sis\u00e4lt\u00e4v\u00e4t hienostuneita V-muotoisia kuvioita kultaisena ja hopeisena, yhdistettyn\u00e4 ohuisiin kultaisiin viivoihin, jotka luovat ylellisen, pitk\u00e4nomaisen ilmeen. Minimalisteille, muotia rakastaville ja n\u00e4ytt\u00e4v\u00e4\u00e4n manikyyriin sopivat Nail stickers -tuotteet lis\u00e4\u00e4v\u00e4t puhtaan mutta silmiinpist\u00e4v\u00e4n viimeistelyn sek\u00e4 luonnollisille ett\u00e4 lakatuille kynsille. Pitk\u00e4nomaiset muodot ovat ihanteellisia korostamaan kynsien pituutta ja luomaan ammattimaisen, korkealaatuisen Nail art -efektin kotona. Helppoja kiinnitt\u00e4\u00e4 ja mukavia k\u00e4ytt\u00e4\u00e4, ne pysyv\u00e4t paikoillaan useita p\u00e4ivi\u00e4 ilman, ett\u00e4 ne irtoavat tai tahriintuvat. Ei kuivumisaikaa, ei sotkua eik\u00e4 salonkik\u00e4ynti\u00e4.  Nail stickers -kynsitarrojen kiinnitt\u00e4minen Puhdista ja kuivaa kynsi. Valitse tarra arkista ja nosta se varovasti pinseteill\u00e4. Aseta kuvio kynsille ja paina varovasti keskelt\u00e4 ulosp\u00e4in. Levit\u00e4 p\u00e4\u00e4llyslakka, jotta tarra pysyy paremmin paikoillaan ja kiilt\u00e4\u00e4. Valmis! Tuotetiedot Arkin koko: 7 \u00d7 10 cm Nail stickers -tarrojen m\u00e4\u00e4r\u00e4: noin 21 kpl Kuvio: V-muotoiset kuviot kultaisella ja valkoisella, kultaiset viivayksityiskohdat Suositellaan: Pitemmille kynsille (tarrat ovat 15\u201325 mm) PS: Osta 6 arkkia ja maksa 5:st\u00e4 alennuskoodilla INKNAILS \u2728\" \/>\n<meta property=\"og:url\" content=\"https:\/\/likeink.com\/fi\/siirtotatuoinnit\/kynsitarrat-kultaiset-ja-valkoiset-v-viivat\/\" \/>\n<meta property=\"og:site_name\" content=\"Like ink\" \/>\n<meta property=\"article:publisher\" content=\"https:\/\/www.facebook.com\/LikeInkSe\" \/>\n<meta property=\"article:modified_time\" content=\"2026-02-25T09:44:34+00:00\" \/>\n<meta property=\"og:image\" content=\"https:\/\/likeink.com\/wp-content\/uploads\/2026\/02\/Longnails-V-shape-Stickers-Likeink.png\" \/>\n\t<meta property=\"og:image:width\" content=\"1024\" \/>\n\t<meta property=\"og:image:height\" content=\"1024\" \/>\n\t<meta property=\"og:image:type\" content=\"image\/png\" \/>\n<meta name=\"twitter:card\" content=\"summary_large_image\" \/>\n<!-- \/ Yoast SEO Premium plugin. -->","yoast_head_json":{"title":"Nail stickers Kultaiset ja valkoiset V-viivat | Like Ink","description":"Korosta pitk\u00e4t kynnet kultaisilla ja valkoisilla V-muotoisilla Nail stickers -kynsilakoilla osoitteesta Like Ink. Elegantit viivakuvioinnit, helppo levitt\u00e4\u00e4 ja t\u00e4ydelliset modernille Nail art. - Like ink","robots":{"index":"index","follow":"follow","max-snippet":"max-snippet:-1","max-image-preview":"max-image-preview:large","max-video-preview":"max-video-preview:-1"},"canonical":"https:\/\/likeink.com\/fi\/siirtotatuoinnit\/kynsitarrat-kultaiset-ja-valkoiset-v-viivat\/","og_locale":"fi_FI","og_type":"article","og_title":"Nail stickers Kultaiset ja valkoiset V-viivat","og_description":"Like Ink Nail tattoos \u2013 Kulta- ja hopeav\u00e4riset V-muotoiset kynsien koristeet (Nail stickers ) Tilaa tyylikk\u00e4\u00e4t kulta- ja hopeav\u00e4riset V-muotoiset kynsien koristeet (Nail stickers)! Luo tyylik\u00e4s, moderni manikyyri Like Ink Nail stickers \u2013 Gold & Silver V Lines -tuotteilla. Erityisesti pidemmille kynsille suunnitellut Nail stickers -tuotteet sis\u00e4lt\u00e4v\u00e4t hienostuneita V-muotoisia kuvioita kultaisena ja hopeisena, yhdistettyn\u00e4 ohuisiin kultaisiin viivoihin, jotka luovat ylellisen, pitk\u00e4nomaisen ilmeen. Minimalisteille, muotia rakastaville ja n\u00e4ytt\u00e4v\u00e4\u00e4n manikyyriin sopivat Nail stickers -tuotteet lis\u00e4\u00e4v\u00e4t puhtaan mutta silmiinpist\u00e4v\u00e4n viimeistelyn sek\u00e4 luonnollisille ett\u00e4 lakatuille kynsille. Pitk\u00e4nomaiset muodot ovat ihanteellisia korostamaan kynsien pituutta ja luomaan ammattimaisen, korkealaatuisen Nail art -efektin kotona. Helppoja kiinnitt\u00e4\u00e4 ja mukavia k\u00e4ytt\u00e4\u00e4, ne pysyv\u00e4t paikoillaan useita p\u00e4ivi\u00e4 ilman, ett\u00e4 ne irtoavat tai tahriintuvat. Ei kuivumisaikaa, ei sotkua eik\u00e4 salonkik\u00e4ynti\u00e4.  Nail stickers -kynsitarrojen kiinnitt\u00e4minen Puhdista ja kuivaa kynsi. Valitse tarra arkista ja nosta se varovasti pinseteill\u00e4. Aseta kuvio kynsille ja paina varovasti keskelt\u00e4 ulosp\u00e4in. Levit\u00e4 p\u00e4\u00e4llyslakka, jotta tarra pysyy paremmin paikoillaan ja kiilt\u00e4\u00e4. Valmis! Tuotetiedot Arkin koko: 7 \u00d7 10 cm Nail stickers -tarrojen m\u00e4\u00e4r\u00e4: noin 21 kpl Kuvio: V-muotoiset kuviot kultaisella ja valkoisella, kultaiset viivayksityiskohdat Suositellaan: Pitemmille kynsille (tarrat ovat 15\u201325 mm) PS: Osta 6 arkkia ja maksa 5:st\u00e4 alennuskoodilla INKNAILS \u2728","og_url":"https:\/\/likeink.com\/fi\/siirtotatuoinnit\/kynsitarrat-kultaiset-ja-valkoiset-v-viivat\/","og_site_name":"Like ink","article_publisher":"https:\/\/www.facebook.com\/LikeInkSe","article_modified_time":"2026-02-25T09:44:34+00:00","og_image":[{"width":1024,"height":1024,"url":"https:\/\/likeink.com\/wp-content\/uploads\/2026\/02\/Longnails-V-shape-Stickers-Likeink.png","type":"image\/png"}],"twitter_card":"summary_large_image","schema":{"@context":"https:\/\/schema.org","@graph":[{"@type":"WebPage","@id":"https:\/\/likeink.com\/fi\/siirtotatuoinnit\/kynsitarrat-kultaiset-ja-valkoiset-v-viivat\/","url":"https:\/\/likeink.com\/fi\/siirtotatuoinnit\/kynsitarrat-kultaiset-ja-valkoiset-v-viivat\/","name":"Nail stickers Kultaiset ja valkoiset V-viivat | Like Ink","isPartOf":{"@id":"https:\/\/likeink.com\/fi\/#website"},"primaryImageOfPage":{"@id":"https:\/\/likeink.com\/fi\/siirtotatuoinnit\/kynsitarrat-kultaiset-ja-valkoiset-v-viivat\/#primaryimage"},"image":{"@id":"https:\/\/likeink.com\/fi\/siirtotatuoinnit\/kynsitarrat-kultaiset-ja-valkoiset-v-viivat\/#primaryimage"},"thumbnailUrl":"https:\/\/likeink.com\/wp-content\/uploads\/2026\/02\/Longnails-V-shape-Stickers-Likeink.png","datePublished":"2026-02-09T12:43:37+00:00","dateModified":"2026-02-25T09:44:34+00:00","description":"Korosta pitk\u00e4t kynnet kultaisilla ja valkoisilla V-muotoisilla Nail stickers -kynsilakoilla osoitteesta Like Ink. Elegantit viivakuvioinnit, helppo levitt\u00e4\u00e4 ja t\u00e4ydelliset modernille Nail art. - Like ink","breadcrumb":{"@id":"https:\/\/likeink.com\/fi\/siirtotatuoinnit\/kynsitarrat-kultaiset-ja-valkoiset-v-viivat\/#breadcrumb"},"inLanguage":"fi","potentialAction":[{"@type":"ReadAction","target":["https:\/\/likeink.com\/fi\/siirtotatuoinnit\/kynsitarrat-kultaiset-ja-valkoiset-v-viivat\/"]}]},{"@type":"ImageObject","inLanguage":"fi","@id":"https:\/\/likeink.com\/fi\/siirtotatuoinnit\/kynsitarrat-kultaiset-ja-valkoiset-v-viivat\/#primaryimage","url":"https:\/\/likeink.com\/wp-content\/uploads\/2026\/02\/Longnails-V-shape-Stickers-Likeink.png","contentUrl":"https:\/\/likeink.com\/wp-content\/uploads\/2026\/02\/Longnails-V-shape-Stickers-Likeink.png","width":1024,"height":1024,"caption":"L\u00e4hikuva nelj\u00e4st\u00e4 kynsist\u00e4, joiden pohjav\u00e4ri on nude ja joissa jokaisessa on ter\u00e4v\u00e4 V-muotoinen kuvio valkoisella ja kultaisella v\u00e4rill\u00e4 l\u00e4hell\u00e4 k\u00e4rki\u00e4, mik\u00e4 luo modernin ja tyylikk\u00e4\u00e4n geometrisen ilmeen."},{"@type":"BreadcrumbList","@id":"https:\/\/likeink.com\/fi\/siirtotatuoinnit\/kynsitarrat-kultaiset-ja-valkoiset-v-viivat\/#breadcrumb","itemListElement":[{"@type":"ListItem","position":1,"name":"Hem","item":"https:\/\/likeink.com\/fi\/"},{"@type":"ListItem","position":2,"name":"Shop","item":"https:\/\/likeink.com\/fi\/shop\/"},{"@type":"ListItem","position":3,"name":"Nail stickers Kultaiset ja valkoiset V-viivat"}]},{"@type":"WebSite","@id":"https:\/\/likeink.com\/fi\/#website","url":"https:\/\/likeink.com\/fi\/","name":"Like ink","description":"Make your own custom design","potentialAction":[{"@type":"SearchAction","target":{"@type":"EntryPoint","urlTemplate":"https:\/\/likeink.com\/fi\/?s={search_term_string}"},"query-input":{"@type":"PropertyValueSpecification","valueRequired":true,"valueName":"search_term_string"}}],"inLanguage":"fi"}]}},"_links":{"self":[{"href":"https:\/\/likeink.com\/fi\/wp-json\/wp\/v2\/product\/58638","targetHints":{"allow":["GET"]}}],"collection":[{"href":"https:\/\/likeink.com\/fi\/wp-json\/wp\/v2\/product"}],"about":[{"href":"https:\/\/likeink.com\/fi\/wp-json\/wp\/v2\/types\/product"}],"wp:featuredmedia":[{"embeddable":true,"href":"https:\/\/likeink.com\/fi\/wp-json\/wp\/v2\/media\/59122"}],"wp:attachment":[{"href":"https:\/\/likeink.com\/fi\/wp-json\/wp\/v2\/media?parent=58638"}],"wp:term":[{"taxonomy":"product_brand","embeddable":true,"href":"https:\/\/likeink.com\/fi\/wp-json\/wp\/v2\/product_brand?post=58638"},{"taxonomy":"product_cat","embeddable":true,"href":"https:\/\/likeink.com\/fi\/wp-json\/wp\/v2\/product_cat?post=58638"},{"taxonomy":"product_tag","embeddable":true,"href":"https:\/\/likeink.com\/fi\/wp-json\/wp\/v2\/product_tag?post=58638"}],"curies":[{"name":"wp","href":"https:\/\/api.w.org\/{rel}","templated":true}]}}