{"id":58639,"date":"2026-01-26T14:48:51","date_gmt":"2026-02-09T12:43:38","guid":{"rendered":"https:\/\/likeink.com\/gnuggisar\/kynsitarrat-pastellivaritahdet\/"},"modified":"2026-02-25T09:44:35","modified_gmt":"2026-02-25T09:44:35","slug":"kynsitarrat-pastellivaritahdet","status":"publish","type":"product","link":"https:\/\/likeink.com\/fi\/siirtotatuoinnit\/kynsitarrat-pastellivaritahdet\/","title":{"rendered":"Nail stickers Pastellit\u00e4hdet"},"content":{"rendered":"","protected":false},"excerpt":{"rendered":"<p>Nail stickers<\/p>\n<p>Pastellit\u00e4hti<\/p>\n<p>Like Ink<\/p>\n<p>Nail tattoos<\/p>\n<p>\u2013 pastellit\u00e4hti Nail stickers<\/p>\n<p>.<\/p>\n<h2>Tilaa Nail stickers s\u00f6p\u00f6ill\u00e4 pastellit\u00e4htikuvioilla!<\/h2>\n<p>Anna kynsillesi nopea ja leikkis\u00e4 tyylip\u00e4ivitys Like Ink<\/p>\n<p>Nail stickers<\/p>\n<p>\u2013 Pastellit\u00e4hti. N\u00e4m\u00e4 korkealaatuiset Nail stickers<\/p>\n<p>-kynsilakat sis\u00e4lt\u00e4v\u00e4t pehmeit\u00e4 pastelliv\u00e4risi\u00e4 t\u00e4hti\u00e4, jotka sopivat t\u00e4ydellisesti s\u00f6p\u00f6n, unenomaisen tai minimalistisen kynsilookin luomiseen.<\/p>\n<p>Helppoja kiinnitt\u00e4\u00e4 ja mukavia k\u00e4ytt\u00e4\u00e4, ne pysyv\u00e4t paikoillaan useita p\u00e4ivi\u00e4 ilman tahroja tai irtoamista. Ihanteelliset kaiken ik\u00e4isille kynsien yst\u00e4ville \u2013 lapsista luoviin ihmisiin \u2013 ja t\u00e4ydelliset jokap\u00e4iv\u00e4iseen k\u00e4ytt\u00f6\u00f6n, juhliin tai erityistilaisuuksiin.<\/p>\n<p>Ei sotkua, ei kuivumisaikaa eik\u00e4 salonkik\u00e4yntej\u00e4. Irrota, kiinnit\u00e4 ja nauti virheett\u00f6mist\u00e4 Nail art<\/p>\n<p>-kynsist\u00e4 muutamassa minuutissa.<\/p>\n<p><strong> Nail stickers -tarrojen kiinnitt\u00e4minen<\/strong><\/p>\n<p>Puhdista ja kuivaa kynsi<\/p>\n<p>Valitse tarra arkista ja nosta se varovasti pinseteill\u00e4.<\/p>\n<p>Aseta kuvio kynsille ja paina kevyesti.<\/p>\n<p>Lis\u00e4\u00e4 kest\u00e4vyytt\u00e4 levitt\u00e4m\u00e4ll\u00e4 kerros p\u00e4\u00e4llyslakkaa.<\/p>\n<p>Valmis!<\/p>\n<p><strong>Arkin koko:<\/strong><\/p>\n<p>7 \u00d7 10 <strong>cm<br \/>\nNail stickers -tarrojen m\u00e4\u00e4r\u00e4:<\/strong><\/p>\n<p>noin 80 kpl<br \/>\n<strong>Tarralevyjen koko:<\/strong><\/p>\n<p>noin 0,5\u20131 cm<\/p>\n<p><strong>PS:<\/strong><\/p>\n<p>Osta 6 arkkia ja maksa 5:st\u00e4 alennuskoodilla<strong> INKNAILS <\/strong><\/p>\n<p>\ud83d\udc96<\/p>\n","protected":false},"featured_media":59509,"template":"","meta":[],"product_brand":[],"product_cat":[468],"product_tag":[],"class_list":{"0":"post-58639","1":"product","2":"type-product","3":"status-publish","4":"has-post-thumbnail","6":"product_cat-nailstickers-fi","8":"first","9":"instock","10":"taxable","11":"shipping-taxable","12":"purchasable","13":"product-type-simple"},"yoast_head":"<!-- This site is optimized with the Yoast SEO Premium plugin v26.2 (Yoast SEO v27.5) - https:\/\/yoast.com\/product\/yoast-seo-premium-wordpress\/ -->\n<title>Nail stickers Pastellit\u00e4hdet | Like Ink<\/title>\n<meta name=\"description\" content=\"Lis\u00e4\u00e4 manikyyriisi pehme\u00e4 v\u00e4ri-ilmaisu Pastel Stars -kynsilakalla Nail stickers osoitteesta Like Ink. Helppo levitt\u00e4\u00e4 ja t\u00e4ydellinen luovaan Nail art - Like ink\" \/>\n<meta name=\"robots\" content=\"index, follow, max-snippet:-1, max-image-preview:large, max-video-preview:-1\" \/>\n<link rel=\"canonical\" href=\"https:\/\/likeink.com\/fi\/siirtotatuoinnit\/kynsitarrat-pastellivaritahdet\/\" \/>\n<meta property=\"og:locale\" content=\"fi_FI\" \/>\n<meta property=\"og:type\" content=\"article\" \/>\n<meta property=\"og:title\" content=\"Nail stickers Pastellit\u00e4hdet\" \/>\n<meta property=\"og:description\" content=\"Nail stickers Pastellit\u00e4hti Like Ink Nail tattoos \u2013 pastellit\u00e4hti Nail stickers . Tilaa Nail stickers s\u00f6p\u00f6ill\u00e4 pastellit\u00e4htikuvioilla!  Anna kynsillesi nopea ja leikkis\u00e4 tyylip\u00e4ivitys Like Ink Nail stickers \u2013 Pastellit\u00e4hti. N\u00e4m\u00e4 korkealaatuiset Nail stickers -kynsilakat sis\u00e4lt\u00e4v\u00e4t pehmeit\u00e4 pastelliv\u00e4risi\u00e4 t\u00e4hti\u00e4, jotka sopivat t\u00e4ydellisesti s\u00f6p\u00f6n, unenomaisen tai minimalistisen kynsilookin luomiseen. Helppoja kiinnitt\u00e4\u00e4 ja mukavia k\u00e4ytt\u00e4\u00e4, ne pysyv\u00e4t paikoillaan useita p\u00e4ivi\u00e4 ilman tahroja tai irtoamista. Ihanteelliset kaiken ik\u00e4isille kynsien yst\u00e4ville \u2013 lapsista luoviin ihmisiin \u2013 ja t\u00e4ydelliset jokap\u00e4iv\u00e4iseen k\u00e4ytt\u00f6\u00f6n, juhliin tai erityistilaisuuksiin. Ei sotkua, ei kuivumisaikaa eik\u00e4 salonkik\u00e4yntej\u00e4. Irrota, kiinnit\u00e4 ja nauti virheett\u00f6mist\u00e4 Nail art -kynsist\u00e4 muutamassa minuutissa.  Nail stickers -tarrojen kiinnitt\u00e4minen Puhdista ja kuivaa kynsi Valitse tarra arkista ja nosta se varovasti pinseteill\u00e4. Aseta kuvio kynsille ja paina kevyesti. Lis\u00e4\u00e4 kest\u00e4vyytt\u00e4 levitt\u00e4m\u00e4ll\u00e4 kerros p\u00e4\u00e4llyslakkaa. Valmis! Arkin koko: 7 \u00d7 10 cm Nail stickers -tarrojen m\u00e4\u00e4r\u00e4: noin 80 kpl Tarralevyjen koko: noin 0,5\u20131 cm PS: Osta 6 arkkia ja maksa 5:st\u00e4 alennuskoodilla INKNAILS  \ud83d\udc96\" \/>\n<meta property=\"og:url\" content=\"https:\/\/likeink.com\/fi\/siirtotatuoinnit\/kynsitarrat-pastellivaritahdet\/\" \/>\n<meta property=\"og:site_name\" content=\"Like ink\" \/>\n<meta property=\"article:publisher\" content=\"https:\/\/www.facebook.com\/LikeInkSe\" \/>\n<meta property=\"article:modified_time\" content=\"2026-02-25T09:44:35+00:00\" \/>\n<meta property=\"og:image\" content=\"https:\/\/likeink.com\/wp-content\/uploads\/2026\/02\/nailartstickers-pastel-stars-likeink.png\" \/>\n\t<meta property=\"og:image:width\" content=\"1024\" \/>\n\t<meta property=\"og:image:height\" content=\"1024\" \/>\n\t<meta property=\"og:image:type\" content=\"image\/png\" \/>\n<meta name=\"twitter:card\" content=\"summary_large_image\" \/>\n<!-- \/ Yoast SEO Premium plugin. -->","yoast_head_json":{"title":"Nail stickers Pastellit\u00e4hdet | Like Ink","description":"Lis\u00e4\u00e4 manikyyriisi pehme\u00e4 v\u00e4ri-ilmaisu Pastel Stars -kynsilakalla Nail stickers osoitteesta Like Ink. Helppo levitt\u00e4\u00e4 ja t\u00e4ydellinen luovaan Nail art - Like ink","robots":{"index":"index","follow":"follow","max-snippet":"max-snippet:-1","max-image-preview":"max-image-preview:large","max-video-preview":"max-video-preview:-1"},"canonical":"https:\/\/likeink.com\/fi\/siirtotatuoinnit\/kynsitarrat-pastellivaritahdet\/","og_locale":"fi_FI","og_type":"article","og_title":"Nail stickers Pastellit\u00e4hdet","og_description":"Nail stickers Pastellit\u00e4hti Like Ink Nail tattoos \u2013 pastellit\u00e4hti Nail stickers . Tilaa Nail stickers s\u00f6p\u00f6ill\u00e4 pastellit\u00e4htikuvioilla!  Anna kynsillesi nopea ja leikkis\u00e4 tyylip\u00e4ivitys Like Ink Nail stickers \u2013 Pastellit\u00e4hti. N\u00e4m\u00e4 korkealaatuiset Nail stickers -kynsilakat sis\u00e4lt\u00e4v\u00e4t pehmeit\u00e4 pastelliv\u00e4risi\u00e4 t\u00e4hti\u00e4, jotka sopivat t\u00e4ydellisesti s\u00f6p\u00f6n, unenomaisen tai minimalistisen kynsilookin luomiseen. Helppoja kiinnitt\u00e4\u00e4 ja mukavia k\u00e4ytt\u00e4\u00e4, ne pysyv\u00e4t paikoillaan useita p\u00e4ivi\u00e4 ilman tahroja tai irtoamista. Ihanteelliset kaiken ik\u00e4isille kynsien yst\u00e4ville \u2013 lapsista luoviin ihmisiin \u2013 ja t\u00e4ydelliset jokap\u00e4iv\u00e4iseen k\u00e4ytt\u00f6\u00f6n, juhliin tai erityistilaisuuksiin. Ei sotkua, ei kuivumisaikaa eik\u00e4 salonkik\u00e4yntej\u00e4. Irrota, kiinnit\u00e4 ja nauti virheett\u00f6mist\u00e4 Nail art -kynsist\u00e4 muutamassa minuutissa.  Nail stickers -tarrojen kiinnitt\u00e4minen Puhdista ja kuivaa kynsi Valitse tarra arkista ja nosta se varovasti pinseteill\u00e4. Aseta kuvio kynsille ja paina kevyesti. Lis\u00e4\u00e4 kest\u00e4vyytt\u00e4 levitt\u00e4m\u00e4ll\u00e4 kerros p\u00e4\u00e4llyslakkaa. Valmis! Arkin koko: 7 \u00d7 10 cm Nail stickers -tarrojen m\u00e4\u00e4r\u00e4: noin 80 kpl Tarralevyjen koko: noin 0,5\u20131 cm PS: Osta 6 arkkia ja maksa 5:st\u00e4 alennuskoodilla INKNAILS  \ud83d\udc96","og_url":"https:\/\/likeink.com\/fi\/siirtotatuoinnit\/kynsitarrat-pastellivaritahdet\/","og_site_name":"Like ink","article_publisher":"https:\/\/www.facebook.com\/LikeInkSe","article_modified_time":"2026-02-25T09:44:35+00:00","og_image":[{"width":1024,"height":1024,"url":"https:\/\/likeink.com\/wp-content\/uploads\/2026\/02\/nailartstickers-pastel-stars-likeink.png","type":"image\/png"}],"twitter_card":"summary_large_image","schema":{"@context":"https:\/\/schema.org","@graph":[{"@type":"WebPage","@id":"https:\/\/likeink.com\/fi\/siirtotatuoinnit\/kynsitarrat-pastellivaritahdet\/","url":"https:\/\/likeink.com\/fi\/siirtotatuoinnit\/kynsitarrat-pastellivaritahdet\/","name":"Nail stickers Pastellit\u00e4hdet | Like Ink","isPartOf":{"@id":"https:\/\/likeink.com\/fi\/#website"},"primaryImageOfPage":{"@id":"https:\/\/likeink.com\/fi\/siirtotatuoinnit\/kynsitarrat-pastellivaritahdet\/#primaryimage"},"image":{"@id":"https:\/\/likeink.com\/fi\/siirtotatuoinnit\/kynsitarrat-pastellivaritahdet\/#primaryimage"},"thumbnailUrl":"https:\/\/likeink.com\/wp-content\/uploads\/2026\/02\/nailartstickers-pastel-stars-likeink.png","datePublished":"2026-02-09T12:43:38+00:00","dateModified":"2026-02-25T09:44:35+00:00","description":"Lis\u00e4\u00e4 manikyyriisi pehme\u00e4 v\u00e4ri-ilmaisu Pastel Stars -kynsilakalla Nail stickers osoitteesta Like Ink. Helppo levitt\u00e4\u00e4 ja t\u00e4ydellinen luovaan Nail art - Like ink","breadcrumb":{"@id":"https:\/\/likeink.com\/fi\/siirtotatuoinnit\/kynsitarrat-pastellivaritahdet\/#breadcrumb"},"inLanguage":"fi","potentialAction":[{"@type":"ReadAction","target":["https:\/\/likeink.com\/fi\/siirtotatuoinnit\/kynsitarrat-pastellivaritahdet\/"]}]},{"@type":"ImageObject","inLanguage":"fi","@id":"https:\/\/likeink.com\/fi\/siirtotatuoinnit\/kynsitarrat-pastellivaritahdet\/#primaryimage","url":"https:\/\/likeink.com\/wp-content\/uploads\/2026\/02\/nailartstickers-pastel-stars-likeink.png","contentUrl":"https:\/\/likeink.com\/wp-content\/uploads\/2026\/02\/nailartstickers-pastel-stars-likeink.png","width":1024,"height":1024,"caption":"L\u00e4hikuva k\u00e4dest\u00e4, jossa on valkoista kynsilakkaa ja jokaista kyntt\u00e4 koristavat pienet v\u00e4rikk\u00e4\u00e4t t\u00e4htikuviot vaaleanpunaisella, keltaisella, sinisell\u00e4 ja vihre\u00e4ll\u00e4. Iho on v\u00e4rilt\u00e4\u00e4n ruskea."},{"@type":"BreadcrumbList","@id":"https:\/\/likeink.com\/fi\/siirtotatuoinnit\/kynsitarrat-pastellivaritahdet\/#breadcrumb","itemListElement":[{"@type":"ListItem","position":1,"name":"Hem","item":"https:\/\/likeink.com\/fi\/"},{"@type":"ListItem","position":2,"name":"Shop","item":"https:\/\/likeink.com\/fi\/shop\/"},{"@type":"ListItem","position":3,"name":"Nail stickers Pastellit\u00e4hdet"}]},{"@type":"WebSite","@id":"https:\/\/likeink.com\/fi\/#website","url":"https:\/\/likeink.com\/fi\/","name":"Like ink","description":"Make your own custom design","potentialAction":[{"@type":"SearchAction","target":{"@type":"EntryPoint","urlTemplate":"https:\/\/likeink.com\/fi\/?s={search_term_string}"},"query-input":{"@type":"PropertyValueSpecification","valueRequired":true,"valueName":"search_term_string"}}],"inLanguage":"fi"}]}},"_links":{"self":[{"href":"https:\/\/likeink.com\/fi\/wp-json\/wp\/v2\/product\/58639","targetHints":{"allow":["GET"]}}],"collection":[{"href":"https:\/\/likeink.com\/fi\/wp-json\/wp\/v2\/product"}],"about":[{"href":"https:\/\/likeink.com\/fi\/wp-json\/wp\/v2\/types\/product"}],"wp:featuredmedia":[{"embeddable":true,"href":"https:\/\/likeink.com\/fi\/wp-json\/wp\/v2\/media\/59509"}],"wp:attachment":[{"href":"https:\/\/likeink.com\/fi\/wp-json\/wp\/v2\/media?parent=58639"}],"wp:term":[{"taxonomy":"product_brand","embeddable":true,"href":"https:\/\/likeink.com\/fi\/wp-json\/wp\/v2\/product_brand?post=58639"},{"taxonomy":"product_cat","embeddable":true,"href":"https:\/\/likeink.com\/fi\/wp-json\/wp\/v2\/product_cat?post=58639"},{"taxonomy":"product_tag","embeddable":true,"href":"https:\/\/likeink.com\/fi\/wp-json\/wp\/v2\/product_tag?post=58639"}],"curies":[{"name":"wp","href":"https:\/\/api.w.org\/{rel}","templated":true}]}}