{"id":58649,"date":"2026-01-27T13:58:58","date_gmt":"2026-02-09T12:43:44","guid":{"rendered":"https:\/\/likeink.com\/gnuggisar\/mustavalkoiset-perhoset-kynsitarrat\/"},"modified":"2026-02-25T09:43:59","modified_gmt":"2026-02-25T09:43:59","slug":"mustavalkoiset-perhoset-kynsitarrat","status":"publish","type":"product","link":"https:\/\/likeink.com\/fi\/siirtotatuoinnit\/mustavalkoiset-perhoset-kynsitarrat\/","title":{"rendered":"Mustavalkoinen perhos Nail stickers"},"content":{"rendered":"","protected":false},"excerpt":{"rendered":"<p>Like Ink<br \/>\nNail tattoos<br \/>\n\u2013 Mustavalkoinen perhos Nail stickers<\/p>\n<h2>Tilaa klassisilla mustavalkoisilla perhoskuvioilla koristellut Nail stickers!<\/h2>\n<p>Luo ajaton ja elegantti manikyyri Like Ink<br \/>\nMustavalkoinen perhos Nail stickers<br \/>\n-sarjalla. T\u00e4ss\u00e4 sarjassa on kauniisti kuvitettuja perhosia puhtaassa mustavalkoisessa v\u00e4rimaailmassa, joka tarjoaa t\u00e4ydellisen tasapainon pehmeyden ja graafisen kontrastin v\u00e4lill\u00e4.<\/p>\n<p>Motivien koot vaihtelevat noin 4\u201310 mm:n v\u00e4lill\u00e4, joten n\u00e4m\u00e4 Nail stickers<br \/>\nsopivat erinomaisesti sek\u00e4 hienovaraisiin korostuksiin ett\u00e4 tasapainoisiin kynsidesigneihin. Yksiv\u00e4rinen ulkon\u00e4k\u00f6 tekee niist\u00e4 helppoja yhdist\u00e4\u00e4 mihin tahansa kynsien v\u00e4riin, luonnollisista s\u00e4vyist\u00e4 rohkeisiin s\u00e4vyihin.<\/p>\n<p>T\u00e4ydelliset jokap\u00e4iv\u00e4iseen k\u00e4ytt\u00f6\u00f6n, minimalistiseen Nail art<br \/>\ntai hienostuneeseen ilmeeseen. Helppoja kiinnitt\u00e4\u00e4 ja mukavia k\u00e4ytt\u00e4\u00e4, n\u00e4m\u00e4 Nail stickers<br \/>\npysyv\u00e4t paikoillaan useita p\u00e4ivi\u00e4 ilman tahroja tai kuoriutumista.<\/p>\n<p>Ei sotkua, ei kuivumisaikaa eik\u00e4 salonkik\u00e4yntej\u00e4 \u2013 vain vaivatonta Nail art<br \/>\nklassisella tunnelmalla.<\/p>\n<p><strong>Kuinka kiinnitt\u00e4\u00e4 Nail stickers <\/strong><br \/>\nPuhdista ja kuivaa kynsi<\/p>\n<p>Valitse tarra arkista ja nosta se varovasti pinseteill\u00e4.<\/p>\n<p>Aseta kuvio kynsille ja paina kevyesti.<\/p>\n<p>Levit\u00e4 p\u00e4\u00e4llyslakka kest\u00e4vyyden lis\u00e4\u00e4miseksi.<\/p>\n<p>Valmis!<\/p>\n<p><strong>Tuotetiedot<\/strong><\/p>\n<p><strong>Arkin koko:<\/strong><br \/>\n7 \u00d7 10 <strong>cm<br \/>\nV\u00e4rit:<\/strong><br \/>\nMusta ja <strong>valkoinen<br \/>\nKuvio:<\/strong><br \/>\n<strong>Perhoset<br \/>\nKuvion koko:<\/strong><br \/>\nnoin 4\u201310 mm<\/p>\n<p><strong>PS:<\/strong><br \/>\nOsta 6 arkkia ja maksa 5:st\u00e4 alennuskoodilla<strong> INKNAILS <\/strong><br \/>\n\ud83e\udd8b\u2728<\/p>\n","protected":false},"featured_media":59402,"template":"","meta":[],"product_brand":[],"product_cat":[468],"product_tag":[],"class_list":{"0":"post-58649","1":"product","2":"type-product","3":"status-publish","4":"has-post-thumbnail","6":"product_cat-nailstickers-fi","8":"first","9":"instock","10":"taxable","11":"shipping-taxable","12":"purchasable","13":"product-type-simple"},"yoast_head":"<!-- This site is optimized with the Yoast SEO Premium plugin v26.2 (Yoast SEO v27.4) - https:\/\/yoast.com\/product\/yoast-seo-premium-wordpress\/ -->\n<title>Mustavalkoinen perhos Nail stickers | Like Ink<\/title>\n<meta name=\"description\" content=\"Mustavalkoinen perhos Nail stickers, Like Ink. Elegantit, monipuoliset kuosit eri kokoina, helppo kiinnitt\u00e4\u00e4. - Like ink\" \/>\n<meta name=\"robots\" content=\"index, follow, max-snippet:-1, max-image-preview:large, max-video-preview:-1\" \/>\n<link rel=\"canonical\" href=\"https:\/\/likeink.com\/fi\/siirtotatuoinnit\/mustavalkoiset-perhoset-kynsitarrat\/\" \/>\n<meta property=\"og:locale\" content=\"fi_FI\" \/>\n<meta property=\"og:type\" content=\"article\" \/>\n<meta property=\"og:title\" content=\"Mustavalkoinen perhos Nail stickers\" \/>\n<meta property=\"og:description\" content=\"Like Ink Nail tattoos \u2013 Mustavalkoinen perhos Nail stickers Tilaa klassisilla mustavalkoisilla perhoskuvioilla koristellut Nail stickers! Luo ajaton ja elegantti manikyyri Like Ink Mustavalkoinen perhos Nail stickers -sarjalla. T\u00e4ss\u00e4 sarjassa on kauniisti kuvitettuja perhosia puhtaassa mustavalkoisessa v\u00e4rimaailmassa, joka tarjoaa t\u00e4ydellisen tasapainon pehmeyden ja graafisen kontrastin v\u00e4lill\u00e4. Motivien koot vaihtelevat noin 4\u201310 mm:n v\u00e4lill\u00e4, joten n\u00e4m\u00e4 Nail stickers sopivat erinomaisesti sek\u00e4 hienovaraisiin korostuksiin ett\u00e4 tasapainoisiin kynsidesigneihin. Yksiv\u00e4rinen ulkon\u00e4k\u00f6 tekee niist\u00e4 helppoja yhdist\u00e4\u00e4 mihin tahansa kynsien v\u00e4riin, luonnollisista s\u00e4vyist\u00e4 rohkeisiin s\u00e4vyihin. T\u00e4ydelliset jokap\u00e4iv\u00e4iseen k\u00e4ytt\u00f6\u00f6n, minimalistiseen Nail art tai hienostuneeseen ilmeeseen. Helppoja kiinnitt\u00e4\u00e4 ja mukavia k\u00e4ytt\u00e4\u00e4, n\u00e4m\u00e4 Nail stickers pysyv\u00e4t paikoillaan useita p\u00e4ivi\u00e4 ilman tahroja tai kuoriutumista. Ei sotkua, ei kuivumisaikaa eik\u00e4 salonkik\u00e4yntej\u00e4 \u2013 vain vaivatonta Nail art klassisella tunnelmalla. Kuinka kiinnitt\u00e4\u00e4 Nail stickers Puhdista ja kuivaa kynsi Valitse tarra arkista ja nosta se varovasti pinseteill\u00e4. Aseta kuvio kynsille ja paina kevyesti. Levit\u00e4 p\u00e4\u00e4llyslakka kest\u00e4vyyden lis\u00e4\u00e4miseksi. Valmis! Tuotetiedot Arkin koko: 7 \u00d7 10 cm V\u00e4rit: Musta ja valkoinen Kuvio: Perhoset Kuvion koko: noin 4\u201310 mm PS: Osta 6 arkkia ja maksa 5:st\u00e4 alennuskoodilla INKNAILS \ud83e\udd8b\u2728\" \/>\n<meta property=\"og:url\" content=\"https:\/\/likeink.com\/fi\/siirtotatuoinnit\/mustavalkoiset-perhoset-kynsitarrat\/\" \/>\n<meta property=\"og:site_name\" content=\"Like ink\" \/>\n<meta property=\"article:publisher\" content=\"https:\/\/www.facebook.com\/LikeInkSe\" \/>\n<meta property=\"article:modified_time\" content=\"2026-02-25T09:43:59+00:00\" \/>\n<meta property=\"og:image\" content=\"https:\/\/likeink.com\/wp-content\/uploads\/2026\/02\/nailstickers-butterfly-quality-likeink.png\" \/>\n\t<meta property=\"og:image:width\" content=\"1024\" \/>\n\t<meta property=\"og:image:height\" content=\"1024\" \/>\n\t<meta property=\"og:image:type\" content=\"image\/png\" \/>\n<meta name=\"twitter:card\" content=\"summary_large_image\" \/>\n<script type=\"application\/ld+json\" class=\"yoast-schema-graph\">{\"@context\":\"https:\\\/\\\/schema.org\",\"@graph\":[{\"@type\":\"WebPage\",\"@id\":\"https:\\\/\\\/likeink.com\\\/fi\\\/siirtotatuoinnit\\\/mustavalkoiset-perhoset-kynsitarrat\\\/\",\"url\":\"https:\\\/\\\/likeink.com\\\/fi\\\/siirtotatuoinnit\\\/mustavalkoiset-perhoset-kynsitarrat\\\/\",\"name\":\"Mustavalkoinen perhos Nail stickers | Like Ink\",\"isPartOf\":{\"@id\":\"https:\\\/\\\/likeink.com\\\/fi\\\/#website\"},\"primaryImageOfPage\":{\"@id\":\"https:\\\/\\\/likeink.com\\\/fi\\\/siirtotatuoinnit\\\/mustavalkoiset-perhoset-kynsitarrat\\\/#primaryimage\"},\"image\":{\"@id\":\"https:\\\/\\\/likeink.com\\\/fi\\\/siirtotatuoinnit\\\/mustavalkoiset-perhoset-kynsitarrat\\\/#primaryimage\"},\"thumbnailUrl\":\"https:\\\/\\\/likeink.com\\\/wp-content\\\/uploads\\\/2026\\\/02\\\/nailstickers-butterfly-quality-likeink.png\",\"datePublished\":\"2026-02-09T12:43:44+00:00\",\"dateModified\":\"2026-02-25T09:43:59+00:00\",\"description\":\"Mustavalkoinen perhos Nail stickers, Like Ink. Elegantit, monipuoliset kuosit eri kokoina, helppo kiinnitt\u00e4\u00e4. - Like ink\",\"breadcrumb\":{\"@id\":\"https:\\\/\\\/likeink.com\\\/fi\\\/siirtotatuoinnit\\\/mustavalkoiset-perhoset-kynsitarrat\\\/#breadcrumb\"},\"inLanguage\":\"fi\",\"potentialAction\":[{\"@type\":\"ReadAction\",\"target\":[\"https:\\\/\\\/likeink.com\\\/fi\\\/siirtotatuoinnit\\\/mustavalkoiset-perhoset-kynsitarrat\\\/\"]}]},{\"@type\":\"ImageObject\",\"inLanguage\":\"fi\",\"@id\":\"https:\\\/\\\/likeink.com\\\/fi\\\/siirtotatuoinnit\\\/mustavalkoiset-perhoset-kynsitarrat\\\/#primaryimage\",\"url\":\"https:\\\/\\\/likeink.com\\\/wp-content\\\/uploads\\\/2026\\\/02\\\/nailstickers-butterfly-quality-likeink.png\",\"contentUrl\":\"https:\\\/\\\/likeink.com\\\/wp-content\\\/uploads\\\/2026\\\/02\\\/nailstickers-butterfly-quality-likeink.png\",\"width\":1024,\"height\":1024,\"caption\":\"L\u00e4hikuva nelj\u00e4st\u00e4 kynsist\u00e4, joissa on alastonlakkaa ja joissa jokaisessa on pieni perhoskuvio joko mustalla tai valkoisella v\u00e4rill\u00e4 sile\u00e4ll\u00e4, kiilt\u00e4v\u00e4ll\u00e4 pinnalla.\"},{\"@type\":\"BreadcrumbList\",\"@id\":\"https:\\\/\\\/likeink.com\\\/fi\\\/siirtotatuoinnit\\\/mustavalkoiset-perhoset-kynsitarrat\\\/#breadcrumb\",\"itemListElement\":[{\"@type\":\"ListItem\",\"position\":1,\"name\":\"Hem\",\"item\":\"https:\\\/\\\/likeink.com\\\/fi\\\/\"},{\"@type\":\"ListItem\",\"position\":2,\"name\":\"Shop\",\"item\":\"https:\\\/\\\/likeink.com\\\/fi\\\/shop\\\/\"},{\"@type\":\"ListItem\",\"position\":3,\"name\":\"Mustavalkoinen perhos Nail stickers\"}]},{\"@type\":\"WebSite\",\"@id\":\"https:\\\/\\\/likeink.com\\\/fi\\\/#website\",\"url\":\"https:\\\/\\\/likeink.com\\\/fi\\\/\",\"name\":\"Like ink\",\"description\":\"Make your own custom design\",\"potentialAction\":[{\"@type\":\"SearchAction\",\"target\":{\"@type\":\"EntryPoint\",\"urlTemplate\":\"https:\\\/\\\/likeink.com\\\/fi\\\/?s={search_term_string}\"},\"query-input\":{\"@type\":\"PropertyValueSpecification\",\"valueRequired\":true,\"valueName\":\"search_term_string\"}}],\"inLanguage\":\"fi\"}]}<\/script>\n<!-- \/ Yoast SEO Premium plugin. -->","yoast_head_json":{"title":"Mustavalkoinen perhos Nail stickers | Like Ink","description":"Mustavalkoinen perhos Nail stickers, Like Ink. Elegantit, monipuoliset kuosit eri kokoina, helppo kiinnitt\u00e4\u00e4. - Like ink","robots":{"index":"index","follow":"follow","max-snippet":"max-snippet:-1","max-image-preview":"max-image-preview:large","max-video-preview":"max-video-preview:-1"},"canonical":"https:\/\/likeink.com\/fi\/siirtotatuoinnit\/mustavalkoiset-perhoset-kynsitarrat\/","og_locale":"fi_FI","og_type":"article","og_title":"Mustavalkoinen perhos Nail stickers","og_description":"Like Ink Nail tattoos \u2013 Mustavalkoinen perhos Nail stickers Tilaa klassisilla mustavalkoisilla perhoskuvioilla koristellut Nail stickers! Luo ajaton ja elegantti manikyyri Like Ink Mustavalkoinen perhos Nail stickers -sarjalla. T\u00e4ss\u00e4 sarjassa on kauniisti kuvitettuja perhosia puhtaassa mustavalkoisessa v\u00e4rimaailmassa, joka tarjoaa t\u00e4ydellisen tasapainon pehmeyden ja graafisen kontrastin v\u00e4lill\u00e4. Motivien koot vaihtelevat noin 4\u201310 mm:n v\u00e4lill\u00e4, joten n\u00e4m\u00e4 Nail stickers sopivat erinomaisesti sek\u00e4 hienovaraisiin korostuksiin ett\u00e4 tasapainoisiin kynsidesigneihin. Yksiv\u00e4rinen ulkon\u00e4k\u00f6 tekee niist\u00e4 helppoja yhdist\u00e4\u00e4 mihin tahansa kynsien v\u00e4riin, luonnollisista s\u00e4vyist\u00e4 rohkeisiin s\u00e4vyihin. T\u00e4ydelliset jokap\u00e4iv\u00e4iseen k\u00e4ytt\u00f6\u00f6n, minimalistiseen Nail art tai hienostuneeseen ilmeeseen. Helppoja kiinnitt\u00e4\u00e4 ja mukavia k\u00e4ytt\u00e4\u00e4, n\u00e4m\u00e4 Nail stickers pysyv\u00e4t paikoillaan useita p\u00e4ivi\u00e4 ilman tahroja tai kuoriutumista. Ei sotkua, ei kuivumisaikaa eik\u00e4 salonkik\u00e4yntej\u00e4 \u2013 vain vaivatonta Nail art klassisella tunnelmalla. Kuinka kiinnitt\u00e4\u00e4 Nail stickers Puhdista ja kuivaa kynsi Valitse tarra arkista ja nosta se varovasti pinseteill\u00e4. Aseta kuvio kynsille ja paina kevyesti. Levit\u00e4 p\u00e4\u00e4llyslakka kest\u00e4vyyden lis\u00e4\u00e4miseksi. Valmis! Tuotetiedot Arkin koko: 7 \u00d7 10 cm V\u00e4rit: Musta ja valkoinen Kuvio: Perhoset Kuvion koko: noin 4\u201310 mm PS: Osta 6 arkkia ja maksa 5:st\u00e4 alennuskoodilla INKNAILS \ud83e\udd8b\u2728","og_url":"https:\/\/likeink.com\/fi\/siirtotatuoinnit\/mustavalkoiset-perhoset-kynsitarrat\/","og_site_name":"Like ink","article_publisher":"https:\/\/www.facebook.com\/LikeInkSe","article_modified_time":"2026-02-25T09:43:59+00:00","og_image":[{"width":1024,"height":1024,"url":"https:\/\/likeink.com\/wp-content\/uploads\/2026\/02\/nailstickers-butterfly-quality-likeink.png","type":"image\/png"}],"twitter_card":"summary_large_image","schema":{"@context":"https:\/\/schema.org","@graph":[{"@type":"WebPage","@id":"https:\/\/likeink.com\/fi\/siirtotatuoinnit\/mustavalkoiset-perhoset-kynsitarrat\/","url":"https:\/\/likeink.com\/fi\/siirtotatuoinnit\/mustavalkoiset-perhoset-kynsitarrat\/","name":"Mustavalkoinen perhos Nail stickers | Like Ink","isPartOf":{"@id":"https:\/\/likeink.com\/fi\/#website"},"primaryImageOfPage":{"@id":"https:\/\/likeink.com\/fi\/siirtotatuoinnit\/mustavalkoiset-perhoset-kynsitarrat\/#primaryimage"},"image":{"@id":"https:\/\/likeink.com\/fi\/siirtotatuoinnit\/mustavalkoiset-perhoset-kynsitarrat\/#primaryimage"},"thumbnailUrl":"https:\/\/likeink.com\/wp-content\/uploads\/2026\/02\/nailstickers-butterfly-quality-likeink.png","datePublished":"2026-02-09T12:43:44+00:00","dateModified":"2026-02-25T09:43:59+00:00","description":"Mustavalkoinen perhos Nail stickers, Like Ink. Elegantit, monipuoliset kuosit eri kokoina, helppo kiinnitt\u00e4\u00e4. - Like ink","breadcrumb":{"@id":"https:\/\/likeink.com\/fi\/siirtotatuoinnit\/mustavalkoiset-perhoset-kynsitarrat\/#breadcrumb"},"inLanguage":"fi","potentialAction":[{"@type":"ReadAction","target":["https:\/\/likeink.com\/fi\/siirtotatuoinnit\/mustavalkoiset-perhoset-kynsitarrat\/"]}]},{"@type":"ImageObject","inLanguage":"fi","@id":"https:\/\/likeink.com\/fi\/siirtotatuoinnit\/mustavalkoiset-perhoset-kynsitarrat\/#primaryimage","url":"https:\/\/likeink.com\/wp-content\/uploads\/2026\/02\/nailstickers-butterfly-quality-likeink.png","contentUrl":"https:\/\/likeink.com\/wp-content\/uploads\/2026\/02\/nailstickers-butterfly-quality-likeink.png","width":1024,"height":1024,"caption":"L\u00e4hikuva nelj\u00e4st\u00e4 kynsist\u00e4, joissa on alastonlakkaa ja joissa jokaisessa on pieni perhoskuvio joko mustalla tai valkoisella v\u00e4rill\u00e4 sile\u00e4ll\u00e4, kiilt\u00e4v\u00e4ll\u00e4 pinnalla."},{"@type":"BreadcrumbList","@id":"https:\/\/likeink.com\/fi\/siirtotatuoinnit\/mustavalkoiset-perhoset-kynsitarrat\/#breadcrumb","itemListElement":[{"@type":"ListItem","position":1,"name":"Hem","item":"https:\/\/likeink.com\/fi\/"},{"@type":"ListItem","position":2,"name":"Shop","item":"https:\/\/likeink.com\/fi\/shop\/"},{"@type":"ListItem","position":3,"name":"Mustavalkoinen perhos Nail stickers"}]},{"@type":"WebSite","@id":"https:\/\/likeink.com\/fi\/#website","url":"https:\/\/likeink.com\/fi\/","name":"Like ink","description":"Make your own custom design","potentialAction":[{"@type":"SearchAction","target":{"@type":"EntryPoint","urlTemplate":"https:\/\/likeink.com\/fi\/?s={search_term_string}"},"query-input":{"@type":"PropertyValueSpecification","valueRequired":true,"valueName":"search_term_string"}}],"inLanguage":"fi"}]}},"_links":{"self":[{"href":"https:\/\/likeink.com\/fi\/wp-json\/wp\/v2\/product\/58649","targetHints":{"allow":["GET"]}}],"collection":[{"href":"https:\/\/likeink.com\/fi\/wp-json\/wp\/v2\/product"}],"about":[{"href":"https:\/\/likeink.com\/fi\/wp-json\/wp\/v2\/types\/product"}],"wp:featuredmedia":[{"embeddable":true,"href":"https:\/\/likeink.com\/fi\/wp-json\/wp\/v2\/media\/59402"}],"wp:attachment":[{"href":"https:\/\/likeink.com\/fi\/wp-json\/wp\/v2\/media?parent=58649"}],"wp:term":[{"taxonomy":"product_brand","embeddable":true,"href":"https:\/\/likeink.com\/fi\/wp-json\/wp\/v2\/product_brand?post=58649"},{"taxonomy":"product_cat","embeddable":true,"href":"https:\/\/likeink.com\/fi\/wp-json\/wp\/v2\/product_cat?post=58649"},{"taxonomy":"product_tag","embeddable":true,"href":"https:\/\/likeink.com\/fi\/wp-json\/wp\/v2\/product_tag?post=58649"}],"curies":[{"name":"wp","href":"https:\/\/api.w.org\/{rel}","templated":true}]}}