{"id":58650,"date":"2026-01-27T13:50:38","date_gmt":"2026-02-09T12:43:45","guid":{"rendered":"https:\/\/likeink.com\/gnuggisar\/tahtijoukko-kynsitarrat\/"},"modified":"2026-02-25T09:44:00","modified_gmt":"2026-02-25T09:44:00","slug":"tahtijoukko-kynsitarrat","status":"publish","type":"product","link":"https:\/\/likeink.com\/fi\/siirtotatuoinnit\/tahtijoukko-kynsitarrat\/","title":{"rendered":"T\u00e4htijoukko Nail stickers"},"content":{"rendered":"","protected":false},"excerpt":{"rendered":"<p>Like Ink<br \/>\nNail tattoos<br \/>\n\u2013 Mustavalkoinen t\u00e4htikuvio Nail stickers<\/p>\n<h2>Tilaa Nail stickers, jossa on graafisia mustavalkoisia t\u00e4htikuvioita!<\/h2>\n<p>Luo siisti mutta ilmeik\u00e4s manikyyri Like Ink<br \/>\nBlack &#038; White Star Cluster Nail stickers<br \/>\n-tuotteella. T\u00e4ss\u00e4 arkissa on dynaaminen sekoitus t\u00e4htikuvioita, pieni\u00e4 pisteit\u00e4 ja yksitt\u00e4isi\u00e4 t\u00e4hti\u00e4 klassisessa mustavalkoisessa v\u00e4rityksess\u00e4, ja valikoidut t\u00e4hdet on t\u00e4ytetty hienovaraisella kimaltelevalla sinisell\u00e4 viimeistelyll\u00e4 syvyyden lis\u00e4\u00e4miseksi.<\/p>\n<p>Motivien koot vaihtelevat noin 3\u201310 mm:n v\u00e4lill\u00e4, joten n\u00e4m\u00e4 Nail stickers<br \/>\nsopivat t\u00e4ydellisesti kaikkeen minimalistisista aksenteista kerroksellisiin, t\u00e4htikuvioihin inspiroituneisiin malleihin. Yksiv\u00e4risten t\u00e4htien ja sinisen kimalluksen kontrasti tekee t\u00e4st\u00e4 arkista helpon tyylitt\u00e4\u00e4 sek\u00e4 jokap\u00e4iv\u00e4iseen k\u00e4ytt\u00f6\u00f6n ett\u00e4 n\u00e4ytt\u00e4v\u00e4\u00e4n lookiin.<\/p>\n<p>Ihanteellinen minimalistisen Nail art<br \/>\ntyylin yst\u00e4ville, kosmoksesta inspiraationsa saaneille tyyleille tai kaikille, jotka pit\u00e4v\u00e4t graafisista yksityiskohdista, joissa on jotain erilaista. Helppo kiinnitt\u00e4\u00e4 ja mukava k\u00e4ytt\u00e4\u00e4, n\u00e4m\u00e4 Nail stickers<br \/>\npysyv\u00e4t paikoillaan useita p\u00e4ivi\u00e4 ilman tahraantumista tai kuoriutumista.<\/p>\n<p>Ei sotkua, ei kuivumisaikaa eik\u00e4 salonkik\u00e4yntej\u00e4 \u2013 vain moderni Nail art<br \/>\nmuutamassa minuutissa.<\/p>\n<p><strong>Kuinka kiinnitt\u00e4\u00e4 Nail stickers <\/strong><br \/>\nPuhdista ja kuivaa kynsi<\/p>\n<p>Valitse tarra arkista ja nosta se varovasti pinseteill\u00e4<\/p>\n<p>Aseta kuvio kynsille ja paina kevyesti<\/p>\n<p>Levit\u00e4 p\u00e4\u00e4llyslakka, jotta kynnet kest\u00e4v\u00e4t pidemp\u00e4\u00e4n ja kiilt\u00e4v\u00e4t kauniisti<\/p>\n<p>Valmis!<\/p>\n<p><strong>Tuotetiedot<\/strong><\/p>\n<p><strong>Arkin koko:<\/strong><br \/>\n7 \u00d7 10 <strong>cm<br \/>\nV\u00e4rit:<\/strong><br \/>\nMusta ja valkoinen, sinisill\u00e4 kimallusyksityiskohdilla<br \/>\n<strong>Motiivit:<\/strong><br \/>\nT\u00e4htikuvio, yksitt\u00e4iset t\u00e4hdet, <strong>pisteet<br \/>\nMotiivin koko:<\/strong><br \/>\nnoin 3\u201310 mm<\/p>\n<p><strong>PS:<\/strong><br \/>\nOsta 6 arkkia ja maksa vain 5:st\u00e4 alennuskoodilla<strong> INKNAILS <\/strong><br \/>\n\u2b50\u2728<\/p>\n","protected":false},"featured_media":59442,"template":"","meta":[],"product_brand":[],"product_cat":[468],"product_tag":[],"class_list":{"0":"post-58650","1":"product","2":"type-product","3":"status-publish","4":"has-post-thumbnail","6":"product_cat-nailstickers-fi","8":"first","9":"instock","10":"taxable","11":"shipping-taxable","12":"purchasable","13":"product-type-simple"},"yoast_head":"<!-- This site is optimized with the Yoast SEO Premium plugin v26.2 (Yoast SEO v27.4) - https:\/\/yoast.com\/product\/yoast-seo-premium-wordpress\/ -->\n<title>Mustavalkoinen t\u00e4htijoukko Nail stickers | Like Ink<\/title>\n<meta name=\"description\" content=\"Like Ink in mustavalkoinen t\u00e4hti Nail stickers, jossa on klustereita, pisteit\u00e4 ja kimaltelevia sinisi\u00e4 t\u00e4hti\u00e4. Helppo levitt\u00e4\u00e4 ja monipuolinen. - Like ink\" \/>\n<meta name=\"robots\" content=\"index, follow, max-snippet:-1, max-image-preview:large, max-video-preview:-1\" \/>\n<link rel=\"canonical\" href=\"https:\/\/likeink.com\/fi\/siirtotatuoinnit\/tahtijoukko-kynsitarrat\/\" \/>\n<meta property=\"og:locale\" content=\"fi_FI\" \/>\n<meta property=\"og:type\" content=\"article\" \/>\n<meta property=\"og:title\" content=\"T\u00e4htijoukko Nail stickers\" \/>\n<meta property=\"og:description\" content=\"Like Ink Nail tattoos \u2013 Mustavalkoinen t\u00e4htikuvio Nail stickers Tilaa Nail stickers, jossa on graafisia mustavalkoisia t\u00e4htikuvioita! Luo siisti mutta ilmeik\u00e4s manikyyri Like Ink Black &amp; White Star Cluster Nail stickers -tuotteella. T\u00e4ss\u00e4 arkissa on dynaaminen sekoitus t\u00e4htikuvioita, pieni\u00e4 pisteit\u00e4 ja yksitt\u00e4isi\u00e4 t\u00e4hti\u00e4 klassisessa mustavalkoisessa v\u00e4rityksess\u00e4, ja valikoidut t\u00e4hdet on t\u00e4ytetty hienovaraisella kimaltelevalla sinisell\u00e4 viimeistelyll\u00e4 syvyyden lis\u00e4\u00e4miseksi. Motivien koot vaihtelevat noin 3\u201310 mm:n v\u00e4lill\u00e4, joten n\u00e4m\u00e4 Nail stickers sopivat t\u00e4ydellisesti kaikkeen minimalistisista aksenteista kerroksellisiin, t\u00e4htikuvioihin inspiroituneisiin malleihin. Yksiv\u00e4risten t\u00e4htien ja sinisen kimalluksen kontrasti tekee t\u00e4st\u00e4 arkista helpon tyylitt\u00e4\u00e4 sek\u00e4 jokap\u00e4iv\u00e4iseen k\u00e4ytt\u00f6\u00f6n ett\u00e4 n\u00e4ytt\u00e4v\u00e4\u00e4n lookiin. Ihanteellinen minimalistisen Nail art tyylin yst\u00e4ville, kosmoksesta inspiraationsa saaneille tyyleille tai kaikille, jotka pit\u00e4v\u00e4t graafisista yksityiskohdista, joissa on jotain erilaista. Helppo kiinnitt\u00e4\u00e4 ja mukava k\u00e4ytt\u00e4\u00e4, n\u00e4m\u00e4 Nail stickers pysyv\u00e4t paikoillaan useita p\u00e4ivi\u00e4 ilman tahraantumista tai kuoriutumista. Ei sotkua, ei kuivumisaikaa eik\u00e4 salonkik\u00e4yntej\u00e4 \u2013 vain moderni Nail art muutamassa minuutissa. Kuinka kiinnitt\u00e4\u00e4 Nail stickers Puhdista ja kuivaa kynsi Valitse tarra arkista ja nosta se varovasti pinseteill\u00e4 Aseta kuvio kynsille ja paina kevyesti Levit\u00e4 p\u00e4\u00e4llyslakka, jotta kynnet kest\u00e4v\u00e4t pidemp\u00e4\u00e4n ja kiilt\u00e4v\u00e4t kauniisti Valmis! Tuotetiedot Arkin koko: 7 \u00d7 10 cm V\u00e4rit: Musta ja valkoinen, sinisill\u00e4 kimallusyksityiskohdilla Motiivit: T\u00e4htikuvio, yksitt\u00e4iset t\u00e4hdet, pisteet Motiivin koko: noin 3\u201310 mm PS: Osta 6 arkkia ja maksa vain 5:st\u00e4 alennuskoodilla INKNAILS \u2b50\u2728\" \/>\n<meta property=\"og:url\" content=\"https:\/\/likeink.com\/fi\/siirtotatuoinnit\/tahtijoukko-kynsitarrat\/\" \/>\n<meta property=\"og:site_name\" content=\"Like ink\" \/>\n<meta property=\"article:publisher\" content=\"https:\/\/www.facebook.com\/LikeInkSe\" \/>\n<meta property=\"article:modified_time\" content=\"2026-02-25T09:44:00+00:00\" \/>\n<meta property=\"og:image\" content=\"https:\/\/likeink.com\/wp-content\/uploads\/2026\/02\/starkluster-nailstickers-nails-photo.png\" \/>\n\t<meta property=\"og:image:width\" content=\"1024\" \/>\n\t<meta property=\"og:image:height\" content=\"1024\" \/>\n\t<meta property=\"og:image:type\" content=\"image\/png\" \/>\n<meta name=\"twitter:card\" content=\"summary_large_image\" \/>\n<script type=\"application\/ld+json\" class=\"yoast-schema-graph\">{\"@context\":\"https:\\\/\\\/schema.org\",\"@graph\":[{\"@type\":\"WebPage\",\"@id\":\"https:\\\/\\\/likeink.com\\\/fi\\\/siirtotatuoinnit\\\/tahtijoukko-kynsitarrat\\\/\",\"url\":\"https:\\\/\\\/likeink.com\\\/fi\\\/siirtotatuoinnit\\\/tahtijoukko-kynsitarrat\\\/\",\"name\":\"Mustavalkoinen t\u00e4htijoukko Nail stickers | Like Ink\",\"isPartOf\":{\"@id\":\"https:\\\/\\\/likeink.com\\\/fi\\\/#website\"},\"primaryImageOfPage\":{\"@id\":\"https:\\\/\\\/likeink.com\\\/fi\\\/siirtotatuoinnit\\\/tahtijoukko-kynsitarrat\\\/#primaryimage\"},\"image\":{\"@id\":\"https:\\\/\\\/likeink.com\\\/fi\\\/siirtotatuoinnit\\\/tahtijoukko-kynsitarrat\\\/#primaryimage\"},\"thumbnailUrl\":\"https:\\\/\\\/likeink.com\\\/wp-content\\\/uploads\\\/2026\\\/02\\\/starkluster-nailstickers-nails-photo.png\",\"datePublished\":\"2026-02-09T12:43:45+00:00\",\"dateModified\":\"2026-02-25T09:44:00+00:00\",\"description\":\"Like Ink in mustavalkoinen t\u00e4hti Nail stickers, jossa on klustereita, pisteit\u00e4 ja kimaltelevia sinisi\u00e4 t\u00e4hti\u00e4. Helppo levitt\u00e4\u00e4 ja monipuolinen. - Like ink\",\"breadcrumb\":{\"@id\":\"https:\\\/\\\/likeink.com\\\/fi\\\/siirtotatuoinnit\\\/tahtijoukko-kynsitarrat\\\/#breadcrumb\"},\"inLanguage\":\"fi\",\"potentialAction\":[{\"@type\":\"ReadAction\",\"target\":[\"https:\\\/\\\/likeink.com\\\/fi\\\/siirtotatuoinnit\\\/tahtijoukko-kynsitarrat\\\/\"]}]},{\"@type\":\"ImageObject\",\"inLanguage\":\"fi\",\"@id\":\"https:\\\/\\\/likeink.com\\\/fi\\\/siirtotatuoinnit\\\/tahtijoukko-kynsitarrat\\\/#primaryimage\",\"url\":\"https:\\\/\\\/likeink.com\\\/wp-content\\\/uploads\\\/2026\\\/02\\\/starkluster-nailstickers-nails-photo.png\",\"contentUrl\":\"https:\\\/\\\/likeink.com\\\/wp-content\\\/uploads\\\/2026\\\/02\\\/starkluster-nailstickers-nails-photo.png\",\"width\":1024,\"height\":1024,\"caption\":\"L\u00e4hikuva k\u00e4dest\u00e4, jossa on nudenv\u00e4rist\u00e4 kynsilakkaa ja joka on koristeltu pienill\u00e4 mustilla, kultaisilla ja valkoisilla t\u00e4hdenmuotoisilla tarroilla ja pienill\u00e4 hopeapisteill\u00e4 jokaisessa kynsiss\u00e4.\"},{\"@type\":\"BreadcrumbList\",\"@id\":\"https:\\\/\\\/likeink.com\\\/fi\\\/siirtotatuoinnit\\\/tahtijoukko-kynsitarrat\\\/#breadcrumb\",\"itemListElement\":[{\"@type\":\"ListItem\",\"position\":1,\"name\":\"Hem\",\"item\":\"https:\\\/\\\/likeink.com\\\/fi\\\/\"},{\"@type\":\"ListItem\",\"position\":2,\"name\":\"Shop\",\"item\":\"https:\\\/\\\/likeink.com\\\/fi\\\/shop\\\/\"},{\"@type\":\"ListItem\",\"position\":3,\"name\":\"T\u00e4htijoukko Nail stickers\"}]},{\"@type\":\"WebSite\",\"@id\":\"https:\\\/\\\/likeink.com\\\/fi\\\/#website\",\"url\":\"https:\\\/\\\/likeink.com\\\/fi\\\/\",\"name\":\"Like ink\",\"description\":\"Make your own custom design\",\"potentialAction\":[{\"@type\":\"SearchAction\",\"target\":{\"@type\":\"EntryPoint\",\"urlTemplate\":\"https:\\\/\\\/likeink.com\\\/fi\\\/?s={search_term_string}\"},\"query-input\":{\"@type\":\"PropertyValueSpecification\",\"valueRequired\":true,\"valueName\":\"search_term_string\"}}],\"inLanguage\":\"fi\"}]}<\/script>\n<!-- \/ Yoast SEO Premium plugin. -->","yoast_head_json":{"title":"Mustavalkoinen t\u00e4htijoukko Nail stickers | Like Ink","description":"Like Ink in mustavalkoinen t\u00e4hti Nail stickers, jossa on klustereita, pisteit\u00e4 ja kimaltelevia sinisi\u00e4 t\u00e4hti\u00e4. Helppo levitt\u00e4\u00e4 ja monipuolinen. - Like ink","robots":{"index":"index","follow":"follow","max-snippet":"max-snippet:-1","max-image-preview":"max-image-preview:large","max-video-preview":"max-video-preview:-1"},"canonical":"https:\/\/likeink.com\/fi\/siirtotatuoinnit\/tahtijoukko-kynsitarrat\/","og_locale":"fi_FI","og_type":"article","og_title":"T\u00e4htijoukko Nail stickers","og_description":"Like Ink Nail tattoos \u2013 Mustavalkoinen t\u00e4htikuvio Nail stickers Tilaa Nail stickers, jossa on graafisia mustavalkoisia t\u00e4htikuvioita! Luo siisti mutta ilmeik\u00e4s manikyyri Like Ink Black & White Star Cluster Nail stickers -tuotteella. T\u00e4ss\u00e4 arkissa on dynaaminen sekoitus t\u00e4htikuvioita, pieni\u00e4 pisteit\u00e4 ja yksitt\u00e4isi\u00e4 t\u00e4hti\u00e4 klassisessa mustavalkoisessa v\u00e4rityksess\u00e4, ja valikoidut t\u00e4hdet on t\u00e4ytetty hienovaraisella kimaltelevalla sinisell\u00e4 viimeistelyll\u00e4 syvyyden lis\u00e4\u00e4miseksi. Motivien koot vaihtelevat noin 3\u201310 mm:n v\u00e4lill\u00e4, joten n\u00e4m\u00e4 Nail stickers sopivat t\u00e4ydellisesti kaikkeen minimalistisista aksenteista kerroksellisiin, t\u00e4htikuvioihin inspiroituneisiin malleihin. Yksiv\u00e4risten t\u00e4htien ja sinisen kimalluksen kontrasti tekee t\u00e4st\u00e4 arkista helpon tyylitt\u00e4\u00e4 sek\u00e4 jokap\u00e4iv\u00e4iseen k\u00e4ytt\u00f6\u00f6n ett\u00e4 n\u00e4ytt\u00e4v\u00e4\u00e4n lookiin. Ihanteellinen minimalistisen Nail art tyylin yst\u00e4ville, kosmoksesta inspiraationsa saaneille tyyleille tai kaikille, jotka pit\u00e4v\u00e4t graafisista yksityiskohdista, joissa on jotain erilaista. Helppo kiinnitt\u00e4\u00e4 ja mukava k\u00e4ytt\u00e4\u00e4, n\u00e4m\u00e4 Nail stickers pysyv\u00e4t paikoillaan useita p\u00e4ivi\u00e4 ilman tahraantumista tai kuoriutumista. Ei sotkua, ei kuivumisaikaa eik\u00e4 salonkik\u00e4yntej\u00e4 \u2013 vain moderni Nail art muutamassa minuutissa. Kuinka kiinnitt\u00e4\u00e4 Nail stickers Puhdista ja kuivaa kynsi Valitse tarra arkista ja nosta se varovasti pinseteill\u00e4 Aseta kuvio kynsille ja paina kevyesti Levit\u00e4 p\u00e4\u00e4llyslakka, jotta kynnet kest\u00e4v\u00e4t pidemp\u00e4\u00e4n ja kiilt\u00e4v\u00e4t kauniisti Valmis! Tuotetiedot Arkin koko: 7 \u00d7 10 cm V\u00e4rit: Musta ja valkoinen, sinisill\u00e4 kimallusyksityiskohdilla Motiivit: T\u00e4htikuvio, yksitt\u00e4iset t\u00e4hdet, pisteet Motiivin koko: noin 3\u201310 mm PS: Osta 6 arkkia ja maksa vain 5:st\u00e4 alennuskoodilla INKNAILS \u2b50\u2728","og_url":"https:\/\/likeink.com\/fi\/siirtotatuoinnit\/tahtijoukko-kynsitarrat\/","og_site_name":"Like ink","article_publisher":"https:\/\/www.facebook.com\/LikeInkSe","article_modified_time":"2026-02-25T09:44:00+00:00","og_image":[{"width":1024,"height":1024,"url":"https:\/\/likeink.com\/wp-content\/uploads\/2026\/02\/starkluster-nailstickers-nails-photo.png","type":"image\/png"}],"twitter_card":"summary_large_image","schema":{"@context":"https:\/\/schema.org","@graph":[{"@type":"WebPage","@id":"https:\/\/likeink.com\/fi\/siirtotatuoinnit\/tahtijoukko-kynsitarrat\/","url":"https:\/\/likeink.com\/fi\/siirtotatuoinnit\/tahtijoukko-kynsitarrat\/","name":"Mustavalkoinen t\u00e4htijoukko Nail stickers | Like Ink","isPartOf":{"@id":"https:\/\/likeink.com\/fi\/#website"},"primaryImageOfPage":{"@id":"https:\/\/likeink.com\/fi\/siirtotatuoinnit\/tahtijoukko-kynsitarrat\/#primaryimage"},"image":{"@id":"https:\/\/likeink.com\/fi\/siirtotatuoinnit\/tahtijoukko-kynsitarrat\/#primaryimage"},"thumbnailUrl":"https:\/\/likeink.com\/wp-content\/uploads\/2026\/02\/starkluster-nailstickers-nails-photo.png","datePublished":"2026-02-09T12:43:45+00:00","dateModified":"2026-02-25T09:44:00+00:00","description":"Like Ink in mustavalkoinen t\u00e4hti Nail stickers, jossa on klustereita, pisteit\u00e4 ja kimaltelevia sinisi\u00e4 t\u00e4hti\u00e4. Helppo levitt\u00e4\u00e4 ja monipuolinen. - Like ink","breadcrumb":{"@id":"https:\/\/likeink.com\/fi\/siirtotatuoinnit\/tahtijoukko-kynsitarrat\/#breadcrumb"},"inLanguage":"fi","potentialAction":[{"@type":"ReadAction","target":["https:\/\/likeink.com\/fi\/siirtotatuoinnit\/tahtijoukko-kynsitarrat\/"]}]},{"@type":"ImageObject","inLanguage":"fi","@id":"https:\/\/likeink.com\/fi\/siirtotatuoinnit\/tahtijoukko-kynsitarrat\/#primaryimage","url":"https:\/\/likeink.com\/wp-content\/uploads\/2026\/02\/starkluster-nailstickers-nails-photo.png","contentUrl":"https:\/\/likeink.com\/wp-content\/uploads\/2026\/02\/starkluster-nailstickers-nails-photo.png","width":1024,"height":1024,"caption":"L\u00e4hikuva k\u00e4dest\u00e4, jossa on nudenv\u00e4rist\u00e4 kynsilakkaa ja joka on koristeltu pienill\u00e4 mustilla, kultaisilla ja valkoisilla t\u00e4hdenmuotoisilla tarroilla ja pienill\u00e4 hopeapisteill\u00e4 jokaisessa kynsiss\u00e4."},{"@type":"BreadcrumbList","@id":"https:\/\/likeink.com\/fi\/siirtotatuoinnit\/tahtijoukko-kynsitarrat\/#breadcrumb","itemListElement":[{"@type":"ListItem","position":1,"name":"Hem","item":"https:\/\/likeink.com\/fi\/"},{"@type":"ListItem","position":2,"name":"Shop","item":"https:\/\/likeink.com\/fi\/shop\/"},{"@type":"ListItem","position":3,"name":"T\u00e4htijoukko Nail stickers"}]},{"@type":"WebSite","@id":"https:\/\/likeink.com\/fi\/#website","url":"https:\/\/likeink.com\/fi\/","name":"Like ink","description":"Make your own custom design","potentialAction":[{"@type":"SearchAction","target":{"@type":"EntryPoint","urlTemplate":"https:\/\/likeink.com\/fi\/?s={search_term_string}"},"query-input":{"@type":"PropertyValueSpecification","valueRequired":true,"valueName":"search_term_string"}}],"inLanguage":"fi"}]}},"_links":{"self":[{"href":"https:\/\/likeink.com\/fi\/wp-json\/wp\/v2\/product\/58650","targetHints":{"allow":["GET"]}}],"collection":[{"href":"https:\/\/likeink.com\/fi\/wp-json\/wp\/v2\/product"}],"about":[{"href":"https:\/\/likeink.com\/fi\/wp-json\/wp\/v2\/types\/product"}],"wp:featuredmedia":[{"embeddable":true,"href":"https:\/\/likeink.com\/fi\/wp-json\/wp\/v2\/media\/59442"}],"wp:attachment":[{"href":"https:\/\/likeink.com\/fi\/wp-json\/wp\/v2\/media?parent=58650"}],"wp:term":[{"taxonomy":"product_brand","embeddable":true,"href":"https:\/\/likeink.com\/fi\/wp-json\/wp\/v2\/product_brand?post=58650"},{"taxonomy":"product_cat","embeddable":true,"href":"https:\/\/likeink.com\/fi\/wp-json\/wp\/v2\/product_cat?post=58650"},{"taxonomy":"product_tag","embeddable":true,"href":"https:\/\/likeink.com\/fi\/wp-json\/wp\/v2\/product_tag?post=58650"}],"curies":[{"name":"wp","href":"https:\/\/api.w.org\/{rel}","templated":true}]}}