{"id":58653,"date":"2026-01-27T13:38:26","date_gmt":"2026-02-09T12:43:48","guid":{"rendered":"https:\/\/likeink.com\/gnuggisar\/kulta-ja-maanvariset-kynsitarrat\/"},"modified":"2026-02-25T09:44:03","modified_gmt":"2026-02-25T09:44:03","slug":"kulta-ja-maanvariset-kynsitarrat","status":"publish","type":"product","link":"https:\/\/likeink.com\/fi\/siirtotatuoinnit\/kulta-ja-maanvariset-kynsitarrat\/","title":{"rendered":"Kulta- ja maanv\u00e4rinen kuvio Nail stickers"},"content":{"rendered":"","protected":false},"excerpt":{"rendered":"<p>Like Ink<br \/>\nNail tattoos<br \/>\n\u2013 Kulta- ja maanv\u00e4riset kuviot Nail stickers<\/p>\n<h2>Tilaa Nail stickers, jossa on tyylikk\u00e4\u00e4t kulta- ja maanv\u00e4riset kuviot!<\/h2>\n<p>Luo hienostunut ja vaikuttava manikyyri Like Ink<br \/>\nKulta- ja maanv\u00e4riset kuviot Nail stickers<br \/>\n. T\u00e4ss\u00e4 arkissa on kauniisti suunnitellut kuviot kulta-, ruskea- ja mustas\u00e4vyiss\u00e4, jotka on luotu korostamaan ja kaunistamaan pidempi\u00e4 kynsi\u00e4.<\/p>\n<p>Kuvioiden koko vaihtelee noin 10\u201320 mm:n v\u00e4lill\u00e4, joten n\u00e4m\u00e4 Nail stickers<br \/>\nsopivat erinomaisesti pitk\u00e4nomaisille kynsille, joissa kuviot p\u00e4\u00e4sev\u00e4t parhaiten esiin. L\u00e4mmin maanl\u00e4heinen v\u00e4ripaletti yhdistettyn\u00e4 metalliseen kultaan lis\u00e4\u00e4 syvyytt\u00e4, eleganssia ja ylellisyytt\u00e4 Nail art<br \/>\n-kynsien ulkon\u00e4k\u00f6\u00f6n.<\/p>\n<p>Sopii erinomaisesti hienostuneisiin tyyleihin, syksyn muotiin tai kaikille, jotka rakastavat rohkeita kuvioita ja kiillotettua viimeistely\u00e4. Helppo levitt\u00e4\u00e4 ja mukava k\u00e4ytt\u00e4\u00e4, n\u00e4m\u00e4 Nail stickers<br \/>\npysyv\u00e4t paikoillaan useita p\u00e4ivi\u00e4 ilman tahroja tai kuoriutumista.<\/p>\n<p>Ei sotkua, ei kuivumisaikaa eik\u00e4 salonkik\u00e4yntej\u00e4 \u2013 vain korkealaatuiset Nail art<br \/>\n, jotka antavat ylellisen tunteen.<\/p>\n<p><strong>Kuinka kiinnitt\u00e4\u00e4 Nail stickers <\/strong><br \/>\nPuhdista ja kuivaa kynsi.<\/p>\n<p>Valitse tarra arkista ja nosta se varovasti pinseteill\u00e4.<\/p>\n<p>Aseta kuvio kynsille ja paina varovasti, sovittaen sen kynsien muotoon.<\/p>\n<p>Levit\u00e4 p\u00e4\u00e4llyslakka, jotta kynnet kest\u00e4v\u00e4t pidemp\u00e4\u00e4n ja kiilt\u00e4v\u00e4t.<\/p>\n<p>Valmis!<\/p>\n<p><strong>Tuotetiedot<\/strong><\/p>\n<p><strong>Arkin koko:<\/strong><br \/>\n7 \u00d7 10 <strong>cm<br \/>\nV\u00e4rit:<\/strong><br \/>\nKulta, ruskea ja <strong>musta<br \/>\nMotiivit:<\/strong><br \/>\nKuviomallit<br \/>\n<strong>Motiivin koko:<\/strong><br \/>\nnoin 10\u201320 <strong>mm<br \/>\nSuositellaan:<\/strong><br \/>\nPitkille <strong>kynsille<\/strong><\/p>\n<p><strong>PS:<\/strong><br \/>\nOsta 6 arkkia ja maksa 5:st\u00e4 alennuskoodilla<strong> INKNAILS <\/strong><br \/>\n\u2728\ud83d\udc85<\/p>\n","protected":false},"featured_media":59192,"template":"","meta":[],"product_brand":[],"product_cat":[468],"product_tag":[],"class_list":{"0":"post-58653","1":"product","2":"type-product","3":"status-publish","4":"has-post-thumbnail","6":"product_cat-nailstickers-fi","8":"first","9":"instock","10":"taxable","11":"shipping-taxable","12":"purchasable","13":"product-type-simple"},"yoast_head":"<!-- This site is optimized with the Yoast SEO Premium plugin v26.2 (Yoast SEO v27.4) - https:\/\/yoast.com\/product\/yoast-seo-premium-wordpress\/ -->\n<title>Kulta- ja ruskeakuvioinen Nail stickers | Like Ink<\/title>\n<meta name=\"description\" content=\"Like Ink in tyylik\u00e4s Nail stickers -kynsilakka kultaisissa, ruskeissa ja mustissa s\u00e4vyiss\u00e4. Kuviolliset mallit sopivat pidempiin kynsiin. - Like ink\" \/>\n<meta name=\"robots\" content=\"index, follow, max-snippet:-1, max-image-preview:large, max-video-preview:-1\" \/>\n<link rel=\"canonical\" href=\"https:\/\/likeink.com\/fi\/siirtotatuoinnit\/kulta-ja-maanvariset-kynsitarrat\/\" \/>\n<meta property=\"og:locale\" content=\"fi_FI\" \/>\n<meta property=\"og:type\" content=\"article\" \/>\n<meta property=\"og:title\" content=\"Kulta- ja maanv\u00e4rinen kuvio Nail stickers\" \/>\n<meta property=\"og:description\" content=\"Like Ink Nail tattoos \u2013 Kulta- ja maanv\u00e4riset kuviot Nail stickers Tilaa Nail stickers, jossa on tyylikk\u00e4\u00e4t kulta- ja maanv\u00e4riset kuviot! Luo hienostunut ja vaikuttava manikyyri Like Ink Kulta- ja maanv\u00e4riset kuviot Nail stickers . T\u00e4ss\u00e4 arkissa on kauniisti suunnitellut kuviot kulta-, ruskea- ja mustas\u00e4vyiss\u00e4, jotka on luotu korostamaan ja kaunistamaan pidempi\u00e4 kynsi\u00e4. Kuvioiden koko vaihtelee noin 10\u201320 mm:n v\u00e4lill\u00e4, joten n\u00e4m\u00e4 Nail stickers sopivat erinomaisesti pitk\u00e4nomaisille kynsille, joissa kuviot p\u00e4\u00e4sev\u00e4t parhaiten esiin. L\u00e4mmin maanl\u00e4heinen v\u00e4ripaletti yhdistettyn\u00e4 metalliseen kultaan lis\u00e4\u00e4 syvyytt\u00e4, eleganssia ja ylellisyytt\u00e4 Nail art -kynsien ulkon\u00e4k\u00f6\u00f6n. Sopii erinomaisesti hienostuneisiin tyyleihin, syksyn muotiin tai kaikille, jotka rakastavat rohkeita kuvioita ja kiillotettua viimeistely\u00e4. Helppo levitt\u00e4\u00e4 ja mukava k\u00e4ytt\u00e4\u00e4, n\u00e4m\u00e4 Nail stickers pysyv\u00e4t paikoillaan useita p\u00e4ivi\u00e4 ilman tahroja tai kuoriutumista. Ei sotkua, ei kuivumisaikaa eik\u00e4 salonkik\u00e4yntej\u00e4 \u2013 vain korkealaatuiset Nail art , jotka antavat ylellisen tunteen. Kuinka kiinnitt\u00e4\u00e4 Nail stickers Puhdista ja kuivaa kynsi. Valitse tarra arkista ja nosta se varovasti pinseteill\u00e4. Aseta kuvio kynsille ja paina varovasti, sovittaen sen kynsien muotoon. Levit\u00e4 p\u00e4\u00e4llyslakka, jotta kynnet kest\u00e4v\u00e4t pidemp\u00e4\u00e4n ja kiilt\u00e4v\u00e4t. Valmis! Tuotetiedot Arkin koko: 7 \u00d7 10 cm V\u00e4rit: Kulta, ruskea ja musta Motiivit: Kuviomallit Motiivin koko: noin 10\u201320 mm Suositellaan: Pitkille kynsille  PS: Osta 6 arkkia ja maksa 5:st\u00e4 alennuskoodilla INKNAILS \u2728\ud83d\udc85\" \/>\n<meta property=\"og:url\" content=\"https:\/\/likeink.com\/fi\/siirtotatuoinnit\/kulta-ja-maanvariset-kynsitarrat\/\" \/>\n<meta property=\"og:site_name\" content=\"Like ink\" \/>\n<meta property=\"article:publisher\" content=\"https:\/\/www.facebook.com\/LikeInkSe\" \/>\n<meta property=\"article:modified_time\" content=\"2026-02-25T09:44:03+00:00\" \/>\n<meta property=\"og:image\" content=\"https:\/\/likeink.com\/wp-content\/uploads\/2026\/02\/Nail-sticker-design-brown-likeink.png\" \/>\n\t<meta property=\"og:image:width\" content=\"1024\" \/>\n\t<meta property=\"og:image:height\" content=\"1024\" \/>\n\t<meta property=\"og:image:type\" content=\"image\/png\" \/>\n<meta name=\"twitter:card\" content=\"summary_large_image\" \/>\n<script type=\"application\/ld+json\" class=\"yoast-schema-graph\">{\"@context\":\"https:\\\/\\\/schema.org\",\"@graph\":[{\"@type\":\"WebPage\",\"@id\":\"https:\\\/\\\/likeink.com\\\/fi\\\/siirtotatuoinnit\\\/kulta-ja-maanvariset-kynsitarrat\\\/\",\"url\":\"https:\\\/\\\/likeink.com\\\/fi\\\/siirtotatuoinnit\\\/kulta-ja-maanvariset-kynsitarrat\\\/\",\"name\":\"Kulta- ja ruskeakuvioinen Nail stickers | Like Ink\",\"isPartOf\":{\"@id\":\"https:\\\/\\\/likeink.com\\\/fi\\\/#website\"},\"primaryImageOfPage\":{\"@id\":\"https:\\\/\\\/likeink.com\\\/fi\\\/siirtotatuoinnit\\\/kulta-ja-maanvariset-kynsitarrat\\\/#primaryimage\"},\"image\":{\"@id\":\"https:\\\/\\\/likeink.com\\\/fi\\\/siirtotatuoinnit\\\/kulta-ja-maanvariset-kynsitarrat\\\/#primaryimage\"},\"thumbnailUrl\":\"https:\\\/\\\/likeink.com\\\/wp-content\\\/uploads\\\/2026\\\/02\\\/Nail-sticker-design-brown-likeink.png\",\"datePublished\":\"2026-02-09T12:43:48+00:00\",\"dateModified\":\"2026-02-25T09:44:03+00:00\",\"description\":\"Like Ink in tyylik\u00e4s Nail stickers -kynsilakka kultaisissa, ruskeissa ja mustissa s\u00e4vyiss\u00e4. Kuviolliset mallit sopivat pidempiin kynsiin. - Like ink\",\"breadcrumb\":{\"@id\":\"https:\\\/\\\/likeink.com\\\/fi\\\/siirtotatuoinnit\\\/kulta-ja-maanvariset-kynsitarrat\\\/#breadcrumb\"},\"inLanguage\":\"fi\",\"potentialAction\":[{\"@type\":\"ReadAction\",\"target\":[\"https:\\\/\\\/likeink.com\\\/fi\\\/siirtotatuoinnit\\\/kulta-ja-maanvariset-kynsitarrat\\\/\"]}]},{\"@type\":\"ImageObject\",\"inLanguage\":\"fi\",\"@id\":\"https:\\\/\\\/likeink.com\\\/fi\\\/siirtotatuoinnit\\\/kulta-ja-maanvariset-kynsitarrat\\\/#primaryimage\",\"url\":\"https:\\\/\\\/likeink.com\\\/wp-content\\\/uploads\\\/2026\\\/02\\\/Nail-sticker-design-brown-likeink.png\",\"contentUrl\":\"https:\\\/\\\/likeink.com\\\/wp-content\\\/uploads\\\/2026\\\/02\\\/Nail-sticker-design-brown-likeink.png\",\"width\":1024,\"height\":1024,\"caption\":\"L\u00e4hikuva k\u00e4dest\u00e4, jonka kynnet on maalattu pehme\u00e4ll\u00e4 nude-v\u00e4rill\u00e4 ja jossa on ruskeaa ja kultaista argyle-kuvioitua kynsitaidetta kussakin kynsiss\u00e4.\"},{\"@type\":\"BreadcrumbList\",\"@id\":\"https:\\\/\\\/likeink.com\\\/fi\\\/siirtotatuoinnit\\\/kulta-ja-maanvariset-kynsitarrat\\\/#breadcrumb\",\"itemListElement\":[{\"@type\":\"ListItem\",\"position\":1,\"name\":\"Hem\",\"item\":\"https:\\\/\\\/likeink.com\\\/fi\\\/\"},{\"@type\":\"ListItem\",\"position\":2,\"name\":\"Shop\",\"item\":\"https:\\\/\\\/likeink.com\\\/fi\\\/shop\\\/\"},{\"@type\":\"ListItem\",\"position\":3,\"name\":\"Kulta- ja maanv\u00e4rinen kuvio Nail stickers\"}]},{\"@type\":\"WebSite\",\"@id\":\"https:\\\/\\\/likeink.com\\\/fi\\\/#website\",\"url\":\"https:\\\/\\\/likeink.com\\\/fi\\\/\",\"name\":\"Like ink\",\"description\":\"Make your own custom design\",\"potentialAction\":[{\"@type\":\"SearchAction\",\"target\":{\"@type\":\"EntryPoint\",\"urlTemplate\":\"https:\\\/\\\/likeink.com\\\/fi\\\/?s={search_term_string}\"},\"query-input\":{\"@type\":\"PropertyValueSpecification\",\"valueRequired\":true,\"valueName\":\"search_term_string\"}}],\"inLanguage\":\"fi\"}]}<\/script>\n<!-- \/ Yoast SEO Premium plugin. -->","yoast_head_json":{"title":"Kulta- ja ruskeakuvioinen Nail stickers | Like Ink","description":"Like Ink in tyylik\u00e4s Nail stickers -kynsilakka kultaisissa, ruskeissa ja mustissa s\u00e4vyiss\u00e4. Kuviolliset mallit sopivat pidempiin kynsiin. - Like ink","robots":{"index":"index","follow":"follow","max-snippet":"max-snippet:-1","max-image-preview":"max-image-preview:large","max-video-preview":"max-video-preview:-1"},"canonical":"https:\/\/likeink.com\/fi\/siirtotatuoinnit\/kulta-ja-maanvariset-kynsitarrat\/","og_locale":"fi_FI","og_type":"article","og_title":"Kulta- ja maanv\u00e4rinen kuvio Nail stickers","og_description":"Like Ink Nail tattoos \u2013 Kulta- ja maanv\u00e4riset kuviot Nail stickers Tilaa Nail stickers, jossa on tyylikk\u00e4\u00e4t kulta- ja maanv\u00e4riset kuviot! Luo hienostunut ja vaikuttava manikyyri Like Ink Kulta- ja maanv\u00e4riset kuviot Nail stickers . T\u00e4ss\u00e4 arkissa on kauniisti suunnitellut kuviot kulta-, ruskea- ja mustas\u00e4vyiss\u00e4, jotka on luotu korostamaan ja kaunistamaan pidempi\u00e4 kynsi\u00e4. Kuvioiden koko vaihtelee noin 10\u201320 mm:n v\u00e4lill\u00e4, joten n\u00e4m\u00e4 Nail stickers sopivat erinomaisesti pitk\u00e4nomaisille kynsille, joissa kuviot p\u00e4\u00e4sev\u00e4t parhaiten esiin. L\u00e4mmin maanl\u00e4heinen v\u00e4ripaletti yhdistettyn\u00e4 metalliseen kultaan lis\u00e4\u00e4 syvyytt\u00e4, eleganssia ja ylellisyytt\u00e4 Nail art -kynsien ulkon\u00e4k\u00f6\u00f6n. Sopii erinomaisesti hienostuneisiin tyyleihin, syksyn muotiin tai kaikille, jotka rakastavat rohkeita kuvioita ja kiillotettua viimeistely\u00e4. Helppo levitt\u00e4\u00e4 ja mukava k\u00e4ytt\u00e4\u00e4, n\u00e4m\u00e4 Nail stickers pysyv\u00e4t paikoillaan useita p\u00e4ivi\u00e4 ilman tahroja tai kuoriutumista. Ei sotkua, ei kuivumisaikaa eik\u00e4 salonkik\u00e4yntej\u00e4 \u2013 vain korkealaatuiset Nail art , jotka antavat ylellisen tunteen. Kuinka kiinnitt\u00e4\u00e4 Nail stickers Puhdista ja kuivaa kynsi. Valitse tarra arkista ja nosta se varovasti pinseteill\u00e4. Aseta kuvio kynsille ja paina varovasti, sovittaen sen kynsien muotoon. Levit\u00e4 p\u00e4\u00e4llyslakka, jotta kynnet kest\u00e4v\u00e4t pidemp\u00e4\u00e4n ja kiilt\u00e4v\u00e4t. Valmis! Tuotetiedot Arkin koko: 7 \u00d7 10 cm V\u00e4rit: Kulta, ruskea ja musta Motiivit: Kuviomallit Motiivin koko: noin 10\u201320 mm Suositellaan: Pitkille kynsille  PS: Osta 6 arkkia ja maksa 5:st\u00e4 alennuskoodilla INKNAILS \u2728\ud83d\udc85","og_url":"https:\/\/likeink.com\/fi\/siirtotatuoinnit\/kulta-ja-maanvariset-kynsitarrat\/","og_site_name":"Like ink","article_publisher":"https:\/\/www.facebook.com\/LikeInkSe","article_modified_time":"2026-02-25T09:44:03+00:00","og_image":[{"width":1024,"height":1024,"url":"https:\/\/likeink.com\/wp-content\/uploads\/2026\/02\/Nail-sticker-design-brown-likeink.png","type":"image\/png"}],"twitter_card":"summary_large_image","schema":{"@context":"https:\/\/schema.org","@graph":[{"@type":"WebPage","@id":"https:\/\/likeink.com\/fi\/siirtotatuoinnit\/kulta-ja-maanvariset-kynsitarrat\/","url":"https:\/\/likeink.com\/fi\/siirtotatuoinnit\/kulta-ja-maanvariset-kynsitarrat\/","name":"Kulta- ja ruskeakuvioinen Nail stickers | Like Ink","isPartOf":{"@id":"https:\/\/likeink.com\/fi\/#website"},"primaryImageOfPage":{"@id":"https:\/\/likeink.com\/fi\/siirtotatuoinnit\/kulta-ja-maanvariset-kynsitarrat\/#primaryimage"},"image":{"@id":"https:\/\/likeink.com\/fi\/siirtotatuoinnit\/kulta-ja-maanvariset-kynsitarrat\/#primaryimage"},"thumbnailUrl":"https:\/\/likeink.com\/wp-content\/uploads\/2026\/02\/Nail-sticker-design-brown-likeink.png","datePublished":"2026-02-09T12:43:48+00:00","dateModified":"2026-02-25T09:44:03+00:00","description":"Like Ink in tyylik\u00e4s Nail stickers -kynsilakka kultaisissa, ruskeissa ja mustissa s\u00e4vyiss\u00e4. Kuviolliset mallit sopivat pidempiin kynsiin. - Like ink","breadcrumb":{"@id":"https:\/\/likeink.com\/fi\/siirtotatuoinnit\/kulta-ja-maanvariset-kynsitarrat\/#breadcrumb"},"inLanguage":"fi","potentialAction":[{"@type":"ReadAction","target":["https:\/\/likeink.com\/fi\/siirtotatuoinnit\/kulta-ja-maanvariset-kynsitarrat\/"]}]},{"@type":"ImageObject","inLanguage":"fi","@id":"https:\/\/likeink.com\/fi\/siirtotatuoinnit\/kulta-ja-maanvariset-kynsitarrat\/#primaryimage","url":"https:\/\/likeink.com\/wp-content\/uploads\/2026\/02\/Nail-sticker-design-brown-likeink.png","contentUrl":"https:\/\/likeink.com\/wp-content\/uploads\/2026\/02\/Nail-sticker-design-brown-likeink.png","width":1024,"height":1024,"caption":"L\u00e4hikuva k\u00e4dest\u00e4, jonka kynnet on maalattu pehme\u00e4ll\u00e4 nude-v\u00e4rill\u00e4 ja jossa on ruskeaa ja kultaista argyle-kuvioitua kynsitaidetta kussakin kynsiss\u00e4."},{"@type":"BreadcrumbList","@id":"https:\/\/likeink.com\/fi\/siirtotatuoinnit\/kulta-ja-maanvariset-kynsitarrat\/#breadcrumb","itemListElement":[{"@type":"ListItem","position":1,"name":"Hem","item":"https:\/\/likeink.com\/fi\/"},{"@type":"ListItem","position":2,"name":"Shop","item":"https:\/\/likeink.com\/fi\/shop\/"},{"@type":"ListItem","position":3,"name":"Kulta- ja maanv\u00e4rinen kuvio Nail stickers"}]},{"@type":"WebSite","@id":"https:\/\/likeink.com\/fi\/#website","url":"https:\/\/likeink.com\/fi\/","name":"Like ink","description":"Make your own custom design","potentialAction":[{"@type":"SearchAction","target":{"@type":"EntryPoint","urlTemplate":"https:\/\/likeink.com\/fi\/?s={search_term_string}"},"query-input":{"@type":"PropertyValueSpecification","valueRequired":true,"valueName":"search_term_string"}}],"inLanguage":"fi"}]}},"_links":{"self":[{"href":"https:\/\/likeink.com\/fi\/wp-json\/wp\/v2\/product\/58653","targetHints":{"allow":["GET"]}}],"collection":[{"href":"https:\/\/likeink.com\/fi\/wp-json\/wp\/v2\/product"}],"about":[{"href":"https:\/\/likeink.com\/fi\/wp-json\/wp\/v2\/types\/product"}],"wp:featuredmedia":[{"embeddable":true,"href":"https:\/\/likeink.com\/fi\/wp-json\/wp\/v2\/media\/59192"}],"wp:attachment":[{"href":"https:\/\/likeink.com\/fi\/wp-json\/wp\/v2\/media?parent=58653"}],"wp:term":[{"taxonomy":"product_brand","embeddable":true,"href":"https:\/\/likeink.com\/fi\/wp-json\/wp\/v2\/product_brand?post=58653"},{"taxonomy":"product_cat","embeddable":true,"href":"https:\/\/likeink.com\/fi\/wp-json\/wp\/v2\/product_cat?post=58653"},{"taxonomy":"product_tag","embeddable":true,"href":"https:\/\/likeink.com\/fi\/wp-json\/wp\/v2\/product_tag?post=58653"}],"curies":[{"name":"wp","href":"https:\/\/api.w.org\/{rel}","templated":true}]}}