{"id":58654,"date":"2026-01-27T13:28:31","date_gmt":"2026-02-09T12:43:49","guid":{"rendered":"https:\/\/likeink.com\/gnuggisar\/metalliset-perhos-ja-kukka-kynsitarrat\/"},"modified":"2026-02-25T09:44:04","modified_gmt":"2026-02-25T09:44:04","slug":"metalliset-perhos-ja-kukka-kynsitarrat","status":"publish","type":"product","link":"https:\/\/likeink.com\/fi\/siirtotatuoinnit\/metalliset-perhos-ja-kukka-kynsitarrat\/","title":{"rendered":"Metallinen perhonen ja kukka Nail stickers"},"content":{"rendered":"","protected":false},"excerpt":{"rendered":"<p>Like Ink<br \/>\nNail tattoos<br \/>\n\u2013 Metallinen perhonen ja kukka-Nail stickers<\/p>\n<h2>Tilaa Nail stickers, jossa on kimaltelevia metallisia perhosia ja kukkakuvioita!<\/h2>\n<p>Luo ylellinen, huomiota her\u00e4tt\u00e4v\u00e4 manikyyri Like Ink<br \/>\nMetallinen perhonen ja kukka-Nail stickers<br \/>\n-arkilla. T\u00e4m\u00e4 arkki sis\u00e4lt\u00e4\u00e4 kauniisti kimaltelevia metallisia kuvioita, kuten perhosia, kukkia ja koristeellisia kuvioita rikkaassa v\u00e4rivalikoimassa, jossa on kultaa, punaista, valkoista, sinist\u00e4 ja vihre\u00e4\u00e4 \u2013 kulta ja punainen ovat hallitsevat s\u00e4vyt.<\/p>\n<p>Nail stickers<br \/>\n-arkin kuvioiden koko vaihtelee noin 4\u201314 mm:n v\u00e4lill\u00e4, joten ne sopivat t\u00e4ydellisesti sek\u00e4 hienovaraisiin korostuksiin ett\u00e4 n\u00e4ytt\u00e4v\u00e4\u00e4n Nail art<br \/>\n-manikyyriin. Metallinen pinta heijastaa valoa kauniisti ja lis\u00e4\u00e4 syvyytt\u00e4 ja eleganssia mihin tahansa manikyyriin.<\/p>\n<p>Ihanteellinen juhlaviin tyyleihin, erityistilaisuuksiin tai kaikille, jotka rakastavat rohkeita v\u00e4rej\u00e4 yhdistettyn\u00e4 metalliseen kiiltoon. Helppo levitt\u00e4\u00e4 ja mukava k\u00e4ytt\u00e4\u00e4, n\u00e4m\u00e4 Nail stickers<br \/>\npysyv\u00e4t paikoillaan useita p\u00e4ivi\u00e4 ilman tahroja tai kuoriutumista.<\/p>\n<p>Ei sotkua, ei kuivumisaikaa eik\u00e4 salonkik\u00e4yntej\u00e4 \u2013 vain s\u00e4teilev\u00e4 Nail art<br \/>\nmuutamassa minuutissa.<\/p>\n<p><strong>Kuinka kiinnitt\u00e4\u00e4 Nail stickers <\/strong><br \/>\nPuhdista ja kuivaa kynsi.<\/p>\n<p>Valitse tarra arkista ja nosta se varovasti pinseteill\u00e4.<\/p>\n<p>Aseta kuvio kynsille ja paina kevyesti.<\/p>\n<p>Levit\u00e4 p\u00e4\u00e4llyslakka, jotta tarra pysyy paremmin paikoillaan ja kiilt\u00e4\u00e4.<\/p>\n<p>Valmis!<\/p>\n<p><strong>Tuotetiedot<\/strong><\/p>\n<p><strong>Arkin koko:<\/strong><br \/>\n7 \u00d7 10 <strong>cm<br \/>\nPinta:<\/strong><br \/>\nMetallinen, <strong>kimalteleva<br \/>\nV\u00e4rit:<\/strong><br \/>\nKulta, punainen, valkoinen, sininen ja <strong>vihre\u00e4<br \/>\nMotiivit:<\/strong><br \/>\nPerhoset, kukat, koristeelliset <strong>kuviot<br \/>\nMotiivin koko:<\/strong><br \/>\nnoin 4\u201314 mm<\/p>\n<p><strong>PS:<\/strong><br \/>\nOsta 6 arkkia ja maksa 5:st\u00e4 alennuskoodilla<strong> INKNAILS <\/strong><br \/>\n\u2728\ud83d\udc85<\/p>\n","protected":false},"featured_media":59142,"template":"","meta":[],"product_brand":[],"product_cat":[468],"product_tag":[],"class_list":{"0":"post-58654","1":"product","2":"type-product","3":"status-publish","4":"has-post-thumbnail","6":"product_cat-nailstickers-fi","8":"first","9":"instock","10":"taxable","11":"shipping-taxable","12":"purchasable","13":"product-type-simple"},"yoast_head":"<!-- This site is optimized with the Yoast SEO Premium plugin v26.2 (Yoast SEO v27.5) - https:\/\/yoast.com\/product\/yoast-seo-premium-wordpress\/ -->\n<title>Metallinen perhonen ja kukka Nail stickers | Like Ink<\/title>\n<meta name=\"description\" content=\"Like Ink in kimaltava metallinen Nail stickers, jossa on perhosia, kukkia ja kuvioita kultaisissa ja punaisissa s\u00e4vyiss\u00e4. Helppo levitt\u00e4\u00e4 ja silmiinpist\u00e4v\u00e4.\" \/>\n<meta name=\"robots\" content=\"index, follow, max-snippet:-1, max-image-preview:large, max-video-preview:-1\" \/>\n<link rel=\"canonical\" href=\"https:\/\/likeink.com\/fi\/siirtotatuoinnit\/metalliset-perhos-ja-kukka-kynsitarrat\/\" \/>\n<meta property=\"og:locale\" content=\"fi_FI\" \/>\n<meta property=\"og:type\" content=\"article\" \/>\n<meta property=\"og:title\" content=\"Metallinen perhonen ja kukka Nail stickers\" \/>\n<meta property=\"og:description\" content=\"Like Ink Nail tattoos \u2013 Metallinen perhonen ja kukka-Nail stickers Tilaa Nail stickers, jossa on kimaltelevia metallisia perhosia ja kukkakuvioita! Luo ylellinen, huomiota her\u00e4tt\u00e4v\u00e4 manikyyri Like Ink Metallinen perhonen ja kukka-Nail stickers -arkilla. T\u00e4m\u00e4 arkki sis\u00e4lt\u00e4\u00e4 kauniisti kimaltelevia metallisia kuvioita, kuten perhosia, kukkia ja koristeellisia kuvioita rikkaassa v\u00e4rivalikoimassa, jossa on kultaa, punaista, valkoista, sinist\u00e4 ja vihre\u00e4\u00e4 \u2013 kulta ja punainen ovat hallitsevat s\u00e4vyt. Nail stickers -arkin kuvioiden koko vaihtelee noin 4\u201314 mm:n v\u00e4lill\u00e4, joten ne sopivat t\u00e4ydellisesti sek\u00e4 hienovaraisiin korostuksiin ett\u00e4 n\u00e4ytt\u00e4v\u00e4\u00e4n Nail art -manikyyriin. Metallinen pinta heijastaa valoa kauniisti ja lis\u00e4\u00e4 syvyytt\u00e4 ja eleganssia mihin tahansa manikyyriin. Ihanteellinen juhlaviin tyyleihin, erityistilaisuuksiin tai kaikille, jotka rakastavat rohkeita v\u00e4rej\u00e4 yhdistettyn\u00e4 metalliseen kiiltoon. Helppo levitt\u00e4\u00e4 ja mukava k\u00e4ytt\u00e4\u00e4, n\u00e4m\u00e4 Nail stickers pysyv\u00e4t paikoillaan useita p\u00e4ivi\u00e4 ilman tahroja tai kuoriutumista. Ei sotkua, ei kuivumisaikaa eik\u00e4 salonkik\u00e4yntej\u00e4 \u2013 vain s\u00e4teilev\u00e4 Nail art muutamassa minuutissa. Kuinka kiinnitt\u00e4\u00e4 Nail stickers Puhdista ja kuivaa kynsi. Valitse tarra arkista ja nosta se varovasti pinseteill\u00e4. Aseta kuvio kynsille ja paina kevyesti. Levit\u00e4 p\u00e4\u00e4llyslakka, jotta tarra pysyy paremmin paikoillaan ja kiilt\u00e4\u00e4. Valmis! Tuotetiedot Arkin koko: 7 \u00d7 10 cm Pinta: Metallinen, kimalteleva V\u00e4rit: Kulta, punainen, valkoinen, sininen ja vihre\u00e4 Motiivit: Perhoset, kukat, koristeelliset kuviot Motiivin koko: noin 4\u201314 mm PS: Osta 6 arkkia ja maksa 5:st\u00e4 alennuskoodilla INKNAILS \u2728\ud83d\udc85\" \/>\n<meta property=\"og:url\" content=\"https:\/\/likeink.com\/fi\/siirtotatuoinnit\/metalliset-perhos-ja-kukka-kynsitarrat\/\" \/>\n<meta property=\"og:site_name\" content=\"Like ink\" \/>\n<meta property=\"article:publisher\" content=\"https:\/\/www.facebook.com\/LikeInkSe\" \/>\n<meta property=\"article:modified_time\" content=\"2026-02-25T09:44:04+00:00\" \/>\n<meta property=\"og:image\" content=\"https:\/\/likeink.com\/wp-content\/uploads\/2026\/02\/nail-art-stickers-flower-likeink.png\" \/>\n\t<meta property=\"og:image:width\" content=\"1024\" \/>\n\t<meta property=\"og:image:height\" content=\"1024\" \/>\n\t<meta property=\"og:image:type\" content=\"image\/png\" \/>\n<meta name=\"twitter:card\" content=\"summary_large_image\" \/>\n<!-- \/ Yoast SEO Premium plugin. -->","yoast_head_json":{"title":"Metallinen perhonen ja kukka Nail stickers | Like Ink","description":"Like Ink in kimaltava metallinen Nail stickers, jossa on perhosia, kukkia ja kuvioita kultaisissa ja punaisissa s\u00e4vyiss\u00e4. Helppo levitt\u00e4\u00e4 ja silmiinpist\u00e4v\u00e4.","robots":{"index":"index","follow":"follow","max-snippet":"max-snippet:-1","max-image-preview":"max-image-preview:large","max-video-preview":"max-video-preview:-1"},"canonical":"https:\/\/likeink.com\/fi\/siirtotatuoinnit\/metalliset-perhos-ja-kukka-kynsitarrat\/","og_locale":"fi_FI","og_type":"article","og_title":"Metallinen perhonen ja kukka Nail stickers","og_description":"Like Ink Nail tattoos \u2013 Metallinen perhonen ja kukka-Nail stickers Tilaa Nail stickers, jossa on kimaltelevia metallisia perhosia ja kukkakuvioita! Luo ylellinen, huomiota her\u00e4tt\u00e4v\u00e4 manikyyri Like Ink Metallinen perhonen ja kukka-Nail stickers -arkilla. T\u00e4m\u00e4 arkki sis\u00e4lt\u00e4\u00e4 kauniisti kimaltelevia metallisia kuvioita, kuten perhosia, kukkia ja koristeellisia kuvioita rikkaassa v\u00e4rivalikoimassa, jossa on kultaa, punaista, valkoista, sinist\u00e4 ja vihre\u00e4\u00e4 \u2013 kulta ja punainen ovat hallitsevat s\u00e4vyt. Nail stickers -arkin kuvioiden koko vaihtelee noin 4\u201314 mm:n v\u00e4lill\u00e4, joten ne sopivat t\u00e4ydellisesti sek\u00e4 hienovaraisiin korostuksiin ett\u00e4 n\u00e4ytt\u00e4v\u00e4\u00e4n Nail art -manikyyriin. Metallinen pinta heijastaa valoa kauniisti ja lis\u00e4\u00e4 syvyytt\u00e4 ja eleganssia mihin tahansa manikyyriin. Ihanteellinen juhlaviin tyyleihin, erityistilaisuuksiin tai kaikille, jotka rakastavat rohkeita v\u00e4rej\u00e4 yhdistettyn\u00e4 metalliseen kiiltoon. Helppo levitt\u00e4\u00e4 ja mukava k\u00e4ytt\u00e4\u00e4, n\u00e4m\u00e4 Nail stickers pysyv\u00e4t paikoillaan useita p\u00e4ivi\u00e4 ilman tahroja tai kuoriutumista. Ei sotkua, ei kuivumisaikaa eik\u00e4 salonkik\u00e4yntej\u00e4 \u2013 vain s\u00e4teilev\u00e4 Nail art muutamassa minuutissa. Kuinka kiinnitt\u00e4\u00e4 Nail stickers Puhdista ja kuivaa kynsi. Valitse tarra arkista ja nosta se varovasti pinseteill\u00e4. Aseta kuvio kynsille ja paina kevyesti. Levit\u00e4 p\u00e4\u00e4llyslakka, jotta tarra pysyy paremmin paikoillaan ja kiilt\u00e4\u00e4. Valmis! Tuotetiedot Arkin koko: 7 \u00d7 10 cm Pinta: Metallinen, kimalteleva V\u00e4rit: Kulta, punainen, valkoinen, sininen ja vihre\u00e4 Motiivit: Perhoset, kukat, koristeelliset kuviot Motiivin koko: noin 4\u201314 mm PS: Osta 6 arkkia ja maksa 5:st\u00e4 alennuskoodilla INKNAILS \u2728\ud83d\udc85","og_url":"https:\/\/likeink.com\/fi\/siirtotatuoinnit\/metalliset-perhos-ja-kukka-kynsitarrat\/","og_site_name":"Like ink","article_publisher":"https:\/\/www.facebook.com\/LikeInkSe","article_modified_time":"2026-02-25T09:44:04+00:00","og_image":[{"width":1024,"height":1024,"url":"https:\/\/likeink.com\/wp-content\/uploads\/2026\/02\/nail-art-stickers-flower-likeink.png","type":"image\/png"}],"twitter_card":"summary_large_image","schema":{"@context":"https:\/\/schema.org","@graph":[{"@type":"WebPage","@id":"https:\/\/likeink.com\/fi\/siirtotatuoinnit\/metalliset-perhos-ja-kukka-kynsitarrat\/","url":"https:\/\/likeink.com\/fi\/siirtotatuoinnit\/metalliset-perhos-ja-kukka-kynsitarrat\/","name":"Metallinen perhonen ja kukka Nail stickers | Like Ink","isPartOf":{"@id":"https:\/\/likeink.com\/fi\/#website"},"primaryImageOfPage":{"@id":"https:\/\/likeink.com\/fi\/siirtotatuoinnit\/metalliset-perhos-ja-kukka-kynsitarrat\/#primaryimage"},"image":{"@id":"https:\/\/likeink.com\/fi\/siirtotatuoinnit\/metalliset-perhos-ja-kukka-kynsitarrat\/#primaryimage"},"thumbnailUrl":"https:\/\/likeink.com\/wp-content\/uploads\/2026\/02\/nail-art-stickers-flower-likeink.png","datePublished":"2026-02-09T12:43:49+00:00","dateModified":"2026-02-25T09:44:04+00:00","description":"Like Ink in kimaltava metallinen Nail stickers, jossa on perhosia, kukkia ja kuvioita kultaisissa ja punaisissa s\u00e4vyiss\u00e4. Helppo levitt\u00e4\u00e4 ja silmiinpist\u00e4v\u00e4.","breadcrumb":{"@id":"https:\/\/likeink.com\/fi\/siirtotatuoinnit\/metalliset-perhos-ja-kukka-kynsitarrat\/#breadcrumb"},"inLanguage":"fi","potentialAction":[{"@type":"ReadAction","target":["https:\/\/likeink.com\/fi\/siirtotatuoinnit\/metalliset-perhos-ja-kukka-kynsitarrat\/"]}]},{"@type":"ImageObject","inLanguage":"fi","@id":"https:\/\/likeink.com\/fi\/siirtotatuoinnit\/metalliset-perhos-ja-kukka-kynsitarrat\/#primaryimage","url":"https:\/\/likeink.com\/wp-content\/uploads\/2026\/02\/nail-art-stickers-flower-likeink.png","contentUrl":"https:\/\/likeink.com\/wp-content\/uploads\/2026\/02\/nail-art-stickers-flower-likeink.png","width":1024,"height":1024,"caption":"L\u00e4hikuva k\u00e4dest\u00e4, jossa on vaaleanpunaiset kynnet, joissa on kynsitaidekuviot: punainen ja valkoinen kukka yhdess\u00e4 kynsiss\u00e4 ja v\u00e4rik\u00e4s perhonen viereisess\u00e4 kynsiss\u00e4."},{"@type":"BreadcrumbList","@id":"https:\/\/likeink.com\/fi\/siirtotatuoinnit\/metalliset-perhos-ja-kukka-kynsitarrat\/#breadcrumb","itemListElement":[{"@type":"ListItem","position":1,"name":"Hem","item":"https:\/\/likeink.com\/fi\/"},{"@type":"ListItem","position":2,"name":"Shop","item":"https:\/\/likeink.com\/fi\/shop\/"},{"@type":"ListItem","position":3,"name":"Metallinen perhonen ja kukka Nail stickers"}]},{"@type":"WebSite","@id":"https:\/\/likeink.com\/fi\/#website","url":"https:\/\/likeink.com\/fi\/","name":"Like ink","description":"Make your own custom design","potentialAction":[{"@type":"SearchAction","target":{"@type":"EntryPoint","urlTemplate":"https:\/\/likeink.com\/fi\/?s={search_term_string}"},"query-input":{"@type":"PropertyValueSpecification","valueRequired":true,"valueName":"search_term_string"}}],"inLanguage":"fi"}]}},"_links":{"self":[{"href":"https:\/\/likeink.com\/fi\/wp-json\/wp\/v2\/product\/58654","targetHints":{"allow":["GET"]}}],"collection":[{"href":"https:\/\/likeink.com\/fi\/wp-json\/wp\/v2\/product"}],"about":[{"href":"https:\/\/likeink.com\/fi\/wp-json\/wp\/v2\/types\/product"}],"wp:featuredmedia":[{"embeddable":true,"href":"https:\/\/likeink.com\/fi\/wp-json\/wp\/v2\/media\/59142"}],"wp:attachment":[{"href":"https:\/\/likeink.com\/fi\/wp-json\/wp\/v2\/media?parent=58654"}],"wp:term":[{"taxonomy":"product_brand","embeddable":true,"href":"https:\/\/likeink.com\/fi\/wp-json\/wp\/v2\/product_brand?post=58654"},{"taxonomy":"product_cat","embeddable":true,"href":"https:\/\/likeink.com\/fi\/wp-json\/wp\/v2\/product_cat?post=58654"},{"taxonomy":"product_tag","embeddable":true,"href":"https:\/\/likeink.com\/fi\/wp-json\/wp\/v2\/product_tag?post=58654"}],"curies":[{"name":"wp","href":"https:\/\/api.w.org\/{rel}","templated":true}]}}