{"id":58655,"date":"2026-01-27T13:23:04","date_gmt":"2026-02-09T12:43:50","guid":{"rendered":"https:\/\/likeink.com\/gnuggisar\/joulukuusi-ja-misteli-kynsitarrat\/"},"modified":"2026-02-25T09:44:05","modified_gmt":"2026-02-25T09:44:05","slug":"joulukuusi-ja-misteli-kynsitarrat","status":"publish","type":"product","link":"https:\/\/likeink.com\/fi\/siirtotatuoinnit\/joulukuusi-ja-misteli-kynsitarrat\/","title":{"rendered":"Joulukuusi ja misteli Nail stickers"},"content":{"rendered":"","protected":false},"excerpt":{"rendered":"<p>Like Ink<br \/>\nNail tattoos<br \/>\n\u2013 Joulun Nail stickers<\/p>\n<h2>Tilaa Nail stickers, jossa on juhlallisia joulukuvioita!<\/h2>\n<p>Luo iloinen ja juhlava manikyyri Like Ink<br \/>\nChristmas Tree &#038; Mistletoe Nail stickers<br \/>\n-tuotteella. T\u00e4ss\u00e4 arkissa on klassisia jouluaiheisia kuvioita, kuten joulukuusia ja misteli\u00e4, raikkaissa vihre\u00e4n, punaisen, valkoisen ja sinisen s\u00e4vyiss\u00e4.<\/p>\n<p>Kuvioiden koko vaihtelee noin 5\u201315 mm:n v\u00e4lill\u00e4, joten n\u00e4m\u00e4 Nail stickers<br \/>\n-tuotteet sopivat t\u00e4ydellisesti sek\u00e4 hienovaraisiin kausikuvioihin ett\u00e4 iloisiin korostuskyntt\u00e4ihin. V\u00e4rien ja perinteisten jouluaiheisten symbolien yhdistelm\u00e4 tekee niist\u00e4 helppoja tyylitell\u00e4 sek\u00e4 leikkisiin ett\u00e4 elegantteihin jouluasuihin.<\/p>\n<p>Ihanteellinen joulujuhliin, talvijuhliin tai yksinkertaisesti juhlavan lis\u00e4n lis\u00e4\u00e4miseen jokap\u00e4iv\u00e4isiin kynsiisi. Helppo levitt\u00e4\u00e4 ja mukava k\u00e4ytt\u00e4\u00e4, n\u00e4m\u00e4 Nail stickers<br \/>\npysyv\u00e4t paikoillaan useita p\u00e4ivi\u00e4 ilman tahraantumista tai kuoriutumista.<\/p>\n<p>Ei sotkua, ei kuivumisaikaa eik\u00e4 salonkik\u00e4ynti\u00e4 \u2013 vain juhlavat Nail art<br \/>\nmuutamassa minuutissa.<\/p>\n<p><strong>Kuinka levitt\u00e4\u00e4 Nail stickers <\/strong><br \/>\nPuhdista ja kuivaa kynsi<\/p>\n<p>Valitse tarra arkista ja nosta se varovasti pinseteill\u00e4<\/p>\n<p>Aseta kuvio kynsille ja paina kevyesti<\/p>\n<p>Levit\u00e4 p\u00e4\u00e4llyslakka kest\u00e4vyyden lis\u00e4\u00e4miseksi<\/p>\n<p>Valmis!<\/p>\n<p><strong>Tuotetiedot<\/strong><\/p>\n<p><strong>Arkin koko:<\/strong><br \/>\n7 \u00d7 10 <strong>cm<br \/>\nV\u00e4rit:<\/strong><br \/>\nVihre\u00e4, punainen, valkoinen ja <strong>sininen<br \/>\nKuvio:<\/strong><br \/>\nJoulukuusi, <strong>misteli<br \/>\nKuvion koko:<\/strong><br \/>\nnoin 5\u201315 mm<\/p>\n<p><strong>PS:<\/strong><br \/>\nOsta 6 arkkia ja maksa 5:st\u00e4 alennuskoodilla<strong> INKNAILS <\/strong><br \/>\n\ud83c\udf85\ud83d\udc85<\/p>\n","protected":false},"featured_media":59282,"template":"","meta":[],"product_brand":[],"product_cat":[468],"product_tag":[],"class_list":{"0":"post-58655","1":"product","2":"type-product","3":"status-publish","4":"has-post-thumbnail","6":"product_cat-nailstickers-fi","8":"first","9":"instock","10":"taxable","11":"shipping-taxable","12":"purchasable","13":"product-type-simple"},"yoast_head":"<!-- This site is optimized with the Yoast SEO Premium plugin v26.2 (Yoast SEO v27.4) - https:\/\/yoast.com\/product\/yoast-seo-premium-wordpress\/ -->\n<title>Joulu-Nail stickers -puu ja misteli | Like Ink<\/title>\n<meta name=\"description\" content=\"Like Ink in juhlava joulu-Nail stickers, jossa on punaisia, vihreit\u00e4, valkoisia ja sinisi\u00e4 puita ja misteli\u00e4. Helppo levitt\u00e4\u00e4 ja kausiluonteinen. - Like ink\" \/>\n<meta name=\"robots\" content=\"index, follow, max-snippet:-1, max-image-preview:large, max-video-preview:-1\" \/>\n<link rel=\"canonical\" href=\"https:\/\/likeink.com\/fi\/siirtotatuoinnit\/joulukuusi-ja-misteli-kynsitarrat\/\" \/>\n<meta property=\"og:locale\" content=\"fi_FI\" \/>\n<meta property=\"og:type\" content=\"article\" \/>\n<meta property=\"og:title\" content=\"Joulukuusi ja misteli Nail stickers\" \/>\n<meta property=\"og:description\" content=\"Like Ink Nail tattoos \u2013 Joulun Nail stickers Tilaa Nail stickers, jossa on juhlallisia joulukuvioita! Luo iloinen ja juhlava manikyyri Like Ink Christmas Tree &amp; Mistletoe Nail stickers -tuotteella. T\u00e4ss\u00e4 arkissa on klassisia jouluaiheisia kuvioita, kuten joulukuusia ja misteli\u00e4, raikkaissa vihre\u00e4n, punaisen, valkoisen ja sinisen s\u00e4vyiss\u00e4. Kuvioiden koko vaihtelee noin 5\u201315 mm:n v\u00e4lill\u00e4, joten n\u00e4m\u00e4 Nail stickers -tuotteet sopivat t\u00e4ydellisesti sek\u00e4 hienovaraisiin kausikuvioihin ett\u00e4 iloisiin korostuskyntt\u00e4ihin. V\u00e4rien ja perinteisten jouluaiheisten symbolien yhdistelm\u00e4 tekee niist\u00e4 helppoja tyylitell\u00e4 sek\u00e4 leikkisiin ett\u00e4 elegantteihin jouluasuihin. Ihanteellinen joulujuhliin, talvijuhliin tai yksinkertaisesti juhlavan lis\u00e4n lis\u00e4\u00e4miseen jokap\u00e4iv\u00e4isiin kynsiisi. Helppo levitt\u00e4\u00e4 ja mukava k\u00e4ytt\u00e4\u00e4, n\u00e4m\u00e4 Nail stickers pysyv\u00e4t paikoillaan useita p\u00e4ivi\u00e4 ilman tahraantumista tai kuoriutumista. Ei sotkua, ei kuivumisaikaa eik\u00e4 salonkik\u00e4ynti\u00e4 \u2013 vain juhlavat Nail art muutamassa minuutissa. Kuinka levitt\u00e4\u00e4 Nail stickers Puhdista ja kuivaa kynsi Valitse tarra arkista ja nosta se varovasti pinseteill\u00e4 Aseta kuvio kynsille ja paina kevyesti Levit\u00e4 p\u00e4\u00e4llyslakka kest\u00e4vyyden lis\u00e4\u00e4miseksi Valmis! Tuotetiedot Arkin koko: 7 \u00d7 10 cm V\u00e4rit: Vihre\u00e4, punainen, valkoinen ja sininen Kuvio: Joulukuusi, misteli Kuvion koko: noin 5\u201315 mm PS: Osta 6 arkkia ja maksa 5:st\u00e4 alennuskoodilla INKNAILS \ud83c\udf85\ud83d\udc85\" \/>\n<meta property=\"og:url\" content=\"https:\/\/likeink.com\/fi\/siirtotatuoinnit\/joulukuusi-ja-misteli-kynsitarrat\/\" \/>\n<meta property=\"og:site_name\" content=\"Like ink\" \/>\n<meta property=\"article:publisher\" content=\"https:\/\/www.facebook.com\/LikeInkSe\" \/>\n<meta property=\"article:modified_time\" content=\"2026-02-25T09:44:05+00:00\" \/>\n<meta property=\"og:image\" content=\"https:\/\/likeink.com\/wp-content\/uploads\/2026\/02\/Nail-stickers-christmas-likeink.png\" \/>\n\t<meta property=\"og:image:width\" content=\"1024\" \/>\n\t<meta property=\"og:image:height\" content=\"1024\" \/>\n\t<meta property=\"og:image:type\" content=\"image\/png\" \/>\n<meta name=\"twitter:card\" content=\"summary_large_image\" \/>\n<script type=\"application\/ld+json\" class=\"yoast-schema-graph\">{\"@context\":\"https:\\\/\\\/schema.org\",\"@graph\":[{\"@type\":\"WebPage\",\"@id\":\"https:\\\/\\\/likeink.com\\\/fi\\\/siirtotatuoinnit\\\/joulukuusi-ja-misteli-kynsitarrat\\\/\",\"url\":\"https:\\\/\\\/likeink.com\\\/fi\\\/siirtotatuoinnit\\\/joulukuusi-ja-misteli-kynsitarrat\\\/\",\"name\":\"Joulu-Nail stickers -puu ja misteli | Like Ink\",\"isPartOf\":{\"@id\":\"https:\\\/\\\/likeink.com\\\/fi\\\/#website\"},\"primaryImageOfPage\":{\"@id\":\"https:\\\/\\\/likeink.com\\\/fi\\\/siirtotatuoinnit\\\/joulukuusi-ja-misteli-kynsitarrat\\\/#primaryimage\"},\"image\":{\"@id\":\"https:\\\/\\\/likeink.com\\\/fi\\\/siirtotatuoinnit\\\/joulukuusi-ja-misteli-kynsitarrat\\\/#primaryimage\"},\"thumbnailUrl\":\"https:\\\/\\\/likeink.com\\\/wp-content\\\/uploads\\\/2026\\\/02\\\/Nail-stickers-christmas-likeink.png\",\"datePublished\":\"2026-02-09T12:43:50+00:00\",\"dateModified\":\"2026-02-25T09:44:05+00:00\",\"description\":\"Like Ink in juhlava joulu-Nail stickers, jossa on punaisia, vihreit\u00e4, valkoisia ja sinisi\u00e4 puita ja misteli\u00e4. Helppo levitt\u00e4\u00e4 ja kausiluonteinen. - Like ink\",\"breadcrumb\":{\"@id\":\"https:\\\/\\\/likeink.com\\\/fi\\\/siirtotatuoinnit\\\/joulukuusi-ja-misteli-kynsitarrat\\\/#breadcrumb\"},\"inLanguage\":\"fi\",\"potentialAction\":[{\"@type\":\"ReadAction\",\"target\":[\"https:\\\/\\\/likeink.com\\\/fi\\\/siirtotatuoinnit\\\/joulukuusi-ja-misteli-kynsitarrat\\\/\"]}]},{\"@type\":\"ImageObject\",\"inLanguage\":\"fi\",\"@id\":\"https:\\\/\\\/likeink.com\\\/fi\\\/siirtotatuoinnit\\\/joulukuusi-ja-misteli-kynsitarrat\\\/#primaryimage\",\"url\":\"https:\\\/\\\/likeink.com\\\/wp-content\\\/uploads\\\/2026\\\/02\\\/Nail-stickers-christmas-likeink.png\",\"contentUrl\":\"https:\\\/\\\/likeink.com\\\/wp-content\\\/uploads\\\/2026\\\/02\\\/Nail-stickers-christmas-likeink.png\",\"width\":1024,\"height\":1024,\"caption\":\"K\u00e4si, jossa on juhlava jouluinen kynsitaide, jossa on seppeleit\u00e4, joulukuusia, lumihiutaleita ja \\\"Xmas\\\"-teksti alastomalla pohjalla, jota pidet\u00e4\u00e4n sumeaa loma-aiheista taustaa vasten, jossa on valoja ja koristeita.\"},{\"@type\":\"BreadcrumbList\",\"@id\":\"https:\\\/\\\/likeink.com\\\/fi\\\/siirtotatuoinnit\\\/joulukuusi-ja-misteli-kynsitarrat\\\/#breadcrumb\",\"itemListElement\":[{\"@type\":\"ListItem\",\"position\":1,\"name\":\"Hem\",\"item\":\"https:\\\/\\\/likeink.com\\\/fi\\\/\"},{\"@type\":\"ListItem\",\"position\":2,\"name\":\"Shop\",\"item\":\"https:\\\/\\\/likeink.com\\\/fi\\\/shop\\\/\"},{\"@type\":\"ListItem\",\"position\":3,\"name\":\"Joulukuusi ja misteli Nail stickers\"}]},{\"@type\":\"WebSite\",\"@id\":\"https:\\\/\\\/likeink.com\\\/fi\\\/#website\",\"url\":\"https:\\\/\\\/likeink.com\\\/fi\\\/\",\"name\":\"Like ink\",\"description\":\"Make your own custom design\",\"potentialAction\":[{\"@type\":\"SearchAction\",\"target\":{\"@type\":\"EntryPoint\",\"urlTemplate\":\"https:\\\/\\\/likeink.com\\\/fi\\\/?s={search_term_string}\"},\"query-input\":{\"@type\":\"PropertyValueSpecification\",\"valueRequired\":true,\"valueName\":\"search_term_string\"}}],\"inLanguage\":\"fi\"}]}<\/script>\n<!-- \/ Yoast SEO Premium plugin. -->","yoast_head_json":{"title":"Joulu-Nail stickers -puu ja misteli | Like Ink","description":"Like Ink in juhlava joulu-Nail stickers, jossa on punaisia, vihreit\u00e4, valkoisia ja sinisi\u00e4 puita ja misteli\u00e4. Helppo levitt\u00e4\u00e4 ja kausiluonteinen. - Like ink","robots":{"index":"index","follow":"follow","max-snippet":"max-snippet:-1","max-image-preview":"max-image-preview:large","max-video-preview":"max-video-preview:-1"},"canonical":"https:\/\/likeink.com\/fi\/siirtotatuoinnit\/joulukuusi-ja-misteli-kynsitarrat\/","og_locale":"fi_FI","og_type":"article","og_title":"Joulukuusi ja misteli Nail stickers","og_description":"Like Ink Nail tattoos \u2013 Joulun Nail stickers Tilaa Nail stickers, jossa on juhlallisia joulukuvioita! Luo iloinen ja juhlava manikyyri Like Ink Christmas Tree & Mistletoe Nail stickers -tuotteella. T\u00e4ss\u00e4 arkissa on klassisia jouluaiheisia kuvioita, kuten joulukuusia ja misteli\u00e4, raikkaissa vihre\u00e4n, punaisen, valkoisen ja sinisen s\u00e4vyiss\u00e4. Kuvioiden koko vaihtelee noin 5\u201315 mm:n v\u00e4lill\u00e4, joten n\u00e4m\u00e4 Nail stickers -tuotteet sopivat t\u00e4ydellisesti sek\u00e4 hienovaraisiin kausikuvioihin ett\u00e4 iloisiin korostuskyntt\u00e4ihin. V\u00e4rien ja perinteisten jouluaiheisten symbolien yhdistelm\u00e4 tekee niist\u00e4 helppoja tyylitell\u00e4 sek\u00e4 leikkisiin ett\u00e4 elegantteihin jouluasuihin. Ihanteellinen joulujuhliin, talvijuhliin tai yksinkertaisesti juhlavan lis\u00e4n lis\u00e4\u00e4miseen jokap\u00e4iv\u00e4isiin kynsiisi. Helppo levitt\u00e4\u00e4 ja mukava k\u00e4ytt\u00e4\u00e4, n\u00e4m\u00e4 Nail stickers pysyv\u00e4t paikoillaan useita p\u00e4ivi\u00e4 ilman tahraantumista tai kuoriutumista. Ei sotkua, ei kuivumisaikaa eik\u00e4 salonkik\u00e4ynti\u00e4 \u2013 vain juhlavat Nail art muutamassa minuutissa. Kuinka levitt\u00e4\u00e4 Nail stickers Puhdista ja kuivaa kynsi Valitse tarra arkista ja nosta se varovasti pinseteill\u00e4 Aseta kuvio kynsille ja paina kevyesti Levit\u00e4 p\u00e4\u00e4llyslakka kest\u00e4vyyden lis\u00e4\u00e4miseksi Valmis! Tuotetiedot Arkin koko: 7 \u00d7 10 cm V\u00e4rit: Vihre\u00e4, punainen, valkoinen ja sininen Kuvio: Joulukuusi, misteli Kuvion koko: noin 5\u201315 mm PS: Osta 6 arkkia ja maksa 5:st\u00e4 alennuskoodilla INKNAILS \ud83c\udf85\ud83d\udc85","og_url":"https:\/\/likeink.com\/fi\/siirtotatuoinnit\/joulukuusi-ja-misteli-kynsitarrat\/","og_site_name":"Like ink","article_publisher":"https:\/\/www.facebook.com\/LikeInkSe","article_modified_time":"2026-02-25T09:44:05+00:00","og_image":[{"width":1024,"height":1024,"url":"https:\/\/likeink.com\/wp-content\/uploads\/2026\/02\/Nail-stickers-christmas-likeink.png","type":"image\/png"}],"twitter_card":"summary_large_image","schema":{"@context":"https:\/\/schema.org","@graph":[{"@type":"WebPage","@id":"https:\/\/likeink.com\/fi\/siirtotatuoinnit\/joulukuusi-ja-misteli-kynsitarrat\/","url":"https:\/\/likeink.com\/fi\/siirtotatuoinnit\/joulukuusi-ja-misteli-kynsitarrat\/","name":"Joulu-Nail stickers -puu ja misteli | Like Ink","isPartOf":{"@id":"https:\/\/likeink.com\/fi\/#website"},"primaryImageOfPage":{"@id":"https:\/\/likeink.com\/fi\/siirtotatuoinnit\/joulukuusi-ja-misteli-kynsitarrat\/#primaryimage"},"image":{"@id":"https:\/\/likeink.com\/fi\/siirtotatuoinnit\/joulukuusi-ja-misteli-kynsitarrat\/#primaryimage"},"thumbnailUrl":"https:\/\/likeink.com\/wp-content\/uploads\/2026\/02\/Nail-stickers-christmas-likeink.png","datePublished":"2026-02-09T12:43:50+00:00","dateModified":"2026-02-25T09:44:05+00:00","description":"Like Ink in juhlava joulu-Nail stickers, jossa on punaisia, vihreit\u00e4, valkoisia ja sinisi\u00e4 puita ja misteli\u00e4. Helppo levitt\u00e4\u00e4 ja kausiluonteinen. - Like ink","breadcrumb":{"@id":"https:\/\/likeink.com\/fi\/siirtotatuoinnit\/joulukuusi-ja-misteli-kynsitarrat\/#breadcrumb"},"inLanguage":"fi","potentialAction":[{"@type":"ReadAction","target":["https:\/\/likeink.com\/fi\/siirtotatuoinnit\/joulukuusi-ja-misteli-kynsitarrat\/"]}]},{"@type":"ImageObject","inLanguage":"fi","@id":"https:\/\/likeink.com\/fi\/siirtotatuoinnit\/joulukuusi-ja-misteli-kynsitarrat\/#primaryimage","url":"https:\/\/likeink.com\/wp-content\/uploads\/2026\/02\/Nail-stickers-christmas-likeink.png","contentUrl":"https:\/\/likeink.com\/wp-content\/uploads\/2026\/02\/Nail-stickers-christmas-likeink.png","width":1024,"height":1024,"caption":"K\u00e4si, jossa on juhlava jouluinen kynsitaide, jossa on seppeleit\u00e4, joulukuusia, lumihiutaleita ja \"Xmas\"-teksti alastomalla pohjalla, jota pidet\u00e4\u00e4n sumeaa loma-aiheista taustaa vasten, jossa on valoja ja koristeita."},{"@type":"BreadcrumbList","@id":"https:\/\/likeink.com\/fi\/siirtotatuoinnit\/joulukuusi-ja-misteli-kynsitarrat\/#breadcrumb","itemListElement":[{"@type":"ListItem","position":1,"name":"Hem","item":"https:\/\/likeink.com\/fi\/"},{"@type":"ListItem","position":2,"name":"Shop","item":"https:\/\/likeink.com\/fi\/shop\/"},{"@type":"ListItem","position":3,"name":"Joulukuusi ja misteli Nail stickers"}]},{"@type":"WebSite","@id":"https:\/\/likeink.com\/fi\/#website","url":"https:\/\/likeink.com\/fi\/","name":"Like ink","description":"Make your own custom design","potentialAction":[{"@type":"SearchAction","target":{"@type":"EntryPoint","urlTemplate":"https:\/\/likeink.com\/fi\/?s={search_term_string}"},"query-input":{"@type":"PropertyValueSpecification","valueRequired":true,"valueName":"search_term_string"}}],"inLanguage":"fi"}]}},"_links":{"self":[{"href":"https:\/\/likeink.com\/fi\/wp-json\/wp\/v2\/product\/58655","targetHints":{"allow":["GET"]}}],"collection":[{"href":"https:\/\/likeink.com\/fi\/wp-json\/wp\/v2\/product"}],"about":[{"href":"https:\/\/likeink.com\/fi\/wp-json\/wp\/v2\/types\/product"}],"wp:featuredmedia":[{"embeddable":true,"href":"https:\/\/likeink.com\/fi\/wp-json\/wp\/v2\/media\/59282"}],"wp:attachment":[{"href":"https:\/\/likeink.com\/fi\/wp-json\/wp\/v2\/media?parent=58655"}],"wp:term":[{"taxonomy":"product_brand","embeddable":true,"href":"https:\/\/likeink.com\/fi\/wp-json\/wp\/v2\/product_brand?post=58655"},{"taxonomy":"product_cat","embeddable":true,"href":"https:\/\/likeink.com\/fi\/wp-json\/wp\/v2\/product_cat?post=58655"},{"taxonomy":"product_tag","embeddable":true,"href":"https:\/\/likeink.com\/fi\/wp-json\/wp\/v2\/product_tag?post=58655"}],"curies":[{"name":"wp","href":"https:\/\/api.w.org\/{rel}","templated":true}]}}