{"id":58656,"date":"2026-01-27T13:16:58","date_gmt":"2026-02-09T12:43:51","guid":{"rendered":"https:\/\/likeink.com\/gnuggisar\/valkoiset-ja-pehmean-keltaiset-kukka-kynsitarrat\/"},"modified":"2026-02-25T09:44:06","modified_gmt":"2026-02-25T09:44:06","slug":"valkoiset-ja-pehmean-keltaiset-kukka-kynsitarrat","status":"publish","type":"product","link":"https:\/\/likeink.com\/fi\/siirtotatuoinnit\/valkoiset-ja-pehmean-keltaiset-kukka-kynsitarrat\/","title":{"rendered":"Valkoinen ja pehme\u00e4n keltainen kukka Nail stickers"},"content":{"rendered":"","protected":false},"excerpt":{"rendered":"<p>Like Ink<br \/>\nNail tattoos<br \/>\n\u2013 Kukka ja oksa Nail stickers<\/p>\n<h2>Tilaa Nail stickers, jossa on herk\u00e4t kukat ja vihre\u00e4t oksat!<\/h2>\n<p>Lis\u00e4\u00e4 manikyyriisi raikas ja elegantti kosketus Like Ink<br \/>\nWhite &#038; Soft Yellow Flower Nail stickers<br \/>\n. T\u00e4ss\u00e4 arkissa on herk\u00e4t valkoiset ja vaaleankeltaiset kukat yhdistettyn\u00e4 hienoihin vihreisiin oksiin, jotka korostavat ja t\u00e4ydent\u00e4v\u00e4t vaivattomasti mit\u00e4 tahansa kynsityyli\u00e4.<\/p>\n<p>Motivien koot vaihtelevat noin 5\u201310 mm:n v\u00e4lill\u00e4, joten n\u00e4m\u00e4 Nail stickers<br \/>\nsopivat t\u00e4ydellisesti hienovaraisiin korostuksiin, minimalistisiin Nail art<br \/>\ntai hienostuneisiin kokonaisvaltaisiin kuoseihin. Pehme\u00e4t kukkav\u00e4rit ja kasvitieteelliset yksityiskohdat tekev\u00e4t niist\u00e4 helppoja yhdist\u00e4\u00e4 sek\u00e4 luonnollisiin kynsiin ett\u00e4 v\u00e4rillisiin pohjiin.<\/p>\n<p>Ihanteelliset jokap\u00e4iv\u00e4iseen k\u00e4ytt\u00f6\u00f6n, h\u00e4ihin, kev\u00e4isiin asuihin tai kaikille, jotka rakastavat ajattomia, luonnosta inspiraationsa saaneita Nail art<br \/>\n. Helppoja kiinnitt\u00e4\u00e4 ja mukavia k\u00e4ytt\u00e4\u00e4, n\u00e4m\u00e4 Nail stickers<br \/>\npysyv\u00e4t paikoillaan useita p\u00e4ivi\u00e4 ilman tahraantumista tai kuoriutumista.<\/p>\n<p>Ei sotkua, ei kuivumisaikaa eik\u00e4 salonkik\u00e4ynti\u00e4 \u2013 vain kauniisti tasapainotettu Nail art<br \/>\nmuutamassa minuutissa.<\/p>\n<p><strong>Kuinka kiinnitt\u00e4\u00e4 Nail stickers <\/strong><br \/>\nPuhdista ja kuivaa kynsi.<\/p>\n<p>Valitse tarra arkista ja nosta se varovasti pinseteill\u00e4.<\/p>\n<p>Aseta kuvio kynsille ja paina kevyesti.<\/p>\n<p>Levit\u00e4 p\u00e4\u00e4llyslakka kest\u00e4vyyden lis\u00e4\u00e4miseksi.<\/p>\n<p>Valmis!<\/p>\n<p><strong>Tuotetiedot<\/strong><\/p>\n<p><strong>Arkin koko:<\/strong><br \/>\n7 \u00d7 10 <strong>cm<br \/>\nV\u00e4rit:<\/strong><br \/>\nValkoinen, vaaleankeltainen ja <strong>vihre\u00e4<br \/>\nMotiivit:<\/strong><br \/>\nKukat, <strong>oksat<br \/>\nMotiivin koko:<\/strong><br \/>\nnoin 5\u201310 mm<\/p>\n<p><strong>PS:<\/strong><br \/>\nOsta 6 arkkia ja maksa 5:st\u00e4 alennuskoodilla<strong> INKNAILS <\/strong><br \/>\n\ud83c\udf3f\u2728<\/p>\n","protected":false},"featured_media":59519,"template":"","meta":[],"product_brand":[],"product_cat":[468],"product_tag":[],"class_list":{"0":"post-58656","1":"product","2":"type-product","3":"status-publish","4":"has-post-thumbnail","6":"product_cat-nailstickers-fi","8":"first","9":"instock","10":"taxable","11":"shipping-taxable","12":"purchasable","13":"product-type-simple"},"yoast_head":"<!-- This site is optimized with the Yoast SEO Premium plugin v26.2 (Yoast SEO v27.4) - https:\/\/yoast.com\/product\/yoast-seo-premium-wordpress\/ -->\n<title>Valkoinen ja keltainen kukka Nail stickers | Like Ink<\/title>\n<meta name=\"description\" content=\"Like Ink in tyylik\u00e4s Nail stickers, jossa on valkoisia ja vaaleankeltaisia kukkia sek\u00e4 vihreit\u00e4 oksia. Hienostuneet kuosit, jotka korostavat mit\u00e4 tahansa tyyli\u00e4. - Like ink\" \/>\n<meta name=\"robots\" content=\"index, follow, max-snippet:-1, max-image-preview:large, max-video-preview:-1\" \/>\n<link rel=\"canonical\" href=\"https:\/\/likeink.com\/fi\/siirtotatuoinnit\/valkoiset-ja-pehmean-keltaiset-kukka-kynsitarrat\/\" \/>\n<meta property=\"og:locale\" content=\"fi_FI\" \/>\n<meta property=\"og:type\" content=\"article\" \/>\n<meta property=\"og:title\" content=\"Valkoinen ja pehme\u00e4n keltainen kukka Nail stickers\" \/>\n<meta property=\"og:description\" content=\"Like Ink Nail tattoos \u2013 Kukka ja oksa Nail stickers Tilaa Nail stickers, jossa on herk\u00e4t kukat ja vihre\u00e4t oksat! Lis\u00e4\u00e4 manikyyriisi raikas ja elegantti kosketus Like Ink White &amp; Soft Yellow Flower Nail stickers . T\u00e4ss\u00e4 arkissa on herk\u00e4t valkoiset ja vaaleankeltaiset kukat yhdistettyn\u00e4 hienoihin vihreisiin oksiin, jotka korostavat ja t\u00e4ydent\u00e4v\u00e4t vaivattomasti mit\u00e4 tahansa kynsityyli\u00e4. Motivien koot vaihtelevat noin 5\u201310 mm:n v\u00e4lill\u00e4, joten n\u00e4m\u00e4 Nail stickers sopivat t\u00e4ydellisesti hienovaraisiin korostuksiin, minimalistisiin Nail art tai hienostuneisiin kokonaisvaltaisiin kuoseihin. Pehme\u00e4t kukkav\u00e4rit ja kasvitieteelliset yksityiskohdat tekev\u00e4t niist\u00e4 helppoja yhdist\u00e4\u00e4 sek\u00e4 luonnollisiin kynsiin ett\u00e4 v\u00e4rillisiin pohjiin. Ihanteelliset jokap\u00e4iv\u00e4iseen k\u00e4ytt\u00f6\u00f6n, h\u00e4ihin, kev\u00e4isiin asuihin tai kaikille, jotka rakastavat ajattomia, luonnosta inspiraationsa saaneita Nail art . Helppoja kiinnitt\u00e4\u00e4 ja mukavia k\u00e4ytt\u00e4\u00e4, n\u00e4m\u00e4 Nail stickers pysyv\u00e4t paikoillaan useita p\u00e4ivi\u00e4 ilman tahraantumista tai kuoriutumista. Ei sotkua, ei kuivumisaikaa eik\u00e4 salonkik\u00e4ynti\u00e4 \u2013 vain kauniisti tasapainotettu Nail art muutamassa minuutissa. Kuinka kiinnitt\u00e4\u00e4 Nail stickers Puhdista ja kuivaa kynsi. Valitse tarra arkista ja nosta se varovasti pinseteill\u00e4. Aseta kuvio kynsille ja paina kevyesti. Levit\u00e4 p\u00e4\u00e4llyslakka kest\u00e4vyyden lis\u00e4\u00e4miseksi. Valmis! Tuotetiedot Arkin koko: 7 \u00d7 10 cm V\u00e4rit: Valkoinen, vaaleankeltainen ja vihre\u00e4 Motiivit: Kukat, oksat Motiivin koko: noin 5\u201310 mm PS: Osta 6 arkkia ja maksa 5:st\u00e4 alennuskoodilla INKNAILS \ud83c\udf3f\u2728\" \/>\n<meta property=\"og:url\" content=\"https:\/\/likeink.com\/fi\/siirtotatuoinnit\/valkoiset-ja-pehmean-keltaiset-kukka-kynsitarrat\/\" \/>\n<meta property=\"og:site_name\" content=\"Like ink\" \/>\n<meta property=\"article:publisher\" content=\"https:\/\/www.facebook.com\/LikeInkSe\" \/>\n<meta property=\"article:modified_time\" content=\"2026-02-25T09:44:06+00:00\" \/>\n<meta property=\"og:image\" content=\"https:\/\/likeink.com\/wp-content\/uploads\/2026\/02\/Nail-art-stickers-branch-flower-likeink.png\" \/>\n\t<meta property=\"og:image:width\" content=\"1024\" \/>\n\t<meta property=\"og:image:height\" content=\"1024\" \/>\n\t<meta property=\"og:image:type\" content=\"image\/png\" \/>\n<meta name=\"twitter:card\" content=\"summary_large_image\" \/>\n<script type=\"application\/ld+json\" class=\"yoast-schema-graph\">{\"@context\":\"https:\\\/\\\/schema.org\",\"@graph\":[{\"@type\":\"WebPage\",\"@id\":\"https:\\\/\\\/likeink.com\\\/fi\\\/siirtotatuoinnit\\\/valkoiset-ja-pehmean-keltaiset-kukka-kynsitarrat\\\/\",\"url\":\"https:\\\/\\\/likeink.com\\\/fi\\\/siirtotatuoinnit\\\/valkoiset-ja-pehmean-keltaiset-kukka-kynsitarrat\\\/\",\"name\":\"Valkoinen ja keltainen kukka Nail stickers | Like Ink\",\"isPartOf\":{\"@id\":\"https:\\\/\\\/likeink.com\\\/fi\\\/#website\"},\"primaryImageOfPage\":{\"@id\":\"https:\\\/\\\/likeink.com\\\/fi\\\/siirtotatuoinnit\\\/valkoiset-ja-pehmean-keltaiset-kukka-kynsitarrat\\\/#primaryimage\"},\"image\":{\"@id\":\"https:\\\/\\\/likeink.com\\\/fi\\\/siirtotatuoinnit\\\/valkoiset-ja-pehmean-keltaiset-kukka-kynsitarrat\\\/#primaryimage\"},\"thumbnailUrl\":\"https:\\\/\\\/likeink.com\\\/wp-content\\\/uploads\\\/2026\\\/02\\\/Nail-art-stickers-branch-flower-likeink.png\",\"datePublished\":\"2026-02-09T12:43:51+00:00\",\"dateModified\":\"2026-02-25T09:44:06+00:00\",\"description\":\"Like Ink in tyylik\u00e4s Nail stickers, jossa on valkoisia ja vaaleankeltaisia kukkia sek\u00e4 vihreit\u00e4 oksia. Hienostuneet kuosit, jotka korostavat mit\u00e4 tahansa tyyli\u00e4. - Like ink\",\"breadcrumb\":{\"@id\":\"https:\\\/\\\/likeink.com\\\/fi\\\/siirtotatuoinnit\\\/valkoiset-ja-pehmean-keltaiset-kukka-kynsitarrat\\\/#breadcrumb\"},\"inLanguage\":\"fi\",\"potentialAction\":[{\"@type\":\"ReadAction\",\"target\":[\"https:\\\/\\\/likeink.com\\\/fi\\\/siirtotatuoinnit\\\/valkoiset-ja-pehmean-keltaiset-kukka-kynsitarrat\\\/\"]}]},{\"@type\":\"ImageObject\",\"inLanguage\":\"fi\",\"@id\":\"https:\\\/\\\/likeink.com\\\/fi\\\/siirtotatuoinnit\\\/valkoiset-ja-pehmean-keltaiset-kukka-kynsitarrat\\\/#primaryimage\",\"url\":\"https:\\\/\\\/likeink.com\\\/wp-content\\\/uploads\\\/2026\\\/02\\\/Nail-art-stickers-branch-flower-likeink.png\",\"contentUrl\":\"https:\\\/\\\/likeink.com\\\/wp-content\\\/uploads\\\/2026\\\/02\\\/Nail-art-stickers-branch-flower-likeink.png\",\"width\":1024,\"height\":1024,\"caption\":\"K\u00e4si, jonka kynnet on maalattu vaaleansiniseksi ja jossa on hienovaraisia pystyraitoja; yhdess\u00e4 kynsiss\u00e4 on pieni ruskea oksakuvio ja toisessa pieni valkoinen kukkakoriste.\"},{\"@type\":\"BreadcrumbList\",\"@id\":\"https:\\\/\\\/likeink.com\\\/fi\\\/siirtotatuoinnit\\\/valkoiset-ja-pehmean-keltaiset-kukka-kynsitarrat\\\/#breadcrumb\",\"itemListElement\":[{\"@type\":\"ListItem\",\"position\":1,\"name\":\"Hem\",\"item\":\"https:\\\/\\\/likeink.com\\\/fi\\\/\"},{\"@type\":\"ListItem\",\"position\":2,\"name\":\"Shop\",\"item\":\"https:\\\/\\\/likeink.com\\\/fi\\\/shop\\\/\"},{\"@type\":\"ListItem\",\"position\":3,\"name\":\"Valkoinen ja pehme\u00e4n keltainen kukka Nail stickers\"}]},{\"@type\":\"WebSite\",\"@id\":\"https:\\\/\\\/likeink.com\\\/fi\\\/#website\",\"url\":\"https:\\\/\\\/likeink.com\\\/fi\\\/\",\"name\":\"Like ink\",\"description\":\"Make your own custom design\",\"potentialAction\":[{\"@type\":\"SearchAction\",\"target\":{\"@type\":\"EntryPoint\",\"urlTemplate\":\"https:\\\/\\\/likeink.com\\\/fi\\\/?s={search_term_string}\"},\"query-input\":{\"@type\":\"PropertyValueSpecification\",\"valueRequired\":true,\"valueName\":\"search_term_string\"}}],\"inLanguage\":\"fi\"}]}<\/script>\n<!-- \/ Yoast SEO Premium plugin. -->","yoast_head_json":{"title":"Valkoinen ja keltainen kukka Nail stickers | Like Ink","description":"Like Ink in tyylik\u00e4s Nail stickers, jossa on valkoisia ja vaaleankeltaisia kukkia sek\u00e4 vihreit\u00e4 oksia. Hienostuneet kuosit, jotka korostavat mit\u00e4 tahansa tyyli\u00e4. - Like ink","robots":{"index":"index","follow":"follow","max-snippet":"max-snippet:-1","max-image-preview":"max-image-preview:large","max-video-preview":"max-video-preview:-1"},"canonical":"https:\/\/likeink.com\/fi\/siirtotatuoinnit\/valkoiset-ja-pehmean-keltaiset-kukka-kynsitarrat\/","og_locale":"fi_FI","og_type":"article","og_title":"Valkoinen ja pehme\u00e4n keltainen kukka Nail stickers","og_description":"Like Ink Nail tattoos \u2013 Kukka ja oksa Nail stickers Tilaa Nail stickers, jossa on herk\u00e4t kukat ja vihre\u00e4t oksat! Lis\u00e4\u00e4 manikyyriisi raikas ja elegantti kosketus Like Ink White & Soft Yellow Flower Nail stickers . T\u00e4ss\u00e4 arkissa on herk\u00e4t valkoiset ja vaaleankeltaiset kukat yhdistettyn\u00e4 hienoihin vihreisiin oksiin, jotka korostavat ja t\u00e4ydent\u00e4v\u00e4t vaivattomasti mit\u00e4 tahansa kynsityyli\u00e4. Motivien koot vaihtelevat noin 5\u201310 mm:n v\u00e4lill\u00e4, joten n\u00e4m\u00e4 Nail stickers sopivat t\u00e4ydellisesti hienovaraisiin korostuksiin, minimalistisiin Nail art tai hienostuneisiin kokonaisvaltaisiin kuoseihin. Pehme\u00e4t kukkav\u00e4rit ja kasvitieteelliset yksityiskohdat tekev\u00e4t niist\u00e4 helppoja yhdist\u00e4\u00e4 sek\u00e4 luonnollisiin kynsiin ett\u00e4 v\u00e4rillisiin pohjiin. Ihanteelliset jokap\u00e4iv\u00e4iseen k\u00e4ytt\u00f6\u00f6n, h\u00e4ihin, kev\u00e4isiin asuihin tai kaikille, jotka rakastavat ajattomia, luonnosta inspiraationsa saaneita Nail art . Helppoja kiinnitt\u00e4\u00e4 ja mukavia k\u00e4ytt\u00e4\u00e4, n\u00e4m\u00e4 Nail stickers pysyv\u00e4t paikoillaan useita p\u00e4ivi\u00e4 ilman tahraantumista tai kuoriutumista. Ei sotkua, ei kuivumisaikaa eik\u00e4 salonkik\u00e4ynti\u00e4 \u2013 vain kauniisti tasapainotettu Nail art muutamassa minuutissa. Kuinka kiinnitt\u00e4\u00e4 Nail stickers Puhdista ja kuivaa kynsi. Valitse tarra arkista ja nosta se varovasti pinseteill\u00e4. Aseta kuvio kynsille ja paina kevyesti. Levit\u00e4 p\u00e4\u00e4llyslakka kest\u00e4vyyden lis\u00e4\u00e4miseksi. Valmis! Tuotetiedot Arkin koko: 7 \u00d7 10 cm V\u00e4rit: Valkoinen, vaaleankeltainen ja vihre\u00e4 Motiivit: Kukat, oksat Motiivin koko: noin 5\u201310 mm PS: Osta 6 arkkia ja maksa 5:st\u00e4 alennuskoodilla INKNAILS \ud83c\udf3f\u2728","og_url":"https:\/\/likeink.com\/fi\/siirtotatuoinnit\/valkoiset-ja-pehmean-keltaiset-kukka-kynsitarrat\/","og_site_name":"Like ink","article_publisher":"https:\/\/www.facebook.com\/LikeInkSe","article_modified_time":"2026-02-25T09:44:06+00:00","og_image":[{"width":1024,"height":1024,"url":"https:\/\/likeink.com\/wp-content\/uploads\/2026\/02\/Nail-art-stickers-branch-flower-likeink.png","type":"image\/png"}],"twitter_card":"summary_large_image","schema":{"@context":"https:\/\/schema.org","@graph":[{"@type":"WebPage","@id":"https:\/\/likeink.com\/fi\/siirtotatuoinnit\/valkoiset-ja-pehmean-keltaiset-kukka-kynsitarrat\/","url":"https:\/\/likeink.com\/fi\/siirtotatuoinnit\/valkoiset-ja-pehmean-keltaiset-kukka-kynsitarrat\/","name":"Valkoinen ja keltainen kukka Nail stickers | Like Ink","isPartOf":{"@id":"https:\/\/likeink.com\/fi\/#website"},"primaryImageOfPage":{"@id":"https:\/\/likeink.com\/fi\/siirtotatuoinnit\/valkoiset-ja-pehmean-keltaiset-kukka-kynsitarrat\/#primaryimage"},"image":{"@id":"https:\/\/likeink.com\/fi\/siirtotatuoinnit\/valkoiset-ja-pehmean-keltaiset-kukka-kynsitarrat\/#primaryimage"},"thumbnailUrl":"https:\/\/likeink.com\/wp-content\/uploads\/2026\/02\/Nail-art-stickers-branch-flower-likeink.png","datePublished":"2026-02-09T12:43:51+00:00","dateModified":"2026-02-25T09:44:06+00:00","description":"Like Ink in tyylik\u00e4s Nail stickers, jossa on valkoisia ja vaaleankeltaisia kukkia sek\u00e4 vihreit\u00e4 oksia. Hienostuneet kuosit, jotka korostavat mit\u00e4 tahansa tyyli\u00e4. - Like ink","breadcrumb":{"@id":"https:\/\/likeink.com\/fi\/siirtotatuoinnit\/valkoiset-ja-pehmean-keltaiset-kukka-kynsitarrat\/#breadcrumb"},"inLanguage":"fi","potentialAction":[{"@type":"ReadAction","target":["https:\/\/likeink.com\/fi\/siirtotatuoinnit\/valkoiset-ja-pehmean-keltaiset-kukka-kynsitarrat\/"]}]},{"@type":"ImageObject","inLanguage":"fi","@id":"https:\/\/likeink.com\/fi\/siirtotatuoinnit\/valkoiset-ja-pehmean-keltaiset-kukka-kynsitarrat\/#primaryimage","url":"https:\/\/likeink.com\/wp-content\/uploads\/2026\/02\/Nail-art-stickers-branch-flower-likeink.png","contentUrl":"https:\/\/likeink.com\/wp-content\/uploads\/2026\/02\/Nail-art-stickers-branch-flower-likeink.png","width":1024,"height":1024,"caption":"K\u00e4si, jonka kynnet on maalattu vaaleansiniseksi ja jossa on hienovaraisia pystyraitoja; yhdess\u00e4 kynsiss\u00e4 on pieni ruskea oksakuvio ja toisessa pieni valkoinen kukkakoriste."},{"@type":"BreadcrumbList","@id":"https:\/\/likeink.com\/fi\/siirtotatuoinnit\/valkoiset-ja-pehmean-keltaiset-kukka-kynsitarrat\/#breadcrumb","itemListElement":[{"@type":"ListItem","position":1,"name":"Hem","item":"https:\/\/likeink.com\/fi\/"},{"@type":"ListItem","position":2,"name":"Shop","item":"https:\/\/likeink.com\/fi\/shop\/"},{"@type":"ListItem","position":3,"name":"Valkoinen ja pehme\u00e4n keltainen kukka Nail stickers"}]},{"@type":"WebSite","@id":"https:\/\/likeink.com\/fi\/#website","url":"https:\/\/likeink.com\/fi\/","name":"Like ink","description":"Make your own custom design","potentialAction":[{"@type":"SearchAction","target":{"@type":"EntryPoint","urlTemplate":"https:\/\/likeink.com\/fi\/?s={search_term_string}"},"query-input":{"@type":"PropertyValueSpecification","valueRequired":true,"valueName":"search_term_string"}}],"inLanguage":"fi"}]}},"_links":{"self":[{"href":"https:\/\/likeink.com\/fi\/wp-json\/wp\/v2\/product\/58656","targetHints":{"allow":["GET"]}}],"collection":[{"href":"https:\/\/likeink.com\/fi\/wp-json\/wp\/v2\/product"}],"about":[{"href":"https:\/\/likeink.com\/fi\/wp-json\/wp\/v2\/types\/product"}],"wp:featuredmedia":[{"embeddable":true,"href":"https:\/\/likeink.com\/fi\/wp-json\/wp\/v2\/media\/59519"}],"wp:attachment":[{"href":"https:\/\/likeink.com\/fi\/wp-json\/wp\/v2\/media?parent=58656"}],"wp:term":[{"taxonomy":"product_brand","embeddable":true,"href":"https:\/\/likeink.com\/fi\/wp-json\/wp\/v2\/product_brand?post=58656"},{"taxonomy":"product_cat","embeddable":true,"href":"https:\/\/likeink.com\/fi\/wp-json\/wp\/v2\/product_cat?post=58656"},{"taxonomy":"product_tag","embeddable":true,"href":"https:\/\/likeink.com\/fi\/wp-json\/wp\/v2\/product_tag?post=58656"}],"curies":[{"name":"wp","href":"https:\/\/api.w.org\/{rel}","templated":true}]}}