{"id":58660,"date":"2026-01-27T12:52:04","date_gmt":"2026-02-09T12:43:55","guid":{"rendered":"https:\/\/likeink.com\/gnuggisar\/mustat-mini-tahtikynsitarrat\/"},"modified":"2026-02-25T09:44:09","modified_gmt":"2026-02-25T09:44:09","slug":"mustat-mini-tahtikynsitarrat","status":"publish","type":"product","link":"https:\/\/likeink.com\/fi\/siirtotatuoinnit\/mustat-mini-tahtikynsitarrat\/","title":{"rendered":"Musta Mini Star -Nail stickers"},"content":{"rendered":"","protected":false},"excerpt":{"rendered":"<p>Like Ink<br \/>\nNail tattoos<br \/>\n\u2013 Musta Mini Star Nail stickers<\/p>\n<h2>Tilaa Nail stickers pienill\u00e4 mustilla t\u00e4htikuvioilla!<\/h2>\n<p>Luo siisti, graafinen manikyyri Like Ink<br \/>\nBlack Mini Star Nail stickers<br \/>\n-tuotteella. T\u00e4ss\u00e4 arkissa on pieni\u00e4 mustia t\u00e4hti\u00e4, jotka ovat joko t\u00e4ytettyj\u00e4 tai vain \u00e4\u00e4riviivoja, mik\u00e4 tarjoaa vaihtelua s\u00e4ilytt\u00e4en minimalistisen ilmeen.<\/p>\n<p>Kuvioiden koot vaihtelevat noin 3\u20136 mm:n v\u00e4lill\u00e4, joten n\u00e4m\u00e4 Nail stickers<br \/>\nsopivat t\u00e4ydellisesti hienovaraisiin korostuksiin, kerroksellisiin yksityiskohtiin tai t\u00e4yteen t\u00e4htikuviointiin. Erilaiset t\u00e4htien muodot ja viivatyylit helpottavat niiden yhdistelemist\u00e4 ja sopivat moderniin, hillittyyn lopputulokseen.<\/p>\n<p>Ihanteellinen jokap\u00e4iv\u00e4iseen k\u00e4ytt\u00f6\u00f6n, minimalistiseen Nail art<br \/>\ntai edgyyn, graafiseen tyyliin. Helppo levitt\u00e4\u00e4 ja mukava k\u00e4ytt\u00e4\u00e4, n\u00e4m\u00e4 Nail stickers<br \/>\npysyv\u00e4t paikoillaan useita p\u00e4ivi\u00e4 ilman tahraantumista tai kuoriutumista.<\/p>\n<p>Ei sotkua, ei kuivumisaikaa eik\u00e4 salonkik\u00e4yntej\u00e4 \u2013 vain yksinkertaiset, tyylikk\u00e4\u00e4t Nail art<br \/>\nmuutamassa minuutissa.<\/p>\n<p><strong>Kuinka kiinnitt\u00e4\u00e4 Nail stickers <\/strong><br \/>\nPuhdista ja kuivaa kynsi.<\/p>\n<p>Valitse tarra arkista ja nosta se varovasti pinseteill\u00e4.<\/p>\n<p>Aseta kuvio kynsille ja paina kevyesti.<\/p>\n<p>Levit\u00e4 p\u00e4\u00e4llyslakka kest\u00e4vyyden lis\u00e4\u00e4miseksi.<\/p>\n<p>Valmis!<\/p>\n<p><strong>Tuotetiedot<\/strong><\/p>\n<p><strong>Arkin koko:<\/strong><br \/>\n7 \u00d7 10 cm<br \/>\n<strong>V\u00e4ri:<\/strong><br \/>\n<strong>Musta<br \/>\nMotiivit:<\/strong><br \/>\nT\u00e4hdet (t\u00e4ytetyt ja \u00e4\u00e4riviivat)<br \/>\n<strong>Kuvion koko:<\/strong><br \/>\nnoin 3\u20136 mm<\/p>\n<p><strong>PS:<\/strong><br \/>\nOsta 6 arkkia ja maksa vain 5:st\u00e4 alennuskoodilla<strong> INKNAILS <\/strong><br \/>\n\u2b50\u2728<\/p>\n","protected":false},"featured_media":59182,"template":"","meta":[],"product_brand":[],"product_cat":[468],"product_tag":[],"class_list":{"0":"post-58660","1":"product","2":"type-product","3":"status-publish","4":"has-post-thumbnail","6":"product_cat-nailstickers-fi","8":"first","9":"instock","10":"taxable","11":"shipping-taxable","12":"purchasable","13":"product-type-simple"},"yoast_head":"<!-- This site is optimized with the Yoast SEO Premium plugin v26.2 (Yoast SEO v27.4) - https:\/\/yoast.com\/product\/yoast-seo-premium-wordpress\/ -->\n<title>Musta Mini Star Nail stickers | Like Ink<\/title>\n<meta name=\"description\" content=\"Pieni musta t\u00e4hti Nail stickers sivustolta Like Ink t\u00e4ytettyin\u00e4 ja \u00e4\u00e4riviivoina. Minimalistinen, monipuolinen ja helppo kiinnitt\u00e4\u00e4. - Like ink\" \/>\n<meta name=\"robots\" content=\"index, follow, max-snippet:-1, max-image-preview:large, max-video-preview:-1\" \/>\n<link rel=\"canonical\" href=\"https:\/\/likeink.com\/fi\/siirtotatuoinnit\/mustat-mini-tahtikynsitarrat\/\" \/>\n<meta property=\"og:locale\" content=\"fi_FI\" \/>\n<meta property=\"og:type\" content=\"article\" \/>\n<meta property=\"og:title\" content=\"Musta Mini Star -Nail stickers\" \/>\n<meta property=\"og:description\" content=\"Like Ink Nail tattoos \u2013 Musta Mini Star Nail stickers Tilaa Nail stickers pienill\u00e4 mustilla t\u00e4htikuvioilla! Luo siisti, graafinen manikyyri Like Ink Black Mini Star Nail stickers -tuotteella. T\u00e4ss\u00e4 arkissa on pieni\u00e4 mustia t\u00e4hti\u00e4, jotka ovat joko t\u00e4ytettyj\u00e4 tai vain \u00e4\u00e4riviivoja, mik\u00e4 tarjoaa vaihtelua s\u00e4ilytt\u00e4en minimalistisen ilmeen. Kuvioiden koot vaihtelevat noin 3\u20136 mm:n v\u00e4lill\u00e4, joten n\u00e4m\u00e4 Nail stickers sopivat t\u00e4ydellisesti hienovaraisiin korostuksiin, kerroksellisiin yksityiskohtiin tai t\u00e4yteen t\u00e4htikuviointiin. Erilaiset t\u00e4htien muodot ja viivatyylit helpottavat niiden yhdistelemist\u00e4 ja sopivat moderniin, hillittyyn lopputulokseen. Ihanteellinen jokap\u00e4iv\u00e4iseen k\u00e4ytt\u00f6\u00f6n, minimalistiseen Nail art tai edgyyn, graafiseen tyyliin. Helppo levitt\u00e4\u00e4 ja mukava k\u00e4ytt\u00e4\u00e4, n\u00e4m\u00e4 Nail stickers pysyv\u00e4t paikoillaan useita p\u00e4ivi\u00e4 ilman tahraantumista tai kuoriutumista. Ei sotkua, ei kuivumisaikaa eik\u00e4 salonkik\u00e4yntej\u00e4 \u2013 vain yksinkertaiset, tyylikk\u00e4\u00e4t Nail art muutamassa minuutissa. Kuinka kiinnitt\u00e4\u00e4 Nail stickers Puhdista ja kuivaa kynsi. Valitse tarra arkista ja nosta se varovasti pinseteill\u00e4. Aseta kuvio kynsille ja paina kevyesti. Levit\u00e4 p\u00e4\u00e4llyslakka kest\u00e4vyyden lis\u00e4\u00e4miseksi. Valmis! Tuotetiedot  Arkin koko: 7 \u00d7 10 cm V\u00e4ri: Musta Motiivit: T\u00e4hdet (t\u00e4ytetyt ja \u00e4\u00e4riviivat) Kuvion koko: noin 3\u20136 mm PS: Osta 6 arkkia ja maksa vain 5:st\u00e4 alennuskoodilla INKNAILS \u2b50\u2728\" \/>\n<meta property=\"og:url\" content=\"https:\/\/likeink.com\/fi\/siirtotatuoinnit\/mustat-mini-tahtikynsitarrat\/\" \/>\n<meta property=\"og:site_name\" content=\"Like ink\" \/>\n<meta property=\"article:publisher\" content=\"https:\/\/www.facebook.com\/LikeInkSe\" \/>\n<meta property=\"article:modified_time\" content=\"2026-02-25T09:44:09+00:00\" \/>\n<meta property=\"og:image\" content=\"https:\/\/likeink.com\/wp-content\/uploads\/2026\/02\/nail-sticker-black-stars-likeink.png\" \/>\n\t<meta property=\"og:image:width\" content=\"1024\" \/>\n\t<meta property=\"og:image:height\" content=\"1024\" \/>\n\t<meta property=\"og:image:type\" content=\"image\/png\" \/>\n<meta name=\"twitter:card\" content=\"summary_large_image\" \/>\n<script type=\"application\/ld+json\" class=\"yoast-schema-graph\">{\"@context\":\"https:\\\/\\\/schema.org\",\"@graph\":[{\"@type\":\"WebPage\",\"@id\":\"https:\\\/\\\/likeink.com\\\/fi\\\/siirtotatuoinnit\\\/mustat-mini-tahtikynsitarrat\\\/\",\"url\":\"https:\\\/\\\/likeink.com\\\/fi\\\/siirtotatuoinnit\\\/mustat-mini-tahtikynsitarrat\\\/\",\"name\":\"Musta Mini Star Nail stickers | Like Ink\",\"isPartOf\":{\"@id\":\"https:\\\/\\\/likeink.com\\\/fi\\\/#website\"},\"primaryImageOfPage\":{\"@id\":\"https:\\\/\\\/likeink.com\\\/fi\\\/siirtotatuoinnit\\\/mustat-mini-tahtikynsitarrat\\\/#primaryimage\"},\"image\":{\"@id\":\"https:\\\/\\\/likeink.com\\\/fi\\\/siirtotatuoinnit\\\/mustat-mini-tahtikynsitarrat\\\/#primaryimage\"},\"thumbnailUrl\":\"https:\\\/\\\/likeink.com\\\/wp-content\\\/uploads\\\/2026\\\/02\\\/nail-sticker-black-stars-likeink.png\",\"datePublished\":\"2026-02-09T12:43:55+00:00\",\"dateModified\":\"2026-02-25T09:44:09+00:00\",\"description\":\"Pieni musta t\u00e4hti Nail stickers sivustolta Like Ink t\u00e4ytettyin\u00e4 ja \u00e4\u00e4riviivoina. Minimalistinen, monipuolinen ja helppo kiinnitt\u00e4\u00e4. - Like ink\",\"breadcrumb\":{\"@id\":\"https:\\\/\\\/likeink.com\\\/fi\\\/siirtotatuoinnit\\\/mustat-mini-tahtikynsitarrat\\\/#breadcrumb\"},\"inLanguage\":\"fi\",\"potentialAction\":[{\"@type\":\"ReadAction\",\"target\":[\"https:\\\/\\\/likeink.com\\\/fi\\\/siirtotatuoinnit\\\/mustat-mini-tahtikynsitarrat\\\/\"]}]},{\"@type\":\"ImageObject\",\"inLanguage\":\"fi\",\"@id\":\"https:\\\/\\\/likeink.com\\\/fi\\\/siirtotatuoinnit\\\/mustat-mini-tahtikynsitarrat\\\/#primaryimage\",\"url\":\"https:\\\/\\\/likeink.com\\\/wp-content\\\/uploads\\\/2026\\\/02\\\/nail-sticker-black-stars-likeink.png\",\"contentUrl\":\"https:\\\/\\\/likeink.com\\\/wp-content\\\/uploads\\\/2026\\\/02\\\/nail-sticker-black-stars-likeink.png\",\"width\":1024,\"height\":1024,\"caption\":\"L\u00e4hikuva k\u00e4dest\u00e4, jossa on nudenv\u00e4rist\u00e4 kynsilakkaa ja mustia t\u00e4hdenmuotoisia kuvioita jokaisessa kynsiss\u00e4.\"},{\"@type\":\"BreadcrumbList\",\"@id\":\"https:\\\/\\\/likeink.com\\\/fi\\\/siirtotatuoinnit\\\/mustat-mini-tahtikynsitarrat\\\/#breadcrumb\",\"itemListElement\":[{\"@type\":\"ListItem\",\"position\":1,\"name\":\"Hem\",\"item\":\"https:\\\/\\\/likeink.com\\\/fi\\\/\"},{\"@type\":\"ListItem\",\"position\":2,\"name\":\"Shop\",\"item\":\"https:\\\/\\\/likeink.com\\\/fi\\\/shop\\\/\"},{\"@type\":\"ListItem\",\"position\":3,\"name\":\"Musta Mini Star -Nail stickers\"}]},{\"@type\":\"WebSite\",\"@id\":\"https:\\\/\\\/likeink.com\\\/fi\\\/#website\",\"url\":\"https:\\\/\\\/likeink.com\\\/fi\\\/\",\"name\":\"Like ink\",\"description\":\"Make your own custom design\",\"potentialAction\":[{\"@type\":\"SearchAction\",\"target\":{\"@type\":\"EntryPoint\",\"urlTemplate\":\"https:\\\/\\\/likeink.com\\\/fi\\\/?s={search_term_string}\"},\"query-input\":{\"@type\":\"PropertyValueSpecification\",\"valueRequired\":true,\"valueName\":\"search_term_string\"}}],\"inLanguage\":\"fi\"}]}<\/script>\n<!-- \/ Yoast SEO Premium plugin. -->","yoast_head_json":{"title":"Musta Mini Star Nail stickers | Like Ink","description":"Pieni musta t\u00e4hti Nail stickers sivustolta Like Ink t\u00e4ytettyin\u00e4 ja \u00e4\u00e4riviivoina. Minimalistinen, monipuolinen ja helppo kiinnitt\u00e4\u00e4. - Like ink","robots":{"index":"index","follow":"follow","max-snippet":"max-snippet:-1","max-image-preview":"max-image-preview:large","max-video-preview":"max-video-preview:-1"},"canonical":"https:\/\/likeink.com\/fi\/siirtotatuoinnit\/mustat-mini-tahtikynsitarrat\/","og_locale":"fi_FI","og_type":"article","og_title":"Musta Mini Star -Nail stickers","og_description":"Like Ink Nail tattoos \u2013 Musta Mini Star Nail stickers Tilaa Nail stickers pienill\u00e4 mustilla t\u00e4htikuvioilla! Luo siisti, graafinen manikyyri Like Ink Black Mini Star Nail stickers -tuotteella. T\u00e4ss\u00e4 arkissa on pieni\u00e4 mustia t\u00e4hti\u00e4, jotka ovat joko t\u00e4ytettyj\u00e4 tai vain \u00e4\u00e4riviivoja, mik\u00e4 tarjoaa vaihtelua s\u00e4ilytt\u00e4en minimalistisen ilmeen. Kuvioiden koot vaihtelevat noin 3\u20136 mm:n v\u00e4lill\u00e4, joten n\u00e4m\u00e4 Nail stickers sopivat t\u00e4ydellisesti hienovaraisiin korostuksiin, kerroksellisiin yksityiskohtiin tai t\u00e4yteen t\u00e4htikuviointiin. Erilaiset t\u00e4htien muodot ja viivatyylit helpottavat niiden yhdistelemist\u00e4 ja sopivat moderniin, hillittyyn lopputulokseen. Ihanteellinen jokap\u00e4iv\u00e4iseen k\u00e4ytt\u00f6\u00f6n, minimalistiseen Nail art tai edgyyn, graafiseen tyyliin. Helppo levitt\u00e4\u00e4 ja mukava k\u00e4ytt\u00e4\u00e4, n\u00e4m\u00e4 Nail stickers pysyv\u00e4t paikoillaan useita p\u00e4ivi\u00e4 ilman tahraantumista tai kuoriutumista. Ei sotkua, ei kuivumisaikaa eik\u00e4 salonkik\u00e4yntej\u00e4 \u2013 vain yksinkertaiset, tyylikk\u00e4\u00e4t Nail art muutamassa minuutissa. Kuinka kiinnitt\u00e4\u00e4 Nail stickers Puhdista ja kuivaa kynsi. Valitse tarra arkista ja nosta se varovasti pinseteill\u00e4. Aseta kuvio kynsille ja paina kevyesti. Levit\u00e4 p\u00e4\u00e4llyslakka kest\u00e4vyyden lis\u00e4\u00e4miseksi. Valmis! Tuotetiedot  Arkin koko: 7 \u00d7 10 cm V\u00e4ri: Musta Motiivit: T\u00e4hdet (t\u00e4ytetyt ja \u00e4\u00e4riviivat) Kuvion koko: noin 3\u20136 mm PS: Osta 6 arkkia ja maksa vain 5:st\u00e4 alennuskoodilla INKNAILS \u2b50\u2728","og_url":"https:\/\/likeink.com\/fi\/siirtotatuoinnit\/mustat-mini-tahtikynsitarrat\/","og_site_name":"Like ink","article_publisher":"https:\/\/www.facebook.com\/LikeInkSe","article_modified_time":"2026-02-25T09:44:09+00:00","og_image":[{"width":1024,"height":1024,"url":"https:\/\/likeink.com\/wp-content\/uploads\/2026\/02\/nail-sticker-black-stars-likeink.png","type":"image\/png"}],"twitter_card":"summary_large_image","schema":{"@context":"https:\/\/schema.org","@graph":[{"@type":"WebPage","@id":"https:\/\/likeink.com\/fi\/siirtotatuoinnit\/mustat-mini-tahtikynsitarrat\/","url":"https:\/\/likeink.com\/fi\/siirtotatuoinnit\/mustat-mini-tahtikynsitarrat\/","name":"Musta Mini Star Nail stickers | Like Ink","isPartOf":{"@id":"https:\/\/likeink.com\/fi\/#website"},"primaryImageOfPage":{"@id":"https:\/\/likeink.com\/fi\/siirtotatuoinnit\/mustat-mini-tahtikynsitarrat\/#primaryimage"},"image":{"@id":"https:\/\/likeink.com\/fi\/siirtotatuoinnit\/mustat-mini-tahtikynsitarrat\/#primaryimage"},"thumbnailUrl":"https:\/\/likeink.com\/wp-content\/uploads\/2026\/02\/nail-sticker-black-stars-likeink.png","datePublished":"2026-02-09T12:43:55+00:00","dateModified":"2026-02-25T09:44:09+00:00","description":"Pieni musta t\u00e4hti Nail stickers sivustolta Like Ink t\u00e4ytettyin\u00e4 ja \u00e4\u00e4riviivoina. Minimalistinen, monipuolinen ja helppo kiinnitt\u00e4\u00e4. - Like ink","breadcrumb":{"@id":"https:\/\/likeink.com\/fi\/siirtotatuoinnit\/mustat-mini-tahtikynsitarrat\/#breadcrumb"},"inLanguage":"fi","potentialAction":[{"@type":"ReadAction","target":["https:\/\/likeink.com\/fi\/siirtotatuoinnit\/mustat-mini-tahtikynsitarrat\/"]}]},{"@type":"ImageObject","inLanguage":"fi","@id":"https:\/\/likeink.com\/fi\/siirtotatuoinnit\/mustat-mini-tahtikynsitarrat\/#primaryimage","url":"https:\/\/likeink.com\/wp-content\/uploads\/2026\/02\/nail-sticker-black-stars-likeink.png","contentUrl":"https:\/\/likeink.com\/wp-content\/uploads\/2026\/02\/nail-sticker-black-stars-likeink.png","width":1024,"height":1024,"caption":"L\u00e4hikuva k\u00e4dest\u00e4, jossa on nudenv\u00e4rist\u00e4 kynsilakkaa ja mustia t\u00e4hdenmuotoisia kuvioita jokaisessa kynsiss\u00e4."},{"@type":"BreadcrumbList","@id":"https:\/\/likeink.com\/fi\/siirtotatuoinnit\/mustat-mini-tahtikynsitarrat\/#breadcrumb","itemListElement":[{"@type":"ListItem","position":1,"name":"Hem","item":"https:\/\/likeink.com\/fi\/"},{"@type":"ListItem","position":2,"name":"Shop","item":"https:\/\/likeink.com\/fi\/shop\/"},{"@type":"ListItem","position":3,"name":"Musta Mini Star -Nail stickers"}]},{"@type":"WebSite","@id":"https:\/\/likeink.com\/fi\/#website","url":"https:\/\/likeink.com\/fi\/","name":"Like ink","description":"Make your own custom design","potentialAction":[{"@type":"SearchAction","target":{"@type":"EntryPoint","urlTemplate":"https:\/\/likeink.com\/fi\/?s={search_term_string}"},"query-input":{"@type":"PropertyValueSpecification","valueRequired":true,"valueName":"search_term_string"}}],"inLanguage":"fi"}]}},"_links":{"self":[{"href":"https:\/\/likeink.com\/fi\/wp-json\/wp\/v2\/product\/58660","targetHints":{"allow":["GET"]}}],"collection":[{"href":"https:\/\/likeink.com\/fi\/wp-json\/wp\/v2\/product"}],"about":[{"href":"https:\/\/likeink.com\/fi\/wp-json\/wp\/v2\/types\/product"}],"wp:featuredmedia":[{"embeddable":true,"href":"https:\/\/likeink.com\/fi\/wp-json\/wp\/v2\/media\/59182"}],"wp:attachment":[{"href":"https:\/\/likeink.com\/fi\/wp-json\/wp\/v2\/media?parent=58660"}],"wp:term":[{"taxonomy":"product_brand","embeddable":true,"href":"https:\/\/likeink.com\/fi\/wp-json\/wp\/v2\/product_brand?post=58660"},{"taxonomy":"product_cat","embeddable":true,"href":"https:\/\/likeink.com\/fi\/wp-json\/wp\/v2\/product_cat?post=58660"},{"taxonomy":"product_tag","embeddable":true,"href":"https:\/\/likeink.com\/fi\/wp-json\/wp\/v2\/product_tag?post=58660"}],"curies":[{"name":"wp","href":"https:\/\/api.w.org\/{rel}","templated":true}]}}